{"id":15619,"date":"2023-01-03T19:52:29","date_gmt":"2023-01-03T19:52:29","guid":{"rendered":"https:\/\/pet24.md\/?post_type=product&#038;p=15619"},"modified":"2024-09-22T22:09:44","modified_gmt":"2024-09-22T22:09:44","slug":"dolina-noteci-rafi-polnoraczionnyj-korm-dlya-vzroslyh-2","status":"publish","type":"product","link":"https:\/\/pet24.md\/ro\/produs\/dolina-noteci-rafi-polnoraczionnyj-korm-dlya-vzroslyh-2\/","title":{"rendered":"Dolina Noteci RAFI. Hrana umeda completa pentru caini adulti de toate rasele cu miel. 0,3 kg"},"content":{"rendered":"<h3>Dolina Noteci RAFI. Conserve pentru caini adulti de toate rasele cu miel, 0,3 kg<\/h3>\n<p>Dolina Noteci RAFI ofer\u0103 hran\u0103 umed\u0103 complet\u0103 pentru c\u00e2ini adul\u021bi de rase mijlocii \u0219i mari cu carne de miel. Aceast\u0103 hran\u0103 de 300 g vine \u00eentr-o pung\u0103 convenabil\u0103 \u0219i este formulat\u0103 pentru a oferi to\u021bi nutrien\u021bii esen\u021biali pentru s\u0103n\u0103tatea \u0219i bun\u0103starea c\u00e2inelui t\u0103u. O compozi\u021bie bine g\u00e2ndit\u0103 \u0219i echilibrat\u0103 asigur\u0103 o digestibilitate u\u0219oar\u0103 \u0219i o nutri\u021bie complet\u0103.<\/p>\n<h4>BENEFICII CHEIE<\/h4>\n<ul>\n<li><strong>Con\u021binut ridicat de carne:<\/strong> Hrana con\u021bine p\u00e2n\u0103 la 65% de carne \u0219i produse de origine animal\u0103, care formeaz\u0103 baza unei diete s\u0103n\u0103toase pentru c\u00e2ini.<\/li>\n<li><strong>Aminoacizi esentiali:<\/strong> Con\u021bine lizin\u0103 \u0219i leucin\u0103, esen\u021biale pentru men\u021binerea masei musculare \u0219i a s\u0103n\u0103t\u0103\u021bii generale.<\/li>\n<li><strong>Gr\u0103simi s\u0103n\u0103toase:<\/strong> Ofer\u0103 acizi gra\u0219i omega-3 \u0219i omega-6 pentru a sus\u021bine pielea \u0219i blana s\u0103n\u0103toase \u0219i func\u021bionarea optim\u0103 a corpului.<\/li>\n<li><strong>Proteine de \u00eenalt\u0103 calitate:<\/strong> Proteinele ofer\u0103 energie esen\u021bial\u0103 \u0219i ajut\u0103 la dezvoltarea \u0219i men\u021binerea masei musculare.<\/li>\n<li><strong>Vitamine \u0219i minerale:<\/strong> Contine vitaminele D3 si E, esentiale pentru sanatatea oaselor si a sistemului imunitar, precum si calciu, fosfor, zinc, mangan, iod si cupru pentru o nutritie completa si echilibrata.<\/li>\n<\/ul>\n<h4>COMPUS<\/h4>\n<ul>\n<li><strong>Proteine:<\/strong> 9%<\/li>\n<li><strong>Uleiuri \u0219i gr\u0103simi:<\/strong> 7%<\/li>\n<li><strong>Cenu\u0219\u0103 brut\u0103:<\/strong> 2,5%<\/li>\n<li><strong>Fibr\u0103 brut\u0103:<\/strong> 0,8%<\/li>\n<li><strong>Umiditate:<\/strong> 78%<\/li>\n<li><strong>Calciu:<\/strong> 0,3%<\/li>\n<li><strong>Fosfor:<\/strong> 0,25%<\/li>\n<\/ul>","protected":false},"excerpt":{"rendered":"<p>Dolina Noteci RAFI. \u041a\u043e\u043d\u0441\u0435\u0440\u0432\u044b \u0434\u043b\u044f \u0432\u0437\u0440\u043e\u0441\u043b\u044b\u0445 \u0441\u043e\u0431\u0430\u043a \u0432\u0441\u0435\u0445 \u043f\u043e\u0440\u043e\u0434 \u0441 \u044f\u0433\u043d\u0435\u043d\u043a\u043e\u043c, 0,3 \u043a\u0433 Dolina Noteci RAFI \u043f\u0440\u0435\u0434\u043b\u0430\u0433\u0430\u0435\u0442 \u043f\u043e\u043b\u043d\u043e\u0446\u0435\u043d\u043d\u044b\u0439 \u0432\u043b\u0430\u0436\u043d\u044b\u0439 \u043a\u043e\u0440\u043c \u0434\u043b\u044f \u0432\u0437\u0440\u043e\u0441\u043b\u044b\u0445&hellip;<\/p>","protected":false},"featured_media":89217,"comment_status":"closed","ping_status":"closed","template":"","meta":[],"product_brand":[],"product_cat":[136,294,293],"product_tag":[295,296],"class_list":{"0":"post-15619","1":"product","2":"type-product","3":"status-publish","4":"has-post-thumbnail","6":"product_cat-dog","7":"product_cat-dogwet","8":"product_cat-dogfood","9":"product_tag-dolina-noteci-sobakam","10":"product_tag-vlazhnyj-korm","11":"pa_age-pet-vzroslyj","12":"pa_brand-dolina-noteci","13":"pa_breed-size-dlya-vseh-porod","14":"pa_feed-class-premium","15":"pa_meat-ingredients-yagnyonok","16":"pa_packaging-pauchi","17":"pa_pet-sobaka","18":"pa_pet-feature-zdorovyj-pitomecz","19":"pa_type-feed-vlazhnyj-korm","20":"pa_weight-300-gr","22":"first","23":"outofstock","24":"product-type-simple"},"yoast_head":"<!-- This site is optimized with the Yoast SEO Premium plugin v23.7 (Yoast SEO v27.6) - https:\/\/yoast.com\/product\/yoast-seo-premium-wordpress\/ -->\n<title>Dolina Noteci RAFI. \u041f\u043e\u043b\u043d\u043e\u0440\u0430\u0446\u0438\u043e\u043d\u043d\u044b\u0439 \u0432\u043b\u0430\u0436\u043d\u044b\u0439 \u043a\u043e\u0440\u043c \u0434\u043b\u044f \u0432\u0437\u0440\u043e\u0441\u043b\u044b\u0445 \u0441\u043e\u0431\u0430\u043a \u0432\u0441\u0435\u0445 \u043f\u043e\u0440\u043e\u0434 \u0441 \u044f\u0433\u043d\u0451\u043d\u043a\u043e\u043c. 0,3 \u043a\u0433<\/title>\n<meta name=\"description\" content=\"\u041a\u0443\u043f\u0438\u0442\u044c Dolina Noteci RAFI. \u041f\u043e\u043b\u043d\u043e\u0440\u0430\u0446\u0438\u043e\u043d\u043d\u044b\u0439 \u0432\u043b\u0430\u0436\u043d\u044b\u0439 \u043a\u043e\u0440\u043c \u0434\u043b\u044f \u0432\u0437\u0440\u043e\u0441\u043b\u044b\u0445 \u0441\u043e\u0431\u0430\u043a \u0432\u0441\u0435\u0445 \u043f\u043e\u0440\u043e\u0434 \u0441 \u044f\u0433\u043d\u0451\u043d\u043a\u043e\u043c. 0,3 \u043a\u0433 \u0441 \u0434\u043e\u0441\u0442\u0430\u0432\u043a\u043e\u0439 \u043f\u043e \u041a\u0438\u0448\u0438\u043d\u0435\u0432\u0443 \u0438 \u0432\u0441\u0435\u0439 \u041c\u043e\u043b\u0434\u043e\u0432\u0435 \u043d\u0430 Pet24\" \/>\n<meta name=\"robots\" content=\"index, follow, max-snippet:-1, max-image-preview:large, max-video-preview:-1\" \/>\n<link rel=\"canonical\" href=\"https:\/\/pet24.md\/ro\/produs\/dolina-noteci-rafi-polnoraczionnyj-korm-dlya-vzroslyh-2\/\" \/>\n<meta property=\"og:locale\" content=\"ro_RO\" \/>\n<meta property=\"og:type\" content=\"article\" \/>\n<meta property=\"og:title\" content=\"Dolina Noteci RAFI. \u041f\u043e\u043b\u043d\u043e\u0440\u0430\u0446\u0438\u043e\u043d\u043d\u044b\u0439 \u0432\u043b\u0430\u0436\u043d\u044b\u0439 \u043a\u043e\u0440\u043c \u0434\u043b\u044f \u0432\u0437\u0440\u043e\u0441\u043b\u044b\u0445 \u0441\u043e\u0431\u0430\u043a \u0432\u0441\u0435\u0445 \u043f\u043e\u0440\u043e\u0434 \u0441 \u044f\u0433\u043d\u0451\u043d\u043a\u043e\u043c. 0,3 \u043a\u0433\" \/>\n<meta property=\"og:description\" content=\"\u041a\u0443\u043f\u0438\u0442\u044c Dolina Noteci RAFI. \u041f\u043e\u043b\u043d\u043e\u0440\u0430\u0446\u0438\u043e\u043d\u043d\u044b\u0439 \u0432\u043b\u0430\u0436\u043d\u044b\u0439 \u043a\u043e\u0440\u043c \u0434\u043b\u044f \u0432\u0437\u0440\u043e\u0441\u043b\u044b\u0445 \u0441\u043e\u0431\u0430\u043a \u0432\u0441\u0435\u0445 \u043f\u043e\u0440\u043e\u0434 \u0441 \u044f\u0433\u043d\u0451\u043d\u043a\u043e\u043c. 0,3 \u043a\u0433 \u0441 \u0434\u043e\u0441\u0442\u0430\u0432\u043a\u043e\u0439 \u043f\u043e \u041a\u0438\u0448\u0438\u043d\u0435\u0432\u0443 \u0438 \u0432\u0441\u0435\u0439 \u041c\u043e\u043b\u0434\u043e\u0432\u0435 \u043d\u0430 Pet24\" \/>\n<meta property=\"og:url\" content=\"https:\/\/pet24.md\/ro\/produs\/dolina-noteci-rafi-polnoraczionnyj-korm-dlya-vzroslyh-2\/\" \/>\n<meta property=\"og:site_name\" content=\"Pet24\" \/>\n<meta property=\"article:publisher\" content=\"https:\/\/www.facebook.com\/pet24.md\" \/>\n<meta property=\"article:modified_time\" content=\"2024-09-22T22:09:44+00:00\" \/>\n<meta property=\"og:image\" content=\"https:\/\/pet24.md\/wp-content\/uploads\/2024\/09\/dolina-noteci-rafi-polnoraczionnyj-vlazhnyj-korm-dlya-vzroslyh-sobak-vseh-porod-s-yagnyonkom-03-kg.webp\" \/>\n\t<meta property=\"og:image:width\" content=\"600\" \/>\n\t<meta property=\"og:image:height\" content=\"600\" \/>\n\t<meta property=\"og:image:type\" content=\"image\/webp\" \/>\n<meta name=\"twitter:card\" content=\"summary_large_image\" \/>\n<script type=\"application\/ld+json\" class=\"yoast-schema-graph\">{\"@context\":\"https:\\\/\\\/schema.org\",\"@graph\":[{\"@type\":\"WebPage\",\"@id\":\"https:\\\/\\\/pet24.md\\\/product\\\/dolina-noteci-rafi-polnoraczionnyj-korm-dlya-vzroslyh-2\\\/\",\"url\":\"https:\\\/\\\/pet24.md\\\/product\\\/dolina-noteci-rafi-polnoraczionnyj-korm-dlya-vzroslyh-2\\\/\",\"name\":\"Dolina Noteci RAFI. \u041f\u043e\u043b\u043d\u043e\u0440\u0430\u0446\u0438\u043e\u043d\u043d\u044b\u0439 \u0432\u043b\u0430\u0436\u043d\u044b\u0439 \u043a\u043e\u0440\u043c \u0434\u043b\u044f \u0432\u0437\u0440\u043e\u0441\u043b\u044b\u0445 \u0441\u043e\u0431\u0430\u043a \u0432\u0441\u0435\u0445 \u043f\u043e\u0440\u043e\u0434 \u0441 \u044f\u0433\u043d\u0451\u043d\u043a\u043e\u043c. 0,3 \u043a\u0433\",\"isPartOf\":{\"@id\":\"https:\\\/\\\/pet24.md\\\/#website\"},\"primaryImageOfPage\":{\"@id\":\"https:\\\/\\\/pet24.md\\\/product\\\/dolina-noteci-rafi-polnoraczionnyj-korm-dlya-vzroslyh-2\\\/#primaryimage\"},\"image\":{\"@id\":\"https:\\\/\\\/pet24.md\\\/product\\\/dolina-noteci-rafi-polnoraczionnyj-korm-dlya-vzroslyh-2\\\/#primaryimage\"},\"thumbnailUrl\":\"https:\\\/\\\/pet24.md\\\/wp-content\\\/uploads\\\/2024\\\/09\\\/dolina-noteci-rafi-polnoraczionnyj-vlazhnyj-korm-dlya-vzroslyh-sobak-vseh-porod-s-yagnyonkom-03-kg.webp\",\"datePublished\":\"2023-01-03T19:52:29+00:00\",\"dateModified\":\"2024-09-22T22:09:44+00:00\",\"description\":\"\u041a\u0443\u043f\u0438\u0442\u044c Dolina Noteci RAFI. \u041f\u043e\u043b\u043d\u043e\u0440\u0430\u0446\u0438\u043e\u043d\u043d\u044b\u0439 \u0432\u043b\u0430\u0436\u043d\u044b\u0439 \u043a\u043e\u0440\u043c \u0434\u043b\u044f \u0432\u0437\u0440\u043e\u0441\u043b\u044b\u0445 \u0441\u043e\u0431\u0430\u043a \u0432\u0441\u0435\u0445 \u043f\u043e\u0440\u043e\u0434 \u0441 \u044f\u0433\u043d\u0451\u043d\u043a\u043e\u043c. 0,3 \u043a\u0433 \u0441 \u0434\u043e\u0441\u0442\u0430\u0432\u043a\u043e\u0439 \u043f\u043e \u041a\u0438\u0448\u0438\u043d\u0435\u0432\u0443 \u0438 \u0432\u0441\u0435\u0439 \u041c\u043e\u043b\u0434\u043e\u0432\u0435 \u043d\u0430 Pet24\",\"breadcrumb\":{\"@id\":\"https:\\\/\\\/pet24.md\\\/product\\\/dolina-noteci-rafi-polnoraczionnyj-korm-dlya-vzroslyh-2\\\/#breadcrumb\"},\"inLanguage\":\"ro-RO\",\"potentialAction\":[{\"@type\":\"ReadAction\",\"target\":[\"https:\\\/\\\/pet24.md\\\/product\\\/dolina-noteci-rafi-polnoraczionnyj-korm-dlya-vzroslyh-2\\\/\"]}]},{\"@type\":\"ImageObject\",\"inLanguage\":\"ro-RO\",\"@id\":\"https:\\\/\\\/pet24.md\\\/product\\\/dolina-noteci-rafi-polnoraczionnyj-korm-dlya-vzroslyh-2\\\/#primaryimage\",\"url\":\"https:\\\/\\\/pet24.md\\\/wp-content\\\/uploads\\\/2024\\\/09\\\/dolina-noteci-rafi-polnoraczionnyj-vlazhnyj-korm-dlya-vzroslyh-sobak-vseh-porod-s-yagnyonkom-03-kg.webp\",\"contentUrl\":\"https:\\\/\\\/pet24.md\\\/wp-content\\\/uploads\\\/2024\\\/09\\\/dolina-noteci-rafi-polnoraczionnyj-vlazhnyj-korm-dlya-vzroslyh-sobak-vseh-porod-s-yagnyonkom-03-kg.webp\",\"width\":600,\"height\":600,\"caption\":\"dolina noteci rafi polnoraczionnyj vlazhnyj korm dlya vzroslyh sobak vseh porod s yagnyonkom 03 kg\"},{\"@type\":\"BreadcrumbList\",\"@id\":\"https:\\\/\\\/pet24.md\\\/product\\\/dolina-noteci-rafi-polnoraczionnyj-korm-dlya-vzroslyh-2\\\/#breadcrumb\",\"itemListElement\":[{\"@type\":\"ListItem\",\"position\":1,\"name\":\"\u0413\u043b\u0430\u0432\u043d\u0430\u044f \u0441\u0442\u0440\u0430\u043d\u0438\u0446\u0430\",\"item\":\"https:\\\/\\\/pet24.md\\\/\"},{\"@type\":\"ListItem\",\"position\":2,\"name\":\"\u041c\u0430\u0433\u0430\u0437\u0438\u043d\",\"item\":\"https:\\\/\\\/pet24.md\\\/shop\\\/\"},{\"@type\":\"ListItem\",\"position\":3,\"name\":\"Dolina Noteci RAFI. \u041f\u043e\u043b\u043d\u043e\u0440\u0430\u0446\u0438\u043e\u043d\u043d\u044b\u0439 \u0432\u043b\u0430\u0436\u043d\u044b\u0439 \u043a\u043e\u0440\u043c \u0434\u043b\u044f \u0432\u0437\u0440\u043e\u0441\u043b\u044b\u0445 \u0441\u043e\u0431\u0430\u043a \u0432\u0441\u0435\u0445 \u043f\u043e\u0440\u043e\u0434 \u0441 \u044f\u0433\u043d\u0451\u043d\u043a\u043e\u043c. 0,3 \u043a\u0433\"}]},{\"@type\":\"WebSite\",\"@id\":\"https:\\\/\\\/pet24.md\\\/#website\",\"url\":\"https:\\\/\\\/pet24.md\\\/\",\"name\":\"Pet24\",\"description\":\"\u0417\u043e\u043e\u043c\u0430\u0433\u0430\u0437\u0438\u043d \u0442\u043e\u0432\u0430\u0440\u043e\u0432 \u0434\u043b\u044f \u0434\u043e\u043c\u0430\u0448\u043d\u0438\u0445 \u043f\u0438\u0442\u043e\u043c\u0446\u0435\u0432\",\"publisher\":{\"@id\":\"https:\\\/\\\/pet24.md\\\/#organization\"},\"potentialAction\":[{\"@type\":\"SearchAction\",\"target\":{\"@type\":\"EntryPoint\",\"urlTemplate\":\"https:\\\/\\\/pet24.md\\\/?s={search_term_string}\"},\"query-input\":{\"@type\":\"PropertyValueSpecification\",\"valueRequired\":true,\"valueName\":\"search_term_string\"}}],\"inLanguage\":\"ro-RO\"},{\"@type\":\"Organization\",\"@id\":\"https:\\\/\\\/pet24.md\\\/#organization\",\"name\":\"Pet24\",\"url\":\"https:\\\/\\\/pet24.md\\\/\",\"logo\":{\"@type\":\"ImageObject\",\"inLanguage\":\"ro-RO\",\"@id\":\"https:\\\/\\\/pet24.md\\\/#\\\/schema\\\/logo\\\/image\\\/\",\"url\":\"https:\\\/\\\/pet24.md\\\/wp-content\\\/uploads\\\/2024\\\/09\\\/logo.svg\",\"contentUrl\":\"https:\\\/\\\/pet24.md\\\/wp-content\\\/uploads\\\/2024\\\/09\\\/logo.svg\",\"width\":215,\"height\":66,\"caption\":\"Pet24\"},\"image\":{\"@id\":\"https:\\\/\\\/pet24.md\\\/#\\\/schema\\\/logo\\\/image\\\/\"},\"sameAs\":[\"https:\\\/\\\/www.facebook.com\\\/pet24.md\",\"https:\\\/\\\/www.instagram.com\\\/pet24.md\\\/\"],\"telephone\":\"+37360508880\"}]}<\/script>\n<!-- \/ Yoast SEO Premium plugin. -->","yoast_head_json":{"title":"Dolina Noteci RAFI. Hrana umeda completa pentru caini adulti de toate rasele cu miel. 0,3 kg","description":"\u041a\u0443\u043f\u0438\u0442\u044c Dolina Noteci RAFI. \u041f\u043e\u043b\u043d\u043e\u0440\u0430\u0446\u0438\u043e\u043d\u043d\u044b\u0439 \u0432\u043b\u0430\u0436\u043d\u044b\u0439 \u043a\u043e\u0440\u043c \u0434\u043b\u044f \u0432\u0437\u0440\u043e\u0441\u043b\u044b\u0445 \u0441\u043e\u0431\u0430\u043a \u0432\u0441\u0435\u0445 \u043f\u043e\u0440\u043e\u0434 \u0441 \u044f\u0433\u043d\u0451\u043d\u043a\u043e\u043c. 0,3 \u043a\u0433 \u0441 \u0434\u043e\u0441\u0442\u0430\u0432\u043a\u043e\u0439 \u043f\u043e \u041a\u0438\u0448\u0438\u043d\u0435\u0432\u0443 \u0438 \u0432\u0441\u0435\u0439 \u041c\u043e\u043b\u0434\u043e\u0432\u0435 \u043d\u0430 Pet24","robots":{"index":"index","follow":"follow","max-snippet":"max-snippet:-1","max-image-preview":"max-image-preview:large","max-video-preview":"max-video-preview:-1"},"canonical":"https:\/\/pet24.md\/ro\/produs\/dolina-noteci-rafi-polnoraczionnyj-korm-dlya-vzroslyh-2\/","og_locale":"ro_RO","og_type":"article","og_title":"Dolina Noteci RAFI. \u041f\u043e\u043b\u043d\u043e\u0440\u0430\u0446\u0438\u043e\u043d\u043d\u044b\u0439 \u0432\u043b\u0430\u0436\u043d\u044b\u0439 \u043a\u043e\u0440\u043c \u0434\u043b\u044f \u0432\u0437\u0440\u043e\u0441\u043b\u044b\u0445 \u0441\u043e\u0431\u0430\u043a \u0432\u0441\u0435\u0445 \u043f\u043e\u0440\u043e\u0434 \u0441 \u044f\u0433\u043d\u0451\u043d\u043a\u043e\u043c. 0,3 \u043a\u0433","og_description":"\u041a\u0443\u043f\u0438\u0442\u044c Dolina Noteci RAFI. \u041f\u043e\u043b\u043d\u043e\u0440\u0430\u0446\u0438\u043e\u043d\u043d\u044b\u0439 \u0432\u043b\u0430\u0436\u043d\u044b\u0439 \u043a\u043e\u0440\u043c \u0434\u043b\u044f \u0432\u0437\u0440\u043e\u0441\u043b\u044b\u0445 \u0441\u043e\u0431\u0430\u043a \u0432\u0441\u0435\u0445 \u043f\u043e\u0440\u043e\u0434 \u0441 \u044f\u0433\u043d\u0451\u043d\u043a\u043e\u043c. 0,3 \u043a\u0433 \u0441 \u0434\u043e\u0441\u0442\u0430\u0432\u043a\u043e\u0439 \u043f\u043e \u041a\u0438\u0448\u0438\u043d\u0435\u0432\u0443 \u0438 \u0432\u0441\u0435\u0439 \u041c\u043e\u043b\u0434\u043e\u0432\u0435 \u043d\u0430 Pet24","og_url":"https:\/\/pet24.md\/ro\/produs\/dolina-noteci-rafi-polnoraczionnyj-korm-dlya-vzroslyh-2\/","og_site_name":"Pet24","article_publisher":"https:\/\/www.facebook.com\/pet24.md","article_modified_time":"2024-09-22T22:09:44+00:00","og_image":[{"width":600,"height":600,"url":"https:\/\/pet24.md\/wp-content\/uploads\/2024\/09\/dolina-noteci-rafi-polnoraczionnyj-vlazhnyj-korm-dlya-vzroslyh-sobak-vseh-porod-s-yagnyonkom-03-kg.webp","type":"image\/webp"}],"twitter_card":"summary_large_image","schema":{"@context":"https:\/\/schema.org","@graph":[{"@type":"WebPage","@id":"https:\/\/pet24.md\/product\/dolina-noteci-rafi-polnoraczionnyj-korm-dlya-vzroslyh-2\/","url":"https:\/\/pet24.md\/product\/dolina-noteci-rafi-polnoraczionnyj-korm-dlya-vzroslyh-2\/","name":"Dolina Noteci RAFI. Hrana umeda completa pentru caini adulti de toate rasele cu miel. 0,3 kg","isPartOf":{"@id":"https:\/\/pet24.md\/#website"},"primaryImageOfPage":{"@id":"https:\/\/pet24.md\/product\/dolina-noteci-rafi-polnoraczionnyj-korm-dlya-vzroslyh-2\/#primaryimage"},"image":{"@id":"https:\/\/pet24.md\/product\/dolina-noteci-rafi-polnoraczionnyj-korm-dlya-vzroslyh-2\/#primaryimage"},"thumbnailUrl":"https:\/\/pet24.md\/wp-content\/uploads\/2024\/09\/dolina-noteci-rafi-polnoraczionnyj-vlazhnyj-korm-dlya-vzroslyh-sobak-vseh-porod-s-yagnyonkom-03-kg.webp","datePublished":"2023-01-03T19:52:29+00:00","dateModified":"2024-09-22T22:09:44+00:00","description":"\u041a\u0443\u043f\u0438\u0442\u044c Dolina Noteci RAFI. \u041f\u043e\u043b\u043d\u043e\u0440\u0430\u0446\u0438\u043e\u043d\u043d\u044b\u0439 \u0432\u043b\u0430\u0436\u043d\u044b\u0439 \u043a\u043e\u0440\u043c \u0434\u043b\u044f \u0432\u0437\u0440\u043e\u0441\u043b\u044b\u0445 \u0441\u043e\u0431\u0430\u043a \u0432\u0441\u0435\u0445 \u043f\u043e\u0440\u043e\u0434 \u0441 \u044f\u0433\u043d\u0451\u043d\u043a\u043e\u043c. 0,3 \u043a\u0433 \u0441 \u0434\u043e\u0441\u0442\u0430\u0432\u043a\u043e\u0439 \u043f\u043e \u041a\u0438\u0448\u0438\u043d\u0435\u0432\u0443 \u0438 \u0432\u0441\u0435\u0439 \u041c\u043e\u043b\u0434\u043e\u0432\u0435 \u043d\u0430 Pet24","breadcrumb":{"@id":"https:\/\/pet24.md\/product\/dolina-noteci-rafi-polnoraczionnyj-korm-dlya-vzroslyh-2\/#breadcrumb"},"inLanguage":"ro-RO","potentialAction":[{"@type":"ReadAction","target":["https:\/\/pet24.md\/product\/dolina-noteci-rafi-polnoraczionnyj-korm-dlya-vzroslyh-2\/"]}]},{"@type":"ImageObject","inLanguage":"ro-RO","@id":"https:\/\/pet24.md\/product\/dolina-noteci-rafi-polnoraczionnyj-korm-dlya-vzroslyh-2\/#primaryimage","url":"https:\/\/pet24.md\/wp-content\/uploads\/2024\/09\/dolina-noteci-rafi-polnoraczionnyj-vlazhnyj-korm-dlya-vzroslyh-sobak-vseh-porod-s-yagnyonkom-03-kg.webp","contentUrl":"https:\/\/pet24.md\/wp-content\/uploads\/2024\/09\/dolina-noteci-rafi-polnoraczionnyj-vlazhnyj-korm-dlya-vzroslyh-sobak-vseh-porod-s-yagnyonkom-03-kg.webp","width":600,"height":600,"caption":"dolina noteci rafi polnoraczionnyj vlazhnyj korm dlya vzroslyh sobak vseh porod s yagnyonkom 03 kg"},{"@type":"BreadcrumbList","@id":"https:\/\/pet24.md\/product\/dolina-noteci-rafi-polnoraczionnyj-korm-dlya-vzroslyh-2\/#breadcrumb","itemListElement":[{"@type":"ListItem","position":1,"name":"\u0413\u043b\u0430\u0432\u043d\u0430\u044f \u0441\u0442\u0440\u0430\u043d\u0438\u0446\u0430","item":"https:\/\/pet24.md\/"},{"@type":"ListItem","position":2,"name":"\u041c\u0430\u0433\u0430\u0437\u0438\u043d","item":"https:\/\/pet24.md\/shop\/"},{"@type":"ListItem","position":3,"name":"Dolina Noteci RAFI. \u041f\u043e\u043b\u043d\u043e\u0440\u0430\u0446\u0438\u043e\u043d\u043d\u044b\u0439 \u0432\u043b\u0430\u0436\u043d\u044b\u0439 \u043a\u043e\u0440\u043c \u0434\u043b\u044f \u0432\u0437\u0440\u043e\u0441\u043b\u044b\u0445 \u0441\u043e\u0431\u0430\u043a \u0432\u0441\u0435\u0445 \u043f\u043e\u0440\u043e\u0434 \u0441 \u044f\u0433\u043d\u0451\u043d\u043a\u043e\u043c. 0,3 \u043a\u0433"}]},{"@type":"WebSite","@id":"https:\/\/pet24.md\/#website","url":"https:\/\/pet24.md\/","name":"Pet24","description":"Magazin de animale de companie","publisher":{"@id":"https:\/\/pet24.md\/#organization"},"potentialAction":[{"@type":"SearchAction","target":{"@type":"EntryPoint","urlTemplate":"https:\/\/pet24.md\/?s={search_term_string}"},"query-input":{"@type":"PropertyValueSpecification","valueRequired":true,"valueName":"search_term_string"}}],"inLanguage":"ro-RO"},{"@type":"Organization","@id":"https:\/\/pet24.md\/#organization","name":"Pet24","url":"https:\/\/pet24.md\/","logo":{"@type":"ImageObject","inLanguage":"ro-RO","@id":"https:\/\/pet24.md\/#\/schema\/logo\/image\/","url":"https:\/\/pet24.md\/wp-content\/uploads\/2024\/09\/logo.svg","contentUrl":"https:\/\/pet24.md\/wp-content\/uploads\/2024\/09\/logo.svg","width":215,"height":66,"caption":"Pet24"},"image":{"@id":"https:\/\/pet24.md\/#\/schema\/logo\/image\/"},"sameAs":["https:\/\/www.facebook.com\/pet24.md","https:\/\/www.instagram.com\/pet24.md\/"],"telephone":"+37360508880"}]}},"_links":{"self":[{"href":"https:\/\/pet24.md\/ro\/wp-json\/wp\/v2\/product\/15619","targetHints":{"allow":["GET"]}}],"collection":[{"href":"https:\/\/pet24.md\/ro\/wp-json\/wp\/v2\/product"}],"about":[{"href":"https:\/\/pet24.md\/ro\/wp-json\/wp\/v2\/types\/product"}],"replies":[{"embeddable":true,"href":"https:\/\/pet24.md\/ro\/wp-json\/wp\/v2\/comments?post=15619"}],"wp:featuredmedia":[{"embeddable":true,"href":"https:\/\/pet24.md\/ro\/wp-json\/wp\/v2\/media\/89217"}],"wp:attachment":[{"href":"https:\/\/pet24.md\/ro\/wp-json\/wp\/v2\/media?parent=15619"}],"wp:term":[{"taxonomy":"product_brand","embeddable":true,"href":"https:\/\/pet24.md\/ro\/wp-json\/wp\/v2\/product_brand?post=15619"},{"taxonomy":"product_cat","embeddable":true,"href":"https:\/\/pet24.md\/ro\/wp-json\/wp\/v2\/product_cat?post=15619"},{"taxonomy":"product_tag","embeddable":true,"href":"https:\/\/pet24.md\/ro\/wp-json\/wp\/v2\/product_tag?post=15619"}],"curies":[{"name":"wp","href":"https:\/\/api.w.org\/{rel}","templated":true}]}}