{"id":15633,"date":"2023-01-04T10:21:27","date_gmt":"2023-01-04T10:21:27","guid":{"rendered":"https:\/\/pet24.md\/?post_type=product&#038;p=15633"},"modified":"2024-09-22T22:09:45","modified_gmt":"2024-09-22T22:09:45","slug":"dolina-noteci-premium-konservirovannyj-korm-dlya-vzrosl","status":"publish","type":"product","link":"https:\/\/pet24.md\/ro\/produs\/dolina-noteci-premium-konservirovannyj-korm-dlya-vzrosl\/","title":{"rendered":"Dolina Noteci premium. Conserve pentru pisici adulte cu carne de vi\u021bel. 0,185 kg"},"content":{"rendered":"<h3>DOLINA NOTECI PREMIUM. Conserve pentru pisici adulte cu carne de vitel, 0,185 kg<\/h3>\n<p>DOLINA NOTECI PREMIUM ofera hrana umeda completa pentru pisici adulte cu carne de vitel. Aceast\u0103 formul\u0103 echilibrat\u0103 \u0219i hr\u0103nitoare este conceput\u0103 pentru a oferi to\u021bi nutrien\u021bii esen\u021biali pentru s\u0103n\u0103tatea \u0219i bun\u0103starea pisicii tale.<\/p>\n<h4>COMPUS<\/h4>\n<ul>\n<li><strong>Vitel 28%:<\/strong> Pl\u0103m\u00e2ni, ficat, carne 5%, inim\u0103<\/li>\n<li><strong>Pui 27%:<\/strong> Ficat, inim\u0103, stomac, piele<\/li>\n<li><strong>Carne de porc 10%:<\/strong> Stomac<\/li>\n<li><strong>Bouillon:<\/strong> Pentru o textura umeda si atractiva<\/li>\n<li><strong>Minerale:<\/strong> Esen\u021bial pentru s\u0103n\u0103tatea general\u0103 a pisicii<\/li>\n<\/ul>\n<h4>COMPONENTE ANALITICE<\/h4>\n<ul>\n<li><strong>Proteine brute:<\/strong> 10%<\/li>\n<li><strong>Gr\u0103simi brute:<\/strong> 6%<\/li>\n<li><strong>Cenu\u0219\u0103 brut\u0103:<\/strong> 1,5%<\/li>\n<li><strong>Fibr\u0103 brut\u0103:<\/strong> 0,5%<\/li>\n<li><strong>Umiditate:<\/strong> 80%<\/li>\n<li><strong>Calciu:<\/strong> 0,3%<\/li>\n<li><strong>Fosfor:<\/strong> 0,25%<\/li>\n<\/ul>\n<h4>ADITIVI<\/h4>\n<ul>\n<li><strong>Vitamina D3:<\/strong> 240 UI<\/li>\n<li><strong>Vitamina C (acid ascorbic):<\/strong> 550 mg<\/li>\n<li><strong>Vitamina E:<\/strong> 95 mg<\/li>\n<li><strong>Zinc (chelat de zinc glicin\u0103 hidrat, oxid de zinc):<\/strong> 13 mg<\/li>\n<li><strong>Cupru (sulfat de cupru, pentahidrat):<\/strong> 2 mg<\/li>\n<li><strong>Mangan (sulfat de mangan, monohidrat):<\/strong> 0,5 mg<\/li>\n<li><strong>Iod (iodat de calciu anhidru):<\/strong> 0,4 mg<\/li>\n<li><strong>Tavrin:<\/strong> 800 mg<\/li>\n<\/ul>\n<h4>BENEFICII CHEIE<\/h4>\n<ul>\n<li><strong>Proteine de \u00eenalt\u0103 calitate:<\/strong> Carnea de vi\u021bel, pui \u0219i porc ofer\u0103 proteine esen\u021biale pentru men\u021binerea masei musculare \u0219i a energiei.<\/li>\n<li><strong>Asisten\u021b\u0103 general\u0103 pentru s\u0103n\u0103tate:<\/strong> Con\u021bine vitamine \u0219i minerale echilibrate pentru a sus\u021bine s\u0103n\u0103tatea general\u0103 \u0219i bun\u0103starea pisicii tale.<\/li>\n<li><strong>Tavrin:<\/strong> Esen\u021bial pentru s\u0103n\u0103tatea inimii \u0219i a ochilor pisicii tale.<\/li>\n<li><strong>Acizi gra\u0219i esen\u021biali:<\/strong> Ofer\u0103 blan\u0103 str\u0103lucitoare \u0219i piele s\u0103n\u0103toas\u0103.<\/li>\n<li><strong>Formula umed\u0103:<\/strong> Textura umed\u0103 \u0219i suculent\u0103 atrage pisicile, oferindu-le o nutri\u021bie gustoas\u0103.<\/li>\n<\/ul>\n<h4>F\u0102R\u0102 ADITIVI D\u0102UN\u0102TORI<\/h4>\n<ul>\n<li><strong>Fara cereale:<\/strong> Ideal pentru pisicile cu sensibilitate la cereale sau alergii.<\/li>\n<li><strong>Fara conservanti:<\/strong> M\u00e2ncarea este natural\u0103 \u0219i sigur\u0103 pentru consumul zilnic.<\/li>\n<li><strong>Fara arome artificiale:<\/strong> Hrana nu contine aditivi chimici care pot afecta sanatatea pisicii.<\/li>\n<li><strong>F\u0103r\u0103 poten\u021biatori de arom\u0103:<\/strong> Produsul nu con\u021bine substan\u021be artificiale menite s\u0103 \u00eembun\u0103t\u0103\u021beasc\u0103 gustul.<\/li>\n<\/ul>","protected":false},"excerpt":{"rendered":"<p>Hrana umeda bogata in carne de vitel contine toti nutrientii esentiali.<\/p>","protected":false},"featured_media":89220,"comment_status":"closed","ping_status":"closed","template":"","meta":[],"product_brand":[],"product_cat":[310,309,193],"product_tag":[311,296,312],"class_list":{"0":"post-15633","1":"product","2":"type-product","3":"status-publish","4":"has-post-thumbnail","6":"product_cat-catwet","7":"product_cat-catfood","8":"product_cat-cat","9":"product_tag-dolina-noteci-koshkam","10":"product_tag-vlazhnyj-korm","11":"product_tag-korm-koshkam","12":"pa_age-pet-vzroslyj","13":"pa_brand-dolina-noteci-premium","14":"pa_feed-class-premium","15":"pa_meat-ingredients-telyatina","16":"pa_packaging-konservy","17":"pa_pet-koshka","18":"pa_pet-feature-zdorovyj-pitomecz","19":"pa_type-feed-vlazhnyj-korm","20":"pa_weight-185-gr","22":"first","23":"outofstock","24":"product-type-simple"},"yoast_head":"<!-- This site is optimized with the Yoast SEO Premium plugin v23.7 (Yoast SEO v27.5) - https:\/\/yoast.com\/product\/yoast-seo-premium-wordpress\/ -->\n<title>Dolina Noteci premium. \u041a\u043e\u043d\u0441\u0435\u0440\u0432\u0438\u0440\u043e\u0432\u0430\u043d\u043d\u044b\u0439 \u043a\u043e\u0440\u043c \u0434\u043b\u044f \u0432\u0437\u0440\u043e\u0441\u043b\u044b\u0445 \u043a\u043e\u0448\u0435\u043a c \u0442\u0435\u043b\u044f\u0442\u0438\u043d\u043e\u0439. 0.185 \u043a\u0433<\/title>\n<meta name=\"description\" content=\"\u041a\u0443\u043f\u0438\u0442\u044c Dolina Noteci premium. \u041a\u043e\u043d\u0441\u0435\u0440\u0432\u0438\u0440\u043e\u0432\u0430\u043d\u043d\u044b\u0439 \u043a\u043e\u0440\u043c \u0434\u043b\u044f \u0432\u0437\u0440\u043e\u0441\u043b\u044b\u0445 \u043a\u043e\u0448\u0435\u043a c \u0442\u0435\u043b\u044f\u0442\u0438\u043d\u043e\u0439. 0.185 \u043a\u0433 \u0441 \u0434\u043e\u0441\u0442\u0430\u0432\u043a\u043e\u0439 \u043f\u043e \u041a\u0438\u0448\u0438\u043d\u0435\u0432\u0443 \u0438 \u0432\u0441\u0435\u0439 \u041c\u043e\u043b\u0434\u043e\u0432\u0435 \u043d\u0430 Pet24\" \/>\n<meta name=\"robots\" content=\"index, follow, max-snippet:-1, max-image-preview:large, max-video-preview:-1\" \/>\n<link rel=\"canonical\" href=\"https:\/\/pet24.md\/ro\/produs\/dolina-noteci-premium-konservirovannyj-korm-dlya-vzrosl\/\" \/>\n<meta property=\"og:locale\" content=\"ro_RO\" \/>\n<meta property=\"og:type\" content=\"article\" \/>\n<meta property=\"og:title\" content=\"Dolina Noteci premium. \u041a\u043e\u043d\u0441\u0435\u0440\u0432\u0438\u0440\u043e\u0432\u0430\u043d\u043d\u044b\u0439 \u043a\u043e\u0440\u043c \u0434\u043b\u044f \u0432\u0437\u0440\u043e\u0441\u043b\u044b\u0445 \u043a\u043e\u0448\u0435\u043a c \u0442\u0435\u043b\u044f\u0442\u0438\u043d\u043e\u0439. 0.185 \u043a\u0433\" \/>\n<meta property=\"og:description\" content=\"\u041a\u0443\u043f\u0438\u0442\u044c Dolina Noteci premium. \u041a\u043e\u043d\u0441\u0435\u0440\u0432\u0438\u0440\u043e\u0432\u0430\u043d\u043d\u044b\u0439 \u043a\u043e\u0440\u043c \u0434\u043b\u044f \u0432\u0437\u0440\u043e\u0441\u043b\u044b\u0445 \u043a\u043e\u0448\u0435\u043a c \u0442\u0435\u043b\u044f\u0442\u0438\u043d\u043e\u0439. 0.185 \u043a\u0433 \u0441 \u0434\u043e\u0441\u0442\u0430\u0432\u043a\u043e\u0439 \u043f\u043e \u041a\u0438\u0448\u0438\u043d\u0435\u0432\u0443 \u0438 \u0432\u0441\u0435\u0439 \u041c\u043e\u043b\u0434\u043e\u0432\u0435 \u043d\u0430 Pet24\" \/>\n<meta property=\"og:url\" content=\"https:\/\/pet24.md\/ro\/produs\/dolina-noteci-premium-konservirovannyj-korm-dlya-vzrosl\/\" \/>\n<meta property=\"og:site_name\" content=\"Pet24\" \/>\n<meta property=\"article:publisher\" content=\"https:\/\/www.facebook.com\/pet24.md\" \/>\n<meta property=\"article:modified_time\" content=\"2024-09-22T22:09:45+00:00\" \/>\n<meta property=\"og:image\" content=\"https:\/\/pet24.md\/wp-content\/uploads\/2024\/09\/dolina-noteci-premium-konservirovannyj-korm-dlya-vzroslyh-koshek-c-telyatinoj-0185-kg.webp\" \/>\n\t<meta property=\"og:image:width\" content=\"600\" \/>\n\t<meta property=\"og:image:height\" content=\"600\" \/>\n\t<meta property=\"og:image:type\" content=\"image\/webp\" \/>\n<meta name=\"twitter:card\" content=\"summary_large_image\" \/>\n<script type=\"application\/ld+json\" class=\"yoast-schema-graph\">{\"@context\":\"https:\\\/\\\/schema.org\",\"@graph\":[{\"@type\":\"WebPage\",\"@id\":\"https:\\\/\\\/pet24.md\\\/product\\\/dolina-noteci-premium-konservirovannyj-korm-dlya-vzrosl\\\/\",\"url\":\"https:\\\/\\\/pet24.md\\\/product\\\/dolina-noteci-premium-konservirovannyj-korm-dlya-vzrosl\\\/\",\"name\":\"Dolina Noteci premium. \u041a\u043e\u043d\u0441\u0435\u0440\u0432\u0438\u0440\u043e\u0432\u0430\u043d\u043d\u044b\u0439 \u043a\u043e\u0440\u043c \u0434\u043b\u044f \u0432\u0437\u0440\u043e\u0441\u043b\u044b\u0445 \u043a\u043e\u0448\u0435\u043a c \u0442\u0435\u043b\u044f\u0442\u0438\u043d\u043e\u0439. 0.185 \u043a\u0433\",\"isPartOf\":{\"@id\":\"https:\\\/\\\/pet24.md\\\/#website\"},\"primaryImageOfPage\":{\"@id\":\"https:\\\/\\\/pet24.md\\\/product\\\/dolina-noteci-premium-konservirovannyj-korm-dlya-vzrosl\\\/#primaryimage\"},\"image\":{\"@id\":\"https:\\\/\\\/pet24.md\\\/product\\\/dolina-noteci-premium-konservirovannyj-korm-dlya-vzrosl\\\/#primaryimage\"},\"thumbnailUrl\":\"https:\\\/\\\/pet24.md\\\/wp-content\\\/uploads\\\/2024\\\/09\\\/dolina-noteci-premium-konservirovannyj-korm-dlya-vzroslyh-koshek-c-telyatinoj-0185-kg.webp\",\"datePublished\":\"2023-01-04T10:21:27+00:00\",\"dateModified\":\"2024-09-22T22:09:45+00:00\",\"description\":\"\u041a\u0443\u043f\u0438\u0442\u044c Dolina Noteci premium. \u041a\u043e\u043d\u0441\u0435\u0440\u0432\u0438\u0440\u043e\u0432\u0430\u043d\u043d\u044b\u0439 \u043a\u043e\u0440\u043c \u0434\u043b\u044f \u0432\u0437\u0440\u043e\u0441\u043b\u044b\u0445 \u043a\u043e\u0448\u0435\u043a c \u0442\u0435\u043b\u044f\u0442\u0438\u043d\u043e\u0439. 0.185 \u043a\u0433 \u0441 \u0434\u043e\u0441\u0442\u0430\u0432\u043a\u043e\u0439 \u043f\u043e \u041a\u0438\u0448\u0438\u043d\u0435\u0432\u0443 \u0438 \u0432\u0441\u0435\u0439 \u041c\u043e\u043b\u0434\u043e\u0432\u0435 \u043d\u0430 Pet24\",\"breadcrumb\":{\"@id\":\"https:\\\/\\\/pet24.md\\\/product\\\/dolina-noteci-premium-konservirovannyj-korm-dlya-vzrosl\\\/#breadcrumb\"},\"inLanguage\":\"ro-RO\",\"potentialAction\":[{\"@type\":\"ReadAction\",\"target\":[\"https:\\\/\\\/pet24.md\\\/product\\\/dolina-noteci-premium-konservirovannyj-korm-dlya-vzrosl\\\/\"]}]},{\"@type\":\"ImageObject\",\"inLanguage\":\"ro-RO\",\"@id\":\"https:\\\/\\\/pet24.md\\\/product\\\/dolina-noteci-premium-konservirovannyj-korm-dlya-vzrosl\\\/#primaryimage\",\"url\":\"https:\\\/\\\/pet24.md\\\/wp-content\\\/uploads\\\/2024\\\/09\\\/dolina-noteci-premium-konservirovannyj-korm-dlya-vzroslyh-koshek-c-telyatinoj-0185-kg.webp\",\"contentUrl\":\"https:\\\/\\\/pet24.md\\\/wp-content\\\/uploads\\\/2024\\\/09\\\/dolina-noteci-premium-konservirovannyj-korm-dlya-vzroslyh-koshek-c-telyatinoj-0185-kg.webp\",\"width\":600,\"height\":600,\"caption\":\"dolina noteci premium konservirovannyj korm dlya vzroslyh koshek c telyatinoj 0185 kg\"},{\"@type\":\"BreadcrumbList\",\"@id\":\"https:\\\/\\\/pet24.md\\\/product\\\/dolina-noteci-premium-konservirovannyj-korm-dlya-vzrosl\\\/#breadcrumb\",\"itemListElement\":[{\"@type\":\"ListItem\",\"position\":1,\"name\":\"\u0413\u043b\u0430\u0432\u043d\u0430\u044f \u0441\u0442\u0440\u0430\u043d\u0438\u0446\u0430\",\"item\":\"https:\\\/\\\/pet24.md\\\/\"},{\"@type\":\"ListItem\",\"position\":2,\"name\":\"\u041c\u0430\u0433\u0430\u0437\u0438\u043d\",\"item\":\"https:\\\/\\\/pet24.md\\\/shop\\\/\"},{\"@type\":\"ListItem\",\"position\":3,\"name\":\"Dolina Noteci premium. \u041a\u043e\u043d\u0441\u0435\u0440\u0432\u0438\u0440\u043e\u0432\u0430\u043d\u043d\u044b\u0439 \u043a\u043e\u0440\u043c \u0434\u043b\u044f \u0432\u0437\u0440\u043e\u0441\u043b\u044b\u0445 \u043a\u043e\u0448\u0435\u043a c \u0442\u0435\u043b\u044f\u0442\u0438\u043d\u043e\u0439. 0.185 \u043a\u0433\"}]},{\"@type\":\"WebSite\",\"@id\":\"https:\\\/\\\/pet24.md\\\/#website\",\"url\":\"https:\\\/\\\/pet24.md\\\/\",\"name\":\"Pet24\",\"description\":\"\u0417\u043e\u043e\u043c\u0430\u0433\u0430\u0437\u0438\u043d \u0442\u043e\u0432\u0430\u0440\u043e\u0432 \u0434\u043b\u044f \u0434\u043e\u043c\u0430\u0448\u043d\u0438\u0445 \u043f\u0438\u0442\u043e\u043c\u0446\u0435\u0432\",\"publisher\":{\"@id\":\"https:\\\/\\\/pet24.md\\\/#organization\"},\"potentialAction\":[{\"@type\":\"SearchAction\",\"target\":{\"@type\":\"EntryPoint\",\"urlTemplate\":\"https:\\\/\\\/pet24.md\\\/?s={search_term_string}\"},\"query-input\":{\"@type\":\"PropertyValueSpecification\",\"valueRequired\":true,\"valueName\":\"search_term_string\"}}],\"inLanguage\":\"ro-RO\"},{\"@type\":\"Organization\",\"@id\":\"https:\\\/\\\/pet24.md\\\/#organization\",\"name\":\"Pet24\",\"url\":\"https:\\\/\\\/pet24.md\\\/\",\"logo\":{\"@type\":\"ImageObject\",\"inLanguage\":\"ro-RO\",\"@id\":\"https:\\\/\\\/pet24.md\\\/#\\\/schema\\\/logo\\\/image\\\/\",\"url\":\"https:\\\/\\\/pet24.md\\\/wp-content\\\/uploads\\\/2024\\\/09\\\/logo.svg\",\"contentUrl\":\"https:\\\/\\\/pet24.md\\\/wp-content\\\/uploads\\\/2024\\\/09\\\/logo.svg\",\"width\":215,\"height\":66,\"caption\":\"Pet24\"},\"image\":{\"@id\":\"https:\\\/\\\/pet24.md\\\/#\\\/schema\\\/logo\\\/image\\\/\"},\"sameAs\":[\"https:\\\/\\\/www.facebook.com\\\/pet24.md\",\"https:\\\/\\\/www.instagram.com\\\/pet24.md\\\/\"],\"telephone\":\"+37360508880\"}]}<\/script>\n<!-- \/ Yoast SEO Premium plugin. -->","yoast_head_json":{"title":"Dolina Noteci premium. Conserve pentru pisici adulte cu carne de vi\u021bel. 0,185 kg","description":"\u041a\u0443\u043f\u0438\u0442\u044c Dolina Noteci premium. \u041a\u043e\u043d\u0441\u0435\u0440\u0432\u0438\u0440\u043e\u0432\u0430\u043d\u043d\u044b\u0439 \u043a\u043e\u0440\u043c \u0434\u043b\u044f \u0432\u0437\u0440\u043e\u0441\u043b\u044b\u0445 \u043a\u043e\u0448\u0435\u043a c \u0442\u0435\u043b\u044f\u0442\u0438\u043d\u043e\u0439. 0.185 \u043a\u0433 \u0441 \u0434\u043e\u0441\u0442\u0430\u0432\u043a\u043e\u0439 \u043f\u043e \u041a\u0438\u0448\u0438\u043d\u0435\u0432\u0443 \u0438 \u0432\u0441\u0435\u0439 \u041c\u043e\u043b\u0434\u043e\u0432\u0435 \u043d\u0430 Pet24","robots":{"index":"index","follow":"follow","max-snippet":"max-snippet:-1","max-image-preview":"max-image-preview:large","max-video-preview":"max-video-preview:-1"},"canonical":"https:\/\/pet24.md\/ro\/produs\/dolina-noteci-premium-konservirovannyj-korm-dlya-vzrosl\/","og_locale":"ro_RO","og_type":"article","og_title":"Dolina Noteci premium. \u041a\u043e\u043d\u0441\u0435\u0440\u0432\u0438\u0440\u043e\u0432\u0430\u043d\u043d\u044b\u0439 \u043a\u043e\u0440\u043c \u0434\u043b\u044f \u0432\u0437\u0440\u043e\u0441\u043b\u044b\u0445 \u043a\u043e\u0448\u0435\u043a c \u0442\u0435\u043b\u044f\u0442\u0438\u043d\u043e\u0439. 0.185 \u043a\u0433","og_description":"\u041a\u0443\u043f\u0438\u0442\u044c Dolina Noteci premium. \u041a\u043e\u043d\u0441\u0435\u0440\u0432\u0438\u0440\u043e\u0432\u0430\u043d\u043d\u044b\u0439 \u043a\u043e\u0440\u043c \u0434\u043b\u044f \u0432\u0437\u0440\u043e\u0441\u043b\u044b\u0445 \u043a\u043e\u0448\u0435\u043a c \u0442\u0435\u043b\u044f\u0442\u0438\u043d\u043e\u0439. 0.185 \u043a\u0433 \u0441 \u0434\u043e\u0441\u0442\u0430\u0432\u043a\u043e\u0439 \u043f\u043e \u041a\u0438\u0448\u0438\u043d\u0435\u0432\u0443 \u0438 \u0432\u0441\u0435\u0439 \u041c\u043e\u043b\u0434\u043e\u0432\u0435 \u043d\u0430 Pet24","og_url":"https:\/\/pet24.md\/ro\/produs\/dolina-noteci-premium-konservirovannyj-korm-dlya-vzrosl\/","og_site_name":"Pet24","article_publisher":"https:\/\/www.facebook.com\/pet24.md","article_modified_time":"2024-09-22T22:09:45+00:00","og_image":[{"width":600,"height":600,"url":"https:\/\/pet24.md\/wp-content\/uploads\/2024\/09\/dolina-noteci-premium-konservirovannyj-korm-dlya-vzroslyh-koshek-c-telyatinoj-0185-kg.webp","type":"image\/webp"}],"twitter_card":"summary_large_image","schema":{"@context":"https:\/\/schema.org","@graph":[{"@type":"WebPage","@id":"https:\/\/pet24.md\/product\/dolina-noteci-premium-konservirovannyj-korm-dlya-vzrosl\/","url":"https:\/\/pet24.md\/product\/dolina-noteci-premium-konservirovannyj-korm-dlya-vzrosl\/","name":"Dolina Noteci premium. Conserve pentru pisici adulte cu carne de vi\u021bel. 0,185 kg","isPartOf":{"@id":"https:\/\/pet24.md\/#website"},"primaryImageOfPage":{"@id":"https:\/\/pet24.md\/product\/dolina-noteci-premium-konservirovannyj-korm-dlya-vzrosl\/#primaryimage"},"image":{"@id":"https:\/\/pet24.md\/product\/dolina-noteci-premium-konservirovannyj-korm-dlya-vzrosl\/#primaryimage"},"thumbnailUrl":"https:\/\/pet24.md\/wp-content\/uploads\/2024\/09\/dolina-noteci-premium-konservirovannyj-korm-dlya-vzroslyh-koshek-c-telyatinoj-0185-kg.webp","datePublished":"2023-01-04T10:21:27+00:00","dateModified":"2024-09-22T22:09:45+00:00","description":"\u041a\u0443\u043f\u0438\u0442\u044c Dolina Noteci premium. \u041a\u043e\u043d\u0441\u0435\u0440\u0432\u0438\u0440\u043e\u0432\u0430\u043d\u043d\u044b\u0439 \u043a\u043e\u0440\u043c \u0434\u043b\u044f \u0432\u0437\u0440\u043e\u0441\u043b\u044b\u0445 \u043a\u043e\u0448\u0435\u043a c \u0442\u0435\u043b\u044f\u0442\u0438\u043d\u043e\u0439. 0.185 \u043a\u0433 \u0441 \u0434\u043e\u0441\u0442\u0430\u0432\u043a\u043e\u0439 \u043f\u043e \u041a\u0438\u0448\u0438\u043d\u0435\u0432\u0443 \u0438 \u0432\u0441\u0435\u0439 \u041c\u043e\u043b\u0434\u043e\u0432\u0435 \u043d\u0430 Pet24","breadcrumb":{"@id":"https:\/\/pet24.md\/product\/dolina-noteci-premium-konservirovannyj-korm-dlya-vzrosl\/#breadcrumb"},"inLanguage":"ro-RO","potentialAction":[{"@type":"ReadAction","target":["https:\/\/pet24.md\/product\/dolina-noteci-premium-konservirovannyj-korm-dlya-vzrosl\/"]}]},{"@type":"ImageObject","inLanguage":"ro-RO","@id":"https:\/\/pet24.md\/product\/dolina-noteci-premium-konservirovannyj-korm-dlya-vzrosl\/#primaryimage","url":"https:\/\/pet24.md\/wp-content\/uploads\/2024\/09\/dolina-noteci-premium-konservirovannyj-korm-dlya-vzroslyh-koshek-c-telyatinoj-0185-kg.webp","contentUrl":"https:\/\/pet24.md\/wp-content\/uploads\/2024\/09\/dolina-noteci-premium-konservirovannyj-korm-dlya-vzroslyh-koshek-c-telyatinoj-0185-kg.webp","width":600,"height":600,"caption":"dolina noteci premium konservirovannyj korm dlya vzroslyh koshek c telyatinoj 0185 kg"},{"@type":"BreadcrumbList","@id":"https:\/\/pet24.md\/product\/dolina-noteci-premium-konservirovannyj-korm-dlya-vzrosl\/#breadcrumb","itemListElement":[{"@type":"ListItem","position":1,"name":"\u0413\u043b\u0430\u0432\u043d\u0430\u044f \u0441\u0442\u0440\u0430\u043d\u0438\u0446\u0430","item":"https:\/\/pet24.md\/"},{"@type":"ListItem","position":2,"name":"\u041c\u0430\u0433\u0430\u0437\u0438\u043d","item":"https:\/\/pet24.md\/shop\/"},{"@type":"ListItem","position":3,"name":"Dolina Noteci premium. \u041a\u043e\u043d\u0441\u0435\u0440\u0432\u0438\u0440\u043e\u0432\u0430\u043d\u043d\u044b\u0439 \u043a\u043e\u0440\u043c \u0434\u043b\u044f \u0432\u0437\u0440\u043e\u0441\u043b\u044b\u0445 \u043a\u043e\u0448\u0435\u043a c \u0442\u0435\u043b\u044f\u0442\u0438\u043d\u043e\u0439. 0.185 \u043a\u0433"}]},{"@type":"WebSite","@id":"https:\/\/pet24.md\/#website","url":"https:\/\/pet24.md\/","name":"Pet24","description":"Magazin de animale de companie","publisher":{"@id":"https:\/\/pet24.md\/#organization"},"potentialAction":[{"@type":"SearchAction","target":{"@type":"EntryPoint","urlTemplate":"https:\/\/pet24.md\/?s={search_term_string}"},"query-input":{"@type":"PropertyValueSpecification","valueRequired":true,"valueName":"search_term_string"}}],"inLanguage":"ro-RO"},{"@type":"Organization","@id":"https:\/\/pet24.md\/#organization","name":"Pet24","url":"https:\/\/pet24.md\/","logo":{"@type":"ImageObject","inLanguage":"ro-RO","@id":"https:\/\/pet24.md\/#\/schema\/logo\/image\/","url":"https:\/\/pet24.md\/wp-content\/uploads\/2024\/09\/logo.svg","contentUrl":"https:\/\/pet24.md\/wp-content\/uploads\/2024\/09\/logo.svg","width":215,"height":66,"caption":"Pet24"},"image":{"@id":"https:\/\/pet24.md\/#\/schema\/logo\/image\/"},"sameAs":["https:\/\/www.facebook.com\/pet24.md","https:\/\/www.instagram.com\/pet24.md\/"],"telephone":"+37360508880"}]}},"_links":{"self":[{"href":"https:\/\/pet24.md\/ro\/wp-json\/wp\/v2\/product\/15633","targetHints":{"allow":["GET"]}}],"collection":[{"href":"https:\/\/pet24.md\/ro\/wp-json\/wp\/v2\/product"}],"about":[{"href":"https:\/\/pet24.md\/ro\/wp-json\/wp\/v2\/types\/product"}],"replies":[{"embeddable":true,"href":"https:\/\/pet24.md\/ro\/wp-json\/wp\/v2\/comments?post=15633"}],"wp:featuredmedia":[{"embeddable":true,"href":"https:\/\/pet24.md\/ro\/wp-json\/wp\/v2\/media\/89220"}],"wp:attachment":[{"href":"https:\/\/pet24.md\/ro\/wp-json\/wp\/v2\/media?parent=15633"}],"wp:term":[{"taxonomy":"product_brand","embeddable":true,"href":"https:\/\/pet24.md\/ro\/wp-json\/wp\/v2\/product_brand?post=15633"},{"taxonomy":"product_cat","embeddable":true,"href":"https:\/\/pet24.md\/ro\/wp-json\/wp\/v2\/product_cat?post=15633"},{"taxonomy":"product_tag","embeddable":true,"href":"https:\/\/pet24.md\/ro\/wp-json\/wp\/v2\/product_tag?post=15633"}],"curies":[{"name":"wp","href":"https:\/\/api.w.org\/{rel}","templated":true}]}}