{"id":15674,"date":"2023-01-04T13:53:18","date_gmt":"2023-01-04T13:53:18","guid":{"rendered":"https:\/\/pet24.md\/?post_type=product&#038;p=15674"},"modified":"2024-09-22T22:09:48","modified_gmt":"2024-09-22T22:09:48","slug":"dolina-noteci-premium-konservirovannyj-korm-dlya-vzros-8","status":"publish","type":"product","link":"https:\/\/pet24.md\/ro\/produs\/dolina-noteci-premium-konservirovannyj-korm-dlya-vzros-8\/","title":{"rendered":"Dolina Noteci premium. Mancare umeda conservata pentru pisici adulte cu miel. 0,400 kg"},"content":{"rendered":"<h3>DOLINA NOTECI PREMIUM. Conserve pentru pisici adulte cu miel, 0,400 kg<\/h3>\n<p>DOLINA NOTECI PREMIUM ofer\u0103 hran\u0103 umed\u0103 complet\u0103 \u0219i de \u00eenalt\u0103 calitate pentru pisici adulte cu carne de miel. Cunoscut pentru textura fraged\u0103 \u0219i suculent\u0103 chiar \u0219i dup\u0103 g\u0103tit, mielul este ideal pentru pisicile cu alergii alimentare. Aceast\u0103 hran\u0103 ofer\u0103 o nutri\u021bie echilibrat\u0103 \u0219i complet\u0103 pentru s\u0103n\u0103tatea \u0219i bun\u0103starea pisicii tale.<\/p>\n<h4>BENEFICII CHEIE<\/h4>\n<ul>\n<li><strong>Ideal pentru pisicile cu alergii:<\/strong> Mielul este o surs\u0103 de proteine de \u00eenalt\u0103 calitate potrivit\u0103 pentru pisicile cu sensibilit\u0103\u021bi alimentare.<\/li>\n<li><strong>\u00cembun\u0103t\u0103\u021be\u0219te activitatea fizic\u0103:<\/strong> Carnea de miel este o surs\u0103 natural\u0103 de L-carnitin\u0103, care ajut\u0103 la \u00eembun\u0103t\u0103\u021birea performan\u021bei fizice la pisicile active.<\/li>\n<li><strong>Vitaminele B esen\u021biale:<\/strong> Con\u021bine vitaminele B necesare pentru func\u021bionarea normal\u0103 a sistemului nervos, imunitar \u0219i cardiovascular, precum \u0219i fier \u0219i zinc pentru s\u0103n\u0103tatea general\u0103.<\/li>\n<li><strong>Formula umed\u0103 excep\u021bional\u0103:<\/strong> Textura umed\u0103 a hranei este foarte atractiv\u0103 pentru pisici, oferindu-le o nutri\u021bie gustoas\u0103 \u0219i satisf\u0103c\u0103toare.<\/li>\n<\/ul>\n<h4>INGREDIENTE DE CALITATE<\/h4>\n<ul>\n<li><strong>Cantit\u0103\u021bi mari de carne \u0219i produse de origine animal\u0103:<\/strong> Ofer\u0103 proteine de \u00eenalt\u0103 calitate \u0219i nutrien\u021bi esen\u021biali pentru o nutri\u021bie complet\u0103.<\/li>\n<li><strong>Vitamine \u0219i minerale echilibrate:<\/strong> Formula con\u021bine toate vitaminele \u0219i mineralele necesare pentru s\u0103n\u0103tatea pisicilor.<\/li>\n<li><strong>Tavrin:<\/strong> Esen\u021bial pentru func\u021bionarea normal\u0103 a organismului, sus\u021bine s\u0103n\u0103tatea ochilor, a inimii \u0219i a sistemului nervos.<\/li>\n<\/ul>\n<h4>F\u0102R\u0102 ADITIVI D\u0102UN\u0102TORI<\/h4>\n<ul>\n<li><strong>Fara cereale:<\/strong> Ideal pentru pisicile cu sensibilitate la cereale sau alergii.<\/li>\n<li><strong>Fara conservanti:<\/strong> M\u00e2ncarea este natural\u0103 \u0219i sigur\u0103 pentru consumul zilnic.<\/li>\n<li><strong>Fara arome artificiale:<\/strong> Hrana nu contine aditivi chimici care pot afecta sanatatea pisicii.<\/li>\n<li><strong>F\u0103r\u0103 poten\u021biatori de arom\u0103:<\/strong> Produsul nu con\u021bine substan\u021be artificiale menite s\u0103 \u00eembun\u0103t\u0103\u021beasc\u0103 gustul.<\/li>\n<\/ul>","protected":false},"excerpt":{"rendered":"<p>Ideal pentru pisicile cu alergii alimentare<\/p>","protected":false},"featured_media":89229,"comment_status":"closed","ping_status":"closed","template":"","meta":[],"product_brand":[],"product_cat":[310,309,193],"product_tag":[311,296,312],"class_list":{"0":"post-15674","1":"product","2":"type-product","3":"status-publish","4":"has-post-thumbnail","6":"product_cat-catwet","7":"product_cat-catfood","8":"product_cat-cat","9":"product_tag-dolina-noteci-koshkam","10":"product_tag-vlazhnyj-korm","11":"product_tag-korm-koshkam","12":"pa_age-pet-vzroslyj","13":"pa_brand-dolina-noteci-premium","14":"pa_feed-class-premium","15":"pa_meat-ingredients-yagnyonok","16":"pa_packaging-konservy","17":"pa_pet-koshka","18":"pa_pet-feature-zdorovyj-pitomecz","19":"pa_type-feed-vlazhnyj-korm","20":"pa_weight-400-gr","22":"first","23":"outofstock","24":"product-type-simple"},"yoast_head":"<!-- This site is optimized with the Yoast SEO Premium plugin v23.7 (Yoast SEO v27.5) - https:\/\/yoast.com\/product\/yoast-seo-premium-wordpress\/ -->\n<title>Dolina Noteci premium. \u0412\u043b\u0430\u0436\u043d\u044b\u0439 \u043a\u043e\u043d\u0441\u0435\u0440\u0432\u0438\u0440\u043e\u0432\u0430\u043d\u043d\u044b\u0439 \u043a\u043e\u0440\u043c \u0434\u043b\u044f \u0432\u0437\u0440\u043e\u0441\u043b\u044b\u0445 \u043a\u043e\u0448\u0435\u043a \u0441 \u044f\u0433\u043d\u0451\u043d\u043a\u043e\u043c. 0.400 \u043a\u0433<\/title>\n<meta name=\"description\" content=\"\u041a\u0443\u043f\u0438\u0442\u044c Dolina Noteci premium. \u0412\u043b\u0430\u0436\u043d\u044b\u0439 \u043a\u043e\u043d\u0441\u0435\u0440\u0432\u0438\u0440\u043e\u0432\u0430\u043d\u043d\u044b\u0439 \u043a\u043e\u0440\u043c \u0434\u043b\u044f \u0432\u0437\u0440\u043e\u0441\u043b\u044b\u0445 \u043a\u043e\u0448\u0435\u043a \u0441 \u044f\u0433\u043d\u0451\u043d\u043a\u043e\u043c. 0.400 \u043a\u0433 \u0441 \u0434\u043e\u0441\u0442\u0430\u0432\u043a\u043e\u0439 \u043f\u043e \u041a\u0438\u0448\u0438\u043d\u0435\u0432\u0443 \u0438 \u0432\u0441\u0435\u0439 \u041c\u043e\u043b\u0434\u043e\u0432\u0435 \u043d\u0430 Pet24\" \/>\n<meta name=\"robots\" content=\"index, follow, max-snippet:-1, max-image-preview:large, max-video-preview:-1\" \/>\n<link rel=\"canonical\" href=\"https:\/\/pet24.md\/ro\/produs\/dolina-noteci-premium-konservirovannyj-korm-dlya-vzros-8\/\" \/>\n<meta property=\"og:locale\" content=\"ro_RO\" \/>\n<meta property=\"og:type\" content=\"article\" \/>\n<meta property=\"og:title\" content=\"Dolina Noteci premium. \u0412\u043b\u0430\u0436\u043d\u044b\u0439 \u043a\u043e\u043d\u0441\u0435\u0440\u0432\u0438\u0440\u043e\u0432\u0430\u043d\u043d\u044b\u0439 \u043a\u043e\u0440\u043c \u0434\u043b\u044f \u0432\u0437\u0440\u043e\u0441\u043b\u044b\u0445 \u043a\u043e\u0448\u0435\u043a \u0441 \u044f\u0433\u043d\u0451\u043d\u043a\u043e\u043c. 0.400 \u043a\u0433\" \/>\n<meta property=\"og:description\" content=\"\u041a\u0443\u043f\u0438\u0442\u044c Dolina Noteci premium. \u0412\u043b\u0430\u0436\u043d\u044b\u0439 \u043a\u043e\u043d\u0441\u0435\u0440\u0432\u0438\u0440\u043e\u0432\u0430\u043d\u043d\u044b\u0439 \u043a\u043e\u0440\u043c \u0434\u043b\u044f \u0432\u0437\u0440\u043e\u0441\u043b\u044b\u0445 \u043a\u043e\u0448\u0435\u043a \u0441 \u044f\u0433\u043d\u0451\u043d\u043a\u043e\u043c. 0.400 \u043a\u0433 \u0441 \u0434\u043e\u0441\u0442\u0430\u0432\u043a\u043e\u0439 \u043f\u043e \u041a\u0438\u0448\u0438\u043d\u0435\u0432\u0443 \u0438 \u0432\u0441\u0435\u0439 \u041c\u043e\u043b\u0434\u043e\u0432\u0435 \u043d\u0430 Pet24\" \/>\n<meta property=\"og:url\" content=\"https:\/\/pet24.md\/ro\/produs\/dolina-noteci-premium-konservirovannyj-korm-dlya-vzros-8\/\" \/>\n<meta property=\"og:site_name\" content=\"Pet24\" \/>\n<meta property=\"article:publisher\" content=\"https:\/\/www.facebook.com\/pet24.md\" \/>\n<meta property=\"article:modified_time\" content=\"2024-09-22T22:09:48+00:00\" \/>\n<meta property=\"og:image\" content=\"https:\/\/pet24.md\/wp-content\/uploads\/2024\/09\/dolina-noteci-premium-vlazhnyj-konservirovannyj-korm-dlya-vzroslyh-koshek-s-yagnyonkom-0400-kg.webp\" \/>\n\t<meta property=\"og:image:width\" content=\"500\" \/>\n\t<meta property=\"og:image:height\" content=\"500\" \/>\n\t<meta property=\"og:image:type\" content=\"image\/webp\" \/>\n<meta name=\"twitter:card\" content=\"summary_large_image\" \/>\n<script type=\"application\/ld+json\" class=\"yoast-schema-graph\">{\"@context\":\"https:\\\/\\\/schema.org\",\"@graph\":[{\"@type\":\"WebPage\",\"@id\":\"https:\\\/\\\/pet24.md\\\/product\\\/dolina-noteci-premium-konservirovannyj-korm-dlya-vzros-8\\\/\",\"url\":\"https:\\\/\\\/pet24.md\\\/product\\\/dolina-noteci-premium-konservirovannyj-korm-dlya-vzros-8\\\/\",\"name\":\"Dolina Noteci premium. \u0412\u043b\u0430\u0436\u043d\u044b\u0439 \u043a\u043e\u043d\u0441\u0435\u0440\u0432\u0438\u0440\u043e\u0432\u0430\u043d\u043d\u044b\u0439 \u043a\u043e\u0440\u043c \u0434\u043b\u044f \u0432\u0437\u0440\u043e\u0441\u043b\u044b\u0445 \u043a\u043e\u0448\u0435\u043a \u0441 \u044f\u0433\u043d\u0451\u043d\u043a\u043e\u043c. 0.400 \u043a\u0433\",\"isPartOf\":{\"@id\":\"https:\\\/\\\/pet24.md\\\/#website\"},\"primaryImageOfPage\":{\"@id\":\"https:\\\/\\\/pet24.md\\\/product\\\/dolina-noteci-premium-konservirovannyj-korm-dlya-vzros-8\\\/#primaryimage\"},\"image\":{\"@id\":\"https:\\\/\\\/pet24.md\\\/product\\\/dolina-noteci-premium-konservirovannyj-korm-dlya-vzros-8\\\/#primaryimage\"},\"thumbnailUrl\":\"https:\\\/\\\/pet24.md\\\/wp-content\\\/uploads\\\/2024\\\/09\\\/dolina-noteci-premium-vlazhnyj-konservirovannyj-korm-dlya-vzroslyh-koshek-s-yagnyonkom-0400-kg.webp\",\"datePublished\":\"2023-01-04T13:53:18+00:00\",\"dateModified\":\"2024-09-22T22:09:48+00:00\",\"description\":\"\u041a\u0443\u043f\u0438\u0442\u044c Dolina Noteci premium. \u0412\u043b\u0430\u0436\u043d\u044b\u0439 \u043a\u043e\u043d\u0441\u0435\u0440\u0432\u0438\u0440\u043e\u0432\u0430\u043d\u043d\u044b\u0439 \u043a\u043e\u0440\u043c \u0434\u043b\u044f \u0432\u0437\u0440\u043e\u0441\u043b\u044b\u0445 \u043a\u043e\u0448\u0435\u043a \u0441 \u044f\u0433\u043d\u0451\u043d\u043a\u043e\u043c. 0.400 \u043a\u0433 \u0441 \u0434\u043e\u0441\u0442\u0430\u0432\u043a\u043e\u0439 \u043f\u043e \u041a\u0438\u0448\u0438\u043d\u0435\u0432\u0443 \u0438 \u0432\u0441\u0435\u0439 \u041c\u043e\u043b\u0434\u043e\u0432\u0435 \u043d\u0430 Pet24\",\"breadcrumb\":{\"@id\":\"https:\\\/\\\/pet24.md\\\/product\\\/dolina-noteci-premium-konservirovannyj-korm-dlya-vzros-8\\\/#breadcrumb\"},\"inLanguage\":\"ro-RO\",\"potentialAction\":[{\"@type\":\"ReadAction\",\"target\":[\"https:\\\/\\\/pet24.md\\\/product\\\/dolina-noteci-premium-konservirovannyj-korm-dlya-vzros-8\\\/\"]}]},{\"@type\":\"ImageObject\",\"inLanguage\":\"ro-RO\",\"@id\":\"https:\\\/\\\/pet24.md\\\/product\\\/dolina-noteci-premium-konservirovannyj-korm-dlya-vzros-8\\\/#primaryimage\",\"url\":\"https:\\\/\\\/pet24.md\\\/wp-content\\\/uploads\\\/2024\\\/09\\\/dolina-noteci-premium-vlazhnyj-konservirovannyj-korm-dlya-vzroslyh-koshek-s-yagnyonkom-0400-kg.webp\",\"contentUrl\":\"https:\\\/\\\/pet24.md\\\/wp-content\\\/uploads\\\/2024\\\/09\\\/dolina-noteci-premium-vlazhnyj-konservirovannyj-korm-dlya-vzroslyh-koshek-s-yagnyonkom-0400-kg.webp\",\"width\":500,\"height\":500,\"caption\":\"dolina noteci premium vlazhnyj konservirovannyj korm dlya vzroslyh koshek s yagnyonkom 0400 kg\"},{\"@type\":\"BreadcrumbList\",\"@id\":\"https:\\\/\\\/pet24.md\\\/product\\\/dolina-noteci-premium-konservirovannyj-korm-dlya-vzros-8\\\/#breadcrumb\",\"itemListElement\":[{\"@type\":\"ListItem\",\"position\":1,\"name\":\"\u0413\u043b\u0430\u0432\u043d\u0430\u044f \u0441\u0442\u0440\u0430\u043d\u0438\u0446\u0430\",\"item\":\"https:\\\/\\\/pet24.md\\\/\"},{\"@type\":\"ListItem\",\"position\":2,\"name\":\"\u041c\u0430\u0433\u0430\u0437\u0438\u043d\",\"item\":\"https:\\\/\\\/pet24.md\\\/shop\\\/\"},{\"@type\":\"ListItem\",\"position\":3,\"name\":\"Dolina Noteci premium. \u0412\u043b\u0430\u0436\u043d\u044b\u0439 \u043a\u043e\u043d\u0441\u0435\u0440\u0432\u0438\u0440\u043e\u0432\u0430\u043d\u043d\u044b\u0439 \u043a\u043e\u0440\u043c \u0434\u043b\u044f \u0432\u0437\u0440\u043e\u0441\u043b\u044b\u0445 \u043a\u043e\u0448\u0435\u043a \u0441 \u044f\u0433\u043d\u0451\u043d\u043a\u043e\u043c. 0.400 \u043a\u0433\"}]},{\"@type\":\"WebSite\",\"@id\":\"https:\\\/\\\/pet24.md\\\/#website\",\"url\":\"https:\\\/\\\/pet24.md\\\/\",\"name\":\"Pet24\",\"description\":\"\u0417\u043e\u043e\u043c\u0430\u0433\u0430\u0437\u0438\u043d \u0442\u043e\u0432\u0430\u0440\u043e\u0432 \u0434\u043b\u044f \u0434\u043e\u043c\u0430\u0448\u043d\u0438\u0445 \u043f\u0438\u0442\u043e\u043c\u0446\u0435\u0432\",\"publisher\":{\"@id\":\"https:\\\/\\\/pet24.md\\\/#organization\"},\"potentialAction\":[{\"@type\":\"SearchAction\",\"target\":{\"@type\":\"EntryPoint\",\"urlTemplate\":\"https:\\\/\\\/pet24.md\\\/?s={search_term_string}\"},\"query-input\":{\"@type\":\"PropertyValueSpecification\",\"valueRequired\":true,\"valueName\":\"search_term_string\"}}],\"inLanguage\":\"ro-RO\"},{\"@type\":\"Organization\",\"@id\":\"https:\\\/\\\/pet24.md\\\/#organization\",\"name\":\"Pet24\",\"url\":\"https:\\\/\\\/pet24.md\\\/\",\"logo\":{\"@type\":\"ImageObject\",\"inLanguage\":\"ro-RO\",\"@id\":\"https:\\\/\\\/pet24.md\\\/#\\\/schema\\\/logo\\\/image\\\/\",\"url\":\"https:\\\/\\\/pet24.md\\\/wp-content\\\/uploads\\\/2024\\\/09\\\/logo.svg\",\"contentUrl\":\"https:\\\/\\\/pet24.md\\\/wp-content\\\/uploads\\\/2024\\\/09\\\/logo.svg\",\"width\":215,\"height\":66,\"caption\":\"Pet24\"},\"image\":{\"@id\":\"https:\\\/\\\/pet24.md\\\/#\\\/schema\\\/logo\\\/image\\\/\"},\"sameAs\":[\"https:\\\/\\\/www.facebook.com\\\/pet24.md\",\"https:\\\/\\\/www.instagram.com\\\/pet24.md\\\/\"],\"telephone\":\"+37360508880\"}]}<\/script>\n<!-- \/ Yoast SEO Premium plugin. -->","yoast_head_json":{"title":"Dolina Noteci premium. Mancare umeda conservata pentru pisici adulte cu miel. 0,400 kg","description":"\u041a\u0443\u043f\u0438\u0442\u044c Dolina Noteci premium. \u0412\u043b\u0430\u0436\u043d\u044b\u0439 \u043a\u043e\u043d\u0441\u0435\u0440\u0432\u0438\u0440\u043e\u0432\u0430\u043d\u043d\u044b\u0439 \u043a\u043e\u0440\u043c \u0434\u043b\u044f \u0432\u0437\u0440\u043e\u0441\u043b\u044b\u0445 \u043a\u043e\u0448\u0435\u043a \u0441 \u044f\u0433\u043d\u0451\u043d\u043a\u043e\u043c. 0.400 \u043a\u0433 \u0441 \u0434\u043e\u0441\u0442\u0430\u0432\u043a\u043e\u0439 \u043f\u043e \u041a\u0438\u0448\u0438\u043d\u0435\u0432\u0443 \u0438 \u0432\u0441\u0435\u0439 \u041c\u043e\u043b\u0434\u043e\u0432\u0435 \u043d\u0430 Pet24","robots":{"index":"index","follow":"follow","max-snippet":"max-snippet:-1","max-image-preview":"max-image-preview:large","max-video-preview":"max-video-preview:-1"},"canonical":"https:\/\/pet24.md\/ro\/produs\/dolina-noteci-premium-konservirovannyj-korm-dlya-vzros-8\/","og_locale":"ro_RO","og_type":"article","og_title":"Dolina Noteci premium. \u0412\u043b\u0430\u0436\u043d\u044b\u0439 \u043a\u043e\u043d\u0441\u0435\u0440\u0432\u0438\u0440\u043e\u0432\u0430\u043d\u043d\u044b\u0439 \u043a\u043e\u0440\u043c \u0434\u043b\u044f \u0432\u0437\u0440\u043e\u0441\u043b\u044b\u0445 \u043a\u043e\u0448\u0435\u043a \u0441 \u044f\u0433\u043d\u0451\u043d\u043a\u043e\u043c. 0.400 \u043a\u0433","og_description":"\u041a\u0443\u043f\u0438\u0442\u044c Dolina Noteci premium. \u0412\u043b\u0430\u0436\u043d\u044b\u0439 \u043a\u043e\u043d\u0441\u0435\u0440\u0432\u0438\u0440\u043e\u0432\u0430\u043d\u043d\u044b\u0439 \u043a\u043e\u0440\u043c \u0434\u043b\u044f \u0432\u0437\u0440\u043e\u0441\u043b\u044b\u0445 \u043a\u043e\u0448\u0435\u043a \u0441 \u044f\u0433\u043d\u0451\u043d\u043a\u043e\u043c. 0.400 \u043a\u0433 \u0441 \u0434\u043e\u0441\u0442\u0430\u0432\u043a\u043e\u0439 \u043f\u043e \u041a\u0438\u0448\u0438\u043d\u0435\u0432\u0443 \u0438 \u0432\u0441\u0435\u0439 \u041c\u043e\u043b\u0434\u043e\u0432\u0435 \u043d\u0430 Pet24","og_url":"https:\/\/pet24.md\/ro\/produs\/dolina-noteci-premium-konservirovannyj-korm-dlya-vzros-8\/","og_site_name":"Pet24","article_publisher":"https:\/\/www.facebook.com\/pet24.md","article_modified_time":"2024-09-22T22:09:48+00:00","og_image":[{"width":500,"height":500,"url":"https:\/\/pet24.md\/wp-content\/uploads\/2024\/09\/dolina-noteci-premium-vlazhnyj-konservirovannyj-korm-dlya-vzroslyh-koshek-s-yagnyonkom-0400-kg.webp","type":"image\/webp"}],"twitter_card":"summary_large_image","schema":{"@context":"https:\/\/schema.org","@graph":[{"@type":"WebPage","@id":"https:\/\/pet24.md\/product\/dolina-noteci-premium-konservirovannyj-korm-dlya-vzros-8\/","url":"https:\/\/pet24.md\/product\/dolina-noteci-premium-konservirovannyj-korm-dlya-vzros-8\/","name":"Dolina Noteci premium. Mancare umeda conservata pentru pisici adulte cu miel. 0,400 kg","isPartOf":{"@id":"https:\/\/pet24.md\/#website"},"primaryImageOfPage":{"@id":"https:\/\/pet24.md\/product\/dolina-noteci-premium-konservirovannyj-korm-dlya-vzros-8\/#primaryimage"},"image":{"@id":"https:\/\/pet24.md\/product\/dolina-noteci-premium-konservirovannyj-korm-dlya-vzros-8\/#primaryimage"},"thumbnailUrl":"https:\/\/pet24.md\/wp-content\/uploads\/2024\/09\/dolina-noteci-premium-vlazhnyj-konservirovannyj-korm-dlya-vzroslyh-koshek-s-yagnyonkom-0400-kg.webp","datePublished":"2023-01-04T13:53:18+00:00","dateModified":"2024-09-22T22:09:48+00:00","description":"\u041a\u0443\u043f\u0438\u0442\u044c Dolina Noteci premium. \u0412\u043b\u0430\u0436\u043d\u044b\u0439 \u043a\u043e\u043d\u0441\u0435\u0440\u0432\u0438\u0440\u043e\u0432\u0430\u043d\u043d\u044b\u0439 \u043a\u043e\u0440\u043c \u0434\u043b\u044f \u0432\u0437\u0440\u043e\u0441\u043b\u044b\u0445 \u043a\u043e\u0448\u0435\u043a \u0441 \u044f\u0433\u043d\u0451\u043d\u043a\u043e\u043c. 0.400 \u043a\u0433 \u0441 \u0434\u043e\u0441\u0442\u0430\u0432\u043a\u043e\u0439 \u043f\u043e \u041a\u0438\u0448\u0438\u043d\u0435\u0432\u0443 \u0438 \u0432\u0441\u0435\u0439 \u041c\u043e\u043b\u0434\u043e\u0432\u0435 \u043d\u0430 Pet24","breadcrumb":{"@id":"https:\/\/pet24.md\/product\/dolina-noteci-premium-konservirovannyj-korm-dlya-vzros-8\/#breadcrumb"},"inLanguage":"ro-RO","potentialAction":[{"@type":"ReadAction","target":["https:\/\/pet24.md\/product\/dolina-noteci-premium-konservirovannyj-korm-dlya-vzros-8\/"]}]},{"@type":"ImageObject","inLanguage":"ro-RO","@id":"https:\/\/pet24.md\/product\/dolina-noteci-premium-konservirovannyj-korm-dlya-vzros-8\/#primaryimage","url":"https:\/\/pet24.md\/wp-content\/uploads\/2024\/09\/dolina-noteci-premium-vlazhnyj-konservirovannyj-korm-dlya-vzroslyh-koshek-s-yagnyonkom-0400-kg.webp","contentUrl":"https:\/\/pet24.md\/wp-content\/uploads\/2024\/09\/dolina-noteci-premium-vlazhnyj-konservirovannyj-korm-dlya-vzroslyh-koshek-s-yagnyonkom-0400-kg.webp","width":500,"height":500,"caption":"dolina noteci premium vlazhnyj konservirovannyj korm dlya vzroslyh koshek s yagnyonkom 0400 kg"},{"@type":"BreadcrumbList","@id":"https:\/\/pet24.md\/product\/dolina-noteci-premium-konservirovannyj-korm-dlya-vzros-8\/#breadcrumb","itemListElement":[{"@type":"ListItem","position":1,"name":"\u0413\u043b\u0430\u0432\u043d\u0430\u044f \u0441\u0442\u0440\u0430\u043d\u0438\u0446\u0430","item":"https:\/\/pet24.md\/"},{"@type":"ListItem","position":2,"name":"\u041c\u0430\u0433\u0430\u0437\u0438\u043d","item":"https:\/\/pet24.md\/shop\/"},{"@type":"ListItem","position":3,"name":"Dolina Noteci premium. \u0412\u043b\u0430\u0436\u043d\u044b\u0439 \u043a\u043e\u043d\u0441\u0435\u0440\u0432\u0438\u0440\u043e\u0432\u0430\u043d\u043d\u044b\u0439 \u043a\u043e\u0440\u043c \u0434\u043b\u044f \u0432\u0437\u0440\u043e\u0441\u043b\u044b\u0445 \u043a\u043e\u0448\u0435\u043a \u0441 \u044f\u0433\u043d\u0451\u043d\u043a\u043e\u043c. 0.400 \u043a\u0433"}]},{"@type":"WebSite","@id":"https:\/\/pet24.md\/#website","url":"https:\/\/pet24.md\/","name":"Pet24","description":"Magazin de animale de companie","publisher":{"@id":"https:\/\/pet24.md\/#organization"},"potentialAction":[{"@type":"SearchAction","target":{"@type":"EntryPoint","urlTemplate":"https:\/\/pet24.md\/?s={search_term_string}"},"query-input":{"@type":"PropertyValueSpecification","valueRequired":true,"valueName":"search_term_string"}}],"inLanguage":"ro-RO"},{"@type":"Organization","@id":"https:\/\/pet24.md\/#organization","name":"Pet24","url":"https:\/\/pet24.md\/","logo":{"@type":"ImageObject","inLanguage":"ro-RO","@id":"https:\/\/pet24.md\/#\/schema\/logo\/image\/","url":"https:\/\/pet24.md\/wp-content\/uploads\/2024\/09\/logo.svg","contentUrl":"https:\/\/pet24.md\/wp-content\/uploads\/2024\/09\/logo.svg","width":215,"height":66,"caption":"Pet24"},"image":{"@id":"https:\/\/pet24.md\/#\/schema\/logo\/image\/"},"sameAs":["https:\/\/www.facebook.com\/pet24.md","https:\/\/www.instagram.com\/pet24.md\/"],"telephone":"+37360508880"}]}},"_links":{"self":[{"href":"https:\/\/pet24.md\/ro\/wp-json\/wp\/v2\/product\/15674","targetHints":{"allow":["GET"]}}],"collection":[{"href":"https:\/\/pet24.md\/ro\/wp-json\/wp\/v2\/product"}],"about":[{"href":"https:\/\/pet24.md\/ro\/wp-json\/wp\/v2\/types\/product"}],"replies":[{"embeddable":true,"href":"https:\/\/pet24.md\/ro\/wp-json\/wp\/v2\/comments?post=15674"}],"wp:featuredmedia":[{"embeddable":true,"href":"https:\/\/pet24.md\/ro\/wp-json\/wp\/v2\/media\/89229"}],"wp:attachment":[{"href":"https:\/\/pet24.md\/ro\/wp-json\/wp\/v2\/media?parent=15674"}],"wp:term":[{"taxonomy":"product_brand","embeddable":true,"href":"https:\/\/pet24.md\/ro\/wp-json\/wp\/v2\/product_brand?post=15674"},{"taxonomy":"product_cat","embeddable":true,"href":"https:\/\/pet24.md\/ro\/wp-json\/wp\/v2\/product_cat?post=15674"},{"taxonomy":"product_tag","embeddable":true,"href":"https:\/\/pet24.md\/ro\/wp-json\/wp\/v2\/product_tag?post=15674"}],"curies":[{"name":"wp","href":"https:\/\/api.w.org\/{rel}","templated":true}]}}