{"id":15711,"date":"2023-01-04T19:11:39","date_gmt":"2023-01-04T19:11:39","guid":{"rendered":"https:\/\/pet24.md\/?post_type=product&#038;p=15711"},"modified":"2024-09-22T22:09:49","modified_gmt":"2024-09-22T22:09:49","slug":"optimeal-polnoraczionnyj-bezzernovoj-suho","status":"publish","type":"product","link":"https:\/\/pet24.md\/ro\/produs\/optimeal-polnoraczionnyj-bezzernovoj-suho\/","title":{"rendered":"OPTIMEAL\u2122. Hran\u0103 uscat\u0103 complet\u0103 f\u0103r\u0103 cereale pentru pisici adulte cu ra\u021b\u0103 \u0219i legume 0,65 kg"},"content":{"rendered":"<h3><strong>OPTIMEAL\u2122. Hran\u0103 uscat\u0103 complet\u0103 f\u0103r\u0103 cereale pentru pisici adulte cu ra\u021b\u0103 \u0219i legume 0,65 kg<\/strong><\/h3>\n<p><strong>Proteine, tapioca, cartofi usca\u021bi, amidon de cartofi, carne de ra\u021b\u0103 5 %, protein\u0103 animal\u0103 hidrolizat\u0103 3,5 %, minerale, ulei de somon, dovleac 1 %, maz\u0103re verde 0,81 %, morcovi 0,81 %, semin\u021be de in, pulp\u0103 TP30,81 fibre vegetale drojdie de bere, ou\u0103 pudr\u0103, meri\u0219oare 0,2 %, ulei de borage, MacroGard\u00ae (surs\u0103 de \u03b2-glucan) 0,05 %<\/strong><\/p>\n<ul>\n<li style=\"font-weight: 400;\" aria-level=\"1\"><strong>Con\u021bine amestec de sprijin pentru imunitate<\/strong><\/li>\n<li style=\"font-weight: 400;\" aria-level=\"1\"><strong>Omega 3 \u0219i 6, zinc, biotina ajut\u0103 la men\u021binerea s\u0103n\u0103toas\u0103 a pielii pisicii \u0219i a blanii str\u0103lucitoare<\/strong><\/li>\n<li style=\"font-weight: 400;\" aria-level=\"1\"><strong>Con\u021bine 72.651 TP3T proteine animale<\/strong><\/li>\n<li style=\"font-weight: 400;\" aria-level=\"1\"><strong>Formula SUPER PREMIUM. Dieta este preg\u0103tit\u0103 sub supravegherea medicilor veterinari folosind tehnologia companiei elve\u021biene Swiss Pet Nutrition Group.<\/strong><\/li>\n<\/ul>\n<p><strong>Un complex unic pentru sus\u021binerea \u0219i \u00eent\u0103rirea sistemului imunitar, Immunity Support Mix, este format din:<\/strong><\/p>\n<ul>\n<li style=\"font-weight: 400;\" aria-level=\"1\"><span style=\"font-weight: 400;\">Fara cereale si gluten de cereale. Mentine greutatea optima a pisicii si protejeaza sistemul digestiv de stres<\/span><\/li>\n<li style=\"font-weight: 400;\" aria-level=\"1\"><span style=\"font-weight: 400;\">Reduce riscul de alergii alimentare.<\/span><\/li>\n<li style=\"font-weight: 400;\" aria-level=\"1\"><span style=\"font-weight: 400;\">Carnea proasp\u0103t\u0103 de ra\u021b\u0103 sub form\u0103 de carne tocat\u0103 ofer\u0103 pisicii proteine de origine animal\u0103 de \u00eenalt\u0103 calitate, u\u0219or digerabile.<\/span><\/li>\n<li style=\"font-weight: 400;\" aria-level=\"1\"><span style=\"font-weight: 400;\">Fructele de p\u0103dure, ierburile \u0219i legumele din alimente sunt o surs\u0103 natural\u0103 de vitamine \u0219i fibre vegetale<\/span><\/li>\n<li style=\"font-weight: 400;\" aria-level=\"1\"><span style=\"font-weight: 400;\">Con\u021binutul ridicat de legume previne dezvoltarea diabetului datorit\u0103 carbohidra\u021bilor cu un indice glicemic sc\u0103zut.<\/span><\/li>\n<\/ul>\n<p><b>Beta glucani special purifica\u021bi<\/b><span style=\"font-weight: 400;\"> \u2014 \u00eembun\u0103t\u0103\u021birea func\u021bion\u0103rii sistemului imunitar pentru o via\u021b\u0103 lung\u0103 a animalului de companie.<\/span><\/p>\n<p><b>Actigen prebiotic de nou\u0103 genera\u021bie<\/b><span style=\"font-weight: 400;\"> \u2014 normalizeaz\u0103 echilibrul microflorei intestinale benefice \u0219i asigur\u0103 o digestie s\u0103n\u0103toas\u0103.<\/span><\/p>\n<p><b>Antioxidant natural SubStar ULTRA pe baz\u0103 de rozmarin<\/b><span style=\"font-weight: 400;\"> Datorit\u0103 propriet\u0103\u021bilor sale antimicrobiene \u0219i antiinflamatorii, previne distrugerea celulelor corpului \u0219i bolile animalelor de companie.<\/span><\/p>\n<p><b>OMEGA 3 \u0219i 6 \/ Zinc \/ Biotin\u0103 - <\/b><span style=\"font-weight: 400;\">mentine pielea sanatoasa si blana frumoasa.<\/span><\/p>","protected":false},"excerpt":{"rendered":"<p>OPTIMEAL\u2122. \u041f\u043e\u043b\u043d\u043e\u0440\u0430\u0446\u0438\u043e\u043d\u043d\u044b\u0439 \u0431\u0435\u0437\u0437\u0435\u0440\u043d\u043e\u0432\u043e\u0439 \u0441\u0443\u0445\u043e\u0439 \u043a\u043e\u0440\u043c \u0434\u043b\u044f \u0432\u0437\u0440\u043e\u0441\u043b\u044b\u0445 \u043a\u043e\u0448\u0435\u043a \u0441 \u0443\u0442\u043a\u043e\u0439 \u0438 \u043e\u0432\u043e\u0449\u0430\u043c\u0438 0.65 \u043a\u0433 \u041f\u0440\u043e\u0442\u0435\u0438\u043d, \u0442\u0430\u043f\u0438\u043e\u043a\u0430, \u043a\u0430\u0440\u0442\u043e\u0444\u0435\u043b\u044c \u0441\u0443\u0448\u0435\u043d\u044b\u0439, \u043a\u0440\u0430\u0445\u043c\u0430\u043b \u043a\u0430\u0440\u0442\u043e\u0444\u0435\u043b\u044f, \u043c\u044f\u0441\u043e \u0443\u0442\u043a\u0438&hellip;<\/p>","protected":false},"featured_media":89237,"comment_status":"closed","ping_status":"closed","template":"","meta":[],"product_brand":[],"product_cat":[309,193,320],"product_tag":[322,332,312,333,325,334],"class_list":{"0":"post-15711","1":"product","2":"type-product","3":"status-publish","4":"has-post-thumbnail","6":"product_cat-catfood","7":"product_cat-cat","8":"product_cat-catdry","9":"product_tag-optimeal-koshkam","10":"product_tag-vzroslaya-koshka","11":"product_tag-korm-koshkam","12":"product_tag-ovoshhi","13":"product_tag-suhoj-korm","14":"product_tag-utka","15":"pa_age-pet-vzroslyj","16":"pa_brand-optimeal","17":"pa_feed-class-super-premium","18":"pa_ingredienty-bezzernovoj","19":"pa_meat-ingredients-utka","20":"pa_packaging-meshok","21":"pa_pet-koshka","22":"pa_pet-feature-zdorovyj-pitomecz","23":"pa_type-feed-suhoj-korm","24":"pa_weight-650-gr","26":"first","27":"outofstock","28":"product-type-simple"},"yoast_head":"<!-- This site is optimized with the Yoast SEO Premium plugin v23.7 (Yoast SEO v27.5) - https:\/\/yoast.com\/product\/yoast-seo-premium-wordpress\/ -->\n<title>OPTIMEAL\u2122. \u041f\u043e\u043b\u043d\u043e\u0440\u0430\u0446\u0438\u043e\u043d\u043d\u044b\u0439 \u0431\u0435\u0437\u0437\u0435\u0440\u043d\u043e\u0432\u043e\u0439 \u0441\u0443\u0445\u043e\u0439 \u043a\u043e\u0440\u043c \u0434\u043b\u044f \u0432\u0437\u0440\u043e\u0441\u043b\u044b\u0445 \u043a\u043e\u0448\u0435\u043a \u0441 \u0443\u0442\u043a\u043e\u0439 \u0438 \u043e\u0432\u043e\u0449\u0430\u043c\u0438 0.65 \u043a\u0433<\/title>\n<meta name=\"description\" content=\"\u041a\u0443\u043f\u0438\u0442\u044c OPTIMEAL\u2122. \u041f\u043e\u043b\u043d\u043e\u0440\u0430\u0446\u0438\u043e\u043d\u043d\u044b\u0439 \u0431\u0435\u0437\u0437\u0435\u0440\u043d\u043e\u0432\u043e\u0439 \u0441\u0443\u0445\u043e\u0439 \u043a\u043e\u0440\u043c \u0434\u043b\u044f \u0432\u0437\u0440\u043e\u0441\u043b\u044b\u0445 \u043a\u043e\u0448\u0435\u043a \u0441 \u0443\u0442\u043a\u043e\u0439 \u0438 \u043e\u0432\u043e\u0449\u0430\u043c\u0438 0.65 \u043a\u0433 \u0441 \u0434\u043e\u0441\u0442\u0430\u0432\u043a\u043e\u0439 \u043f\u043e \u041a\u0438\u0448\u0438\u043d\u0435\u0432\u0443 \u0438 \u0432\u0441\u0435\u0439 \u041c\u043e\u043b\u0434\u043e\u0432\u0435 \u043d\u0430 Pet24\" \/>\n<meta name=\"robots\" content=\"index, follow, max-snippet:-1, max-image-preview:large, max-video-preview:-1\" \/>\n<link rel=\"canonical\" href=\"https:\/\/pet24.md\/ro\/produs\/optimeal-polnoraczionnyj-bezzernovoj-suho\/\" \/>\n<meta property=\"og:locale\" content=\"ro_RO\" \/>\n<meta property=\"og:type\" content=\"article\" \/>\n<meta property=\"og:title\" content=\"OPTIMEAL\u2122. \u041f\u043e\u043b\u043d\u043e\u0440\u0430\u0446\u0438\u043e\u043d\u043d\u044b\u0439 \u0431\u0435\u0437\u0437\u0435\u0440\u043d\u043e\u0432\u043e\u0439 \u0441\u0443\u0445\u043e\u0439 \u043a\u043e\u0440\u043c \u0434\u043b\u044f \u0432\u0437\u0440\u043e\u0441\u043b\u044b\u0445 \u043a\u043e\u0448\u0435\u043a \u0441 \u0443\u0442\u043a\u043e\u0439 \u0438 \u043e\u0432\u043e\u0449\u0430\u043c\u0438 0.65 \u043a\u0433\" \/>\n<meta property=\"og:description\" content=\"\u041a\u0443\u043f\u0438\u0442\u044c OPTIMEAL\u2122. \u041f\u043e\u043b\u043d\u043e\u0440\u0430\u0446\u0438\u043e\u043d\u043d\u044b\u0439 \u0431\u0435\u0437\u0437\u0435\u0440\u043d\u043e\u0432\u043e\u0439 \u0441\u0443\u0445\u043e\u0439 \u043a\u043e\u0440\u043c \u0434\u043b\u044f \u0432\u0437\u0440\u043e\u0441\u043b\u044b\u0445 \u043a\u043e\u0448\u0435\u043a \u0441 \u0443\u0442\u043a\u043e\u0439 \u0438 \u043e\u0432\u043e\u0449\u0430\u043c\u0438 0.65 \u043a\u0433 \u0441 \u0434\u043e\u0441\u0442\u0430\u0432\u043a\u043e\u0439 \u043f\u043e \u041a\u0438\u0448\u0438\u043d\u0435\u0432\u0443 \u0438 \u0432\u0441\u0435\u0439 \u041c\u043e\u043b\u0434\u043e\u0432\u0435 \u043d\u0430 Pet24\" \/>\n<meta property=\"og:url\" content=\"https:\/\/pet24.md\/ro\/produs\/optimeal-polnoraczionnyj-bezzernovoj-suho\/\" \/>\n<meta property=\"og:site_name\" content=\"Pet24\" \/>\n<meta property=\"article:publisher\" content=\"https:\/\/www.facebook.com\/pet24.md\" \/>\n<meta property=\"article:modified_time\" content=\"2024-09-22T22:09:49+00:00\" \/>\n<meta property=\"og:image\" content=\"https:\/\/pet24.md\/wp-content\/uploads\/2024\/09\/optimeal\u2122-polnoraczionnyj-bezzernovoj-suhoj-korm-dlya-vzroslyh-koshek-s-utkoj-i-ovoshhami-065-kg.webp\" \/>\n\t<meta property=\"og:image:width\" content=\"600\" \/>\n\t<meta property=\"og:image:height\" content=\"600\" \/>\n\t<meta property=\"og:image:type\" content=\"image\/webp\" \/>\n<meta name=\"twitter:card\" content=\"summary_large_image\" \/>\n<script type=\"application\/ld+json\" class=\"yoast-schema-graph\">{\"@context\":\"https:\\\/\\\/schema.org\",\"@graph\":[{\"@type\":\"WebPage\",\"@id\":\"https:\\\/\\\/pet24.md\\\/product\\\/optimeal-polnoraczionnyj-bezzernovoj-suho\\\/\",\"url\":\"https:\\\/\\\/pet24.md\\\/product\\\/optimeal-polnoraczionnyj-bezzernovoj-suho\\\/\",\"name\":\"OPTIMEAL\u2122. \u041f\u043e\u043b\u043d\u043e\u0440\u0430\u0446\u0438\u043e\u043d\u043d\u044b\u0439 \u0431\u0435\u0437\u0437\u0435\u0440\u043d\u043e\u0432\u043e\u0439 \u0441\u0443\u0445\u043e\u0439 \u043a\u043e\u0440\u043c \u0434\u043b\u044f \u0432\u0437\u0440\u043e\u0441\u043b\u044b\u0445 \u043a\u043e\u0448\u0435\u043a \u0441 \u0443\u0442\u043a\u043e\u0439 \u0438 \u043e\u0432\u043e\u0449\u0430\u043c\u0438 0.65 \u043a\u0433\",\"isPartOf\":{\"@id\":\"https:\\\/\\\/pet24.md\\\/#website\"},\"primaryImageOfPage\":{\"@id\":\"https:\\\/\\\/pet24.md\\\/product\\\/optimeal-polnoraczionnyj-bezzernovoj-suho\\\/#primaryimage\"},\"image\":{\"@id\":\"https:\\\/\\\/pet24.md\\\/product\\\/optimeal-polnoraczionnyj-bezzernovoj-suho\\\/#primaryimage\"},\"thumbnailUrl\":\"https:\\\/\\\/pet24.md\\\/wp-content\\\/uploads\\\/2024\\\/09\\\/optimeal\u2122-polnoraczionnyj-bezzernovoj-suhoj-korm-dlya-vzroslyh-koshek-s-utkoj-i-ovoshhami-065-kg.webp\",\"datePublished\":\"2023-01-04T19:11:39+00:00\",\"dateModified\":\"2024-09-22T22:09:49+00:00\",\"description\":\"\u041a\u0443\u043f\u0438\u0442\u044c OPTIMEAL\u2122. \u041f\u043e\u043b\u043d\u043e\u0440\u0430\u0446\u0438\u043e\u043d\u043d\u044b\u0439 \u0431\u0435\u0437\u0437\u0435\u0440\u043d\u043e\u0432\u043e\u0439 \u0441\u0443\u0445\u043e\u0439 \u043a\u043e\u0440\u043c \u0434\u043b\u044f \u0432\u0437\u0440\u043e\u0441\u043b\u044b\u0445 \u043a\u043e\u0448\u0435\u043a \u0441 \u0443\u0442\u043a\u043e\u0439 \u0438 \u043e\u0432\u043e\u0449\u0430\u043c\u0438 0.65 \u043a\u0433 \u0441 \u0434\u043e\u0441\u0442\u0430\u0432\u043a\u043e\u0439 \u043f\u043e \u041a\u0438\u0448\u0438\u043d\u0435\u0432\u0443 \u0438 \u0432\u0441\u0435\u0439 \u041c\u043e\u043b\u0434\u043e\u0432\u0435 \u043d\u0430 Pet24\",\"breadcrumb\":{\"@id\":\"https:\\\/\\\/pet24.md\\\/product\\\/optimeal-polnoraczionnyj-bezzernovoj-suho\\\/#breadcrumb\"},\"inLanguage\":\"ro-RO\",\"potentialAction\":[{\"@type\":\"ReadAction\",\"target\":[\"https:\\\/\\\/pet24.md\\\/product\\\/optimeal-polnoraczionnyj-bezzernovoj-suho\\\/\"]}]},{\"@type\":\"ImageObject\",\"inLanguage\":\"ro-RO\",\"@id\":\"https:\\\/\\\/pet24.md\\\/product\\\/optimeal-polnoraczionnyj-bezzernovoj-suho\\\/#primaryimage\",\"url\":\"https:\\\/\\\/pet24.md\\\/wp-content\\\/uploads\\\/2024\\\/09\\\/optimeal\u2122-polnoraczionnyj-bezzernovoj-suhoj-korm-dlya-vzroslyh-koshek-s-utkoj-i-ovoshhami-065-kg.webp\",\"contentUrl\":\"https:\\\/\\\/pet24.md\\\/wp-content\\\/uploads\\\/2024\\\/09\\\/optimeal\u2122-polnoraczionnyj-bezzernovoj-suhoj-korm-dlya-vzroslyh-koshek-s-utkoj-i-ovoshhami-065-kg.webp\",\"width\":600,\"height\":600,\"caption\":\"optimeal\u2122 polnoraczionnyj bezzernovoj suhoj korm dlya vzroslyh koshek s utkoj i ovoshhami 065 kg\"},{\"@type\":\"BreadcrumbList\",\"@id\":\"https:\\\/\\\/pet24.md\\\/product\\\/optimeal-polnoraczionnyj-bezzernovoj-suho\\\/#breadcrumb\",\"itemListElement\":[{\"@type\":\"ListItem\",\"position\":1,\"name\":\"\u0413\u043b\u0430\u0432\u043d\u0430\u044f \u0441\u0442\u0440\u0430\u043d\u0438\u0446\u0430\",\"item\":\"https:\\\/\\\/pet24.md\\\/\"},{\"@type\":\"ListItem\",\"position\":2,\"name\":\"\u041c\u0430\u0433\u0430\u0437\u0438\u043d\",\"item\":\"https:\\\/\\\/pet24.md\\\/shop\\\/\"},{\"@type\":\"ListItem\",\"position\":3,\"name\":\"OPTIMEAL\u2122. \u041f\u043e\u043b\u043d\u043e\u0440\u0430\u0446\u0438\u043e\u043d\u043d\u044b\u0439 \u0431\u0435\u0437\u0437\u0435\u0440\u043d\u043e\u0432\u043e\u0439 \u0441\u0443\u0445\u043e\u0439 \u043a\u043e\u0440\u043c \u0434\u043b\u044f \u0432\u0437\u0440\u043e\u0441\u043b\u044b\u0445 \u043a\u043e\u0448\u0435\u043a \u0441 \u0443\u0442\u043a\u043e\u0439 \u0438 \u043e\u0432\u043e\u0449\u0430\u043c\u0438 0.65 \u043a\u0433\"}]},{\"@type\":\"WebSite\",\"@id\":\"https:\\\/\\\/pet24.md\\\/#website\",\"url\":\"https:\\\/\\\/pet24.md\\\/\",\"name\":\"Pet24\",\"description\":\"\u0417\u043e\u043e\u043c\u0430\u0433\u0430\u0437\u0438\u043d \u0442\u043e\u0432\u0430\u0440\u043e\u0432 \u0434\u043b\u044f \u0434\u043e\u043c\u0430\u0448\u043d\u0438\u0445 \u043f\u0438\u0442\u043e\u043c\u0446\u0435\u0432\",\"publisher\":{\"@id\":\"https:\\\/\\\/pet24.md\\\/#organization\"},\"potentialAction\":[{\"@type\":\"SearchAction\",\"target\":{\"@type\":\"EntryPoint\",\"urlTemplate\":\"https:\\\/\\\/pet24.md\\\/?s={search_term_string}\"},\"query-input\":{\"@type\":\"PropertyValueSpecification\",\"valueRequired\":true,\"valueName\":\"search_term_string\"}}],\"inLanguage\":\"ro-RO\"},{\"@type\":\"Organization\",\"@id\":\"https:\\\/\\\/pet24.md\\\/#organization\",\"name\":\"Pet24\",\"url\":\"https:\\\/\\\/pet24.md\\\/\",\"logo\":{\"@type\":\"ImageObject\",\"inLanguage\":\"ro-RO\",\"@id\":\"https:\\\/\\\/pet24.md\\\/#\\\/schema\\\/logo\\\/image\\\/\",\"url\":\"https:\\\/\\\/pet24.md\\\/wp-content\\\/uploads\\\/2024\\\/09\\\/logo.svg\",\"contentUrl\":\"https:\\\/\\\/pet24.md\\\/wp-content\\\/uploads\\\/2024\\\/09\\\/logo.svg\",\"width\":215,\"height\":66,\"caption\":\"Pet24\"},\"image\":{\"@id\":\"https:\\\/\\\/pet24.md\\\/#\\\/schema\\\/logo\\\/image\\\/\"},\"sameAs\":[\"https:\\\/\\\/www.facebook.com\\\/pet24.md\",\"https:\\\/\\\/www.instagram.com\\\/pet24.md\\\/\"],\"telephone\":\"+37360508880\"}]}<\/script>\n<!-- \/ Yoast SEO Premium plugin. -->","yoast_head_json":{"title":"OPTIMEAL\u2122. Hran\u0103 uscat\u0103 complet\u0103 f\u0103r\u0103 cereale pentru pisici adulte cu ra\u021b\u0103 \u0219i legume 0,65 kg","description":"\u041a\u0443\u043f\u0438\u0442\u044c OPTIMEAL\u2122. \u041f\u043e\u043b\u043d\u043e\u0440\u0430\u0446\u0438\u043e\u043d\u043d\u044b\u0439 \u0431\u0435\u0437\u0437\u0435\u0440\u043d\u043e\u0432\u043e\u0439 \u0441\u0443\u0445\u043e\u0439 \u043a\u043e\u0440\u043c \u0434\u043b\u044f \u0432\u0437\u0440\u043e\u0441\u043b\u044b\u0445 \u043a\u043e\u0448\u0435\u043a \u0441 \u0443\u0442\u043a\u043e\u0439 \u0438 \u043e\u0432\u043e\u0449\u0430\u043c\u0438 0.65 \u043a\u0433 \u0441 \u0434\u043e\u0441\u0442\u0430\u0432\u043a\u043e\u0439 \u043f\u043e \u041a\u0438\u0448\u0438\u043d\u0435\u0432\u0443 \u0438 \u0432\u0441\u0435\u0439 \u041c\u043e\u043b\u0434\u043e\u0432\u0435 \u043d\u0430 Pet24","robots":{"index":"index","follow":"follow","max-snippet":"max-snippet:-1","max-image-preview":"max-image-preview:large","max-video-preview":"max-video-preview:-1"},"canonical":"https:\/\/pet24.md\/ro\/produs\/optimeal-polnoraczionnyj-bezzernovoj-suho\/","og_locale":"ro_RO","og_type":"article","og_title":"OPTIMEAL\u2122. \u041f\u043e\u043b\u043d\u043e\u0440\u0430\u0446\u0438\u043e\u043d\u043d\u044b\u0439 \u0431\u0435\u0437\u0437\u0435\u0440\u043d\u043e\u0432\u043e\u0439 \u0441\u0443\u0445\u043e\u0439 \u043a\u043e\u0440\u043c \u0434\u043b\u044f \u0432\u0437\u0440\u043e\u0441\u043b\u044b\u0445 \u043a\u043e\u0448\u0435\u043a \u0441 \u0443\u0442\u043a\u043e\u0439 \u0438 \u043e\u0432\u043e\u0449\u0430\u043c\u0438 0.65 \u043a\u0433","og_description":"\u041a\u0443\u043f\u0438\u0442\u044c OPTIMEAL\u2122. \u041f\u043e\u043b\u043d\u043e\u0440\u0430\u0446\u0438\u043e\u043d\u043d\u044b\u0439 \u0431\u0435\u0437\u0437\u0435\u0440\u043d\u043e\u0432\u043e\u0439 \u0441\u0443\u0445\u043e\u0439 \u043a\u043e\u0440\u043c \u0434\u043b\u044f \u0432\u0437\u0440\u043e\u0441\u043b\u044b\u0445 \u043a\u043e\u0448\u0435\u043a \u0441 \u0443\u0442\u043a\u043e\u0439 \u0438 \u043e\u0432\u043e\u0449\u0430\u043c\u0438 0.65 \u043a\u0433 \u0441 \u0434\u043e\u0441\u0442\u0430\u0432\u043a\u043e\u0439 \u043f\u043e \u041a\u0438\u0448\u0438\u043d\u0435\u0432\u0443 \u0438 \u0432\u0441\u0435\u0439 \u041c\u043e\u043b\u0434\u043e\u0432\u0435 \u043d\u0430 Pet24","og_url":"https:\/\/pet24.md\/ro\/produs\/optimeal-polnoraczionnyj-bezzernovoj-suho\/","og_site_name":"Pet24","article_publisher":"https:\/\/www.facebook.com\/pet24.md","article_modified_time":"2024-09-22T22:09:49+00:00","og_image":[{"width":600,"height":600,"url":"https:\/\/pet24.md\/wp-content\/uploads\/2024\/09\/optimeal\u2122-polnoraczionnyj-bezzernovoj-suhoj-korm-dlya-vzroslyh-koshek-s-utkoj-i-ovoshhami-065-kg.webp","type":"image\/webp"}],"twitter_card":"summary_large_image","schema":{"@context":"https:\/\/schema.org","@graph":[{"@type":"WebPage","@id":"https:\/\/pet24.md\/product\/optimeal-polnoraczionnyj-bezzernovoj-suho\/","url":"https:\/\/pet24.md\/product\/optimeal-polnoraczionnyj-bezzernovoj-suho\/","name":"OPTIMEAL\u2122. Hran\u0103 uscat\u0103 complet\u0103 f\u0103r\u0103 cereale pentru pisici adulte cu ra\u021b\u0103 \u0219i legume 0,65 kg","isPartOf":{"@id":"https:\/\/pet24.md\/#website"},"primaryImageOfPage":{"@id":"https:\/\/pet24.md\/product\/optimeal-polnoraczionnyj-bezzernovoj-suho\/#primaryimage"},"image":{"@id":"https:\/\/pet24.md\/product\/optimeal-polnoraczionnyj-bezzernovoj-suho\/#primaryimage"},"thumbnailUrl":"https:\/\/pet24.md\/wp-content\/uploads\/2024\/09\/optimeal\u2122-polnoraczionnyj-bezzernovoj-suhoj-korm-dlya-vzroslyh-koshek-s-utkoj-i-ovoshhami-065-kg.webp","datePublished":"2023-01-04T19:11:39+00:00","dateModified":"2024-09-22T22:09:49+00:00","description":"\u041a\u0443\u043f\u0438\u0442\u044c OPTIMEAL\u2122. \u041f\u043e\u043b\u043d\u043e\u0440\u0430\u0446\u0438\u043e\u043d\u043d\u044b\u0439 \u0431\u0435\u0437\u0437\u0435\u0440\u043d\u043e\u0432\u043e\u0439 \u0441\u0443\u0445\u043e\u0439 \u043a\u043e\u0440\u043c \u0434\u043b\u044f \u0432\u0437\u0440\u043e\u0441\u043b\u044b\u0445 \u043a\u043e\u0448\u0435\u043a \u0441 \u0443\u0442\u043a\u043e\u0439 \u0438 \u043e\u0432\u043e\u0449\u0430\u043c\u0438 0.65 \u043a\u0433 \u0441 \u0434\u043e\u0441\u0442\u0430\u0432\u043a\u043e\u0439 \u043f\u043e \u041a\u0438\u0448\u0438\u043d\u0435\u0432\u0443 \u0438 \u0432\u0441\u0435\u0439 \u041c\u043e\u043b\u0434\u043e\u0432\u0435 \u043d\u0430 Pet24","breadcrumb":{"@id":"https:\/\/pet24.md\/product\/optimeal-polnoraczionnyj-bezzernovoj-suho\/#breadcrumb"},"inLanguage":"ro-RO","potentialAction":[{"@type":"ReadAction","target":["https:\/\/pet24.md\/product\/optimeal-polnoraczionnyj-bezzernovoj-suho\/"]}]},{"@type":"ImageObject","inLanguage":"ro-RO","@id":"https:\/\/pet24.md\/product\/optimeal-polnoraczionnyj-bezzernovoj-suho\/#primaryimage","url":"https:\/\/pet24.md\/wp-content\/uploads\/2024\/09\/optimeal\u2122-polnoraczionnyj-bezzernovoj-suhoj-korm-dlya-vzroslyh-koshek-s-utkoj-i-ovoshhami-065-kg.webp","contentUrl":"https:\/\/pet24.md\/wp-content\/uploads\/2024\/09\/optimeal\u2122-polnoraczionnyj-bezzernovoj-suhoj-korm-dlya-vzroslyh-koshek-s-utkoj-i-ovoshhami-065-kg.webp","width":600,"height":600,"caption":"optimeal\u2122 polnoraczionnyj bezzernovoj suhoj korm dlya vzroslyh koshek s utkoj i ovoshhami 065 kg"},{"@type":"BreadcrumbList","@id":"https:\/\/pet24.md\/product\/optimeal-polnoraczionnyj-bezzernovoj-suho\/#breadcrumb","itemListElement":[{"@type":"ListItem","position":1,"name":"\u0413\u043b\u0430\u0432\u043d\u0430\u044f \u0441\u0442\u0440\u0430\u043d\u0438\u0446\u0430","item":"https:\/\/pet24.md\/"},{"@type":"ListItem","position":2,"name":"\u041c\u0430\u0433\u0430\u0437\u0438\u043d","item":"https:\/\/pet24.md\/shop\/"},{"@type":"ListItem","position":3,"name":"OPTIMEAL\u2122. \u041f\u043e\u043b\u043d\u043e\u0440\u0430\u0446\u0438\u043e\u043d\u043d\u044b\u0439 \u0431\u0435\u0437\u0437\u0435\u0440\u043d\u043e\u0432\u043e\u0439 \u0441\u0443\u0445\u043e\u0439 \u043a\u043e\u0440\u043c \u0434\u043b\u044f \u0432\u0437\u0440\u043e\u0441\u043b\u044b\u0445 \u043a\u043e\u0448\u0435\u043a \u0441 \u0443\u0442\u043a\u043e\u0439 \u0438 \u043e\u0432\u043e\u0449\u0430\u043c\u0438 0.65 \u043a\u0433"}]},{"@type":"WebSite","@id":"https:\/\/pet24.md\/#website","url":"https:\/\/pet24.md\/","name":"Pet24","description":"Magazin de animale de companie","publisher":{"@id":"https:\/\/pet24.md\/#organization"},"potentialAction":[{"@type":"SearchAction","target":{"@type":"EntryPoint","urlTemplate":"https:\/\/pet24.md\/?s={search_term_string}"},"query-input":{"@type":"PropertyValueSpecification","valueRequired":true,"valueName":"search_term_string"}}],"inLanguage":"ro-RO"},{"@type":"Organization","@id":"https:\/\/pet24.md\/#organization","name":"Pet24","url":"https:\/\/pet24.md\/","logo":{"@type":"ImageObject","inLanguage":"ro-RO","@id":"https:\/\/pet24.md\/#\/schema\/logo\/image\/","url":"https:\/\/pet24.md\/wp-content\/uploads\/2024\/09\/logo.svg","contentUrl":"https:\/\/pet24.md\/wp-content\/uploads\/2024\/09\/logo.svg","width":215,"height":66,"caption":"Pet24"},"image":{"@id":"https:\/\/pet24.md\/#\/schema\/logo\/image\/"},"sameAs":["https:\/\/www.facebook.com\/pet24.md","https:\/\/www.instagram.com\/pet24.md\/"],"telephone":"+37360508880"}]}},"_links":{"self":[{"href":"https:\/\/pet24.md\/ro\/wp-json\/wp\/v2\/product\/15711","targetHints":{"allow":["GET"]}}],"collection":[{"href":"https:\/\/pet24.md\/ro\/wp-json\/wp\/v2\/product"}],"about":[{"href":"https:\/\/pet24.md\/ro\/wp-json\/wp\/v2\/types\/product"}],"replies":[{"embeddable":true,"href":"https:\/\/pet24.md\/ro\/wp-json\/wp\/v2\/comments?post=15711"}],"wp:featuredmedia":[{"embeddable":true,"href":"https:\/\/pet24.md\/ro\/wp-json\/wp\/v2\/media\/89237"}],"wp:attachment":[{"href":"https:\/\/pet24.md\/ro\/wp-json\/wp\/v2\/media?parent=15711"}],"wp:term":[{"taxonomy":"product_brand","embeddable":true,"href":"https:\/\/pet24.md\/ro\/wp-json\/wp\/v2\/product_brand?post=15711"},{"taxonomy":"product_cat","embeddable":true,"href":"https:\/\/pet24.md\/ro\/wp-json\/wp\/v2\/product_cat?post=15711"},{"taxonomy":"product_tag","embeddable":true,"href":"https:\/\/pet24.md\/ro\/wp-json\/wp\/v2\/product_tag?post=15711"}],"curies":[{"name":"wp","href":"https:\/\/api.w.org\/{rel}","templated":true}]}}