{"id":15719,"date":"2023-01-04T18:26:34","date_gmt":"2023-01-04T18:26:34","guid":{"rendered":"https:\/\/pet24.md\/?post_type=product&#038;p=15719"},"modified":"2024-09-22T22:09:49","modified_gmt":"2024-09-22T22:09:49","slug":"optimeal-polnoraczionnyj-suhoj-korm-dlya-vzr","status":"publish","type":"product","link":"https:\/\/pet24.md\/ro\/produs\/optimeal-polnoraczionnyj-suhoj-korm-dlya-vzr\/","title":{"rendered":"OPTIMEAL\u2122. Hrana uscata completa pentru caini adulti de rase mari \u2013 pui 4 kg"},"content":{"rendered":"<p><strong>OPTIMEAL\u2122. Hran\u0103 uscat\u0103 complet\u0103 pentru c\u00e2ini adul\u021bi de rase mari \u2013 pui<\/strong><\/p>\n<p><strong>\u00cent\u0103re\u0219te sistemul imunitar. Sursele naturale de glucozamin\u0103 \u0219i condroitin\u0103 sus\u021bin s\u0103n\u0103tatea articula\u021biilor, \u00een timp ce proteinele de \u00eenalt\u0103 calitate \u00eent\u0103resc mu\u0219chii c\u00e2inelui dvs.<\/strong><\/p>\n<ul>\n<li><strong>Proteinele de \u00eenalt\u0103 calitate ajut\u0103 la \u00eent\u0103rirea mu\u0219chilor c\u00e2inelui t\u0103u;<\/strong><\/li>\n<li><strong>Sursele naturale de glucozamin\u0103 \u0219i condroitin\u0103 men\u021bin articula\u021biile s\u0103n\u0103toase, care sunt deosebit de vulnerabile la c\u00e2inii de talie mare<\/strong><\/li>\n<li><strong>Puiul proasp\u0103t tocat ofer\u0103 c\u00e2inelui t\u0103u proteine animale u\u0219or digerabile pentru o digestie s\u0103n\u0103toas\u0103.<\/strong><\/li>\n<li><strong>Con\u021bine un complex unic pentru \u00eent\u0103rirea sistemului imunitar Immunity Support Mix, ierburi benefice, fructe de p\u0103dure, antioxidan\u021bi naturali \u0219i prebiotice;<\/strong><\/li>\n<li><strong>Omega 3 \u0219i 6, zinc, biotina ajut\u0103 la men\u021binerea pielii s\u0103n\u0103toase \u0219i a blanii str\u0103lucitoare a c\u00e2inelui t\u0103u<\/strong><\/li>\n<li><strong>Con\u021bine 86,55 proteine animale %<\/strong><\/li>\n<li><strong>Formula SUPER PREMIUM. Dieta este produs\u0103 sub supravegherea medicilor veterinari folosind tehnologia companiei elve\u021biene Swiss Pet Nutrition Group<\/strong><\/li>\n<\/ul>\n<p><strong>Un complex unic pentru sus\u021binerea \u0219i \u00eent\u0103rirea sistemului imunitar, Immunity Support Mix, este format din:<\/strong><\/p>\n<ul>\n<li><strong>Beta-glucani purifica\u021bi special - \u00eembun\u0103t\u0103\u021besc func\u021bionarea sistemului imunitar pentru o via\u021b\u0103 lung\u0103 a animalului.<\/strong><\/li>\n<li><strong>Actigen prebiotic de noua generatie - normalizeaza echilibrul microflorei intestinale benefice si asigura o digestie sanatoasa.<\/strong><\/li>\n<li><strong>Antioxidant natural SubStar ULTRA pe baz\u0103 de rozmarin, datorit\u0103 propriet\u0103\u021bilor sale antimicrobiene \u0219i antiinflamatorii, previne distrugerea celulelor corpului \u0219i a bolilor animalelor.<\/strong><\/li>\n<li><strong>OMEGA 3 \u0219i 6 \/ Zinc \/ Biotin\u0103 \u2013 men\u021bine pielea s\u0103n\u0103toas\u0103 \u0219i blana frumoas\u0103<\/strong><\/li>\n<\/ul>\n<p><strong>Compus:<\/strong> proteine de pui deshidratate, nu mai pu\u021bin de 32 %, porumb, orez, gr\u0103sime de pui, pui dezosat 5 %, protein\u0103 animal\u0103 hidrolizat\u0103 5 %, ulei de somon 2 %, minerale, pulp\u0103 de sfecl\u0103, semin\u021be de in 1,25 %, drojdie de bere, meri21TP30. ulei de borage 0,1 %, beta-1,3\/1,6-glucani 0,05 %, Actigen\u00ae (surs\u0103 de mananoligozaharide prebiotice) 0,04 %, g\u0103lbenele (surs\u0103 de lutein\u0103) 0,04 % , r\u0103d\u0103cin\u0103 de brusture, r\u0103d\u0103cin\u0103 de brusture, r\u0103d\u0103cin\u0103 de brusture, r\u0103d\u0103cin\u0103 de mla\u0219tin\u0103 TP0.03 urzic\u0103 0,03 %, extract de yucca, cimbru 0,015 %.<\/p>\n<p><strong>Aditivi: aditivi nutritivi per 1 kg de furaj, mg\/kg:<\/strong> vitamina A (3a672a): 18.000 MO, vitamina D3 (3a671): 960 MO, vitamina E (3a700): 600, vitamina C (3a300): 240, vitamina B6 (3a831): 2,67, biotin\u0103 (3a880): 0,17, taurin\u0103 (3a370): 1.320; oligoelemente: zinc (3b603): 114,5, cupru (3b405): 12,26, mangan (3b502): 2,81, seleniu (E8): 0,09; clorhidrat de glucozamin\u0103: 500, sulfat de condroitin\u0103: 7.<\/p>\n<p><strong>Aditivi tehnologici per 1 kg de furaj, mg\/kg:<\/strong> Antioxidant natural: 330, Extract de tocoferol natural: 600.<\/p>\n<p><strong>Valoarea nutri\u021bional\u0103 (analiza) a furajelor:<\/strong> protein\u0103 brut\u0103 \u2013 28 %, gr\u0103sime brut\u0103 \u2013 18 %, cenu\u0219\u0103 brut\u0103 \u2013 5,2 %, fibre brute \u2013 1,4 %, calciu \u2013 1,25 %, fosfor \u2013 0,87 %, magneziu \u2013 0,09 % La 1 kg: acizi gra\u0219i omega-3 \u2013 7,1 g, incl. EPA\/DHA \u2013 3,8 g, acizi gra\u0219i omega-6 \u2013 37,8 g 86,55 Proteine furajere % \u2013 origine animal\u0103.<\/p>\n<p><strong>Valoarea energetic\u0103 (con\u021binut caloric) a 100 g furaj: 1702,26 kJ (406,86 kcal).<\/strong><\/p>\n<p>Depozita\u021bi \u00eentr-un recipient \u00eenchis pentru consumator, \u00eentr-un loc \u00eentunecat, la o temperatur\u0103 de la +5 \u00ba\u0421 p\u00e2n\u0103 la +25 \u00ba\u0421 \u0219i o umiditate relativ\u0103 de cel mult 75 %.<\/p>\n<p><strong>Hr\u0103nire zilnic\u0103 recomandat\u0103:<\/strong><\/p>\n<table>\n<tbody>\n<tr>\n<td rowspan=\"2\"><b><strong>Greutatea unui animal adult, kg<\/strong> <\/b><\/td>\n<td colspan=\"3\"><strong>Cantitatea de furaj, g\/zi<\/strong><\/td>\n<\/tr>\n<tr>\n<td><b><strong>Activitate sc\u0103zut\u0103<\/strong> \u00a0<\/b><\/td>\n<td><strong>Activitate moderat\u0103<\/strong><\/td>\n<td><strong>Activitate mare<\/strong><\/td>\n<\/tr>\n<tr>\n<td><span style=\"font-weight: 400;\">25-30<\/span><\/td>\n<td><span style=\"font-weight: 400;\">261-299<\/span><\/td>\n<td><span style=\"font-weight: 400;\">303-347<\/span><\/td>\n<td><span style=\"font-weight: 400;\">344-394<\/span><\/td>\n<\/tr>\n<tr>\n<td><span style=\"font-weight: 400;\">30-35<\/span><\/td>\n<td><span style=\"font-weight: 400;\">299-336<\/span><\/td>\n<td><span style=\"font-weight: 400;\">347-390<\/span><\/td>\n<td><span style=\"font-weight: 400;\">394-443<\/span><\/td>\n<\/tr>\n<tr>\n<td><span style=\"font-weight: 400;\">35-40<\/span><\/td>\n<td><span style=\"font-weight: 400;\">336-371<\/span><\/td>\n<td><span style=\"font-weight: 400;\">390-431<\/span><\/td>\n<td><span style=\"font-weight: 400;\">443-489<\/span><\/td>\n<\/tr>\n<tr>\n<td><span style=\"font-weight: 400;\">40-45<\/span><\/td>\n<td><span style=\"font-weight: 400;\">371-406<\/span><\/td>\n<td><span style=\"font-weight: 400;\">431-470<\/span><\/td>\n<td><span style=\"font-weight: 400;\">489-535<\/span><\/td>\n<\/tr>\n<tr>\n<td><span style=\"font-weight: 400;\">45-50<\/span><\/td>\n<td><span style=\"font-weight: 400;\">406-439<\/span><\/td>\n<td><span style=\"font-weight: 400;\">470-509<\/span><\/td>\n<td><span style=\"font-weight: 400;\">535-579<\/span><\/td>\n<\/tr>\n<tr>\n<td><span style=\"font-weight: 400;\">50-55<\/span><\/td>\n<td><span style=\"font-weight: 400;\">439-472<\/span><\/td>\n<td><span style=\"font-weight: 400;\">509-547<\/span><\/td>\n<td><span style=\"font-weight: 400;\">579-621<\/span><\/td>\n<\/tr>\n<tr>\n<td><span style=\"font-weight: 400;\">55-60<\/span><\/td>\n<td><span style=\"font-weight: 400;\">472-503<\/span><\/td>\n<td><span style=\"font-weight: 400;\">547-584<\/span><\/td>\n<td><span style=\"font-weight: 400;\">621-663<\/span><\/td>\n<\/tr>\n<\/tbody>\n<\/table>\n<p>Alimentele trebuie introduse \u00een alimenta\u021bie treptat (cel pu\u021bin \u00een primele 5 zile). Oferi\u021bi animalului dvs. acces constant la ap\u0103 de b\u0103ut curat\u0103 \u0219i proasp\u0103t\u0103. Ratele individuale de hr\u0103nire pot varia \u00een func\u021bie de v\u00e2rsta animalului, rasa, nivelul de activitate \u0219i habitatul.<\/p>","protected":false},"excerpt":{"rendered":"<p>OPTIMEAL\u2122. \u041f\u043e\u043b\u043d\u043e\u0440\u0430\u0446\u0438\u043e\u043d\u043d\u044b\u0439 \u0441\u0443\u0445\u043e\u0439 \u043a\u043e\u0440\u043c \u0434\u043b\u044f \u0432\u0437\u0440\u043e\u0441\u043b\u044b\u0445 \u0441\u043e\u0431\u0430\u043a \u043a\u0440\u0443\u043f\u043d\u044b\u0445 \u043f\u043e\u0440\u043e\u0434 \u2013 \u043a\u0443\u0440\u0438\u0446\u0430 \u0423\u043a\u0440\u0435\u043f\u043b\u044f\u0435\u0442 \u0438\u043c\u043c\u0443\u043d\u0438\u0442\u0435\u0442. \u041d\u0430\u0442\u0443\u0440\u0430\u043b\u044c\u043d\u044b\u0435 \u0438\u0441\u0442\u043e\u0447\u043d\u0438\u043a\u0438 \u0433\u043b\u044e\u043a\u043e\u0437\u0430\u043c\u0438\u043d\u0430 \u0438 \u0445\u043e\u043d\u0434\u0440\u043e\u0438\u0442\u0438\u043d\u0430 \u043f\u043e\u0434\u0434\u0435\u0440\u0436\u0438\u0432\u0430\u044e\u0442 \u0437\u0434\u043e\u0440\u043e\u0432\u044c\u0435 \u0441\u0443\u0441\u0442\u0430\u0432\u043e\u0432, \u0430&hellip;<\/p>","protected":false},"featured_media":89242,"comment_status":"closed","ping_status":"closed","template":"","meta":[],"product_brand":[],"product_cat":[136,293,337],"product_tag":[321,338,240,339,324,325],"class_list":{"0":"post-15719","1":"product","2":"type-product","3":"status-publish","4":"has-post-thumbnail","6":"product_cat-dog","7":"product_cat-dogfood","8":"product_cat-dogdry","9":"product_tag-optimeal","10":"product_tag-optimeal-sobakam","11":"product_tag-vzroslaya-sobaka","12":"product_tag-krupnaya-poroda","13":"product_tag-kuricza","14":"product_tag-suhoj-korm","15":"pa_age-pet-vzroslyj","16":"pa_brand-optimeal","17":"pa_breed-size-dlya-krupnyh-porod","18":"pa_feed-class-super-premium","19":"pa_meat-ingredients-kuricza","20":"pa_packaging-meshok","21":"pa_pet-sobaka","22":"pa_pet-feature-zdorovyj-pitomecz","23":"pa_type-feed-suhoj-korm","24":"pa_weight-4-kg","26":"first","27":"instock","28":"product-type-simple"},"yoast_head":"<!-- This site is optimized with the Yoast SEO Premium plugin v23.7 (Yoast SEO v27.5) - https:\/\/yoast.com\/product\/yoast-seo-premium-wordpress\/ -->\n<title>OPTIMEAL\u2122. \u041f\u043e\u043b\u043d\u043e\u0440\u0430\u0446\u0438\u043e\u043d\u043d\u044b\u0439 \u0441\u0443\u0445\u043e\u0439 \u043a\u043e\u0440\u043c \u0434\u043b\u044f \u0432\u0437\u0440\u043e\u0441\u043b\u044b\u0445 \u0441\u043e\u0431\u0430\u043a \u043a\u0440\u0443\u043f\u043d\u044b\u0445 \u043f\u043e\u0440\u043e\u0434 \u2013 \u043a\u0443\u0440\u0438\u0446\u0430 4 \u043a\u0433<\/title>\n<meta name=\"description\" content=\"\u041a\u0443\u043f\u0438\u0442\u044c OPTIMEAL\u2122. \u041f\u043e\u043b\u043d\u043e\u0440\u0430\u0446\u0438\u043e\u043d\u043d\u044b\u0439 \u0441\u0443\u0445\u043e\u0439 \u043a\u043e\u0440\u043c \u0434\u043b\u044f \u0432\u0437\u0440\u043e\u0441\u043b\u044b\u0445 \u0441\u043e\u0431\u0430\u043a \u043a\u0440\u0443\u043f\u043d\u044b\u0445 \u043f\u043e\u0440\u043e\u0434 \u2013 \u043a\u0443\u0440\u0438\u0446\u0430 4 \u043a\u0433 \u0441 \u0434\u043e\u0441\u0442\u0430\u0432\u043a\u043e\u0439 \u043f\u043e \u041a\u0438\u0448\u0438\u043d\u0435\u0432\u0443 \u0438 \u0432\u0441\u0435\u0439 \u041c\u043e\u043b\u0434\u043e\u0432\u0435 \u043d\u0430 Pet24\" \/>\n<meta name=\"robots\" content=\"index, follow, max-snippet:-1, max-image-preview:large, max-video-preview:-1\" \/>\n<link rel=\"canonical\" href=\"https:\/\/pet24.md\/ro\/produs\/optimeal-polnoraczionnyj-suhoj-korm-dlya-vzr\/\" \/>\n<meta property=\"og:locale\" content=\"ro_RO\" \/>\n<meta property=\"og:type\" content=\"article\" \/>\n<meta property=\"og:title\" content=\"OPTIMEAL\u2122. \u041f\u043e\u043b\u043d\u043e\u0440\u0430\u0446\u0438\u043e\u043d\u043d\u044b\u0439 \u0441\u0443\u0445\u043e\u0439 \u043a\u043e\u0440\u043c \u0434\u043b\u044f \u0432\u0437\u0440\u043e\u0441\u043b\u044b\u0445 \u0441\u043e\u0431\u0430\u043a \u043a\u0440\u0443\u043f\u043d\u044b\u0445 \u043f\u043e\u0440\u043e\u0434 \u2013 \u043a\u0443\u0440\u0438\u0446\u0430 4 \u043a\u0433\" \/>\n<meta property=\"og:description\" content=\"\u041a\u0443\u043f\u0438\u0442\u044c OPTIMEAL\u2122. \u041f\u043e\u043b\u043d\u043e\u0440\u0430\u0446\u0438\u043e\u043d\u043d\u044b\u0439 \u0441\u0443\u0445\u043e\u0439 \u043a\u043e\u0440\u043c \u0434\u043b\u044f \u0432\u0437\u0440\u043e\u0441\u043b\u044b\u0445 \u0441\u043e\u0431\u0430\u043a \u043a\u0440\u0443\u043f\u043d\u044b\u0445 \u043f\u043e\u0440\u043e\u0434 \u2013 \u043a\u0443\u0440\u0438\u0446\u0430 4 \u043a\u0433 \u0441 \u0434\u043e\u0441\u0442\u0430\u0432\u043a\u043e\u0439 \u043f\u043e \u041a\u0438\u0448\u0438\u043d\u0435\u0432\u0443 \u0438 \u0432\u0441\u0435\u0439 \u041c\u043e\u043b\u0434\u043e\u0432\u0435 \u043d\u0430 Pet24\" \/>\n<meta property=\"og:url\" content=\"https:\/\/pet24.md\/ro\/produs\/optimeal-polnoraczionnyj-suhoj-korm-dlya-vzr\/\" \/>\n<meta property=\"og:site_name\" content=\"Pet24\" \/>\n<meta property=\"article:publisher\" content=\"https:\/\/www.facebook.com\/pet24.md\" \/>\n<meta property=\"article:modified_time\" content=\"2024-09-22T22:09:49+00:00\" \/>\n<meta property=\"og:image\" content=\"https:\/\/pet24.md\/wp-content\/uploads\/2024\/09\/1_4kg-7.webp\" \/>\n\t<meta property=\"og:image:width\" content=\"600\" \/>\n\t<meta property=\"og:image:height\" content=\"600\" \/>\n\t<meta property=\"og:image:type\" content=\"image\/webp\" \/>\n<meta name=\"twitter:card\" content=\"summary_large_image\" \/>\n<script type=\"application\/ld+json\" class=\"yoast-schema-graph\">{\"@context\":\"https:\\\/\\\/schema.org\",\"@graph\":[{\"@type\":\"WebPage\",\"@id\":\"https:\\\/\\\/pet24.md\\\/product\\\/optimeal-polnoraczionnyj-suhoj-korm-dlya-vzr\\\/\",\"url\":\"https:\\\/\\\/pet24.md\\\/product\\\/optimeal-polnoraczionnyj-suhoj-korm-dlya-vzr\\\/\",\"name\":\"OPTIMEAL\u2122. \u041f\u043e\u043b\u043d\u043e\u0440\u0430\u0446\u0438\u043e\u043d\u043d\u044b\u0439 \u0441\u0443\u0445\u043e\u0439 \u043a\u043e\u0440\u043c \u0434\u043b\u044f \u0432\u0437\u0440\u043e\u0441\u043b\u044b\u0445 \u0441\u043e\u0431\u0430\u043a \u043a\u0440\u0443\u043f\u043d\u044b\u0445 \u043f\u043e\u0440\u043e\u0434 \u2013 \u043a\u0443\u0440\u0438\u0446\u0430 4 \u043a\u0433\",\"isPartOf\":{\"@id\":\"https:\\\/\\\/pet24.md\\\/#website\"},\"primaryImageOfPage\":{\"@id\":\"https:\\\/\\\/pet24.md\\\/product\\\/optimeal-polnoraczionnyj-suhoj-korm-dlya-vzr\\\/#primaryimage\"},\"image\":{\"@id\":\"https:\\\/\\\/pet24.md\\\/product\\\/optimeal-polnoraczionnyj-suhoj-korm-dlya-vzr\\\/#primaryimage\"},\"thumbnailUrl\":\"https:\\\/\\\/pet24.md\\\/wp-content\\\/uploads\\\/2024\\\/09\\\/1_4kg-7.webp\",\"datePublished\":\"2023-01-04T18:26:34+00:00\",\"dateModified\":\"2024-09-22T22:09:49+00:00\",\"description\":\"\u041a\u0443\u043f\u0438\u0442\u044c OPTIMEAL\u2122. \u041f\u043e\u043b\u043d\u043e\u0440\u0430\u0446\u0438\u043e\u043d\u043d\u044b\u0439 \u0441\u0443\u0445\u043e\u0439 \u043a\u043e\u0440\u043c \u0434\u043b\u044f \u0432\u0437\u0440\u043e\u0441\u043b\u044b\u0445 \u0441\u043e\u0431\u0430\u043a \u043a\u0440\u0443\u043f\u043d\u044b\u0445 \u043f\u043e\u0440\u043e\u0434 \u2013 \u043a\u0443\u0440\u0438\u0446\u0430 4 \u043a\u0433 \u0441 \u0434\u043e\u0441\u0442\u0430\u0432\u043a\u043e\u0439 \u043f\u043e \u041a\u0438\u0448\u0438\u043d\u0435\u0432\u0443 \u0438 \u0432\u0441\u0435\u0439 \u041c\u043e\u043b\u0434\u043e\u0432\u0435 \u043d\u0430 Pet24\",\"breadcrumb\":{\"@id\":\"https:\\\/\\\/pet24.md\\\/product\\\/optimeal-polnoraczionnyj-suhoj-korm-dlya-vzr\\\/#breadcrumb\"},\"inLanguage\":\"ro-RO\",\"potentialAction\":[{\"@type\":\"ReadAction\",\"target\":[\"https:\\\/\\\/pet24.md\\\/product\\\/optimeal-polnoraczionnyj-suhoj-korm-dlya-vzr\\\/\"]}]},{\"@type\":\"ImageObject\",\"inLanguage\":\"ro-RO\",\"@id\":\"https:\\\/\\\/pet24.md\\\/product\\\/optimeal-polnoraczionnyj-suhoj-korm-dlya-vzr\\\/#primaryimage\",\"url\":\"https:\\\/\\\/pet24.md\\\/wp-content\\\/uploads\\\/2024\\\/09\\\/1_4kg-7.webp\",\"contentUrl\":\"https:\\\/\\\/pet24.md\\\/wp-content\\\/uploads\\\/2024\\\/09\\\/1_4kg-7.webp\",\"width\":600,\"height\":600,\"caption\":\"1 4kg 7\"},{\"@type\":\"BreadcrumbList\",\"@id\":\"https:\\\/\\\/pet24.md\\\/product\\\/optimeal-polnoraczionnyj-suhoj-korm-dlya-vzr\\\/#breadcrumb\",\"itemListElement\":[{\"@type\":\"ListItem\",\"position\":1,\"name\":\"\u0413\u043b\u0430\u0432\u043d\u0430\u044f \u0441\u0442\u0440\u0430\u043d\u0438\u0446\u0430\",\"item\":\"https:\\\/\\\/pet24.md\\\/\"},{\"@type\":\"ListItem\",\"position\":2,\"name\":\"\u041c\u0430\u0433\u0430\u0437\u0438\u043d\",\"item\":\"https:\\\/\\\/pet24.md\\\/shop\\\/\"},{\"@type\":\"ListItem\",\"position\":3,\"name\":\"OPTIMEAL\u2122. \u041f\u043e\u043b\u043d\u043e\u0440\u0430\u0446\u0438\u043e\u043d\u043d\u044b\u0439 \u0441\u0443\u0445\u043e\u0439 \u043a\u043e\u0440\u043c \u0434\u043b\u044f \u0432\u0437\u0440\u043e\u0441\u043b\u044b\u0445 \u0441\u043e\u0431\u0430\u043a \u043a\u0440\u0443\u043f\u043d\u044b\u0445 \u043f\u043e\u0440\u043e\u0434 \u2013 \u043a\u0443\u0440\u0438\u0446\u0430 4 \u043a\u0433\"}]},{\"@type\":\"WebSite\",\"@id\":\"https:\\\/\\\/pet24.md\\\/#website\",\"url\":\"https:\\\/\\\/pet24.md\\\/\",\"name\":\"Pet24\",\"description\":\"\u0417\u043e\u043e\u043c\u0430\u0433\u0430\u0437\u0438\u043d \u0442\u043e\u0432\u0430\u0440\u043e\u0432 \u0434\u043b\u044f \u0434\u043e\u043c\u0430\u0448\u043d\u0438\u0445 \u043f\u0438\u0442\u043e\u043c\u0446\u0435\u0432\",\"publisher\":{\"@id\":\"https:\\\/\\\/pet24.md\\\/#organization\"},\"potentialAction\":[{\"@type\":\"SearchAction\",\"target\":{\"@type\":\"EntryPoint\",\"urlTemplate\":\"https:\\\/\\\/pet24.md\\\/?s={search_term_string}\"},\"query-input\":{\"@type\":\"PropertyValueSpecification\",\"valueRequired\":true,\"valueName\":\"search_term_string\"}}],\"inLanguage\":\"ro-RO\"},{\"@type\":\"Organization\",\"@id\":\"https:\\\/\\\/pet24.md\\\/#organization\",\"name\":\"Pet24\",\"url\":\"https:\\\/\\\/pet24.md\\\/\",\"logo\":{\"@type\":\"ImageObject\",\"inLanguage\":\"ro-RO\",\"@id\":\"https:\\\/\\\/pet24.md\\\/#\\\/schema\\\/logo\\\/image\\\/\",\"url\":\"https:\\\/\\\/pet24.md\\\/wp-content\\\/uploads\\\/2024\\\/09\\\/logo.svg\",\"contentUrl\":\"https:\\\/\\\/pet24.md\\\/wp-content\\\/uploads\\\/2024\\\/09\\\/logo.svg\",\"width\":215,\"height\":66,\"caption\":\"Pet24\"},\"image\":{\"@id\":\"https:\\\/\\\/pet24.md\\\/#\\\/schema\\\/logo\\\/image\\\/\"},\"sameAs\":[\"https:\\\/\\\/www.facebook.com\\\/pet24.md\",\"https:\\\/\\\/www.instagram.com\\\/pet24.md\\\/\"],\"telephone\":\"+37360508880\"}]}<\/script>\n<!-- \/ Yoast SEO Premium plugin. -->","yoast_head_json":{"title":"OPTIMEAL\u2122. Hrana uscata completa pentru caini adulti de rase mari \u2013 pui 4 kg","description":"\u041a\u0443\u043f\u0438\u0442\u044c OPTIMEAL\u2122. \u041f\u043e\u043b\u043d\u043e\u0440\u0430\u0446\u0438\u043e\u043d\u043d\u044b\u0439 \u0441\u0443\u0445\u043e\u0439 \u043a\u043e\u0440\u043c \u0434\u043b\u044f \u0432\u0437\u0440\u043e\u0441\u043b\u044b\u0445 \u0441\u043e\u0431\u0430\u043a \u043a\u0440\u0443\u043f\u043d\u044b\u0445 \u043f\u043e\u0440\u043e\u0434 \u2013 \u043a\u0443\u0440\u0438\u0446\u0430 4 \u043a\u0433 \u0441 \u0434\u043e\u0441\u0442\u0430\u0432\u043a\u043e\u0439 \u043f\u043e \u041a\u0438\u0448\u0438\u043d\u0435\u0432\u0443 \u0438 \u0432\u0441\u0435\u0439 \u041c\u043e\u043b\u0434\u043e\u0432\u0435 \u043d\u0430 Pet24","robots":{"index":"index","follow":"follow","max-snippet":"max-snippet:-1","max-image-preview":"max-image-preview:large","max-video-preview":"max-video-preview:-1"},"canonical":"https:\/\/pet24.md\/ro\/produs\/optimeal-polnoraczionnyj-suhoj-korm-dlya-vzr\/","og_locale":"ro_RO","og_type":"article","og_title":"OPTIMEAL\u2122. \u041f\u043e\u043b\u043d\u043e\u0440\u0430\u0446\u0438\u043e\u043d\u043d\u044b\u0439 \u0441\u0443\u0445\u043e\u0439 \u043a\u043e\u0440\u043c \u0434\u043b\u044f \u0432\u0437\u0440\u043e\u0441\u043b\u044b\u0445 \u0441\u043e\u0431\u0430\u043a \u043a\u0440\u0443\u043f\u043d\u044b\u0445 \u043f\u043e\u0440\u043e\u0434 \u2013 \u043a\u0443\u0440\u0438\u0446\u0430 4 \u043a\u0433","og_description":"\u041a\u0443\u043f\u0438\u0442\u044c OPTIMEAL\u2122. \u041f\u043e\u043b\u043d\u043e\u0440\u0430\u0446\u0438\u043e\u043d\u043d\u044b\u0439 \u0441\u0443\u0445\u043e\u0439 \u043a\u043e\u0440\u043c \u0434\u043b\u044f \u0432\u0437\u0440\u043e\u0441\u043b\u044b\u0445 \u0441\u043e\u0431\u0430\u043a \u043a\u0440\u0443\u043f\u043d\u044b\u0445 \u043f\u043e\u0440\u043e\u0434 \u2013 \u043a\u0443\u0440\u0438\u0446\u0430 4 \u043a\u0433 \u0441 \u0434\u043e\u0441\u0442\u0430\u0432\u043a\u043e\u0439 \u043f\u043e \u041a\u0438\u0448\u0438\u043d\u0435\u0432\u0443 \u0438 \u0432\u0441\u0435\u0439 \u041c\u043e\u043b\u0434\u043e\u0432\u0435 \u043d\u0430 Pet24","og_url":"https:\/\/pet24.md\/ro\/produs\/optimeal-polnoraczionnyj-suhoj-korm-dlya-vzr\/","og_site_name":"Pet24","article_publisher":"https:\/\/www.facebook.com\/pet24.md","article_modified_time":"2024-09-22T22:09:49+00:00","og_image":[{"width":600,"height":600,"url":"https:\/\/pet24.md\/wp-content\/uploads\/2024\/09\/1_4kg-7.webp","type":"image\/webp"}],"twitter_card":"summary_large_image","schema":{"@context":"https:\/\/schema.org","@graph":[{"@type":"WebPage","@id":"https:\/\/pet24.md\/product\/optimeal-polnoraczionnyj-suhoj-korm-dlya-vzr\/","url":"https:\/\/pet24.md\/product\/optimeal-polnoraczionnyj-suhoj-korm-dlya-vzr\/","name":"OPTIMEAL\u2122. Hrana uscata completa pentru caini adulti de rase mari \u2013 pui 4 kg","isPartOf":{"@id":"https:\/\/pet24.md\/#website"},"primaryImageOfPage":{"@id":"https:\/\/pet24.md\/product\/optimeal-polnoraczionnyj-suhoj-korm-dlya-vzr\/#primaryimage"},"image":{"@id":"https:\/\/pet24.md\/product\/optimeal-polnoraczionnyj-suhoj-korm-dlya-vzr\/#primaryimage"},"thumbnailUrl":"https:\/\/pet24.md\/wp-content\/uploads\/2024\/09\/1_4kg-7.webp","datePublished":"2023-01-04T18:26:34+00:00","dateModified":"2024-09-22T22:09:49+00:00","description":"\u041a\u0443\u043f\u0438\u0442\u044c OPTIMEAL\u2122. \u041f\u043e\u043b\u043d\u043e\u0440\u0430\u0446\u0438\u043e\u043d\u043d\u044b\u0439 \u0441\u0443\u0445\u043e\u0439 \u043a\u043e\u0440\u043c \u0434\u043b\u044f \u0432\u0437\u0440\u043e\u0441\u043b\u044b\u0445 \u0441\u043e\u0431\u0430\u043a \u043a\u0440\u0443\u043f\u043d\u044b\u0445 \u043f\u043e\u0440\u043e\u0434 \u2013 \u043a\u0443\u0440\u0438\u0446\u0430 4 \u043a\u0433 \u0441 \u0434\u043e\u0441\u0442\u0430\u0432\u043a\u043e\u0439 \u043f\u043e \u041a\u0438\u0448\u0438\u043d\u0435\u0432\u0443 \u0438 \u0432\u0441\u0435\u0439 \u041c\u043e\u043b\u0434\u043e\u0432\u0435 \u043d\u0430 Pet24","breadcrumb":{"@id":"https:\/\/pet24.md\/product\/optimeal-polnoraczionnyj-suhoj-korm-dlya-vzr\/#breadcrumb"},"inLanguage":"ro-RO","potentialAction":[{"@type":"ReadAction","target":["https:\/\/pet24.md\/product\/optimeal-polnoraczionnyj-suhoj-korm-dlya-vzr\/"]}]},{"@type":"ImageObject","inLanguage":"ro-RO","@id":"https:\/\/pet24.md\/product\/optimeal-polnoraczionnyj-suhoj-korm-dlya-vzr\/#primaryimage","url":"https:\/\/pet24.md\/wp-content\/uploads\/2024\/09\/1_4kg-7.webp","contentUrl":"https:\/\/pet24.md\/wp-content\/uploads\/2024\/09\/1_4kg-7.webp","width":600,"height":600,"caption":"1 4kg 7"},{"@type":"BreadcrumbList","@id":"https:\/\/pet24.md\/product\/optimeal-polnoraczionnyj-suhoj-korm-dlya-vzr\/#breadcrumb","itemListElement":[{"@type":"ListItem","position":1,"name":"\u0413\u043b\u0430\u0432\u043d\u0430\u044f \u0441\u0442\u0440\u0430\u043d\u0438\u0446\u0430","item":"https:\/\/pet24.md\/"},{"@type":"ListItem","position":2,"name":"\u041c\u0430\u0433\u0430\u0437\u0438\u043d","item":"https:\/\/pet24.md\/shop\/"},{"@type":"ListItem","position":3,"name":"OPTIMEAL\u2122. \u041f\u043e\u043b\u043d\u043e\u0440\u0430\u0446\u0438\u043e\u043d\u043d\u044b\u0439 \u0441\u0443\u0445\u043e\u0439 \u043a\u043e\u0440\u043c \u0434\u043b\u044f \u0432\u0437\u0440\u043e\u0441\u043b\u044b\u0445 \u0441\u043e\u0431\u0430\u043a \u043a\u0440\u0443\u043f\u043d\u044b\u0445 \u043f\u043e\u0440\u043e\u0434 \u2013 \u043a\u0443\u0440\u0438\u0446\u0430 4 \u043a\u0433"}]},{"@type":"WebSite","@id":"https:\/\/pet24.md\/#website","url":"https:\/\/pet24.md\/","name":"Pet24","description":"Magazin de animale de companie","publisher":{"@id":"https:\/\/pet24.md\/#organization"},"potentialAction":[{"@type":"SearchAction","target":{"@type":"EntryPoint","urlTemplate":"https:\/\/pet24.md\/?s={search_term_string}"},"query-input":{"@type":"PropertyValueSpecification","valueRequired":true,"valueName":"search_term_string"}}],"inLanguage":"ro-RO"},{"@type":"Organization","@id":"https:\/\/pet24.md\/#organization","name":"Pet24","url":"https:\/\/pet24.md\/","logo":{"@type":"ImageObject","inLanguage":"ro-RO","@id":"https:\/\/pet24.md\/#\/schema\/logo\/image\/","url":"https:\/\/pet24.md\/wp-content\/uploads\/2024\/09\/logo.svg","contentUrl":"https:\/\/pet24.md\/wp-content\/uploads\/2024\/09\/logo.svg","width":215,"height":66,"caption":"Pet24"},"image":{"@id":"https:\/\/pet24.md\/#\/schema\/logo\/image\/"},"sameAs":["https:\/\/www.facebook.com\/pet24.md","https:\/\/www.instagram.com\/pet24.md\/"],"telephone":"+37360508880"}]}},"_links":{"self":[{"href":"https:\/\/pet24.md\/ro\/wp-json\/wp\/v2\/product\/15719","targetHints":{"allow":["GET"]}}],"collection":[{"href":"https:\/\/pet24.md\/ro\/wp-json\/wp\/v2\/product"}],"about":[{"href":"https:\/\/pet24.md\/ro\/wp-json\/wp\/v2\/types\/product"}],"replies":[{"embeddable":true,"href":"https:\/\/pet24.md\/ro\/wp-json\/wp\/v2\/comments?post=15719"}],"wp:featuredmedia":[{"embeddable":true,"href":"https:\/\/pet24.md\/ro\/wp-json\/wp\/v2\/media\/89242"}],"wp:attachment":[{"href":"https:\/\/pet24.md\/ro\/wp-json\/wp\/v2\/media?parent=15719"}],"wp:term":[{"taxonomy":"product_brand","embeddable":true,"href":"https:\/\/pet24.md\/ro\/wp-json\/wp\/v2\/product_brand?post=15719"},{"taxonomy":"product_cat","embeddable":true,"href":"https:\/\/pet24.md\/ro\/wp-json\/wp\/v2\/product_cat?post=15719"},{"taxonomy":"product_tag","embeddable":true,"href":"https:\/\/pet24.md\/ro\/wp-json\/wp\/v2\/product_tag?post=15719"}],"curies":[{"name":"wp","href":"https:\/\/api.w.org\/{rel}","templated":true}]}}