{"id":15872,"date":"2023-01-04T21:10:25","date_gmt":"2023-01-04T21:10:25","guid":{"rendered":"https:\/\/pet24.md\/?post_type=product&#038;p=15872"},"modified":"2024-09-22T22:10:01","modified_gmt":"2024-09-22T22:10:01","slug":"optimeal-polnoraczionnyj-suhoj-korm-dlya-vzr-10","status":"publish","type":"product","link":"https:\/\/pet24.md\/ro\/produs\/optimeal-polnoraczionnyj-suhoj-korm-dlya-vzr-10\/","title":{"rendered":"OPTIMEAL\u2122. Hrana uscata completa pentru pisici \u2013 miel 4 kg"},"content":{"rendered":"<p><strong>OPTIMEAL\u2122. Hrana COMPLETA USCATA PENTRU PISICI ADULTE CU DIGESTIE SENSIBILE \u2013 MIEL<\/strong><\/p>\n<p><strong>Avantaje:<\/strong><\/p>\n<ul>\n<li><strong>Protejeaz\u0103 sistemul digestiv sensibil al pisicii dumneavoastr\u0103 datorit\u0103 proteinelor de \u00eenalt\u0103 calitate, u\u0219or digerabile con\u021binute \u00een carnea proasp\u0103t\u0103 de miel.<\/strong><\/li>\n<li><strong>Con\u021bine Immunity Support Mix, plante botanice, fructe de p\u0103dure \u0219i antioxidan\u021bi naturali<\/strong><\/li>\n<li><strong>Omega 3 \u0219i 6, zinc, biotina ajut\u0103 la men\u021binerea pielii s\u0103n\u0103toase \u0219i a blanii str\u0103lucitoare<\/strong><\/li>\n<li><strong>Con\u021bine 44.461 TP3T proteine animale<\/strong><\/li>\n<\/ul>\n<p><strong>Descriere:<\/strong> Promoveaz\u0103 digestia s\u0103n\u0103toas\u0103 cu miel alimentar \u0219i prebiotice MOS \u0219i cicoare. \u00cent\u0103re\u0219te sistemul imunitar.<\/p>\n<p><strong>Compus:<\/strong> proteine de miel deshidratate, cel pu\u021bin 14 %, orez brun, orez, gluten de porumb, miel dezosat 12 %, orz, proteine de cartofi, gr\u0103sime de pui, proteine de pui deshidratate 7 %, proteine animale hidrolizate 3,5 %, minerale, semin\u021be de in. , drojdie de bere, pulp\u0103 de sfecl\u0103, ulei de somon, ou pudr\u0103, r\u0103d\u0103cin\u0103 de cicoare 0,26 %, p\u0103tlagin\u0103, meri\u0219or 0,2 %, ulei de borage 0,1 %, beta-1,3\/1,6-glucani 0,05 %, surs\u0103 prebiozic\u0103 0.05 %, g\u0103lbenele (surs\u0103 de lutein\u0103) 0,04 %, r\u0103d\u0103cin\u0103 de brusture, r\u0103d\u0103cin\u0103 de marshmallow, flori de mu\u0219e\u021bel 0,03 %, urzic\u0103 0,03 %, cimbru 0,015 % .<\/p>\n<p><strong>Compozi\u021bia analitic\u0103:<\/strong> protein\u0103 brut\u0103 \u2013 35 %, gr\u0103sime brut\u0103 \u2013 15 %, cenu\u0219\u0103 brut\u0103 \u2013 7,4 %, fibre brute \u2013 1,7 %, umiditate \u2013 5,5 %, calciu \u2013 1,6 %, fosfor \u2013 1,1 1TP30.T, magneziu \u2013 1TP30. La 1 kg de furaj: acizi gra\u0219i Omega-3 \u2013 5,3 g, acizi gra\u0219i Omega-6 \u2013 24,2 g proteine % de origine animal\u0103.<\/p>\n<p><strong>Aditivi:<\/strong> Aditivi alimentari (pe 1 kg de furaj), mg\/kg: vitamina A (3a672a): 15.000 UI, vitamina D3 (3a671): 750 UI, vitamina E (3a700): 600, vitamina C (3a312): 200, vitamina B6 (3a831): 6, biotin\u0103 (3a880): 0,08, taurin\u0103 (3a370): 2.100; compu\u0219i cu oligoelemente: fier (3b103): 35, iod (3b201): 2,5, cupru (3b405): 8,2, mangan (3b503): 38, zinc (3b604): 148, seleniu (3b801): 0,09; aminoacizi: DL-metionin\u0103, pur tehnic (3c301): 900.<\/p>\n<p><strong>Aditivi tehnologici per 1 kg de furaj, mg\/kg:<\/strong> antioxidan\u021bi naturali: 300, extract natural de tocoferol: 500. Valoare energetic\u0103 (con\u021binut caloric) la 100 g furaj: 1.666,28 kJ (398,26 kcal). Pe ambalaj sunt indicate data de produc\u021bie, data \u201ecel mai bine \u00eenainte\u201d \u0219i num\u0103rul de lot. A se pastra intr-un loc uscat, racoros, ferit de lumina soarelui.<\/p>\n<p><strong>Aportul zilnic de hr\u0103nire recomandat:<\/strong><\/p>\n<table>\n<tbody>\n<tr>\n<td><strong>Greutatea animalului, kg <\/strong><\/td>\n<td><strong>Cantitatea de furaj, g\/zi<\/strong><\/td>\n<\/tr>\n<tr>\n<td><span style=\"font-weight: 400\">2<\/span><\/td>\n<td><span style=\"font-weight: 400\">25-30<\/span><\/td>\n<\/tr>\n<tr>\n<td><span style=\"font-weight: 400\">3<\/span><\/td>\n<td><span style=\"font-weight: 400\">38-45<\/span><\/td>\n<\/tr>\n<tr>\n<td><span style=\"font-weight: 400\">4<\/span><\/td>\n<td><span style=\"font-weight: 400\">50-60<\/span><\/td>\n<\/tr>\n<tr>\n<td><span style=\"font-weight: 400\">5<\/span><\/td>\n<td><span style=\"font-weight: 400\">63-75<\/span><\/td>\n<\/tr>\n<tr>\n<td><span style=\"font-weight: 400\">6<\/span><\/td>\n<td><span style=\"font-weight: 400\">75-90<\/span><\/td>\n<\/tr>\n<\/tbody>\n<\/table>\n<p>Alimentele trebuie introduse \u00een alimenta\u021bie treptat (cel pu\u021bin \u00een primele 5 zile). Ofer\u0103 animalului t\u0103u acces constant la ap\u0103 potabil\u0103 curat\u0103. Ratele individuale de hr\u0103nire pot varia \u00een func\u021bie de v\u00e2rsta animalului, rasa, nivelul de activitate \u0219i condi\u021biile de ad\u0103postire.<\/p>","protected":false},"excerpt":{"rendered":"<p>OPTIMEAL\u2122. \u041f\u041e\u041b\u041d\u041e\u0420\u0410\u0426\u0418\u041e\u041d\u041d\u042b\u0419 \u0421\u0423\u0425\u041e\u0419 \u041a\u041e\u0420\u041c \u0414\u041b\u042f \u0412\u0417\u0420\u041e\u0421\u041b\u042b\u0425 \u041a\u041e\u0428\u0415\u041a \u0421 \u0427\u0423\u0412\u0421\u0422\u0412\u0418\u0422\u0415\u041b\u042c\u041d\u042b\u041c \u041f\u0418\u0429\u0415\u0412\u0410\u0420\u0415\u041d\u0418\u0415\u041c \u2013 \u042f\u0413\u041d\u0401\u041d\u041e\u041a \u041f\u0440\u0435\u0438\u043c\u0443\u0449\u0435\u0441\u0442\u0432\u0430: \u0411\u043b\u0430\u0433\u043e\u0434\u0430\u0440\u044f \u0432\u044b\u0441\u043e\u043a\u043e\u043a\u0430\u0447\u0435\u0441\u0442\u0432\u0435\u043d\u043d\u044b\u043c, \u043b\u0435\u0433\u043a\u043e\u0443\u0441\u0432\u043e\u044f\u0435\u043c\u044b\u043c \u0431\u0435\u043b\u043a\u0430\u043c, \u0441\u043e\u0434\u0435\u0440\u0436\u0430\u0449\u0438\u043c \u0441\u0432\u0435\u0436\u0435\u0435 \u043c\u044f\u0441\u043e \u044f\u0433\u043d\u0451\u043d\u043a\u0430, \u0437\u0430\u0449\u0438\u0449\u0430\u0435\u0442&hellip;<\/p>","protected":false},"featured_media":89321,"comment_status":"closed","ping_status":"closed","template":"","meta":[],"product_brand":[],"product_cat":[309,193,320],"product_tag":[322,332,325,357,352],"class_list":{"0":"post-15872","1":"product","2":"type-product","3":"status-publish","4":"has-post-thumbnail","6":"product_cat-catfood","7":"product_cat-cat","8":"product_cat-catdry","9":"product_tag-optimeal-koshkam","10":"product_tag-vzroslaya-koshka","11":"product_tag-suhoj-korm","12":"product_tag-chuvstvitelnoe-pishhevarenie","13":"product_tag-yagnyonok","14":"pa_age-pet-vzroslyj","15":"pa_brand-optimeal","16":"pa_feed-class-super-premium","17":"pa_meat-ingredients-yagnyonok","18":"pa_packaging-meshok","19":"pa_pet-koshka","20":"pa_pet-feature-chuvstvitelnoe-pishhevarenie","21":"pa_type-feed-suhoj-korm","22":"pa_weight-10-kg","24":"first","25":"outofstock","26":"product-type-simple"},"yoast_head":"<!-- This site is optimized with the Yoast SEO Premium plugin v23.7 (Yoast SEO v27.5) - https:\/\/yoast.com\/product\/yoast-seo-premium-wordpress\/ -->\n<title>OPTIMEAL\u2122. \u041f\u043e\u043b\u043d\u043e\u0440\u0430\u0446\u0438\u043e\u043d\u043d\u044b\u0439 \u0441\u0443\u0445\u043e\u0439 \u043a\u043e\u0440\u043c \u0434\u043b\u044f \u043a\u043e\u0448\u0435\u043a \u2013 \u044f\u0433\u043d\u0435\u043d\u043e\u043a 10 \u043a\u0433<\/title>\n<meta name=\"description\" content=\"\u041a\u0443\u043f\u0438\u0442\u044c OPTIMEAL\u2122. \u041f\u043e\u043b\u043d\u043e\u0440\u0430\u0446\u0438\u043e\u043d\u043d\u044b\u0439 \u0441\u0443\u0445\u043e\u0439 \u043a\u043e\u0440\u043c \u0434\u043b\u044f \u043a\u043e\u0448\u0435\u043a \u2013 \u044f\u0433\u043d\u0435\u043d\u043e\u043a 10 \u043a\u0433 \u0441 \u0434\u043e\u0441\u0442\u0430\u0432\u043a\u043e\u0439 \u043f\u043e \u041a\u0438\u0448\u0438\u043d\u0435\u0432\u0443 \u0438 \u0432\u0441\u0435\u0439 \u041c\u043e\u043b\u0434\u043e\u0432\u0435 \u043d\u0430 Pet24\" \/>\n<meta name=\"robots\" content=\"index, follow, max-snippet:-1, max-image-preview:large, max-video-preview:-1\" \/>\n<link rel=\"canonical\" href=\"https:\/\/pet24.md\/ro\/produs\/optimeal-polnoraczionnyj-suhoj-korm-dlya-vzr-10\/\" \/>\n<meta property=\"og:locale\" content=\"ro_RO\" \/>\n<meta property=\"og:type\" content=\"article\" \/>\n<meta property=\"og:title\" content=\"OPTIMEAL\u2122. \u041f\u043e\u043b\u043d\u043e\u0440\u0430\u0446\u0438\u043e\u043d\u043d\u044b\u0439 \u0441\u0443\u0445\u043e\u0439 \u043a\u043e\u0440\u043c \u0434\u043b\u044f \u043a\u043e\u0448\u0435\u043a \u2013 \u044f\u0433\u043d\u0435\u043d\u043e\u043a 10 \u043a\u0433\" \/>\n<meta property=\"og:description\" content=\"\u041a\u0443\u043f\u0438\u0442\u044c OPTIMEAL\u2122. \u041f\u043e\u043b\u043d\u043e\u0440\u0430\u0446\u0438\u043e\u043d\u043d\u044b\u0439 \u0441\u0443\u0445\u043e\u0439 \u043a\u043e\u0440\u043c \u0434\u043b\u044f \u043a\u043e\u0448\u0435\u043a \u2013 \u044f\u0433\u043d\u0435\u043d\u043e\u043a 10 \u043a\u0433 \u0441 \u0434\u043e\u0441\u0442\u0430\u0432\u043a\u043e\u0439 \u043f\u043e \u041a\u0438\u0448\u0438\u043d\u0435\u0432\u0443 \u0438 \u0432\u0441\u0435\u0439 \u041c\u043e\u043b\u0434\u043e\u0432\u0435 \u043d\u0430 Pet24\" \/>\n<meta property=\"og:url\" content=\"https:\/\/pet24.md\/ro\/produs\/optimeal-polnoraczionnyj-suhoj-korm-dlya-vzr-10\/\" \/>\n<meta property=\"og:site_name\" content=\"Pet24\" \/>\n<meta property=\"article:publisher\" content=\"https:\/\/www.facebook.com\/pet24.md\" \/>\n<meta property=\"article:modified_time\" content=\"2024-09-22T22:10:01+00:00\" \/>\n<meta property=\"og:image\" content=\"https:\/\/pet24.md\/wp-content\/uploads\/2024\/09\/optimeal\u2122-polnoraczionnyj-suhoj-korm-dlya-vzroslyh-koshek-s-chuvstvitelnym-pishhevareniem-yagnenok-10-kg.webp\" \/>\n\t<meta property=\"og:image:width\" content=\"600\" \/>\n\t<meta property=\"og:image:height\" content=\"600\" \/>\n\t<meta property=\"og:image:type\" content=\"image\/webp\" \/>\n<meta name=\"twitter:card\" content=\"summary_large_image\" \/>\n<script type=\"application\/ld+json\" class=\"yoast-schema-graph\">{\"@context\":\"https:\\\/\\\/schema.org\",\"@graph\":[{\"@type\":\"WebPage\",\"@id\":\"https:\\\/\\\/pet24.md\\\/product\\\/optimeal-polnoraczionnyj-suhoj-korm-dlya-vzr-10\\\/\",\"url\":\"https:\\\/\\\/pet24.md\\\/product\\\/optimeal-polnoraczionnyj-suhoj-korm-dlya-vzr-10\\\/\",\"name\":\"OPTIMEAL\u2122. \u041f\u043e\u043b\u043d\u043e\u0440\u0430\u0446\u0438\u043e\u043d\u043d\u044b\u0439 \u0441\u0443\u0445\u043e\u0439 \u043a\u043e\u0440\u043c \u0434\u043b\u044f \u043a\u043e\u0448\u0435\u043a \u2013 \u044f\u0433\u043d\u0435\u043d\u043e\u043a 10 \u043a\u0433\",\"isPartOf\":{\"@id\":\"https:\\\/\\\/pet24.md\\\/#website\"},\"primaryImageOfPage\":{\"@id\":\"https:\\\/\\\/pet24.md\\\/product\\\/optimeal-polnoraczionnyj-suhoj-korm-dlya-vzr-10\\\/#primaryimage\"},\"image\":{\"@id\":\"https:\\\/\\\/pet24.md\\\/product\\\/optimeal-polnoraczionnyj-suhoj-korm-dlya-vzr-10\\\/#primaryimage\"},\"thumbnailUrl\":\"https:\\\/\\\/pet24.md\\\/wp-content\\\/uploads\\\/2024\\\/09\\\/optimeal\u2122-polnoraczionnyj-suhoj-korm-dlya-vzroslyh-koshek-s-chuvstvitelnym-pishhevareniem-yagnenok-10-kg.webp\",\"datePublished\":\"2023-01-04T21:10:25+00:00\",\"dateModified\":\"2024-09-22T22:10:01+00:00\",\"description\":\"\u041a\u0443\u043f\u0438\u0442\u044c OPTIMEAL\u2122. \u041f\u043e\u043b\u043d\u043e\u0440\u0430\u0446\u0438\u043e\u043d\u043d\u044b\u0439 \u0441\u0443\u0445\u043e\u0439 \u043a\u043e\u0440\u043c \u0434\u043b\u044f \u043a\u043e\u0448\u0435\u043a \u2013 \u044f\u0433\u043d\u0435\u043d\u043e\u043a 10 \u043a\u0433 \u0441 \u0434\u043e\u0441\u0442\u0430\u0432\u043a\u043e\u0439 \u043f\u043e \u041a\u0438\u0448\u0438\u043d\u0435\u0432\u0443 \u0438 \u0432\u0441\u0435\u0439 \u041c\u043e\u043b\u0434\u043e\u0432\u0435 \u043d\u0430 Pet24\",\"breadcrumb\":{\"@id\":\"https:\\\/\\\/pet24.md\\\/product\\\/optimeal-polnoraczionnyj-suhoj-korm-dlya-vzr-10\\\/#breadcrumb\"},\"inLanguage\":\"ro-RO\",\"potentialAction\":[{\"@type\":\"ReadAction\",\"target\":[\"https:\\\/\\\/pet24.md\\\/product\\\/optimeal-polnoraczionnyj-suhoj-korm-dlya-vzr-10\\\/\"]}]},{\"@type\":\"ImageObject\",\"inLanguage\":\"ro-RO\",\"@id\":\"https:\\\/\\\/pet24.md\\\/product\\\/optimeal-polnoraczionnyj-suhoj-korm-dlya-vzr-10\\\/#primaryimage\",\"url\":\"https:\\\/\\\/pet24.md\\\/wp-content\\\/uploads\\\/2024\\\/09\\\/optimeal\u2122-polnoraczionnyj-suhoj-korm-dlya-vzroslyh-koshek-s-chuvstvitelnym-pishhevareniem-yagnenok-10-kg.webp\",\"contentUrl\":\"https:\\\/\\\/pet24.md\\\/wp-content\\\/uploads\\\/2024\\\/09\\\/optimeal\u2122-polnoraczionnyj-suhoj-korm-dlya-vzroslyh-koshek-s-chuvstvitelnym-pishhevareniem-yagnenok-10-kg.webp\",\"width\":600,\"height\":600,\"caption\":\"optimeal\u2122 polnoraczionnyj suhoj korm dlya vzroslyh koshek s chuvstvitelnym pishhevareniem yagnenok 10 kg\"},{\"@type\":\"BreadcrumbList\",\"@id\":\"https:\\\/\\\/pet24.md\\\/product\\\/optimeal-polnoraczionnyj-suhoj-korm-dlya-vzr-10\\\/#breadcrumb\",\"itemListElement\":[{\"@type\":\"ListItem\",\"position\":1,\"name\":\"\u0413\u043b\u0430\u0432\u043d\u0430\u044f \u0441\u0442\u0440\u0430\u043d\u0438\u0446\u0430\",\"item\":\"https:\\\/\\\/pet24.md\\\/\"},{\"@type\":\"ListItem\",\"position\":2,\"name\":\"\u041c\u0430\u0433\u0430\u0437\u0438\u043d\",\"item\":\"https:\\\/\\\/pet24.md\\\/shop\\\/\"},{\"@type\":\"ListItem\",\"position\":3,\"name\":\"OPTIMEAL\u2122. \u041f\u043e\u043b\u043d\u043e\u0440\u0430\u0446\u0438\u043e\u043d\u043d\u044b\u0439 \u0441\u0443\u0445\u043e\u0439 \u043a\u043e\u0440\u043c \u0434\u043b\u044f \u043a\u043e\u0448\u0435\u043a \u2013 \u044f\u0433\u043d\u0435\u043d\u043e\u043a 10 \u043a\u0433\"}]},{\"@type\":\"WebSite\",\"@id\":\"https:\\\/\\\/pet24.md\\\/#website\",\"url\":\"https:\\\/\\\/pet24.md\\\/\",\"name\":\"Pet24\",\"description\":\"\u0417\u043e\u043e\u043c\u0430\u0433\u0430\u0437\u0438\u043d \u0442\u043e\u0432\u0430\u0440\u043e\u0432 \u0434\u043b\u044f \u0434\u043e\u043c\u0430\u0448\u043d\u0438\u0445 \u043f\u0438\u0442\u043e\u043c\u0446\u0435\u0432\",\"publisher\":{\"@id\":\"https:\\\/\\\/pet24.md\\\/#organization\"},\"potentialAction\":[{\"@type\":\"SearchAction\",\"target\":{\"@type\":\"EntryPoint\",\"urlTemplate\":\"https:\\\/\\\/pet24.md\\\/?s={search_term_string}\"},\"query-input\":{\"@type\":\"PropertyValueSpecification\",\"valueRequired\":true,\"valueName\":\"search_term_string\"}}],\"inLanguage\":\"ro-RO\"},{\"@type\":\"Organization\",\"@id\":\"https:\\\/\\\/pet24.md\\\/#organization\",\"name\":\"Pet24\",\"url\":\"https:\\\/\\\/pet24.md\\\/\",\"logo\":{\"@type\":\"ImageObject\",\"inLanguage\":\"ro-RO\",\"@id\":\"https:\\\/\\\/pet24.md\\\/#\\\/schema\\\/logo\\\/image\\\/\",\"url\":\"https:\\\/\\\/pet24.md\\\/wp-content\\\/uploads\\\/2024\\\/09\\\/logo.svg\",\"contentUrl\":\"https:\\\/\\\/pet24.md\\\/wp-content\\\/uploads\\\/2024\\\/09\\\/logo.svg\",\"width\":215,\"height\":66,\"caption\":\"Pet24\"},\"image\":{\"@id\":\"https:\\\/\\\/pet24.md\\\/#\\\/schema\\\/logo\\\/image\\\/\"},\"sameAs\":[\"https:\\\/\\\/www.facebook.com\\\/pet24.md\",\"https:\\\/\\\/www.instagram.com\\\/pet24.md\\\/\"],\"telephone\":\"+37360508880\"}]}<\/script>\n<!-- \/ Yoast SEO Premium plugin. -->","yoast_head_json":{"title":"OPTIMEAL\u2122. Hrana uscata completa pentru pisici \u2013 miel 4 kg","description":"\u041a\u0443\u043f\u0438\u0442\u044c OPTIMEAL\u2122. \u041f\u043e\u043b\u043d\u043e\u0440\u0430\u0446\u0438\u043e\u043d\u043d\u044b\u0439 \u0441\u0443\u0445\u043e\u0439 \u043a\u043e\u0440\u043c \u0434\u043b\u044f \u043a\u043e\u0448\u0435\u043a \u2013 \u044f\u0433\u043d\u0435\u043d\u043e\u043a 10 \u043a\u0433 \u0441 \u0434\u043e\u0441\u0442\u0430\u0432\u043a\u043e\u0439 \u043f\u043e \u041a\u0438\u0448\u0438\u043d\u0435\u0432\u0443 \u0438 \u0432\u0441\u0435\u0439 \u041c\u043e\u043b\u0434\u043e\u0432\u0435 \u043d\u0430 Pet24","robots":{"index":"index","follow":"follow","max-snippet":"max-snippet:-1","max-image-preview":"max-image-preview:large","max-video-preview":"max-video-preview:-1"},"canonical":"https:\/\/pet24.md\/ro\/produs\/optimeal-polnoraczionnyj-suhoj-korm-dlya-vzr-10\/","og_locale":"ro_RO","og_type":"article","og_title":"OPTIMEAL\u2122. \u041f\u043e\u043b\u043d\u043e\u0440\u0430\u0446\u0438\u043e\u043d\u043d\u044b\u0439 \u0441\u0443\u0445\u043e\u0439 \u043a\u043e\u0440\u043c \u0434\u043b\u044f \u043a\u043e\u0448\u0435\u043a \u2013 \u044f\u0433\u043d\u0435\u043d\u043e\u043a 10 \u043a\u0433","og_description":"\u041a\u0443\u043f\u0438\u0442\u044c OPTIMEAL\u2122. \u041f\u043e\u043b\u043d\u043e\u0440\u0430\u0446\u0438\u043e\u043d\u043d\u044b\u0439 \u0441\u0443\u0445\u043e\u0439 \u043a\u043e\u0440\u043c \u0434\u043b\u044f \u043a\u043e\u0448\u0435\u043a \u2013 \u044f\u0433\u043d\u0435\u043d\u043e\u043a 10 \u043a\u0433 \u0441 \u0434\u043e\u0441\u0442\u0430\u0432\u043a\u043e\u0439 \u043f\u043e \u041a\u0438\u0448\u0438\u043d\u0435\u0432\u0443 \u0438 \u0432\u0441\u0435\u0439 \u041c\u043e\u043b\u0434\u043e\u0432\u0435 \u043d\u0430 Pet24","og_url":"https:\/\/pet24.md\/ro\/produs\/optimeal-polnoraczionnyj-suhoj-korm-dlya-vzr-10\/","og_site_name":"Pet24","article_publisher":"https:\/\/www.facebook.com\/pet24.md","article_modified_time":"2024-09-22T22:10:01+00:00","og_image":[{"width":600,"height":600,"url":"https:\/\/pet24.md\/wp-content\/uploads\/2024\/09\/optimeal\u2122-polnoraczionnyj-suhoj-korm-dlya-vzroslyh-koshek-s-chuvstvitelnym-pishhevareniem-yagnenok-10-kg.webp","type":"image\/webp"}],"twitter_card":"summary_large_image","schema":{"@context":"https:\/\/schema.org","@graph":[{"@type":"WebPage","@id":"https:\/\/pet24.md\/product\/optimeal-polnoraczionnyj-suhoj-korm-dlya-vzr-10\/","url":"https:\/\/pet24.md\/product\/optimeal-polnoraczionnyj-suhoj-korm-dlya-vzr-10\/","name":"OPTIMEAL\u2122. Hrana uscata completa pentru pisici \u2013 miel 4 kg","isPartOf":{"@id":"https:\/\/pet24.md\/#website"},"primaryImageOfPage":{"@id":"https:\/\/pet24.md\/product\/optimeal-polnoraczionnyj-suhoj-korm-dlya-vzr-10\/#primaryimage"},"image":{"@id":"https:\/\/pet24.md\/product\/optimeal-polnoraczionnyj-suhoj-korm-dlya-vzr-10\/#primaryimage"},"thumbnailUrl":"https:\/\/pet24.md\/wp-content\/uploads\/2024\/09\/optimeal\u2122-polnoraczionnyj-suhoj-korm-dlya-vzroslyh-koshek-s-chuvstvitelnym-pishhevareniem-yagnenok-10-kg.webp","datePublished":"2023-01-04T21:10:25+00:00","dateModified":"2024-09-22T22:10:01+00:00","description":"\u041a\u0443\u043f\u0438\u0442\u044c OPTIMEAL\u2122. \u041f\u043e\u043b\u043d\u043e\u0440\u0430\u0446\u0438\u043e\u043d\u043d\u044b\u0439 \u0441\u0443\u0445\u043e\u0439 \u043a\u043e\u0440\u043c \u0434\u043b\u044f \u043a\u043e\u0448\u0435\u043a \u2013 \u044f\u0433\u043d\u0435\u043d\u043e\u043a 10 \u043a\u0433 \u0441 \u0434\u043e\u0441\u0442\u0430\u0432\u043a\u043e\u0439 \u043f\u043e \u041a\u0438\u0448\u0438\u043d\u0435\u0432\u0443 \u0438 \u0432\u0441\u0435\u0439 \u041c\u043e\u043b\u0434\u043e\u0432\u0435 \u043d\u0430 Pet24","breadcrumb":{"@id":"https:\/\/pet24.md\/product\/optimeal-polnoraczionnyj-suhoj-korm-dlya-vzr-10\/#breadcrumb"},"inLanguage":"ro-RO","potentialAction":[{"@type":"ReadAction","target":["https:\/\/pet24.md\/product\/optimeal-polnoraczionnyj-suhoj-korm-dlya-vzr-10\/"]}]},{"@type":"ImageObject","inLanguage":"ro-RO","@id":"https:\/\/pet24.md\/product\/optimeal-polnoraczionnyj-suhoj-korm-dlya-vzr-10\/#primaryimage","url":"https:\/\/pet24.md\/wp-content\/uploads\/2024\/09\/optimeal\u2122-polnoraczionnyj-suhoj-korm-dlya-vzroslyh-koshek-s-chuvstvitelnym-pishhevareniem-yagnenok-10-kg.webp","contentUrl":"https:\/\/pet24.md\/wp-content\/uploads\/2024\/09\/optimeal\u2122-polnoraczionnyj-suhoj-korm-dlya-vzroslyh-koshek-s-chuvstvitelnym-pishhevareniem-yagnenok-10-kg.webp","width":600,"height":600,"caption":"optimeal\u2122 polnoraczionnyj suhoj korm dlya vzroslyh koshek s chuvstvitelnym pishhevareniem yagnenok 10 kg"},{"@type":"BreadcrumbList","@id":"https:\/\/pet24.md\/product\/optimeal-polnoraczionnyj-suhoj-korm-dlya-vzr-10\/#breadcrumb","itemListElement":[{"@type":"ListItem","position":1,"name":"\u0413\u043b\u0430\u0432\u043d\u0430\u044f \u0441\u0442\u0440\u0430\u043d\u0438\u0446\u0430","item":"https:\/\/pet24.md\/"},{"@type":"ListItem","position":2,"name":"\u041c\u0430\u0433\u0430\u0437\u0438\u043d","item":"https:\/\/pet24.md\/shop\/"},{"@type":"ListItem","position":3,"name":"OPTIMEAL\u2122. \u041f\u043e\u043b\u043d\u043e\u0440\u0430\u0446\u0438\u043e\u043d\u043d\u044b\u0439 \u0441\u0443\u0445\u043e\u0439 \u043a\u043e\u0440\u043c \u0434\u043b\u044f \u043a\u043e\u0448\u0435\u043a \u2013 \u044f\u0433\u043d\u0435\u043d\u043e\u043a 10 \u043a\u0433"}]},{"@type":"WebSite","@id":"https:\/\/pet24.md\/#website","url":"https:\/\/pet24.md\/","name":"Pet24","description":"Magazin de animale de companie","publisher":{"@id":"https:\/\/pet24.md\/#organization"},"potentialAction":[{"@type":"SearchAction","target":{"@type":"EntryPoint","urlTemplate":"https:\/\/pet24.md\/?s={search_term_string}"},"query-input":{"@type":"PropertyValueSpecification","valueRequired":true,"valueName":"search_term_string"}}],"inLanguage":"ro-RO"},{"@type":"Organization","@id":"https:\/\/pet24.md\/#organization","name":"Pet24","url":"https:\/\/pet24.md\/","logo":{"@type":"ImageObject","inLanguage":"ro-RO","@id":"https:\/\/pet24.md\/#\/schema\/logo\/image\/","url":"https:\/\/pet24.md\/wp-content\/uploads\/2024\/09\/logo.svg","contentUrl":"https:\/\/pet24.md\/wp-content\/uploads\/2024\/09\/logo.svg","width":215,"height":66,"caption":"Pet24"},"image":{"@id":"https:\/\/pet24.md\/#\/schema\/logo\/image\/"},"sameAs":["https:\/\/www.facebook.com\/pet24.md","https:\/\/www.instagram.com\/pet24.md\/"],"telephone":"+37360508880"}]}},"_links":{"self":[{"href":"https:\/\/pet24.md\/ro\/wp-json\/wp\/v2\/product\/15872","targetHints":{"allow":["GET"]}}],"collection":[{"href":"https:\/\/pet24.md\/ro\/wp-json\/wp\/v2\/product"}],"about":[{"href":"https:\/\/pet24.md\/ro\/wp-json\/wp\/v2\/types\/product"}],"replies":[{"embeddable":true,"href":"https:\/\/pet24.md\/ro\/wp-json\/wp\/v2\/comments?post=15872"}],"wp:featuredmedia":[{"embeddable":true,"href":"https:\/\/pet24.md\/ro\/wp-json\/wp\/v2\/media\/89321"}],"wp:attachment":[{"href":"https:\/\/pet24.md\/ro\/wp-json\/wp\/v2\/media?parent=15872"}],"wp:term":[{"taxonomy":"product_brand","embeddable":true,"href":"https:\/\/pet24.md\/ro\/wp-json\/wp\/v2\/product_brand?post=15872"},{"taxonomy":"product_cat","embeddable":true,"href":"https:\/\/pet24.md\/ro\/wp-json\/wp\/v2\/product_cat?post=15872"},{"taxonomy":"product_tag","embeddable":true,"href":"https:\/\/pet24.md\/ro\/wp-json\/wp\/v2\/product_tag?post=15872"}],"curies":[{"name":"wp","href":"https:\/\/api.w.org\/{rel}","templated":true}]}}