{"id":15940,"date":"2023-01-04T22:29:21","date_gmt":"2023-01-04T22:29:21","guid":{"rendered":"https:\/\/pet24.md\/?post_type=product&#038;p=15940"},"modified":"2024-09-22T22:10:04","modified_gmt":"2024-09-22T22:10:04","slug":"optimeal-bezzernovoj-polnoraczionnyj-kons","status":"publish","type":"product","link":"https:\/\/pet24.md\/ro\/produs\/optimeal-bezzernovoj-polnoraczionnyj-kons\/","title":{"rendered":"OPTIMEAL\u2122. Hrana completa pentru pisici fara cereale, cu somon si creveti in sos. 12 buc*0,085 kg"},"content":{"rendered":"<p><strong>OPTIMEAL\u2122. CONSERVE COMPLET\u0102 F\u0102R\u0102 cereale PENTRU PISICI ADULTE CU SOMON \u0218I CREVETI \u00ceN SOS<\/strong><\/p>\n<p><strong>AVANTAJE:<\/strong><\/p>\n<ul>\n<li><strong>Fara cereale si gluten<\/strong><\/li>\n<li><strong>\u2013 Con\u021binut ridicat de ap\u0103 purificat\u0103 pentru un sistem urinar s\u0103n\u0103tos<\/strong><\/li>\n<li><strong>Somonul proasp\u0103t \u0219i creve\u021bii \u00eentregi ofer\u0103 pisicii tale proteine pe baz\u0103 de pe\u0219te de \u00eenalt\u0103 calitate, u\u0219or digerabile<\/strong><\/li>\n<li><strong>Fructele de p\u0103dure, ierburile \u0219i legumele sunt o surs\u0103 natural\u0103 de vitamine \u0219i fibre vegetale<\/strong><\/li>\n<li><strong>Con\u021binutul ridicat de legume previne diabetul datorit\u0103 carbohidra\u021bilor cu indice glicemic sc\u0103zut<\/strong><\/li>\n<li><strong>Con\u021bine un complex unic pentru \u00eent\u0103rirea sistemului imunitar<\/strong><\/li>\n<li><strong>Omega 3 \u0219i 6, zinc, biotina ajut\u0103 la men\u021binerea pielii s\u0103n\u0103toase \u0219i a blanii str\u0103lucitoare a c\u00e2inelui t\u0103u;<\/strong><\/li>\n<li><strong>Con\u021bine proteine animale 100%<\/strong><\/li>\n<\/ul>\n<p><strong>Compus:<\/strong> 83% carne \u0219i produse de origine animal\u0103 buc\u0103\u021bi (inclusiv minim 18,8% inim\u0103 de vit\u0103, 14,7% pui, etc.), crustacee \u0219i crustacee (creve\u021bi decoji\u021bi 12%), pe\u0219te \u0219i produse din pe\u0219te (buc\u0103\u021bi de somon 10%), minerale, gr\u0103simi \u0219i uleiuri (ulei de somon, ulei de borage), zah\u0103r, produse vegetale (meri\u0219or 0,05%, g\u0103lbenele (surs\u0103 de lutein\u0103) 0,01%, r\u0103d\u0103cin\u0103 de brusture, r\u0103d\u0103cin\u0103 de marshmallow, flori de mu\u0219e\u021bel 0,01%, urzic\u0103 0,01%, cimbru 0,01% (surs\u0103), Actigen\u00aeT3T prebiotice mananoligozaharide) 0,01%, beta 1,3\/1,6 glucani 0,01%.<\/p>\n<p><strong>Valoarea nutri\u021bional\u0103 (analiza) a furajelor:<\/strong> protein\u0103 brut\u0103 \u2013 11%, gr\u0103sime brut\u0103 \u2013 5,5%, cenu\u0219\u0103 brut\u0103 \u2013 1,5%, fibre brute \u2013 0,3%, umiditate \u2013 80%, calciu \u2013 0,2%, fosfor \u2013 0,18%, magneziu \u2013 0,18%, magneziu \u2013 0,2% La 1 kg de furaj: acizi gra\u0219i omega-3 \u2013 1,4 g, acizi gra\u0219i omega-6 \u2013 4,9 g proteine furajere 99.54% \u2013 origine animal\u0103.<\/p>\n<p><strong>Aditivi:<\/strong> Suplimente nutritive la 1 kg de furaj, mg\/kg: vitamina D3 (3a671): 150 UI, vitamina E (3a700): 100, vitamina C (3a312): 40, D-pantotenat de calciu (3a841): 2,1, vitamina B1 ( 3a821): 1,79, acid folic (3a316): 0,49, vitamina B6 (3a831): 0,28, biotin\u0103 (3a880): 0,04, taurin\u0103 (3a370): 506,02, DL-metionin\u0103, acelea. pur (3c301): 600, zinc (3b604): 2,1, mangan (3b503): 1,56, iod (3b201): 0,32, seleniu (3b801): 0,1 \u03bcg.<\/p>\n<p><strong>Valoarea energetic\u0103 (con\u021binutul caloric) la 100 g de furaj:<\/strong> 379,15 kJ (90,62 kcal).<\/p>\n<p><strong>Hr\u0103nire zilnic\u0103 recomandat\u0103:<\/strong><\/p>\n<table>\n<thead>\n<tr>\n<th>Greutatea animalului, kg<\/th>\n<th>Cantitatea de furaj, ambalare<\/th>\n<\/tr>\n<\/thead>\n<tbody>\n<tr>\n<td>3 kg<\/td>\n<td>2+\u00bd pachete<\/td>\n<\/tr>\n<tr>\n<td>4 kg<\/td>\n<td>3 pachete<\/td>\n<\/tr>\n<tr>\n<td>5 kg<\/td>\n<td>3+\u00bd pachete<\/td>\n<\/tr>\n<tr>\n<td>6 kg<\/td>\n<td>4 pachete<\/td>\n<\/tr>\n<\/tbody>\n<\/table>\n<p>Cantitatea de m\u00e2ncare depinde de nevoile pisicii. Trebuie luate \u00een considerare nivelul de activitate, v\u00e2rsta \u0219i mediul \u00een care se afl\u0103 pisica dumneavoastr\u0103. Perioada de valabilitate: 24 de luni de la data fabric\u0103rii. P\u0103stra\u021bi ambalajul deschis la frigider pentru cel mult 48 de ore. Se \u00eenc\u0103lze\u0219te la temperatura camerei \u00eenainte de hr\u0103nire. Hrana trebuie introdusa treptat (cel putin in primele 5 zile). Animalul trebuie s\u0103 aib\u0103 acces constant la ap\u0103 potabil\u0103.<\/p>","protected":false},"excerpt":{"rendered":"<p>OPTIMEAL\u2122. \u041f\u041e\u041b\u041d\u041e\u0420\u0410\u0426\u0418\u041e\u041d\u041d\u042b\u0419 \u0411\u0415\u0417\u0417\u0415\u0420\u041d\u041e\u0412\u041e\u0419 \u041a\u041e\u041d\u0421\u0415\u0420\u0412\u0418\u0420\u041e\u0412\u0410\u041d\u041d\u042b\u0419 \u041a\u041e\u0420\u041c \u0414\u041b\u042f \u0412\u0417\u0420\u041e\u0421\u041b\u042b\u0425 \u041a\u041e\u0428\u0415\u041a \u0421 \u041b\u041e\u0421\u041e\u0421\u0415\u041c \u0418 \u041a\u0420\u0415\u0412\u0415\u0422\u041a\u0410\u041c\u0418 \u0412 \u0421\u041e\u0423\u0421\u0415 \u041f\u0420\u0415\u0418\u041c\u0423\u0429\u0415\u0421\u0422\u0412\u0410: \u0411\u0435\u0437 \u0437\u0435\u0440\u043d\u043e\u0432\u044b\u0445 \u0438 \u0433\u043b\u044e\u0442\u0435\u043d\u0430 \u0412\u044b\u0441\u043e\u043a\u043e\u0435 \u0441\u043e\u0434\u0435\u0440\u0436\u0430\u043d\u0438\u0435 \u043e\u0447\u0438\u0449\u0435\u043d\u043d\u043e\u0439&hellip;<\/p>","protected":false},"featured_media":89351,"comment_status":"closed","ping_status":"closed","template":"","meta":[],"product_brand":[],"product_cat":[310,309,193],"product_tag":[321,322,332,296,312,367,345],"class_list":{"0":"post-15940","1":"product","2":"type-product","3":"status-publish","4":"has-post-thumbnail","6":"product_cat-catwet","7":"product_cat-catfood","8":"product_cat-cat","9":"product_tag-optimeal","10":"product_tag-optimeal-koshkam","11":"product_tag-vzroslaya-koshka","12":"product_tag-vlazhnyj-korm","13":"product_tag-korm-koshkam","14":"product_tag-krevetki","15":"product_tag-losos","16":"pa_age-pet-vzroslyj","17":"pa_brand-optimeal","18":"pa_feed-class-super-premium","19":"pa_ingredienty-bezzernovoj","20":"pa_meat-ingredients-krevetki","21":"pa_meat-ingredients-losos","22":"pa_packaging-pauchi","23":"pa_pet-koshka","24":"pa_pet-feature-zdorovyj-pitomecz","25":"pa_type-feed-vlazhnyj-korm","26":"pa_weight-85-gr","28":"first","29":"outofstock","30":"product-type-simple"},"yoast_head":"<!-- This site is optimized with the Yoast SEO Premium plugin v23.7 (Yoast SEO v27.5) - https:\/\/yoast.com\/product\/yoast-seo-premium-wordpress\/ -->\n<title>OPTIMEAL \u2122. \u0411\u0435\u0437\u0437\u0435\u0440\u043d\u043e\u0432\u043e\u0439 \u043f\u043e\u043b\u043d\u043e\u0440\u0430\u0446\u0438\u043e\u043d\u043d\u044b\u0439 \u043a\u043e\u043d\u0441\u0435\u0440\u0432\u0438\u0440\u043e\u0432\u0430\u043d\u043d\u044b\u0439 \u043a\u043e\u0440\u043c \u0434\u043b\u044f \u043a\u043e\u0448\u0435\u043a \u0441 \u043b\u043e\u0441\u043e\u0441\u0435\u043c \u0438 \u043a\u0440\u0435\u0432\u0435\u0442\u043a\u0430\u043c\u0438 \u0432 \u0441\u043e\u0443\u0441\u0435. 12 \u0448\u0442.*0.085 \u043a\u0433<\/title>\n<meta name=\"description\" content=\"\u041a\u0443\u043f\u0438\u0442\u044c OPTIMEAL \u2122. \u0411\u0435\u0437\u0437\u0435\u0440\u043d\u043e\u0432\u043e\u0439 \u043f\u043e\u043b\u043d\u043e\u0440\u0430\u0446\u0438\u043e\u043d\u043d\u044b\u0439 \u043a\u043e\u043d\u0441\u0435\u0440\u0432\u0438\u0440\u043e\u0432\u0430\u043d\u043d\u044b\u0439 \u043a\u043e\u0440\u043c \u0434\u043b\u044f \u043a\u043e\u0448\u0435\u043a \u0441 \u043b\u043e\u0441\u043e\u0441\u0435\u043c \u0438 \u043a\u0440\u0435\u0432\u0435\u0442\u043a\u0430\u043c\u0438 \u0432 \u0441\u043e\u0443\u0441\u0435. 12 \u0448\u0442.*0.085 \u043a\u0433 \u0441 \u0434\u043e\u0441\u0442\u0430\u0432\u043a\u043e\u0439 \u043f\u043e \u041a\u0438\u0448\u0438\u043d\u0435\u0432\u0443 \u0438 \u0432\u0441\u0435\u0439 \u041c\u043e\u043b\u0434\u043e\u0432\u0435 \u043d\u0430 Pet24\" \/>\n<meta name=\"robots\" content=\"index, follow, max-snippet:-1, max-image-preview:large, max-video-preview:-1\" \/>\n<link rel=\"canonical\" href=\"https:\/\/pet24.md\/ro\/produs\/optimeal-bezzernovoj-polnoraczionnyj-kons\/\" \/>\n<meta property=\"og:locale\" content=\"ro_RO\" \/>\n<meta property=\"og:type\" content=\"article\" \/>\n<meta property=\"og:title\" content=\"OPTIMEAL \u2122. \u0411\u0435\u0437\u0437\u0435\u0440\u043d\u043e\u0432\u043e\u0439 \u043f\u043e\u043b\u043d\u043e\u0440\u0430\u0446\u0438\u043e\u043d\u043d\u044b\u0439 \u043a\u043e\u043d\u0441\u0435\u0440\u0432\u0438\u0440\u043e\u0432\u0430\u043d\u043d\u044b\u0439 \u043a\u043e\u0440\u043c \u0434\u043b\u044f \u043a\u043e\u0448\u0435\u043a \u0441 \u043b\u043e\u0441\u043e\u0441\u0435\u043c \u0438 \u043a\u0440\u0435\u0432\u0435\u0442\u043a\u0430\u043c\u0438 \u0432 \u0441\u043e\u0443\u0441\u0435. 12 \u0448\u0442.*0.085 \u043a\u0433\" \/>\n<meta property=\"og:description\" content=\"\u041a\u0443\u043f\u0438\u0442\u044c OPTIMEAL \u2122. \u0411\u0435\u0437\u0437\u0435\u0440\u043d\u043e\u0432\u043e\u0439 \u043f\u043e\u043b\u043d\u043e\u0440\u0430\u0446\u0438\u043e\u043d\u043d\u044b\u0439 \u043a\u043e\u043d\u0441\u0435\u0440\u0432\u0438\u0440\u043e\u0432\u0430\u043d\u043d\u044b\u0439 \u043a\u043e\u0440\u043c \u0434\u043b\u044f \u043a\u043e\u0448\u0435\u043a \u0441 \u043b\u043e\u0441\u043e\u0441\u0435\u043c \u0438 \u043a\u0440\u0435\u0432\u0435\u0442\u043a\u0430\u043c\u0438 \u0432 \u0441\u043e\u0443\u0441\u0435. 12 \u0448\u0442.*0.085 \u043a\u0433 \u0441 \u0434\u043e\u0441\u0442\u0430\u0432\u043a\u043e\u0439 \u043f\u043e \u041a\u0438\u0448\u0438\u043d\u0435\u0432\u0443 \u0438 \u0432\u0441\u0435\u0439 \u041c\u043e\u043b\u0434\u043e\u0432\u0435 \u043d\u0430 Pet24\" \/>\n<meta property=\"og:url\" content=\"https:\/\/pet24.md\/ro\/produs\/optimeal-bezzernovoj-polnoraczionnyj-kons\/\" \/>\n<meta property=\"og:site_name\" content=\"Pet24\" \/>\n<meta property=\"article:publisher\" content=\"https:\/\/www.facebook.com\/pet24.md\" \/>\n<meta property=\"article:modified_time\" content=\"2024-09-22T22:10:04+00:00\" \/>\n<meta property=\"og:image\" content=\"https:\/\/pet24.md\/wp-content\/uploads\/2024\/09\/lososem-i-krevetkami-v-souse.webp\" \/>\n\t<meta property=\"og:image:width\" content=\"600\" \/>\n\t<meta property=\"og:image:height\" content=\"600\" \/>\n\t<meta property=\"og:image:type\" content=\"image\/webp\" \/>\n<meta name=\"twitter:card\" content=\"summary_large_image\" \/>\n<script type=\"application\/ld+json\" class=\"yoast-schema-graph\">{\"@context\":\"https:\\\/\\\/schema.org\",\"@graph\":[{\"@type\":\"WebPage\",\"@id\":\"https:\\\/\\\/pet24.md\\\/product\\\/optimeal-bezzernovoj-polnoraczionnyj-kons\\\/\",\"url\":\"https:\\\/\\\/pet24.md\\\/product\\\/optimeal-bezzernovoj-polnoraczionnyj-kons\\\/\",\"name\":\"OPTIMEAL \u2122. \u0411\u0435\u0437\u0437\u0435\u0440\u043d\u043e\u0432\u043e\u0439 \u043f\u043e\u043b\u043d\u043e\u0440\u0430\u0446\u0438\u043e\u043d\u043d\u044b\u0439 \u043a\u043e\u043d\u0441\u0435\u0440\u0432\u0438\u0440\u043e\u0432\u0430\u043d\u043d\u044b\u0439 \u043a\u043e\u0440\u043c \u0434\u043b\u044f \u043a\u043e\u0448\u0435\u043a \u0441 \u043b\u043e\u0441\u043e\u0441\u0435\u043c \u0438 \u043a\u0440\u0435\u0432\u0435\u0442\u043a\u0430\u043c\u0438 \u0432 \u0441\u043e\u0443\u0441\u0435. 12 \u0448\u0442.*0.085 \u043a\u0433\",\"isPartOf\":{\"@id\":\"https:\\\/\\\/pet24.md\\\/#website\"},\"primaryImageOfPage\":{\"@id\":\"https:\\\/\\\/pet24.md\\\/product\\\/optimeal-bezzernovoj-polnoraczionnyj-kons\\\/#primaryimage\"},\"image\":{\"@id\":\"https:\\\/\\\/pet24.md\\\/product\\\/optimeal-bezzernovoj-polnoraczionnyj-kons\\\/#primaryimage\"},\"thumbnailUrl\":\"https:\\\/\\\/pet24.md\\\/wp-content\\\/uploads\\\/2024\\\/09\\\/lososem-i-krevetkami-v-souse.webp\",\"datePublished\":\"2023-01-04T22:29:21+00:00\",\"dateModified\":\"2024-09-22T22:10:04+00:00\",\"description\":\"\u041a\u0443\u043f\u0438\u0442\u044c OPTIMEAL \u2122. \u0411\u0435\u0437\u0437\u0435\u0440\u043d\u043e\u0432\u043e\u0439 \u043f\u043e\u043b\u043d\u043e\u0440\u0430\u0446\u0438\u043e\u043d\u043d\u044b\u0439 \u043a\u043e\u043d\u0441\u0435\u0440\u0432\u0438\u0440\u043e\u0432\u0430\u043d\u043d\u044b\u0439 \u043a\u043e\u0440\u043c \u0434\u043b\u044f \u043a\u043e\u0448\u0435\u043a \u0441 \u043b\u043e\u0441\u043e\u0441\u0435\u043c \u0438 \u043a\u0440\u0435\u0432\u0435\u0442\u043a\u0430\u043c\u0438 \u0432 \u0441\u043e\u0443\u0441\u0435. 12 \u0448\u0442.*0.085 \u043a\u0433 \u0441 \u0434\u043e\u0441\u0442\u0430\u0432\u043a\u043e\u0439 \u043f\u043e \u041a\u0438\u0448\u0438\u043d\u0435\u0432\u0443 \u0438 \u0432\u0441\u0435\u0439 \u041c\u043e\u043b\u0434\u043e\u0432\u0435 \u043d\u0430 Pet24\",\"breadcrumb\":{\"@id\":\"https:\\\/\\\/pet24.md\\\/product\\\/optimeal-bezzernovoj-polnoraczionnyj-kons\\\/#breadcrumb\"},\"inLanguage\":\"ro-RO\",\"potentialAction\":[{\"@type\":\"ReadAction\",\"target\":[\"https:\\\/\\\/pet24.md\\\/product\\\/optimeal-bezzernovoj-polnoraczionnyj-kons\\\/\"]}]},{\"@type\":\"ImageObject\",\"inLanguage\":\"ro-RO\",\"@id\":\"https:\\\/\\\/pet24.md\\\/product\\\/optimeal-bezzernovoj-polnoraczionnyj-kons\\\/#primaryimage\",\"url\":\"https:\\\/\\\/pet24.md\\\/wp-content\\\/uploads\\\/2024\\\/09\\\/lososem-i-krevetkami-v-souse.webp\",\"contentUrl\":\"https:\\\/\\\/pet24.md\\\/wp-content\\\/uploads\\\/2024\\\/09\\\/lososem-i-krevetkami-v-souse.webp\",\"width\":600,\"height\":600,\"caption\":\"lososem i krevetkami v souse\"},{\"@type\":\"BreadcrumbList\",\"@id\":\"https:\\\/\\\/pet24.md\\\/product\\\/optimeal-bezzernovoj-polnoraczionnyj-kons\\\/#breadcrumb\",\"itemListElement\":[{\"@type\":\"ListItem\",\"position\":1,\"name\":\"\u0413\u043b\u0430\u0432\u043d\u0430\u044f \u0441\u0442\u0440\u0430\u043d\u0438\u0446\u0430\",\"item\":\"https:\\\/\\\/pet24.md\\\/\"},{\"@type\":\"ListItem\",\"position\":2,\"name\":\"\u041c\u0430\u0433\u0430\u0437\u0438\u043d\",\"item\":\"https:\\\/\\\/pet24.md\\\/shop\\\/\"},{\"@type\":\"ListItem\",\"position\":3,\"name\":\"OPTIMEAL \u2122. \u0411\u0435\u0437\u0437\u0435\u0440\u043d\u043e\u0432\u043e\u0439 \u043f\u043e\u043b\u043d\u043e\u0440\u0430\u0446\u0438\u043e\u043d\u043d\u044b\u0439 \u043a\u043e\u043d\u0441\u0435\u0440\u0432\u0438\u0440\u043e\u0432\u0430\u043d\u043d\u044b\u0439 \u043a\u043e\u0440\u043c \u0434\u043b\u044f \u043a\u043e\u0448\u0435\u043a \u0441 \u043b\u043e\u0441\u043e\u0441\u0435\u043c \u0438 \u043a\u0440\u0435\u0432\u0435\u0442\u043a\u0430\u043c\u0438 \u0432 \u0441\u043e\u0443\u0441\u0435. 12 \u0448\u0442.*0.085 \u043a\u0433\"}]},{\"@type\":\"WebSite\",\"@id\":\"https:\\\/\\\/pet24.md\\\/#website\",\"url\":\"https:\\\/\\\/pet24.md\\\/\",\"name\":\"Pet24\",\"description\":\"\u0417\u043e\u043e\u043c\u0430\u0433\u0430\u0437\u0438\u043d \u0442\u043e\u0432\u0430\u0440\u043e\u0432 \u0434\u043b\u044f \u0434\u043e\u043c\u0430\u0448\u043d\u0438\u0445 \u043f\u0438\u0442\u043e\u043c\u0446\u0435\u0432\",\"publisher\":{\"@id\":\"https:\\\/\\\/pet24.md\\\/#organization\"},\"potentialAction\":[{\"@type\":\"SearchAction\",\"target\":{\"@type\":\"EntryPoint\",\"urlTemplate\":\"https:\\\/\\\/pet24.md\\\/?s={search_term_string}\"},\"query-input\":{\"@type\":\"PropertyValueSpecification\",\"valueRequired\":true,\"valueName\":\"search_term_string\"}}],\"inLanguage\":\"ro-RO\"},{\"@type\":\"Organization\",\"@id\":\"https:\\\/\\\/pet24.md\\\/#organization\",\"name\":\"Pet24\",\"url\":\"https:\\\/\\\/pet24.md\\\/\",\"logo\":{\"@type\":\"ImageObject\",\"inLanguage\":\"ro-RO\",\"@id\":\"https:\\\/\\\/pet24.md\\\/#\\\/schema\\\/logo\\\/image\\\/\",\"url\":\"https:\\\/\\\/pet24.md\\\/wp-content\\\/uploads\\\/2024\\\/09\\\/logo.svg\",\"contentUrl\":\"https:\\\/\\\/pet24.md\\\/wp-content\\\/uploads\\\/2024\\\/09\\\/logo.svg\",\"width\":215,\"height\":66,\"caption\":\"Pet24\"},\"image\":{\"@id\":\"https:\\\/\\\/pet24.md\\\/#\\\/schema\\\/logo\\\/image\\\/\"},\"sameAs\":[\"https:\\\/\\\/www.facebook.com\\\/pet24.md\",\"https:\\\/\\\/www.instagram.com\\\/pet24.md\\\/\"],\"telephone\":\"+37360508880\"}]}<\/script>\n<!-- \/ Yoast SEO Premium plugin. -->","yoast_head_json":{"title":"OPTIMEAL\u2122. Hrana completa pentru pisici fara cereale, cu somon si creveti in sos. 12 buc*0,085 kg","description":"\u041a\u0443\u043f\u0438\u0442\u044c OPTIMEAL \u2122. \u0411\u0435\u0437\u0437\u0435\u0440\u043d\u043e\u0432\u043e\u0439 \u043f\u043e\u043b\u043d\u043e\u0440\u0430\u0446\u0438\u043e\u043d\u043d\u044b\u0439 \u043a\u043e\u043d\u0441\u0435\u0440\u0432\u0438\u0440\u043e\u0432\u0430\u043d\u043d\u044b\u0439 \u043a\u043e\u0440\u043c \u0434\u043b\u044f \u043a\u043e\u0448\u0435\u043a \u0441 \u043b\u043e\u0441\u043e\u0441\u0435\u043c \u0438 \u043a\u0440\u0435\u0432\u0435\u0442\u043a\u0430\u043c\u0438 \u0432 \u0441\u043e\u0443\u0441\u0435. 12 \u0448\u0442.*0.085 \u043a\u0433 \u0441 \u0434\u043e\u0441\u0442\u0430\u0432\u043a\u043e\u0439 \u043f\u043e \u041a\u0438\u0448\u0438\u043d\u0435\u0432\u0443 \u0438 \u0432\u0441\u0435\u0439 \u041c\u043e\u043b\u0434\u043e\u0432\u0435 \u043d\u0430 Pet24","robots":{"index":"index","follow":"follow","max-snippet":"max-snippet:-1","max-image-preview":"max-image-preview:large","max-video-preview":"max-video-preview:-1"},"canonical":"https:\/\/pet24.md\/ro\/produs\/optimeal-bezzernovoj-polnoraczionnyj-kons\/","og_locale":"ro_RO","og_type":"article","og_title":"OPTIMEAL \u2122. \u0411\u0435\u0437\u0437\u0435\u0440\u043d\u043e\u0432\u043e\u0439 \u043f\u043e\u043b\u043d\u043e\u0440\u0430\u0446\u0438\u043e\u043d\u043d\u044b\u0439 \u043a\u043e\u043d\u0441\u0435\u0440\u0432\u0438\u0440\u043e\u0432\u0430\u043d\u043d\u044b\u0439 \u043a\u043e\u0440\u043c \u0434\u043b\u044f \u043a\u043e\u0448\u0435\u043a \u0441 \u043b\u043e\u0441\u043e\u0441\u0435\u043c \u0438 \u043a\u0440\u0435\u0432\u0435\u0442\u043a\u0430\u043c\u0438 \u0432 \u0441\u043e\u0443\u0441\u0435. 12 \u0448\u0442.*0.085 \u043a\u0433","og_description":"\u041a\u0443\u043f\u0438\u0442\u044c OPTIMEAL \u2122. \u0411\u0435\u0437\u0437\u0435\u0440\u043d\u043e\u0432\u043e\u0439 \u043f\u043e\u043b\u043d\u043e\u0440\u0430\u0446\u0438\u043e\u043d\u043d\u044b\u0439 \u043a\u043e\u043d\u0441\u0435\u0440\u0432\u0438\u0440\u043e\u0432\u0430\u043d\u043d\u044b\u0439 \u043a\u043e\u0440\u043c \u0434\u043b\u044f \u043a\u043e\u0448\u0435\u043a \u0441 \u043b\u043e\u0441\u043e\u0441\u0435\u043c \u0438 \u043a\u0440\u0435\u0432\u0435\u0442\u043a\u0430\u043c\u0438 \u0432 \u0441\u043e\u0443\u0441\u0435. 12 \u0448\u0442.*0.085 \u043a\u0433 \u0441 \u0434\u043e\u0441\u0442\u0430\u0432\u043a\u043e\u0439 \u043f\u043e \u041a\u0438\u0448\u0438\u043d\u0435\u0432\u0443 \u0438 \u0432\u0441\u0435\u0439 \u041c\u043e\u043b\u0434\u043e\u0432\u0435 \u043d\u0430 Pet24","og_url":"https:\/\/pet24.md\/ro\/produs\/optimeal-bezzernovoj-polnoraczionnyj-kons\/","og_site_name":"Pet24","article_publisher":"https:\/\/www.facebook.com\/pet24.md","article_modified_time":"2024-09-22T22:10:04+00:00","og_image":[{"width":600,"height":600,"url":"https:\/\/pet24.md\/wp-content\/uploads\/2024\/09\/lososem-i-krevetkami-v-souse.webp","type":"image\/webp"}],"twitter_card":"summary_large_image","schema":{"@context":"https:\/\/schema.org","@graph":[{"@type":"WebPage","@id":"https:\/\/pet24.md\/product\/optimeal-bezzernovoj-polnoraczionnyj-kons\/","url":"https:\/\/pet24.md\/product\/optimeal-bezzernovoj-polnoraczionnyj-kons\/","name":"OPTIMEAL\u2122. Hrana completa pentru pisici fara cereale, cu somon si creveti in sos. 12 buc*0,085 kg","isPartOf":{"@id":"https:\/\/pet24.md\/#website"},"primaryImageOfPage":{"@id":"https:\/\/pet24.md\/product\/optimeal-bezzernovoj-polnoraczionnyj-kons\/#primaryimage"},"image":{"@id":"https:\/\/pet24.md\/product\/optimeal-bezzernovoj-polnoraczionnyj-kons\/#primaryimage"},"thumbnailUrl":"https:\/\/pet24.md\/wp-content\/uploads\/2024\/09\/lososem-i-krevetkami-v-souse.webp","datePublished":"2023-01-04T22:29:21+00:00","dateModified":"2024-09-22T22:10:04+00:00","description":"\u041a\u0443\u043f\u0438\u0442\u044c OPTIMEAL \u2122. \u0411\u0435\u0437\u0437\u0435\u0440\u043d\u043e\u0432\u043e\u0439 \u043f\u043e\u043b\u043d\u043e\u0440\u0430\u0446\u0438\u043e\u043d\u043d\u044b\u0439 \u043a\u043e\u043d\u0441\u0435\u0440\u0432\u0438\u0440\u043e\u0432\u0430\u043d\u043d\u044b\u0439 \u043a\u043e\u0440\u043c \u0434\u043b\u044f \u043a\u043e\u0448\u0435\u043a \u0441 \u043b\u043e\u0441\u043e\u0441\u0435\u043c \u0438 \u043a\u0440\u0435\u0432\u0435\u0442\u043a\u0430\u043c\u0438 \u0432 \u0441\u043e\u0443\u0441\u0435. 12 \u0448\u0442.*0.085 \u043a\u0433 \u0441 \u0434\u043e\u0441\u0442\u0430\u0432\u043a\u043e\u0439 \u043f\u043e \u041a\u0438\u0448\u0438\u043d\u0435\u0432\u0443 \u0438 \u0432\u0441\u0435\u0439 \u041c\u043e\u043b\u0434\u043e\u0432\u0435 \u043d\u0430 Pet24","breadcrumb":{"@id":"https:\/\/pet24.md\/product\/optimeal-bezzernovoj-polnoraczionnyj-kons\/#breadcrumb"},"inLanguage":"ro-RO","potentialAction":[{"@type":"ReadAction","target":["https:\/\/pet24.md\/product\/optimeal-bezzernovoj-polnoraczionnyj-kons\/"]}]},{"@type":"ImageObject","inLanguage":"ro-RO","@id":"https:\/\/pet24.md\/product\/optimeal-bezzernovoj-polnoraczionnyj-kons\/#primaryimage","url":"https:\/\/pet24.md\/wp-content\/uploads\/2024\/09\/lososem-i-krevetkami-v-souse.webp","contentUrl":"https:\/\/pet24.md\/wp-content\/uploads\/2024\/09\/lososem-i-krevetkami-v-souse.webp","width":600,"height":600,"caption":"lososem i krevetkami v souse"},{"@type":"BreadcrumbList","@id":"https:\/\/pet24.md\/product\/optimeal-bezzernovoj-polnoraczionnyj-kons\/#breadcrumb","itemListElement":[{"@type":"ListItem","position":1,"name":"\u0413\u043b\u0430\u0432\u043d\u0430\u044f \u0441\u0442\u0440\u0430\u043d\u0438\u0446\u0430","item":"https:\/\/pet24.md\/"},{"@type":"ListItem","position":2,"name":"\u041c\u0430\u0433\u0430\u0437\u0438\u043d","item":"https:\/\/pet24.md\/shop\/"},{"@type":"ListItem","position":3,"name":"OPTIMEAL \u2122. \u0411\u0435\u0437\u0437\u0435\u0440\u043d\u043e\u0432\u043e\u0439 \u043f\u043e\u043b\u043d\u043e\u0440\u0430\u0446\u0438\u043e\u043d\u043d\u044b\u0439 \u043a\u043e\u043d\u0441\u0435\u0440\u0432\u0438\u0440\u043e\u0432\u0430\u043d\u043d\u044b\u0439 \u043a\u043e\u0440\u043c \u0434\u043b\u044f \u043a\u043e\u0448\u0435\u043a \u0441 \u043b\u043e\u0441\u043e\u0441\u0435\u043c \u0438 \u043a\u0440\u0435\u0432\u0435\u0442\u043a\u0430\u043c\u0438 \u0432 \u0441\u043e\u0443\u0441\u0435. 12 \u0448\u0442.*0.085 \u043a\u0433"}]},{"@type":"WebSite","@id":"https:\/\/pet24.md\/#website","url":"https:\/\/pet24.md\/","name":"Pet24","description":"Magazin de animale de companie","publisher":{"@id":"https:\/\/pet24.md\/#organization"},"potentialAction":[{"@type":"SearchAction","target":{"@type":"EntryPoint","urlTemplate":"https:\/\/pet24.md\/?s={search_term_string}"},"query-input":{"@type":"PropertyValueSpecification","valueRequired":true,"valueName":"search_term_string"}}],"inLanguage":"ro-RO"},{"@type":"Organization","@id":"https:\/\/pet24.md\/#organization","name":"Pet24","url":"https:\/\/pet24.md\/","logo":{"@type":"ImageObject","inLanguage":"ro-RO","@id":"https:\/\/pet24.md\/#\/schema\/logo\/image\/","url":"https:\/\/pet24.md\/wp-content\/uploads\/2024\/09\/logo.svg","contentUrl":"https:\/\/pet24.md\/wp-content\/uploads\/2024\/09\/logo.svg","width":215,"height":66,"caption":"Pet24"},"image":{"@id":"https:\/\/pet24.md\/#\/schema\/logo\/image\/"},"sameAs":["https:\/\/www.facebook.com\/pet24.md","https:\/\/www.instagram.com\/pet24.md\/"],"telephone":"+37360508880"}]}},"_links":{"self":[{"href":"https:\/\/pet24.md\/ro\/wp-json\/wp\/v2\/product\/15940","targetHints":{"allow":["GET"]}}],"collection":[{"href":"https:\/\/pet24.md\/ro\/wp-json\/wp\/v2\/product"}],"about":[{"href":"https:\/\/pet24.md\/ro\/wp-json\/wp\/v2\/types\/product"}],"replies":[{"embeddable":true,"href":"https:\/\/pet24.md\/ro\/wp-json\/wp\/v2\/comments?post=15940"}],"wp:featuredmedia":[{"embeddable":true,"href":"https:\/\/pet24.md\/ro\/wp-json\/wp\/v2\/media\/89351"}],"wp:attachment":[{"href":"https:\/\/pet24.md\/ro\/wp-json\/wp\/v2\/media?parent=15940"}],"wp:term":[{"taxonomy":"product_brand","embeddable":true,"href":"https:\/\/pet24.md\/ro\/wp-json\/wp\/v2\/product_brand?post=15940"},{"taxonomy":"product_cat","embeddable":true,"href":"https:\/\/pet24.md\/ro\/wp-json\/wp\/v2\/product_cat?post=15940"},{"taxonomy":"product_tag","embeddable":true,"href":"https:\/\/pet24.md\/ro\/wp-json\/wp\/v2\/product_tag?post=15940"}],"curies":[{"name":"wp","href":"https:\/\/api.w.org\/{rel}","templated":true}]}}