{"id":16035,"date":"2023-01-05T14:20:56","date_gmt":"2023-01-05T14:20:56","guid":{"rendered":"https:\/\/pet24.md\/?post_type=product&#038;p=16035"},"modified":"2024-09-22T22:10:10","modified_gmt":"2024-09-22T22:10:10","slug":"optimeal-nizkozernovoj-polnoraczionnyj-su","status":"publish","type":"product","link":"https:\/\/pet24.md\/ro\/produs\/optimeal-nizkozernovoj-polnoraczionnyj-su\/","title":{"rendered":"OPTIMEAL\u2122. Conserve f\u0103r\u0103 cereale pentru c\u00e2ini de talie mic\u0103, vi\u021bel \u0219i pui \u00een sos, 12\u00d70,085 kg"},"content":{"rendered":"<h3>OPTIMEAL\u2122. Conserve f\u0103r\u0103 cereale cu con\u021binut ridicat de gr\u0103simi pentru c\u00e2ini adul\u021bi de rase miniaturale \u0219i mici cu file de vi\u021bel \u0219i pui \u00een sos, 0,085 kg<\/h3>\n<p>OPTIMEAL\u2122 ofer\u0103 hran\u0103 conservat\u0103 de cea mai \u00eenalt\u0103 calitate, special formulat\u0103 pentru c\u00e2ini adul\u021bi \u00een miniatur\u0103 \u0219i rase mici. Aceast\u0103 hran\u0103 f\u0103r\u0103 cereale, f\u0103r\u0103 gluten, cu file de vi\u021bel \u0219i pui \u00een sos ofer\u0103 proteine animale de \u00eenalt\u0103 calitate \u0219i sus\u021bine s\u0103n\u0103tatea general\u0103 a c\u00e2inelui t\u0103u.<\/p>\n<h4>BENEFICII CHEIE<\/h4>\n<ul>\n<li><strong>Fara cereale si gluten:<\/strong> Formula este adaptat\u0103 pentru a exclude cerealele \u0219i glutenul, ideal\u0103 pentru c\u00e2inii cu sensibilit\u0103\u021bi alimentare.<\/li>\n<li><strong>Sistem urinar sanatos:<\/strong> Con\u021binut ridicat de ap\u0103 purificat\u0103 pentru men\u021binerea unui sistem urinar s\u0103n\u0103tos.<\/li>\n<li><strong>Proteine de \u00eenalt\u0103 calitate:<\/strong> Fileurile de vi\u021bel proasp\u0103t \u0219i de pui \u00eentregi ofer\u0103 proteine animale de \u00eenalt\u0103 calitate, u\u0219or digerabile, necesare dezvolt\u0103rii \u0219i men\u021binerii masei musculare.<\/li>\n<li><strong>Sursa naturala de vitamine:<\/strong> Fructele de p\u0103dure \u0219i ierburile adaug\u0103 vitamine \u0219i fibre naturale \u00een dieta c\u00e2inelui t\u0103u.<\/li>\n<li><strong>Carbohidra\u021bi cu indice glicemic sc\u0103zut:<\/strong> Con\u021binutul ridicat de legume ajut\u0103 la prevenirea diabetului datorit\u0103 carbohidra\u021bilor cu indice glicemic sc\u0103zut.<\/li>\n<li><strong>Complex de sprijin imunitar:<\/strong> Immunity Support Mix este un complex unic pentru stimularea sistemului imunitar, incluz\u00e2nd beta-glucani purifica\u021bi \u0219i probiotice de nou\u0103 genera\u021bie Actigen.<\/li>\n<li><strong>S\u0103n\u0103tatea pielii \u0219i a blanii:<\/strong> Omega 3 \u0219i 6, zincul \u0219i biotina ajut\u0103 la men\u021binerea pielii s\u0103n\u0103toase \u0219i a unui strat str\u0103lucitor.<\/li>\n<li><strong>Proteine animale:<\/strong> Con\u021bine 99.801 TP3T proteine animale pentru o nutri\u021bie optim\u0103.<\/li>\n<li><strong>Calitate SUPER PREMIUM:<\/strong> Formula este produs\u0103 sub supraveghere veterinar\u0103 folosind tehnologia Swiss Pet Nutrition Group, care garanteaz\u0103 cele mai \u00eenalte standarde de calitate.<\/li>\n<\/ul>\n<h4>Mix de sprijin pentru imunitate<\/h4>\n<ul>\n<li><strong>Beta glucani purifica\u021bi:<\/strong> \u00cembun\u0103t\u0103\u021bi\u021bi func\u021bia sistemului imunitar, asigur\u00e2nd o via\u021b\u0103 lung\u0103 \u0219i s\u0103n\u0103toas\u0103 pentru animalul dvs. de companie.<\/li>\n<li><strong>Probioticele Actigen:<\/strong> Normalizeaz\u0103 echilibrul microflorei intestinale benefice \u0219i asigur\u0103 o digestie s\u0103n\u0103toas\u0103.<\/li>\n<li><strong>SubStar ULTRA:<\/strong> Un antioxidant natural pe baz\u0103 de rozmarin cu propriet\u0103\u021bi antimicrobiene \u0219i antiinflamatorii care previn distrugerea celulelor \u0219i bolile la animale.<\/li>\n<li><strong>OMEGA 3 \u0219i 6, zinc, biotin\u0103:<\/strong> : Sprijin\u0103 pielea s\u0103n\u0103toas\u0103 \u0219i blana frumoas\u0103<\/li>\n<\/ul>","protected":false},"excerpt":{"rendered":"<p>OPTIMEAL\u2122. Conserve f\u0103r\u0103 cereale cu un con\u021binut ridicat de gr\u0103simi pentru c\u00e2ini adul\u021bi de rase miniaturale \u0219i mici cu file de vi\u021bel \u0219i pui \u00een...<\/p>","protected":false},"featured_media":89397,"comment_status":"closed","ping_status":"closed","template":"","meta":[],"product_brand":[],"product_cat":[136,294,293],"product_tag":[321,338,353,240,296,324,372,351],"class_list":{"0":"post-16035","1":"product","2":"type-product","3":"status-publish","4":"has-post-thumbnail","6":"product_cat-dog","7":"product_cat-dogwet","8":"product_cat-dogfood","9":"product_tag-optimeal","10":"product_tag-optimeal-sobakam","11":"product_tag-bezzernovoj","12":"product_tag-vzroslaya-sobaka","13":"product_tag-vlazhnyj-korm","14":"product_tag-kuricza","15":"product_tag-malaya-paroda","16":"product_tag-telyatina","17":"pa_age-pet-vzroslyj","18":"pa_brand-optimeal","19":"pa_breed-size-dlya-melkih-porod","20":"pa_breed-size-dlya-miniatyurnyh-porod","21":"pa_feed-class-super-premium","22":"pa_meat-ingredients-kuricza","23":"pa_meat-ingredients-telyatina","24":"pa_packaging-pauchi","25":"pa_pet-sobaka","26":"pa_pet-feature-zdorovyj-pitomecz","27":"pa_type-feed-vlazhnyj-korm","28":"pa_weight-85-gr","30":"first","31":"outofstock","32":"product-type-simple"},"yoast_head":"<!-- This site is optimized with the Yoast SEO Premium plugin v23.7 (Yoast SEO v27.5) - https:\/\/yoast.com\/product\/yoast-seo-premium-wordpress\/ -->\n<title>OPTIMEAL\u2122. \u0411\u0435\u0437\u0437\u0435\u0440\u043d\u043e\u0432\u044b\u0435 \u043a\u043e\u043d\u0441\u0435\u0440\u0432\u044b \u0434\u043b\u044f \u043c\u0430\u043b\u0435\u043d\u044c\u043a\u0438\u0445 \u0441\u043e\u0431\u0430\u043a, \u0442\u0435\u043b\u044f\u0442\u0438\u043d\u0430 \u0438 \u043a\u0443\u0440\u0438\u0446\u0430 \u0432 \u0441\u043e\u0443\u0441\u0435, 12x0.085 \u043a\u0433<\/title>\n<meta name=\"description\" content=\"\u041a\u0443\u043f\u0438\u0442\u044c OPTIMEAL\u2122. \u0411\u0435\u0437\u0437\u0435\u0440\u043d\u043e\u0432\u044b\u0435 \u043a\u043e\u043d\u0441\u0435\u0440\u0432\u044b \u0434\u043b\u044f \u043c\u0430\u043b\u0435\u043d\u044c\u043a\u0438\u0445 \u0441\u043e\u0431\u0430\u043a, \u0442\u0435\u043b\u044f\u0442\u0438\u043d\u0430 \u0438 \u043a\u0443\u0440\u0438\u0446\u0430 \u0432 \u0441\u043e\u0443\u0441\u0435, 12x0.085 \u043a\u0433 \u0441 \u0434\u043e\u0441\u0442\u0430\u0432\u043a\u043e\u0439 \u043f\u043e \u041a\u0438\u0448\u0438\u043d\u0435\u0432\u0443 \u0438 \u0432\u0441\u0435\u0439 \u041c\u043e\u043b\u0434\u043e\u0432\u0435 \u043d\u0430 Pet24\" \/>\n<meta name=\"robots\" content=\"index, follow, max-snippet:-1, max-image-preview:large, max-video-preview:-1\" \/>\n<link rel=\"canonical\" href=\"https:\/\/pet24.md\/ro\/produs\/optimeal-nizkozernovoj-polnoraczionnyj-su\/\" \/>\n<meta property=\"og:locale\" content=\"ro_RO\" \/>\n<meta property=\"og:type\" content=\"article\" \/>\n<meta property=\"og:title\" content=\"OPTIMEAL\u2122. \u0411\u0435\u0437\u0437\u0435\u0440\u043d\u043e\u0432\u044b\u0435 \u043a\u043e\u043d\u0441\u0435\u0440\u0432\u044b \u0434\u043b\u044f \u043c\u0430\u043b\u0435\u043d\u044c\u043a\u0438\u0445 \u0441\u043e\u0431\u0430\u043a, \u0442\u0435\u043b\u044f\u0442\u0438\u043d\u0430 \u0438 \u043a\u0443\u0440\u0438\u0446\u0430 \u0432 \u0441\u043e\u0443\u0441\u0435, 12x0.085 \u043a\u0433\" \/>\n<meta property=\"og:description\" content=\"\u041a\u0443\u043f\u0438\u0442\u044c OPTIMEAL\u2122. \u0411\u0435\u0437\u0437\u0435\u0440\u043d\u043e\u0432\u044b\u0435 \u043a\u043e\u043d\u0441\u0435\u0440\u0432\u044b \u0434\u043b\u044f \u043c\u0430\u043b\u0435\u043d\u044c\u043a\u0438\u0445 \u0441\u043e\u0431\u0430\u043a, \u0442\u0435\u043b\u044f\u0442\u0438\u043d\u0430 \u0438 \u043a\u0443\u0440\u0438\u0446\u0430 \u0432 \u0441\u043e\u0443\u0441\u0435, 12x0.085 \u043a\u0433 \u0441 \u0434\u043e\u0441\u0442\u0430\u0432\u043a\u043e\u0439 \u043f\u043e \u041a\u0438\u0448\u0438\u043d\u0435\u0432\u0443 \u0438 \u0432\u0441\u0435\u0439 \u041c\u043e\u043b\u0434\u043e\u0432\u0435 \u043d\u0430 Pet24\" \/>\n<meta property=\"og:url\" content=\"https:\/\/pet24.md\/ro\/produs\/optimeal-nizkozernovoj-polnoraczionnyj-su\/\" \/>\n<meta property=\"og:site_name\" content=\"Pet24\" \/>\n<meta property=\"article:publisher\" content=\"https:\/\/www.facebook.com\/pet24.md\" \/>\n<meta property=\"article:modified_time\" content=\"2024-09-22T22:10:10+00:00\" \/>\n<meta property=\"og:image\" content=\"https:\/\/pet24.md\/wp-content\/uploads\/2024\/09\/optimeal-\u2122-bezzernovoj-polnoraczionnyj-konservirovannyj-korm-dlya-vzroslyh-sobak-miniatyurnyh-i-malyh-porod-s-telyatinoj-i-kurinym-file-v-souse-upakovka-12-sht0085-kg.webp\" \/>\n\t<meta property=\"og:image:width\" content=\"600\" \/>\n\t<meta property=\"og:image:height\" content=\"600\" \/>\n\t<meta property=\"og:image:type\" content=\"image\/webp\" \/>\n<meta name=\"twitter:card\" content=\"summary_large_image\" \/>\n<script type=\"application\/ld+json\" class=\"yoast-schema-graph\">{\"@context\":\"https:\\\/\\\/schema.org\",\"@graph\":[{\"@type\":\"WebPage\",\"@id\":\"https:\\\/\\\/pet24.md\\\/product\\\/optimeal-nizkozernovoj-polnoraczionnyj-su\\\/\",\"url\":\"https:\\\/\\\/pet24.md\\\/product\\\/optimeal-nizkozernovoj-polnoraczionnyj-su\\\/\",\"name\":\"OPTIMEAL\u2122. \u0411\u0435\u0437\u0437\u0435\u0440\u043d\u043e\u0432\u044b\u0435 \u043a\u043e\u043d\u0441\u0435\u0440\u0432\u044b \u0434\u043b\u044f \u043c\u0430\u043b\u0435\u043d\u044c\u043a\u0438\u0445 \u0441\u043e\u0431\u0430\u043a, \u0442\u0435\u043b\u044f\u0442\u0438\u043d\u0430 \u0438 \u043a\u0443\u0440\u0438\u0446\u0430 \u0432 \u0441\u043e\u0443\u0441\u0435, 12x0.085 \u043a\u0433\",\"isPartOf\":{\"@id\":\"https:\\\/\\\/pet24.md\\\/#website\"},\"primaryImageOfPage\":{\"@id\":\"https:\\\/\\\/pet24.md\\\/product\\\/optimeal-nizkozernovoj-polnoraczionnyj-su\\\/#primaryimage\"},\"image\":{\"@id\":\"https:\\\/\\\/pet24.md\\\/product\\\/optimeal-nizkozernovoj-polnoraczionnyj-su\\\/#primaryimage\"},\"thumbnailUrl\":\"https:\\\/\\\/pet24.md\\\/wp-content\\\/uploads\\\/2024\\\/09\\\/optimeal-\u2122-bezzernovoj-polnoraczionnyj-konservirovannyj-korm-dlya-vzroslyh-sobak-miniatyurnyh-i-malyh-porod-s-telyatinoj-i-kurinym-file-v-souse-upakovka-12-sht0085-kg.webp\",\"datePublished\":\"2023-01-05T14:20:56+00:00\",\"dateModified\":\"2024-09-22T22:10:10+00:00\",\"description\":\"\u041a\u0443\u043f\u0438\u0442\u044c OPTIMEAL\u2122. \u0411\u0435\u0437\u0437\u0435\u0440\u043d\u043e\u0432\u044b\u0435 \u043a\u043e\u043d\u0441\u0435\u0440\u0432\u044b \u0434\u043b\u044f \u043c\u0430\u043b\u0435\u043d\u044c\u043a\u0438\u0445 \u0441\u043e\u0431\u0430\u043a, \u0442\u0435\u043b\u044f\u0442\u0438\u043d\u0430 \u0438 \u043a\u0443\u0440\u0438\u0446\u0430 \u0432 \u0441\u043e\u0443\u0441\u0435, 12x0.085 \u043a\u0433 \u0441 \u0434\u043e\u0441\u0442\u0430\u0432\u043a\u043e\u0439 \u043f\u043e \u041a\u0438\u0448\u0438\u043d\u0435\u0432\u0443 \u0438 \u0432\u0441\u0435\u0439 \u041c\u043e\u043b\u0434\u043e\u0432\u0435 \u043d\u0430 Pet24\",\"breadcrumb\":{\"@id\":\"https:\\\/\\\/pet24.md\\\/product\\\/optimeal-nizkozernovoj-polnoraczionnyj-su\\\/#breadcrumb\"},\"inLanguage\":\"ro-RO\",\"potentialAction\":[{\"@type\":\"ReadAction\",\"target\":[\"https:\\\/\\\/pet24.md\\\/product\\\/optimeal-nizkozernovoj-polnoraczionnyj-su\\\/\"]}]},{\"@type\":\"ImageObject\",\"inLanguage\":\"ro-RO\",\"@id\":\"https:\\\/\\\/pet24.md\\\/product\\\/optimeal-nizkozernovoj-polnoraczionnyj-su\\\/#primaryimage\",\"url\":\"https:\\\/\\\/pet24.md\\\/wp-content\\\/uploads\\\/2024\\\/09\\\/optimeal-\u2122-bezzernovoj-polnoraczionnyj-konservirovannyj-korm-dlya-vzroslyh-sobak-miniatyurnyh-i-malyh-porod-s-telyatinoj-i-kurinym-file-v-souse-upakovka-12-sht0085-kg.webp\",\"contentUrl\":\"https:\\\/\\\/pet24.md\\\/wp-content\\\/uploads\\\/2024\\\/09\\\/optimeal-\u2122-bezzernovoj-polnoraczionnyj-konservirovannyj-korm-dlya-vzroslyh-sobak-miniatyurnyh-i-malyh-porod-s-telyatinoj-i-kurinym-file-v-souse-upakovka-12-sht0085-kg.webp\",\"width\":600,\"height\":600,\"caption\":\"optimeal \u2122 bezzernovoj polnoraczionnyj konservirovannyj korm dlya vzroslyh sobak miniatyurnyh i malyh porod s telyatinoj i kurinym file v souse upakovka 12 sht0085 kg\"},{\"@type\":\"BreadcrumbList\",\"@id\":\"https:\\\/\\\/pet24.md\\\/product\\\/optimeal-nizkozernovoj-polnoraczionnyj-su\\\/#breadcrumb\",\"itemListElement\":[{\"@type\":\"ListItem\",\"position\":1,\"name\":\"\u0413\u043b\u0430\u0432\u043d\u0430\u044f \u0441\u0442\u0440\u0430\u043d\u0438\u0446\u0430\",\"item\":\"https:\\\/\\\/pet24.md\\\/\"},{\"@type\":\"ListItem\",\"position\":2,\"name\":\"\u041c\u0430\u0433\u0430\u0437\u0438\u043d\",\"item\":\"https:\\\/\\\/pet24.md\\\/shop\\\/\"},{\"@type\":\"ListItem\",\"position\":3,\"name\":\"OPTIMEAL\u2122. \u0411\u0435\u0437\u0437\u0435\u0440\u043d\u043e\u0432\u044b\u0435 \u043a\u043e\u043d\u0441\u0435\u0440\u0432\u044b \u0434\u043b\u044f \u043c\u0430\u043b\u0435\u043d\u044c\u043a\u0438\u0445 \u0441\u043e\u0431\u0430\u043a, \u0442\u0435\u043b\u044f\u0442\u0438\u043d\u0430 \u0438 \u043a\u0443\u0440\u0438\u0446\u0430 \u0432 \u0441\u043e\u0443\u0441\u0435, 12&#215;0.085 \u043a\u0433\"}]},{\"@type\":\"WebSite\",\"@id\":\"https:\\\/\\\/pet24.md\\\/#website\",\"url\":\"https:\\\/\\\/pet24.md\\\/\",\"name\":\"Pet24\",\"description\":\"\u0417\u043e\u043e\u043c\u0430\u0433\u0430\u0437\u0438\u043d \u0442\u043e\u0432\u0430\u0440\u043e\u0432 \u0434\u043b\u044f \u0434\u043e\u043c\u0430\u0448\u043d\u0438\u0445 \u043f\u0438\u0442\u043e\u043c\u0446\u0435\u0432\",\"publisher\":{\"@id\":\"https:\\\/\\\/pet24.md\\\/#organization\"},\"potentialAction\":[{\"@type\":\"SearchAction\",\"target\":{\"@type\":\"EntryPoint\",\"urlTemplate\":\"https:\\\/\\\/pet24.md\\\/?s={search_term_string}\"},\"query-input\":{\"@type\":\"PropertyValueSpecification\",\"valueRequired\":true,\"valueName\":\"search_term_string\"}}],\"inLanguage\":\"ro-RO\"},{\"@type\":\"Organization\",\"@id\":\"https:\\\/\\\/pet24.md\\\/#organization\",\"name\":\"Pet24\",\"url\":\"https:\\\/\\\/pet24.md\\\/\",\"logo\":{\"@type\":\"ImageObject\",\"inLanguage\":\"ro-RO\",\"@id\":\"https:\\\/\\\/pet24.md\\\/#\\\/schema\\\/logo\\\/image\\\/\",\"url\":\"https:\\\/\\\/pet24.md\\\/wp-content\\\/uploads\\\/2024\\\/09\\\/logo.svg\",\"contentUrl\":\"https:\\\/\\\/pet24.md\\\/wp-content\\\/uploads\\\/2024\\\/09\\\/logo.svg\",\"width\":215,\"height\":66,\"caption\":\"Pet24\"},\"image\":{\"@id\":\"https:\\\/\\\/pet24.md\\\/#\\\/schema\\\/logo\\\/image\\\/\"},\"sameAs\":[\"https:\\\/\\\/www.facebook.com\\\/pet24.md\",\"https:\\\/\\\/www.instagram.com\\\/pet24.md\\\/\"],\"telephone\":\"+37360508880\"}]}<\/script>\n<!-- \/ Yoast SEO Premium plugin. -->","yoast_head_json":{"title":"OPTIMEAL\u2122. \u0411\u0435\u0437\u0437\u0435\u0440\u043d\u043e\u0432\u044b\u0435 \u043a\u043e\u043d\u0441\u0435\u0440\u0432\u044b \u0434\u043b\u044f \u043c\u0430\u043b\u0435\u043d\u044c\u043a\u0438\u0445 \u0441\u043e\u0431\u0430\u043a, \u0442\u0435\u043b\u044f\u0442\u0438\u043d\u0430 \u0438 \u043a\u0443\u0440\u0438\u0446\u0430 \u0432 \u0441\u043e\u0443\u0441\u0435, 12x0.085 \u043a\u0433","description":"\u041a\u0443\u043f\u0438\u0442\u044c OPTIMEAL\u2122. \u0411\u0435\u0437\u0437\u0435\u0440\u043d\u043e\u0432\u044b\u0435 \u043a\u043e\u043d\u0441\u0435\u0440\u0432\u044b \u0434\u043b\u044f \u043c\u0430\u043b\u0435\u043d\u044c\u043a\u0438\u0445 \u0441\u043e\u0431\u0430\u043a, \u0442\u0435\u043b\u044f\u0442\u0438\u043d\u0430 \u0438 \u043a\u0443\u0440\u0438\u0446\u0430 \u0432 \u0441\u043e\u0443\u0441\u0435, 12x0.085 \u043a\u0433 \u0441 \u0434\u043e\u0441\u0442\u0430\u0432\u043a\u043e\u0439 \u043f\u043e \u041a\u0438\u0448\u0438\u043d\u0435\u0432\u0443 \u0438 \u0432\u0441\u0435\u0439 \u041c\u043e\u043b\u0434\u043e\u0432\u0435 \u043d\u0430 Pet24","robots":{"index":"index","follow":"follow","max-snippet":"max-snippet:-1","max-image-preview":"max-image-preview:large","max-video-preview":"max-video-preview:-1"},"canonical":"https:\/\/pet24.md\/ro\/produs\/optimeal-nizkozernovoj-polnoraczionnyj-su\/","og_locale":"ro_RO","og_type":"article","og_title":"OPTIMEAL\u2122. \u0411\u0435\u0437\u0437\u0435\u0440\u043d\u043e\u0432\u044b\u0435 \u043a\u043e\u043d\u0441\u0435\u0440\u0432\u044b \u0434\u043b\u044f \u043c\u0430\u043b\u0435\u043d\u044c\u043a\u0438\u0445 \u0441\u043e\u0431\u0430\u043a, \u0442\u0435\u043b\u044f\u0442\u0438\u043d\u0430 \u0438 \u043a\u0443\u0440\u0438\u0446\u0430 \u0432 \u0441\u043e\u0443\u0441\u0435, 12x0.085 \u043a\u0433","og_description":"\u041a\u0443\u043f\u0438\u0442\u044c OPTIMEAL\u2122. \u0411\u0435\u0437\u0437\u0435\u0440\u043d\u043e\u0432\u044b\u0435 \u043a\u043e\u043d\u0441\u0435\u0440\u0432\u044b \u0434\u043b\u044f \u043c\u0430\u043b\u0435\u043d\u044c\u043a\u0438\u0445 \u0441\u043e\u0431\u0430\u043a, \u0442\u0435\u043b\u044f\u0442\u0438\u043d\u0430 \u0438 \u043a\u0443\u0440\u0438\u0446\u0430 \u0432 \u0441\u043e\u0443\u0441\u0435, 12x0.085 \u043a\u0433 \u0441 \u0434\u043e\u0441\u0442\u0430\u0432\u043a\u043e\u0439 \u043f\u043e \u041a\u0438\u0448\u0438\u043d\u0435\u0432\u0443 \u0438 \u0432\u0441\u0435\u0439 \u041c\u043e\u043b\u0434\u043e\u0432\u0435 \u043d\u0430 Pet24","og_url":"https:\/\/pet24.md\/ro\/produs\/optimeal-nizkozernovoj-polnoraczionnyj-su\/","og_site_name":"Pet24","article_publisher":"https:\/\/www.facebook.com\/pet24.md","article_modified_time":"2024-09-22T22:10:10+00:00","og_image":[{"width":600,"height":600,"url":"https:\/\/pet24.md\/wp-content\/uploads\/2024\/09\/optimeal-\u2122-bezzernovoj-polnoraczionnyj-konservirovannyj-korm-dlya-vzroslyh-sobak-miniatyurnyh-i-malyh-porod-s-telyatinoj-i-kurinym-file-v-souse-upakovka-12-sht0085-kg.webp","type":"image\/webp"}],"twitter_card":"summary_large_image","schema":{"@context":"https:\/\/schema.org","@graph":[{"@type":"WebPage","@id":"https:\/\/pet24.md\/product\/optimeal-nizkozernovoj-polnoraczionnyj-su\/","url":"https:\/\/pet24.md\/product\/optimeal-nizkozernovoj-polnoraczionnyj-su\/","name":"OPTIMEAL\u2122. \u0411\u0435\u0437\u0437\u0435\u0440\u043d\u043e\u0432\u044b\u0435 \u043a\u043e\u043d\u0441\u0435\u0440\u0432\u044b \u0434\u043b\u044f \u043c\u0430\u043b\u0435\u043d\u044c\u043a\u0438\u0445 \u0441\u043e\u0431\u0430\u043a, \u0442\u0435\u043b\u044f\u0442\u0438\u043d\u0430 \u0438 \u043a\u0443\u0440\u0438\u0446\u0430 \u0432 \u0441\u043e\u0443\u0441\u0435, 12x0.085 \u043a\u0433","isPartOf":{"@id":"https:\/\/pet24.md\/#website"},"primaryImageOfPage":{"@id":"https:\/\/pet24.md\/product\/optimeal-nizkozernovoj-polnoraczionnyj-su\/#primaryimage"},"image":{"@id":"https:\/\/pet24.md\/product\/optimeal-nizkozernovoj-polnoraczionnyj-su\/#primaryimage"},"thumbnailUrl":"https:\/\/pet24.md\/wp-content\/uploads\/2024\/09\/optimeal-\u2122-bezzernovoj-polnoraczionnyj-konservirovannyj-korm-dlya-vzroslyh-sobak-miniatyurnyh-i-malyh-porod-s-telyatinoj-i-kurinym-file-v-souse-upakovka-12-sht0085-kg.webp","datePublished":"2023-01-05T14:20:56+00:00","dateModified":"2024-09-22T22:10:10+00:00","description":"\u041a\u0443\u043f\u0438\u0442\u044c OPTIMEAL\u2122. \u0411\u0435\u0437\u0437\u0435\u0440\u043d\u043e\u0432\u044b\u0435 \u043a\u043e\u043d\u0441\u0435\u0440\u0432\u044b \u0434\u043b\u044f \u043c\u0430\u043b\u0435\u043d\u044c\u043a\u0438\u0445 \u0441\u043e\u0431\u0430\u043a, \u0442\u0435\u043b\u044f\u0442\u0438\u043d\u0430 \u0438 \u043a\u0443\u0440\u0438\u0446\u0430 \u0432 \u0441\u043e\u0443\u0441\u0435, 12x0.085 \u043a\u0433 \u0441 \u0434\u043e\u0441\u0442\u0430\u0432\u043a\u043e\u0439 \u043f\u043e \u041a\u0438\u0448\u0438\u043d\u0435\u0432\u0443 \u0438 \u0432\u0441\u0435\u0439 \u041c\u043e\u043b\u0434\u043e\u0432\u0435 \u043d\u0430 Pet24","breadcrumb":{"@id":"https:\/\/pet24.md\/product\/optimeal-nizkozernovoj-polnoraczionnyj-su\/#breadcrumb"},"inLanguage":"ro-RO","potentialAction":[{"@type":"ReadAction","target":["https:\/\/pet24.md\/product\/optimeal-nizkozernovoj-polnoraczionnyj-su\/"]}]},{"@type":"ImageObject","inLanguage":"ro-RO","@id":"https:\/\/pet24.md\/product\/optimeal-nizkozernovoj-polnoraczionnyj-su\/#primaryimage","url":"https:\/\/pet24.md\/wp-content\/uploads\/2024\/09\/optimeal-\u2122-bezzernovoj-polnoraczionnyj-konservirovannyj-korm-dlya-vzroslyh-sobak-miniatyurnyh-i-malyh-porod-s-telyatinoj-i-kurinym-file-v-souse-upakovka-12-sht0085-kg.webp","contentUrl":"https:\/\/pet24.md\/wp-content\/uploads\/2024\/09\/optimeal-\u2122-bezzernovoj-polnoraczionnyj-konservirovannyj-korm-dlya-vzroslyh-sobak-miniatyurnyh-i-malyh-porod-s-telyatinoj-i-kurinym-file-v-souse-upakovka-12-sht0085-kg.webp","width":600,"height":600,"caption":"optimeal \u2122 bezzernovoj polnoraczionnyj konservirovannyj korm dlya vzroslyh sobak miniatyurnyh i malyh porod s telyatinoj i kurinym file v souse upakovka 12 sht0085 kg"},{"@type":"BreadcrumbList","@id":"https:\/\/pet24.md\/product\/optimeal-nizkozernovoj-polnoraczionnyj-su\/#breadcrumb","itemListElement":[{"@type":"ListItem","position":1,"name":"\u0413\u043b\u0430\u0432\u043d\u0430\u044f \u0441\u0442\u0440\u0430\u043d\u0438\u0446\u0430","item":"https:\/\/pet24.md\/"},{"@type":"ListItem","position":2,"name":"\u041c\u0430\u0433\u0430\u0437\u0438\u043d","item":"https:\/\/pet24.md\/shop\/"},{"@type":"ListItem","position":3,"name":"OPTIMEAL\u2122. \u0411\u0435\u0437\u0437\u0435\u0440\u043d\u043e\u0432\u044b\u0435 \u043a\u043e\u043d\u0441\u0435\u0440\u0432\u044b \u0434\u043b\u044f \u043c\u0430\u043b\u0435\u043d\u044c\u043a\u0438\u0445 \u0441\u043e\u0431\u0430\u043a, \u0442\u0435\u043b\u044f\u0442\u0438\u043d\u0430 \u0438 \u043a\u0443\u0440\u0438\u0446\u0430 \u0432 \u0441\u043e\u0443\u0441\u0435, 12&#215;0.085 \u043a\u0433"}]},{"@type":"WebSite","@id":"https:\/\/pet24.md\/#website","url":"https:\/\/pet24.md\/","name":"Pet24","description":"Magazin de animale de companie","publisher":{"@id":"https:\/\/pet24.md\/#organization"},"potentialAction":[{"@type":"SearchAction","target":{"@type":"EntryPoint","urlTemplate":"https:\/\/pet24.md\/?s={search_term_string}"},"query-input":{"@type":"PropertyValueSpecification","valueRequired":true,"valueName":"search_term_string"}}],"inLanguage":"ro-RO"},{"@type":"Organization","@id":"https:\/\/pet24.md\/#organization","name":"Pet24","url":"https:\/\/pet24.md\/","logo":{"@type":"ImageObject","inLanguage":"ro-RO","@id":"https:\/\/pet24.md\/#\/schema\/logo\/image\/","url":"https:\/\/pet24.md\/wp-content\/uploads\/2024\/09\/logo.svg","contentUrl":"https:\/\/pet24.md\/wp-content\/uploads\/2024\/09\/logo.svg","width":215,"height":66,"caption":"Pet24"},"image":{"@id":"https:\/\/pet24.md\/#\/schema\/logo\/image\/"},"sameAs":["https:\/\/www.facebook.com\/pet24.md","https:\/\/www.instagram.com\/pet24.md\/"],"telephone":"+37360508880"}]}},"_links":{"self":[{"href":"https:\/\/pet24.md\/ro\/wp-json\/wp\/v2\/product\/16035","targetHints":{"allow":["GET"]}}],"collection":[{"href":"https:\/\/pet24.md\/ro\/wp-json\/wp\/v2\/product"}],"about":[{"href":"https:\/\/pet24.md\/ro\/wp-json\/wp\/v2\/types\/product"}],"replies":[{"embeddable":true,"href":"https:\/\/pet24.md\/ro\/wp-json\/wp\/v2\/comments?post=16035"}],"wp:featuredmedia":[{"embeddable":true,"href":"https:\/\/pet24.md\/ro\/wp-json\/wp\/v2\/media\/89397"}],"wp:attachment":[{"href":"https:\/\/pet24.md\/ro\/wp-json\/wp\/v2\/media?parent=16035"}],"wp:term":[{"taxonomy":"product_brand","embeddable":true,"href":"https:\/\/pet24.md\/ro\/wp-json\/wp\/v2\/product_brand?post=16035"},{"taxonomy":"product_cat","embeddable":true,"href":"https:\/\/pet24.md\/ro\/wp-json\/wp\/v2\/product_cat?post=16035"},{"taxonomy":"product_tag","embeddable":true,"href":"https:\/\/pet24.md\/ro\/wp-json\/wp\/v2\/product_tag?post=16035"}],"curies":[{"name":"wp","href":"https:\/\/api.w.org\/{rel}","templated":true}]}}