{"id":16085,"date":"2023-01-05T14:48:22","date_gmt":"2023-01-05T14:48:22","guid":{"rendered":"https:\/\/pet24.md\/?post_type=product&#038;p=16085"},"modified":"2024-09-22T22:10:13","modified_gmt":"2024-09-22T22:10:13","slug":"optimeal-polnoraczionnyj-suhoj-korm-dlya-ste-7","status":"publish","type":"product","link":"https:\/\/pet24.md\/ro\/produs\/optimeal-polnoraczionnyj-suhoj-korm-dlya-ste-7\/","title":{"rendered":"OPTIMEAL\u2122. Hrana uscata completa pentru pisici si pisoi \u2013 carne de vita si sorg 10 kg"},"content":{"rendered":"<p><strong>OPTIMEAL\u2122. Hrana uscata completa pentru pisici sterilizate si sterilizate \u2013 cu un continut ridicat de carne de vita si sorg<\/strong><\/p>\n<p><strong>Avantaje:<\/strong><\/p>\n<ul>\n<li><strong>Sus\u021bine s\u0103n\u0103tatea tractului urinar cu con\u021binut echilibrat de minerale.<\/strong><\/li>\n<li><strong>Mentine greutatea optima datorita L-carnitinei.<\/strong><\/li>\n<li><strong>\u00cent\u0103re\u0219te sistemul imunitar.<\/strong><\/li>\n<\/ul>\n<p><strong>Descriere:<\/strong> Con\u021binutul de minerale echilibrat sus\u021bine s\u0103n\u0103tatea tractului urinar prin producerea de urin\u0103 cu concentra\u021bii sc\u0103zute de cristale \u0219i men\u021binerea pH-ului optim. Aminoacidul special L-carnitina ajut\u0103 la transformarea excesului de gr\u0103sime \u00een energie \u0219i men\u021bine silueta optim\u0103 a pisicii. Carnea de vit\u0103 proasp\u0103t\u0103 m\u0103cinat\u0103 ofer\u0103 pisicii tale proteine animale de \u00eenalt\u0103 calitate, u\u0219or digerabile, care promoveaz\u0103 o digestie s\u0103n\u0103toas\u0103. Con\u021bine complexul Immunity Support Mix pentru \u00eent\u0103rirea sistemului imunitar, ierburi benefice, fructe de p\u0103dure, antioxidan\u021bi naturali \u0219i prebiotice. Omega-3 \u0219i 6, zinc, biotina ajut\u0103 la men\u021binerea s\u0103n\u0103toas\u0103 a pielii pisicii \u0219i a blanii str\u0103lucitoare. Con\u021bine 62,38 proteine % de origine animal\u0103. Formula SUPER PREMIUM. Dieta este produs\u0103 sub supravegherea medicilor veterinari folosind tehnologia companiei elve\u021biene Swiss Pet Nutrition Group.<\/p>\n<p><strong>Compus:<\/strong> protein\u0103 deshidratat\u0103 din carne de vit\u0103, nu mai pu\u021bin de 14 %, protein\u0103 deshidratat\u0103 de curcan 12 %, protein\u0103 deshidratat\u0103 de pui 12 %, orez, gluten de porumb, sorg integral 8 %, porumb, gr\u0103sime de pui, protein\u0103 hidrolizat\u0103 de pui 3,5 %, fibre de pulp\u0103 vegetal\u0103, minerale , semin\u021be de in 1,9 %, drojdie de bere, ou pudr\u0103, ficat de pui hidrolizat \u0219i uscat, ulei de somon, meri\u0219or 0,2 %, ulei de borage, beta 1,3\/1,6 glucani 0,05 % , MOS (mananode) surs\u0103 de maridin\u0103 TP304 .04 % , r\u0103d\u0103cin\u0103 de brusture, r\u0103d\u0103cin\u0103 de marshmallow, flori de mu\u0219e\u021bel 0,03 %, urzic\u0103 0,03 %, cimbru 0,015 %.<\/p>\n<p><strong>Valoare nutritiva:<\/strong> protein\u0103 brut\u0103 \u2013 37 %, gr\u0103sime brut\u0103 \u2013 12 %, cenu\u0219\u0103 brut\u0103 \u2013 6,5 %, fibre brute \u2013 4,6 %, calciu \u2013 0,95 %, fosfor \u2013 0,85 %, potasiu \u2013 0,08 TP30T, magneziu \u2013 0,91 TP3T, umiditate TP3T. La 1 kg de furaj: acizi gra\u0219i omega-3 \u2013 6,8 g, acizi gra\u0219i omega-6 \u2013 33,27 g 62,38 proteine % de origine animal\u0103.<\/p>\n<p><strong>Aditivi:<\/strong> Suplimente nutritive la 1 kg de furaj, mg\/kg: vitamina A (3a672a): 15.000 UI, vitamina D3 (3a671): 750 UI, vitamina E (3a700): 600, vitamina C (3a300): 200, vitamina B6 (3a831) ): 6, biotin\u0103 (3a880): 0,08, L-carnitin\u0103 (3a910): 100, taurin\u0103 (3a370): 2.100; oligoelemente: fier (3b103): 35, iod (3b201): 2,5, cupru (3b405): 8,2, mangan (3b503): 38, zinc (3b604): 148, seleniu (3b801): 0,09; aminoacid: DL-metionin\u0103 (3c301): 2.700.<\/p>\n<p><strong>Aditivi tehnologici per 1 kg de furaj, mg\/kg:<\/strong> antioxidan\u021bi de origine natural\u0103: 300, extract de tocoferol de origine natural\u0103: 500.<\/p>\n<p><strong>Valoarea energetic\u0103 (con\u021binutul caloric) la 100 g de furaj:<\/strong> 1.568 kJ (375 kcal).<\/p>\n<p><strong>(RU) Hr\u0103nire zilnic\u0103 recomandat\u0103:<\/strong> <strong>\u00a0<\/strong><\/p>\n<table>\n<tbody>\n<tr>\n<td><strong>Greutatea animalului, kg<\/strong><\/td>\n<td><strong>Cantitatea de furaj, g\/zi<\/strong><\/td>\n<\/tr>\n<tr>\n<td><span style=\"font-weight: 400\">2<\/span><\/td>\n<td><span style=\"font-weight: 400\">22-32<\/span><\/td>\n<\/tr>\n<tr>\n<td><span style=\"font-weight: 400\">3<\/span><\/td>\n<td><span style=\"font-weight: 400\">29-42<\/span><\/td>\n<\/tr>\n<tr>\n<td><span style=\"font-weight: 400\">4<\/span><\/td>\n<td><span style=\"font-weight: 400\">35-51<\/span><\/td>\n<\/tr>\n<tr>\n<td><span style=\"font-weight: 400\">5<\/span><\/td>\n<td><span style=\"font-weight: 400\">41-59<\/span><\/td>\n<\/tr>\n<tr>\n<td><span style=\"font-weight: 400\">6<\/span><\/td>\n<td><span style=\"font-weight: 400\">46-66<\/span><\/td>\n<\/tr>\n<\/tbody>\n<\/table>\n<p>Hrana se introduce in alimentatie treptat (cel putin in primele 5 zile). Ofer\u0103 animalului t\u0103u acces constant la ap\u0103 potabil\u0103 curat\u0103. Cerin\u021bele individuale de hr\u0103nire pot varia \u00een func\u021bie de v\u00e2rsta, rasa, nivelul de activitate \u0219i condi\u021biile de via\u021b\u0103 ale animalului A se p\u0103stra \u00eentr-un loc r\u0103coros, uscat, ferit de soare.<\/p>","protected":false},"excerpt":{"rendered":"<p>OPTIMEAL\u2122. \u041f\u041e\u041b\u041d\u041e\u0420\u0410\u0426\u0418\u041e\u041d\u041d\u042b\u0419 \u0421\u0423\u0425\u041e\u0419 \u041a\u041e\u0420\u041c \u0414\u041b\u042f \u0421\u0422\u0415\u0420\u0418\u041b\u0418\u0417\u041e\u0412\u0410\u041d\u041d\u042b\u0425 \u041a\u041e\u0428\u0415\u041a \u0418 \u041a\u0410\u0421\u0422\u0420\u0418\u0420\u041e\u0412\u0410\u041d\u041d\u042b\u0425 \u041a\u041e\u0422\u041e\u0412 \u2013 \u0421 \u0412\u042b\u0421\u041e\u041a\u0418\u041c \u0421\u041e\u0414\u0415\u0420\u0416\u0410\u041d\u0418\u0415\u041c \u0413\u041e\u0412\u042f\u0414\u0418\u041d\u042b \u0418 \u0421\u041e\u0420\u0413\u041e \u041f\u0440\u0435\u0438\u043c\u0443\u0449\u0435\u0441\u0442\u0432\u0430: \u041f\u043e\u0434\u0434\u0435\u0440\u0436\u0438\u0432\u0430\u0435\u0442 \u0437\u0434\u043e\u0440\u043e\u0432\u044c\u0435 \u043c\u043e\u0447\u0435\u0432\u044b\u0432\u043e\u0434\u044f\u0449\u0438\u0445 \u043f\u0443\u0442\u0435\u0439&hellip;<\/p>","protected":false},"featured_media":89412,"comment_status":"closed","ping_status":"closed","template":"","meta":[],"product_brand":[],"product_cat":[309,193,320],"product_tag":[322,376,359,312,377,361,325],"class_list":{"0":"post-16085","1":"product","2":"type-product","3":"status-publish","4":"has-post-thumbnail","6":"product_cat-catfood","7":"product_cat-cat","8":"product_cat-catdry","9":"product_tag-optimeal-koshkam","10":"product_tag-govyadina","11":"product_tag-kastrirovannyj-kot","12":"product_tag-korm-koshkam","13":"product_tag-sorgo","14":"product_tag-sterilizovannaya-koshka","15":"product_tag-suhoj-korm","16":"pa_age-pet-vzroslyj","17":"pa_brand-optimeal","18":"pa_feed-class-super-premium","19":"pa_meat-ingredients-govyadina","20":"pa_packaging-meshok","21":"pa_pet-koshka","22":"pa_pet-feature-zdorovyj-pitomecz","23":"pa_type-feed-suhoj-korm","24":"pa_weight-10-kg","26":"first","27":"instock","28":"product-type-simple"},"yoast_head":"<!-- This site is optimized with the Yoast SEO Premium plugin v23.7 (Yoast SEO v27.5) - https:\/\/yoast.com\/product\/yoast-seo-premium-wordpress\/ -->\n<title>OPTIMEAL\u2122. \u041f\u043e\u043b\u043d\u043e\u0440\u0430\u0446\u0438\u043e\u043d\u043d\u044b\u0439 \u0441\u0443\u0445\u043e\u0439 \u043a\u043e\u0440\u043c \u0434\u043b\u044f \u043a\u043e\u0448\u0435\u043a \u0438 \u043a\u043e\u0442\u043e\u0432 \u2013 \u0433\u043e\u0432\u044f\u0434\u0438\u043d\u0430 \u0438 \u0441\u043e\u0440\u0433\u043e 10 \u043a\u0433<\/title>\n<meta name=\"description\" content=\"\u041a\u0443\u043f\u0438\u0442\u044c OPTIMEAL\u2122. \u041f\u043e\u043b\u043d\u043e\u0440\u0430\u0446\u0438\u043e\u043d\u043d\u044b\u0439 \u0441\u0443\u0445\u043e\u0439 \u043a\u043e\u0440\u043c \u0434\u043b\u044f \u043a\u043e\u0448\u0435\u043a \u0438 \u043a\u043e\u0442\u043e\u0432 \u2013 \u0433\u043e\u0432\u044f\u0434\u0438\u043d\u0430 \u0438 \u0441\u043e\u0440\u0433\u043e 10 \u043a\u0433 \u0441 \u0434\u043e\u0441\u0442\u0430\u0432\u043a\u043e\u0439 \u043f\u043e \u041a\u0438\u0448\u0438\u043d\u0435\u0432\u0443 \u0438 \u0432\u0441\u0435\u0439 \u041c\u043e\u043b\u0434\u043e\u0432\u0435 \u043d\u0430 Pet24\" \/>\n<meta name=\"robots\" content=\"index, follow, max-snippet:-1, max-image-preview:large, max-video-preview:-1\" \/>\n<link rel=\"canonical\" href=\"https:\/\/pet24.md\/ro\/produs\/optimeal-polnoraczionnyj-suhoj-korm-dlya-ste-7\/\" \/>\n<meta property=\"og:locale\" content=\"ro_RO\" \/>\n<meta property=\"og:type\" content=\"article\" \/>\n<meta property=\"og:title\" content=\"OPTIMEAL\u2122. \u041f\u043e\u043b\u043d\u043e\u0440\u0430\u0446\u0438\u043e\u043d\u043d\u044b\u0439 \u0441\u0443\u0445\u043e\u0439 \u043a\u043e\u0440\u043c \u0434\u043b\u044f \u043a\u043e\u0448\u0435\u043a \u0438 \u043a\u043e\u0442\u043e\u0432 \u2013 \u0433\u043e\u0432\u044f\u0434\u0438\u043d\u0430 \u0438 \u0441\u043e\u0440\u0433\u043e 10 \u043a\u0433\" \/>\n<meta property=\"og:description\" content=\"\u041a\u0443\u043f\u0438\u0442\u044c OPTIMEAL\u2122. \u041f\u043e\u043b\u043d\u043e\u0440\u0430\u0446\u0438\u043e\u043d\u043d\u044b\u0439 \u0441\u0443\u0445\u043e\u0439 \u043a\u043e\u0440\u043c \u0434\u043b\u044f \u043a\u043e\u0448\u0435\u043a \u0438 \u043a\u043e\u0442\u043e\u0432 \u2013 \u0433\u043e\u0432\u044f\u0434\u0438\u043d\u0430 \u0438 \u0441\u043e\u0440\u0433\u043e 10 \u043a\u0433 \u0441 \u0434\u043e\u0441\u0442\u0430\u0432\u043a\u043e\u0439 \u043f\u043e \u041a\u0438\u0448\u0438\u043d\u0435\u0432\u0443 \u0438 \u0432\u0441\u0435\u0439 \u041c\u043e\u043b\u0434\u043e\u0432\u0435 \u043d\u0430 Pet24\" \/>\n<meta property=\"og:url\" content=\"https:\/\/pet24.md\/ro\/produs\/optimeal-polnoraczionnyj-suhoj-korm-dlya-ste-7\/\" \/>\n<meta property=\"og:site_name\" content=\"Pet24\" \/>\n<meta property=\"article:publisher\" content=\"https:\/\/www.facebook.com\/pet24.md\" \/>\n<meta property=\"article:modified_time\" content=\"2024-09-22T22:10:13+00:00\" \/>\n<meta property=\"og:image\" content=\"https:\/\/pet24.md\/wp-content\/uploads\/2024\/09\/optimeal\u2122-polnoraczionnyj-suhoj-korm-dlya-sterilizovannyh-koshek-i-kastrirovannyh-kotov-govyadina-i-sorgo-10-kg.webp\" \/>\n\t<meta property=\"og:image:width\" content=\"600\" \/>\n\t<meta property=\"og:image:height\" content=\"600\" \/>\n\t<meta property=\"og:image:type\" content=\"image\/webp\" \/>\n<meta name=\"twitter:card\" content=\"summary_large_image\" \/>\n<script type=\"application\/ld+json\" class=\"yoast-schema-graph\">{\"@context\":\"https:\\\/\\\/schema.org\",\"@graph\":[{\"@type\":\"WebPage\",\"@id\":\"https:\\\/\\\/pet24.md\\\/product\\\/optimeal-polnoraczionnyj-suhoj-korm-dlya-ste-7\\\/\",\"url\":\"https:\\\/\\\/pet24.md\\\/product\\\/optimeal-polnoraczionnyj-suhoj-korm-dlya-ste-7\\\/\",\"name\":\"OPTIMEAL\u2122. \u041f\u043e\u043b\u043d\u043e\u0440\u0430\u0446\u0438\u043e\u043d\u043d\u044b\u0439 \u0441\u0443\u0445\u043e\u0439 \u043a\u043e\u0440\u043c \u0434\u043b\u044f \u043a\u043e\u0448\u0435\u043a \u0438 \u043a\u043e\u0442\u043e\u0432 \u2013 \u0433\u043e\u0432\u044f\u0434\u0438\u043d\u0430 \u0438 \u0441\u043e\u0440\u0433\u043e 10 \u043a\u0433\",\"isPartOf\":{\"@id\":\"https:\\\/\\\/pet24.md\\\/#website\"},\"primaryImageOfPage\":{\"@id\":\"https:\\\/\\\/pet24.md\\\/product\\\/optimeal-polnoraczionnyj-suhoj-korm-dlya-ste-7\\\/#primaryimage\"},\"image\":{\"@id\":\"https:\\\/\\\/pet24.md\\\/product\\\/optimeal-polnoraczionnyj-suhoj-korm-dlya-ste-7\\\/#primaryimage\"},\"thumbnailUrl\":\"https:\\\/\\\/pet24.md\\\/wp-content\\\/uploads\\\/2024\\\/09\\\/optimeal\u2122-polnoraczionnyj-suhoj-korm-dlya-sterilizovannyh-koshek-i-kastrirovannyh-kotov-govyadina-i-sorgo-10-kg.webp\",\"datePublished\":\"2023-01-05T14:48:22+00:00\",\"dateModified\":\"2024-09-22T22:10:13+00:00\",\"description\":\"\u041a\u0443\u043f\u0438\u0442\u044c OPTIMEAL\u2122. \u041f\u043e\u043b\u043d\u043e\u0440\u0430\u0446\u0438\u043e\u043d\u043d\u044b\u0439 \u0441\u0443\u0445\u043e\u0439 \u043a\u043e\u0440\u043c \u0434\u043b\u044f \u043a\u043e\u0448\u0435\u043a \u0438 \u043a\u043e\u0442\u043e\u0432 \u2013 \u0433\u043e\u0432\u044f\u0434\u0438\u043d\u0430 \u0438 \u0441\u043e\u0440\u0433\u043e 10 \u043a\u0433 \u0441 \u0434\u043e\u0441\u0442\u0430\u0432\u043a\u043e\u0439 \u043f\u043e \u041a\u0438\u0448\u0438\u043d\u0435\u0432\u0443 \u0438 \u0432\u0441\u0435\u0439 \u041c\u043e\u043b\u0434\u043e\u0432\u0435 \u043d\u0430 Pet24\",\"breadcrumb\":{\"@id\":\"https:\\\/\\\/pet24.md\\\/product\\\/optimeal-polnoraczionnyj-suhoj-korm-dlya-ste-7\\\/#breadcrumb\"},\"inLanguage\":\"ro-RO\",\"potentialAction\":[{\"@type\":\"ReadAction\",\"target\":[\"https:\\\/\\\/pet24.md\\\/product\\\/optimeal-polnoraczionnyj-suhoj-korm-dlya-ste-7\\\/\"]}]},{\"@type\":\"ImageObject\",\"inLanguage\":\"ro-RO\",\"@id\":\"https:\\\/\\\/pet24.md\\\/product\\\/optimeal-polnoraczionnyj-suhoj-korm-dlya-ste-7\\\/#primaryimage\",\"url\":\"https:\\\/\\\/pet24.md\\\/wp-content\\\/uploads\\\/2024\\\/09\\\/optimeal\u2122-polnoraczionnyj-suhoj-korm-dlya-sterilizovannyh-koshek-i-kastrirovannyh-kotov-govyadina-i-sorgo-10-kg.webp\",\"contentUrl\":\"https:\\\/\\\/pet24.md\\\/wp-content\\\/uploads\\\/2024\\\/09\\\/optimeal\u2122-polnoraczionnyj-suhoj-korm-dlya-sterilizovannyh-koshek-i-kastrirovannyh-kotov-govyadina-i-sorgo-10-kg.webp\",\"width\":600,\"height\":600,\"caption\":\"optimeal\u2122 polnoraczionnyj suhoj korm dlya sterilizovannyh koshek i kastrirovannyh kotov govyadina i sorgo 10 kg\"},{\"@type\":\"BreadcrumbList\",\"@id\":\"https:\\\/\\\/pet24.md\\\/product\\\/optimeal-polnoraczionnyj-suhoj-korm-dlya-ste-7\\\/#breadcrumb\",\"itemListElement\":[{\"@type\":\"ListItem\",\"position\":1,\"name\":\"\u0413\u043b\u0430\u0432\u043d\u0430\u044f \u0441\u0442\u0440\u0430\u043d\u0438\u0446\u0430\",\"item\":\"https:\\\/\\\/pet24.md\\\/\"},{\"@type\":\"ListItem\",\"position\":2,\"name\":\"\u041c\u0430\u0433\u0430\u0437\u0438\u043d\",\"item\":\"https:\\\/\\\/pet24.md\\\/shop\\\/\"},{\"@type\":\"ListItem\",\"position\":3,\"name\":\"OPTIMEAL\u2122. \u041f\u043e\u043b\u043d\u043e\u0440\u0430\u0446\u0438\u043e\u043d\u043d\u044b\u0439 \u0441\u0443\u0445\u043e\u0439 \u043a\u043e\u0440\u043c \u0434\u043b\u044f \u043a\u043e\u0448\u0435\u043a \u0438 \u043a\u043e\u0442\u043e\u0432 \u2013 \u0433\u043e\u0432\u044f\u0434\u0438\u043d\u0430 \u0438 \u0441\u043e\u0440\u0433\u043e 10 \u043a\u0433\"}]},{\"@type\":\"WebSite\",\"@id\":\"https:\\\/\\\/pet24.md\\\/#website\",\"url\":\"https:\\\/\\\/pet24.md\\\/\",\"name\":\"Pet24\",\"description\":\"\u0417\u043e\u043e\u043c\u0430\u0433\u0430\u0437\u0438\u043d \u0442\u043e\u0432\u0430\u0440\u043e\u0432 \u0434\u043b\u044f \u0434\u043e\u043c\u0430\u0448\u043d\u0438\u0445 \u043f\u0438\u0442\u043e\u043c\u0446\u0435\u0432\",\"publisher\":{\"@id\":\"https:\\\/\\\/pet24.md\\\/#organization\"},\"potentialAction\":[{\"@type\":\"SearchAction\",\"target\":{\"@type\":\"EntryPoint\",\"urlTemplate\":\"https:\\\/\\\/pet24.md\\\/?s={search_term_string}\"},\"query-input\":{\"@type\":\"PropertyValueSpecification\",\"valueRequired\":true,\"valueName\":\"search_term_string\"}}],\"inLanguage\":\"ro-RO\"},{\"@type\":\"Organization\",\"@id\":\"https:\\\/\\\/pet24.md\\\/#organization\",\"name\":\"Pet24\",\"url\":\"https:\\\/\\\/pet24.md\\\/\",\"logo\":{\"@type\":\"ImageObject\",\"inLanguage\":\"ro-RO\",\"@id\":\"https:\\\/\\\/pet24.md\\\/#\\\/schema\\\/logo\\\/image\\\/\",\"url\":\"https:\\\/\\\/pet24.md\\\/wp-content\\\/uploads\\\/2024\\\/09\\\/logo.svg\",\"contentUrl\":\"https:\\\/\\\/pet24.md\\\/wp-content\\\/uploads\\\/2024\\\/09\\\/logo.svg\",\"width\":215,\"height\":66,\"caption\":\"Pet24\"},\"image\":{\"@id\":\"https:\\\/\\\/pet24.md\\\/#\\\/schema\\\/logo\\\/image\\\/\"},\"sameAs\":[\"https:\\\/\\\/www.facebook.com\\\/pet24.md\",\"https:\\\/\\\/www.instagram.com\\\/pet24.md\\\/\"],\"telephone\":\"+37360508880\"}]}<\/script>\n<!-- \/ Yoast SEO Premium plugin. -->","yoast_head_json":{"title":"OPTIMEAL\u2122. Hrana uscata completa pentru pisici si pisoi \u2013 carne de vita si sorg 10 kg","description":"\u041a\u0443\u043f\u0438\u0442\u044c OPTIMEAL\u2122. \u041f\u043e\u043b\u043d\u043e\u0440\u0430\u0446\u0438\u043e\u043d\u043d\u044b\u0439 \u0441\u0443\u0445\u043e\u0439 \u043a\u043e\u0440\u043c \u0434\u043b\u044f \u043a\u043e\u0448\u0435\u043a \u0438 \u043a\u043e\u0442\u043e\u0432 \u2013 \u0433\u043e\u0432\u044f\u0434\u0438\u043d\u0430 \u0438 \u0441\u043e\u0440\u0433\u043e 10 \u043a\u0433 \u0441 \u0434\u043e\u0441\u0442\u0430\u0432\u043a\u043e\u0439 \u043f\u043e \u041a\u0438\u0448\u0438\u043d\u0435\u0432\u0443 \u0438 \u0432\u0441\u0435\u0439 \u041c\u043e\u043b\u0434\u043e\u0432\u0435 \u043d\u0430 Pet24","robots":{"index":"index","follow":"follow","max-snippet":"max-snippet:-1","max-image-preview":"max-image-preview:large","max-video-preview":"max-video-preview:-1"},"canonical":"https:\/\/pet24.md\/ro\/produs\/optimeal-polnoraczionnyj-suhoj-korm-dlya-ste-7\/","og_locale":"ro_RO","og_type":"article","og_title":"OPTIMEAL\u2122. \u041f\u043e\u043b\u043d\u043e\u0440\u0430\u0446\u0438\u043e\u043d\u043d\u044b\u0439 \u0441\u0443\u0445\u043e\u0439 \u043a\u043e\u0440\u043c \u0434\u043b\u044f \u043a\u043e\u0448\u0435\u043a \u0438 \u043a\u043e\u0442\u043e\u0432 \u2013 \u0433\u043e\u0432\u044f\u0434\u0438\u043d\u0430 \u0438 \u0441\u043e\u0440\u0433\u043e 10 \u043a\u0433","og_description":"\u041a\u0443\u043f\u0438\u0442\u044c OPTIMEAL\u2122. \u041f\u043e\u043b\u043d\u043e\u0440\u0430\u0446\u0438\u043e\u043d\u043d\u044b\u0439 \u0441\u0443\u0445\u043e\u0439 \u043a\u043e\u0440\u043c \u0434\u043b\u044f \u043a\u043e\u0448\u0435\u043a \u0438 \u043a\u043e\u0442\u043e\u0432 \u2013 \u0433\u043e\u0432\u044f\u0434\u0438\u043d\u0430 \u0438 \u0441\u043e\u0440\u0433\u043e 10 \u043a\u0433 \u0441 \u0434\u043e\u0441\u0442\u0430\u0432\u043a\u043e\u0439 \u043f\u043e \u041a\u0438\u0448\u0438\u043d\u0435\u0432\u0443 \u0438 \u0432\u0441\u0435\u0439 \u041c\u043e\u043b\u0434\u043e\u0432\u0435 \u043d\u0430 Pet24","og_url":"https:\/\/pet24.md\/ro\/produs\/optimeal-polnoraczionnyj-suhoj-korm-dlya-ste-7\/","og_site_name":"Pet24","article_publisher":"https:\/\/www.facebook.com\/pet24.md","article_modified_time":"2024-09-22T22:10:13+00:00","og_image":[{"width":600,"height":600,"url":"https:\/\/pet24.md\/wp-content\/uploads\/2024\/09\/optimeal\u2122-polnoraczionnyj-suhoj-korm-dlya-sterilizovannyh-koshek-i-kastrirovannyh-kotov-govyadina-i-sorgo-10-kg.webp","type":"image\/webp"}],"twitter_card":"summary_large_image","schema":{"@context":"https:\/\/schema.org","@graph":[{"@type":"WebPage","@id":"https:\/\/pet24.md\/product\/optimeal-polnoraczionnyj-suhoj-korm-dlya-ste-7\/","url":"https:\/\/pet24.md\/product\/optimeal-polnoraczionnyj-suhoj-korm-dlya-ste-7\/","name":"OPTIMEAL\u2122. Hrana uscata completa pentru pisici si pisoi \u2013 carne de vita si sorg 10 kg","isPartOf":{"@id":"https:\/\/pet24.md\/#website"},"primaryImageOfPage":{"@id":"https:\/\/pet24.md\/product\/optimeal-polnoraczionnyj-suhoj-korm-dlya-ste-7\/#primaryimage"},"image":{"@id":"https:\/\/pet24.md\/product\/optimeal-polnoraczionnyj-suhoj-korm-dlya-ste-7\/#primaryimage"},"thumbnailUrl":"https:\/\/pet24.md\/wp-content\/uploads\/2024\/09\/optimeal\u2122-polnoraczionnyj-suhoj-korm-dlya-sterilizovannyh-koshek-i-kastrirovannyh-kotov-govyadina-i-sorgo-10-kg.webp","datePublished":"2023-01-05T14:48:22+00:00","dateModified":"2024-09-22T22:10:13+00:00","description":"\u041a\u0443\u043f\u0438\u0442\u044c OPTIMEAL\u2122. \u041f\u043e\u043b\u043d\u043e\u0440\u0430\u0446\u0438\u043e\u043d\u043d\u044b\u0439 \u0441\u0443\u0445\u043e\u0439 \u043a\u043e\u0440\u043c \u0434\u043b\u044f \u043a\u043e\u0448\u0435\u043a \u0438 \u043a\u043e\u0442\u043e\u0432 \u2013 \u0433\u043e\u0432\u044f\u0434\u0438\u043d\u0430 \u0438 \u0441\u043e\u0440\u0433\u043e 10 \u043a\u0433 \u0441 \u0434\u043e\u0441\u0442\u0430\u0432\u043a\u043e\u0439 \u043f\u043e \u041a\u0438\u0448\u0438\u043d\u0435\u0432\u0443 \u0438 \u0432\u0441\u0435\u0439 \u041c\u043e\u043b\u0434\u043e\u0432\u0435 \u043d\u0430 Pet24","breadcrumb":{"@id":"https:\/\/pet24.md\/product\/optimeal-polnoraczionnyj-suhoj-korm-dlya-ste-7\/#breadcrumb"},"inLanguage":"ro-RO","potentialAction":[{"@type":"ReadAction","target":["https:\/\/pet24.md\/product\/optimeal-polnoraczionnyj-suhoj-korm-dlya-ste-7\/"]}]},{"@type":"ImageObject","inLanguage":"ro-RO","@id":"https:\/\/pet24.md\/product\/optimeal-polnoraczionnyj-suhoj-korm-dlya-ste-7\/#primaryimage","url":"https:\/\/pet24.md\/wp-content\/uploads\/2024\/09\/optimeal\u2122-polnoraczionnyj-suhoj-korm-dlya-sterilizovannyh-koshek-i-kastrirovannyh-kotov-govyadina-i-sorgo-10-kg.webp","contentUrl":"https:\/\/pet24.md\/wp-content\/uploads\/2024\/09\/optimeal\u2122-polnoraczionnyj-suhoj-korm-dlya-sterilizovannyh-koshek-i-kastrirovannyh-kotov-govyadina-i-sorgo-10-kg.webp","width":600,"height":600,"caption":"optimeal\u2122 polnoraczionnyj suhoj korm dlya sterilizovannyh koshek i kastrirovannyh kotov govyadina i sorgo 10 kg"},{"@type":"BreadcrumbList","@id":"https:\/\/pet24.md\/product\/optimeal-polnoraczionnyj-suhoj-korm-dlya-ste-7\/#breadcrumb","itemListElement":[{"@type":"ListItem","position":1,"name":"\u0413\u043b\u0430\u0432\u043d\u0430\u044f \u0441\u0442\u0440\u0430\u043d\u0438\u0446\u0430","item":"https:\/\/pet24.md\/"},{"@type":"ListItem","position":2,"name":"\u041c\u0430\u0433\u0430\u0437\u0438\u043d","item":"https:\/\/pet24.md\/shop\/"},{"@type":"ListItem","position":3,"name":"OPTIMEAL\u2122. \u041f\u043e\u043b\u043d\u043e\u0440\u0430\u0446\u0438\u043e\u043d\u043d\u044b\u0439 \u0441\u0443\u0445\u043e\u0439 \u043a\u043e\u0440\u043c \u0434\u043b\u044f \u043a\u043e\u0448\u0435\u043a \u0438 \u043a\u043e\u0442\u043e\u0432 \u2013 \u0433\u043e\u0432\u044f\u0434\u0438\u043d\u0430 \u0438 \u0441\u043e\u0440\u0433\u043e 10 \u043a\u0433"}]},{"@type":"WebSite","@id":"https:\/\/pet24.md\/#website","url":"https:\/\/pet24.md\/","name":"Pet24","description":"Magazin de animale de companie","publisher":{"@id":"https:\/\/pet24.md\/#organization"},"potentialAction":[{"@type":"SearchAction","target":{"@type":"EntryPoint","urlTemplate":"https:\/\/pet24.md\/?s={search_term_string}"},"query-input":{"@type":"PropertyValueSpecification","valueRequired":true,"valueName":"search_term_string"}}],"inLanguage":"ro-RO"},{"@type":"Organization","@id":"https:\/\/pet24.md\/#organization","name":"Pet24","url":"https:\/\/pet24.md\/","logo":{"@type":"ImageObject","inLanguage":"ro-RO","@id":"https:\/\/pet24.md\/#\/schema\/logo\/image\/","url":"https:\/\/pet24.md\/wp-content\/uploads\/2024\/09\/logo.svg","contentUrl":"https:\/\/pet24.md\/wp-content\/uploads\/2024\/09\/logo.svg","width":215,"height":66,"caption":"Pet24"},"image":{"@id":"https:\/\/pet24.md\/#\/schema\/logo\/image\/"},"sameAs":["https:\/\/www.facebook.com\/pet24.md","https:\/\/www.instagram.com\/pet24.md\/"],"telephone":"+37360508880"}]}},"_links":{"self":[{"href":"https:\/\/pet24.md\/ro\/wp-json\/wp\/v2\/product\/16085","targetHints":{"allow":["GET"]}}],"collection":[{"href":"https:\/\/pet24.md\/ro\/wp-json\/wp\/v2\/product"}],"about":[{"href":"https:\/\/pet24.md\/ro\/wp-json\/wp\/v2\/types\/product"}],"replies":[{"embeddable":true,"href":"https:\/\/pet24.md\/ro\/wp-json\/wp\/v2\/comments?post=16085"}],"wp:featuredmedia":[{"embeddable":true,"href":"https:\/\/pet24.md\/ro\/wp-json\/wp\/v2\/media\/89412"}],"wp:attachment":[{"href":"https:\/\/pet24.md\/ro\/wp-json\/wp\/v2\/media?parent=16085"}],"wp:term":[{"taxonomy":"product_brand","embeddable":true,"href":"https:\/\/pet24.md\/ro\/wp-json\/wp\/v2\/product_brand?post=16085"},{"taxonomy":"product_cat","embeddable":true,"href":"https:\/\/pet24.md\/ro\/wp-json\/wp\/v2\/product_cat?post=16085"},{"taxonomy":"product_tag","embeddable":true,"href":"https:\/\/pet24.md\/ro\/wp-json\/wp\/v2\/product_tag?post=16085"}],"curies":[{"name":"wp","href":"https:\/\/api.w.org\/{rel}","templated":true}]}}