{"id":16135,"date":"2023-01-05T15:57:56","date_gmt":"2023-01-05T15:57:56","guid":{"rendered":"https:\/\/pet24.md\/?post_type=product&#038;p=16135"},"modified":"2024-09-22T22:10:17","modified_gmt":"2024-09-22T22:10:17","slug":"optimeal-polnoraczionnyj-suhoj-korm-dlya-vzr-21","status":"publish","type":"product","link":"https:\/\/pet24.md\/ro\/produs\/optimeal-polnoraczionnyj-suhoj-korm-dlya-vzr-21\/","title":{"rendered":"OPTIMEAL\u2122. Hran\u0103 uscat\u0103 complet\u0103 pentru c\u00e2ini adul\u021bi de rase mici \u2013 ra\u021b\u0103 1,5 kg"},"content":{"rendered":"<p><strong>OPTIMEAL\u2122.<\/strong> <strong>Hrana uscata completa pentru caini adulti de rasa miniaturala cu un continut ridicat de somon<\/strong><\/p>\n<p><strong>Sprijin\u0103 un sistem digestiv s\u0103n\u0103tos la c\u00e2inii vulnerabili din rasa miniatural\u0103. \u00cent\u0103re\u0219te sistemul imunitar. Textura special\u0103 a granulelor ajut\u0103 la cur\u0103\u021barea din\u021bilor de plac\u0103.<\/strong><\/p>\n<p><strong>Compus:<\/strong> proteine deshidratate de curcan 22 %, orez, orz, ov\u0103z, gr\u0103sime de pui, protein\u0103 de somon hidrolizat\u0103 8 %, somon 8 %, proteine din maz\u0103re, proteine de pui hidrolizate 5 %, minerale, amidon de cartofi, drojdie de bere, semin\u021be de in, pui uscate de semin\u021be de in 5 %. ficat, ulei de somon, pulp\u0103 de sfecl\u0103, semin\u021be de psyllium, r\u0103d\u0103cini de cicoare, meri\u0219oare 0,2 %, ulei de borage, beta-1,3\/1,6-glucani 0,05 %, MOS (mananoligozaharide prebiotice) 0, 04 % pulbere lutein\u0103) 0,04 %, r\u0103d\u0103cin\u0103 de brusture, r\u0103d\u0103cin\u0103 de marshmallow, flori de mu\u0219e\u021bel 0,03 %, urzic\u0103 0,03 %, extract de yucca, cimbru 0,015 %.<\/p>\n<p><strong>Componente analitice:<\/strong> proteine brute \u2013 27 %, gr\u0103simi brute \u2013 16 %, cenu\u0219\u0103 brut\u0103 \u2013 6,5 %, fibre brute \u2013 2,6 %, umiditate \u2013 9 %, calciu \u2013 0,95 %, fosfor \u2013 0,85 %, magneziu \u2013 %, %, La 1 kg: acizi gra\u0219i omega-3 \u2013 0,8 g, inclusiv EPA + DHA \u2013 0,33 g, acizi gra\u0219i omega-6 \u2013 5,2 g 69,5 proteine animale %, inclusiv pe\u0219te.<\/p>\n<p><strong>Aditivi: Suplimente nutritive<\/strong> (pe 1 kg de furaj), mg\/kg: vitamina A (3a672a): 18750 UI, vitamina D3 (3a671): 1000 UI, vitamina E (3a700): 625, vitamina B1 (3a821): 3,6, vitamina B2 ( 3a825i ): 8,3, vitamina B6 (3a831): 3, vitamina B12 (cianocobalamin\u0103): 0,05, vitamina B5 (D-pantotenat de calciu 3a841): 17, niacin\u0103 (3a314): 25,5, biotin\u0103 (3a880): 0,38, acid folic (0,38, 316) ): 0,49, vitamina C (3a312): 250, taurin\u0103 (3a370): 1000, colin\u0103 (clorur\u0103 de colin\u0103 3a890): 2,8 g; oligoelemente: zinc (3b605): 143, cupru (3b405): 2,2, fier (3b103): 40,7, iod (3b201): 1,65, seleniu (3b801): 0,35; aminoacizi: DL-metionin\u0103, pur tehnic (3c301): 2.000.<\/p>\n<p><strong>Aditivi tehnologici<\/strong> (la 1 kg de furaj), mg\/kg: antioxidan\u021bi, antioxidant de origine natural\u0103: 330, extract de tocoferol de origine natural\u0103: 600.<\/p>\n<p><strong>Valoarea energetic\u0103<\/strong> (con\u021binut caloric) la 100 g furaj: 1634,35 kJ (390,62 kcal).<\/p>\n<p>Pe ambalaj sunt indicate data produc\u021biei, data de consumul de consum \u0219i num\u0103rul de lot. A se pastra la loc racoros, uscat, ferit de soare.<\/p>\n<p><strong>Aportul zilnic de hr\u0103nire recomandat:<\/strong><\/p>\n<table>\n<tbody>\n<tr>\n<td rowspan=\"2\"><strong>Greutatea unui animal adult, kg<\/strong><\/td>\n<td colspan=\"3\"><strong>Cantitatea de furaj, grame\/zi<\/strong><\/td>\n<\/tr>\n<tr>\n<td><strong>Activitate sc\u0103zut\u0103<\/strong> (&lt;1 or\u0103 de lec\u021bii\/zi)<\/td>\n<td><strong>Activitate medie<\/strong> (1-3 ore de curs\/zi)<\/td>\n<\/tr>\n<tr>\n<td><span style=\"font-weight: 400\">1<\/span><\/td>\n<td><span style=\"font-weight: 400\">24<\/span><\/td>\n<td><span style=\"font-weight: 400\">28<\/span><\/td>\n<\/tr>\n<tr>\n<td><span style=\"font-weight: 400\">2<\/span><\/td>\n<td><span style=\"font-weight: 400\">41<\/span><\/td>\n<td><span style=\"font-weight: 400\">47<\/span><\/td>\n<\/tr>\n<tr>\n<td><span style=\"font-weight: 400\">3<\/span><\/td>\n<td><span style=\"font-weight: 400\">55<\/span><\/td>\n<td><span style=\"font-weight: 400\">64<\/span><\/td>\n<\/tr>\n<tr>\n<td><span style=\"font-weight: 400\">4<\/span><\/td>\n<td><span style=\"font-weight: 400\">69<\/span><\/td>\n<td><span style=\"font-weight: 400\">80<\/span><\/td>\n<\/tr>\n<tr>\n<td><span style=\"font-weight: 400\">5<\/span><\/td>\n<td><span style=\"font-weight: 400\">81<\/span><\/td>\n<td><span style=\"font-weight: 400\">94<\/span><\/td>\n<\/tr>\n<tr>\n<td><span style=\"font-weight: 400\">6<\/span><\/td>\n<td><span style=\"font-weight: 400\">93<\/span><\/td>\n<td><span style=\"font-weight: 400\">108<\/span><\/td>\n<\/tr>\n<tr>\n<td><span style=\"font-weight: 400\">7<\/span><\/td>\n<td><span style=\"font-weight: 400\">105<\/span><\/td>\n<td><span style=\"font-weight: 400\">121<\/span><\/td>\n<\/tr>\n<tr>\n<td><span style=\"font-weight: 400\">8<\/span><\/td>\n<td><span style=\"font-weight: 400\">116<\/span><\/td>\n<td><span style=\"font-weight: 400\">134<\/span><\/td>\n<\/tr>\n<tr>\n<td><span style=\"font-weight: 400\">9<\/span><\/td>\n<td><span style=\"font-weight: 400\">126<\/span><\/td>\n<td><span style=\"font-weight: 400\">146<\/span><\/td>\n<\/tr>\n<tr>\n<td><span style=\"font-weight: 400\">10<\/span><\/td>\n<td><span style=\"font-weight: 400\">137<\/span><\/td>\n<td><span style=\"font-weight: 400\">158<\/span><\/td>\n<\/tr>\n<\/tbody>\n<\/table>\n<p>Alimentele trebuie introduse treptat \u00een alimenta\u021bie (cel pu\u021bin \u00een primele 5 zile). Ofer\u0103 animalului t\u0103u acces constant la ap\u0103 potabil\u0103 curat\u0103. Ratele individuale de hr\u0103nire pot varia \u00een func\u021bie de v\u00e2rsta animalului, rasa, nivelul de activitate \u0219i habitatul.<\/p>","protected":false},"excerpt":{"rendered":"<p>OPTIMEAL\u2122. Hran\u0103 uscat\u0103 complet\u0103 pentru c\u00e2ini miniaturali adul\u021bi, cu un con\u021binut ridicat de somon Sprijin\u0103 un sistem digestiv s\u0103n\u0103tos la c\u00e2inii de rase miniaturale vulnerabili. \u00cent\u0103re\u0219te\u2026<\/p>","protected":false},"featured_media":89441,"comment_status":"closed","ping_status":"closed","template":"","meta":[],"product_brand":[],"product_cat":[136,293,337],"product_tag":[338,240,325,334],"class_list":{"0":"post-16135","1":"product","2":"type-product","3":"status-publish","4":"has-post-thumbnail","6":"product_cat-dog","7":"product_cat-dogfood","8":"product_cat-dogdry","9":"product_tag-optimeal-sobakam","10":"product_tag-vzroslaya-sobaka","11":"product_tag-suhoj-korm","12":"product_tag-utka","13":"pa_age-pet-vzroslyj","14":"pa_brand-optimeal","15":"pa_breed-size-dlya-melkih-porod","16":"pa_feed-class-super-premium","17":"pa_meat-ingredients-utka","18":"pa_packaging-meshok","19":"pa_pet-sobaka","20":"pa_pet-feature-zdorovyj-pitomecz","21":"pa_type-feed-suhoj-korm","22":"pa_weight-1-5-kg","24":"first","25":"instock","26":"product-type-simple"},"yoast_head":"<!-- This site is optimized with the Yoast SEO Premium plugin v23.7 (Yoast SEO v27.5) - https:\/\/yoast.com\/product\/yoast-seo-premium-wordpress\/ -->\n<title>OPTIMEAL\u2122. \u041f\u043e\u043b\u043d\u043e\u0440\u0430\u0446\u0438\u043e\u043d\u043d\u044b\u0439 \u0441\u0443\u0445\u043e\u0439 \u043a\u043e\u0440\u043c \u0434\u043b\u044f \u0432\u0437\u0440\u043e\u0441\u043b\u044b\u0445 \u0441\u043e\u0431\u0430\u043a \u043c\u0430\u043b\u044b\u0445 \u043f\u043e\u0440\u043e\u0434 \u2013 \u0443\u0442\u043a\u0430 1.5 \u043a\u0433<\/title>\n<meta name=\"description\" content=\"\u041a\u0443\u043f\u0438\u0442\u044c OPTIMEAL\u2122. \u041f\u043e\u043b\u043d\u043e\u0440\u0430\u0446\u0438\u043e\u043d\u043d\u044b\u0439 \u0441\u0443\u0445\u043e\u0439 \u043a\u043e\u0440\u043c \u0434\u043b\u044f \u0432\u0437\u0440\u043e\u0441\u043b\u044b\u0445 \u0441\u043e\u0431\u0430\u043a \u043c\u0430\u043b\u044b\u0445 \u043f\u043e\u0440\u043e\u0434 \u2013 \u0443\u0442\u043a\u0430 1.5 \u043a\u0433 \u0441 \u0434\u043e\u0441\u0442\u0430\u0432\u043a\u043e\u0439 \u043f\u043e \u041a\u0438\u0448\u0438\u043d\u0435\u0432\u0443 \u0438 \u0432\u0441\u0435\u0439 \u041c\u043e\u043b\u0434\u043e\u0432\u0435 \u043d\u0430 Pet24\" \/>\n<meta name=\"robots\" content=\"index, follow, max-snippet:-1, max-image-preview:large, max-video-preview:-1\" \/>\n<link rel=\"canonical\" href=\"https:\/\/pet24.md\/ro\/produs\/optimeal-polnoraczionnyj-suhoj-korm-dlya-vzr-21\/\" \/>\n<meta property=\"og:locale\" content=\"ro_RO\" \/>\n<meta property=\"og:type\" content=\"article\" \/>\n<meta property=\"og:title\" content=\"OPTIMEAL\u2122. \u041f\u043e\u043b\u043d\u043e\u0440\u0430\u0446\u0438\u043e\u043d\u043d\u044b\u0439 \u0441\u0443\u0445\u043e\u0439 \u043a\u043e\u0440\u043c \u0434\u043b\u044f \u0432\u0437\u0440\u043e\u0441\u043b\u044b\u0445 \u0441\u043e\u0431\u0430\u043a \u043c\u0430\u043b\u044b\u0445 \u043f\u043e\u0440\u043e\u0434 \u2013 \u0443\u0442\u043a\u0430 1.5 \u043a\u0433\" \/>\n<meta property=\"og:description\" content=\"\u041a\u0443\u043f\u0438\u0442\u044c OPTIMEAL\u2122. \u041f\u043e\u043b\u043d\u043e\u0440\u0430\u0446\u0438\u043e\u043d\u043d\u044b\u0439 \u0441\u0443\u0445\u043e\u0439 \u043a\u043e\u0440\u043c \u0434\u043b\u044f \u0432\u0437\u0440\u043e\u0441\u043b\u044b\u0445 \u0441\u043e\u0431\u0430\u043a \u043c\u0430\u043b\u044b\u0445 \u043f\u043e\u0440\u043e\u0434 \u2013 \u0443\u0442\u043a\u0430 1.5 \u043a\u0433 \u0441 \u0434\u043e\u0441\u0442\u0430\u0432\u043a\u043e\u0439 \u043f\u043e \u041a\u0438\u0448\u0438\u043d\u0435\u0432\u0443 \u0438 \u0432\u0441\u0435\u0439 \u041c\u043e\u043b\u0434\u043e\u0432\u0435 \u043d\u0430 Pet24\" \/>\n<meta property=\"og:url\" content=\"https:\/\/pet24.md\/ro\/produs\/optimeal-polnoraczionnyj-suhoj-korm-dlya-vzr-21\/\" \/>\n<meta property=\"og:site_name\" content=\"Pet24\" \/>\n<meta property=\"article:publisher\" content=\"https:\/\/www.facebook.com\/pet24.md\" \/>\n<meta property=\"article:modified_time\" content=\"2024-09-22T22:10:17+00:00\" \/>\n<meta property=\"og:image\" content=\"https:\/\/pet24.md\/wp-content\/uploads\/2024\/09\/optimeal\u2122-polnoraczionnyj-suhoj-korm-dlya-vzroslyh-sobak-malyh-porod-utka-15-kg.webp\" \/>\n\t<meta property=\"og:image:width\" content=\"600\" \/>\n\t<meta property=\"og:image:height\" content=\"600\" \/>\n\t<meta property=\"og:image:type\" content=\"image\/webp\" \/>\n<meta name=\"twitter:card\" content=\"summary_large_image\" \/>\n<script type=\"application\/ld+json\" class=\"yoast-schema-graph\">{\"@context\":\"https:\\\/\\\/schema.org\",\"@graph\":[{\"@type\":\"WebPage\",\"@id\":\"https:\\\/\\\/pet24.md\\\/product\\\/optimeal-polnoraczionnyj-suhoj-korm-dlya-vzr-21\\\/\",\"url\":\"https:\\\/\\\/pet24.md\\\/product\\\/optimeal-polnoraczionnyj-suhoj-korm-dlya-vzr-21\\\/\",\"name\":\"OPTIMEAL\u2122. \u041f\u043e\u043b\u043d\u043e\u0440\u0430\u0446\u0438\u043e\u043d\u043d\u044b\u0439 \u0441\u0443\u0445\u043e\u0439 \u043a\u043e\u0440\u043c \u0434\u043b\u044f \u0432\u0437\u0440\u043e\u0441\u043b\u044b\u0445 \u0441\u043e\u0431\u0430\u043a \u043c\u0430\u043b\u044b\u0445 \u043f\u043e\u0440\u043e\u0434 \u2013 \u0443\u0442\u043a\u0430 1.5 \u043a\u0433\",\"isPartOf\":{\"@id\":\"https:\\\/\\\/pet24.md\\\/#website\"},\"primaryImageOfPage\":{\"@id\":\"https:\\\/\\\/pet24.md\\\/product\\\/optimeal-polnoraczionnyj-suhoj-korm-dlya-vzr-21\\\/#primaryimage\"},\"image\":{\"@id\":\"https:\\\/\\\/pet24.md\\\/product\\\/optimeal-polnoraczionnyj-suhoj-korm-dlya-vzr-21\\\/#primaryimage\"},\"thumbnailUrl\":\"https:\\\/\\\/pet24.md\\\/wp-content\\\/uploads\\\/2024\\\/09\\\/optimeal\u2122-polnoraczionnyj-suhoj-korm-dlya-vzroslyh-sobak-malyh-porod-utka-15-kg.webp\",\"datePublished\":\"2023-01-05T15:57:56+00:00\",\"dateModified\":\"2024-09-22T22:10:17+00:00\",\"description\":\"\u041a\u0443\u043f\u0438\u0442\u044c OPTIMEAL\u2122. \u041f\u043e\u043b\u043d\u043e\u0440\u0430\u0446\u0438\u043e\u043d\u043d\u044b\u0439 \u0441\u0443\u0445\u043e\u0439 \u043a\u043e\u0440\u043c \u0434\u043b\u044f \u0432\u0437\u0440\u043e\u0441\u043b\u044b\u0445 \u0441\u043e\u0431\u0430\u043a \u043c\u0430\u043b\u044b\u0445 \u043f\u043e\u0440\u043e\u0434 \u2013 \u0443\u0442\u043a\u0430 1.5 \u043a\u0433 \u0441 \u0434\u043e\u0441\u0442\u0430\u0432\u043a\u043e\u0439 \u043f\u043e \u041a\u0438\u0448\u0438\u043d\u0435\u0432\u0443 \u0438 \u0432\u0441\u0435\u0439 \u041c\u043e\u043b\u0434\u043e\u0432\u0435 \u043d\u0430 Pet24\",\"breadcrumb\":{\"@id\":\"https:\\\/\\\/pet24.md\\\/product\\\/optimeal-polnoraczionnyj-suhoj-korm-dlya-vzr-21\\\/#breadcrumb\"},\"inLanguage\":\"ro-RO\",\"potentialAction\":[{\"@type\":\"ReadAction\",\"target\":[\"https:\\\/\\\/pet24.md\\\/product\\\/optimeal-polnoraczionnyj-suhoj-korm-dlya-vzr-21\\\/\"]}]},{\"@type\":\"ImageObject\",\"inLanguage\":\"ro-RO\",\"@id\":\"https:\\\/\\\/pet24.md\\\/product\\\/optimeal-polnoraczionnyj-suhoj-korm-dlya-vzr-21\\\/#primaryimage\",\"url\":\"https:\\\/\\\/pet24.md\\\/wp-content\\\/uploads\\\/2024\\\/09\\\/optimeal\u2122-polnoraczionnyj-suhoj-korm-dlya-vzroslyh-sobak-malyh-porod-utka-15-kg.webp\",\"contentUrl\":\"https:\\\/\\\/pet24.md\\\/wp-content\\\/uploads\\\/2024\\\/09\\\/optimeal\u2122-polnoraczionnyj-suhoj-korm-dlya-vzroslyh-sobak-malyh-porod-utka-15-kg.webp\",\"width\":600,\"height\":600,\"caption\":\"optimeal\u2122 polnoraczionnyj suhoj korm dlya vzroslyh sobak malyh porod utka 15 kg\"},{\"@type\":\"BreadcrumbList\",\"@id\":\"https:\\\/\\\/pet24.md\\\/product\\\/optimeal-polnoraczionnyj-suhoj-korm-dlya-vzr-21\\\/#breadcrumb\",\"itemListElement\":[{\"@type\":\"ListItem\",\"position\":1,\"name\":\"\u0413\u043b\u0430\u0432\u043d\u0430\u044f \u0441\u0442\u0440\u0430\u043d\u0438\u0446\u0430\",\"item\":\"https:\\\/\\\/pet24.md\\\/\"},{\"@type\":\"ListItem\",\"position\":2,\"name\":\"\u041c\u0430\u0433\u0430\u0437\u0438\u043d\",\"item\":\"https:\\\/\\\/pet24.md\\\/shop\\\/\"},{\"@type\":\"ListItem\",\"position\":3,\"name\":\"OPTIMEAL\u2122. \u041f\u043e\u043b\u043d\u043e\u0440\u0430\u0446\u0438\u043e\u043d\u043d\u044b\u0439 \u0441\u0443\u0445\u043e\u0439 \u043a\u043e\u0440\u043c \u0434\u043b\u044f \u0432\u0437\u0440\u043e\u0441\u043b\u044b\u0445 \u0441\u043e\u0431\u0430\u043a \u043c\u0430\u043b\u044b\u0445 \u043f\u043e\u0440\u043e\u0434 \u2013 \u0443\u0442\u043a\u0430 1.5 \u043a\u0433\"}]},{\"@type\":\"WebSite\",\"@id\":\"https:\\\/\\\/pet24.md\\\/#website\",\"url\":\"https:\\\/\\\/pet24.md\\\/\",\"name\":\"Pet24\",\"description\":\"\u0417\u043e\u043e\u043c\u0430\u0433\u0430\u0437\u0438\u043d \u0442\u043e\u0432\u0430\u0440\u043e\u0432 \u0434\u043b\u044f \u0434\u043e\u043c\u0430\u0448\u043d\u0438\u0445 \u043f\u0438\u0442\u043e\u043c\u0446\u0435\u0432\",\"publisher\":{\"@id\":\"https:\\\/\\\/pet24.md\\\/#organization\"},\"potentialAction\":[{\"@type\":\"SearchAction\",\"target\":{\"@type\":\"EntryPoint\",\"urlTemplate\":\"https:\\\/\\\/pet24.md\\\/?s={search_term_string}\"},\"query-input\":{\"@type\":\"PropertyValueSpecification\",\"valueRequired\":true,\"valueName\":\"search_term_string\"}}],\"inLanguage\":\"ro-RO\"},{\"@type\":\"Organization\",\"@id\":\"https:\\\/\\\/pet24.md\\\/#organization\",\"name\":\"Pet24\",\"url\":\"https:\\\/\\\/pet24.md\\\/\",\"logo\":{\"@type\":\"ImageObject\",\"inLanguage\":\"ro-RO\",\"@id\":\"https:\\\/\\\/pet24.md\\\/#\\\/schema\\\/logo\\\/image\\\/\",\"url\":\"https:\\\/\\\/pet24.md\\\/wp-content\\\/uploads\\\/2024\\\/09\\\/logo.svg\",\"contentUrl\":\"https:\\\/\\\/pet24.md\\\/wp-content\\\/uploads\\\/2024\\\/09\\\/logo.svg\",\"width\":215,\"height\":66,\"caption\":\"Pet24\"},\"image\":{\"@id\":\"https:\\\/\\\/pet24.md\\\/#\\\/schema\\\/logo\\\/image\\\/\"},\"sameAs\":[\"https:\\\/\\\/www.facebook.com\\\/pet24.md\",\"https:\\\/\\\/www.instagram.com\\\/pet24.md\\\/\"],\"telephone\":\"+37360508880\"}]}<\/script>\n<!-- \/ Yoast SEO Premium plugin. -->","yoast_head_json":{"title":"OPTIMEAL\u2122. Hran\u0103 uscat\u0103 complet\u0103 pentru c\u00e2ini adul\u021bi de rase mici \u2013 ra\u021b\u0103 1,5 kg","description":"\u041a\u0443\u043f\u0438\u0442\u044c OPTIMEAL\u2122. \u041f\u043e\u043b\u043d\u043e\u0440\u0430\u0446\u0438\u043e\u043d\u043d\u044b\u0439 \u0441\u0443\u0445\u043e\u0439 \u043a\u043e\u0440\u043c \u0434\u043b\u044f \u0432\u0437\u0440\u043e\u0441\u043b\u044b\u0445 \u0441\u043e\u0431\u0430\u043a \u043c\u0430\u043b\u044b\u0445 \u043f\u043e\u0440\u043e\u0434 \u2013 \u0443\u0442\u043a\u0430 1.5 \u043a\u0433 \u0441 \u0434\u043e\u0441\u0442\u0430\u0432\u043a\u043e\u0439 \u043f\u043e \u041a\u0438\u0448\u0438\u043d\u0435\u0432\u0443 \u0438 \u0432\u0441\u0435\u0439 \u041c\u043e\u043b\u0434\u043e\u0432\u0435 \u043d\u0430 Pet24","robots":{"index":"index","follow":"follow","max-snippet":"max-snippet:-1","max-image-preview":"max-image-preview:large","max-video-preview":"max-video-preview:-1"},"canonical":"https:\/\/pet24.md\/ro\/produs\/optimeal-polnoraczionnyj-suhoj-korm-dlya-vzr-21\/","og_locale":"ro_RO","og_type":"article","og_title":"OPTIMEAL\u2122. \u041f\u043e\u043b\u043d\u043e\u0440\u0430\u0446\u0438\u043e\u043d\u043d\u044b\u0439 \u0441\u0443\u0445\u043e\u0439 \u043a\u043e\u0440\u043c \u0434\u043b\u044f \u0432\u0437\u0440\u043e\u0441\u043b\u044b\u0445 \u0441\u043e\u0431\u0430\u043a \u043c\u0430\u043b\u044b\u0445 \u043f\u043e\u0440\u043e\u0434 \u2013 \u0443\u0442\u043a\u0430 1.5 \u043a\u0433","og_description":"\u041a\u0443\u043f\u0438\u0442\u044c OPTIMEAL\u2122. \u041f\u043e\u043b\u043d\u043e\u0440\u0430\u0446\u0438\u043e\u043d\u043d\u044b\u0439 \u0441\u0443\u0445\u043e\u0439 \u043a\u043e\u0440\u043c \u0434\u043b\u044f \u0432\u0437\u0440\u043e\u0441\u043b\u044b\u0445 \u0441\u043e\u0431\u0430\u043a \u043c\u0430\u043b\u044b\u0445 \u043f\u043e\u0440\u043e\u0434 \u2013 \u0443\u0442\u043a\u0430 1.5 \u043a\u0433 \u0441 \u0434\u043e\u0441\u0442\u0430\u0432\u043a\u043e\u0439 \u043f\u043e \u041a\u0438\u0448\u0438\u043d\u0435\u0432\u0443 \u0438 \u0432\u0441\u0435\u0439 \u041c\u043e\u043b\u0434\u043e\u0432\u0435 \u043d\u0430 Pet24","og_url":"https:\/\/pet24.md\/ro\/produs\/optimeal-polnoraczionnyj-suhoj-korm-dlya-vzr-21\/","og_site_name":"Pet24","article_publisher":"https:\/\/www.facebook.com\/pet24.md","article_modified_time":"2024-09-22T22:10:17+00:00","og_image":[{"width":600,"height":600,"url":"https:\/\/pet24.md\/wp-content\/uploads\/2024\/09\/optimeal\u2122-polnoraczionnyj-suhoj-korm-dlya-vzroslyh-sobak-malyh-porod-utka-15-kg.webp","type":"image\/webp"}],"twitter_card":"summary_large_image","schema":{"@context":"https:\/\/schema.org","@graph":[{"@type":"WebPage","@id":"https:\/\/pet24.md\/product\/optimeal-polnoraczionnyj-suhoj-korm-dlya-vzr-21\/","url":"https:\/\/pet24.md\/product\/optimeal-polnoraczionnyj-suhoj-korm-dlya-vzr-21\/","name":"OPTIMEAL\u2122. Hran\u0103 uscat\u0103 complet\u0103 pentru c\u00e2ini adul\u021bi de rase mici \u2013 ra\u021b\u0103 1,5 kg","isPartOf":{"@id":"https:\/\/pet24.md\/#website"},"primaryImageOfPage":{"@id":"https:\/\/pet24.md\/product\/optimeal-polnoraczionnyj-suhoj-korm-dlya-vzr-21\/#primaryimage"},"image":{"@id":"https:\/\/pet24.md\/product\/optimeal-polnoraczionnyj-suhoj-korm-dlya-vzr-21\/#primaryimage"},"thumbnailUrl":"https:\/\/pet24.md\/wp-content\/uploads\/2024\/09\/optimeal\u2122-polnoraczionnyj-suhoj-korm-dlya-vzroslyh-sobak-malyh-porod-utka-15-kg.webp","datePublished":"2023-01-05T15:57:56+00:00","dateModified":"2024-09-22T22:10:17+00:00","description":"\u041a\u0443\u043f\u0438\u0442\u044c OPTIMEAL\u2122. \u041f\u043e\u043b\u043d\u043e\u0440\u0430\u0446\u0438\u043e\u043d\u043d\u044b\u0439 \u0441\u0443\u0445\u043e\u0439 \u043a\u043e\u0440\u043c \u0434\u043b\u044f \u0432\u0437\u0440\u043e\u0441\u043b\u044b\u0445 \u0441\u043e\u0431\u0430\u043a \u043c\u0430\u043b\u044b\u0445 \u043f\u043e\u0440\u043e\u0434 \u2013 \u0443\u0442\u043a\u0430 1.5 \u043a\u0433 \u0441 \u0434\u043e\u0441\u0442\u0430\u0432\u043a\u043e\u0439 \u043f\u043e \u041a\u0438\u0448\u0438\u043d\u0435\u0432\u0443 \u0438 \u0432\u0441\u0435\u0439 \u041c\u043e\u043b\u0434\u043e\u0432\u0435 \u043d\u0430 Pet24","breadcrumb":{"@id":"https:\/\/pet24.md\/product\/optimeal-polnoraczionnyj-suhoj-korm-dlya-vzr-21\/#breadcrumb"},"inLanguage":"ro-RO","potentialAction":[{"@type":"ReadAction","target":["https:\/\/pet24.md\/product\/optimeal-polnoraczionnyj-suhoj-korm-dlya-vzr-21\/"]}]},{"@type":"ImageObject","inLanguage":"ro-RO","@id":"https:\/\/pet24.md\/product\/optimeal-polnoraczionnyj-suhoj-korm-dlya-vzr-21\/#primaryimage","url":"https:\/\/pet24.md\/wp-content\/uploads\/2024\/09\/optimeal\u2122-polnoraczionnyj-suhoj-korm-dlya-vzroslyh-sobak-malyh-porod-utka-15-kg.webp","contentUrl":"https:\/\/pet24.md\/wp-content\/uploads\/2024\/09\/optimeal\u2122-polnoraczionnyj-suhoj-korm-dlya-vzroslyh-sobak-malyh-porod-utka-15-kg.webp","width":600,"height":600,"caption":"optimeal\u2122 polnoraczionnyj suhoj korm dlya vzroslyh sobak malyh porod utka 15 kg"},{"@type":"BreadcrumbList","@id":"https:\/\/pet24.md\/product\/optimeal-polnoraczionnyj-suhoj-korm-dlya-vzr-21\/#breadcrumb","itemListElement":[{"@type":"ListItem","position":1,"name":"\u0413\u043b\u0430\u0432\u043d\u0430\u044f \u0441\u0442\u0440\u0430\u043d\u0438\u0446\u0430","item":"https:\/\/pet24.md\/"},{"@type":"ListItem","position":2,"name":"\u041c\u0430\u0433\u0430\u0437\u0438\u043d","item":"https:\/\/pet24.md\/shop\/"},{"@type":"ListItem","position":3,"name":"OPTIMEAL\u2122. \u041f\u043e\u043b\u043d\u043e\u0440\u0430\u0446\u0438\u043e\u043d\u043d\u044b\u0439 \u0441\u0443\u0445\u043e\u0439 \u043a\u043e\u0440\u043c \u0434\u043b\u044f \u0432\u0437\u0440\u043e\u0441\u043b\u044b\u0445 \u0441\u043e\u0431\u0430\u043a \u043c\u0430\u043b\u044b\u0445 \u043f\u043e\u0440\u043e\u0434 \u2013 \u0443\u0442\u043a\u0430 1.5 \u043a\u0433"}]},{"@type":"WebSite","@id":"https:\/\/pet24.md\/#website","url":"https:\/\/pet24.md\/","name":"Pet24","description":"Magazin de animale de companie","publisher":{"@id":"https:\/\/pet24.md\/#organization"},"potentialAction":[{"@type":"SearchAction","target":{"@type":"EntryPoint","urlTemplate":"https:\/\/pet24.md\/?s={search_term_string}"},"query-input":{"@type":"PropertyValueSpecification","valueRequired":true,"valueName":"search_term_string"}}],"inLanguage":"ro-RO"},{"@type":"Organization","@id":"https:\/\/pet24.md\/#organization","name":"Pet24","url":"https:\/\/pet24.md\/","logo":{"@type":"ImageObject","inLanguage":"ro-RO","@id":"https:\/\/pet24.md\/#\/schema\/logo\/image\/","url":"https:\/\/pet24.md\/wp-content\/uploads\/2024\/09\/logo.svg","contentUrl":"https:\/\/pet24.md\/wp-content\/uploads\/2024\/09\/logo.svg","width":215,"height":66,"caption":"Pet24"},"image":{"@id":"https:\/\/pet24.md\/#\/schema\/logo\/image\/"},"sameAs":["https:\/\/www.facebook.com\/pet24.md","https:\/\/www.instagram.com\/pet24.md\/"],"telephone":"+37360508880"}]}},"_links":{"self":[{"href":"https:\/\/pet24.md\/ro\/wp-json\/wp\/v2\/product\/16135","targetHints":{"allow":["GET"]}}],"collection":[{"href":"https:\/\/pet24.md\/ro\/wp-json\/wp\/v2\/product"}],"about":[{"href":"https:\/\/pet24.md\/ro\/wp-json\/wp\/v2\/types\/product"}],"replies":[{"embeddable":true,"href":"https:\/\/pet24.md\/ro\/wp-json\/wp\/v2\/comments?post=16135"}],"wp:featuredmedia":[{"embeddable":true,"href":"https:\/\/pet24.md\/ro\/wp-json\/wp\/v2\/media\/89441"}],"wp:attachment":[{"href":"https:\/\/pet24.md\/ro\/wp-json\/wp\/v2\/media?parent=16135"}],"wp:term":[{"taxonomy":"product_brand","embeddable":true,"href":"https:\/\/pet24.md\/ro\/wp-json\/wp\/v2\/product_brand?post=16135"},{"taxonomy":"product_cat","embeddable":true,"href":"https:\/\/pet24.md\/ro\/wp-json\/wp\/v2\/product_cat?post=16135"},{"taxonomy":"product_tag","embeddable":true,"href":"https:\/\/pet24.md\/ro\/wp-json\/wp\/v2\/product_tag?post=16135"}],"curies":[{"name":"wp","href":"https:\/\/api.w.org\/{rel}","templated":true}]}}