{"id":16153,"date":"2023-01-05T16:20:13","date_gmt":"2023-01-05T16:20:13","guid":{"rendered":"https:\/\/pet24.md\/?post_type=product&#038;p=16153"},"modified":"2024-10-01T17:23:22","modified_gmt":"2024-10-01T17:23:22","slug":"optimeal-byuti-garmoniya-myagkij-uspokaivayu","status":"publish","type":"product","link":"https:\/\/pet24.md\/ro\/produs\/optimeal-byuti-garmoniya-myagkij-uspokaivayu\/","title":{"rendered":"OPTIMEAL\u2122. Armonia frumuse\u021bii. Efect calmant u\u0219or. Hrana uscata completa pentru caini adulti de toate rasele. Formula pe baza de fructe de mare 10 kg"},"content":{"rendered":"<p><strong>OPTIMEAL\u2122. FRUMUSE\u021aE ARMONIE. EFECT CALMANT MOLE. Hrana uscata completa pentru caini adulti de toate rasele. Formula pe baza de fructe de mare<\/strong><\/p>\n<p><strong>Avantaje:<\/strong><br \/>\nHarmony este o formul\u0103 perfect echilibrat\u0103, cu un efect u\u0219or de calmare. Mu\u0219e\u021belul \u0219i balsamul de l\u0103m\u00e2ie au propriet\u0103\u021bi u\u0219oare de calmare. Aloe vera \u0219i afinele au propriet\u0103\u021bi antioxidante care ajut\u0103 la protejarea celulelor corpului de ac\u021biunea moleculelor de radicali liberi.<\/p>\n<p><strong>SUPERFOOD MARIN<\/strong><br \/>\nCocktail de mare: somon, hering de Atlantic, midii \u00eentregi, creve\u021bi, krill.<br \/>\n85% proteine usor digerabile de origine marina; compozitie bogata in aminoacizi, antioxidanti naturali, vitamine si minerale: B12, D3, E, zinc, seleniu, fosfor, cupru, iod, niacina, colina.<\/p>\n<p><strong>PROMOV\u0102 PROTEC\u021aIA CELULUI<\/strong><br \/>\nAntioxidan\u021bi naturali \u2013 Aloe vera, Afine<\/p>\n<p><strong>Ierburi<\/strong><br \/>\nMu\u0219e\u021bel \u0219i balsam de l\u0103m\u00e2ie<\/p>\n<p><strong>SPRIJIN IUNITAR<\/strong><\/p>\n<p><strong>\u03b2(1,3\/1,6)-glucani purifica\u021bi \u00eent\u0103resc sistemul imunitar.<\/strong><\/p>\n<p><strong>Prebioticele MOS \u0219i FOS men\u021bin echilibrul optim al microflorei intestinale.<\/strong><\/p>\n<p><strong>Un complex de antioxidan\u021bi naturali: aloe vera, extract de rozmarin, meri\u0219or, zinc \u0219i seleniu promoveaz\u0103 regenerarea celular\u0103 \u0219i previn \u00eemb\u0103tr\u00e2nirea prematur\u0103.<\/strong><\/p>\n<p><strong>Nutri\u021bia Beauty Harmony \u00een combina\u021bie cu cursuri cu un m\u00e2nuitor de c\u00e2ini \u0219i plimb\u0103ri \u00een aer va ajuta la restabilirea echilibrului emo\u021bional la animalele cu un sistem nervos excitabil<\/strong>y.<\/p>\n<p><strong>Holistic marine:<\/strong><br \/>\nFrumuse\u021bea este rezultatul s\u0103n\u0103t\u0103\u021bii. Prin urmare, trebuie s\u0103 existe o abordare s\u0103n\u0103toas\u0103 a frumuse\u021bii. Linia Optimeal Beauty este dezvoltat\u0103 dup\u0103 o abordare holistic\u0103, a\u0219a c\u0103 aceast\u0103 alimenta\u021bie zilnic\u0103 echilibrat\u0103 se bazeaz\u0103 pe o abordare holistic\u0103 care are grij\u0103 de s\u0103n\u0103tatea animalului, frumuse\u021bea \u0219i bun\u0103starea acestuia. Daca vrei sa te concentrezi pe o forma fizica impecabila, un aspect luxos sau o stare emotionala armonioasa, atunci poti comuta intre cele trei produse functionale Fitness, Podium si Harmony.<br \/>\nDietele nu sunt terapeutice. Aceasta este o alimenta\u021bie preventiv\u0103 care, \u00een combina\u021bie cu un stil de via\u021b\u0103 s\u0103n\u0103tos, va ajuta animalul s\u0103 men\u021bin\u0103 o greutate s\u0103n\u0103toas\u0103, un aspect frumos \u0219i o stare emo\u021bional\u0103 armonioas\u0103.<\/p>\n<p><strong>Nu contine: cu<\/strong>vin \u0219i carne de vit\u0103, produse lactate \u0219i ou\u0103, boabe de porumb, gr\u00e2u,<br \/>\nsoia, cartofi, coloranti artificiali, conservanti<\/p>\n<p><strong>Compus:<\/strong> 32 % proteine din pe\u0219te deshidratat (somon 16 %, hering 16 %), sorg integral, orez brun, gr\u0103sime de pui, orz, proteine hidrolizate din somon 3 %, hering Atlantic 2,5 %, somon 2,5 1TPmace, mere \u00eentregi %, teff mere , minerale, semin\u021be de in, drojdie de bere, creve\u021bi \u00eentregi 1 %, proteine deshidratate de krill 1 %, semin\u021be de amarant, ulei de somon, r\u0103d\u0103cin\u0103 de cicoare, afine 0,1 %, meri\u0219oare 0,1 %, aloe vera, balsa\u0219\u0103 1TP30, 1TP305, \u0219emin\u0103 flori 0,05 %, beta-1,3\/1,6-glucan 0,05 %, MOS (mananoligozaharide) 0,03 %, FOS (fructooligozaharide) 0,03 %, extract de Yucca.<\/p>\n<p><strong>Componente analitice:<\/strong> proteine brute \u2013 29 %, gr\u0103simi brute \u2013 17 %, cenu\u0219\u0103 brut\u0103 \u2013 7 %, fibre brute \u2013 2 %, umiditate \u2013 9,0 %, calciu \u2013 1,3 %, fosfor \u2013 1,2 %, magneziu \u2013 1TP03T, 1 mg\/kg zinc , seleniu \u2013 0,35 mg\/kg. La 1 kg de furaj: acizi gra\u0219i omega-3 \u2013 9,14 g, inclusiv EPA \u0219i DHA \u2013 3,88 g, acizi gra\u0219i omega-6 \u2013 53,57 g 85 proteine % \u2013 origine marina.<\/p>\n<p><strong>Aditivi: Suplimente nutritive<\/strong> (pe 1 kg de furaj), mg\/kg: vitamina A (3a672a): 22.000 UI, vitamina D3 (3a671): 1500 UI, vitamina E (3a700): 500, vitamina C (3a312): 200, vitamina B1 (3a821) ): 4, vitamina B2 (3a825i): 7, niacina (3a314): 16,6, D-pantotenat de calciu (3a841): 13, vitamina B6 (3a831): 4,4, biotin\u0103 (3a880): 0,14, acid folic (3a316): 0,45, vitamina B12 (cianocobalamin\u0103): 0,22, clorur\u0103 de colin\u0103 (3a890): 1.900, taurin\u0103 (3a370): 1.400, zinc (3b605): 40, cupru (3b405): 11, fier (3b103): 13b0, mangan (3b103): 13b0 : 10, iod (3b201): 2.<\/p>\n<p><strong>Suplimente senzoriale:<\/strong> amestecuri aromatice: extract de rozmarin (produs natural): 300.<\/p>\n<p><strong>Valoarea energetic\u0103<\/strong> (con\u021binut caloric) 100 g furaj: 1626,74 kJ (388,8 kcal).<br \/>\nPe ambalaj sunt indicate data produc\u021biei, data de consumul de consum \u0219i num\u0103rul de lot. A se pastra la loc racoros, uscat, ferit de soare.<\/p>\n<p>Alimentele trebuie introduse treptat \u00een alimenta\u021bie (cel pu\u021bin \u00een primele 5 zile). Ofer\u0103 animalului t\u0103u acces constant la ap\u0103 potabil\u0103 curat\u0103. Ratele individuale de hr\u0103nire pot varia \u00een func\u021bie de v\u00e2rsta animalului, rasa, nivelul de activitate \u0219i habitatul.<\/p>","protected":false},"excerpt":{"rendered":"<p>OPTIMEAL\u2122. FRUMUSE\u021aE ARMONIE. EFECT CALMANT MOLE. Hrana uscata completa pentru caini adulti de toate rasele. Formula pe baz\u0103 de fructe de mare Beneficii: Harmony este ideal\u0103...<\/p>","protected":false},"featured_media":89444,"comment_status":"closed","ping_status":"closed","template":"","meta":[],"product_brand":[],"product_cat":[136,293,337],"product_tag":[321,338,378,240,379,325],"class_list":{"0":"post-16153","1":"product","2":"type-product","3":"status-publish","4":"has-post-thumbnail","6":"product_cat-dog","7":"product_cat-dogfood","8":"product_cat-dogdry","9":"product_tag-optimeal","10":"product_tag-optimeal-sobakam","11":"product_tag-byuti-garmoniya","12":"product_tag-vzroslaya-sobaka","13":"product_tag-moreprodukty","14":"product_tag-suhoj-korm","15":"pa_age-pet-vzroslyj","16":"pa_brand-optimeal","17":"pa_breed-size-dlya-vseh-porod","18":"pa_feed-class-super-premium","19":"pa_meat-ingredients-moreprodukty","20":"pa_packaging-meshok","21":"pa_pet-sobaka","22":"pa_pet-feature-zdorovyj-pitomecz","23":"pa_type-feed-suhoj-korm","24":"pa_weight-10-kg","26":"first","27":"instock","28":"product-type-simple"},"yoast_head":"<!-- This site is optimized with the Yoast SEO Premium plugin v23.7 (Yoast SEO v27.5) - https:\/\/yoast.com\/product\/yoast-seo-premium-wordpress\/ -->\n<title>OPTIMEAL\u2122. Beauty Harmony. \u041c\u044f\u0433\u043a\u0438\u0439 \u0443\u0441\u043f\u043e\u043a\u0430\u0438\u0432\u0430\u044e\u0449\u0438\u0439 \u044d\u0444\u0444\u0435\u043a\u0442. \u041f\u043e\u043b\u043d\u043e\u0440\u0430\u0446\u0438\u043e\u043d\u043d\u044b\u0439 \u0441\u0443\u0445\u043e\u0439 \u043a\u043e\u0440\u043c \u0434\u043b\u044f \u0432\u0437\u0440\u043e\u0441\u043b\u044b\u0445 \u0441\u043e\u0431\u0430\u043a \u0432\u0441\u0435\u0445 \u043f\u043e\u0440\u043e\u0434. \u0424\u043e\u0440\u043c\u0443\u043b\u0430 \u043d\u0430 \u043e\u0441\u043d\u043e\u0432\u0435 \u043c\u043e\u0440\u0435\u043f\u0440\u043e\u0434\u0443\u043a\u0442\u043e\u0432 10 \u043a\u0433<\/title>\n<meta name=\"description\" content=\"\u041a\u0443\u043f\u0438\u0442\u044c OPTIMEAL\u2122. Beauty Harmony. \u041c\u044f\u0433\u043a\u0438\u0439 \u0443\u0441\u043f\u043e\u043a\u0430\u0438\u0432\u0430\u044e\u0449\u0438\u0439 \u044d\u0444\u0444\u0435\u043a\u0442. \u041f\u043e\u043b\u043d\u043e\u0440\u0430\u0446\u0438\u043e\u043d\u043d\u044b\u0439 \u0441\u0443\u0445\u043e\u0439 \u043a\u043e\u0440\u043c \u0434\u043b\u044f \u0432\u0437\u0440\u043e\u0441\u043b\u044b\u0445 \u0441\u043e\u0431\u0430\u043a \u0432\u0441\u0435\u0445 \u043f\u043e\u0440\u043e\u0434. \u0424\u043e\u0440\u043c\u0443\u043b\u0430 \u043d\u0430 \u043e\u0441\u043d\u043e\u0432\u0435 \u043c\u043e\u0440\u0435\u043f\u0440\u043e\u0434\u0443\u043a\u0442\u043e\u0432 10 \u043a\u0433 \u0441 \u0434\u043e\u0441\u0442\u0430\u0432\u043a\u043e\u0439 \u043f\u043e \u041a\u0438\u0448\u0438\u043d\u0435\u0432\u0443 \u0438 \u0432\u0441\u0435\u0439 \u041c\u043e\u043b\u0434\u043e\u0432\u0435 \u043d\u0430 Pet24\" \/>\n<meta name=\"robots\" content=\"index, follow, max-snippet:-1, max-image-preview:large, max-video-preview:-1\" \/>\n<link rel=\"canonical\" href=\"https:\/\/pet24.md\/ro\/produs\/optimeal-byuti-garmoniya-myagkij-uspokaivayu\/\" \/>\n<meta property=\"og:locale\" content=\"ro_RO\" \/>\n<meta property=\"og:type\" content=\"article\" \/>\n<meta property=\"og:title\" content=\"OPTIMEAL\u2122. Beauty Harmony. \u041c\u044f\u0433\u043a\u0438\u0439 \u0443\u0441\u043f\u043e\u043a\u0430\u0438\u0432\u0430\u044e\u0449\u0438\u0439 \u044d\u0444\u0444\u0435\u043a\u0442. \u041f\u043e\u043b\u043d\u043e\u0440\u0430\u0446\u0438\u043e\u043d\u043d\u044b\u0439 \u0441\u0443\u0445\u043e\u0439 \u043a\u043e\u0440\u043c \u0434\u043b\u044f \u0432\u0437\u0440\u043e\u0441\u043b\u044b\u0445 \u0441\u043e\u0431\u0430\u043a \u0432\u0441\u0435\u0445 \u043f\u043e\u0440\u043e\u0434. \u0424\u043e\u0440\u043c\u0443\u043b\u0430 \u043d\u0430 \u043e\u0441\u043d\u043e\u0432\u0435 \u043c\u043e\u0440\u0435\u043f\u0440\u043e\u0434\u0443\u043a\u0442\u043e\u0432 10 \u043a\u0433\" \/>\n<meta property=\"og:description\" content=\"\u041a\u0443\u043f\u0438\u0442\u044c OPTIMEAL\u2122. Beauty Harmony. \u041c\u044f\u0433\u043a\u0438\u0439 \u0443\u0441\u043f\u043e\u043a\u0430\u0438\u0432\u0430\u044e\u0449\u0438\u0439 \u044d\u0444\u0444\u0435\u043a\u0442. \u041f\u043e\u043b\u043d\u043e\u0440\u0430\u0446\u0438\u043e\u043d\u043d\u044b\u0439 \u0441\u0443\u0445\u043e\u0439 \u043a\u043e\u0440\u043c \u0434\u043b\u044f \u0432\u0437\u0440\u043e\u0441\u043b\u044b\u0445 \u0441\u043e\u0431\u0430\u043a \u0432\u0441\u0435\u0445 \u043f\u043e\u0440\u043e\u0434. \u0424\u043e\u0440\u043c\u0443\u043b\u0430 \u043d\u0430 \u043e\u0441\u043d\u043e\u0432\u0435 \u043c\u043e\u0440\u0435\u043f\u0440\u043e\u0434\u0443\u043a\u0442\u043e\u0432 10 \u043a\u0433 \u0441 \u0434\u043e\u0441\u0442\u0430\u0432\u043a\u043e\u0439 \u043f\u043e \u041a\u0438\u0448\u0438\u043d\u0435\u0432\u0443 \u0438 \u0432\u0441\u0435\u0439 \u041c\u043e\u043b\u0434\u043e\u0432\u0435 \u043d\u0430 Pet24\" \/>\n<meta property=\"og:url\" content=\"https:\/\/pet24.md\/ro\/produs\/optimeal-byuti-garmoniya-myagkij-uspokaivayu\/\" \/>\n<meta property=\"og:site_name\" content=\"Pet24\" \/>\n<meta property=\"article:publisher\" content=\"https:\/\/www.facebook.com\/pet24.md\" \/>\n<meta property=\"article:modified_time\" content=\"2024-10-01T17:23:22+00:00\" \/>\n<meta property=\"og:image\" content=\"https:\/\/pet24.md\/wp-content\/uploads\/2024\/09\/1-25.webp\" \/>\n\t<meta property=\"og:image:width\" content=\"600\" \/>\n\t<meta property=\"og:image:height\" content=\"600\" \/>\n\t<meta property=\"og:image:type\" content=\"image\/webp\" \/>\n<meta name=\"twitter:card\" content=\"summary_large_image\" \/>\n<script type=\"application\/ld+json\" class=\"yoast-schema-graph\">{\"@context\":\"https:\\\/\\\/schema.org\",\"@graph\":[{\"@type\":\"WebPage\",\"@id\":\"https:\\\/\\\/pet24.md\\\/product\\\/optimeal-byuti-garmoniya-myagkij-uspokaivayu\\\/\",\"url\":\"https:\\\/\\\/pet24.md\\\/product\\\/optimeal-byuti-garmoniya-myagkij-uspokaivayu\\\/\",\"name\":\"OPTIMEAL\u2122. Beauty Harmony. \u041c\u044f\u0433\u043a\u0438\u0439 \u0443\u0441\u043f\u043e\u043a\u0430\u0438\u0432\u0430\u044e\u0449\u0438\u0439 \u044d\u0444\u0444\u0435\u043a\u0442. \u041f\u043e\u043b\u043d\u043e\u0440\u0430\u0446\u0438\u043e\u043d\u043d\u044b\u0439 \u0441\u0443\u0445\u043e\u0439 \u043a\u043e\u0440\u043c \u0434\u043b\u044f \u0432\u0437\u0440\u043e\u0441\u043b\u044b\u0445 \u0441\u043e\u0431\u0430\u043a \u0432\u0441\u0435\u0445 \u043f\u043e\u0440\u043e\u0434. \u0424\u043e\u0440\u043c\u0443\u043b\u0430 \u043d\u0430 \u043e\u0441\u043d\u043e\u0432\u0435 \u043c\u043e\u0440\u0435\u043f\u0440\u043e\u0434\u0443\u043a\u0442\u043e\u0432 10 \u043a\u0433\",\"isPartOf\":{\"@id\":\"https:\\\/\\\/pet24.md\\\/#website\"},\"primaryImageOfPage\":{\"@id\":\"https:\\\/\\\/pet24.md\\\/product\\\/optimeal-byuti-garmoniya-myagkij-uspokaivayu\\\/#primaryimage\"},\"image\":{\"@id\":\"https:\\\/\\\/pet24.md\\\/product\\\/optimeal-byuti-garmoniya-myagkij-uspokaivayu\\\/#primaryimage\"},\"thumbnailUrl\":\"https:\\\/\\\/pet24.md\\\/wp-content\\\/uploads\\\/2024\\\/09\\\/1-25.webp\",\"datePublished\":\"2023-01-05T16:20:13+00:00\",\"dateModified\":\"2024-10-01T17:23:22+00:00\",\"description\":\"\u041a\u0443\u043f\u0438\u0442\u044c OPTIMEAL\u2122. Beauty Harmony. \u041c\u044f\u0433\u043a\u0438\u0439 \u0443\u0441\u043f\u043e\u043a\u0430\u0438\u0432\u0430\u044e\u0449\u0438\u0439 \u044d\u0444\u0444\u0435\u043a\u0442. \u041f\u043e\u043b\u043d\u043e\u0440\u0430\u0446\u0438\u043e\u043d\u043d\u044b\u0439 \u0441\u0443\u0445\u043e\u0439 \u043a\u043e\u0440\u043c \u0434\u043b\u044f \u0432\u0437\u0440\u043e\u0441\u043b\u044b\u0445 \u0441\u043e\u0431\u0430\u043a \u0432\u0441\u0435\u0445 \u043f\u043e\u0440\u043e\u0434. \u0424\u043e\u0440\u043c\u0443\u043b\u0430 \u043d\u0430 \u043e\u0441\u043d\u043e\u0432\u0435 \u043c\u043e\u0440\u0435\u043f\u0440\u043e\u0434\u0443\u043a\u0442\u043e\u0432 10 \u043a\u0433 \u0441 \u0434\u043e\u0441\u0442\u0430\u0432\u043a\u043e\u0439 \u043f\u043e \u041a\u0438\u0448\u0438\u043d\u0435\u0432\u0443 \u0438 \u0432\u0441\u0435\u0439 \u041c\u043e\u043b\u0434\u043e\u0432\u0435 \u043d\u0430 Pet24\",\"breadcrumb\":{\"@id\":\"https:\\\/\\\/pet24.md\\\/product\\\/optimeal-byuti-garmoniya-myagkij-uspokaivayu\\\/#breadcrumb\"},\"inLanguage\":\"ro-RO\",\"potentialAction\":[{\"@type\":\"ReadAction\",\"target\":[\"https:\\\/\\\/pet24.md\\\/product\\\/optimeal-byuti-garmoniya-myagkij-uspokaivayu\\\/\"]}]},{\"@type\":\"ImageObject\",\"inLanguage\":\"ro-RO\",\"@id\":\"https:\\\/\\\/pet24.md\\\/product\\\/optimeal-byuti-garmoniya-myagkij-uspokaivayu\\\/#primaryimage\",\"url\":\"https:\\\/\\\/pet24.md\\\/wp-content\\\/uploads\\\/2024\\\/09\\\/1-25.webp\",\"contentUrl\":\"https:\\\/\\\/pet24.md\\\/wp-content\\\/uploads\\\/2024\\\/09\\\/1-25.webp\",\"width\":600,\"height\":600,\"caption\":\"1 25\"},{\"@type\":\"BreadcrumbList\",\"@id\":\"https:\\\/\\\/pet24.md\\\/product\\\/optimeal-byuti-garmoniya-myagkij-uspokaivayu\\\/#breadcrumb\",\"itemListElement\":[{\"@type\":\"ListItem\",\"position\":1,\"name\":\"\u0413\u043b\u0430\u0432\u043d\u0430\u044f \u0441\u0442\u0440\u0430\u043d\u0438\u0446\u0430\",\"item\":\"https:\\\/\\\/pet24.md\\\/\"},{\"@type\":\"ListItem\",\"position\":2,\"name\":\"\u041c\u0430\u0433\u0430\u0437\u0438\u043d\",\"item\":\"https:\\\/\\\/pet24.md\\\/shop\\\/\"},{\"@type\":\"ListItem\",\"position\":3,\"name\":\"OPTIMEAL\u2122. Beauty Harmony. \u041c\u044f\u0433\u043a\u0438\u0439 \u0443\u0441\u043f\u043e\u043a\u0430\u0438\u0432\u0430\u044e\u0449\u0438\u0439 \u044d\u0444\u0444\u0435\u043a\u0442. \u041f\u043e\u043b\u043d\u043e\u0440\u0430\u0446\u0438\u043e\u043d\u043d\u044b\u0439 \u0441\u0443\u0445\u043e\u0439 \u043a\u043e\u0440\u043c \u0434\u043b\u044f \u0432\u0437\u0440\u043e\u0441\u043b\u044b\u0445 \u0441\u043e\u0431\u0430\u043a \u0432\u0441\u0435\u0445 \u043f\u043e\u0440\u043e\u0434. \u0424\u043e\u0440\u043c\u0443\u043b\u0430 \u043d\u0430 \u043e\u0441\u043d\u043e\u0432\u0435 \u043c\u043e\u0440\u0435\u043f\u0440\u043e\u0434\u0443\u043a\u0442\u043e\u0432 10 \u043a\u0433\"}]},{\"@type\":\"WebSite\",\"@id\":\"https:\\\/\\\/pet24.md\\\/#website\",\"url\":\"https:\\\/\\\/pet24.md\\\/\",\"name\":\"Pet24\",\"description\":\"\u0417\u043e\u043e\u043c\u0430\u0433\u0430\u0437\u0438\u043d \u0442\u043e\u0432\u0430\u0440\u043e\u0432 \u0434\u043b\u044f \u0434\u043e\u043c\u0430\u0448\u043d\u0438\u0445 \u043f\u0438\u0442\u043e\u043c\u0446\u0435\u0432\",\"publisher\":{\"@id\":\"https:\\\/\\\/pet24.md\\\/#organization\"},\"potentialAction\":[{\"@type\":\"SearchAction\",\"target\":{\"@type\":\"EntryPoint\",\"urlTemplate\":\"https:\\\/\\\/pet24.md\\\/?s={search_term_string}\"},\"query-input\":{\"@type\":\"PropertyValueSpecification\",\"valueRequired\":true,\"valueName\":\"search_term_string\"}}],\"inLanguage\":\"ro-RO\"},{\"@type\":\"Organization\",\"@id\":\"https:\\\/\\\/pet24.md\\\/#organization\",\"name\":\"Pet24\",\"url\":\"https:\\\/\\\/pet24.md\\\/\",\"logo\":{\"@type\":\"ImageObject\",\"inLanguage\":\"ro-RO\",\"@id\":\"https:\\\/\\\/pet24.md\\\/#\\\/schema\\\/logo\\\/image\\\/\",\"url\":\"https:\\\/\\\/pet24.md\\\/wp-content\\\/uploads\\\/2024\\\/09\\\/logo.svg\",\"contentUrl\":\"https:\\\/\\\/pet24.md\\\/wp-content\\\/uploads\\\/2024\\\/09\\\/logo.svg\",\"width\":215,\"height\":66,\"caption\":\"Pet24\"},\"image\":{\"@id\":\"https:\\\/\\\/pet24.md\\\/#\\\/schema\\\/logo\\\/image\\\/\"},\"sameAs\":[\"https:\\\/\\\/www.facebook.com\\\/pet24.md\",\"https:\\\/\\\/www.instagram.com\\\/pet24.md\\\/\"],\"telephone\":\"+37360508880\"}]}<\/script>\n<!-- \/ Yoast SEO Premium plugin. -->","yoast_head_json":{"title":"OPTIMEAL\u2122. Armonia frumuse\u021bii. Efect calmant u\u0219or. Hrana uscata completa pentru caini adulti de toate rasele. Formula pe baza de fructe de mare 10 kg","description":"\u041a\u0443\u043f\u0438\u0442\u044c OPTIMEAL\u2122. Beauty Harmony. \u041c\u044f\u0433\u043a\u0438\u0439 \u0443\u0441\u043f\u043e\u043a\u0430\u0438\u0432\u0430\u044e\u0449\u0438\u0439 \u044d\u0444\u0444\u0435\u043a\u0442. \u041f\u043e\u043b\u043d\u043e\u0440\u0430\u0446\u0438\u043e\u043d\u043d\u044b\u0439 \u0441\u0443\u0445\u043e\u0439 \u043a\u043e\u0440\u043c \u0434\u043b\u044f \u0432\u0437\u0440\u043e\u0441\u043b\u044b\u0445 \u0441\u043e\u0431\u0430\u043a \u0432\u0441\u0435\u0445 \u043f\u043e\u0440\u043e\u0434. \u0424\u043e\u0440\u043c\u0443\u043b\u0430 \u043d\u0430 \u043e\u0441\u043d\u043e\u0432\u0435 \u043c\u043e\u0440\u0435\u043f\u0440\u043e\u0434\u0443\u043a\u0442\u043e\u0432 10 \u043a\u0433 \u0441 \u0434\u043e\u0441\u0442\u0430\u0432\u043a\u043e\u0439 \u043f\u043e \u041a\u0438\u0448\u0438\u043d\u0435\u0432\u0443 \u0438 \u0432\u0441\u0435\u0439 \u041c\u043e\u043b\u0434\u043e\u0432\u0435 \u043d\u0430 Pet24","robots":{"index":"index","follow":"follow","max-snippet":"max-snippet:-1","max-image-preview":"max-image-preview:large","max-video-preview":"max-video-preview:-1"},"canonical":"https:\/\/pet24.md\/ro\/produs\/optimeal-byuti-garmoniya-myagkij-uspokaivayu\/","og_locale":"ro_RO","og_type":"article","og_title":"OPTIMEAL\u2122. Beauty Harmony. \u041c\u044f\u0433\u043a\u0438\u0439 \u0443\u0441\u043f\u043e\u043a\u0430\u0438\u0432\u0430\u044e\u0449\u0438\u0439 \u044d\u0444\u0444\u0435\u043a\u0442. \u041f\u043e\u043b\u043d\u043e\u0440\u0430\u0446\u0438\u043e\u043d\u043d\u044b\u0439 \u0441\u0443\u0445\u043e\u0439 \u043a\u043e\u0440\u043c \u0434\u043b\u044f \u0432\u0437\u0440\u043e\u0441\u043b\u044b\u0445 \u0441\u043e\u0431\u0430\u043a \u0432\u0441\u0435\u0445 \u043f\u043e\u0440\u043e\u0434. \u0424\u043e\u0440\u043c\u0443\u043b\u0430 \u043d\u0430 \u043e\u0441\u043d\u043e\u0432\u0435 \u043c\u043e\u0440\u0435\u043f\u0440\u043e\u0434\u0443\u043a\u0442\u043e\u0432 10 \u043a\u0433","og_description":"\u041a\u0443\u043f\u0438\u0442\u044c OPTIMEAL\u2122. Beauty Harmony. \u041c\u044f\u0433\u043a\u0438\u0439 \u0443\u0441\u043f\u043e\u043a\u0430\u0438\u0432\u0430\u044e\u0449\u0438\u0439 \u044d\u0444\u0444\u0435\u043a\u0442. \u041f\u043e\u043b\u043d\u043e\u0440\u0430\u0446\u0438\u043e\u043d\u043d\u044b\u0439 \u0441\u0443\u0445\u043e\u0439 \u043a\u043e\u0440\u043c \u0434\u043b\u044f \u0432\u0437\u0440\u043e\u0441\u043b\u044b\u0445 \u0441\u043e\u0431\u0430\u043a \u0432\u0441\u0435\u0445 \u043f\u043e\u0440\u043e\u0434. \u0424\u043e\u0440\u043c\u0443\u043b\u0430 \u043d\u0430 \u043e\u0441\u043d\u043e\u0432\u0435 \u043c\u043e\u0440\u0435\u043f\u0440\u043e\u0434\u0443\u043a\u0442\u043e\u0432 10 \u043a\u0433 \u0441 \u0434\u043e\u0441\u0442\u0430\u0432\u043a\u043e\u0439 \u043f\u043e \u041a\u0438\u0448\u0438\u043d\u0435\u0432\u0443 \u0438 \u0432\u0441\u0435\u0439 \u041c\u043e\u043b\u0434\u043e\u0432\u0435 \u043d\u0430 Pet24","og_url":"https:\/\/pet24.md\/ro\/produs\/optimeal-byuti-garmoniya-myagkij-uspokaivayu\/","og_site_name":"Pet24","article_publisher":"https:\/\/www.facebook.com\/pet24.md","article_modified_time":"2024-10-01T17:23:22+00:00","og_image":[{"width":600,"height":600,"url":"https:\/\/pet24.md\/wp-content\/uploads\/2024\/09\/1-25.webp","type":"image\/webp"}],"twitter_card":"summary_large_image","schema":{"@context":"https:\/\/schema.org","@graph":[{"@type":"WebPage","@id":"https:\/\/pet24.md\/product\/optimeal-byuti-garmoniya-myagkij-uspokaivayu\/","url":"https:\/\/pet24.md\/product\/optimeal-byuti-garmoniya-myagkij-uspokaivayu\/","name":"OPTIMEAL\u2122. Armonia frumuse\u021bii. Efect calmant u\u0219or. Hrana uscata completa pentru caini adulti de toate rasele. Formula pe baza de fructe de mare 10 kg","isPartOf":{"@id":"https:\/\/pet24.md\/#website"},"primaryImageOfPage":{"@id":"https:\/\/pet24.md\/product\/optimeal-byuti-garmoniya-myagkij-uspokaivayu\/#primaryimage"},"image":{"@id":"https:\/\/pet24.md\/product\/optimeal-byuti-garmoniya-myagkij-uspokaivayu\/#primaryimage"},"thumbnailUrl":"https:\/\/pet24.md\/wp-content\/uploads\/2024\/09\/1-25.webp","datePublished":"2023-01-05T16:20:13+00:00","dateModified":"2024-10-01T17:23:22+00:00","description":"\u041a\u0443\u043f\u0438\u0442\u044c OPTIMEAL\u2122. Beauty Harmony. \u041c\u044f\u0433\u043a\u0438\u0439 \u0443\u0441\u043f\u043e\u043a\u0430\u0438\u0432\u0430\u044e\u0449\u0438\u0439 \u044d\u0444\u0444\u0435\u043a\u0442. \u041f\u043e\u043b\u043d\u043e\u0440\u0430\u0446\u0438\u043e\u043d\u043d\u044b\u0439 \u0441\u0443\u0445\u043e\u0439 \u043a\u043e\u0440\u043c \u0434\u043b\u044f \u0432\u0437\u0440\u043e\u0441\u043b\u044b\u0445 \u0441\u043e\u0431\u0430\u043a \u0432\u0441\u0435\u0445 \u043f\u043e\u0440\u043e\u0434. \u0424\u043e\u0440\u043c\u0443\u043b\u0430 \u043d\u0430 \u043e\u0441\u043d\u043e\u0432\u0435 \u043c\u043e\u0440\u0435\u043f\u0440\u043e\u0434\u0443\u043a\u0442\u043e\u0432 10 \u043a\u0433 \u0441 \u0434\u043e\u0441\u0442\u0430\u0432\u043a\u043e\u0439 \u043f\u043e \u041a\u0438\u0448\u0438\u043d\u0435\u0432\u0443 \u0438 \u0432\u0441\u0435\u0439 \u041c\u043e\u043b\u0434\u043e\u0432\u0435 \u043d\u0430 Pet24","breadcrumb":{"@id":"https:\/\/pet24.md\/product\/optimeal-byuti-garmoniya-myagkij-uspokaivayu\/#breadcrumb"},"inLanguage":"ro-RO","potentialAction":[{"@type":"ReadAction","target":["https:\/\/pet24.md\/product\/optimeal-byuti-garmoniya-myagkij-uspokaivayu\/"]}]},{"@type":"ImageObject","inLanguage":"ro-RO","@id":"https:\/\/pet24.md\/product\/optimeal-byuti-garmoniya-myagkij-uspokaivayu\/#primaryimage","url":"https:\/\/pet24.md\/wp-content\/uploads\/2024\/09\/1-25.webp","contentUrl":"https:\/\/pet24.md\/wp-content\/uploads\/2024\/09\/1-25.webp","width":600,"height":600,"caption":"1 25"},{"@type":"BreadcrumbList","@id":"https:\/\/pet24.md\/product\/optimeal-byuti-garmoniya-myagkij-uspokaivayu\/#breadcrumb","itemListElement":[{"@type":"ListItem","position":1,"name":"\u0413\u043b\u0430\u0432\u043d\u0430\u044f \u0441\u0442\u0440\u0430\u043d\u0438\u0446\u0430","item":"https:\/\/pet24.md\/"},{"@type":"ListItem","position":2,"name":"\u041c\u0430\u0433\u0430\u0437\u0438\u043d","item":"https:\/\/pet24.md\/shop\/"},{"@type":"ListItem","position":3,"name":"OPTIMEAL\u2122. Beauty Harmony. \u041c\u044f\u0433\u043a\u0438\u0439 \u0443\u0441\u043f\u043e\u043a\u0430\u0438\u0432\u0430\u044e\u0449\u0438\u0439 \u044d\u0444\u0444\u0435\u043a\u0442. \u041f\u043e\u043b\u043d\u043e\u0440\u0430\u0446\u0438\u043e\u043d\u043d\u044b\u0439 \u0441\u0443\u0445\u043e\u0439 \u043a\u043e\u0440\u043c \u0434\u043b\u044f \u0432\u0437\u0440\u043e\u0441\u043b\u044b\u0445 \u0441\u043e\u0431\u0430\u043a \u0432\u0441\u0435\u0445 \u043f\u043e\u0440\u043e\u0434. \u0424\u043e\u0440\u043c\u0443\u043b\u0430 \u043d\u0430 \u043e\u0441\u043d\u043e\u0432\u0435 \u043c\u043e\u0440\u0435\u043f\u0440\u043e\u0434\u0443\u043a\u0442\u043e\u0432 10 \u043a\u0433"}]},{"@type":"WebSite","@id":"https:\/\/pet24.md\/#website","url":"https:\/\/pet24.md\/","name":"Pet24","description":"Magazin de animale de companie","publisher":{"@id":"https:\/\/pet24.md\/#organization"},"potentialAction":[{"@type":"SearchAction","target":{"@type":"EntryPoint","urlTemplate":"https:\/\/pet24.md\/?s={search_term_string}"},"query-input":{"@type":"PropertyValueSpecification","valueRequired":true,"valueName":"search_term_string"}}],"inLanguage":"ro-RO"},{"@type":"Organization","@id":"https:\/\/pet24.md\/#organization","name":"Pet24","url":"https:\/\/pet24.md\/","logo":{"@type":"ImageObject","inLanguage":"ro-RO","@id":"https:\/\/pet24.md\/#\/schema\/logo\/image\/","url":"https:\/\/pet24.md\/wp-content\/uploads\/2024\/09\/logo.svg","contentUrl":"https:\/\/pet24.md\/wp-content\/uploads\/2024\/09\/logo.svg","width":215,"height":66,"caption":"Pet24"},"image":{"@id":"https:\/\/pet24.md\/#\/schema\/logo\/image\/"},"sameAs":["https:\/\/www.facebook.com\/pet24.md","https:\/\/www.instagram.com\/pet24.md\/"],"telephone":"+37360508880"}]}},"_links":{"self":[{"href":"https:\/\/pet24.md\/ro\/wp-json\/wp\/v2\/product\/16153","targetHints":{"allow":["GET"]}}],"collection":[{"href":"https:\/\/pet24.md\/ro\/wp-json\/wp\/v2\/product"}],"about":[{"href":"https:\/\/pet24.md\/ro\/wp-json\/wp\/v2\/types\/product"}],"replies":[{"embeddable":true,"href":"https:\/\/pet24.md\/ro\/wp-json\/wp\/v2\/comments?post=16153"}],"wp:featuredmedia":[{"embeddable":true,"href":"https:\/\/pet24.md\/ro\/wp-json\/wp\/v2\/media\/89444"}],"wp:attachment":[{"href":"https:\/\/pet24.md\/ro\/wp-json\/wp\/v2\/media?parent=16153"}],"wp:term":[{"taxonomy":"product_brand","embeddable":true,"href":"https:\/\/pet24.md\/ro\/wp-json\/wp\/v2\/product_brand?post=16153"},{"taxonomy":"product_cat","embeddable":true,"href":"https:\/\/pet24.md\/ro\/wp-json\/wp\/v2\/product_cat?post=16153"},{"taxonomy":"product_tag","embeddable":true,"href":"https:\/\/pet24.md\/ro\/wp-json\/wp\/v2\/product_tag?post=16153"}],"curies":[{"name":"wp","href":"https:\/\/api.w.org\/{rel}","templated":true}]}}