{"id":16231,"date":"2023-01-05T17:05:18","date_gmt":"2023-01-05T17:05:18","guid":{"rendered":"https:\/\/pet24.md\/?post_type=product&#038;p=16231"},"modified":"2024-09-22T22:10:24","modified_gmt":"2024-09-22T22:10:24","slug":"optimeal-polnoraczionnyj-suhoj-korm-dlya-vzr-25","status":"publish","type":"product","link":"https:\/\/pet24.md\/ro\/produs\/optimeal-polnoraczionnyj-suhoj-korm-dlya-vzr-25\/","title":{"rendered":"OPTIMEAL\u2122. Hrana uscata completa pentru caini adulti de rase mijlocii \u2013 curcan 4 kg"},"content":{"rendered":"<p><strong>OPTIMEAL\u2122. Hrana uscata completa pentru caini adulti de rase mijlocii - curcan<\/strong><\/p>\n<p><strong>Avantaje:<\/strong><\/p>\n<ul>\n<li><strong>Protejeaz\u0103 sistemul digestiv cu niveluri optime de Ca, P \u0219i Vitamina D3<\/strong><\/li>\n<li><strong>Carnea de curcan proasp\u0103t m\u0103cinat\u0103 ofer\u0103 c\u00e2inelui t\u0103u proteine animale de \u00eenalt\u0103 calitate, u\u0219or digerabile \u0219i sus\u021bine o digestie s\u0103n\u0103toas\u0103.<\/strong><\/li>\n<li><strong>Con\u021bine un complex unic pentru \u00eent\u0103rirea sistemului imunitar, Immunity Support Mix - plante, fructe de p\u0103dure, antioxidan\u021bi naturali \u0219i prebiotice<\/strong><\/li>\n<li><strong>Omega 3 si 6, zinc, biotina ajuta la mentinerea sanatatii pielii<\/strong><\/li>\n<li><strong>Con\u021bine 84,53 proteine animale %<\/strong><\/li>\n<li><strong>Formula SUPER PREMIUM. Hrana este produs\u0103 sub supravegherea medicilor veterinari folosind tehnologii de la Swiss Pet Nutrition Group.<\/strong><\/li>\n<li><strong>Ofer\u0103 o digestie s\u0103n\u0103toas\u0103 la c\u00e2ini. Ajut\u0103 la \u00eent\u0103rirea mu\u0219chilor. \u00cent\u0103re\u0219te sistemul imunitar<\/strong><\/li>\n<\/ul>\n<p><strong>Compus:<\/strong> proteine de curcan deshidratate, cel pu\u021bin 30 %, porumb, orez, gr\u0103sime de pui, carne de curcan dezosat\u0103 5 %, proteine animale hidrolizate 5 %, gr\u0103sime de somon 2 %, minerale, pulp\u0103 de sfecl\u0103, semin\u021be de in 1,26 %, drojdie %, boabe de bere TP3T, %. ulei de borage 0,1 %, beta-1,3\/1,6-glucani 0,05 %, Actigen\u00ae (surs\u0103 de mananoligozaharide prebiotice) 0,04 %, flori de g\u0103lbenele (surs\u0103 de lutein\u0103) 0,04 %, r\u0103d\u0103cin\u0103 de brusture, r\u0103d\u0103cin\u0103 de brusture, r\u0103d\u0103cin\u0103 de brusture, r\u0103d\u0103cin\u0103 de brusture, TP303T30. , urzica 0,03 %, extract de yucca, cimbru 0,015 %.<\/p>\n<p><strong>Componente analitice:<\/strong> proteine brute \u2013 26 %, gr\u0103simi brute \u2013 17 %, cenu\u0219\u0103 brut\u0103 \u2013 5,5 %, fibre brute \u2013 1,2 %, umiditate \u2013 9 %, calciu \u2013 1,05 %, fosfor \u2013 0,8 1TP30.T, magneziu \u2013 1TP30.T. La 1 kg de furaj: acizi gra\u0219i omega-3 - 7,1 g, inclusiv EPA\/DHA - 3,8 g, acizi gra\u0219i omega-6 - 36,4 g 84,53 % proteine de origine animal\u0103.<\/p>\n<p><strong>Aditivi: Suplimente nutritive<\/strong> (pe 1 kg de furaj), mg\/kg: vitamina A (3a672a): 15.000 UI, vitamina D3 (3a671): 800 UI, vitamina E (3a700): 500, vitamina C (3a312): 200, vitamina B6 (3a831) ): 2,22, biotin\u0103 (3a880): 0,14, taurin\u0103 (3a370): 1.100; oligoelemente: zinc (3b603): 104,96, cupru (3b405): 11,24, mangan (3b502): 2,57, seleniu (E83b801): 0,08.<\/p>\n<p><strong>Aditivi tehnologici<\/strong> (pe 1 kg de furaj), mg\/kg: antioxidant de origine natural\u0103: 330, extract de tocoferol de origine natural\u0103: 600.<\/p>\n<p><strong>Valoarea energetic\u0103<\/strong> (con\u021binut caloric) la 100 g furaj: 1681,09 kJ (401,8 kcal).<\/p>\n<p>Pe ambalaj sunt indicate data produc\u021biei, data de consumul de consum \u0219i num\u0103rul de lot. A se pastra la loc racoros, uscat, ferit de soare.<\/p>\n<p><strong>Aportul zilnic de hr\u0103nire recomandat:<\/strong><\/p>\n<table>\n<tbody>\n<tr>\n<td rowspan=\"2\"><strong>Greutatea animalului, kg<\/strong><\/td>\n<td colspan=\"3\">\u00a0<strong>Cantitatea de furaj, grame\/zi<\/strong><\/td>\n<\/tr>\n<tr>\n<td><strong>Activitate sc\u0103zut\u0103<\/strong><\/td>\n<td><strong>Activitate medie<\/strong><\/td>\n<td><strong>Activitate mare<\/strong><\/td>\n<\/tr>\n<tr>\n<td><span style=\"font-weight: 400\">10<\/span><\/td>\n<td><span style=\"font-weight: 400\">132<\/span><\/td>\n<td><span style=\"font-weight: 400\">142<\/span><\/td>\n<td><span style=\"font-weight: 400\">152<\/span><\/td>\n<\/tr>\n<tr>\n<td><span style=\"font-weight: 400\">12<\/span><\/td>\n<td><span style=\"font-weight: 400\">152<\/span><\/td>\n<td><span style=\"font-weight: 400\">175<\/span><\/td>\n<td><span style=\"font-weight: 400\">198<\/span><\/td>\n<\/tr>\n<tr>\n<td><span style=\"font-weight: 400\">14<\/span><\/td>\n<td><span style=\"font-weight: 400\">171<\/span><\/td>\n<td><span style=\"font-weight: 400\">196<\/span><\/td>\n<td><span style=\"font-weight: 400\">223<\/span><\/td>\n<\/tr>\n<tr>\n<td><span style=\"font-weight: 400\">16<\/span><\/td>\n<td><span style=\"font-weight: 400\">189<\/span><\/td>\n<td><span style=\"font-weight: 400\">217<\/span><\/td>\n<td><span style=\"font-weight: 400\">246<\/span><\/td>\n<\/tr>\n<tr>\n<td><span style=\"font-weight: 400\">18<\/span><\/td>\n<td><span style=\"font-weight: 400\">207<\/span><\/td>\n<td><span style=\"font-weight: 400\">237<\/span><\/td>\n<td><span style=\"font-weight: 400\">269<\/span><\/td>\n<\/tr>\n<tr>\n<td><span style=\"font-weight: 400\">20<\/span><\/td>\n<td><span style=\"font-weight: 400\">224<\/span><\/td>\n<td><span style=\"font-weight: 400\">256<\/span><\/td>\n<td><span style=\"font-weight: 400\">291<\/span><\/td>\n<\/tr>\n<tr>\n<td><span style=\"font-weight: 400\">22<\/span><\/td>\n<td><span style=\"font-weight: 400\">240<\/span><\/td>\n<td><span style=\"font-weight: 400\">275<\/span><\/td>\n<td><span style=\"font-weight: 400\">313<\/span><\/td>\n<\/tr>\n<tr>\n<td><span style=\"font-weight: 400\">24<\/span><\/td>\n<td><span style=\"font-weight: 400\">256<\/span><\/td>\n<td><span style=\"font-weight: 400\">294<\/span><\/td>\n<td><span style=\"font-weight: 400\">334<\/span><\/td>\n<\/tr>\n<tr>\n<td><span style=\"font-weight: 400\">25<\/span><\/td>\n<td><span style=\"font-weight: 400\">264<\/span><\/td>\n<td><span style=\"font-weight: 400\">303<\/span><\/td>\n<td><span style=\"font-weight: 400\">344<\/span><\/td>\n<\/tr>\n<\/tbody>\n<\/table>\n<p>Alimentele trebuie introduse treptat \u00een alimenta\u021bie (cel pu\u021bin \u00een primele 5 zile). Ofer\u0103 animalului t\u0103u acces constant la ap\u0103 potabil\u0103 curat\u0103. Ratele individuale de hr\u0103nire pot varia \u00een func\u021bie de v\u00e2rsta animalului, rasa, nivelul de activitate \u0219i habitatul.<\/p>","protected":false},"excerpt":{"rendered":"<p>OPTIMEAL\u2122. Hrana uscata completa pentru caini adulti de rase mijlocii - curcan Beneficii: Protejeaza sistemul digestiv datorita continutului optim de Ca, P si vitamine...<\/p>","protected":false},"featured_media":89477,"comment_status":"closed","ping_status":"closed","template":"","meta":[],"product_brand":[],"product_cat":[136,293,337],"product_tag":[321,338,240,354,346,325],"class_list":{"0":"post-16231","1":"product","2":"type-product","3":"status-publish","4":"has-post-thumbnail","6":"product_cat-dog","7":"product_cat-dogfood","8":"product_cat-dogdry","9":"product_tag-optimeal","10":"product_tag-optimeal-sobakam","11":"product_tag-vzroslaya-sobaka","12":"product_tag-indejka","13":"product_tag-srednyaya-poroda","14":"product_tag-suhoj-korm","15":"pa_age-pet-vzroslyj","16":"pa_brand-optimeal","17":"pa_breed-size-dlya-srednih-porod","18":"pa_feed-class-super-premium","19":"pa_meat-ingredients-indejka","20":"pa_packaging-meshok","21":"pa_pet-sobaka","22":"pa_pet-feature-zdorovyj-pitomecz","23":"pa_type-feed-suhoj-korm","24":"pa_weight-4-kg","26":"first","27":"instock","28":"product-type-simple"},"yoast_head":"<!-- This site is optimized with the Yoast SEO Premium plugin v23.7 (Yoast SEO v27.5) - https:\/\/yoast.com\/product\/yoast-seo-premium-wordpress\/ -->\n<title>OPTIMEAL \u2122. \u041f\u043e\u043b\u043d\u043e\u0440\u0430\u0446\u0438\u043e\u043d\u043d\u044b\u0439 \u0441\u0443\u0445\u043e\u0439 \u043a\u043e\u0440\u043c \u0434\u043b\u044f \u0432\u0437\u0440\u043e\u0441\u043b\u044b\u0445 \u0441\u043e\u0431\u0430\u043a \u0441\u0440\u0435\u0434\u043d\u0438\u0445 \u043f\u043e\u0440\u043e\u0434 \u2013 \u0438\u043d\u0434\u0435\u0439\u043a\u0430 4 \u043a\u0433<\/title>\n<meta name=\"description\" content=\"\u041a\u0443\u043f\u0438\u0442\u044c OPTIMEAL \u2122. \u041f\u043e\u043b\u043d\u043e\u0440\u0430\u0446\u0438\u043e\u043d\u043d\u044b\u0439 \u0441\u0443\u0445\u043e\u0439 \u043a\u043e\u0440\u043c \u0434\u043b\u044f \u0432\u0437\u0440\u043e\u0441\u043b\u044b\u0445 \u0441\u043e\u0431\u0430\u043a \u0441\u0440\u0435\u0434\u043d\u0438\u0445 \u043f\u043e\u0440\u043e\u0434 \u2013 \u0438\u043d\u0434\u0435\u0439\u043a\u0430 4 \u043a\u0433 \u0441 \u0434\u043e\u0441\u0442\u0430\u0432\u043a\u043e\u0439 \u043f\u043e \u041a\u0438\u0448\u0438\u043d\u0435\u0432\u0443 \u0438 \u0432\u0441\u0435\u0439 \u041c\u043e\u043b\u0434\u043e\u0432\u0435 \u043d\u0430 Pet24\" \/>\n<meta name=\"robots\" content=\"index, follow, max-snippet:-1, max-image-preview:large, max-video-preview:-1\" \/>\n<link rel=\"canonical\" href=\"https:\/\/pet24.md\/ro\/produs\/optimeal-polnoraczionnyj-suhoj-korm-dlya-vzr-25\/\" \/>\n<meta property=\"og:locale\" content=\"ro_RO\" \/>\n<meta property=\"og:type\" content=\"article\" \/>\n<meta property=\"og:title\" content=\"OPTIMEAL \u2122. \u041f\u043e\u043b\u043d\u043e\u0440\u0430\u0446\u0438\u043e\u043d\u043d\u044b\u0439 \u0441\u0443\u0445\u043e\u0439 \u043a\u043e\u0440\u043c \u0434\u043b\u044f \u0432\u0437\u0440\u043e\u0441\u043b\u044b\u0445 \u0441\u043e\u0431\u0430\u043a \u0441\u0440\u0435\u0434\u043d\u0438\u0445 \u043f\u043e\u0440\u043e\u0434 \u2013 \u0438\u043d\u0434\u0435\u0439\u043a\u0430 4 \u043a\u0433\" \/>\n<meta property=\"og:description\" content=\"\u041a\u0443\u043f\u0438\u0442\u044c OPTIMEAL \u2122. \u041f\u043e\u043b\u043d\u043e\u0440\u0430\u0446\u0438\u043e\u043d\u043d\u044b\u0439 \u0441\u0443\u0445\u043e\u0439 \u043a\u043e\u0440\u043c \u0434\u043b\u044f \u0432\u0437\u0440\u043e\u0441\u043b\u044b\u0445 \u0441\u043e\u0431\u0430\u043a \u0441\u0440\u0435\u0434\u043d\u0438\u0445 \u043f\u043e\u0440\u043e\u0434 \u2013 \u0438\u043d\u0434\u0435\u0439\u043a\u0430 4 \u043a\u0433 \u0441 \u0434\u043e\u0441\u0442\u0430\u0432\u043a\u043e\u0439 \u043f\u043e \u041a\u0438\u0448\u0438\u043d\u0435\u0432\u0443 \u0438 \u0432\u0441\u0435\u0439 \u041c\u043e\u043b\u0434\u043e\u0432\u0435 \u043d\u0430 Pet24\" \/>\n<meta property=\"og:url\" content=\"https:\/\/pet24.md\/ro\/produs\/optimeal-polnoraczionnyj-suhoj-korm-dlya-vzr-25\/\" \/>\n<meta property=\"og:site_name\" content=\"Pet24\" \/>\n<meta property=\"article:publisher\" content=\"https:\/\/www.facebook.com\/pet24.md\" \/>\n<meta property=\"article:modified_time\" content=\"2024-09-22T22:10:24+00:00\" \/>\n<meta property=\"og:image\" content=\"https:\/\/pet24.md\/wp-content\/uploads\/2024\/09\/1_4kg-1.webp\" \/>\n\t<meta property=\"og:image:width\" content=\"600\" \/>\n\t<meta property=\"og:image:height\" content=\"600\" \/>\n\t<meta property=\"og:image:type\" content=\"image\/webp\" \/>\n<meta name=\"twitter:card\" content=\"summary_large_image\" \/>\n<script type=\"application\/ld+json\" class=\"yoast-schema-graph\">{\"@context\":\"https:\\\/\\\/schema.org\",\"@graph\":[{\"@type\":\"WebPage\",\"@id\":\"https:\\\/\\\/pet24.md\\\/product\\\/optimeal-polnoraczionnyj-suhoj-korm-dlya-vzr-25\\\/\",\"url\":\"https:\\\/\\\/pet24.md\\\/product\\\/optimeal-polnoraczionnyj-suhoj-korm-dlya-vzr-25\\\/\",\"name\":\"OPTIMEAL \u2122. \u041f\u043e\u043b\u043d\u043e\u0440\u0430\u0446\u0438\u043e\u043d\u043d\u044b\u0439 \u0441\u0443\u0445\u043e\u0439 \u043a\u043e\u0440\u043c \u0434\u043b\u044f \u0432\u0437\u0440\u043e\u0441\u043b\u044b\u0445 \u0441\u043e\u0431\u0430\u043a \u0441\u0440\u0435\u0434\u043d\u0438\u0445 \u043f\u043e\u0440\u043e\u0434 \u2013 \u0438\u043d\u0434\u0435\u0439\u043a\u0430 4 \u043a\u0433\",\"isPartOf\":{\"@id\":\"https:\\\/\\\/pet24.md\\\/#website\"},\"primaryImageOfPage\":{\"@id\":\"https:\\\/\\\/pet24.md\\\/product\\\/optimeal-polnoraczionnyj-suhoj-korm-dlya-vzr-25\\\/#primaryimage\"},\"image\":{\"@id\":\"https:\\\/\\\/pet24.md\\\/product\\\/optimeal-polnoraczionnyj-suhoj-korm-dlya-vzr-25\\\/#primaryimage\"},\"thumbnailUrl\":\"https:\\\/\\\/pet24.md\\\/wp-content\\\/uploads\\\/2024\\\/09\\\/1_4kg-1.webp\",\"datePublished\":\"2023-01-05T17:05:18+00:00\",\"dateModified\":\"2024-09-22T22:10:24+00:00\",\"description\":\"\u041a\u0443\u043f\u0438\u0442\u044c OPTIMEAL \u2122. \u041f\u043e\u043b\u043d\u043e\u0440\u0430\u0446\u0438\u043e\u043d\u043d\u044b\u0439 \u0441\u0443\u0445\u043e\u0439 \u043a\u043e\u0440\u043c \u0434\u043b\u044f \u0432\u0437\u0440\u043e\u0441\u043b\u044b\u0445 \u0441\u043e\u0431\u0430\u043a \u0441\u0440\u0435\u0434\u043d\u0438\u0445 \u043f\u043e\u0440\u043e\u0434 \u2013 \u0438\u043d\u0434\u0435\u0439\u043a\u0430 4 \u043a\u0433 \u0441 \u0434\u043e\u0441\u0442\u0430\u0432\u043a\u043e\u0439 \u043f\u043e \u041a\u0438\u0448\u0438\u043d\u0435\u0432\u0443 \u0438 \u0432\u0441\u0435\u0439 \u041c\u043e\u043b\u0434\u043e\u0432\u0435 \u043d\u0430 Pet24\",\"breadcrumb\":{\"@id\":\"https:\\\/\\\/pet24.md\\\/product\\\/optimeal-polnoraczionnyj-suhoj-korm-dlya-vzr-25\\\/#breadcrumb\"},\"inLanguage\":\"ro-RO\",\"potentialAction\":[{\"@type\":\"ReadAction\",\"target\":[\"https:\\\/\\\/pet24.md\\\/product\\\/optimeal-polnoraczionnyj-suhoj-korm-dlya-vzr-25\\\/\"]}]},{\"@type\":\"ImageObject\",\"inLanguage\":\"ro-RO\",\"@id\":\"https:\\\/\\\/pet24.md\\\/product\\\/optimeal-polnoraczionnyj-suhoj-korm-dlya-vzr-25\\\/#primaryimage\",\"url\":\"https:\\\/\\\/pet24.md\\\/wp-content\\\/uploads\\\/2024\\\/09\\\/1_4kg-1.webp\",\"contentUrl\":\"https:\\\/\\\/pet24.md\\\/wp-content\\\/uploads\\\/2024\\\/09\\\/1_4kg-1.webp\",\"width\":600,\"height\":600,\"caption\":\"1 4kg 1\"},{\"@type\":\"BreadcrumbList\",\"@id\":\"https:\\\/\\\/pet24.md\\\/product\\\/optimeal-polnoraczionnyj-suhoj-korm-dlya-vzr-25\\\/#breadcrumb\",\"itemListElement\":[{\"@type\":\"ListItem\",\"position\":1,\"name\":\"\u0413\u043b\u0430\u0432\u043d\u0430\u044f \u0441\u0442\u0440\u0430\u043d\u0438\u0446\u0430\",\"item\":\"https:\\\/\\\/pet24.md\\\/\"},{\"@type\":\"ListItem\",\"position\":2,\"name\":\"\u041c\u0430\u0433\u0430\u0437\u0438\u043d\",\"item\":\"https:\\\/\\\/pet24.md\\\/shop\\\/\"},{\"@type\":\"ListItem\",\"position\":3,\"name\":\"OPTIMEAL \u2122. \u041f\u043e\u043b\u043d\u043e\u0440\u0430\u0446\u0438\u043e\u043d\u043d\u044b\u0439 \u0441\u0443\u0445\u043e\u0439 \u043a\u043e\u0440\u043c \u0434\u043b\u044f \u0432\u0437\u0440\u043e\u0441\u043b\u044b\u0445 \u0441\u043e\u0431\u0430\u043a \u0441\u0440\u0435\u0434\u043d\u0438\u0445 \u043f\u043e\u0440\u043e\u0434 \u2013 \u0438\u043d\u0434\u0435\u0439\u043a\u0430 4 \u043a\u0433\"}]},{\"@type\":\"WebSite\",\"@id\":\"https:\\\/\\\/pet24.md\\\/#website\",\"url\":\"https:\\\/\\\/pet24.md\\\/\",\"name\":\"Pet24\",\"description\":\"\u0417\u043e\u043e\u043c\u0430\u0433\u0430\u0437\u0438\u043d \u0442\u043e\u0432\u0430\u0440\u043e\u0432 \u0434\u043b\u044f \u0434\u043e\u043c\u0430\u0448\u043d\u0438\u0445 \u043f\u0438\u0442\u043e\u043c\u0446\u0435\u0432\",\"publisher\":{\"@id\":\"https:\\\/\\\/pet24.md\\\/#organization\"},\"potentialAction\":[{\"@type\":\"SearchAction\",\"target\":{\"@type\":\"EntryPoint\",\"urlTemplate\":\"https:\\\/\\\/pet24.md\\\/?s={search_term_string}\"},\"query-input\":{\"@type\":\"PropertyValueSpecification\",\"valueRequired\":true,\"valueName\":\"search_term_string\"}}],\"inLanguage\":\"ro-RO\"},{\"@type\":\"Organization\",\"@id\":\"https:\\\/\\\/pet24.md\\\/#organization\",\"name\":\"Pet24\",\"url\":\"https:\\\/\\\/pet24.md\\\/\",\"logo\":{\"@type\":\"ImageObject\",\"inLanguage\":\"ro-RO\",\"@id\":\"https:\\\/\\\/pet24.md\\\/#\\\/schema\\\/logo\\\/image\\\/\",\"url\":\"https:\\\/\\\/pet24.md\\\/wp-content\\\/uploads\\\/2024\\\/09\\\/logo.svg\",\"contentUrl\":\"https:\\\/\\\/pet24.md\\\/wp-content\\\/uploads\\\/2024\\\/09\\\/logo.svg\",\"width\":215,\"height\":66,\"caption\":\"Pet24\"},\"image\":{\"@id\":\"https:\\\/\\\/pet24.md\\\/#\\\/schema\\\/logo\\\/image\\\/\"},\"sameAs\":[\"https:\\\/\\\/www.facebook.com\\\/pet24.md\",\"https:\\\/\\\/www.instagram.com\\\/pet24.md\\\/\"],\"telephone\":\"+37360508880\"}]}<\/script>\n<!-- \/ Yoast SEO Premium plugin. -->","yoast_head_json":{"title":"OPTIMEAL\u2122. Hrana uscata completa pentru caini adulti de rase mijlocii \u2013 curcan 4 kg","description":"\u041a\u0443\u043f\u0438\u0442\u044c OPTIMEAL \u2122. \u041f\u043e\u043b\u043d\u043e\u0440\u0430\u0446\u0438\u043e\u043d\u043d\u044b\u0439 \u0441\u0443\u0445\u043e\u0439 \u043a\u043e\u0440\u043c \u0434\u043b\u044f \u0432\u0437\u0440\u043e\u0441\u043b\u044b\u0445 \u0441\u043e\u0431\u0430\u043a \u0441\u0440\u0435\u0434\u043d\u0438\u0445 \u043f\u043e\u0440\u043e\u0434 \u2013 \u0438\u043d\u0434\u0435\u0439\u043a\u0430 4 \u043a\u0433 \u0441 \u0434\u043e\u0441\u0442\u0430\u0432\u043a\u043e\u0439 \u043f\u043e \u041a\u0438\u0448\u0438\u043d\u0435\u0432\u0443 \u0438 \u0432\u0441\u0435\u0439 \u041c\u043e\u043b\u0434\u043e\u0432\u0435 \u043d\u0430 Pet24","robots":{"index":"index","follow":"follow","max-snippet":"max-snippet:-1","max-image-preview":"max-image-preview:large","max-video-preview":"max-video-preview:-1"},"canonical":"https:\/\/pet24.md\/ro\/produs\/optimeal-polnoraczionnyj-suhoj-korm-dlya-vzr-25\/","og_locale":"ro_RO","og_type":"article","og_title":"OPTIMEAL \u2122. \u041f\u043e\u043b\u043d\u043e\u0440\u0430\u0446\u0438\u043e\u043d\u043d\u044b\u0439 \u0441\u0443\u0445\u043e\u0439 \u043a\u043e\u0440\u043c \u0434\u043b\u044f \u0432\u0437\u0440\u043e\u0441\u043b\u044b\u0445 \u0441\u043e\u0431\u0430\u043a \u0441\u0440\u0435\u0434\u043d\u0438\u0445 \u043f\u043e\u0440\u043e\u0434 \u2013 \u0438\u043d\u0434\u0435\u0439\u043a\u0430 4 \u043a\u0433","og_description":"\u041a\u0443\u043f\u0438\u0442\u044c OPTIMEAL \u2122. \u041f\u043e\u043b\u043d\u043e\u0440\u0430\u0446\u0438\u043e\u043d\u043d\u044b\u0439 \u0441\u0443\u0445\u043e\u0439 \u043a\u043e\u0440\u043c \u0434\u043b\u044f \u0432\u0437\u0440\u043e\u0441\u043b\u044b\u0445 \u0441\u043e\u0431\u0430\u043a \u0441\u0440\u0435\u0434\u043d\u0438\u0445 \u043f\u043e\u0440\u043e\u0434 \u2013 \u0438\u043d\u0434\u0435\u0439\u043a\u0430 4 \u043a\u0433 \u0441 \u0434\u043e\u0441\u0442\u0430\u0432\u043a\u043e\u0439 \u043f\u043e \u041a\u0438\u0448\u0438\u043d\u0435\u0432\u0443 \u0438 \u0432\u0441\u0435\u0439 \u041c\u043e\u043b\u0434\u043e\u0432\u0435 \u043d\u0430 Pet24","og_url":"https:\/\/pet24.md\/ro\/produs\/optimeal-polnoraczionnyj-suhoj-korm-dlya-vzr-25\/","og_site_name":"Pet24","article_publisher":"https:\/\/www.facebook.com\/pet24.md","article_modified_time":"2024-09-22T22:10:24+00:00","og_image":[{"width":600,"height":600,"url":"https:\/\/pet24.md\/wp-content\/uploads\/2024\/09\/1_4kg-1.webp","type":"image\/webp"}],"twitter_card":"summary_large_image","schema":{"@context":"https:\/\/schema.org","@graph":[{"@type":"WebPage","@id":"https:\/\/pet24.md\/product\/optimeal-polnoraczionnyj-suhoj-korm-dlya-vzr-25\/","url":"https:\/\/pet24.md\/product\/optimeal-polnoraczionnyj-suhoj-korm-dlya-vzr-25\/","name":"OPTIMEAL\u2122. Hrana uscata completa pentru caini adulti de rase mijlocii \u2013 curcan 4 kg","isPartOf":{"@id":"https:\/\/pet24.md\/#website"},"primaryImageOfPage":{"@id":"https:\/\/pet24.md\/product\/optimeal-polnoraczionnyj-suhoj-korm-dlya-vzr-25\/#primaryimage"},"image":{"@id":"https:\/\/pet24.md\/product\/optimeal-polnoraczionnyj-suhoj-korm-dlya-vzr-25\/#primaryimage"},"thumbnailUrl":"https:\/\/pet24.md\/wp-content\/uploads\/2024\/09\/1_4kg-1.webp","datePublished":"2023-01-05T17:05:18+00:00","dateModified":"2024-09-22T22:10:24+00:00","description":"\u041a\u0443\u043f\u0438\u0442\u044c OPTIMEAL \u2122. \u041f\u043e\u043b\u043d\u043e\u0440\u0430\u0446\u0438\u043e\u043d\u043d\u044b\u0439 \u0441\u0443\u0445\u043e\u0439 \u043a\u043e\u0440\u043c \u0434\u043b\u044f \u0432\u0437\u0440\u043e\u0441\u043b\u044b\u0445 \u0441\u043e\u0431\u0430\u043a \u0441\u0440\u0435\u0434\u043d\u0438\u0445 \u043f\u043e\u0440\u043e\u0434 \u2013 \u0438\u043d\u0434\u0435\u0439\u043a\u0430 4 \u043a\u0433 \u0441 \u0434\u043e\u0441\u0442\u0430\u0432\u043a\u043e\u0439 \u043f\u043e \u041a\u0438\u0448\u0438\u043d\u0435\u0432\u0443 \u0438 \u0432\u0441\u0435\u0439 \u041c\u043e\u043b\u0434\u043e\u0432\u0435 \u043d\u0430 Pet24","breadcrumb":{"@id":"https:\/\/pet24.md\/product\/optimeal-polnoraczionnyj-suhoj-korm-dlya-vzr-25\/#breadcrumb"},"inLanguage":"ro-RO","potentialAction":[{"@type":"ReadAction","target":["https:\/\/pet24.md\/product\/optimeal-polnoraczionnyj-suhoj-korm-dlya-vzr-25\/"]}]},{"@type":"ImageObject","inLanguage":"ro-RO","@id":"https:\/\/pet24.md\/product\/optimeal-polnoraczionnyj-suhoj-korm-dlya-vzr-25\/#primaryimage","url":"https:\/\/pet24.md\/wp-content\/uploads\/2024\/09\/1_4kg-1.webp","contentUrl":"https:\/\/pet24.md\/wp-content\/uploads\/2024\/09\/1_4kg-1.webp","width":600,"height":600,"caption":"1 4kg 1"},{"@type":"BreadcrumbList","@id":"https:\/\/pet24.md\/product\/optimeal-polnoraczionnyj-suhoj-korm-dlya-vzr-25\/#breadcrumb","itemListElement":[{"@type":"ListItem","position":1,"name":"\u0413\u043b\u0430\u0432\u043d\u0430\u044f \u0441\u0442\u0440\u0430\u043d\u0438\u0446\u0430","item":"https:\/\/pet24.md\/"},{"@type":"ListItem","position":2,"name":"\u041c\u0430\u0433\u0430\u0437\u0438\u043d","item":"https:\/\/pet24.md\/shop\/"},{"@type":"ListItem","position":3,"name":"OPTIMEAL \u2122. \u041f\u043e\u043b\u043d\u043e\u0440\u0430\u0446\u0438\u043e\u043d\u043d\u044b\u0439 \u0441\u0443\u0445\u043e\u0439 \u043a\u043e\u0440\u043c \u0434\u043b\u044f \u0432\u0437\u0440\u043e\u0441\u043b\u044b\u0445 \u0441\u043e\u0431\u0430\u043a \u0441\u0440\u0435\u0434\u043d\u0438\u0445 \u043f\u043e\u0440\u043e\u0434 \u2013 \u0438\u043d\u0434\u0435\u0439\u043a\u0430 4 \u043a\u0433"}]},{"@type":"WebSite","@id":"https:\/\/pet24.md\/#website","url":"https:\/\/pet24.md\/","name":"Pet24","description":"Magazin de animale de companie","publisher":{"@id":"https:\/\/pet24.md\/#organization"},"potentialAction":[{"@type":"SearchAction","target":{"@type":"EntryPoint","urlTemplate":"https:\/\/pet24.md\/?s={search_term_string}"},"query-input":{"@type":"PropertyValueSpecification","valueRequired":true,"valueName":"search_term_string"}}],"inLanguage":"ro-RO"},{"@type":"Organization","@id":"https:\/\/pet24.md\/#organization","name":"Pet24","url":"https:\/\/pet24.md\/","logo":{"@type":"ImageObject","inLanguage":"ro-RO","@id":"https:\/\/pet24.md\/#\/schema\/logo\/image\/","url":"https:\/\/pet24.md\/wp-content\/uploads\/2024\/09\/logo.svg","contentUrl":"https:\/\/pet24.md\/wp-content\/uploads\/2024\/09\/logo.svg","width":215,"height":66,"caption":"Pet24"},"image":{"@id":"https:\/\/pet24.md\/#\/schema\/logo\/image\/"},"sameAs":["https:\/\/www.facebook.com\/pet24.md","https:\/\/www.instagram.com\/pet24.md\/"],"telephone":"+37360508880"}]}},"_links":{"self":[{"href":"https:\/\/pet24.md\/ro\/wp-json\/wp\/v2\/product\/16231","targetHints":{"allow":["GET"]}}],"collection":[{"href":"https:\/\/pet24.md\/ro\/wp-json\/wp\/v2\/product"}],"about":[{"href":"https:\/\/pet24.md\/ro\/wp-json\/wp\/v2\/types\/product"}],"replies":[{"embeddable":true,"href":"https:\/\/pet24.md\/ro\/wp-json\/wp\/v2\/comments?post=16231"}],"wp:featuredmedia":[{"embeddable":true,"href":"https:\/\/pet24.md\/ro\/wp-json\/wp\/v2\/media\/89477"}],"wp:attachment":[{"href":"https:\/\/pet24.md\/ro\/wp-json\/wp\/v2\/media?parent=16231"}],"wp:term":[{"taxonomy":"product_brand","embeddable":true,"href":"https:\/\/pet24.md\/ro\/wp-json\/wp\/v2\/product_brand?post=16231"},{"taxonomy":"product_cat","embeddable":true,"href":"https:\/\/pet24.md\/ro\/wp-json\/wp\/v2\/product_cat?post=16231"},{"taxonomy":"product_tag","embeddable":true,"href":"https:\/\/pet24.md\/ro\/wp-json\/wp\/v2\/product_tag?post=16231"}],"curies":[{"name":"wp","href":"https:\/\/api.w.org\/{rel}","templated":true}]}}