{"id":16628,"date":"2023-01-06T15:55:31","date_gmt":"2023-01-06T15:55:31","guid":{"rendered":"https:\/\/pet24.md\/?post_type=product&#038;p=16628"},"modified":"2024-09-22T22:10:47","modified_gmt":"2024-09-22T22:10:47","slug":"myau-polnoraczionnyj-konservirovanny-16","status":"publish","type":"product","link":"https:\/\/pet24.md\/ro\/produs\/myau-polnoraczionnyj-konservirovanny-16\/","title":{"rendered":"MIAU! Conserve complet\u0103 pentru pisici adulte, cu pe\u0219te \u0219i legume \u00een gelatin\u0103, pachet 24\u00d780 g"},"content":{"rendered":"<div class=\"h3 page-product-heading\">\n<h3>MIEUNA! Conserve complet\u0103 pentru pisici adulte cu pe\u0219te \u0219i legume \u00een jeleu, 0,08 kg<\/h3>\n<h4>Ingrediente:<\/h4>\n<ul>\n<li><strong>Carne \u0219i produse de origine animal\u0103:<\/strong> Minim 63% buc\u0103\u021bi<\/li>\n<li><strong>Pe\u0219te \u0219i produse din pe\u0219te:<\/strong> Minim 4%, buc\u0103\u021bi minim 17%<\/li>\n<li><strong>Cereale<\/strong><\/li>\n<li><strong>Legume:<\/strong> 2,5%<\/li>\n<li><strong>Minerale<\/strong><\/li>\n<li><strong>Extracte de proteine vegetale<\/strong><\/li>\n<\/ul>\n<h4>Aditivi alimentari (mg\/kg):<\/h4>\n<ul>\n<li><strong>Vitamina D3:<\/strong> 135 UI<\/li>\n<li><strong>Vitamina E:<\/strong> 8,99 mg<\/li>\n<li><strong>Vitamina B1 (tiamina):<\/strong> 0,6 mg<\/li>\n<li><strong>Acid folic:<\/strong> 0,17 mg<\/li>\n<li><strong>Taurina:<\/strong> 356 mg<\/li>\n<li><strong>Clorura de colina:<\/strong> 1,26 g<\/li>\n<li><strong>Zinc (sulfat de zinc heptahidrat):<\/strong> 5,21 mg<\/li>\n<\/ul>\n<h4>Aditivi tehnologici:<\/h4>\n<ul>\n<li><strong>Kappa-Carrageenan:<\/strong> 5,2 g<\/li>\n<li><strong>Kamid Tari:<\/strong> 2,6 g<\/li>\n<li><strong>Xanthan Guma:<\/strong> 0,5 g<\/li>\n<\/ul>\n<h4>Aditivi senzoriali:<\/h4>\n<ul>\n<li><strong>Coloran\u021bi<\/strong><\/li>\n<li><strong>Glicina:<\/strong> 5,2 g<\/li>\n<\/ul>\n<h4>Valoare nutri\u021bional\u0103 la 100 g:<\/h4>\n<ul>\n<li><strong>Proteine brute:<\/strong> 7 g<\/li>\n<li><strong>Grasimi crude:<\/strong> 4,5 g<\/li>\n<li><strong>Cenu\u0219\u0103 brut\u0103:<\/strong> 2,5 g<\/li>\n<li><strong>Fibre brute:<\/strong> 0,3 g<\/li>\n<li><strong>Umiditate:<\/strong> 82 g<\/li>\n<li><strong>Calciu:<\/strong> 0,35 g<\/li>\n<li><strong>Fosfor:<\/strong> 0,25 g<\/li>\n<\/ul>\n<h4>Valoarea energetic\u0103 la 100 g:<\/h4>\n<ul>\n<li><strong>321,17 kJ (76,75 kcal)<\/strong><\/li>\n<\/ul>\n<h4>Instructiuni de depozitare si utilizare:<\/h4>\n<ul>\n<li><strong>Data maxim\u0103 \u00eenainte:<\/strong> 24 de luni de la data fabrica\u021biei.<\/li>\n<li><strong>Depozitare:<\/strong> \u00centr-un loc r\u0103coros \u0219i uscat, la o temperatur\u0103 \u00eentre 6 \u00baC \u0219i 30 \u00baC.<\/li>\n<li><strong>Dupa deschidere:<\/strong> P\u0103stra\u021bi alimentele \u00eentr-un recipient deschis la frigider pentru cel mult 48 de ore. Por\u021biunea de alimentare trebuie s\u0103 fie la temperatura camerei.<\/li>\n<li><strong>Introducere feed:<\/strong> Treptat, cel pu\u021bin \u00een primele 5 zile.<\/li>\n<li><strong>hidratare:<\/strong> Asigura\u021bi-v\u0103 c\u0103 animalul dvs. are \u00eentotdeauna acces la ap\u0103 de b\u0103ut curat\u0103 \u0219i proasp\u0103t\u0103.<\/li>\n<\/ul>\n<\/div>","protected":false},"excerpt":{"rendered":"<p>MIAOW! \u041f\u043e\u043b\u043d\u043e\u0446\u0435\u043d\u043d\u044b\u0439 \u041a\u043e\u043d\u0441\u0435\u0440\u0432\u0438\u0440\u043e\u0432\u0430\u043d\u043d\u044b\u0439 \u041a\u043e\u0440\u043c \u0434\u043b\u044f \u0412\u0437\u0440\u043e\u0441\u043b\u044b\u0445 \u041a\u043e\u0448\u0435\u043a \u0441 \u0420\u044b\u0431\u043e\u0439 \u0438 \u041e\u0432\u043e\u0449\u0430\u043c\u0438 \u0432 \u0416\u0435\u043b\u0435, 0,08 \u043a\u0433 \u0418\u043d\u0433\u0440\u0435\u0434\u0438\u0435\u043d\u0442\u044b: \u041c\u044f\u0441\u043e \u0438 \u041f\u0440\u043e\u0434\u0443\u043a\u0442\u044b \u0416\u0438\u0432\u043e\u0442\u043d\u043e\u0433\u043e \u041f\u0440\u043e\u0438\u0441\u0445\u043e\u0436\u0434\u0435\u043d\u0438\u044f: \u041c\u0438\u043d\u0438\u043c\u0443\u043c&hellip;<\/p>","protected":false},"featured_media":89582,"comment_status":"closed","ping_status":"closed","template":"","meta":[],"product_brand":[],"product_cat":[310,309,193],"product_tag":[332,296,415,409,394,333,403],"class_list":{"0":"post-16628","1":"product","2":"type-product","3":"status-publish","4":"has-post-thumbnail","6":"product_cat-catwet","7":"product_cat-catfood","8":"product_cat-cat","9":"product_tag-vzroslaya-koshka","10":"product_tag-vlazhnyj-korm","11":"product_tag-zhele","12":"product_tag-konservirovannyj-korm","13":"product_tag-myau","14":"product_tag-ovoshhi","15":"product_tag-ryba","16":"pa_age-pet-vzroslyj","17":"pa_brand-myau","18":"pa_feed-class-econom","19":"pa_meat-ingredients-ryba","20":"pa_packaging-pauchi","21":"pa_pet-koshka","22":"pa_pet-feature-zdorovyj-pitomecz","23":"pa_type-feed-vlazhnyj-korm","24":"pa_weight-80-gr","26":"first","27":"instock","28":"product-type-simple"},"yoast_head":"<!-- This site is optimized with the Yoast SEO Premium plugin v23.7 (Yoast SEO v27.5) - https:\/\/yoast.com\/product\/yoast-seo-premium-wordpress\/ -->\n<title>\u041c\u042f\u0423! \u041f\u043e\u043b\u043d\u043e\u0446\u0435\u043d\u043d\u044b\u0439 \u043a\u043e\u043d\u0441\u0435\u0440\u0432\u0438\u0440\u043e\u0432\u0430\u043d\u043d\u044b\u0439 \u043a\u043e\u0440\u043c \u0434\u043b\u044f \u0432\u0437\u0440\u043e\u0441\u043b\u044b\u0445 \u043a\u043e\u0448\u0435\u043a, \u0441 \u0440\u044b\u0431\u043e\u0439 \u0438 \u043e\u0432\u043e\u0449\u0430\u043c\u0438 \u0432 \u0436\u0435\u043b\u0430\u0442\u0438\u043d\u0435, \u0443\u043f\u0430\u043a\u043e\u0432\u043a\u0430 24x80 \u0433<\/title>\n<meta name=\"description\" content=\"\u041a\u0443\u043f\u0438\u0442\u044c \u041c\u042f\u0423! \u041f\u043e\u043b\u043d\u043e\u0446\u0435\u043d\u043d\u044b\u0439 \u043a\u043e\u043d\u0441\u0435\u0440\u0432\u0438\u0440\u043e\u0432\u0430\u043d\u043d\u044b\u0439 \u043a\u043e\u0440\u043c \u0434\u043b\u044f \u0432\u0437\u0440\u043e\u0441\u043b\u044b\u0445 \u043a\u043e\u0448\u0435\u043a, \u0441 \u0440\u044b\u0431\u043e\u0439 \u0438 \u043e\u0432\u043e\u0449\u0430\u043c\u0438 \u0432 \u0436\u0435\u043b\u0430\u0442\u0438\u043d\u0435, \u0443\u043f\u0430\u043a\u043e\u0432\u043a\u0430 24x80 \u0433 \u0441 \u0434\u043e\u0441\u0442\u0430\u0432\u043a\u043e\u0439 \u043f\u043e \u041a\u0438\u0448\u0438\u043d\u0435\u0432\u0443 \u0438 \u0432\u0441\u0435\u0439 \u041c\u043e\u043b\u0434\u043e\u0432\u0435 \u043d\u0430 Pet24\" \/>\n<meta name=\"robots\" content=\"index, follow, max-snippet:-1, max-image-preview:large, max-video-preview:-1\" \/>\n<link rel=\"canonical\" href=\"https:\/\/pet24.md\/ro\/produs\/myau-polnoraczionnyj-konservirovanny-16\/\" \/>\n<meta property=\"og:locale\" content=\"ro_RO\" \/>\n<meta property=\"og:type\" content=\"article\" \/>\n<meta property=\"og:title\" content=\"\u041c\u042f\u0423! \u041f\u043e\u043b\u043d\u043e\u0446\u0435\u043d\u043d\u044b\u0439 \u043a\u043e\u043d\u0441\u0435\u0440\u0432\u0438\u0440\u043e\u0432\u0430\u043d\u043d\u044b\u0439 \u043a\u043e\u0440\u043c \u0434\u043b\u044f \u0432\u0437\u0440\u043e\u0441\u043b\u044b\u0445 \u043a\u043e\u0448\u0435\u043a, \u0441 \u0440\u044b\u0431\u043e\u0439 \u0438 \u043e\u0432\u043e\u0449\u0430\u043c\u0438 \u0432 \u0436\u0435\u043b\u0430\u0442\u0438\u043d\u0435, \u0443\u043f\u0430\u043a\u043e\u0432\u043a\u0430 24x80 \u0433\" \/>\n<meta property=\"og:description\" content=\"\u041a\u0443\u043f\u0438\u0442\u044c \u041c\u042f\u0423! \u041f\u043e\u043b\u043d\u043e\u0446\u0435\u043d\u043d\u044b\u0439 \u043a\u043e\u043d\u0441\u0435\u0440\u0432\u0438\u0440\u043e\u0432\u0430\u043d\u043d\u044b\u0439 \u043a\u043e\u0440\u043c \u0434\u043b\u044f \u0432\u0437\u0440\u043e\u0441\u043b\u044b\u0445 \u043a\u043e\u0448\u0435\u043a, \u0441 \u0440\u044b\u0431\u043e\u0439 \u0438 \u043e\u0432\u043e\u0449\u0430\u043c\u0438 \u0432 \u0436\u0435\u043b\u0430\u0442\u0438\u043d\u0435, \u0443\u043f\u0430\u043a\u043e\u0432\u043a\u0430 24x80 \u0433 \u0441 \u0434\u043e\u0441\u0442\u0430\u0432\u043a\u043e\u0439 \u043f\u043e \u041a\u0438\u0448\u0438\u043d\u0435\u0432\u0443 \u0438 \u0432\u0441\u0435\u0439 \u041c\u043e\u043b\u0434\u043e\u0432\u0435 \u043d\u0430 Pet24\" \/>\n<meta property=\"og:url\" content=\"https:\/\/pet24.md\/ro\/produs\/myau-polnoraczionnyj-konservirovanny-16\/\" \/>\n<meta property=\"og:site_name\" content=\"Pet24\" \/>\n<meta property=\"article:publisher\" content=\"https:\/\/www.facebook.com\/pet24.md\" \/>\n<meta property=\"article:modified_time\" content=\"2024-09-22T22:10:47+00:00\" \/>\n<meta property=\"og:image\" content=\"https:\/\/pet24.md\/wp-content\/uploads\/2024\/09\/myau-polnoraczionnyj-konservirovannyj-korm-dlya-vzroslyh-koshek-s-ryboj-i-ovoshhami-v-zhele-upakovka-24-sht-008-kg.webp\" \/>\n\t<meta property=\"og:image:width\" content=\"600\" \/>\n\t<meta property=\"og:image:height\" content=\"600\" \/>\n\t<meta property=\"og:image:type\" content=\"image\/webp\" \/>\n<meta name=\"twitter:card\" content=\"summary_large_image\" \/>\n<script type=\"application\/ld+json\" class=\"yoast-schema-graph\">{\"@context\":\"https:\\\/\\\/schema.org\",\"@graph\":[{\"@type\":\"WebPage\",\"@id\":\"https:\\\/\\\/pet24.md\\\/product\\\/myau-polnoraczionnyj-konservirovanny-16\\\/\",\"url\":\"https:\\\/\\\/pet24.md\\\/product\\\/myau-polnoraczionnyj-konservirovanny-16\\\/\",\"name\":\"\u041c\u042f\u0423! \u041f\u043e\u043b\u043d\u043e\u0446\u0435\u043d\u043d\u044b\u0439 \u043a\u043e\u043d\u0441\u0435\u0440\u0432\u0438\u0440\u043e\u0432\u0430\u043d\u043d\u044b\u0439 \u043a\u043e\u0440\u043c \u0434\u043b\u044f \u0432\u0437\u0440\u043e\u0441\u043b\u044b\u0445 \u043a\u043e\u0448\u0435\u043a, \u0441 \u0440\u044b\u0431\u043e\u0439 \u0438 \u043e\u0432\u043e\u0449\u0430\u043c\u0438 \u0432 \u0436\u0435\u043b\u0430\u0442\u0438\u043d\u0435, \u0443\u043f\u0430\u043a\u043e\u0432\u043a\u0430 24x80 \u0433\",\"isPartOf\":{\"@id\":\"https:\\\/\\\/pet24.md\\\/#website\"},\"primaryImageOfPage\":{\"@id\":\"https:\\\/\\\/pet24.md\\\/product\\\/myau-polnoraczionnyj-konservirovanny-16\\\/#primaryimage\"},\"image\":{\"@id\":\"https:\\\/\\\/pet24.md\\\/product\\\/myau-polnoraczionnyj-konservirovanny-16\\\/#primaryimage\"},\"thumbnailUrl\":\"https:\\\/\\\/pet24.md\\\/wp-content\\\/uploads\\\/2024\\\/09\\\/myau-polnoraczionnyj-konservirovannyj-korm-dlya-vzroslyh-koshek-s-ryboj-i-ovoshhami-v-zhele-upakovka-24-sht-008-kg.webp\",\"datePublished\":\"2023-01-06T15:55:31+00:00\",\"dateModified\":\"2024-09-22T22:10:47+00:00\",\"description\":\"\u041a\u0443\u043f\u0438\u0442\u044c \u041c\u042f\u0423! \u041f\u043e\u043b\u043d\u043e\u0446\u0435\u043d\u043d\u044b\u0439 \u043a\u043e\u043d\u0441\u0435\u0440\u0432\u0438\u0440\u043e\u0432\u0430\u043d\u043d\u044b\u0439 \u043a\u043e\u0440\u043c \u0434\u043b\u044f \u0432\u0437\u0440\u043e\u0441\u043b\u044b\u0445 \u043a\u043e\u0448\u0435\u043a, \u0441 \u0440\u044b\u0431\u043e\u0439 \u0438 \u043e\u0432\u043e\u0449\u0430\u043c\u0438 \u0432 \u0436\u0435\u043b\u0430\u0442\u0438\u043d\u0435, \u0443\u043f\u0430\u043a\u043e\u0432\u043a\u0430 24x80 \u0433 \u0441 \u0434\u043e\u0441\u0442\u0430\u0432\u043a\u043e\u0439 \u043f\u043e \u041a\u0438\u0448\u0438\u043d\u0435\u0432\u0443 \u0438 \u0432\u0441\u0435\u0439 \u041c\u043e\u043b\u0434\u043e\u0432\u0435 \u043d\u0430 Pet24\",\"breadcrumb\":{\"@id\":\"https:\\\/\\\/pet24.md\\\/product\\\/myau-polnoraczionnyj-konservirovanny-16\\\/#breadcrumb\"},\"inLanguage\":\"ro-RO\",\"potentialAction\":[{\"@type\":\"ReadAction\",\"target\":[\"https:\\\/\\\/pet24.md\\\/product\\\/myau-polnoraczionnyj-konservirovanny-16\\\/\"]}]},{\"@type\":\"ImageObject\",\"inLanguage\":\"ro-RO\",\"@id\":\"https:\\\/\\\/pet24.md\\\/product\\\/myau-polnoraczionnyj-konservirovanny-16\\\/#primaryimage\",\"url\":\"https:\\\/\\\/pet24.md\\\/wp-content\\\/uploads\\\/2024\\\/09\\\/myau-polnoraczionnyj-konservirovannyj-korm-dlya-vzroslyh-koshek-s-ryboj-i-ovoshhami-v-zhele-upakovka-24-sht-008-kg.webp\",\"contentUrl\":\"https:\\\/\\\/pet24.md\\\/wp-content\\\/uploads\\\/2024\\\/09\\\/myau-polnoraczionnyj-konservirovannyj-korm-dlya-vzroslyh-koshek-s-ryboj-i-ovoshhami-v-zhele-upakovka-24-sht-008-kg.webp\",\"width\":600,\"height\":600,\"caption\":\"myau polnoraczionnyj konservirovannyj korm dlya vzroslyh koshek s ryboj i ovoshhami v zhele upakovka 24 sht 008 kg\"},{\"@type\":\"BreadcrumbList\",\"@id\":\"https:\\\/\\\/pet24.md\\\/product\\\/myau-polnoraczionnyj-konservirovanny-16\\\/#breadcrumb\",\"itemListElement\":[{\"@type\":\"ListItem\",\"position\":1,\"name\":\"\u0413\u043b\u0430\u0432\u043d\u0430\u044f \u0441\u0442\u0440\u0430\u043d\u0438\u0446\u0430\",\"item\":\"https:\\\/\\\/pet24.md\\\/\"},{\"@type\":\"ListItem\",\"position\":2,\"name\":\"\u041c\u0430\u0433\u0430\u0437\u0438\u043d\",\"item\":\"https:\\\/\\\/pet24.md\\\/shop\\\/\"},{\"@type\":\"ListItem\",\"position\":3,\"name\":\"\u041c\u042f\u0423! \u041f\u043e\u043b\u043d\u043e\u0446\u0435\u043d\u043d\u044b\u0439 \u043a\u043e\u043d\u0441\u0435\u0440\u0432\u0438\u0440\u043e\u0432\u0430\u043d\u043d\u044b\u0439 \u043a\u043e\u0440\u043c \u0434\u043b\u044f \u0432\u0437\u0440\u043e\u0441\u043b\u044b\u0445 \u043a\u043e\u0448\u0435\u043a, \u0441 \u0440\u044b\u0431\u043e\u0439 \u0438 \u043e\u0432\u043e\u0449\u0430\u043c\u0438 \u0432 \u0436\u0435\u043b\u0430\u0442\u0438\u043d\u0435, \u0443\u043f\u0430\u043a\u043e\u0432\u043a\u0430 24&#215;80 \u0433\"}]},{\"@type\":\"WebSite\",\"@id\":\"https:\\\/\\\/pet24.md\\\/#website\",\"url\":\"https:\\\/\\\/pet24.md\\\/\",\"name\":\"Pet24\",\"description\":\"\u0417\u043e\u043e\u043c\u0430\u0433\u0430\u0437\u0438\u043d \u0442\u043e\u0432\u0430\u0440\u043e\u0432 \u0434\u043b\u044f \u0434\u043e\u043c\u0430\u0448\u043d\u0438\u0445 \u043f\u0438\u0442\u043e\u043c\u0446\u0435\u0432\",\"publisher\":{\"@id\":\"https:\\\/\\\/pet24.md\\\/#organization\"},\"potentialAction\":[{\"@type\":\"SearchAction\",\"target\":{\"@type\":\"EntryPoint\",\"urlTemplate\":\"https:\\\/\\\/pet24.md\\\/?s={search_term_string}\"},\"query-input\":{\"@type\":\"PropertyValueSpecification\",\"valueRequired\":true,\"valueName\":\"search_term_string\"}}],\"inLanguage\":\"ro-RO\"},{\"@type\":\"Organization\",\"@id\":\"https:\\\/\\\/pet24.md\\\/#organization\",\"name\":\"Pet24\",\"url\":\"https:\\\/\\\/pet24.md\\\/\",\"logo\":{\"@type\":\"ImageObject\",\"inLanguage\":\"ro-RO\",\"@id\":\"https:\\\/\\\/pet24.md\\\/#\\\/schema\\\/logo\\\/image\\\/\",\"url\":\"https:\\\/\\\/pet24.md\\\/wp-content\\\/uploads\\\/2024\\\/09\\\/logo.svg\",\"contentUrl\":\"https:\\\/\\\/pet24.md\\\/wp-content\\\/uploads\\\/2024\\\/09\\\/logo.svg\",\"width\":215,\"height\":66,\"caption\":\"Pet24\"},\"image\":{\"@id\":\"https:\\\/\\\/pet24.md\\\/#\\\/schema\\\/logo\\\/image\\\/\"},\"sameAs\":[\"https:\\\/\\\/www.facebook.com\\\/pet24.md\",\"https:\\\/\\\/www.instagram.com\\\/pet24.md\\\/\"],\"telephone\":\"+37360508880\"}]}<\/script>\n<!-- \/ Yoast SEO Premium plugin. -->","yoast_head_json":{"title":"\u041c\u042f\u0423! \u041f\u043e\u043b\u043d\u043e\u0446\u0435\u043d\u043d\u044b\u0439 \u043a\u043e\u043d\u0441\u0435\u0440\u0432\u0438\u0440\u043e\u0432\u0430\u043d\u043d\u044b\u0439 \u043a\u043e\u0440\u043c \u0434\u043b\u044f \u0432\u0437\u0440\u043e\u0441\u043b\u044b\u0445 \u043a\u043e\u0448\u0435\u043a, \u0441 \u0440\u044b\u0431\u043e\u0439 \u0438 \u043e\u0432\u043e\u0449\u0430\u043c\u0438 \u0432 \u0436\u0435\u043b\u0430\u0442\u0438\u043d\u0435, \u0443\u043f\u0430\u043a\u043e\u0432\u043a\u0430 24x80 \u0433","description":"\u041a\u0443\u043f\u0438\u0442\u044c \u041c\u042f\u0423! \u041f\u043e\u043b\u043d\u043e\u0446\u0435\u043d\u043d\u044b\u0439 \u043a\u043e\u043d\u0441\u0435\u0440\u0432\u0438\u0440\u043e\u0432\u0430\u043d\u043d\u044b\u0439 \u043a\u043e\u0440\u043c \u0434\u043b\u044f \u0432\u0437\u0440\u043e\u0441\u043b\u044b\u0445 \u043a\u043e\u0448\u0435\u043a, \u0441 \u0440\u044b\u0431\u043e\u0439 \u0438 \u043e\u0432\u043e\u0449\u0430\u043c\u0438 \u0432 \u0436\u0435\u043b\u0430\u0442\u0438\u043d\u0435, \u0443\u043f\u0430\u043a\u043e\u0432\u043a\u0430 24x80 \u0433 \u0441 \u0434\u043e\u0441\u0442\u0430\u0432\u043a\u043e\u0439 \u043f\u043e \u041a\u0438\u0448\u0438\u043d\u0435\u0432\u0443 \u0438 \u0432\u0441\u0435\u0439 \u041c\u043e\u043b\u0434\u043e\u0432\u0435 \u043d\u0430 Pet24","robots":{"index":"index","follow":"follow","max-snippet":"max-snippet:-1","max-image-preview":"max-image-preview:large","max-video-preview":"max-video-preview:-1"},"canonical":"https:\/\/pet24.md\/ro\/produs\/myau-polnoraczionnyj-konservirovanny-16\/","og_locale":"ro_RO","og_type":"article","og_title":"\u041c\u042f\u0423! \u041f\u043e\u043b\u043d\u043e\u0446\u0435\u043d\u043d\u044b\u0439 \u043a\u043e\u043d\u0441\u0435\u0440\u0432\u0438\u0440\u043e\u0432\u0430\u043d\u043d\u044b\u0439 \u043a\u043e\u0440\u043c \u0434\u043b\u044f \u0432\u0437\u0440\u043e\u0441\u043b\u044b\u0445 \u043a\u043e\u0448\u0435\u043a, \u0441 \u0440\u044b\u0431\u043e\u0439 \u0438 \u043e\u0432\u043e\u0449\u0430\u043c\u0438 \u0432 \u0436\u0435\u043b\u0430\u0442\u0438\u043d\u0435, \u0443\u043f\u0430\u043a\u043e\u0432\u043a\u0430 24x80 \u0433","og_description":"\u041a\u0443\u043f\u0438\u0442\u044c \u041c\u042f\u0423! \u041f\u043e\u043b\u043d\u043e\u0446\u0435\u043d\u043d\u044b\u0439 \u043a\u043e\u043d\u0441\u0435\u0440\u0432\u0438\u0440\u043e\u0432\u0430\u043d\u043d\u044b\u0439 \u043a\u043e\u0440\u043c \u0434\u043b\u044f \u0432\u0437\u0440\u043e\u0441\u043b\u044b\u0445 \u043a\u043e\u0448\u0435\u043a, \u0441 \u0440\u044b\u0431\u043e\u0439 \u0438 \u043e\u0432\u043e\u0449\u0430\u043c\u0438 \u0432 \u0436\u0435\u043b\u0430\u0442\u0438\u043d\u0435, \u0443\u043f\u0430\u043a\u043e\u0432\u043a\u0430 24x80 \u0433 \u0441 \u0434\u043e\u0441\u0442\u0430\u0432\u043a\u043e\u0439 \u043f\u043e \u041a\u0438\u0448\u0438\u043d\u0435\u0432\u0443 \u0438 \u0432\u0441\u0435\u0439 \u041c\u043e\u043b\u0434\u043e\u0432\u0435 \u043d\u0430 Pet24","og_url":"https:\/\/pet24.md\/ro\/produs\/myau-polnoraczionnyj-konservirovanny-16\/","og_site_name":"Pet24","article_publisher":"https:\/\/www.facebook.com\/pet24.md","article_modified_time":"2024-09-22T22:10:47+00:00","og_image":[{"width":600,"height":600,"url":"https:\/\/pet24.md\/wp-content\/uploads\/2024\/09\/myau-polnoraczionnyj-konservirovannyj-korm-dlya-vzroslyh-koshek-s-ryboj-i-ovoshhami-v-zhele-upakovka-24-sht-008-kg.webp","type":"image\/webp"}],"twitter_card":"summary_large_image","schema":{"@context":"https:\/\/schema.org","@graph":[{"@type":"WebPage","@id":"https:\/\/pet24.md\/product\/myau-polnoraczionnyj-konservirovanny-16\/","url":"https:\/\/pet24.md\/product\/myau-polnoraczionnyj-konservirovanny-16\/","name":"\u041c\u042f\u0423! \u041f\u043e\u043b\u043d\u043e\u0446\u0435\u043d\u043d\u044b\u0439 \u043a\u043e\u043d\u0441\u0435\u0440\u0432\u0438\u0440\u043e\u0432\u0430\u043d\u043d\u044b\u0439 \u043a\u043e\u0440\u043c \u0434\u043b\u044f \u0432\u0437\u0440\u043e\u0441\u043b\u044b\u0445 \u043a\u043e\u0448\u0435\u043a, \u0441 \u0440\u044b\u0431\u043e\u0439 \u0438 \u043e\u0432\u043e\u0449\u0430\u043c\u0438 \u0432 \u0436\u0435\u043b\u0430\u0442\u0438\u043d\u0435, \u0443\u043f\u0430\u043a\u043e\u0432\u043a\u0430 24x80 \u0433","isPartOf":{"@id":"https:\/\/pet24.md\/#website"},"primaryImageOfPage":{"@id":"https:\/\/pet24.md\/product\/myau-polnoraczionnyj-konservirovanny-16\/#primaryimage"},"image":{"@id":"https:\/\/pet24.md\/product\/myau-polnoraczionnyj-konservirovanny-16\/#primaryimage"},"thumbnailUrl":"https:\/\/pet24.md\/wp-content\/uploads\/2024\/09\/myau-polnoraczionnyj-konservirovannyj-korm-dlya-vzroslyh-koshek-s-ryboj-i-ovoshhami-v-zhele-upakovka-24-sht-008-kg.webp","datePublished":"2023-01-06T15:55:31+00:00","dateModified":"2024-09-22T22:10:47+00:00","description":"\u041a\u0443\u043f\u0438\u0442\u044c \u041c\u042f\u0423! \u041f\u043e\u043b\u043d\u043e\u0446\u0435\u043d\u043d\u044b\u0439 \u043a\u043e\u043d\u0441\u0435\u0440\u0432\u0438\u0440\u043e\u0432\u0430\u043d\u043d\u044b\u0439 \u043a\u043e\u0440\u043c \u0434\u043b\u044f \u0432\u0437\u0440\u043e\u0441\u043b\u044b\u0445 \u043a\u043e\u0448\u0435\u043a, \u0441 \u0440\u044b\u0431\u043e\u0439 \u0438 \u043e\u0432\u043e\u0449\u0430\u043c\u0438 \u0432 \u0436\u0435\u043b\u0430\u0442\u0438\u043d\u0435, \u0443\u043f\u0430\u043a\u043e\u0432\u043a\u0430 24x80 \u0433 \u0441 \u0434\u043e\u0441\u0442\u0430\u0432\u043a\u043e\u0439 \u043f\u043e \u041a\u0438\u0448\u0438\u043d\u0435\u0432\u0443 \u0438 \u0432\u0441\u0435\u0439 \u041c\u043e\u043b\u0434\u043e\u0432\u0435 \u043d\u0430 Pet24","breadcrumb":{"@id":"https:\/\/pet24.md\/product\/myau-polnoraczionnyj-konservirovanny-16\/#breadcrumb"},"inLanguage":"ro-RO","potentialAction":[{"@type":"ReadAction","target":["https:\/\/pet24.md\/product\/myau-polnoraczionnyj-konservirovanny-16\/"]}]},{"@type":"ImageObject","inLanguage":"ro-RO","@id":"https:\/\/pet24.md\/product\/myau-polnoraczionnyj-konservirovanny-16\/#primaryimage","url":"https:\/\/pet24.md\/wp-content\/uploads\/2024\/09\/myau-polnoraczionnyj-konservirovannyj-korm-dlya-vzroslyh-koshek-s-ryboj-i-ovoshhami-v-zhele-upakovka-24-sht-008-kg.webp","contentUrl":"https:\/\/pet24.md\/wp-content\/uploads\/2024\/09\/myau-polnoraczionnyj-konservirovannyj-korm-dlya-vzroslyh-koshek-s-ryboj-i-ovoshhami-v-zhele-upakovka-24-sht-008-kg.webp","width":600,"height":600,"caption":"myau polnoraczionnyj konservirovannyj korm dlya vzroslyh koshek s ryboj i ovoshhami v zhele upakovka 24 sht 008 kg"},{"@type":"BreadcrumbList","@id":"https:\/\/pet24.md\/product\/myau-polnoraczionnyj-konservirovanny-16\/#breadcrumb","itemListElement":[{"@type":"ListItem","position":1,"name":"\u0413\u043b\u0430\u0432\u043d\u0430\u044f \u0441\u0442\u0440\u0430\u043d\u0438\u0446\u0430","item":"https:\/\/pet24.md\/"},{"@type":"ListItem","position":2,"name":"\u041c\u0430\u0433\u0430\u0437\u0438\u043d","item":"https:\/\/pet24.md\/shop\/"},{"@type":"ListItem","position":3,"name":"\u041c\u042f\u0423! \u041f\u043e\u043b\u043d\u043e\u0446\u0435\u043d\u043d\u044b\u0439 \u043a\u043e\u043d\u0441\u0435\u0440\u0432\u0438\u0440\u043e\u0432\u0430\u043d\u043d\u044b\u0439 \u043a\u043e\u0440\u043c \u0434\u043b\u044f \u0432\u0437\u0440\u043e\u0441\u043b\u044b\u0445 \u043a\u043e\u0448\u0435\u043a, \u0441 \u0440\u044b\u0431\u043e\u0439 \u0438 \u043e\u0432\u043e\u0449\u0430\u043c\u0438 \u0432 \u0436\u0435\u043b\u0430\u0442\u0438\u043d\u0435, \u0443\u043f\u0430\u043a\u043e\u0432\u043a\u0430 24&#215;80 \u0433"}]},{"@type":"WebSite","@id":"https:\/\/pet24.md\/#website","url":"https:\/\/pet24.md\/","name":"Pet24","description":"Magazin de animale de companie","publisher":{"@id":"https:\/\/pet24.md\/#organization"},"potentialAction":[{"@type":"SearchAction","target":{"@type":"EntryPoint","urlTemplate":"https:\/\/pet24.md\/?s={search_term_string}"},"query-input":{"@type":"PropertyValueSpecification","valueRequired":true,"valueName":"search_term_string"}}],"inLanguage":"ro-RO"},{"@type":"Organization","@id":"https:\/\/pet24.md\/#organization","name":"Pet24","url":"https:\/\/pet24.md\/","logo":{"@type":"ImageObject","inLanguage":"ro-RO","@id":"https:\/\/pet24.md\/#\/schema\/logo\/image\/","url":"https:\/\/pet24.md\/wp-content\/uploads\/2024\/09\/logo.svg","contentUrl":"https:\/\/pet24.md\/wp-content\/uploads\/2024\/09\/logo.svg","width":215,"height":66,"caption":"Pet24"},"image":{"@id":"https:\/\/pet24.md\/#\/schema\/logo\/image\/"},"sameAs":["https:\/\/www.facebook.com\/pet24.md","https:\/\/www.instagram.com\/pet24.md\/"],"telephone":"+37360508880"}]}},"_links":{"self":[{"href":"https:\/\/pet24.md\/ro\/wp-json\/wp\/v2\/product\/16628","targetHints":{"allow":["GET"]}}],"collection":[{"href":"https:\/\/pet24.md\/ro\/wp-json\/wp\/v2\/product"}],"about":[{"href":"https:\/\/pet24.md\/ro\/wp-json\/wp\/v2\/types\/product"}],"replies":[{"embeddable":true,"href":"https:\/\/pet24.md\/ro\/wp-json\/wp\/v2\/comments?post=16628"}],"wp:featuredmedia":[{"embeddable":true,"href":"https:\/\/pet24.md\/ro\/wp-json\/wp\/v2\/media\/89582"}],"wp:attachment":[{"href":"https:\/\/pet24.md\/ro\/wp-json\/wp\/v2\/media?parent=16628"}],"wp:term":[{"taxonomy":"product_brand","embeddable":true,"href":"https:\/\/pet24.md\/ro\/wp-json\/wp\/v2\/product_brand?post=16628"},{"taxonomy":"product_cat","embeddable":true,"href":"https:\/\/pet24.md\/ro\/wp-json\/wp\/v2\/product_cat?post=16628"},{"taxonomy":"product_tag","embeddable":true,"href":"https:\/\/pet24.md\/ro\/wp-json\/wp\/v2\/product_tag?post=16628"}],"curies":[{"name":"wp","href":"https:\/\/api.w.org\/{rel}","templated":true}]}}