{"id":16740,"date":"2023-01-06T17:30:51","date_gmt":"2023-01-06T17:30:51","guid":{"rendered":"https:\/\/pet24.md\/?post_type=product&#038;p=16740"},"modified":"2024-09-22T22:10:53","modified_gmt":"2024-09-22T22:10:53","slug":"club-4-paws-premium-vlazhnyj-korm-dlya-vzroslyh-k-10","status":"publish","type":"product","link":"https:\/\/pet24.md\/ro\/produs\/club-4-paws-premium-vlazhnyj-korm-dlya-vzroslyh-k-10\/","title":{"rendered":"CLUB 4 LABE Premium. Hrana umeda pentru pisici adulte, cu rata in sos, 24\u00d7100 g + cadou"},"content":{"rendered":"<h3><strong>CLUB 4 PAWS Premium Hrana umeda pentru pisici adulte cu Rata in sos. 0,1 kg<\/strong><\/h3>\n<p><strong>Omega 3 Complexul de acizi gra\u0219i nesatura\u021bi Omega 6 men\u021bine pielea s\u0103n\u0103toas\u0103 \u0219i blana str\u0103lucitoare. Dieta este \u00eembog\u0103\u021bit\u0103 cu formula INTEGRAMIX pentru sprijinirea general\u0103 a s\u0103n\u0103t\u0103\u021bii \u0219i imunit\u0103\u021bii animalului de companie.<\/strong><\/p>\n<p>Aceast\u0103 diet\u0103 umed\u0103 premium con\u021bine 77% de carne \u0219i ingrediente din carne la fiecare mu\u0219c\u0103tur\u0103, plus un sos delicios pe care pisicile adulte \u00eel iubesc.<\/p>\n<p><strong>AVANTAJE:<\/strong><\/p>\n<ul>\n<li><strong>8,5\/5 - formul\u0103 echilibrat\u0103 pentru hr\u0103nirea zilnic\u0103<\/strong><\/li>\n<li><strong>Carne \u0219i ingrediente din carne nr 1 \u00een compozi\u021bie<\/strong><\/li>\n<li><strong>Vitaminele D3, E, B1, B5, oligoelemente \u0219i aminoacizi<\/strong><\/li>\n<li><strong>Omega 3 Omega 6 pentru piele s\u0103n\u0103toas\u0103 \u0219i blan\u0103 str\u0103lucitoare<\/strong><\/li>\n<li><strong>Formula INTEGRAMIX: ro\u0219ii uscate, ghimbir, p\u0103ducel \u0219i banane - pentru s\u0103n\u0103tatea general\u0103 \u0219i imunitate puternic\u0103 a animalului t\u0103u de companie<\/strong><\/li>\n<li><strong>\u2022 Fara arome sau coloranti artificiali<\/strong><\/li>\n<\/ul>","protected":false},"excerpt":{"rendered":"<p>CLUB 4 PAWS \u041f\u0440\u0435\u043c\u0438\u0443\u043c \u0412\u043b\u0430\u0436\u043d\u044b\u0439 \u043a\u043e\u0440\u043c \u0434\u043b\u044f \u0432\u0437\u0440\u043e\u0441\u043b\u044b\u0445 \u043a\u043e\u0448\u0435\u043a \u0441 \u0423\u0442\u043a\u043e\u0439 \u0432 \u0441\u043e\u0443\u0441\u0435. 0.1 \u043a\u0433 \u041a\u043e\u043c\u043f\u043b\u0435\u043a\u0441 \u043d\u0435\u043d\u0430\u0441\u044b\u0449\u0435\u043d\u043d\u044b\u0445 \u0436\u0438\u0440\u043d\u044b\u0445 \u043a\u0438\u0441\u043b\u043e\u0442 \u041e\u043c\u0435\u0433\u0430 3 \u041e\u043c\u0435\u0433\u0430&hellip;<\/p>","protected":false},"featured_media":89631,"comment_status":"closed","ping_status":"closed","template":"","meta":[],"product_brand":[],"product_cat":[310,309,193],"product_tag":[412,296],"class_list":{"0":"post-16740","1":"product","2":"type-product","3":"status-publish","4":"has-post-thumbnail","6":"product_cat-catwet","7":"product_cat-catfood","8":"product_cat-cat","9":"product_tag-club-4-paws","10":"product_tag-vlazhnyj-korm","11":"pa_age-pet-vzroslyj","12":"pa_brand-club-4-paws","13":"pa_feed-class-premium","14":"pa_meat-ingredients-utka","15":"pa_packaging-pauchi","16":"pa_pet-koshka","17":"pa_pet-feature-zdorovyj-pitomecz","18":"pa_type-feed-vlazhnyj-korm","19":"pa_weight-100-gr","21":"first","22":"instock","23":"product-type-simple"},"yoast_head":"<!-- This site is optimized with the Yoast SEO Premium plugin v23.7 (Yoast SEO v27.5) - https:\/\/yoast.com\/product\/yoast-seo-premium-wordpress\/ -->\n<title>CLUB 4 PAWS Premium. \u0412\u043b\u0430\u0436\u043d\u044b\u0439 \u043a\u043e\u0440\u043c \u0434\u043b\u044f \u0432\u0437\u0440\u043e\u0441\u043b\u044b\u0445 \u043a\u043e\u0448\u0435\u043a, \u0441 \u0443\u0442\u043a\u043e\u0439 \u0432 \u0441\u043e\u0443\u0441\u0435, 24x100 \u0433 + \u043f\u043e\u0434\u0430\u0440\u043e\u043a<\/title>\n<meta name=\"description\" content=\"\u041a\u0443\u043f\u0438\u0442\u044c CLUB 4 PAWS Premium. \u0412\u043b\u0430\u0436\u043d\u044b\u0439 \u043a\u043e\u0440\u043c \u0434\u043b\u044f \u0432\u0437\u0440\u043e\u0441\u043b\u044b\u0445 \u043a\u043e\u0448\u0435\u043a, \u0441 \u0443\u0442\u043a\u043e\u0439 \u0432 \u0441\u043e\u0443\u0441\u0435, 24x100 \u0433 + \u043f\u043e\u0434\u0430\u0440\u043e\u043a \u0441 \u0434\u043e\u0441\u0442\u0430\u0432\u043a\u043e\u0439 \u043f\u043e \u041a\u0438\u0448\u0438\u043d\u0435\u0432\u0443 \u0438 \u0432\u0441\u0435\u0439 \u041c\u043e\u043b\u0434\u043e\u0432\u0435 \u043d\u0430 Pet24\" \/>\n<meta name=\"robots\" content=\"index, follow, max-snippet:-1, max-image-preview:large, max-video-preview:-1\" \/>\n<link rel=\"canonical\" href=\"https:\/\/pet24.md\/ro\/produs\/club-4-paws-premium-vlazhnyj-korm-dlya-vzroslyh-k-10\/\" \/>\n<meta property=\"og:locale\" content=\"ro_RO\" \/>\n<meta property=\"og:type\" content=\"article\" \/>\n<meta property=\"og:title\" content=\"CLUB 4 PAWS Premium. \u0412\u043b\u0430\u0436\u043d\u044b\u0439 \u043a\u043e\u0440\u043c \u0434\u043b\u044f \u0432\u0437\u0440\u043e\u0441\u043b\u044b\u0445 \u043a\u043e\u0448\u0435\u043a, \u0441 \u0443\u0442\u043a\u043e\u0439 \u0432 \u0441\u043e\u0443\u0441\u0435, 24x100 \u0433 + \u043f\u043e\u0434\u0430\u0440\u043e\u043a\" \/>\n<meta property=\"og:description\" content=\"\u041a\u0443\u043f\u0438\u0442\u044c CLUB 4 PAWS Premium. \u0412\u043b\u0430\u0436\u043d\u044b\u0439 \u043a\u043e\u0440\u043c \u0434\u043b\u044f \u0432\u0437\u0440\u043e\u0441\u043b\u044b\u0445 \u043a\u043e\u0448\u0435\u043a, \u0441 \u0443\u0442\u043a\u043e\u0439 \u0432 \u0441\u043e\u0443\u0441\u0435, 24x100 \u0433 + \u043f\u043e\u0434\u0430\u0440\u043e\u043a \u0441 \u0434\u043e\u0441\u0442\u0430\u0432\u043a\u043e\u0439 \u043f\u043e \u041a\u0438\u0448\u0438\u043d\u0435\u0432\u0443 \u0438 \u0432\u0441\u0435\u0439 \u041c\u043e\u043b\u0434\u043e\u0432\u0435 \u043d\u0430 Pet24\" \/>\n<meta property=\"og:url\" content=\"https:\/\/pet24.md\/ro\/produs\/club-4-paws-premium-vlazhnyj-korm-dlya-vzroslyh-k-10\/\" \/>\n<meta property=\"og:site_name\" content=\"Pet24\" \/>\n<meta property=\"article:publisher\" content=\"https:\/\/www.facebook.com\/pet24.md\" \/>\n<meta property=\"article:modified_time\" content=\"2024-09-22T22:10:53+00:00\" \/>\n<meta property=\"og:image\" content=\"https:\/\/pet24.md\/wp-content\/uploads\/2024\/09\/club-4-paws-premium-vlazhnyj-korm-dlya-vzroslyh-koshek-s-utkoj-v-souse-upakovka-24-sht-01-kg-podarok.webp\" \/>\n\t<meta property=\"og:image:width\" content=\"600\" \/>\n\t<meta property=\"og:image:height\" content=\"600\" \/>\n\t<meta property=\"og:image:type\" content=\"image\/webp\" \/>\n<meta name=\"twitter:card\" content=\"summary_large_image\" \/>\n<script type=\"application\/ld+json\" class=\"yoast-schema-graph\">{\"@context\":\"https:\\\/\\\/schema.org\",\"@graph\":[{\"@type\":\"WebPage\",\"@id\":\"https:\\\/\\\/pet24.md\\\/product\\\/club-4-paws-premium-vlazhnyj-korm-dlya-vzroslyh-k-10\\\/\",\"url\":\"https:\\\/\\\/pet24.md\\\/product\\\/club-4-paws-premium-vlazhnyj-korm-dlya-vzroslyh-k-10\\\/\",\"name\":\"CLUB 4 PAWS Premium. \u0412\u043b\u0430\u0436\u043d\u044b\u0439 \u043a\u043e\u0440\u043c \u0434\u043b\u044f \u0432\u0437\u0440\u043e\u0441\u043b\u044b\u0445 \u043a\u043e\u0448\u0435\u043a, \u0441 \u0443\u0442\u043a\u043e\u0439 \u0432 \u0441\u043e\u0443\u0441\u0435, 24x100 \u0433 + \u043f\u043e\u0434\u0430\u0440\u043e\u043a\",\"isPartOf\":{\"@id\":\"https:\\\/\\\/pet24.md\\\/#website\"},\"primaryImageOfPage\":{\"@id\":\"https:\\\/\\\/pet24.md\\\/product\\\/club-4-paws-premium-vlazhnyj-korm-dlya-vzroslyh-k-10\\\/#primaryimage\"},\"image\":{\"@id\":\"https:\\\/\\\/pet24.md\\\/product\\\/club-4-paws-premium-vlazhnyj-korm-dlya-vzroslyh-k-10\\\/#primaryimage\"},\"thumbnailUrl\":\"https:\\\/\\\/pet24.md\\\/wp-content\\\/uploads\\\/2024\\\/09\\\/club-4-paws-premium-vlazhnyj-korm-dlya-vzroslyh-koshek-s-utkoj-v-souse-upakovka-24-sht-01-kg-podarok.webp\",\"datePublished\":\"2023-01-06T17:30:51+00:00\",\"dateModified\":\"2024-09-22T22:10:53+00:00\",\"description\":\"\u041a\u0443\u043f\u0438\u0442\u044c CLUB 4 PAWS Premium. \u0412\u043b\u0430\u0436\u043d\u044b\u0439 \u043a\u043e\u0440\u043c \u0434\u043b\u044f \u0432\u0437\u0440\u043e\u0441\u043b\u044b\u0445 \u043a\u043e\u0448\u0435\u043a, \u0441 \u0443\u0442\u043a\u043e\u0439 \u0432 \u0441\u043e\u0443\u0441\u0435, 24x100 \u0433 + \u043f\u043e\u0434\u0430\u0440\u043e\u043a \u0441 \u0434\u043e\u0441\u0442\u0430\u0432\u043a\u043e\u0439 \u043f\u043e \u041a\u0438\u0448\u0438\u043d\u0435\u0432\u0443 \u0438 \u0432\u0441\u0435\u0439 \u041c\u043e\u043b\u0434\u043e\u0432\u0435 \u043d\u0430 Pet24\",\"breadcrumb\":{\"@id\":\"https:\\\/\\\/pet24.md\\\/product\\\/club-4-paws-premium-vlazhnyj-korm-dlya-vzroslyh-k-10\\\/#breadcrumb\"},\"inLanguage\":\"ro-RO\",\"potentialAction\":[{\"@type\":\"ReadAction\",\"target\":[\"https:\\\/\\\/pet24.md\\\/product\\\/club-4-paws-premium-vlazhnyj-korm-dlya-vzroslyh-k-10\\\/\"]}]},{\"@type\":\"ImageObject\",\"inLanguage\":\"ro-RO\",\"@id\":\"https:\\\/\\\/pet24.md\\\/product\\\/club-4-paws-premium-vlazhnyj-korm-dlya-vzroslyh-k-10\\\/#primaryimage\",\"url\":\"https:\\\/\\\/pet24.md\\\/wp-content\\\/uploads\\\/2024\\\/09\\\/club-4-paws-premium-vlazhnyj-korm-dlya-vzroslyh-koshek-s-utkoj-v-souse-upakovka-24-sht-01-kg-podarok.webp\",\"contentUrl\":\"https:\\\/\\\/pet24.md\\\/wp-content\\\/uploads\\\/2024\\\/09\\\/club-4-paws-premium-vlazhnyj-korm-dlya-vzroslyh-koshek-s-utkoj-v-souse-upakovka-24-sht-01-kg-podarok.webp\",\"width\":600,\"height\":600,\"caption\":\"club 4 paws premium vlazhnyj korm dlya vzroslyh koshek s utkoj v souse upakovka 24 sht 01 kg podarok\"},{\"@type\":\"BreadcrumbList\",\"@id\":\"https:\\\/\\\/pet24.md\\\/product\\\/club-4-paws-premium-vlazhnyj-korm-dlya-vzroslyh-k-10\\\/#breadcrumb\",\"itemListElement\":[{\"@type\":\"ListItem\",\"position\":1,\"name\":\"\u0413\u043b\u0430\u0432\u043d\u0430\u044f \u0441\u0442\u0440\u0430\u043d\u0438\u0446\u0430\",\"item\":\"https:\\\/\\\/pet24.md\\\/\"},{\"@type\":\"ListItem\",\"position\":2,\"name\":\"\u041c\u0430\u0433\u0430\u0437\u0438\u043d\",\"item\":\"https:\\\/\\\/pet24.md\\\/shop\\\/\"},{\"@type\":\"ListItem\",\"position\":3,\"name\":\"CLUB 4 PAWS Premium. \u0412\u043b\u0430\u0436\u043d\u044b\u0439 \u043a\u043e\u0440\u043c \u0434\u043b\u044f \u0432\u0437\u0440\u043e\u0441\u043b\u044b\u0445 \u043a\u043e\u0448\u0435\u043a, \u0441 \u0443\u0442\u043a\u043e\u0439 \u0432 \u0441\u043e\u0443\u0441\u0435, 24&#215;100 \u0433 + \u043f\u043e\u0434\u0430\u0440\u043e\u043a\"}]},{\"@type\":\"WebSite\",\"@id\":\"https:\\\/\\\/pet24.md\\\/#website\",\"url\":\"https:\\\/\\\/pet24.md\\\/\",\"name\":\"Pet24\",\"description\":\"\u0417\u043e\u043e\u043c\u0430\u0433\u0430\u0437\u0438\u043d \u0442\u043e\u0432\u0430\u0440\u043e\u0432 \u0434\u043b\u044f \u0434\u043e\u043c\u0430\u0448\u043d\u0438\u0445 \u043f\u0438\u0442\u043e\u043c\u0446\u0435\u0432\",\"publisher\":{\"@id\":\"https:\\\/\\\/pet24.md\\\/#organization\"},\"potentialAction\":[{\"@type\":\"SearchAction\",\"target\":{\"@type\":\"EntryPoint\",\"urlTemplate\":\"https:\\\/\\\/pet24.md\\\/?s={search_term_string}\"},\"query-input\":{\"@type\":\"PropertyValueSpecification\",\"valueRequired\":true,\"valueName\":\"search_term_string\"}}],\"inLanguage\":\"ro-RO\"},{\"@type\":\"Organization\",\"@id\":\"https:\\\/\\\/pet24.md\\\/#organization\",\"name\":\"Pet24\",\"url\":\"https:\\\/\\\/pet24.md\\\/\",\"logo\":{\"@type\":\"ImageObject\",\"inLanguage\":\"ro-RO\",\"@id\":\"https:\\\/\\\/pet24.md\\\/#\\\/schema\\\/logo\\\/image\\\/\",\"url\":\"https:\\\/\\\/pet24.md\\\/wp-content\\\/uploads\\\/2024\\\/09\\\/logo.svg\",\"contentUrl\":\"https:\\\/\\\/pet24.md\\\/wp-content\\\/uploads\\\/2024\\\/09\\\/logo.svg\",\"width\":215,\"height\":66,\"caption\":\"Pet24\"},\"image\":{\"@id\":\"https:\\\/\\\/pet24.md\\\/#\\\/schema\\\/logo\\\/image\\\/\"},\"sameAs\":[\"https:\\\/\\\/www.facebook.com\\\/pet24.md\",\"https:\\\/\\\/www.instagram.com\\\/pet24.md\\\/\"],\"telephone\":\"+37360508880\"}]}<\/script>\n<!-- \/ Yoast SEO Premium plugin. -->","yoast_head_json":{"title":"CLUB 4 PAWS Premium. \u0412\u043b\u0430\u0436\u043d\u044b\u0439 \u043a\u043e\u0440\u043c \u0434\u043b\u044f \u0432\u0437\u0440\u043e\u0441\u043b\u044b\u0445 \u043a\u043e\u0448\u0435\u043a, \u0441 \u0443\u0442\u043a\u043e\u0439 \u0432 \u0441\u043e\u0443\u0441\u0435, 24x100 \u0433 + \u043f\u043e\u0434\u0430\u0440\u043e\u043a","description":"\u041a\u0443\u043f\u0438\u0442\u044c CLUB 4 PAWS Premium. \u0412\u043b\u0430\u0436\u043d\u044b\u0439 \u043a\u043e\u0440\u043c \u0434\u043b\u044f \u0432\u0437\u0440\u043e\u0441\u043b\u044b\u0445 \u043a\u043e\u0448\u0435\u043a, \u0441 \u0443\u0442\u043a\u043e\u0439 \u0432 \u0441\u043e\u0443\u0441\u0435, 24x100 \u0433 + \u043f\u043e\u0434\u0430\u0440\u043e\u043a \u0441 \u0434\u043e\u0441\u0442\u0430\u0432\u043a\u043e\u0439 \u043f\u043e \u041a\u0438\u0448\u0438\u043d\u0435\u0432\u0443 \u0438 \u0432\u0441\u0435\u0439 \u041c\u043e\u043b\u0434\u043e\u0432\u0435 \u043d\u0430 Pet24","robots":{"index":"index","follow":"follow","max-snippet":"max-snippet:-1","max-image-preview":"max-image-preview:large","max-video-preview":"max-video-preview:-1"},"canonical":"https:\/\/pet24.md\/ro\/produs\/club-4-paws-premium-vlazhnyj-korm-dlya-vzroslyh-k-10\/","og_locale":"ro_RO","og_type":"article","og_title":"CLUB 4 PAWS Premium. \u0412\u043b\u0430\u0436\u043d\u044b\u0439 \u043a\u043e\u0440\u043c \u0434\u043b\u044f \u0432\u0437\u0440\u043e\u0441\u043b\u044b\u0445 \u043a\u043e\u0448\u0435\u043a, \u0441 \u0443\u0442\u043a\u043e\u0439 \u0432 \u0441\u043e\u0443\u0441\u0435, 24x100 \u0433 + \u043f\u043e\u0434\u0430\u0440\u043e\u043a","og_description":"\u041a\u0443\u043f\u0438\u0442\u044c CLUB 4 PAWS Premium. \u0412\u043b\u0430\u0436\u043d\u044b\u0439 \u043a\u043e\u0440\u043c \u0434\u043b\u044f \u0432\u0437\u0440\u043e\u0441\u043b\u044b\u0445 \u043a\u043e\u0448\u0435\u043a, \u0441 \u0443\u0442\u043a\u043e\u0439 \u0432 \u0441\u043e\u0443\u0441\u0435, 24x100 \u0433 + \u043f\u043e\u0434\u0430\u0440\u043e\u043a \u0441 \u0434\u043e\u0441\u0442\u0430\u0432\u043a\u043e\u0439 \u043f\u043e \u041a\u0438\u0448\u0438\u043d\u0435\u0432\u0443 \u0438 \u0432\u0441\u0435\u0439 \u041c\u043e\u043b\u0434\u043e\u0432\u0435 \u043d\u0430 Pet24","og_url":"https:\/\/pet24.md\/ro\/produs\/club-4-paws-premium-vlazhnyj-korm-dlya-vzroslyh-k-10\/","og_site_name":"Pet24","article_publisher":"https:\/\/www.facebook.com\/pet24.md","article_modified_time":"2024-09-22T22:10:53+00:00","og_image":[{"width":600,"height":600,"url":"https:\/\/pet24.md\/wp-content\/uploads\/2024\/09\/club-4-paws-premium-vlazhnyj-korm-dlya-vzroslyh-koshek-s-utkoj-v-souse-upakovka-24-sht-01-kg-podarok.webp","type":"image\/webp"}],"twitter_card":"summary_large_image","schema":{"@context":"https:\/\/schema.org","@graph":[{"@type":"WebPage","@id":"https:\/\/pet24.md\/product\/club-4-paws-premium-vlazhnyj-korm-dlya-vzroslyh-k-10\/","url":"https:\/\/pet24.md\/product\/club-4-paws-premium-vlazhnyj-korm-dlya-vzroslyh-k-10\/","name":"CLUB 4 PAWS Premium. \u0412\u043b\u0430\u0436\u043d\u044b\u0439 \u043a\u043e\u0440\u043c \u0434\u043b\u044f \u0432\u0437\u0440\u043e\u0441\u043b\u044b\u0445 \u043a\u043e\u0448\u0435\u043a, \u0441 \u0443\u0442\u043a\u043e\u0439 \u0432 \u0441\u043e\u0443\u0441\u0435, 24x100 \u0433 + \u043f\u043e\u0434\u0430\u0440\u043e\u043a","isPartOf":{"@id":"https:\/\/pet24.md\/#website"},"primaryImageOfPage":{"@id":"https:\/\/pet24.md\/product\/club-4-paws-premium-vlazhnyj-korm-dlya-vzroslyh-k-10\/#primaryimage"},"image":{"@id":"https:\/\/pet24.md\/product\/club-4-paws-premium-vlazhnyj-korm-dlya-vzroslyh-k-10\/#primaryimage"},"thumbnailUrl":"https:\/\/pet24.md\/wp-content\/uploads\/2024\/09\/club-4-paws-premium-vlazhnyj-korm-dlya-vzroslyh-koshek-s-utkoj-v-souse-upakovka-24-sht-01-kg-podarok.webp","datePublished":"2023-01-06T17:30:51+00:00","dateModified":"2024-09-22T22:10:53+00:00","description":"\u041a\u0443\u043f\u0438\u0442\u044c CLUB 4 PAWS Premium. \u0412\u043b\u0430\u0436\u043d\u044b\u0439 \u043a\u043e\u0440\u043c \u0434\u043b\u044f \u0432\u0437\u0440\u043e\u0441\u043b\u044b\u0445 \u043a\u043e\u0448\u0435\u043a, \u0441 \u0443\u0442\u043a\u043e\u0439 \u0432 \u0441\u043e\u0443\u0441\u0435, 24x100 \u0433 + \u043f\u043e\u0434\u0430\u0440\u043e\u043a \u0441 \u0434\u043e\u0441\u0442\u0430\u0432\u043a\u043e\u0439 \u043f\u043e \u041a\u0438\u0448\u0438\u043d\u0435\u0432\u0443 \u0438 \u0432\u0441\u0435\u0439 \u041c\u043e\u043b\u0434\u043e\u0432\u0435 \u043d\u0430 Pet24","breadcrumb":{"@id":"https:\/\/pet24.md\/product\/club-4-paws-premium-vlazhnyj-korm-dlya-vzroslyh-k-10\/#breadcrumb"},"inLanguage":"ro-RO","potentialAction":[{"@type":"ReadAction","target":["https:\/\/pet24.md\/product\/club-4-paws-premium-vlazhnyj-korm-dlya-vzroslyh-k-10\/"]}]},{"@type":"ImageObject","inLanguage":"ro-RO","@id":"https:\/\/pet24.md\/product\/club-4-paws-premium-vlazhnyj-korm-dlya-vzroslyh-k-10\/#primaryimage","url":"https:\/\/pet24.md\/wp-content\/uploads\/2024\/09\/club-4-paws-premium-vlazhnyj-korm-dlya-vzroslyh-koshek-s-utkoj-v-souse-upakovka-24-sht-01-kg-podarok.webp","contentUrl":"https:\/\/pet24.md\/wp-content\/uploads\/2024\/09\/club-4-paws-premium-vlazhnyj-korm-dlya-vzroslyh-koshek-s-utkoj-v-souse-upakovka-24-sht-01-kg-podarok.webp","width":600,"height":600,"caption":"club 4 paws premium vlazhnyj korm dlya vzroslyh koshek s utkoj v souse upakovka 24 sht 01 kg podarok"},{"@type":"BreadcrumbList","@id":"https:\/\/pet24.md\/product\/club-4-paws-premium-vlazhnyj-korm-dlya-vzroslyh-k-10\/#breadcrumb","itemListElement":[{"@type":"ListItem","position":1,"name":"\u0413\u043b\u0430\u0432\u043d\u0430\u044f \u0441\u0442\u0440\u0430\u043d\u0438\u0446\u0430","item":"https:\/\/pet24.md\/"},{"@type":"ListItem","position":2,"name":"\u041c\u0430\u0433\u0430\u0437\u0438\u043d","item":"https:\/\/pet24.md\/shop\/"},{"@type":"ListItem","position":3,"name":"CLUB 4 PAWS Premium. \u0412\u043b\u0430\u0436\u043d\u044b\u0439 \u043a\u043e\u0440\u043c \u0434\u043b\u044f \u0432\u0437\u0440\u043e\u0441\u043b\u044b\u0445 \u043a\u043e\u0448\u0435\u043a, \u0441 \u0443\u0442\u043a\u043e\u0439 \u0432 \u0441\u043e\u0443\u0441\u0435, 24&#215;100 \u0433 + \u043f\u043e\u0434\u0430\u0440\u043e\u043a"}]},{"@type":"WebSite","@id":"https:\/\/pet24.md\/#website","url":"https:\/\/pet24.md\/","name":"Pet24","description":"Magazin de animale de companie","publisher":{"@id":"https:\/\/pet24.md\/#organization"},"potentialAction":[{"@type":"SearchAction","target":{"@type":"EntryPoint","urlTemplate":"https:\/\/pet24.md\/?s={search_term_string}"},"query-input":{"@type":"PropertyValueSpecification","valueRequired":true,"valueName":"search_term_string"}}],"inLanguage":"ro-RO"},{"@type":"Organization","@id":"https:\/\/pet24.md\/#organization","name":"Pet24","url":"https:\/\/pet24.md\/","logo":{"@type":"ImageObject","inLanguage":"ro-RO","@id":"https:\/\/pet24.md\/#\/schema\/logo\/image\/","url":"https:\/\/pet24.md\/wp-content\/uploads\/2024\/09\/logo.svg","contentUrl":"https:\/\/pet24.md\/wp-content\/uploads\/2024\/09\/logo.svg","width":215,"height":66,"caption":"Pet24"},"image":{"@id":"https:\/\/pet24.md\/#\/schema\/logo\/image\/"},"sameAs":["https:\/\/www.facebook.com\/pet24.md","https:\/\/www.instagram.com\/pet24.md\/"],"telephone":"+37360508880"}]}},"_links":{"self":[{"href":"https:\/\/pet24.md\/ro\/wp-json\/wp\/v2\/product\/16740","targetHints":{"allow":["GET"]}}],"collection":[{"href":"https:\/\/pet24.md\/ro\/wp-json\/wp\/v2\/product"}],"about":[{"href":"https:\/\/pet24.md\/ro\/wp-json\/wp\/v2\/types\/product"}],"replies":[{"embeddable":true,"href":"https:\/\/pet24.md\/ro\/wp-json\/wp\/v2\/comments?post=16740"}],"wp:featuredmedia":[{"embeddable":true,"href":"https:\/\/pet24.md\/ro\/wp-json\/wp\/v2\/media\/89631"}],"wp:attachment":[{"href":"https:\/\/pet24.md\/ro\/wp-json\/wp\/v2\/media?parent=16740"}],"wp:term":[{"taxonomy":"product_brand","embeddable":true,"href":"https:\/\/pet24.md\/ro\/wp-json\/wp\/v2\/product_brand?post=16740"},{"taxonomy":"product_cat","embeddable":true,"href":"https:\/\/pet24.md\/ro\/wp-json\/wp\/v2\/product_cat?post=16740"},{"taxonomy":"product_tag","embeddable":true,"href":"https:\/\/pet24.md\/ro\/wp-json\/wp\/v2\/product_tag?post=16740"}],"curies":[{"name":"wp","href":"https:\/\/api.w.org\/{rel}","templated":true}]}}