{"id":16835,"date":"2023-01-06T19:33:38","date_gmt":"2023-01-06T19:33:38","guid":{"rendered":"https:\/\/pet24.md\/?post_type=product&#038;p=16835"},"modified":"2024-09-22T22:10:55","modified_gmt":"2024-09-22T22:10:55","slug":"club-4-paws-premium-cuhoj-korm-dlya-vzroslyh-koshe-7","status":"publish","type":"product","link":"https:\/\/pet24.md\/ro\/produs\/club-4-paws-premium-cuhoj-korm-dlya-vzroslyh-koshe-7\/","title":{"rendered":"CLUB 4 PAWS Premium Hrana uscata pentru pisici adulte cu somon. 14 kg"},"content":{"rendered":"<p><strong>CLUB 4 PAWS Premium \u201eCu Somon\u201d. Hrana uscata completa pt<\/strong><\/p>\n<p><strong>pisici adulte<\/strong><\/p>\n<p><strong>Granule crocante de somon pentru toarcerea ta zilnic\u0103<\/strong><br \/>\n<strong>Dieta uscat\u0103 premium con\u021bine 27% de ingrediente din carne \u0219i pe\u0219te per<\/strong><br \/>\n<strong>primul<\/strong><br \/>\n<strong>loc \u00een compozi\u021bie. Granulele crocante de somon sunt grozave<\/strong><br \/>\n<strong>adultii<\/strong><br \/>\n<strong>pisici. Complex de acizi gra\u0219i nesatura\u021bi Omega 3 + Omega 6<\/strong><br \/>\n<strong>P\u0103streaz\u0103 pielea s\u0103n\u0103toas\u0103 \u0219i blana str\u0103lucitoare. Dieta este \u00eembog\u0103\u021bit\u0103<\/strong><br \/>\n<strong>formula<\/strong><br \/>\n<strong>INTEGRAMIX pentru sprijinul general al s\u0103n\u0103t\u0103\u021bii \u0219i imunit\u0103\u021bii animalelor de companie.<\/strong><\/p>\n<p><strong>AVANTAJE:<\/strong><br \/>\n<strong>\u2014 32\/15 \u2014 formul\u0103 echilibrat\u0103 pentru hr\u0103nirea zilnic\u0103<\/strong><br \/>\n<strong>\u2014 Ingredientele din carne \u0219i pe\u0219te nr. 1 \u00een compozi\u021bie<\/strong><br \/>\n<strong>\u2014 Un amestec de tocoferoli ca antioxidant natural<\/strong><br \/>\n<strong>\u2014 Vitaminele D3, E, B1, B5, oligoelemente \u0219i aminoacizi<\/strong><br \/>\n<strong>\u2014 Omega 3 + Omega 6 pentru piele s\u0103n\u0103toas\u0103 \u0219i blan\u0103 str\u0103lucitoare<\/strong><br \/>\n<strong>\u2014 Formula INTEGRAMIX: ro\u0219ii uscate, ghimbir, p\u0103ducel \u0219i banane \u2014<\/strong><br \/>\n<strong>pentru s\u0103n\u0103tatea general\u0103 \u0219i imunitate puternic\u0103 a animalului de companie<\/strong><br \/>\n<strong>\u2014 F\u0103r\u0103 arome sau culori artificiale<\/strong>th<\/p>\n<p><strong>COMPUS:<\/strong> f\u0103in\u0103 de pui 23 %, porumb, gluten de porumb, orz, orez, f\u0103in\u0103 de pui<br \/>\nsomon 4 %, gr\u0103sime de pas\u0103re (cu adaos de tocoferoli), protein\u0103 hidrolizat\u0103<br \/>\nanimal, ulei de somon 1 %, minerale, semin\u021be de in 0,53 %, fibre de sfecl\u0103,<br \/>\ndrojdie de bere, banan\u0103* 0,23 %, ro\u0219ii* 0,2 %, p\u0103ducel* 0,065 %, ghimbir* 0,01 %;<\/p>\n<p><strong>Aditivi (la 1 kg de furaj):<\/strong> Vitamina A: 10.500 UI, Vitamina D3: 1.050 UI, Vitamina E: 525<br \/>\nmg, vitamina C: 262 mg, vitamina K3: 1,05 mg, vitamina B1: 5,2 mg, vitamina B2: 3,94 mg, D-<br \/>\nPantotenat de calciu: 4,2 mg, Niacin\u0103: 37,3 mg, Vitamina B6: 3,12 mg, Acid folic 1 mg,<br \/>\nVitamina B12: 0,14 mg, biotin\u0103: 0,07 mg, clorur\u0103 de colin\u0103 60 %: 2,4 g, zinc (E6): 88,06 mg,<br \/>\nfier (E1): 20,83 mg, mangan (E5): 22,61 mg, cupru (E4): 4,88 mg, taurin\u0103 2 108 mg,<br \/>\nantioxidanti, conservanti. * Ingrediente naturale, uscate.<\/p>\n<p><strong>PERFORMAN\u021a\u0102 GARANTAT\u0102:<\/strong> protein\u0103 brut\u0103 32 %, gr\u0103sime brut\u0103 15 %, cenu\u0219\u0103 brut\u0103<br \/>\n6,5 %, fibre brute 2,1 %, calciu 1,1 %, fosfor 0,9 %, acizi gra\u0219i omega 3 0,6<br \/>\n%, acizi gra\u0219i omega-6 3,1 %.<\/p>\n<p><strong>Valoarea energetic\u0103 (con\u021binutul caloric) la 100 g de furaj:<\/strong> 1.611,22 kJ (385,09 kcal).<\/p>\n<p>A se p\u0103stra \u00eentr-un loc \u00eentunecat \u00eentr-un recipient \u00eenchis pentru consum, la o temperatur\u0103 de la +5 \u00b0C p\u00e2n\u0103 la<br \/>\n+25 \u00b0C \u0219i umiditate relativ\u0103 nu mai mult de 75 %. Alimentele trebuie incluse \u00een diet\u0103<br \/>\ntreptat (cel pu\u021bin \u00een primele 5 zile). Furniza\u021bi animalul<br \/>\nacces constant la ap\u0103 potabil\u0103 curat\u0103 \u0219i proasp\u0103t\u0103. Standarde de hr\u0103nire individuale<br \/>\nanimalul poate varia \u00een func\u021bie de v\u00e2rst\u0103, ras\u0103, nivel de activitate \u0219i<br \/>\nmediu. Combina\u021bi hr\u0103nirea cu alimentele conservate CLUB 4<br \/>\nLABE pentru pisici adulte.<\/p>","protected":false},"excerpt":{"rendered":"<p>CLUB 4 PAWS \u041f\u0440\u0435\u043c\u0438\u0443\u043c &amp;quot;\u0421 \u041b\u043e\u0441\u043e\u0441\u0435\u043c&amp;quot;. \u041f\u043e\u043b\u043d\u043e\u0440\u0430\u0446\u0438\u043e\u043d\u043d\u044b\u0439 \u0441\u0443\u0445\u043e\u0439 \u043a\u043e\u0440\u043c \u0434\u043b\u044f \u0432\u0437\u0440\u043e\u0441\u043b\u044b\u0445 \u043a\u043e\u0448\u0435\u043a \u0425\u0440\u0443\u0441\u0442\u044f\u0449\u0438\u0435 \u0433\u0440\u0430\u043d\u0443\u043b\u044b \u0441 \u043b\u043e\u0441\u043e\u0441\u0435\u043c \u0434\u043b\u044f \u0435\u0436\u0435\u0434\u043d\u0435\u0432\u043d\u043e\u0433\u043e \u043c\u0443\u0440\u0440\u0440 \u0421\u0443\u0445\u043e\u0439 \u043f\u0440\u0435\u043c\u0438\u0443\u043c-\u0440\u0430\u0446\u0438\u043e\u043d \u0441\u043e\u0434\u0435\u0440\u0436\u0438\u0442&hellip;<\/p>","protected":false},"featured_media":91758,"comment_status":"closed","ping_status":"closed","template":"","meta":[],"product_brand":[],"product_cat":[309,193,320],"product_tag":[412,325],"class_list":{"0":"post-16835","1":"product","2":"type-product","3":"status-publish","4":"has-post-thumbnail","6":"product_cat-catfood","7":"product_cat-cat","8":"product_cat-catdry","9":"product_tag-club-4-paws","10":"product_tag-suhoj-korm","11":"pa_age-pet-vzroslyj","12":"pa_brand-club-4-paws","13":"pa_feed-class-premium","14":"pa_meat-ingredients-losos","15":"pa_packaging-meshok","16":"pa_pet-koshka","17":"pa_pet-feature-zdorovyj-pitomecz","18":"pa_type-feed-suhoj-korm","19":"pa_weight-14-kg","21":"first","22":"instock","23":"product-type-simple"},"yoast_head":"<!-- This site is optimized with the Yoast SEO Premium plugin v23.7 (Yoast SEO v27.5) - https:\/\/yoast.com\/product\/yoast-seo-premium-wordpress\/ -->\n<title>CLUB 4 PAWS \u041f\u0440\u0435\u043c\u0438\u0443\u043c \u0421\u0443\u0445\u043e\u0439 \u043a\u043e\u0440\u043c \u0434\u043b\u044f \u0432\u0437\u0440\u043e\u0441\u043b\u044b\u0445 \u043a\u043e\u0448\u0435\u043a \u0441 \u043b\u043e\u0441\u043e\u0441\u0435\u043c. 14 \u043a\u0433<\/title>\n<meta name=\"description\" content=\"\u041a\u0443\u043f\u0438\u0442\u044c CLUB 4 PAWS \u041f\u0440\u0435\u043c\u0438\u0443\u043c \u0421\u0443\u0445\u043e\u0439 \u043a\u043e\u0440\u043c \u0434\u043b\u044f \u0432\u0437\u0440\u043e\u0441\u043b\u044b\u0445 \u043a\u043e\u0448\u0435\u043a \u0441 \u043b\u043e\u0441\u043e\u0441\u0435\u043c. 14 \u043a\u0433 \u0441 \u0434\u043e\u0441\u0442\u0430\u0432\u043a\u043e\u0439 \u043f\u043e \u041a\u0438\u0448\u0438\u043d\u0435\u0432\u0443 \u0438 \u0432\u0441\u0435\u0439 \u041c\u043e\u043b\u0434\u043e\u0432\u0435 \u043d\u0430 Pet24\" \/>\n<meta name=\"robots\" content=\"index, follow, max-snippet:-1, max-image-preview:large, max-video-preview:-1\" \/>\n<link rel=\"canonical\" href=\"https:\/\/pet24.md\/ro\/produs\/club-4-paws-premium-cuhoj-korm-dlya-vzroslyh-koshe-7\/\" \/>\n<meta property=\"og:locale\" content=\"ro_RO\" \/>\n<meta property=\"og:type\" content=\"article\" \/>\n<meta property=\"og:title\" content=\"CLUB 4 PAWS \u041f\u0440\u0435\u043c\u0438\u0443\u043c \u0421\u0443\u0445\u043e\u0439 \u043a\u043e\u0440\u043c \u0434\u043b\u044f \u0432\u0437\u0440\u043e\u0441\u043b\u044b\u0445 \u043a\u043e\u0448\u0435\u043a \u0441 \u043b\u043e\u0441\u043e\u0441\u0435\u043c. 14 \u043a\u0433\" \/>\n<meta property=\"og:description\" content=\"\u041a\u0443\u043f\u0438\u0442\u044c CLUB 4 PAWS \u041f\u0440\u0435\u043c\u0438\u0443\u043c \u0421\u0443\u0445\u043e\u0439 \u043a\u043e\u0440\u043c \u0434\u043b\u044f \u0432\u0437\u0440\u043e\u0441\u043b\u044b\u0445 \u043a\u043e\u0448\u0435\u043a \u0441 \u043b\u043e\u0441\u043e\u0441\u0435\u043c. 14 \u043a\u0433 \u0441 \u0434\u043e\u0441\u0442\u0430\u0432\u043a\u043e\u0439 \u043f\u043e \u041a\u0438\u0448\u0438\u043d\u0435\u0432\u0443 \u0438 \u0432\u0441\u0435\u0439 \u041c\u043e\u043b\u0434\u043e\u0432\u0435 \u043d\u0430 Pet24\" \/>\n<meta property=\"og:url\" content=\"https:\/\/pet24.md\/ro\/produs\/club-4-paws-premium-cuhoj-korm-dlya-vzroslyh-koshe-7\/\" \/>\n<meta property=\"og:site_name\" content=\"Pet24\" \/>\n<meta property=\"article:publisher\" content=\"https:\/\/www.facebook.com\/pet24.md\" \/>\n<meta property=\"article:modified_time\" content=\"2024-09-22T22:10:55+00:00\" \/>\n<meta property=\"og:image\" content=\"https:\/\/pet24.md\/wp-content\/uploads\/2023\/01\/dlya-vzroslyh-koshek-s-lososem.png\" \/>\n\t<meta property=\"og:image:width\" content=\"600\" \/>\n\t<meta property=\"og:image:height\" content=\"600\" \/>\n\t<meta property=\"og:image:type\" content=\"image\/png\" \/>\n<meta name=\"twitter:card\" content=\"summary_large_image\" \/>\n<script type=\"application\/ld+json\" class=\"yoast-schema-graph\">{\"@context\":\"https:\\\/\\\/schema.org\",\"@graph\":[{\"@type\":\"WebPage\",\"@id\":\"https:\\\/\\\/pet24.md\\\/product\\\/club-4-paws-premium-cuhoj-korm-dlya-vzroslyh-koshe-7\\\/\",\"url\":\"https:\\\/\\\/pet24.md\\\/product\\\/club-4-paws-premium-cuhoj-korm-dlya-vzroslyh-koshe-7\\\/\",\"name\":\"CLUB 4 PAWS \u041f\u0440\u0435\u043c\u0438\u0443\u043c \u0421\u0443\u0445\u043e\u0439 \u043a\u043e\u0440\u043c \u0434\u043b\u044f \u0432\u0437\u0440\u043e\u0441\u043b\u044b\u0445 \u043a\u043e\u0448\u0435\u043a \u0441 \u043b\u043e\u0441\u043e\u0441\u0435\u043c. 14 \u043a\u0433\",\"isPartOf\":{\"@id\":\"https:\\\/\\\/pet24.md\\\/#website\"},\"primaryImageOfPage\":{\"@id\":\"https:\\\/\\\/pet24.md\\\/product\\\/club-4-paws-premium-cuhoj-korm-dlya-vzroslyh-koshe-7\\\/#primaryimage\"},\"image\":{\"@id\":\"https:\\\/\\\/pet24.md\\\/product\\\/club-4-paws-premium-cuhoj-korm-dlya-vzroslyh-koshe-7\\\/#primaryimage\"},\"thumbnailUrl\":\"https:\\\/\\\/pet24.md\\\/wp-content\\\/uploads\\\/2023\\\/01\\\/dlya-vzroslyh-koshek-s-lososem.png\",\"datePublished\":\"2023-01-06T19:33:38+00:00\",\"dateModified\":\"2024-09-22T22:10:55+00:00\",\"description\":\"\u041a\u0443\u043f\u0438\u0442\u044c CLUB 4 PAWS \u041f\u0440\u0435\u043c\u0438\u0443\u043c \u0421\u0443\u0445\u043e\u0439 \u043a\u043e\u0440\u043c \u0434\u043b\u044f \u0432\u0437\u0440\u043e\u0441\u043b\u044b\u0445 \u043a\u043e\u0448\u0435\u043a \u0441 \u043b\u043e\u0441\u043e\u0441\u0435\u043c. 14 \u043a\u0433 \u0441 \u0434\u043e\u0441\u0442\u0430\u0432\u043a\u043e\u0439 \u043f\u043e \u041a\u0438\u0448\u0438\u043d\u0435\u0432\u0443 \u0438 \u0432\u0441\u0435\u0439 \u041c\u043e\u043b\u0434\u043e\u0432\u0435 \u043d\u0430 Pet24\",\"breadcrumb\":{\"@id\":\"https:\\\/\\\/pet24.md\\\/product\\\/club-4-paws-premium-cuhoj-korm-dlya-vzroslyh-koshe-7\\\/#breadcrumb\"},\"inLanguage\":\"ro-RO\",\"potentialAction\":[{\"@type\":\"ReadAction\",\"target\":[\"https:\\\/\\\/pet24.md\\\/product\\\/club-4-paws-premium-cuhoj-korm-dlya-vzroslyh-koshe-7\\\/\"]}]},{\"@type\":\"ImageObject\",\"inLanguage\":\"ro-RO\",\"@id\":\"https:\\\/\\\/pet24.md\\\/product\\\/club-4-paws-premium-cuhoj-korm-dlya-vzroslyh-koshe-7\\\/#primaryimage\",\"url\":\"https:\\\/\\\/pet24.md\\\/wp-content\\\/uploads\\\/2023\\\/01\\\/dlya-vzroslyh-koshek-s-lososem.png\",\"contentUrl\":\"https:\\\/\\\/pet24.md\\\/wp-content\\\/uploads\\\/2023\\\/01\\\/dlya-vzroslyh-koshek-s-lososem.png\",\"width\":600,\"height\":600},{\"@type\":\"BreadcrumbList\",\"@id\":\"https:\\\/\\\/pet24.md\\\/product\\\/club-4-paws-premium-cuhoj-korm-dlya-vzroslyh-koshe-7\\\/#breadcrumb\",\"itemListElement\":[{\"@type\":\"ListItem\",\"position\":1,\"name\":\"\u0413\u043b\u0430\u0432\u043d\u0430\u044f \u0441\u0442\u0440\u0430\u043d\u0438\u0446\u0430\",\"item\":\"https:\\\/\\\/pet24.md\\\/\"},{\"@type\":\"ListItem\",\"position\":2,\"name\":\"\u041c\u0430\u0433\u0430\u0437\u0438\u043d\",\"item\":\"https:\\\/\\\/pet24.md\\\/shop\\\/\"},{\"@type\":\"ListItem\",\"position\":3,\"name\":\"CLUB 4 PAWS \u041f\u0440\u0435\u043c\u0438\u0443\u043c \u0421\u0443\u0445\u043e\u0439 \u043a\u043e\u0440\u043c \u0434\u043b\u044f \u0432\u0437\u0440\u043e\u0441\u043b\u044b\u0445 \u043a\u043e\u0448\u0435\u043a \u0441 \u043b\u043e\u0441\u043e\u0441\u0435\u043c. 14 \u043a\u0433\"}]},{\"@type\":\"WebSite\",\"@id\":\"https:\\\/\\\/pet24.md\\\/#website\",\"url\":\"https:\\\/\\\/pet24.md\\\/\",\"name\":\"Pet24\",\"description\":\"\u0417\u043e\u043e\u043c\u0430\u0433\u0430\u0437\u0438\u043d \u0442\u043e\u0432\u0430\u0440\u043e\u0432 \u0434\u043b\u044f \u0434\u043e\u043c\u0430\u0448\u043d\u0438\u0445 \u043f\u0438\u0442\u043e\u043c\u0446\u0435\u0432\",\"publisher\":{\"@id\":\"https:\\\/\\\/pet24.md\\\/#organization\"},\"potentialAction\":[{\"@type\":\"SearchAction\",\"target\":{\"@type\":\"EntryPoint\",\"urlTemplate\":\"https:\\\/\\\/pet24.md\\\/?s={search_term_string}\"},\"query-input\":{\"@type\":\"PropertyValueSpecification\",\"valueRequired\":true,\"valueName\":\"search_term_string\"}}],\"inLanguage\":\"ro-RO\"},{\"@type\":\"Organization\",\"@id\":\"https:\\\/\\\/pet24.md\\\/#organization\",\"name\":\"Pet24\",\"url\":\"https:\\\/\\\/pet24.md\\\/\",\"logo\":{\"@type\":\"ImageObject\",\"inLanguage\":\"ro-RO\",\"@id\":\"https:\\\/\\\/pet24.md\\\/#\\\/schema\\\/logo\\\/image\\\/\",\"url\":\"https:\\\/\\\/pet24.md\\\/wp-content\\\/uploads\\\/2024\\\/09\\\/logo.svg\",\"contentUrl\":\"https:\\\/\\\/pet24.md\\\/wp-content\\\/uploads\\\/2024\\\/09\\\/logo.svg\",\"width\":215,\"height\":66,\"caption\":\"Pet24\"},\"image\":{\"@id\":\"https:\\\/\\\/pet24.md\\\/#\\\/schema\\\/logo\\\/image\\\/\"},\"sameAs\":[\"https:\\\/\\\/www.facebook.com\\\/pet24.md\",\"https:\\\/\\\/www.instagram.com\\\/pet24.md\\\/\"],\"telephone\":\"+37360508880\"}]}<\/script>\n<!-- \/ Yoast SEO Premium plugin. -->","yoast_head_json":{"title":"CLUB 4 PAWS Premium Hrana uscata pentru pisici adulte cu somon. 14 kg","description":"\u041a\u0443\u043f\u0438\u0442\u044c CLUB 4 PAWS \u041f\u0440\u0435\u043c\u0438\u0443\u043c \u0421\u0443\u0445\u043e\u0439 \u043a\u043e\u0440\u043c \u0434\u043b\u044f \u0432\u0437\u0440\u043e\u0441\u043b\u044b\u0445 \u043a\u043e\u0448\u0435\u043a \u0441 \u043b\u043e\u0441\u043e\u0441\u0435\u043c. 14 \u043a\u0433 \u0441 \u0434\u043e\u0441\u0442\u0430\u0432\u043a\u043e\u0439 \u043f\u043e \u041a\u0438\u0448\u0438\u043d\u0435\u0432\u0443 \u0438 \u0432\u0441\u0435\u0439 \u041c\u043e\u043b\u0434\u043e\u0432\u0435 \u043d\u0430 Pet24","robots":{"index":"index","follow":"follow","max-snippet":"max-snippet:-1","max-image-preview":"max-image-preview:large","max-video-preview":"max-video-preview:-1"},"canonical":"https:\/\/pet24.md\/ro\/produs\/club-4-paws-premium-cuhoj-korm-dlya-vzroslyh-koshe-7\/","og_locale":"ro_RO","og_type":"article","og_title":"CLUB 4 PAWS \u041f\u0440\u0435\u043c\u0438\u0443\u043c \u0421\u0443\u0445\u043e\u0439 \u043a\u043e\u0440\u043c \u0434\u043b\u044f \u0432\u0437\u0440\u043e\u0441\u043b\u044b\u0445 \u043a\u043e\u0448\u0435\u043a \u0441 \u043b\u043e\u0441\u043e\u0441\u0435\u043c. 14 \u043a\u0433","og_description":"\u041a\u0443\u043f\u0438\u0442\u044c CLUB 4 PAWS \u041f\u0440\u0435\u043c\u0438\u0443\u043c \u0421\u0443\u0445\u043e\u0439 \u043a\u043e\u0440\u043c \u0434\u043b\u044f \u0432\u0437\u0440\u043e\u0441\u043b\u044b\u0445 \u043a\u043e\u0448\u0435\u043a \u0441 \u043b\u043e\u0441\u043e\u0441\u0435\u043c. 14 \u043a\u0433 \u0441 \u0434\u043e\u0441\u0442\u0430\u0432\u043a\u043e\u0439 \u043f\u043e \u041a\u0438\u0448\u0438\u043d\u0435\u0432\u0443 \u0438 \u0432\u0441\u0435\u0439 \u041c\u043e\u043b\u0434\u043e\u0432\u0435 \u043d\u0430 Pet24","og_url":"https:\/\/pet24.md\/ro\/produs\/club-4-paws-premium-cuhoj-korm-dlya-vzroslyh-koshe-7\/","og_site_name":"Pet24","article_publisher":"https:\/\/www.facebook.com\/pet24.md","article_modified_time":"2024-09-22T22:10:55+00:00","og_image":[{"width":600,"height":600,"url":"https:\/\/pet24.md\/wp-content\/uploads\/2023\/01\/dlya-vzroslyh-koshek-s-lososem.png","type":"image\/png"}],"twitter_card":"summary_large_image","schema":{"@context":"https:\/\/schema.org","@graph":[{"@type":"WebPage","@id":"https:\/\/pet24.md\/product\/club-4-paws-premium-cuhoj-korm-dlya-vzroslyh-koshe-7\/","url":"https:\/\/pet24.md\/product\/club-4-paws-premium-cuhoj-korm-dlya-vzroslyh-koshe-7\/","name":"CLUB 4 PAWS Premium Hrana uscata pentru pisici adulte cu somon. 14 kg","isPartOf":{"@id":"https:\/\/pet24.md\/#website"},"primaryImageOfPage":{"@id":"https:\/\/pet24.md\/product\/club-4-paws-premium-cuhoj-korm-dlya-vzroslyh-koshe-7\/#primaryimage"},"image":{"@id":"https:\/\/pet24.md\/product\/club-4-paws-premium-cuhoj-korm-dlya-vzroslyh-koshe-7\/#primaryimage"},"thumbnailUrl":"https:\/\/pet24.md\/wp-content\/uploads\/2023\/01\/dlya-vzroslyh-koshek-s-lososem.png","datePublished":"2023-01-06T19:33:38+00:00","dateModified":"2024-09-22T22:10:55+00:00","description":"\u041a\u0443\u043f\u0438\u0442\u044c CLUB 4 PAWS \u041f\u0440\u0435\u043c\u0438\u0443\u043c \u0421\u0443\u0445\u043e\u0439 \u043a\u043e\u0440\u043c \u0434\u043b\u044f \u0432\u0437\u0440\u043e\u0441\u043b\u044b\u0445 \u043a\u043e\u0448\u0435\u043a \u0441 \u043b\u043e\u0441\u043e\u0441\u0435\u043c. 14 \u043a\u0433 \u0441 \u0434\u043e\u0441\u0442\u0430\u0432\u043a\u043e\u0439 \u043f\u043e \u041a\u0438\u0448\u0438\u043d\u0435\u0432\u0443 \u0438 \u0432\u0441\u0435\u0439 \u041c\u043e\u043b\u0434\u043e\u0432\u0435 \u043d\u0430 Pet24","breadcrumb":{"@id":"https:\/\/pet24.md\/product\/club-4-paws-premium-cuhoj-korm-dlya-vzroslyh-koshe-7\/#breadcrumb"},"inLanguage":"ro-RO","potentialAction":[{"@type":"ReadAction","target":["https:\/\/pet24.md\/product\/club-4-paws-premium-cuhoj-korm-dlya-vzroslyh-koshe-7\/"]}]},{"@type":"ImageObject","inLanguage":"ro-RO","@id":"https:\/\/pet24.md\/product\/club-4-paws-premium-cuhoj-korm-dlya-vzroslyh-koshe-7\/#primaryimage","url":"https:\/\/pet24.md\/wp-content\/uploads\/2023\/01\/dlya-vzroslyh-koshek-s-lososem.png","contentUrl":"https:\/\/pet24.md\/wp-content\/uploads\/2023\/01\/dlya-vzroslyh-koshek-s-lososem.png","width":600,"height":600},{"@type":"BreadcrumbList","@id":"https:\/\/pet24.md\/product\/club-4-paws-premium-cuhoj-korm-dlya-vzroslyh-koshe-7\/#breadcrumb","itemListElement":[{"@type":"ListItem","position":1,"name":"\u0413\u043b\u0430\u0432\u043d\u0430\u044f \u0441\u0442\u0440\u0430\u043d\u0438\u0446\u0430","item":"https:\/\/pet24.md\/"},{"@type":"ListItem","position":2,"name":"\u041c\u0430\u0433\u0430\u0437\u0438\u043d","item":"https:\/\/pet24.md\/shop\/"},{"@type":"ListItem","position":3,"name":"CLUB 4 PAWS \u041f\u0440\u0435\u043c\u0438\u0443\u043c \u0421\u0443\u0445\u043e\u0439 \u043a\u043e\u0440\u043c \u0434\u043b\u044f \u0432\u0437\u0440\u043e\u0441\u043b\u044b\u0445 \u043a\u043e\u0448\u0435\u043a \u0441 \u043b\u043e\u0441\u043e\u0441\u0435\u043c. 14 \u043a\u0433"}]},{"@type":"WebSite","@id":"https:\/\/pet24.md\/#website","url":"https:\/\/pet24.md\/","name":"Pet24","description":"Magazin de animale de companie","publisher":{"@id":"https:\/\/pet24.md\/#organization"},"potentialAction":[{"@type":"SearchAction","target":{"@type":"EntryPoint","urlTemplate":"https:\/\/pet24.md\/?s={search_term_string}"},"query-input":{"@type":"PropertyValueSpecification","valueRequired":true,"valueName":"search_term_string"}}],"inLanguage":"ro-RO"},{"@type":"Organization","@id":"https:\/\/pet24.md\/#organization","name":"Pet24","url":"https:\/\/pet24.md\/","logo":{"@type":"ImageObject","inLanguage":"ro-RO","@id":"https:\/\/pet24.md\/#\/schema\/logo\/image\/","url":"https:\/\/pet24.md\/wp-content\/uploads\/2024\/09\/logo.svg","contentUrl":"https:\/\/pet24.md\/wp-content\/uploads\/2024\/09\/logo.svg","width":215,"height":66,"caption":"Pet24"},"image":{"@id":"https:\/\/pet24.md\/#\/schema\/logo\/image\/"},"sameAs":["https:\/\/www.facebook.com\/pet24.md","https:\/\/www.instagram.com\/pet24.md\/"],"telephone":"+37360508880"}]}},"_links":{"self":[{"href":"https:\/\/pet24.md\/ro\/wp-json\/wp\/v2\/product\/16835","targetHints":{"allow":["GET"]}}],"collection":[{"href":"https:\/\/pet24.md\/ro\/wp-json\/wp\/v2\/product"}],"about":[{"href":"https:\/\/pet24.md\/ro\/wp-json\/wp\/v2\/types\/product"}],"replies":[{"embeddable":true,"href":"https:\/\/pet24.md\/ro\/wp-json\/wp\/v2\/comments?post=16835"}],"wp:featuredmedia":[{"embeddable":true,"href":"https:\/\/pet24.md\/ro\/wp-json\/wp\/v2\/media\/91758"}],"wp:attachment":[{"href":"https:\/\/pet24.md\/ro\/wp-json\/wp\/v2\/media?parent=16835"}],"wp:term":[{"taxonomy":"product_brand","embeddable":true,"href":"https:\/\/pet24.md\/ro\/wp-json\/wp\/v2\/product_brand?post=16835"},{"taxonomy":"product_cat","embeddable":true,"href":"https:\/\/pet24.md\/ro\/wp-json\/wp\/v2\/product_cat?post=16835"},{"taxonomy":"product_tag","embeddable":true,"href":"https:\/\/pet24.md\/ro\/wp-json\/wp\/v2\/product_tag?post=16835"}],"curies":[{"name":"wp","href":"https:\/\/api.w.org\/{rel}","templated":true}]}}