{"id":19522,"date":"2023-01-19T19:23:53","date_gmt":"2023-01-19T19:23:53","guid":{"rendered":"https:\/\/pet24.md\/?post_type=product&#038;p=19522"},"modified":"2024-09-22T22:11:25","modified_gmt":"2024-09-22T22:11:25","slug":"optimeal-nizkozernovoj-polnoraczionnyj-su-copy-copy","status":"publish","type":"product","link":"https:\/\/pet24.md\/ro\/produs\/optimeal-nizkozernovoj-polnoraczionnyj-su-copy-copy\/","title":{"rendered":"OPTIMEAL\u2122. Hrana umeda pentru caini adulti, miel si spanac in sos, 12x85 g"},"content":{"rendered":"<h3>Hrana umeda OPTIMEAL\u2122 pentru caini adulti cu miel si spanac in sos \u2013 0,085 kg<\/h3>\n<h4>O alegere excelent\u0103 pentru s\u0103n\u0103tatea \u0219i vitalitatea c\u00e2inelui t\u0103u<\/h4>\n<p>Hrana umeda OPTIMEAL\u2122 pentru miel si spanac in sos este special formulata pentru a oferi hrana completa si echilibrata cainilor adulti. Con\u021binutul ridicat de ap\u0103 purificat\u0103 promoveaz\u0103 un sistem urinar s\u0103n\u0103tos, \u00een timp ce proteinele de miel de \u00eenalt\u0103 calitate \u0219i ingredientele naturale sus\u021bin s\u0103n\u0103tatea general\u0103 \u0219i bun\u0103starea c\u00e2inelui t\u0103u.<\/p>\n<h4>Beneficii nutri\u021bionale:<\/h4>\n<ul>\n<li><strong>Con\u021binut ridicat de ap\u0103 purificat\u0103:<\/strong> Ajut\u0103 la men\u021binerea unui sistem urinar s\u0103n\u0103tos, oferind o hidratare adecvat\u0103.<\/li>\n<li><strong>Proteine de \u00eenalt\u0103 calitate:<\/strong> Mielul proasp\u0103t ofer\u0103 proteine animale u\u0219or digerabile, promov\u00e2nd o digestie s\u0103n\u0103toas\u0103 \u0219i construind o mas\u0103 muscular\u0103 puternic\u0103.<\/li>\n<li><strong>Amestec unic de sprijin imunitar:<\/strong> Con\u021bine ierburi benefice, fructe de p\u0103dure, prebiotice \u0219i complexe care stimuleaz\u0103 sistemul imunitar, oferind protec\u021bie optim\u0103 \u00eempotriva bolilor.<\/li>\n<li><strong>Omega-3 \u0219i Omega-6, zinc \u0219i biotin\u0103:<\/strong> : Mentine pielea sanatoasa si promoveaza o blana stralucitoare si sanatoasa.<\/li>\n<li><strong>Proteine de origine animal\u0103:<\/strong> Con\u021bine proteine animale 99.6%, oferind o surs\u0103 bogat\u0103 \u0219i complet\u0103 de nutrien\u021bi esen\u021biali.<\/li>\n<\/ul>\n<h4>Ingrediente:<\/h4>\n<ul>\n<li><strong>Miel proasp\u0103t:<\/strong> Sursa principal\u0103 de proteine de \u00eenalt\u0103 calitate, u\u0219or digerabile.<\/li>\n<li><strong>Spanac:<\/strong> Ofer\u0103 vitamine \u0219i minerale esen\u021biale pentru s\u0103n\u0103tatea general\u0103.<\/li>\n<li><strong>Ierburi \u0219i fructe de p\u0103dure utile:<\/strong> Ajut\u0103 la \u00eent\u0103rirea sistemului imunitar \u0219i a s\u0103n\u0103t\u0103\u021bii generale.<\/li>\n<li><strong>Prebiotice:<\/strong> Normalizeaz\u0103 echilibrul microflorei intestinale benefice, asigur\u00e2nd o digestie s\u0103n\u0103toas\u0103.<\/li>\n<li><strong>Complexe pentru sprijinirea imunit\u0103\u021bii:<\/strong> Beta-glucani special purifica\u021bi \u0219i antioxidan\u021bi naturali pe baz\u0103 de rozmarin.<\/li>\n<\/ul>\n<h4>Compozi\u021bia analitic\u0103:<\/h4>\n<ul>\n<li><strong>Proteine:<\/strong> 84.32% de origine animal\u0103<\/li>\n<li><strong>Acizi gra\u0219i Omega-3 \u0219i Omega-6:<\/strong> Promoveaz\u0103 pielea \u0219i blana s\u0103n\u0103toas\u0103.<\/li>\n<li><strong>Zinc \u0219i biotin\u0103:<\/strong> Sus\u021bine pielea \u0219i blana s\u0103n\u0103toas\u0103.<\/li>\n<li><strong>Fibre brute:<\/strong> Ofer\u0103 o digestie s\u0103n\u0103toas\u0103.<\/li>\n<li><strong>Umiditate:<\/strong> Ridicat pentru o hidratare optim\u0103.<\/li>\n<\/ul>\n<p>Alege\u021bi sosul de miel \u0219i spanac OPTIMEAL\u2122 pentru c\u00e2inele dvs. \u0219i ofer\u0103-i o diet\u0103 complet\u0103 \u0219i echilibrat\u0103, care \u00eei va sus\u021bine s\u0103n\u0103tatea \u0219i vitalitatea pe termen lung!<\/p>","protected":false},"excerpt":{"rendered":"<p>OPTIMEAL\u2122 \u0412\u043b\u0430\u0436\u043d\u044b\u0439 \u041a\u043e\u0440\u043c \u0434\u043b\u044f \u0412\u0437\u0440\u043e\u0441\u043b\u044b\u0445 \u0421\u043e\u0431\u0430\u043a \u0441 \u042f\u0433\u043d\u0435\u043d\u043a\u043e\u043c \u0438 \u0428\u043f\u0438\u043d\u0430\u0442\u043e\u043c \u0432 \u0421\u043e\u0443\u0441\u0435 \u2013 0,085 \u043a\u0433 \u041e\u0442\u043b\u0438\u0447\u043d\u044b\u0439 \u0412\u044b\u0431\u043e\u0440 \u0434\u043b\u044f \u0417\u0434\u043e\u0440\u043e\u0432\u044c\u044f \u0438 \u0416\u0438\u0437\u043d\u0435\u043d\u043d\u043e\u0439 \u0421\u0438\u043b\u044b&hellip;<\/p>","protected":false},"featured_media":89952,"comment_status":"closed","ping_status":"closed","template":"","meta":[],"product_brand":[],"product_cat":[136,294,293],"product_tag":[321,338,353,240,296,324,372,351],"class_list":{"0":"post-19522","1":"product","2":"type-product","3":"status-publish","4":"has-post-thumbnail","6":"product_cat-dog","7":"product_cat-dogwet","8":"product_cat-dogfood","9":"product_tag-optimeal","10":"product_tag-optimeal-sobakam","11":"product_tag-bezzernovoj","12":"product_tag-vzroslaya-sobaka","13":"product_tag-vlazhnyj-korm","14":"product_tag-kuricza","15":"product_tag-malaya-paroda","16":"product_tag-telyatina","17":"pa_age-pet-vzroslyj","18":"pa_brand-optimeal","19":"pa_breed-size-dlya-vseh-porod","20":"pa_feed-class-super-premium","21":"pa_meat-ingredients-yagnyonok","22":"pa_packaging-pauchi","23":"pa_pet-sobaka","24":"pa_pet-feature-zdorovyj-pitomecz","25":"pa_type-feed-vlazhnyj-korm","26":"pa_weight-85-gr","28":"first","29":"outofstock","30":"product-type-simple"},"yoast_head":"<!-- This site is optimized with the Yoast SEO Premium plugin v23.7 (Yoast SEO v27.6) - https:\/\/yoast.com\/product\/yoast-seo-premium-wordpress\/ -->\n<title>OPTIMEAL\u2122. \u0412\u043b\u0430\u0436\u043d\u044b\u0439 \u043a\u043e\u0440\u043c \u0434\u043b\u044f \u0432\u0437\u0440\u043e\u0441\u043b\u044b\u0445 \u0441\u043e\u0431\u0430\u043a, \u044f\u0433\u043d\u0435\u043d\u043e\u043a \u0438 \u0448\u043f\u0438\u043d\u0430\u0442 \u0432 \u0441\u043e\u0443\u0441\u0435, 12x85 \u0433<\/title>\n<meta name=\"description\" content=\"\u041a\u0443\u043f\u0438\u0442\u044c OPTIMEAL\u2122. \u0412\u043b\u0430\u0436\u043d\u044b\u0439 \u043a\u043e\u0440\u043c \u0434\u043b\u044f \u0432\u0437\u0440\u043e\u0441\u043b\u044b\u0445 \u0441\u043e\u0431\u0430\u043a, \u044f\u0433\u043d\u0435\u043d\u043e\u043a \u0438 \u0448\u043f\u0438\u043d\u0430\u0442 \u0432 \u0441\u043e\u0443\u0441\u0435, 12x85 \u0433 \u0441 \u0434\u043e\u0441\u0442\u0430\u0432\u043a\u043e\u0439 \u043f\u043e \u041a\u0438\u0448\u0438\u043d\u0435\u0432\u0443 \u0438 \u0432\u0441\u0435\u0439 \u041c\u043e\u043b\u0434\u043e\u0432\u0435 \u043d\u0430 Pet24\" \/>\n<meta name=\"robots\" content=\"index, follow, max-snippet:-1, max-image-preview:large, max-video-preview:-1\" \/>\n<link rel=\"canonical\" href=\"https:\/\/pet24.md\/ro\/produs\/optimeal-nizkozernovoj-polnoraczionnyj-su-copy-copy\/\" \/>\n<meta property=\"og:locale\" content=\"ro_RO\" \/>\n<meta property=\"og:type\" content=\"article\" \/>\n<meta property=\"og:title\" content=\"OPTIMEAL\u2122. \u0412\u043b\u0430\u0436\u043d\u044b\u0439 \u043a\u043e\u0440\u043c \u0434\u043b\u044f \u0432\u0437\u0440\u043e\u0441\u043b\u044b\u0445 \u0441\u043e\u0431\u0430\u043a, \u044f\u0433\u043d\u0435\u043d\u043e\u043a \u0438 \u0448\u043f\u0438\u043d\u0430\u0442 \u0432 \u0441\u043e\u0443\u0441\u0435, 12x85 \u0433\" \/>\n<meta property=\"og:description\" content=\"\u041a\u0443\u043f\u0438\u0442\u044c OPTIMEAL\u2122. \u0412\u043b\u0430\u0436\u043d\u044b\u0439 \u043a\u043e\u0440\u043c \u0434\u043b\u044f \u0432\u0437\u0440\u043e\u0441\u043b\u044b\u0445 \u0441\u043e\u0431\u0430\u043a, \u044f\u0433\u043d\u0435\u043d\u043e\u043a \u0438 \u0448\u043f\u0438\u043d\u0430\u0442 \u0432 \u0441\u043e\u0443\u0441\u0435, 12x85 \u0433 \u0441 \u0434\u043e\u0441\u0442\u0430\u0432\u043a\u043e\u0439 \u043f\u043e \u041a\u0438\u0448\u0438\u043d\u0435\u0432\u0443 \u0438 \u0432\u0441\u0435\u0439 \u041c\u043e\u043b\u0434\u043e\u0432\u0435 \u043d\u0430 Pet24\" \/>\n<meta property=\"og:url\" content=\"https:\/\/pet24.md\/ro\/produs\/optimeal-nizkozernovoj-polnoraczionnyj-su-copy-copy\/\" \/>\n<meta property=\"og:site_name\" content=\"Pet24\" \/>\n<meta property=\"article:publisher\" content=\"https:\/\/www.facebook.com\/pet24.md\" \/>\n<meta property=\"article:modified_time\" content=\"2024-09-22T22:11:25+00:00\" \/>\n<meta property=\"og:image\" content=\"https:\/\/pet24.md\/wp-content\/uploads\/2024\/09\/optimeal-\u2122-vlazhnyj-korm-dlya-vzroslyh-sobak-c-yagnenkom-i-shpinatom-v-souse-upakovka-12-sht0085-kg.webp\" \/>\n\t<meta property=\"og:image:width\" content=\"537\" \/>\n\t<meta property=\"og:image:height\" content=\"600\" \/>\n\t<meta property=\"og:image:type\" content=\"image\/webp\" \/>\n<meta name=\"twitter:card\" content=\"summary_large_image\" \/>\n<script type=\"application\/ld+json\" class=\"yoast-schema-graph\">{\"@context\":\"https:\\\/\\\/schema.org\",\"@graph\":[{\"@type\":\"WebPage\",\"@id\":\"https:\\\/\\\/pet24.md\\\/product\\\/optimeal-nizkozernovoj-polnoraczionnyj-su-copy-copy\\\/\",\"url\":\"https:\\\/\\\/pet24.md\\\/product\\\/optimeal-nizkozernovoj-polnoraczionnyj-su-copy-copy\\\/\",\"name\":\"OPTIMEAL\u2122. \u0412\u043b\u0430\u0436\u043d\u044b\u0439 \u043a\u043e\u0440\u043c \u0434\u043b\u044f \u0432\u0437\u0440\u043e\u0441\u043b\u044b\u0445 \u0441\u043e\u0431\u0430\u043a, \u044f\u0433\u043d\u0435\u043d\u043e\u043a \u0438 \u0448\u043f\u0438\u043d\u0430\u0442 \u0432 \u0441\u043e\u0443\u0441\u0435, 12x85 \u0433\",\"isPartOf\":{\"@id\":\"https:\\\/\\\/pet24.md\\\/#website\"},\"primaryImageOfPage\":{\"@id\":\"https:\\\/\\\/pet24.md\\\/product\\\/optimeal-nizkozernovoj-polnoraczionnyj-su-copy-copy\\\/#primaryimage\"},\"image\":{\"@id\":\"https:\\\/\\\/pet24.md\\\/product\\\/optimeal-nizkozernovoj-polnoraczionnyj-su-copy-copy\\\/#primaryimage\"},\"thumbnailUrl\":\"https:\\\/\\\/pet24.md\\\/wp-content\\\/uploads\\\/2024\\\/09\\\/optimeal-\u2122-vlazhnyj-korm-dlya-vzroslyh-sobak-c-yagnenkom-i-shpinatom-v-souse-upakovka-12-sht0085-kg.webp\",\"datePublished\":\"2023-01-19T19:23:53+00:00\",\"dateModified\":\"2024-09-22T22:11:25+00:00\",\"description\":\"\u041a\u0443\u043f\u0438\u0442\u044c OPTIMEAL\u2122. \u0412\u043b\u0430\u0436\u043d\u044b\u0439 \u043a\u043e\u0440\u043c \u0434\u043b\u044f \u0432\u0437\u0440\u043e\u0441\u043b\u044b\u0445 \u0441\u043e\u0431\u0430\u043a, \u044f\u0433\u043d\u0435\u043d\u043e\u043a \u0438 \u0448\u043f\u0438\u043d\u0430\u0442 \u0432 \u0441\u043e\u0443\u0441\u0435, 12x85 \u0433 \u0441 \u0434\u043e\u0441\u0442\u0430\u0432\u043a\u043e\u0439 \u043f\u043e \u041a\u0438\u0448\u0438\u043d\u0435\u0432\u0443 \u0438 \u0432\u0441\u0435\u0439 \u041c\u043e\u043b\u0434\u043e\u0432\u0435 \u043d\u0430 Pet24\",\"breadcrumb\":{\"@id\":\"https:\\\/\\\/pet24.md\\\/product\\\/optimeal-nizkozernovoj-polnoraczionnyj-su-copy-copy\\\/#breadcrumb\"},\"inLanguage\":\"ro-RO\",\"potentialAction\":[{\"@type\":\"ReadAction\",\"target\":[\"https:\\\/\\\/pet24.md\\\/product\\\/optimeal-nizkozernovoj-polnoraczionnyj-su-copy-copy\\\/\"]}]},{\"@type\":\"ImageObject\",\"inLanguage\":\"ro-RO\",\"@id\":\"https:\\\/\\\/pet24.md\\\/product\\\/optimeal-nizkozernovoj-polnoraczionnyj-su-copy-copy\\\/#primaryimage\",\"url\":\"https:\\\/\\\/pet24.md\\\/wp-content\\\/uploads\\\/2024\\\/09\\\/optimeal-\u2122-vlazhnyj-korm-dlya-vzroslyh-sobak-c-yagnenkom-i-shpinatom-v-souse-upakovka-12-sht0085-kg.webp\",\"contentUrl\":\"https:\\\/\\\/pet24.md\\\/wp-content\\\/uploads\\\/2024\\\/09\\\/optimeal-\u2122-vlazhnyj-korm-dlya-vzroslyh-sobak-c-yagnenkom-i-shpinatom-v-souse-upakovka-12-sht0085-kg.webp\",\"width\":537,\"height\":600,\"caption\":\"optimeal \u2122 vlazhnyj korm dlya vzroslyh sobak c yagnenkom i shpinatom v souse upakovka 12 sht0085 kg\"},{\"@type\":\"BreadcrumbList\",\"@id\":\"https:\\\/\\\/pet24.md\\\/product\\\/optimeal-nizkozernovoj-polnoraczionnyj-su-copy-copy\\\/#breadcrumb\",\"itemListElement\":[{\"@type\":\"ListItem\",\"position\":1,\"name\":\"\u0413\u043b\u0430\u0432\u043d\u0430\u044f \u0441\u0442\u0440\u0430\u043d\u0438\u0446\u0430\",\"item\":\"https:\\\/\\\/pet24.md\\\/\"},{\"@type\":\"ListItem\",\"position\":2,\"name\":\"\u041c\u0430\u0433\u0430\u0437\u0438\u043d\",\"item\":\"https:\\\/\\\/pet24.md\\\/shop\\\/\"},{\"@type\":\"ListItem\",\"position\":3,\"name\":\"OPTIMEAL\u2122. \u0412\u043b\u0430\u0436\u043d\u044b\u0439 \u043a\u043e\u0440\u043c \u0434\u043b\u044f \u0432\u0437\u0440\u043e\u0441\u043b\u044b\u0445 \u0441\u043e\u0431\u0430\u043a, \u044f\u0433\u043d\u0435\u043d\u043e\u043a \u0438 \u0448\u043f\u0438\u043d\u0430\u0442 \u0432 \u0441\u043e\u0443\u0441\u0435, 12&#215;85 \u0433\"}]},{\"@type\":\"WebSite\",\"@id\":\"https:\\\/\\\/pet24.md\\\/#website\",\"url\":\"https:\\\/\\\/pet24.md\\\/\",\"name\":\"Pet24\",\"description\":\"\u0417\u043e\u043e\u043c\u0430\u0433\u0430\u0437\u0438\u043d \u0442\u043e\u0432\u0430\u0440\u043e\u0432 \u0434\u043b\u044f \u0434\u043e\u043c\u0430\u0448\u043d\u0438\u0445 \u043f\u0438\u0442\u043e\u043c\u0446\u0435\u0432\",\"publisher\":{\"@id\":\"https:\\\/\\\/pet24.md\\\/#organization\"},\"potentialAction\":[{\"@type\":\"SearchAction\",\"target\":{\"@type\":\"EntryPoint\",\"urlTemplate\":\"https:\\\/\\\/pet24.md\\\/?s={search_term_string}\"},\"query-input\":{\"@type\":\"PropertyValueSpecification\",\"valueRequired\":true,\"valueName\":\"search_term_string\"}}],\"inLanguage\":\"ro-RO\"},{\"@type\":\"Organization\",\"@id\":\"https:\\\/\\\/pet24.md\\\/#organization\",\"name\":\"Pet24\",\"url\":\"https:\\\/\\\/pet24.md\\\/\",\"logo\":{\"@type\":\"ImageObject\",\"inLanguage\":\"ro-RO\",\"@id\":\"https:\\\/\\\/pet24.md\\\/#\\\/schema\\\/logo\\\/image\\\/\",\"url\":\"https:\\\/\\\/pet24.md\\\/wp-content\\\/uploads\\\/2024\\\/09\\\/logo.svg\",\"contentUrl\":\"https:\\\/\\\/pet24.md\\\/wp-content\\\/uploads\\\/2024\\\/09\\\/logo.svg\",\"width\":215,\"height\":66,\"caption\":\"Pet24\"},\"image\":{\"@id\":\"https:\\\/\\\/pet24.md\\\/#\\\/schema\\\/logo\\\/image\\\/\"},\"sameAs\":[\"https:\\\/\\\/www.facebook.com\\\/pet24.md\",\"https:\\\/\\\/www.instagram.com\\\/pet24.md\\\/\"],\"telephone\":\"+37360508880\"}]}<\/script>\n<!-- \/ Yoast SEO Premium plugin. -->","yoast_head_json":{"title":"OPTIMEAL\u2122. \u0412\u043b\u0430\u0436\u043d\u044b\u0439 \u043a\u043e\u0440\u043c \u0434\u043b\u044f \u0432\u0437\u0440\u043e\u0441\u043b\u044b\u0445 \u0441\u043e\u0431\u0430\u043a, \u044f\u0433\u043d\u0435\u043d\u043e\u043a \u0438 \u0448\u043f\u0438\u043d\u0430\u0442 \u0432 \u0441\u043e\u0443\u0441\u0435, 12x85 \u0433","description":"\u041a\u0443\u043f\u0438\u0442\u044c OPTIMEAL\u2122. \u0412\u043b\u0430\u0436\u043d\u044b\u0439 \u043a\u043e\u0440\u043c \u0434\u043b\u044f \u0432\u0437\u0440\u043e\u0441\u043b\u044b\u0445 \u0441\u043e\u0431\u0430\u043a, \u044f\u0433\u043d\u0435\u043d\u043e\u043a \u0438 \u0448\u043f\u0438\u043d\u0430\u0442 \u0432 \u0441\u043e\u0443\u0441\u0435, 12x85 \u0433 \u0441 \u0434\u043e\u0441\u0442\u0430\u0432\u043a\u043e\u0439 \u043f\u043e \u041a\u0438\u0448\u0438\u043d\u0435\u0432\u0443 \u0438 \u0432\u0441\u0435\u0439 \u041c\u043e\u043b\u0434\u043e\u0432\u0435 \u043d\u0430 Pet24","robots":{"index":"index","follow":"follow","max-snippet":"max-snippet:-1","max-image-preview":"max-image-preview:large","max-video-preview":"max-video-preview:-1"},"canonical":"https:\/\/pet24.md\/ro\/produs\/optimeal-nizkozernovoj-polnoraczionnyj-su-copy-copy\/","og_locale":"ro_RO","og_type":"article","og_title":"OPTIMEAL\u2122. \u0412\u043b\u0430\u0436\u043d\u044b\u0439 \u043a\u043e\u0440\u043c \u0434\u043b\u044f \u0432\u0437\u0440\u043e\u0441\u043b\u044b\u0445 \u0441\u043e\u0431\u0430\u043a, \u044f\u0433\u043d\u0435\u043d\u043e\u043a \u0438 \u0448\u043f\u0438\u043d\u0430\u0442 \u0432 \u0441\u043e\u0443\u0441\u0435, 12x85 \u0433","og_description":"\u041a\u0443\u043f\u0438\u0442\u044c OPTIMEAL\u2122. \u0412\u043b\u0430\u0436\u043d\u044b\u0439 \u043a\u043e\u0440\u043c \u0434\u043b\u044f \u0432\u0437\u0440\u043e\u0441\u043b\u044b\u0445 \u0441\u043e\u0431\u0430\u043a, \u044f\u0433\u043d\u0435\u043d\u043e\u043a \u0438 \u0448\u043f\u0438\u043d\u0430\u0442 \u0432 \u0441\u043e\u0443\u0441\u0435, 12x85 \u0433 \u0441 \u0434\u043e\u0441\u0442\u0430\u0432\u043a\u043e\u0439 \u043f\u043e \u041a\u0438\u0448\u0438\u043d\u0435\u0432\u0443 \u0438 \u0432\u0441\u0435\u0439 \u041c\u043e\u043b\u0434\u043e\u0432\u0435 \u043d\u0430 Pet24","og_url":"https:\/\/pet24.md\/ro\/produs\/optimeal-nizkozernovoj-polnoraczionnyj-su-copy-copy\/","og_site_name":"Pet24","article_publisher":"https:\/\/www.facebook.com\/pet24.md","article_modified_time":"2024-09-22T22:11:25+00:00","og_image":[{"width":537,"height":600,"url":"https:\/\/pet24.md\/wp-content\/uploads\/2024\/09\/optimeal-\u2122-vlazhnyj-korm-dlya-vzroslyh-sobak-c-yagnenkom-i-shpinatom-v-souse-upakovka-12-sht0085-kg.webp","type":"image\/webp"}],"twitter_card":"summary_large_image","schema":{"@context":"https:\/\/schema.org","@graph":[{"@type":"WebPage","@id":"https:\/\/pet24.md\/product\/optimeal-nizkozernovoj-polnoraczionnyj-su-copy-copy\/","url":"https:\/\/pet24.md\/product\/optimeal-nizkozernovoj-polnoraczionnyj-su-copy-copy\/","name":"OPTIMEAL\u2122. \u0412\u043b\u0430\u0436\u043d\u044b\u0439 \u043a\u043e\u0440\u043c \u0434\u043b\u044f \u0432\u0437\u0440\u043e\u0441\u043b\u044b\u0445 \u0441\u043e\u0431\u0430\u043a, \u044f\u0433\u043d\u0435\u043d\u043e\u043a \u0438 \u0448\u043f\u0438\u043d\u0430\u0442 \u0432 \u0441\u043e\u0443\u0441\u0435, 12x85 \u0433","isPartOf":{"@id":"https:\/\/pet24.md\/#website"},"primaryImageOfPage":{"@id":"https:\/\/pet24.md\/product\/optimeal-nizkozernovoj-polnoraczionnyj-su-copy-copy\/#primaryimage"},"image":{"@id":"https:\/\/pet24.md\/product\/optimeal-nizkozernovoj-polnoraczionnyj-su-copy-copy\/#primaryimage"},"thumbnailUrl":"https:\/\/pet24.md\/wp-content\/uploads\/2024\/09\/optimeal-\u2122-vlazhnyj-korm-dlya-vzroslyh-sobak-c-yagnenkom-i-shpinatom-v-souse-upakovka-12-sht0085-kg.webp","datePublished":"2023-01-19T19:23:53+00:00","dateModified":"2024-09-22T22:11:25+00:00","description":"\u041a\u0443\u043f\u0438\u0442\u044c OPTIMEAL\u2122. \u0412\u043b\u0430\u0436\u043d\u044b\u0439 \u043a\u043e\u0440\u043c \u0434\u043b\u044f \u0432\u0437\u0440\u043e\u0441\u043b\u044b\u0445 \u0441\u043e\u0431\u0430\u043a, \u044f\u0433\u043d\u0435\u043d\u043e\u043a \u0438 \u0448\u043f\u0438\u043d\u0430\u0442 \u0432 \u0441\u043e\u0443\u0441\u0435, 12x85 \u0433 \u0441 \u0434\u043e\u0441\u0442\u0430\u0432\u043a\u043e\u0439 \u043f\u043e \u041a\u0438\u0448\u0438\u043d\u0435\u0432\u0443 \u0438 \u0432\u0441\u0435\u0439 \u041c\u043e\u043b\u0434\u043e\u0432\u0435 \u043d\u0430 Pet24","breadcrumb":{"@id":"https:\/\/pet24.md\/product\/optimeal-nizkozernovoj-polnoraczionnyj-su-copy-copy\/#breadcrumb"},"inLanguage":"ro-RO","potentialAction":[{"@type":"ReadAction","target":["https:\/\/pet24.md\/product\/optimeal-nizkozernovoj-polnoraczionnyj-su-copy-copy\/"]}]},{"@type":"ImageObject","inLanguage":"ro-RO","@id":"https:\/\/pet24.md\/product\/optimeal-nizkozernovoj-polnoraczionnyj-su-copy-copy\/#primaryimage","url":"https:\/\/pet24.md\/wp-content\/uploads\/2024\/09\/optimeal-\u2122-vlazhnyj-korm-dlya-vzroslyh-sobak-c-yagnenkom-i-shpinatom-v-souse-upakovka-12-sht0085-kg.webp","contentUrl":"https:\/\/pet24.md\/wp-content\/uploads\/2024\/09\/optimeal-\u2122-vlazhnyj-korm-dlya-vzroslyh-sobak-c-yagnenkom-i-shpinatom-v-souse-upakovka-12-sht0085-kg.webp","width":537,"height":600,"caption":"optimeal \u2122 vlazhnyj korm dlya vzroslyh sobak c yagnenkom i shpinatom v souse upakovka 12 sht0085 kg"},{"@type":"BreadcrumbList","@id":"https:\/\/pet24.md\/product\/optimeal-nizkozernovoj-polnoraczionnyj-su-copy-copy\/#breadcrumb","itemListElement":[{"@type":"ListItem","position":1,"name":"\u0413\u043b\u0430\u0432\u043d\u0430\u044f \u0441\u0442\u0440\u0430\u043d\u0438\u0446\u0430","item":"https:\/\/pet24.md\/"},{"@type":"ListItem","position":2,"name":"\u041c\u0430\u0433\u0430\u0437\u0438\u043d","item":"https:\/\/pet24.md\/shop\/"},{"@type":"ListItem","position":3,"name":"OPTIMEAL\u2122. \u0412\u043b\u0430\u0436\u043d\u044b\u0439 \u043a\u043e\u0440\u043c \u0434\u043b\u044f \u0432\u0437\u0440\u043e\u0441\u043b\u044b\u0445 \u0441\u043e\u0431\u0430\u043a, \u044f\u0433\u043d\u0435\u043d\u043e\u043a \u0438 \u0448\u043f\u0438\u043d\u0430\u0442 \u0432 \u0441\u043e\u0443\u0441\u0435, 12&#215;85 \u0433"}]},{"@type":"WebSite","@id":"https:\/\/pet24.md\/#website","url":"https:\/\/pet24.md\/","name":"Pet24","description":"Magazin de animale de companie","publisher":{"@id":"https:\/\/pet24.md\/#organization"},"potentialAction":[{"@type":"SearchAction","target":{"@type":"EntryPoint","urlTemplate":"https:\/\/pet24.md\/?s={search_term_string}"},"query-input":{"@type":"PropertyValueSpecification","valueRequired":true,"valueName":"search_term_string"}}],"inLanguage":"ro-RO"},{"@type":"Organization","@id":"https:\/\/pet24.md\/#organization","name":"Pet24","url":"https:\/\/pet24.md\/","logo":{"@type":"ImageObject","inLanguage":"ro-RO","@id":"https:\/\/pet24.md\/#\/schema\/logo\/image\/","url":"https:\/\/pet24.md\/wp-content\/uploads\/2024\/09\/logo.svg","contentUrl":"https:\/\/pet24.md\/wp-content\/uploads\/2024\/09\/logo.svg","width":215,"height":66,"caption":"Pet24"},"image":{"@id":"https:\/\/pet24.md\/#\/schema\/logo\/image\/"},"sameAs":["https:\/\/www.facebook.com\/pet24.md","https:\/\/www.instagram.com\/pet24.md\/"],"telephone":"+37360508880"}]}},"_links":{"self":[{"href":"https:\/\/pet24.md\/ro\/wp-json\/wp\/v2\/product\/19522","targetHints":{"allow":["GET"]}}],"collection":[{"href":"https:\/\/pet24.md\/ro\/wp-json\/wp\/v2\/product"}],"about":[{"href":"https:\/\/pet24.md\/ro\/wp-json\/wp\/v2\/types\/product"}],"replies":[{"embeddable":true,"href":"https:\/\/pet24.md\/ro\/wp-json\/wp\/v2\/comments?post=19522"}],"wp:featuredmedia":[{"embeddable":true,"href":"https:\/\/pet24.md\/ro\/wp-json\/wp\/v2\/media\/89952"}],"wp:attachment":[{"href":"https:\/\/pet24.md\/ro\/wp-json\/wp\/v2\/media?parent=19522"}],"wp:term":[{"taxonomy":"product_brand","embeddable":true,"href":"https:\/\/pet24.md\/ro\/wp-json\/wp\/v2\/product_brand?post=19522"},{"taxonomy":"product_cat","embeddable":true,"href":"https:\/\/pet24.md\/ro\/wp-json\/wp\/v2\/product_cat?post=19522"},{"taxonomy":"product_tag","embeddable":true,"href":"https:\/\/pet24.md\/ro\/wp-json\/wp\/v2\/product_tag?post=19522"}],"curies":[{"name":"wp","href":"https:\/\/api.w.org\/{rel}","templated":true}]}}