{"id":20962,"date":"2023-03-22T16:48:50","date_gmt":"2023-03-22T16:48:50","guid":{"rendered":"https:\/\/pet24.md\/?post_type=product&#038;p=20962"},"modified":"2024-09-22T22:11:42","modified_gmt":"2024-09-22T22:11:42","slug":"club-4-paws-premium-suhoj-korm-dlya-vzroslyh-koshek-s-chuvstvitelnym-pishhevareniem-2-kg","status":"publish","type":"product","link":"https:\/\/pet24.md\/ro\/produs\/club-4-paws-premium-suhoj-korm-dlya-vzroslyh-koshek-s-chuvstvitelnym-pishhevareniem-2-kg\/","title":{"rendered":"CLUB 4 PAWS Hrana uscata premium pentru pisici cu digestie sensibila. 2kg x 2 pachet + Cadou 12pl"},"content":{"rendered":"<h3>CLUB 4 PAWS Premium \u2013 Hrana uscata pentru pisici adulte cu digestie sensibila, 2 kg<\/h3>\n<p><strong>CLUB 4 LABE Premium<\/strong> pentru pisici adulte cu digestie sensibil\u0103 ofer\u0103 o nutri\u021bie complet\u0103 \u0219i echilibrat\u0103, special formulat\u0103 pentru a sus\u021bine s\u0103n\u0103tatea digestiv\u0103 a pisicii tale.<\/p>\n<p><strong>Caracteristici \u0219i beneficii:<\/strong><\/p>\n<ul>\n<li><strong>Ingredientele din carne nr. 1<\/strong>: Ofer\u0103 o component\u0103 proteic\u0103 esen\u021bial\u0103 pentru dezvoltarea \u0219i men\u021binerea masei musculare.<\/li>\n<li><strong>Formula echilibrat\u0103 32\/15<\/strong>: Raportul ideal \u00eentre proteine \u0219i gr\u0103simi pentru o diet\u0103 s\u0103n\u0103toas\u0103.<\/li>\n<li><strong>Antioxidant natural<\/strong>: Amestec de tocoferoli pentru protec\u021bia celulelor.<\/li>\n<li><strong>Vitamine \u0219i microelemente<\/strong>: Contine vitaminele D3, E, B1, B5, precum si microelemente si aminoacizi esentiali pentru sanatatea generala.<\/li>\n<li><strong>Omega-3 \u0219i Omega-6<\/strong>: Promoveaz\u0103 pielea s\u0103n\u0103toas\u0103 \u0219i blana str\u0103lucitoare.<\/li>\n<li><strong>Formula INTEGRAMIX<\/strong>: Include ro\u0219ii uscate, ghimbir, p\u0103ducel \u0219i banane pentru a stimula imunitatea \u0219i s\u0103n\u0103tatea general\u0103 a pisicii.<\/li>\n<li><strong>Fara arome sau coloranti<\/strong>: Ofer\u0103 un produs natural \u0219i s\u0103n\u0103tos pentru pisica ta.<\/li>\n<\/ul>\n<p>Alege <strong>CLUB 4 LABE Premium<\/strong> pentru pisici adulte cu digestie sensibil\u0103 pentru a oferi pisicii dumneavoastr\u0103 nutri\u021bia de care are nevoie pentru a tr\u0103i o via\u021b\u0103 s\u0103n\u0103toas\u0103 \u0219i fericit\u0103. Comanda acum si experimenteaza beneficiile nutritiei de calitate.<\/p>","protected":false},"excerpt":{"rendered":"<p>CLUB 4 PAWS Premium &#8212; \u0421\u0443\u0445\u043e\u0439 \u043a\u043e\u0440\u043c \u0434\u043b\u044f \u0432\u0437\u0440\u043e\u0441\u043b\u044b\u0445 \u043a\u043e\u0448\u0435\u043a \u0441 \u0447\u0443\u0432\u0441\u0442\u0432\u0438\u0442\u0435\u043b\u044c\u043d\u044b\u043c \u043f\u0438\u0449\u0435\u0432\u0430\u0440\u0435\u043d\u0438\u0435\u043c, 2 \u043a\u0433 CLUB 4 PAWS Premium \u0434\u043b\u044f \u0432\u0437\u0440\u043e\u0441\u043b\u044b\u0445 \u043a\u043e\u0448\u0435\u043a&hellip;<\/p>","protected":false},"featured_media":91733,"comment_status":"closed","ping_status":"closed","template":"","meta":[],"product_brand":[],"product_cat":[309,193,320],"product_tag":[412],"class_list":{"0":"post-20962","1":"product","2":"type-product","3":"status-publish","4":"has-post-thumbnail","6":"product_cat-catfood","7":"product_cat-cat","8":"product_cat-catdry","9":"product_tag-club-4-paws","10":"pa_age-pet-vzroslyj","11":"pa_brand-club-4-paws","12":"pa_feed-class-premium","13":"pa_meat-ingredients-krolik","14":"pa_packaging-meshok","15":"pa_pet-koshka","16":"pa_pet-feature-chuvstvitelnoe-pishhevarenie","17":"pa_type-feed-suhoj-korm","18":"pa_weight-2-kg","20":"first","21":"instock","22":"product-type-simple"},"yoast_head":"<!-- This site is optimized with the Yoast SEO Premium plugin v23.7 (Yoast SEO v27.5) - https:\/\/yoast.com\/product\/yoast-seo-premium-wordpress\/ -->\n<title>CLUB 4 PAWS \u041f\u0440\u0435\u043c\u0438\u0443\u043c \u0441\u0443\u0445\u043e\u0439 \u043a\u043e\u0440\u043c \u0434\u043b\u044f \u043a\u043e\u0448\u0435\u043a \u0441 \u0447\u0443\u0432\u0441\u0442\u0432\u0438\u0442\u0435\u043b\u044c\u043d\u044b\u043c \u043f\u0438\u0449\u0435\u0432\u0430\u0440\u0435\u043d\u0438\u0435\u043c. 2\u043a\u0433 x 2\u0443\u043f + \u041f\u043e\u0434\u0430\u0440\u043e\u043a 12pl<\/title>\n<meta name=\"description\" content=\"\u041a\u0443\u043f\u0438\u0442\u044c CLUB 4 PAWS \u041f\u0440\u0435\u043c\u0438\u0443\u043c \u0441\u0443\u0445\u043e\u0439 \u043a\u043e\u0440\u043c \u0434\u043b\u044f \u043a\u043e\u0448\u0435\u043a \u0441 \u0447\u0443\u0432\u0441\u0442\u0432\u0438\u0442\u0435\u043b\u044c\u043d\u044b\u043c \u043f\u0438\u0449\u0435\u0432\u0430\u0440\u0435\u043d\u0438\u0435\u043c. 2\u043a\u0433 x 2\u0443\u043f + \u041f\u043e\u0434\u0430\u0440\u043e\u043a 12pl \u0441 \u0434\u043e\u0441\u0442\u0430\u0432\u043a\u043e\u0439 \u043f\u043e \u041a\u0438\u0448\u0438\u043d\u0435\u0432\u0443 \u0438 \u0432\u0441\u0435\u0439 \u041c\u043e\u043b\u0434\u043e\u0432\u0435 \u043d\u0430 Pet24\" \/>\n<meta name=\"robots\" content=\"index, follow, max-snippet:-1, max-image-preview:large, max-video-preview:-1\" \/>\n<link rel=\"canonical\" href=\"https:\/\/pet24.md\/ro\/produs\/club-4-paws-premium-suhoj-korm-dlya-vzroslyh-koshek-s-chuvstvitelnym-pishhevareniem-2-kg\/\" \/>\n<meta property=\"og:locale\" content=\"ro_RO\" \/>\n<meta property=\"og:type\" content=\"article\" \/>\n<meta property=\"og:title\" content=\"CLUB 4 PAWS \u041f\u0440\u0435\u043c\u0438\u0443\u043c \u0441\u0443\u0445\u043e\u0439 \u043a\u043e\u0440\u043c \u0434\u043b\u044f \u043a\u043e\u0448\u0435\u043a \u0441 \u0447\u0443\u0432\u0441\u0442\u0432\u0438\u0442\u0435\u043b\u044c\u043d\u044b\u043c \u043f\u0438\u0449\u0435\u0432\u0430\u0440\u0435\u043d\u0438\u0435\u043c. 2\u043a\u0433 x 2\u0443\u043f + \u041f\u043e\u0434\u0430\u0440\u043e\u043a 12pl\" \/>\n<meta property=\"og:description\" content=\"\u041a\u0443\u043f\u0438\u0442\u044c CLUB 4 PAWS \u041f\u0440\u0435\u043c\u0438\u0443\u043c \u0441\u0443\u0445\u043e\u0439 \u043a\u043e\u0440\u043c \u0434\u043b\u044f \u043a\u043e\u0448\u0435\u043a \u0441 \u0447\u0443\u0432\u0441\u0442\u0432\u0438\u0442\u0435\u043b\u044c\u043d\u044b\u043c \u043f\u0438\u0449\u0435\u0432\u0430\u0440\u0435\u043d\u0438\u0435\u043c. 2\u043a\u0433 x 2\u0443\u043f + \u041f\u043e\u0434\u0430\u0440\u043e\u043a 12pl \u0441 \u0434\u043e\u0441\u0442\u0430\u0432\u043a\u043e\u0439 \u043f\u043e \u041a\u0438\u0448\u0438\u043d\u0435\u0432\u0443 \u0438 \u0432\u0441\u0435\u0439 \u041c\u043e\u043b\u0434\u043e\u0432\u0435 \u043d\u0430 Pet24\" \/>\n<meta property=\"og:url\" content=\"https:\/\/pet24.md\/ro\/produs\/club-4-paws-premium-suhoj-korm-dlya-vzroslyh-koshek-s-chuvstvitelnym-pishhevareniem-2-kg\/\" \/>\n<meta property=\"og:site_name\" content=\"Pet24\" \/>\n<meta property=\"article:publisher\" content=\"https:\/\/www.facebook.com\/pet24.md\" \/>\n<meta property=\"article:modified_time\" content=\"2024-09-22T22:11:42+00:00\" \/>\n<meta property=\"og:image\" content=\"https:\/\/pet24.md\/wp-content\/uploads\/2023\/03\/club-4-paws-premium-suhoj-korm-dlya-vzroslyh-koshek-s-chuvstvitelnym-pishhevareniem-2kg-x-2up-podarok-12pl.png\" \/>\n\t<meta property=\"og:image:width\" content=\"600\" \/>\n\t<meta property=\"og:image:height\" content=\"600\" \/>\n\t<meta property=\"og:image:type\" content=\"image\/png\" \/>\n<meta name=\"twitter:card\" content=\"summary_large_image\" \/>\n<script type=\"application\/ld+json\" class=\"yoast-schema-graph\">{\"@context\":\"https:\\\/\\\/schema.org\",\"@graph\":[{\"@type\":\"WebPage\",\"@id\":\"https:\\\/\\\/pet24.md\\\/product\\\/club-4-paws-premium-suhoj-korm-dlya-vzroslyh-koshek-s-chuvstvitelnym-pishhevareniem-2-kg\\\/\",\"url\":\"https:\\\/\\\/pet24.md\\\/product\\\/club-4-paws-premium-suhoj-korm-dlya-vzroslyh-koshek-s-chuvstvitelnym-pishhevareniem-2-kg\\\/\",\"name\":\"CLUB 4 PAWS \u041f\u0440\u0435\u043c\u0438\u0443\u043c \u0441\u0443\u0445\u043e\u0439 \u043a\u043e\u0440\u043c \u0434\u043b\u044f \u043a\u043e\u0448\u0435\u043a \u0441 \u0447\u0443\u0432\u0441\u0442\u0432\u0438\u0442\u0435\u043b\u044c\u043d\u044b\u043c \u043f\u0438\u0449\u0435\u0432\u0430\u0440\u0435\u043d\u0438\u0435\u043c. 2\u043a\u0433 x 2\u0443\u043f + \u041f\u043e\u0434\u0430\u0440\u043e\u043a 12pl\",\"isPartOf\":{\"@id\":\"https:\\\/\\\/pet24.md\\\/#website\"},\"primaryImageOfPage\":{\"@id\":\"https:\\\/\\\/pet24.md\\\/product\\\/club-4-paws-premium-suhoj-korm-dlya-vzroslyh-koshek-s-chuvstvitelnym-pishhevareniem-2-kg\\\/#primaryimage\"},\"image\":{\"@id\":\"https:\\\/\\\/pet24.md\\\/product\\\/club-4-paws-premium-suhoj-korm-dlya-vzroslyh-koshek-s-chuvstvitelnym-pishhevareniem-2-kg\\\/#primaryimage\"},\"thumbnailUrl\":\"https:\\\/\\\/pet24.md\\\/wp-content\\\/uploads\\\/2023\\\/03\\\/club-4-paws-premium-suhoj-korm-dlya-vzroslyh-koshek-s-chuvstvitelnym-pishhevareniem-2kg-x-2up-podarok-12pl.png\",\"datePublished\":\"2023-03-22T16:48:50+00:00\",\"dateModified\":\"2024-09-22T22:11:42+00:00\",\"description\":\"\u041a\u0443\u043f\u0438\u0442\u044c CLUB 4 PAWS \u041f\u0440\u0435\u043c\u0438\u0443\u043c \u0441\u0443\u0445\u043e\u0439 \u043a\u043e\u0440\u043c \u0434\u043b\u044f \u043a\u043e\u0448\u0435\u043a \u0441 \u0447\u0443\u0432\u0441\u0442\u0432\u0438\u0442\u0435\u043b\u044c\u043d\u044b\u043c \u043f\u0438\u0449\u0435\u0432\u0430\u0440\u0435\u043d\u0438\u0435\u043c. 2\u043a\u0433 x 2\u0443\u043f + \u041f\u043e\u0434\u0430\u0440\u043e\u043a 12pl \u0441 \u0434\u043e\u0441\u0442\u0430\u0432\u043a\u043e\u0439 \u043f\u043e \u041a\u0438\u0448\u0438\u043d\u0435\u0432\u0443 \u0438 \u0432\u0441\u0435\u0439 \u041c\u043e\u043b\u0434\u043e\u0432\u0435 \u043d\u0430 Pet24\",\"breadcrumb\":{\"@id\":\"https:\\\/\\\/pet24.md\\\/product\\\/club-4-paws-premium-suhoj-korm-dlya-vzroslyh-koshek-s-chuvstvitelnym-pishhevareniem-2-kg\\\/#breadcrumb\"},\"inLanguage\":\"ro-RO\",\"potentialAction\":[{\"@type\":\"ReadAction\",\"target\":[\"https:\\\/\\\/pet24.md\\\/product\\\/club-4-paws-premium-suhoj-korm-dlya-vzroslyh-koshek-s-chuvstvitelnym-pishhevareniem-2-kg\\\/\"]}]},{\"@type\":\"ImageObject\",\"inLanguage\":\"ro-RO\",\"@id\":\"https:\\\/\\\/pet24.md\\\/product\\\/club-4-paws-premium-suhoj-korm-dlya-vzroslyh-koshek-s-chuvstvitelnym-pishhevareniem-2-kg\\\/#primaryimage\",\"url\":\"https:\\\/\\\/pet24.md\\\/wp-content\\\/uploads\\\/2023\\\/03\\\/club-4-paws-premium-suhoj-korm-dlya-vzroslyh-koshek-s-chuvstvitelnym-pishhevareniem-2kg-x-2up-podarok-12pl.png\",\"contentUrl\":\"https:\\\/\\\/pet24.md\\\/wp-content\\\/uploads\\\/2023\\\/03\\\/club-4-paws-premium-suhoj-korm-dlya-vzroslyh-koshek-s-chuvstvitelnym-pishhevareniem-2kg-x-2up-podarok-12pl.png\",\"width\":600,\"height\":600},{\"@type\":\"BreadcrumbList\",\"@id\":\"https:\\\/\\\/pet24.md\\\/product\\\/club-4-paws-premium-suhoj-korm-dlya-vzroslyh-koshek-s-chuvstvitelnym-pishhevareniem-2-kg\\\/#breadcrumb\",\"itemListElement\":[{\"@type\":\"ListItem\",\"position\":1,\"name\":\"\u0413\u043b\u0430\u0432\u043d\u0430\u044f \u0441\u0442\u0440\u0430\u043d\u0438\u0446\u0430\",\"item\":\"https:\\\/\\\/pet24.md\\\/\"},{\"@type\":\"ListItem\",\"position\":2,\"name\":\"\u041c\u0430\u0433\u0430\u0437\u0438\u043d\",\"item\":\"https:\\\/\\\/pet24.md\\\/shop\\\/\"},{\"@type\":\"ListItem\",\"position\":3,\"name\":\"CLUB 4 PAWS \u041f\u0440\u0435\u043c\u0438\u0443\u043c \u0441\u0443\u0445\u043e\u0439 \u043a\u043e\u0440\u043c \u0434\u043b\u044f \u043a\u043e\u0448\u0435\u043a \u0441 \u0447\u0443\u0432\u0441\u0442\u0432\u0438\u0442\u0435\u043b\u044c\u043d\u044b\u043c \u043f\u0438\u0449\u0435\u0432\u0430\u0440\u0435\u043d\u0438\u0435\u043c. 2\u043a\u0433 x 2\u0443\u043f + \u041f\u043e\u0434\u0430\u0440\u043e\u043a 12pl\"}]},{\"@type\":\"WebSite\",\"@id\":\"https:\\\/\\\/pet24.md\\\/#website\",\"url\":\"https:\\\/\\\/pet24.md\\\/\",\"name\":\"Pet24\",\"description\":\"\u0417\u043e\u043e\u043c\u0430\u0433\u0430\u0437\u0438\u043d \u0442\u043e\u0432\u0430\u0440\u043e\u0432 \u0434\u043b\u044f \u0434\u043e\u043c\u0430\u0448\u043d\u0438\u0445 \u043f\u0438\u0442\u043e\u043c\u0446\u0435\u0432\",\"publisher\":{\"@id\":\"https:\\\/\\\/pet24.md\\\/#organization\"},\"potentialAction\":[{\"@type\":\"SearchAction\",\"target\":{\"@type\":\"EntryPoint\",\"urlTemplate\":\"https:\\\/\\\/pet24.md\\\/?s={search_term_string}\"},\"query-input\":{\"@type\":\"PropertyValueSpecification\",\"valueRequired\":true,\"valueName\":\"search_term_string\"}}],\"inLanguage\":\"ro-RO\"},{\"@type\":\"Organization\",\"@id\":\"https:\\\/\\\/pet24.md\\\/#organization\",\"name\":\"Pet24\",\"url\":\"https:\\\/\\\/pet24.md\\\/\",\"logo\":{\"@type\":\"ImageObject\",\"inLanguage\":\"ro-RO\",\"@id\":\"https:\\\/\\\/pet24.md\\\/#\\\/schema\\\/logo\\\/image\\\/\",\"url\":\"https:\\\/\\\/pet24.md\\\/wp-content\\\/uploads\\\/2024\\\/09\\\/logo.svg\",\"contentUrl\":\"https:\\\/\\\/pet24.md\\\/wp-content\\\/uploads\\\/2024\\\/09\\\/logo.svg\",\"width\":215,\"height\":66,\"caption\":\"Pet24\"},\"image\":{\"@id\":\"https:\\\/\\\/pet24.md\\\/#\\\/schema\\\/logo\\\/image\\\/\"},\"sameAs\":[\"https:\\\/\\\/www.facebook.com\\\/pet24.md\",\"https:\\\/\\\/www.instagram.com\\\/pet24.md\\\/\"],\"telephone\":\"+37360508880\"}]}<\/script>\n<!-- \/ Yoast SEO Premium plugin. -->","yoast_head_json":{"title":"CLUB 4 PAWS Hrana uscata premium pentru pisici cu digestie sensibila. 2kg x 2 pachet + Cadou 12pl","description":"\u041a\u0443\u043f\u0438\u0442\u044c CLUB 4 PAWS \u041f\u0440\u0435\u043c\u0438\u0443\u043c \u0441\u0443\u0445\u043e\u0439 \u043a\u043e\u0440\u043c \u0434\u043b\u044f \u043a\u043e\u0448\u0435\u043a \u0441 \u0447\u0443\u0432\u0441\u0442\u0432\u0438\u0442\u0435\u043b\u044c\u043d\u044b\u043c \u043f\u0438\u0449\u0435\u0432\u0430\u0440\u0435\u043d\u0438\u0435\u043c. 2\u043a\u0433 x 2\u0443\u043f + \u041f\u043e\u0434\u0430\u0440\u043e\u043a 12pl \u0441 \u0434\u043e\u0441\u0442\u0430\u0432\u043a\u043e\u0439 \u043f\u043e \u041a\u0438\u0448\u0438\u043d\u0435\u0432\u0443 \u0438 \u0432\u0441\u0435\u0439 \u041c\u043e\u043b\u0434\u043e\u0432\u0435 \u043d\u0430 Pet24","robots":{"index":"index","follow":"follow","max-snippet":"max-snippet:-1","max-image-preview":"max-image-preview:large","max-video-preview":"max-video-preview:-1"},"canonical":"https:\/\/pet24.md\/ro\/produs\/club-4-paws-premium-suhoj-korm-dlya-vzroslyh-koshek-s-chuvstvitelnym-pishhevareniem-2-kg\/","og_locale":"ro_RO","og_type":"article","og_title":"CLUB 4 PAWS \u041f\u0440\u0435\u043c\u0438\u0443\u043c \u0441\u0443\u0445\u043e\u0439 \u043a\u043e\u0440\u043c \u0434\u043b\u044f \u043a\u043e\u0448\u0435\u043a \u0441 \u0447\u0443\u0432\u0441\u0442\u0432\u0438\u0442\u0435\u043b\u044c\u043d\u044b\u043c \u043f\u0438\u0449\u0435\u0432\u0430\u0440\u0435\u043d\u0438\u0435\u043c. 2\u043a\u0433 x 2\u0443\u043f + \u041f\u043e\u0434\u0430\u0440\u043e\u043a 12pl","og_description":"\u041a\u0443\u043f\u0438\u0442\u044c CLUB 4 PAWS \u041f\u0440\u0435\u043c\u0438\u0443\u043c \u0441\u0443\u0445\u043e\u0439 \u043a\u043e\u0440\u043c \u0434\u043b\u044f \u043a\u043e\u0448\u0435\u043a \u0441 \u0447\u0443\u0432\u0441\u0442\u0432\u0438\u0442\u0435\u043b\u044c\u043d\u044b\u043c \u043f\u0438\u0449\u0435\u0432\u0430\u0440\u0435\u043d\u0438\u0435\u043c. 2\u043a\u0433 x 2\u0443\u043f + \u041f\u043e\u0434\u0430\u0440\u043e\u043a 12pl \u0441 \u0434\u043e\u0441\u0442\u0430\u0432\u043a\u043e\u0439 \u043f\u043e \u041a\u0438\u0448\u0438\u043d\u0435\u0432\u0443 \u0438 \u0432\u0441\u0435\u0439 \u041c\u043e\u043b\u0434\u043e\u0432\u0435 \u043d\u0430 Pet24","og_url":"https:\/\/pet24.md\/ro\/produs\/club-4-paws-premium-suhoj-korm-dlya-vzroslyh-koshek-s-chuvstvitelnym-pishhevareniem-2-kg\/","og_site_name":"Pet24","article_publisher":"https:\/\/www.facebook.com\/pet24.md","article_modified_time":"2024-09-22T22:11:42+00:00","og_image":[{"width":600,"height":600,"url":"https:\/\/pet24.md\/wp-content\/uploads\/2023\/03\/club-4-paws-premium-suhoj-korm-dlya-vzroslyh-koshek-s-chuvstvitelnym-pishhevareniem-2kg-x-2up-podarok-12pl.png","type":"image\/png"}],"twitter_card":"summary_large_image","schema":{"@context":"https:\/\/schema.org","@graph":[{"@type":"WebPage","@id":"https:\/\/pet24.md\/product\/club-4-paws-premium-suhoj-korm-dlya-vzroslyh-koshek-s-chuvstvitelnym-pishhevareniem-2-kg\/","url":"https:\/\/pet24.md\/product\/club-4-paws-premium-suhoj-korm-dlya-vzroslyh-koshek-s-chuvstvitelnym-pishhevareniem-2-kg\/","name":"CLUB 4 PAWS Hrana uscata premium pentru pisici cu digestie sensibila. 2kg x 2 pachet + Cadou 12pl","isPartOf":{"@id":"https:\/\/pet24.md\/#website"},"primaryImageOfPage":{"@id":"https:\/\/pet24.md\/product\/club-4-paws-premium-suhoj-korm-dlya-vzroslyh-koshek-s-chuvstvitelnym-pishhevareniem-2-kg\/#primaryimage"},"image":{"@id":"https:\/\/pet24.md\/product\/club-4-paws-premium-suhoj-korm-dlya-vzroslyh-koshek-s-chuvstvitelnym-pishhevareniem-2-kg\/#primaryimage"},"thumbnailUrl":"https:\/\/pet24.md\/wp-content\/uploads\/2023\/03\/club-4-paws-premium-suhoj-korm-dlya-vzroslyh-koshek-s-chuvstvitelnym-pishhevareniem-2kg-x-2up-podarok-12pl.png","datePublished":"2023-03-22T16:48:50+00:00","dateModified":"2024-09-22T22:11:42+00:00","description":"\u041a\u0443\u043f\u0438\u0442\u044c CLUB 4 PAWS \u041f\u0440\u0435\u043c\u0438\u0443\u043c \u0441\u0443\u0445\u043e\u0439 \u043a\u043e\u0440\u043c \u0434\u043b\u044f \u043a\u043e\u0448\u0435\u043a \u0441 \u0447\u0443\u0432\u0441\u0442\u0432\u0438\u0442\u0435\u043b\u044c\u043d\u044b\u043c \u043f\u0438\u0449\u0435\u0432\u0430\u0440\u0435\u043d\u0438\u0435\u043c. 2\u043a\u0433 x 2\u0443\u043f + \u041f\u043e\u0434\u0430\u0440\u043e\u043a 12pl \u0441 \u0434\u043e\u0441\u0442\u0430\u0432\u043a\u043e\u0439 \u043f\u043e \u041a\u0438\u0448\u0438\u043d\u0435\u0432\u0443 \u0438 \u0432\u0441\u0435\u0439 \u041c\u043e\u043b\u0434\u043e\u0432\u0435 \u043d\u0430 Pet24","breadcrumb":{"@id":"https:\/\/pet24.md\/product\/club-4-paws-premium-suhoj-korm-dlya-vzroslyh-koshek-s-chuvstvitelnym-pishhevareniem-2-kg\/#breadcrumb"},"inLanguage":"ro-RO","potentialAction":[{"@type":"ReadAction","target":["https:\/\/pet24.md\/product\/club-4-paws-premium-suhoj-korm-dlya-vzroslyh-koshek-s-chuvstvitelnym-pishhevareniem-2-kg\/"]}]},{"@type":"ImageObject","inLanguage":"ro-RO","@id":"https:\/\/pet24.md\/product\/club-4-paws-premium-suhoj-korm-dlya-vzroslyh-koshek-s-chuvstvitelnym-pishhevareniem-2-kg\/#primaryimage","url":"https:\/\/pet24.md\/wp-content\/uploads\/2023\/03\/club-4-paws-premium-suhoj-korm-dlya-vzroslyh-koshek-s-chuvstvitelnym-pishhevareniem-2kg-x-2up-podarok-12pl.png","contentUrl":"https:\/\/pet24.md\/wp-content\/uploads\/2023\/03\/club-4-paws-premium-suhoj-korm-dlya-vzroslyh-koshek-s-chuvstvitelnym-pishhevareniem-2kg-x-2up-podarok-12pl.png","width":600,"height":600},{"@type":"BreadcrumbList","@id":"https:\/\/pet24.md\/product\/club-4-paws-premium-suhoj-korm-dlya-vzroslyh-koshek-s-chuvstvitelnym-pishhevareniem-2-kg\/#breadcrumb","itemListElement":[{"@type":"ListItem","position":1,"name":"\u0413\u043b\u0430\u0432\u043d\u0430\u044f \u0441\u0442\u0440\u0430\u043d\u0438\u0446\u0430","item":"https:\/\/pet24.md\/"},{"@type":"ListItem","position":2,"name":"\u041c\u0430\u0433\u0430\u0437\u0438\u043d","item":"https:\/\/pet24.md\/shop\/"},{"@type":"ListItem","position":3,"name":"CLUB 4 PAWS \u041f\u0440\u0435\u043c\u0438\u0443\u043c \u0441\u0443\u0445\u043e\u0439 \u043a\u043e\u0440\u043c \u0434\u043b\u044f \u043a\u043e\u0448\u0435\u043a \u0441 \u0447\u0443\u0432\u0441\u0442\u0432\u0438\u0442\u0435\u043b\u044c\u043d\u044b\u043c \u043f\u0438\u0449\u0435\u0432\u0430\u0440\u0435\u043d\u0438\u0435\u043c. 2\u043a\u0433 x 2\u0443\u043f + \u041f\u043e\u0434\u0430\u0440\u043e\u043a 12pl"}]},{"@type":"WebSite","@id":"https:\/\/pet24.md\/#website","url":"https:\/\/pet24.md\/","name":"Pet24","description":"Magazin de animale de companie","publisher":{"@id":"https:\/\/pet24.md\/#organization"},"potentialAction":[{"@type":"SearchAction","target":{"@type":"EntryPoint","urlTemplate":"https:\/\/pet24.md\/?s={search_term_string}"},"query-input":{"@type":"PropertyValueSpecification","valueRequired":true,"valueName":"search_term_string"}}],"inLanguage":"ro-RO"},{"@type":"Organization","@id":"https:\/\/pet24.md\/#organization","name":"Pet24","url":"https:\/\/pet24.md\/","logo":{"@type":"ImageObject","inLanguage":"ro-RO","@id":"https:\/\/pet24.md\/#\/schema\/logo\/image\/","url":"https:\/\/pet24.md\/wp-content\/uploads\/2024\/09\/logo.svg","contentUrl":"https:\/\/pet24.md\/wp-content\/uploads\/2024\/09\/logo.svg","width":215,"height":66,"caption":"Pet24"},"image":{"@id":"https:\/\/pet24.md\/#\/schema\/logo\/image\/"},"sameAs":["https:\/\/www.facebook.com\/pet24.md","https:\/\/www.instagram.com\/pet24.md\/"],"telephone":"+37360508880"}]}},"_links":{"self":[{"href":"https:\/\/pet24.md\/ro\/wp-json\/wp\/v2\/product\/20962","targetHints":{"allow":["GET"]}}],"collection":[{"href":"https:\/\/pet24.md\/ro\/wp-json\/wp\/v2\/product"}],"about":[{"href":"https:\/\/pet24.md\/ro\/wp-json\/wp\/v2\/types\/product"}],"replies":[{"embeddable":true,"href":"https:\/\/pet24.md\/ro\/wp-json\/wp\/v2\/comments?post=20962"}],"wp:featuredmedia":[{"embeddable":true,"href":"https:\/\/pet24.md\/ro\/wp-json\/wp\/v2\/media\/91733"}],"wp:attachment":[{"href":"https:\/\/pet24.md\/ro\/wp-json\/wp\/v2\/media?parent=20962"}],"wp:term":[{"taxonomy":"product_brand","embeddable":true,"href":"https:\/\/pet24.md\/ro\/wp-json\/wp\/v2\/product_brand?post=20962"},{"taxonomy":"product_cat","embeddable":true,"href":"https:\/\/pet24.md\/ro\/wp-json\/wp\/v2\/product_cat?post=20962"},{"taxonomy":"product_tag","embeddable":true,"href":"https:\/\/pet24.md\/ro\/wp-json\/wp\/v2\/product_tag?post=20962"}],"curies":[{"name":"wp","href":"https:\/\/api.w.org\/{rel}","templated":true}]}}