{"id":21003,"date":"2023-03-24T15:39:36","date_gmt":"2023-03-24T15:39:36","guid":{"rendered":"https:\/\/pet24.md\/?post_type=product&#038;p=21003"},"modified":"2024-09-22T22:11:45","modified_gmt":"2024-09-22T22:11:45","slug":"optimeal-polnoraczionnyj-suhoj-korm-dlya-vzroslyh-koshek-telyatina-4-kg","status":"publish","type":"product","link":"https:\/\/pet24.md\/ro\/produs\/optimeal-polnoraczionnyj-suhoj-korm-dlya-vzroslyh-koshek-telyatina-4-kg\/","title":{"rendered":"OPTIMEAL\u2122. Hrana uscata completa pentru pisici adulte \u2013 vitel 10 kg"},"content":{"rendered":"<p><strong>OPTIMEAL\u2122. Hrana USCATA COMPLETA PENTRU PISICILE MARI CU UN CONTINUT MARE DE VIDEL<\/strong><\/p>\n<p><strong>AVANTAJE:<\/strong><\/p>\n<ul>\n<li><strong>Compozi\u021bia optim\u0103 de aminoacizi<\/strong><\/li>\n<li><strong>Raport echilibrat de nutrien\u021bi<\/strong><\/li>\n<li><strong>Vi\u021belul proasp\u0103t sub form\u0103 de carne tocat\u0103 ofer\u0103 pisicii proteine animale de \u00eenalt\u0103 calitate u\u0219or digerabile \u0219i promoveaz\u0103 o digestie s\u0103n\u0103toas\u0103.<\/strong><\/li>\n<li><strong>Con\u021bine Immunity Support Mix, plante, fructe de p\u0103dure, antioxidan\u021bi naturali \u0219i prebiotice pentru \u00eent\u0103rirea sistemului imunitar<\/strong><\/li>\n<li><strong>Omega 3 \u0219i 6, zinc, biotina ajut\u0103 la men\u021binerea pielii s\u0103n\u0103toase \u0219i a unui strat str\u0103lucitor<\/strong><\/li>\n<li><strong>Con\u021bine 63.191 TP3T proteine animale<\/strong><\/li>\n<li><strong>Formula SUPER PREMIUM. Hrana este produs\u0103 sub supravegherea medicilor veterinari folosind tehnologii de la Swiss Pet Nutrition Group.<\/strong><\/li>\n<li><strong>Carnea de vi\u021bel proasp\u0103t\u0103 ofer\u0103 o hran\u0103 foarte gustoas\u0103, care va satisface chiar \u0219i cele mai preten\u021bioase pisici. \u00cent\u0103re\u0219te sistemul imunitar. Cur\u0103\u021b\u0103 din\u021bii.<\/strong><\/li>\n<\/ul>\n<p><strong>Compus:<\/strong> carne de vi\u021bel dezosat\u0103 14 %, proteine de pui deshidratate, nu mai pu\u021bin de 11 %, proteine de curcan deshidratate, nu mai pu\u021bin de 11 %, orez, orz, gluten de porumb, gr\u0103sime de pui, porumb, orez brun, proteine animale hidrolizate 3,5 %, ficat de pui hidrolizat pulbere, semin\u021be de in 1,7 %, drojdie de bere, minerale, pulp\u0103 de sfecl\u0103, ulei de somon, pudr\u0103 de ou, meri\u0219oare 0,2 %, ulei de borage, beta-1,3\/1,6-glucani 0,05 % , surs\u0103 Actigen\u00ae (surs\u0103 preligo-acizi)-acidozalicilor 0,04 %, g\u0103lbenele (surs\u0103 de lutein\u0103) 0,04 %, r\u0103d\u0103cin\u0103 de brusture, r\u0103d\u0103cin\u0103 de marshmallow, flori de mu\u0219e\u021bel 0,03 %, urzic\u0103 0,03 %, cimbru 0,015 %.<\/p>\n<p><strong>Compozi\u021bia analitic\u0103:<\/strong> protein\u0103 brut\u0103 \u2013 34 %, gr\u0103sime brut\u0103 \u2013 16 %, cenu\u0219\u0103 brut\u0103 \u2013 6,6 %, fibre brute \u2013 1,5 %, umiditate \u2013 6,5 %, calciu \u2013 1,25 %, fosfor \u2013 1,05 1TP30T, magneziu \u2013 1TP30T La 1 kg de furaj: Acizi gra\u0219i Omega-3 \u2013 5,5 g, Acizi gra\u0219i Omega-6 \u2013 33,2 g 81,91 Proteine furajere % \u2013 de origine animal\u0103.<\/p>\n<p><strong>Suplimente Suplimente nutritive<\/strong> (pe 1 kg de furaj), mg\/kg: vitamina A (3a672a): 15.000 UI, vitamina D3 (3a671): 750 UI, vitamina E (3a700): 600, vitamina C (3a312): 200, vitamina B6 (3a831) ): 6, biotin\u0103 (3a880): 0,08, taurin\u0103 (3a370): 2.100; compu\u0219i cu oligoelemente: fier (3b104): 35, iod (3b201): 2,5, cupru (3b405): 8,2, mangan (3b503): 38, zinc (3b604): 148, seleniu (3b801): 0,09; aminoacizi: DL-metionin\u0103, pur tehnic (3c301): 2.500.<\/p>\n<p><strong>Aditivi tehnologici<\/strong> (pe 1 kg de furaj), mg\/kg: antioxidan\u021bi naturali: 300, extract natural de tocoferol: 500.<\/p>\n<p><strong>Valoarea energetic\u0103<\/strong> la 100 g furaj: 1.683,43 kJ (402,36 kcal).<\/p>\n<p><strong>Aportul zilnic de hr\u0103nire recomandat:<\/strong><\/p>\n<table>\n<tbody>\n<tr>\n<td><strong>Greutatea animalului, kg<\/strong><\/td>\n<td><strong>Cantitatea de alimente, grame\/zi<\/strong><\/td>\n<\/tr>\n<tr>\n<td><span style=\"font-weight: 400\">2<\/span><\/td>\n<td><span style=\"font-weight: 400\">25-30<\/span><\/td>\n<\/tr>\n<tr>\n<td><span style=\"font-weight: 400\">3<\/span><\/td>\n<td><span style=\"font-weight: 400\">37-45<\/span><\/td>\n<\/tr>\n<tr>\n<td><span style=\"font-weight: 400\">4<\/span><\/td>\n<td><span style=\"font-weight: 400\">50-60<\/span><\/td>\n<\/tr>\n<tr>\n<td><span style=\"font-weight: 400\">5<\/span><\/td>\n<td><span style=\"font-weight: 400\">62-75<\/span><\/td>\n<\/tr>\n<\/tbody>\n<\/table>\n<p>Alimentele trebuie introduse \u00een alimenta\u021bie treptat (cel pu\u021bin \u00een primele 5 zile). Ofer\u0103 animalului t\u0103u acces constant la ap\u0103 potabil\u0103 curat\u0103. Cerin\u021bele individuale de hr\u0103nire pot varia \u00een func\u021bie de v\u00e2rsta animalului, rasa, nivelul de activitate \u0219i condi\u021biile de via\u021b\u0103, sunt indicate pe ambalaj data fabrica\u021biei, data \u201ede p\u00e2n\u0103 la utilizare\u201d \u0219i num\u0103rul de lot. A se pastra intr-un loc uscat, racoros, ferit de lumina soarelui.<\/p>","protected":false},"excerpt":{"rendered":"<p>OPTIMEAL\u2122. Hrana USCAT\u0102 COMPLET\u0102 PENTRU PISICI MARI CU CON\u021aINUT MARE DE VID\u0102 AVANTAJE: Compozi\u021bie optim\u0103 de aminoacizi Raport echilibrat de nutrien\u021bi Carne de vi\u021bel proasp\u0103t\u0103 \u00een...<\/p>","protected":false},"featured_media":90013,"comment_status":"closed","ping_status":"closed","template":"","meta":[],"product_brand":[],"product_cat":[309,193,320],"product_tag":[322,332,325,351],"class_list":{"0":"post-21003","1":"product","2":"type-product","3":"status-publish","4":"has-post-thumbnail","6":"product_cat-catfood","7":"product_cat-cat","8":"product_cat-catdry","9":"product_tag-optimeal-koshkam","10":"product_tag-vzroslaya-koshka","11":"product_tag-suhoj-korm","12":"product_tag-telyatina","13":"pa_age-pet-vzroslyj","14":"pa_brand-optimeal","15":"pa_feed-class-super-premium","16":"pa_meat-ingredients-telyatina","17":"pa_packaging-meshok","18":"pa_pet-koshka","19":"pa_pet-feature-zdorovyj-pitomecz","20":"pa_type-feed-suhoj-korm","21":"pa_weight-4-kg","23":"first","24":"instock","25":"product-type-simple"},"yoast_head":"<!-- This site is optimized with the Yoast SEO Premium plugin v23.7 (Yoast SEO v27.5) - https:\/\/yoast.com\/product\/yoast-seo-premium-wordpress\/ -->\n<title>OPTIMEAL\u2122. \u041f\u043e\u043b\u043d\u043e\u0440\u0430\u0446\u0438\u043e\u043d\u043d\u044b\u0439 \u0441\u0443\u0445\u043e\u0439 \u043a\u043e\u0440\u043c \u0434\u043b\u044f \u0432\u0437\u0440\u043e\u0441\u043b\u044b\u0445 \u043a\u043e\u0448\u0435\u043a \u2013 \u0442\u0435\u043b\u044f\u0442\u0438\u043d\u0430 4 \u043a\u0433<\/title>\n<meta name=\"description\" content=\"\u041a\u0443\u043f\u0438\u0442\u044c OPTIMEAL\u2122. \u041f\u043e\u043b\u043d\u043e\u0440\u0430\u0446\u0438\u043e\u043d\u043d\u044b\u0439 \u0441\u0443\u0445\u043e\u0439 \u043a\u043e\u0440\u043c \u0434\u043b\u044f \u0432\u0437\u0440\u043e\u0441\u043b\u044b\u0445 \u043a\u043e\u0448\u0435\u043a \u2013 \u0442\u0435\u043b\u044f\u0442\u0438\u043d\u0430 4 \u043a\u0433 \u0441 \u0434\u043e\u0441\u0442\u0430\u0432\u043a\u043e\u0439 \u043f\u043e \u041a\u0438\u0448\u0438\u043d\u0435\u0432\u0443 \u0438 \u0432\u0441\u0435\u0439 \u041c\u043e\u043b\u0434\u043e\u0432\u0435 \u043d\u0430 Pet24\" \/>\n<meta name=\"robots\" content=\"index, follow, max-snippet:-1, max-image-preview:large, max-video-preview:-1\" \/>\n<link rel=\"canonical\" href=\"https:\/\/pet24.md\/ro\/produs\/optimeal-polnoraczionnyj-suhoj-korm-dlya-vzroslyh-koshek-telyatina-4-kg\/\" \/>\n<meta property=\"og:locale\" content=\"ro_RO\" \/>\n<meta property=\"og:type\" content=\"article\" \/>\n<meta property=\"og:title\" content=\"OPTIMEAL\u2122. \u041f\u043e\u043b\u043d\u043e\u0440\u0430\u0446\u0438\u043e\u043d\u043d\u044b\u0439 \u0441\u0443\u0445\u043e\u0439 \u043a\u043e\u0440\u043c \u0434\u043b\u044f \u0432\u0437\u0440\u043e\u0441\u043b\u044b\u0445 \u043a\u043e\u0448\u0435\u043a \u2013 \u0442\u0435\u043b\u044f\u0442\u0438\u043d\u0430 4 \u043a\u0433\" \/>\n<meta property=\"og:description\" content=\"\u041a\u0443\u043f\u0438\u0442\u044c OPTIMEAL\u2122. \u041f\u043e\u043b\u043d\u043e\u0440\u0430\u0446\u0438\u043e\u043d\u043d\u044b\u0439 \u0441\u0443\u0445\u043e\u0439 \u043a\u043e\u0440\u043c \u0434\u043b\u044f \u0432\u0437\u0440\u043e\u0441\u043b\u044b\u0445 \u043a\u043e\u0448\u0435\u043a \u2013 \u0442\u0435\u043b\u044f\u0442\u0438\u043d\u0430 4 \u043a\u0433 \u0441 \u0434\u043e\u0441\u0442\u0430\u0432\u043a\u043e\u0439 \u043f\u043e \u041a\u0438\u0448\u0438\u043d\u0435\u0432\u0443 \u0438 \u0432\u0441\u0435\u0439 \u041c\u043e\u043b\u0434\u043e\u0432\u0435 \u043d\u0430 Pet24\" \/>\n<meta property=\"og:url\" content=\"https:\/\/pet24.md\/ro\/produs\/optimeal-polnoraczionnyj-suhoj-korm-dlya-vzroslyh-koshek-telyatina-4-kg\/\" \/>\n<meta property=\"og:site_name\" content=\"Pet24\" \/>\n<meta property=\"article:publisher\" content=\"https:\/\/www.facebook.com\/pet24.md\" \/>\n<meta property=\"article:modified_time\" content=\"2024-09-22T22:11:45+00:00\" \/>\n<meta property=\"og:image\" content=\"https:\/\/pet24.md\/wp-content\/uploads\/2024\/09\/optimeal\u2122-polnoraczionnyj-suhoj-korm-dlya-vzroslyh-koshek-telyatina-4-kg.webp\" \/>\n\t<meta property=\"og:image:width\" content=\"600\" \/>\n\t<meta property=\"og:image:height\" content=\"600\" \/>\n\t<meta property=\"og:image:type\" content=\"image\/webp\" \/>\n<meta name=\"twitter:card\" content=\"summary_large_image\" \/>\n<script type=\"application\/ld+json\" class=\"yoast-schema-graph\">{\"@context\":\"https:\\\/\\\/schema.org\",\"@graph\":[{\"@type\":\"WebPage\",\"@id\":\"https:\\\/\\\/pet24.md\\\/product\\\/optimeal-polnoraczionnyj-suhoj-korm-dlya-vzroslyh-koshek-telyatina-4-kg\\\/\",\"url\":\"https:\\\/\\\/pet24.md\\\/product\\\/optimeal-polnoraczionnyj-suhoj-korm-dlya-vzroslyh-koshek-telyatina-4-kg\\\/\",\"name\":\"OPTIMEAL\u2122. \u041f\u043e\u043b\u043d\u043e\u0440\u0430\u0446\u0438\u043e\u043d\u043d\u044b\u0439 \u0441\u0443\u0445\u043e\u0439 \u043a\u043e\u0440\u043c \u0434\u043b\u044f \u0432\u0437\u0440\u043e\u0441\u043b\u044b\u0445 \u043a\u043e\u0448\u0435\u043a \u2013 \u0442\u0435\u043b\u044f\u0442\u0438\u043d\u0430 4 \u043a\u0433\",\"isPartOf\":{\"@id\":\"https:\\\/\\\/pet24.md\\\/#website\"},\"primaryImageOfPage\":{\"@id\":\"https:\\\/\\\/pet24.md\\\/product\\\/optimeal-polnoraczionnyj-suhoj-korm-dlya-vzroslyh-koshek-telyatina-4-kg\\\/#primaryimage\"},\"image\":{\"@id\":\"https:\\\/\\\/pet24.md\\\/product\\\/optimeal-polnoraczionnyj-suhoj-korm-dlya-vzroslyh-koshek-telyatina-4-kg\\\/#primaryimage\"},\"thumbnailUrl\":\"https:\\\/\\\/pet24.md\\\/wp-content\\\/uploads\\\/2024\\\/09\\\/optimeal\u2122-polnoraczionnyj-suhoj-korm-dlya-vzroslyh-koshek-telyatina-4-kg.webp\",\"datePublished\":\"2023-03-24T15:39:36+00:00\",\"dateModified\":\"2024-09-22T22:11:45+00:00\",\"description\":\"\u041a\u0443\u043f\u0438\u0442\u044c OPTIMEAL\u2122. \u041f\u043e\u043b\u043d\u043e\u0440\u0430\u0446\u0438\u043e\u043d\u043d\u044b\u0439 \u0441\u0443\u0445\u043e\u0439 \u043a\u043e\u0440\u043c \u0434\u043b\u044f \u0432\u0437\u0440\u043e\u0441\u043b\u044b\u0445 \u043a\u043e\u0448\u0435\u043a \u2013 \u0442\u0435\u043b\u044f\u0442\u0438\u043d\u0430 4 \u043a\u0433 \u0441 \u0434\u043e\u0441\u0442\u0430\u0432\u043a\u043e\u0439 \u043f\u043e \u041a\u0438\u0448\u0438\u043d\u0435\u0432\u0443 \u0438 \u0432\u0441\u0435\u0439 \u041c\u043e\u043b\u0434\u043e\u0432\u0435 \u043d\u0430 Pet24\",\"breadcrumb\":{\"@id\":\"https:\\\/\\\/pet24.md\\\/product\\\/optimeal-polnoraczionnyj-suhoj-korm-dlya-vzroslyh-koshek-telyatina-4-kg\\\/#breadcrumb\"},\"inLanguage\":\"ro-RO\",\"potentialAction\":[{\"@type\":\"ReadAction\",\"target\":[\"https:\\\/\\\/pet24.md\\\/product\\\/optimeal-polnoraczionnyj-suhoj-korm-dlya-vzroslyh-koshek-telyatina-4-kg\\\/\"]}]},{\"@type\":\"ImageObject\",\"inLanguage\":\"ro-RO\",\"@id\":\"https:\\\/\\\/pet24.md\\\/product\\\/optimeal-polnoraczionnyj-suhoj-korm-dlya-vzroslyh-koshek-telyatina-4-kg\\\/#primaryimage\",\"url\":\"https:\\\/\\\/pet24.md\\\/wp-content\\\/uploads\\\/2024\\\/09\\\/optimeal\u2122-polnoraczionnyj-suhoj-korm-dlya-vzroslyh-koshek-telyatina-4-kg.webp\",\"contentUrl\":\"https:\\\/\\\/pet24.md\\\/wp-content\\\/uploads\\\/2024\\\/09\\\/optimeal\u2122-polnoraczionnyj-suhoj-korm-dlya-vzroslyh-koshek-telyatina-4-kg.webp\",\"width\":600,\"height\":600,\"caption\":\"optimeal\u2122 polnoraczionnyj suhoj korm dlya vzroslyh koshek telyatina 4 kg\"},{\"@type\":\"BreadcrumbList\",\"@id\":\"https:\\\/\\\/pet24.md\\\/product\\\/optimeal-polnoraczionnyj-suhoj-korm-dlya-vzroslyh-koshek-telyatina-4-kg\\\/#breadcrumb\",\"itemListElement\":[{\"@type\":\"ListItem\",\"position\":1,\"name\":\"\u0413\u043b\u0430\u0432\u043d\u0430\u044f \u0441\u0442\u0440\u0430\u043d\u0438\u0446\u0430\",\"item\":\"https:\\\/\\\/pet24.md\\\/\"},{\"@type\":\"ListItem\",\"position\":2,\"name\":\"\u041c\u0430\u0433\u0430\u0437\u0438\u043d\",\"item\":\"https:\\\/\\\/pet24.md\\\/shop\\\/\"},{\"@type\":\"ListItem\",\"position\":3,\"name\":\"OPTIMEAL\u2122. \u041f\u043e\u043b\u043d\u043e\u0440\u0430\u0446\u0438\u043e\u043d\u043d\u044b\u0439 \u0441\u0443\u0445\u043e\u0439 \u043a\u043e\u0440\u043c \u0434\u043b\u044f \u0432\u0437\u0440\u043e\u0441\u043b\u044b\u0445 \u043a\u043e\u0448\u0435\u043a \u2013 \u0442\u0435\u043b\u044f\u0442\u0438\u043d\u0430 4 \u043a\u0433\"}]},{\"@type\":\"WebSite\",\"@id\":\"https:\\\/\\\/pet24.md\\\/#website\",\"url\":\"https:\\\/\\\/pet24.md\\\/\",\"name\":\"Pet24\",\"description\":\"\u0417\u043e\u043e\u043c\u0430\u0433\u0430\u0437\u0438\u043d \u0442\u043e\u0432\u0430\u0440\u043e\u0432 \u0434\u043b\u044f \u0434\u043e\u043c\u0430\u0448\u043d\u0438\u0445 \u043f\u0438\u0442\u043e\u043c\u0446\u0435\u0432\",\"publisher\":{\"@id\":\"https:\\\/\\\/pet24.md\\\/#organization\"},\"potentialAction\":[{\"@type\":\"SearchAction\",\"target\":{\"@type\":\"EntryPoint\",\"urlTemplate\":\"https:\\\/\\\/pet24.md\\\/?s={search_term_string}\"},\"query-input\":{\"@type\":\"PropertyValueSpecification\",\"valueRequired\":true,\"valueName\":\"search_term_string\"}}],\"inLanguage\":\"ro-RO\"},{\"@type\":\"Organization\",\"@id\":\"https:\\\/\\\/pet24.md\\\/#organization\",\"name\":\"Pet24\",\"url\":\"https:\\\/\\\/pet24.md\\\/\",\"logo\":{\"@type\":\"ImageObject\",\"inLanguage\":\"ro-RO\",\"@id\":\"https:\\\/\\\/pet24.md\\\/#\\\/schema\\\/logo\\\/image\\\/\",\"url\":\"https:\\\/\\\/pet24.md\\\/wp-content\\\/uploads\\\/2024\\\/09\\\/logo.svg\",\"contentUrl\":\"https:\\\/\\\/pet24.md\\\/wp-content\\\/uploads\\\/2024\\\/09\\\/logo.svg\",\"width\":215,\"height\":66,\"caption\":\"Pet24\"},\"image\":{\"@id\":\"https:\\\/\\\/pet24.md\\\/#\\\/schema\\\/logo\\\/image\\\/\"},\"sameAs\":[\"https:\\\/\\\/www.facebook.com\\\/pet24.md\",\"https:\\\/\\\/www.instagram.com\\\/pet24.md\\\/\"],\"telephone\":\"+37360508880\"}]}<\/script>\n<!-- \/ Yoast SEO Premium plugin. -->","yoast_head_json":{"title":"OPTIMEAL\u2122. Hrana uscata completa pentru pisici adulte \u2013 vitel 10 kg","description":"\u041a\u0443\u043f\u0438\u0442\u044c OPTIMEAL\u2122. \u041f\u043e\u043b\u043d\u043e\u0440\u0430\u0446\u0438\u043e\u043d\u043d\u044b\u0439 \u0441\u0443\u0445\u043e\u0439 \u043a\u043e\u0440\u043c \u0434\u043b\u044f \u0432\u0437\u0440\u043e\u0441\u043b\u044b\u0445 \u043a\u043e\u0448\u0435\u043a \u2013 \u0442\u0435\u043b\u044f\u0442\u0438\u043d\u0430 4 \u043a\u0433 \u0441 \u0434\u043e\u0441\u0442\u0430\u0432\u043a\u043e\u0439 \u043f\u043e \u041a\u0438\u0448\u0438\u043d\u0435\u0432\u0443 \u0438 \u0432\u0441\u0435\u0439 \u041c\u043e\u043b\u0434\u043e\u0432\u0435 \u043d\u0430 Pet24","robots":{"index":"index","follow":"follow","max-snippet":"max-snippet:-1","max-image-preview":"max-image-preview:large","max-video-preview":"max-video-preview:-1"},"canonical":"https:\/\/pet24.md\/ro\/produs\/optimeal-polnoraczionnyj-suhoj-korm-dlya-vzroslyh-koshek-telyatina-4-kg\/","og_locale":"ro_RO","og_type":"article","og_title":"OPTIMEAL\u2122. \u041f\u043e\u043b\u043d\u043e\u0440\u0430\u0446\u0438\u043e\u043d\u043d\u044b\u0439 \u0441\u0443\u0445\u043e\u0439 \u043a\u043e\u0440\u043c \u0434\u043b\u044f \u0432\u0437\u0440\u043e\u0441\u043b\u044b\u0445 \u043a\u043e\u0448\u0435\u043a \u2013 \u0442\u0435\u043b\u044f\u0442\u0438\u043d\u0430 4 \u043a\u0433","og_description":"\u041a\u0443\u043f\u0438\u0442\u044c OPTIMEAL\u2122. \u041f\u043e\u043b\u043d\u043e\u0440\u0430\u0446\u0438\u043e\u043d\u043d\u044b\u0439 \u0441\u0443\u0445\u043e\u0439 \u043a\u043e\u0440\u043c \u0434\u043b\u044f \u0432\u0437\u0440\u043e\u0441\u043b\u044b\u0445 \u043a\u043e\u0448\u0435\u043a \u2013 \u0442\u0435\u043b\u044f\u0442\u0438\u043d\u0430 4 \u043a\u0433 \u0441 \u0434\u043e\u0441\u0442\u0430\u0432\u043a\u043e\u0439 \u043f\u043e \u041a\u0438\u0448\u0438\u043d\u0435\u0432\u0443 \u0438 \u0432\u0441\u0435\u0439 \u041c\u043e\u043b\u0434\u043e\u0432\u0435 \u043d\u0430 Pet24","og_url":"https:\/\/pet24.md\/ro\/produs\/optimeal-polnoraczionnyj-suhoj-korm-dlya-vzroslyh-koshek-telyatina-4-kg\/","og_site_name":"Pet24","article_publisher":"https:\/\/www.facebook.com\/pet24.md","article_modified_time":"2024-09-22T22:11:45+00:00","og_image":[{"width":600,"height":600,"url":"https:\/\/pet24.md\/wp-content\/uploads\/2024\/09\/optimeal\u2122-polnoraczionnyj-suhoj-korm-dlya-vzroslyh-koshek-telyatina-4-kg.webp","type":"image\/webp"}],"twitter_card":"summary_large_image","schema":{"@context":"https:\/\/schema.org","@graph":[{"@type":"WebPage","@id":"https:\/\/pet24.md\/product\/optimeal-polnoraczionnyj-suhoj-korm-dlya-vzroslyh-koshek-telyatina-4-kg\/","url":"https:\/\/pet24.md\/product\/optimeal-polnoraczionnyj-suhoj-korm-dlya-vzroslyh-koshek-telyatina-4-kg\/","name":"OPTIMEAL\u2122. Hrana uscata completa pentru pisici adulte \u2013 vitel 10 kg","isPartOf":{"@id":"https:\/\/pet24.md\/#website"},"primaryImageOfPage":{"@id":"https:\/\/pet24.md\/product\/optimeal-polnoraczionnyj-suhoj-korm-dlya-vzroslyh-koshek-telyatina-4-kg\/#primaryimage"},"image":{"@id":"https:\/\/pet24.md\/product\/optimeal-polnoraczionnyj-suhoj-korm-dlya-vzroslyh-koshek-telyatina-4-kg\/#primaryimage"},"thumbnailUrl":"https:\/\/pet24.md\/wp-content\/uploads\/2024\/09\/optimeal\u2122-polnoraczionnyj-suhoj-korm-dlya-vzroslyh-koshek-telyatina-4-kg.webp","datePublished":"2023-03-24T15:39:36+00:00","dateModified":"2024-09-22T22:11:45+00:00","description":"\u041a\u0443\u043f\u0438\u0442\u044c OPTIMEAL\u2122. \u041f\u043e\u043b\u043d\u043e\u0440\u0430\u0446\u0438\u043e\u043d\u043d\u044b\u0439 \u0441\u0443\u0445\u043e\u0439 \u043a\u043e\u0440\u043c \u0434\u043b\u044f \u0432\u0437\u0440\u043e\u0441\u043b\u044b\u0445 \u043a\u043e\u0448\u0435\u043a \u2013 \u0442\u0435\u043b\u044f\u0442\u0438\u043d\u0430 4 \u043a\u0433 \u0441 \u0434\u043e\u0441\u0442\u0430\u0432\u043a\u043e\u0439 \u043f\u043e \u041a\u0438\u0448\u0438\u043d\u0435\u0432\u0443 \u0438 \u0432\u0441\u0435\u0439 \u041c\u043e\u043b\u0434\u043e\u0432\u0435 \u043d\u0430 Pet24","breadcrumb":{"@id":"https:\/\/pet24.md\/product\/optimeal-polnoraczionnyj-suhoj-korm-dlya-vzroslyh-koshek-telyatina-4-kg\/#breadcrumb"},"inLanguage":"ro-RO","potentialAction":[{"@type":"ReadAction","target":["https:\/\/pet24.md\/product\/optimeal-polnoraczionnyj-suhoj-korm-dlya-vzroslyh-koshek-telyatina-4-kg\/"]}]},{"@type":"ImageObject","inLanguage":"ro-RO","@id":"https:\/\/pet24.md\/product\/optimeal-polnoraczionnyj-suhoj-korm-dlya-vzroslyh-koshek-telyatina-4-kg\/#primaryimage","url":"https:\/\/pet24.md\/wp-content\/uploads\/2024\/09\/optimeal\u2122-polnoraczionnyj-suhoj-korm-dlya-vzroslyh-koshek-telyatina-4-kg.webp","contentUrl":"https:\/\/pet24.md\/wp-content\/uploads\/2024\/09\/optimeal\u2122-polnoraczionnyj-suhoj-korm-dlya-vzroslyh-koshek-telyatina-4-kg.webp","width":600,"height":600,"caption":"optimeal\u2122 polnoraczionnyj suhoj korm dlya vzroslyh koshek telyatina 4 kg"},{"@type":"BreadcrumbList","@id":"https:\/\/pet24.md\/product\/optimeal-polnoraczionnyj-suhoj-korm-dlya-vzroslyh-koshek-telyatina-4-kg\/#breadcrumb","itemListElement":[{"@type":"ListItem","position":1,"name":"\u0413\u043b\u0430\u0432\u043d\u0430\u044f \u0441\u0442\u0440\u0430\u043d\u0438\u0446\u0430","item":"https:\/\/pet24.md\/"},{"@type":"ListItem","position":2,"name":"\u041c\u0430\u0433\u0430\u0437\u0438\u043d","item":"https:\/\/pet24.md\/shop\/"},{"@type":"ListItem","position":3,"name":"OPTIMEAL\u2122. \u041f\u043e\u043b\u043d\u043e\u0440\u0430\u0446\u0438\u043e\u043d\u043d\u044b\u0439 \u0441\u0443\u0445\u043e\u0439 \u043a\u043e\u0440\u043c \u0434\u043b\u044f \u0432\u0437\u0440\u043e\u0441\u043b\u044b\u0445 \u043a\u043e\u0448\u0435\u043a \u2013 \u0442\u0435\u043b\u044f\u0442\u0438\u043d\u0430 4 \u043a\u0433"}]},{"@type":"WebSite","@id":"https:\/\/pet24.md\/#website","url":"https:\/\/pet24.md\/","name":"Pet24","description":"Magazin de animale de companie","publisher":{"@id":"https:\/\/pet24.md\/#organization"},"potentialAction":[{"@type":"SearchAction","target":{"@type":"EntryPoint","urlTemplate":"https:\/\/pet24.md\/?s={search_term_string}"},"query-input":{"@type":"PropertyValueSpecification","valueRequired":true,"valueName":"search_term_string"}}],"inLanguage":"ro-RO"},{"@type":"Organization","@id":"https:\/\/pet24.md\/#organization","name":"Pet24","url":"https:\/\/pet24.md\/","logo":{"@type":"ImageObject","inLanguage":"ro-RO","@id":"https:\/\/pet24.md\/#\/schema\/logo\/image\/","url":"https:\/\/pet24.md\/wp-content\/uploads\/2024\/09\/logo.svg","contentUrl":"https:\/\/pet24.md\/wp-content\/uploads\/2024\/09\/logo.svg","width":215,"height":66,"caption":"Pet24"},"image":{"@id":"https:\/\/pet24.md\/#\/schema\/logo\/image\/"},"sameAs":["https:\/\/www.facebook.com\/pet24.md","https:\/\/www.instagram.com\/pet24.md\/"],"telephone":"+37360508880"}]}},"_links":{"self":[{"href":"https:\/\/pet24.md\/ro\/wp-json\/wp\/v2\/product\/21003","targetHints":{"allow":["GET"]}}],"collection":[{"href":"https:\/\/pet24.md\/ro\/wp-json\/wp\/v2\/product"}],"about":[{"href":"https:\/\/pet24.md\/ro\/wp-json\/wp\/v2\/types\/product"}],"replies":[{"embeddable":true,"href":"https:\/\/pet24.md\/ro\/wp-json\/wp\/v2\/comments?post=21003"}],"wp:featuredmedia":[{"embeddable":true,"href":"https:\/\/pet24.md\/ro\/wp-json\/wp\/v2\/media\/90013"}],"wp:attachment":[{"href":"https:\/\/pet24.md\/ro\/wp-json\/wp\/v2\/media?parent=21003"}],"wp:term":[{"taxonomy":"product_brand","embeddable":true,"href":"https:\/\/pet24.md\/ro\/wp-json\/wp\/v2\/product_brand?post=21003"},{"taxonomy":"product_cat","embeddable":true,"href":"https:\/\/pet24.md\/ro\/wp-json\/wp\/v2\/product_cat?post=21003"},{"taxonomy":"product_tag","embeddable":true,"href":"https:\/\/pet24.md\/ro\/wp-json\/wp\/v2\/product_tag?post=21003"}],"curies":[{"name":"wp","href":"https:\/\/api.w.org\/{rel}","templated":true}]}}