{"id":21024,"date":"2023-03-24T16:27:59","date_gmt":"2023-03-24T16:27:59","guid":{"rendered":"https:\/\/pet24.md\/?post_type=product&#038;p=21024"},"modified":"2024-09-22T22:11:46","modified_gmt":"2024-09-22T22:11:46","slug":"optimeal-polnoraczionnyj-suhoj-korm-dlya-sterilizovannyh-koshek-i-kastrirovannyh-kotov-indejka-i-oves-4-kg","status":"publish","type":"product","link":"https:\/\/pet24.md\/ro\/produs\/optimeal-polnoraczionnyj-suhoj-korm-dlya-sterilizovannyh-koshek-i-kastrirovannyh-kotov-indejka-i-oves-4-kg\/","title":{"rendered":"OPTIMEAL\u2122. Hrana uscata completa pentru pisici sterilizate \u2013 curcan si ovaz (4 kg + CADOU)"},"content":{"rendered":"<h2>OPTIMEAL\u2122 Hran\u0103 uscat\u0103 complet\u0103 pentru pisici sterilizate \u0219i sterilizate \u2013 curcan \u0219i ov\u0103z 4 kg<\/h2>\n<p>Hrana uscata completa OPTIMEAL\u2122 pentru pisici sterilizate si castrate cu curcan si ovaz este formulata pentru a sustine sanatatea si bunastarea pisicii dumneavoastra, oferind in acelasi timp o nutritie super premium.<\/p>\n<h3>Avantaje:<\/h3>\n<ul>\n<li><strong>Sistem urinar s\u0103n\u0103tos<\/strong>: Con\u021binutul de minerale echilibrat sus\u021bine un sistem urinar s\u0103n\u0103tos prin reducerea concentra\u021biei de cristale \u00een urin\u0103 \u0219i men\u021binerea nivelurilor optime de pH.<\/li>\n<li><strong>Greutate optim\u0103<\/strong>: Aminoacidul special L-carnitina ajut\u0103 la transformarea excesului de gr\u0103sime \u00een energie, men\u021bin\u00e2nd silueta ideal\u0103 a pisicii tale.<\/li>\n<li><strong>Proteine de \u00eenalt\u0103 calitate<\/strong>: Curcanul proasp\u0103t m\u0103cinat ofer\u0103 pisicii tale proteine de \u00eenalt\u0103 calitate, u\u0219or digerabile, pentru a promova o digestie s\u0103n\u0103toas\u0103.<\/li>\n<li><strong>Mix de sprijin pentru imunitate<\/strong>: Contine ierburi benefice, fructe de padure, antioxidanti naturali si prebiotice pentru a sustine imunitatea.<\/li>\n<li><strong>Omega 3 \u0219i 6, zinc, biotin\u0103<\/strong>: Mentine pielea sanatoasa si blana stralucitoare.<\/li>\n<li><strong>Proteine animale<\/strong>: Con\u021bine 56.881 TP3T proteine animale.<\/li>\n<li><strong>Formula SUPER PREMIUM<\/strong>: Dieta este realizat\u0103 sub supraveghere veterinar\u0103 folosind tehnologiile Swiss Pet Nutrition Group.<\/li>\n<\/ul>\n<h3>Compus:<\/h3>\n<ul>\n<li><strong>Beta glucani special purifica\u021bi<\/strong>: \u00cembun\u0103t\u0103\u021be\u0219te func\u021bia sistemului imunitar pentru o via\u021b\u0103 lung\u0103.<\/li>\n<li><strong>Noua genera\u021bie de prebiotice Actigen<\/strong>\u2013 normalizeaz\u0103 echilibrul microflorei intestinale benefice \u0219i asigur\u0103 o digestie s\u0103n\u0103toas\u0103.<\/li>\n<li><strong>SubStar ULTRA antioxidant natural pe baz\u0103 de rozmarin<\/strong>: Are propriet\u0103\u021bi antimicrobiene \u0219i antiinflamatorii, prevenind distrugerea celulelor \u0219i \u00eemboln\u0103virea.<\/li>\n<li><strong>Omega 3 \u0219i 6 \/ Zinc \/ Biotin\u0103<\/strong>: Sprijin\u0103 pielea s\u0103n\u0103toas\u0103 \u0219i blana frumoas\u0103<\/li>\n<\/ul>","protected":false},"excerpt":{"rendered":"<p>Hran\u0103 uscat\u0103 complet\u0103 OPTIMEAL\u2122 pentru pisici sterilizate \u0219i sterilizate \u2013 Curcan \u0219i ov\u0103z 4 kg Hran\u0103 uscat\u0103 complet\u0103 OPTIMEAL\u2122 pentru pisici sterilizate \u0219i sterilizate...<\/p>","protected":false},"featured_media":90019,"comment_status":"closed","ping_status":"closed","template":"","meta":[],"product_brand":[],"product_cat":[309,193,320],"product_tag":[322,354,359,360,361,325],"class_list":{"0":"post-21024","1":"product","2":"type-product","3":"status-publish","4":"has-post-thumbnail","6":"product_cat-catfood","7":"product_cat-cat","8":"product_cat-catdry","9":"product_tag-optimeal-koshkam","10":"product_tag-indejka","11":"product_tag-kastrirovannyj-kot","12":"product_tag-oves","13":"product_tag-sterilizovannaya-koshka","14":"product_tag-suhoj-korm","15":"pa_age-pet-vzroslyj","16":"pa_brand-optimeal","17":"pa_feed-class-super-premium","18":"pa_meat-ingredients-indejka","19":"pa_packaging-meshok","20":"pa_pet-koshka","21":"pa_pet-feature-sterilizovannye","22":"pa_type-feed-suhoj-korm","23":"pa_weight-4-kg","25":"first","26":"instock","27":"product-type-simple"},"yoast_head":"<!-- This site is optimized with the Yoast SEO Premium plugin v23.7 (Yoast SEO v27.5) - https:\/\/yoast.com\/product\/yoast-seo-premium-wordpress\/ -->\n<title>OPTIMEAL\u2122. \u041f\u043e\u043b\u043d\u043e\u0440\u0430\u0446\u0438\u043e\u043d\u043d\u044b\u0439 \u0441\u0443\u0445\u043e\u0439 \u043a\u043e\u0440\u043c \u0434\u043b\u044f \u0441\u0442\u0435\u0440\u0438\u043b\u0438\u0437\u043e\u0432\u0430\u043d\u043d\u044b\u0445 \u043a\u043e\u0448\u0435\u043a \u2013 \u0438\u043d\u0434\u0435\u0439\u043a\u0430 \u0438 \u043e\u0432\u0435\u0441 ( 4 \u043a\u0433 + \u041f\u041e\u0414\u0410\u0420\u041e\u041a )<\/title>\n<meta name=\"description\" content=\"\u041a\u0443\u043f\u0438\u0442\u044c OPTIMEAL\u2122. \u041f\u043e\u043b\u043d\u043e\u0440\u0430\u0446\u0438\u043e\u043d\u043d\u044b\u0439 \u0441\u0443\u0445\u043e\u0439 \u043a\u043e\u0440\u043c \u0434\u043b\u044f \u0441\u0442\u0435\u0440\u0438\u043b\u0438\u0437\u043e\u0432\u0430\u043d\u043d\u044b\u0445 \u043a\u043e\u0448\u0435\u043a \u2013 \u0438\u043d\u0434\u0435\u0439\u043a\u0430 \u0438 \u043e\u0432\u0435\u0441 ( 4 \u043a\u0433 + \u041f\u041e\u0414\u0410\u0420\u041e\u041a ) \u0441 \u0434\u043e\u0441\u0442\u0430\u0432\u043a\u043e\u0439 \u043f\u043e \u041a\u0438\u0448\u0438\u043d\u0435\u0432\u0443 \u0438 \u0432\u0441\u0435\u0439 \u041c\u043e\u043b\u0434\u043e\u0432\u0435 \u043d\u0430 Pet24\" \/>\n<meta name=\"robots\" content=\"index, follow, max-snippet:-1, max-image-preview:large, max-video-preview:-1\" \/>\n<link rel=\"canonical\" href=\"https:\/\/pet24.md\/ro\/produs\/optimeal-polnoraczionnyj-suhoj-korm-dlya-sterilizovannyh-koshek-i-kastrirovannyh-kotov-indejka-i-oves-4-kg\/\" \/>\n<meta property=\"og:locale\" content=\"ro_RO\" \/>\n<meta property=\"og:type\" content=\"article\" \/>\n<meta property=\"og:title\" content=\"OPTIMEAL\u2122. \u041f\u043e\u043b\u043d\u043e\u0440\u0430\u0446\u0438\u043e\u043d\u043d\u044b\u0439 \u0441\u0443\u0445\u043e\u0439 \u043a\u043e\u0440\u043c \u0434\u043b\u044f \u0441\u0442\u0435\u0440\u0438\u043b\u0438\u0437\u043e\u0432\u0430\u043d\u043d\u044b\u0445 \u043a\u043e\u0448\u0435\u043a \u2013 \u0438\u043d\u0434\u0435\u0439\u043a\u0430 \u0438 \u043e\u0432\u0435\u0441 ( 4 \u043a\u0433 + \u041f\u041e\u0414\u0410\u0420\u041e\u041a )\" \/>\n<meta property=\"og:description\" content=\"\u041a\u0443\u043f\u0438\u0442\u044c OPTIMEAL\u2122. \u041f\u043e\u043b\u043d\u043e\u0440\u0430\u0446\u0438\u043e\u043d\u043d\u044b\u0439 \u0441\u0443\u0445\u043e\u0439 \u043a\u043e\u0440\u043c \u0434\u043b\u044f \u0441\u0442\u0435\u0440\u0438\u043b\u0438\u0437\u043e\u0432\u0430\u043d\u043d\u044b\u0445 \u043a\u043e\u0448\u0435\u043a \u2013 \u0438\u043d\u0434\u0435\u0439\u043a\u0430 \u0438 \u043e\u0432\u0435\u0441 ( 4 \u043a\u0433 + \u041f\u041e\u0414\u0410\u0420\u041e\u041a ) \u0441 \u0434\u043e\u0441\u0442\u0430\u0432\u043a\u043e\u0439 \u043f\u043e \u041a\u0438\u0448\u0438\u043d\u0435\u0432\u0443 \u0438 \u0432\u0441\u0435\u0439 \u041c\u043e\u043b\u0434\u043e\u0432\u0435 \u043d\u0430 Pet24\" \/>\n<meta property=\"og:url\" content=\"https:\/\/pet24.md\/ro\/produs\/optimeal-polnoraczionnyj-suhoj-korm-dlya-sterilizovannyh-koshek-i-kastrirovannyh-kotov-indejka-i-oves-4-kg\/\" \/>\n<meta property=\"og:site_name\" content=\"Pet24\" \/>\n<meta property=\"article:publisher\" content=\"https:\/\/www.facebook.com\/pet24.md\" \/>\n<meta property=\"article:modified_time\" content=\"2024-09-22T22:11:46+00:00\" \/>\n<meta property=\"og:image\" content=\"https:\/\/pet24.md\/wp-content\/uploads\/2024\/09\/optimeal\u2122-polnoraczionnyj-suhoj-korm-dlya-sterilizovannyh-koshek-i-kastrirovannyh-kotov-indejka-i-oves-4-kg-podarok.webp\" \/>\n\t<meta property=\"og:image:width\" content=\"600\" \/>\n\t<meta property=\"og:image:height\" content=\"600\" \/>\n\t<meta property=\"og:image:type\" content=\"image\/webp\" \/>\n<meta name=\"twitter:card\" content=\"summary_large_image\" \/>\n<script type=\"application\/ld+json\" class=\"yoast-schema-graph\">{\"@context\":\"https:\\\/\\\/schema.org\",\"@graph\":[{\"@type\":\"WebPage\",\"@id\":\"https:\\\/\\\/pet24.md\\\/product\\\/optimeal-polnoraczionnyj-suhoj-korm-dlya-sterilizovannyh-koshek-i-kastrirovannyh-kotov-indejka-i-oves-4-kg\\\/\",\"url\":\"https:\\\/\\\/pet24.md\\\/product\\\/optimeal-polnoraczionnyj-suhoj-korm-dlya-sterilizovannyh-koshek-i-kastrirovannyh-kotov-indejka-i-oves-4-kg\\\/\",\"name\":\"OPTIMEAL\u2122. \u041f\u043e\u043b\u043d\u043e\u0440\u0430\u0446\u0438\u043e\u043d\u043d\u044b\u0439 \u0441\u0443\u0445\u043e\u0439 \u043a\u043e\u0440\u043c \u0434\u043b\u044f \u0441\u0442\u0435\u0440\u0438\u043b\u0438\u0437\u043e\u0432\u0430\u043d\u043d\u044b\u0445 \u043a\u043e\u0448\u0435\u043a \u2013 \u0438\u043d\u0434\u0435\u0439\u043a\u0430 \u0438 \u043e\u0432\u0435\u0441 ( 4 \u043a\u0433 + \u041f\u041e\u0414\u0410\u0420\u041e\u041a )\",\"isPartOf\":{\"@id\":\"https:\\\/\\\/pet24.md\\\/#website\"},\"primaryImageOfPage\":{\"@id\":\"https:\\\/\\\/pet24.md\\\/product\\\/optimeal-polnoraczionnyj-suhoj-korm-dlya-sterilizovannyh-koshek-i-kastrirovannyh-kotov-indejka-i-oves-4-kg\\\/#primaryimage\"},\"image\":{\"@id\":\"https:\\\/\\\/pet24.md\\\/product\\\/optimeal-polnoraczionnyj-suhoj-korm-dlya-sterilizovannyh-koshek-i-kastrirovannyh-kotov-indejka-i-oves-4-kg\\\/#primaryimage\"},\"thumbnailUrl\":\"https:\\\/\\\/pet24.md\\\/wp-content\\\/uploads\\\/2024\\\/09\\\/optimeal\u2122-polnoraczionnyj-suhoj-korm-dlya-sterilizovannyh-koshek-i-kastrirovannyh-kotov-indejka-i-oves-4-kg-podarok.webp\",\"datePublished\":\"2023-03-24T16:27:59+00:00\",\"dateModified\":\"2024-09-22T22:11:46+00:00\",\"description\":\"\u041a\u0443\u043f\u0438\u0442\u044c OPTIMEAL\u2122. \u041f\u043e\u043b\u043d\u043e\u0440\u0430\u0446\u0438\u043e\u043d\u043d\u044b\u0439 \u0441\u0443\u0445\u043e\u0439 \u043a\u043e\u0440\u043c \u0434\u043b\u044f \u0441\u0442\u0435\u0440\u0438\u043b\u0438\u0437\u043e\u0432\u0430\u043d\u043d\u044b\u0445 \u043a\u043e\u0448\u0435\u043a \u2013 \u0438\u043d\u0434\u0435\u0439\u043a\u0430 \u0438 \u043e\u0432\u0435\u0441 ( 4 \u043a\u0433 + \u041f\u041e\u0414\u0410\u0420\u041e\u041a ) \u0441 \u0434\u043e\u0441\u0442\u0430\u0432\u043a\u043e\u0439 \u043f\u043e \u041a\u0438\u0448\u0438\u043d\u0435\u0432\u0443 \u0438 \u0432\u0441\u0435\u0439 \u041c\u043e\u043b\u0434\u043e\u0432\u0435 \u043d\u0430 Pet24\",\"breadcrumb\":{\"@id\":\"https:\\\/\\\/pet24.md\\\/product\\\/optimeal-polnoraczionnyj-suhoj-korm-dlya-sterilizovannyh-koshek-i-kastrirovannyh-kotov-indejka-i-oves-4-kg\\\/#breadcrumb\"},\"inLanguage\":\"ro-RO\",\"potentialAction\":[{\"@type\":\"ReadAction\",\"target\":[\"https:\\\/\\\/pet24.md\\\/product\\\/optimeal-polnoraczionnyj-suhoj-korm-dlya-sterilizovannyh-koshek-i-kastrirovannyh-kotov-indejka-i-oves-4-kg\\\/\"]}]},{\"@type\":\"ImageObject\",\"inLanguage\":\"ro-RO\",\"@id\":\"https:\\\/\\\/pet24.md\\\/product\\\/optimeal-polnoraczionnyj-suhoj-korm-dlya-sterilizovannyh-koshek-i-kastrirovannyh-kotov-indejka-i-oves-4-kg\\\/#primaryimage\",\"url\":\"https:\\\/\\\/pet24.md\\\/wp-content\\\/uploads\\\/2024\\\/09\\\/optimeal\u2122-polnoraczionnyj-suhoj-korm-dlya-sterilizovannyh-koshek-i-kastrirovannyh-kotov-indejka-i-oves-4-kg-podarok.webp\",\"contentUrl\":\"https:\\\/\\\/pet24.md\\\/wp-content\\\/uploads\\\/2024\\\/09\\\/optimeal\u2122-polnoraczionnyj-suhoj-korm-dlya-sterilizovannyh-koshek-i-kastrirovannyh-kotov-indejka-i-oves-4-kg-podarok.webp\",\"width\":600,\"height\":600,\"caption\":\"optimeal\u2122 polnoraczionnyj suhoj korm dlya sterilizovannyh koshek i kastrirovannyh kotov indejka i oves 4 kg podarok\"},{\"@type\":\"BreadcrumbList\",\"@id\":\"https:\\\/\\\/pet24.md\\\/product\\\/optimeal-polnoraczionnyj-suhoj-korm-dlya-sterilizovannyh-koshek-i-kastrirovannyh-kotov-indejka-i-oves-4-kg\\\/#breadcrumb\",\"itemListElement\":[{\"@type\":\"ListItem\",\"position\":1,\"name\":\"\u0413\u043b\u0430\u0432\u043d\u0430\u044f \u0441\u0442\u0440\u0430\u043d\u0438\u0446\u0430\",\"item\":\"https:\\\/\\\/pet24.md\\\/\"},{\"@type\":\"ListItem\",\"position\":2,\"name\":\"\u041c\u0430\u0433\u0430\u0437\u0438\u043d\",\"item\":\"https:\\\/\\\/pet24.md\\\/shop\\\/\"},{\"@type\":\"ListItem\",\"position\":3,\"name\":\"OPTIMEAL\u2122. \u041f\u043e\u043b\u043d\u043e\u0440\u0430\u0446\u0438\u043e\u043d\u043d\u044b\u0439 \u0441\u0443\u0445\u043e\u0439 \u043a\u043e\u0440\u043c \u0434\u043b\u044f \u0441\u0442\u0435\u0440\u0438\u043b\u0438\u0437\u043e\u0432\u0430\u043d\u043d\u044b\u0445 \u043a\u043e\u0448\u0435\u043a \u2013 \u0438\u043d\u0434\u0435\u0439\u043a\u0430 \u0438 \u043e\u0432\u0435\u0441 ( 4 \u043a\u0433 + \u041f\u041e\u0414\u0410\u0420\u041e\u041a )\"}]},{\"@type\":\"WebSite\",\"@id\":\"https:\\\/\\\/pet24.md\\\/#website\",\"url\":\"https:\\\/\\\/pet24.md\\\/\",\"name\":\"Pet24\",\"description\":\"\u0417\u043e\u043e\u043c\u0430\u0433\u0430\u0437\u0438\u043d \u0442\u043e\u0432\u0430\u0440\u043e\u0432 \u0434\u043b\u044f \u0434\u043e\u043c\u0430\u0448\u043d\u0438\u0445 \u043f\u0438\u0442\u043e\u043c\u0446\u0435\u0432\",\"publisher\":{\"@id\":\"https:\\\/\\\/pet24.md\\\/#organization\"},\"potentialAction\":[{\"@type\":\"SearchAction\",\"target\":{\"@type\":\"EntryPoint\",\"urlTemplate\":\"https:\\\/\\\/pet24.md\\\/?s={search_term_string}\"},\"query-input\":{\"@type\":\"PropertyValueSpecification\",\"valueRequired\":true,\"valueName\":\"search_term_string\"}}],\"inLanguage\":\"ro-RO\"},{\"@type\":\"Organization\",\"@id\":\"https:\\\/\\\/pet24.md\\\/#organization\",\"name\":\"Pet24\",\"url\":\"https:\\\/\\\/pet24.md\\\/\",\"logo\":{\"@type\":\"ImageObject\",\"inLanguage\":\"ro-RO\",\"@id\":\"https:\\\/\\\/pet24.md\\\/#\\\/schema\\\/logo\\\/image\\\/\",\"url\":\"https:\\\/\\\/pet24.md\\\/wp-content\\\/uploads\\\/2024\\\/09\\\/logo.svg\",\"contentUrl\":\"https:\\\/\\\/pet24.md\\\/wp-content\\\/uploads\\\/2024\\\/09\\\/logo.svg\",\"width\":215,\"height\":66,\"caption\":\"Pet24\"},\"image\":{\"@id\":\"https:\\\/\\\/pet24.md\\\/#\\\/schema\\\/logo\\\/image\\\/\"},\"sameAs\":[\"https:\\\/\\\/www.facebook.com\\\/pet24.md\",\"https:\\\/\\\/www.instagram.com\\\/pet24.md\\\/\"],\"telephone\":\"+37360508880\"}]}<\/script>\n<!-- \/ Yoast SEO Premium plugin. -->","yoast_head_json":{"title":"OPTIMEAL\u2122. Hrana uscata completa pentru pisici sterilizate \u2013 curcan si ovaz (4 kg + CADOU)","description":"\u041a\u0443\u043f\u0438\u0442\u044c OPTIMEAL\u2122. \u041f\u043e\u043b\u043d\u043e\u0440\u0430\u0446\u0438\u043e\u043d\u043d\u044b\u0439 \u0441\u0443\u0445\u043e\u0439 \u043a\u043e\u0440\u043c \u0434\u043b\u044f \u0441\u0442\u0435\u0440\u0438\u043b\u0438\u0437\u043e\u0432\u0430\u043d\u043d\u044b\u0445 \u043a\u043e\u0448\u0435\u043a \u2013 \u0438\u043d\u0434\u0435\u0439\u043a\u0430 \u0438 \u043e\u0432\u0435\u0441 ( 4 \u043a\u0433 + \u041f\u041e\u0414\u0410\u0420\u041e\u041a ) \u0441 \u0434\u043e\u0441\u0442\u0430\u0432\u043a\u043e\u0439 \u043f\u043e \u041a\u0438\u0448\u0438\u043d\u0435\u0432\u0443 \u0438 \u0432\u0441\u0435\u0439 \u041c\u043e\u043b\u0434\u043e\u0432\u0435 \u043d\u0430 Pet24","robots":{"index":"index","follow":"follow","max-snippet":"max-snippet:-1","max-image-preview":"max-image-preview:large","max-video-preview":"max-video-preview:-1"},"canonical":"https:\/\/pet24.md\/ro\/produs\/optimeal-polnoraczionnyj-suhoj-korm-dlya-sterilizovannyh-koshek-i-kastrirovannyh-kotov-indejka-i-oves-4-kg\/","og_locale":"ro_RO","og_type":"article","og_title":"OPTIMEAL\u2122. \u041f\u043e\u043b\u043d\u043e\u0440\u0430\u0446\u0438\u043e\u043d\u043d\u044b\u0439 \u0441\u0443\u0445\u043e\u0439 \u043a\u043e\u0440\u043c \u0434\u043b\u044f \u0441\u0442\u0435\u0440\u0438\u043b\u0438\u0437\u043e\u0432\u0430\u043d\u043d\u044b\u0445 \u043a\u043e\u0448\u0435\u043a \u2013 \u0438\u043d\u0434\u0435\u0439\u043a\u0430 \u0438 \u043e\u0432\u0435\u0441 ( 4 \u043a\u0433 + \u041f\u041e\u0414\u0410\u0420\u041e\u041a )","og_description":"\u041a\u0443\u043f\u0438\u0442\u044c OPTIMEAL\u2122. \u041f\u043e\u043b\u043d\u043e\u0440\u0430\u0446\u0438\u043e\u043d\u043d\u044b\u0439 \u0441\u0443\u0445\u043e\u0439 \u043a\u043e\u0440\u043c \u0434\u043b\u044f \u0441\u0442\u0435\u0440\u0438\u043b\u0438\u0437\u043e\u0432\u0430\u043d\u043d\u044b\u0445 \u043a\u043e\u0448\u0435\u043a \u2013 \u0438\u043d\u0434\u0435\u0439\u043a\u0430 \u0438 \u043e\u0432\u0435\u0441 ( 4 \u043a\u0433 + \u041f\u041e\u0414\u0410\u0420\u041e\u041a ) \u0441 \u0434\u043e\u0441\u0442\u0430\u0432\u043a\u043e\u0439 \u043f\u043e \u041a\u0438\u0448\u0438\u043d\u0435\u0432\u0443 \u0438 \u0432\u0441\u0435\u0439 \u041c\u043e\u043b\u0434\u043e\u0432\u0435 \u043d\u0430 Pet24","og_url":"https:\/\/pet24.md\/ro\/produs\/optimeal-polnoraczionnyj-suhoj-korm-dlya-sterilizovannyh-koshek-i-kastrirovannyh-kotov-indejka-i-oves-4-kg\/","og_site_name":"Pet24","article_publisher":"https:\/\/www.facebook.com\/pet24.md","article_modified_time":"2024-09-22T22:11:46+00:00","og_image":[{"width":600,"height":600,"url":"https:\/\/pet24.md\/wp-content\/uploads\/2024\/09\/optimeal\u2122-polnoraczionnyj-suhoj-korm-dlya-sterilizovannyh-koshek-i-kastrirovannyh-kotov-indejka-i-oves-4-kg-podarok.webp","type":"image\/webp"}],"twitter_card":"summary_large_image","schema":{"@context":"https:\/\/schema.org","@graph":[{"@type":"WebPage","@id":"https:\/\/pet24.md\/product\/optimeal-polnoraczionnyj-suhoj-korm-dlya-sterilizovannyh-koshek-i-kastrirovannyh-kotov-indejka-i-oves-4-kg\/","url":"https:\/\/pet24.md\/product\/optimeal-polnoraczionnyj-suhoj-korm-dlya-sterilizovannyh-koshek-i-kastrirovannyh-kotov-indejka-i-oves-4-kg\/","name":"OPTIMEAL\u2122. Hrana uscata completa pentru pisici sterilizate \u2013 curcan si ovaz (4 kg + CADOU)","isPartOf":{"@id":"https:\/\/pet24.md\/#website"},"primaryImageOfPage":{"@id":"https:\/\/pet24.md\/product\/optimeal-polnoraczionnyj-suhoj-korm-dlya-sterilizovannyh-koshek-i-kastrirovannyh-kotov-indejka-i-oves-4-kg\/#primaryimage"},"image":{"@id":"https:\/\/pet24.md\/product\/optimeal-polnoraczionnyj-suhoj-korm-dlya-sterilizovannyh-koshek-i-kastrirovannyh-kotov-indejka-i-oves-4-kg\/#primaryimage"},"thumbnailUrl":"https:\/\/pet24.md\/wp-content\/uploads\/2024\/09\/optimeal\u2122-polnoraczionnyj-suhoj-korm-dlya-sterilizovannyh-koshek-i-kastrirovannyh-kotov-indejka-i-oves-4-kg-podarok.webp","datePublished":"2023-03-24T16:27:59+00:00","dateModified":"2024-09-22T22:11:46+00:00","description":"\u041a\u0443\u043f\u0438\u0442\u044c OPTIMEAL\u2122. \u041f\u043e\u043b\u043d\u043e\u0440\u0430\u0446\u0438\u043e\u043d\u043d\u044b\u0439 \u0441\u0443\u0445\u043e\u0439 \u043a\u043e\u0440\u043c \u0434\u043b\u044f \u0441\u0442\u0435\u0440\u0438\u043b\u0438\u0437\u043e\u0432\u0430\u043d\u043d\u044b\u0445 \u043a\u043e\u0448\u0435\u043a \u2013 \u0438\u043d\u0434\u0435\u0439\u043a\u0430 \u0438 \u043e\u0432\u0435\u0441 ( 4 \u043a\u0433 + \u041f\u041e\u0414\u0410\u0420\u041e\u041a ) \u0441 \u0434\u043e\u0441\u0442\u0430\u0432\u043a\u043e\u0439 \u043f\u043e \u041a\u0438\u0448\u0438\u043d\u0435\u0432\u0443 \u0438 \u0432\u0441\u0435\u0439 \u041c\u043e\u043b\u0434\u043e\u0432\u0435 \u043d\u0430 Pet24","breadcrumb":{"@id":"https:\/\/pet24.md\/product\/optimeal-polnoraczionnyj-suhoj-korm-dlya-sterilizovannyh-koshek-i-kastrirovannyh-kotov-indejka-i-oves-4-kg\/#breadcrumb"},"inLanguage":"ro-RO","potentialAction":[{"@type":"ReadAction","target":["https:\/\/pet24.md\/product\/optimeal-polnoraczionnyj-suhoj-korm-dlya-sterilizovannyh-koshek-i-kastrirovannyh-kotov-indejka-i-oves-4-kg\/"]}]},{"@type":"ImageObject","inLanguage":"ro-RO","@id":"https:\/\/pet24.md\/product\/optimeal-polnoraczionnyj-suhoj-korm-dlya-sterilizovannyh-koshek-i-kastrirovannyh-kotov-indejka-i-oves-4-kg\/#primaryimage","url":"https:\/\/pet24.md\/wp-content\/uploads\/2024\/09\/optimeal\u2122-polnoraczionnyj-suhoj-korm-dlya-sterilizovannyh-koshek-i-kastrirovannyh-kotov-indejka-i-oves-4-kg-podarok.webp","contentUrl":"https:\/\/pet24.md\/wp-content\/uploads\/2024\/09\/optimeal\u2122-polnoraczionnyj-suhoj-korm-dlya-sterilizovannyh-koshek-i-kastrirovannyh-kotov-indejka-i-oves-4-kg-podarok.webp","width":600,"height":600,"caption":"optimeal\u2122 polnoraczionnyj suhoj korm dlya sterilizovannyh koshek i kastrirovannyh kotov indejka i oves 4 kg podarok"},{"@type":"BreadcrumbList","@id":"https:\/\/pet24.md\/product\/optimeal-polnoraczionnyj-suhoj-korm-dlya-sterilizovannyh-koshek-i-kastrirovannyh-kotov-indejka-i-oves-4-kg\/#breadcrumb","itemListElement":[{"@type":"ListItem","position":1,"name":"\u0413\u043b\u0430\u0432\u043d\u0430\u044f \u0441\u0442\u0440\u0430\u043d\u0438\u0446\u0430","item":"https:\/\/pet24.md\/"},{"@type":"ListItem","position":2,"name":"\u041c\u0430\u0433\u0430\u0437\u0438\u043d","item":"https:\/\/pet24.md\/shop\/"},{"@type":"ListItem","position":3,"name":"OPTIMEAL\u2122. \u041f\u043e\u043b\u043d\u043e\u0440\u0430\u0446\u0438\u043e\u043d\u043d\u044b\u0439 \u0441\u0443\u0445\u043e\u0439 \u043a\u043e\u0440\u043c \u0434\u043b\u044f \u0441\u0442\u0435\u0440\u0438\u043b\u0438\u0437\u043e\u0432\u0430\u043d\u043d\u044b\u0445 \u043a\u043e\u0448\u0435\u043a \u2013 \u0438\u043d\u0434\u0435\u0439\u043a\u0430 \u0438 \u043e\u0432\u0435\u0441 ( 4 \u043a\u0433 + \u041f\u041e\u0414\u0410\u0420\u041e\u041a )"}]},{"@type":"WebSite","@id":"https:\/\/pet24.md\/#website","url":"https:\/\/pet24.md\/","name":"Pet24","description":"Magazin de animale de companie","publisher":{"@id":"https:\/\/pet24.md\/#organization"},"potentialAction":[{"@type":"SearchAction","target":{"@type":"EntryPoint","urlTemplate":"https:\/\/pet24.md\/?s={search_term_string}"},"query-input":{"@type":"PropertyValueSpecification","valueRequired":true,"valueName":"search_term_string"}}],"inLanguage":"ro-RO"},{"@type":"Organization","@id":"https:\/\/pet24.md\/#organization","name":"Pet24","url":"https:\/\/pet24.md\/","logo":{"@type":"ImageObject","inLanguage":"ro-RO","@id":"https:\/\/pet24.md\/#\/schema\/logo\/image\/","url":"https:\/\/pet24.md\/wp-content\/uploads\/2024\/09\/logo.svg","contentUrl":"https:\/\/pet24.md\/wp-content\/uploads\/2024\/09\/logo.svg","width":215,"height":66,"caption":"Pet24"},"image":{"@id":"https:\/\/pet24.md\/#\/schema\/logo\/image\/"},"sameAs":["https:\/\/www.facebook.com\/pet24.md","https:\/\/www.instagram.com\/pet24.md\/"],"telephone":"+37360508880"}]}},"_links":{"self":[{"href":"https:\/\/pet24.md\/ro\/wp-json\/wp\/v2\/product\/21024","targetHints":{"allow":["GET"]}}],"collection":[{"href":"https:\/\/pet24.md\/ro\/wp-json\/wp\/v2\/product"}],"about":[{"href":"https:\/\/pet24.md\/ro\/wp-json\/wp\/v2\/types\/product"}],"replies":[{"embeddable":true,"href":"https:\/\/pet24.md\/ro\/wp-json\/wp\/v2\/comments?post=21024"}],"wp:featuredmedia":[{"embeddable":true,"href":"https:\/\/pet24.md\/ro\/wp-json\/wp\/v2\/media\/90019"}],"wp:attachment":[{"href":"https:\/\/pet24.md\/ro\/wp-json\/wp\/v2\/media?parent=21024"}],"wp:term":[{"taxonomy":"product_brand","embeddable":true,"href":"https:\/\/pet24.md\/ro\/wp-json\/wp\/v2\/product_brand?post=21024"},{"taxonomy":"product_cat","embeddable":true,"href":"https:\/\/pet24.md\/ro\/wp-json\/wp\/v2\/product_cat?post=21024"},{"taxonomy":"product_tag","embeddable":true,"href":"https:\/\/pet24.md\/ro\/wp-json\/wp\/v2\/product_tag?post=21024"}],"curies":[{"name":"wp","href":"https:\/\/api.w.org\/{rel}","templated":true}]}}