{"id":21047,"date":"2023-03-27T10:49:11","date_gmt":"2023-03-27T10:49:11","guid":{"rendered":"https:\/\/pet24.md\/?post_type=product&#038;p=21047"},"modified":"2024-09-22T22:11:48","modified_gmt":"2024-09-22T22:11:48","slug":"optimeal-polnoraczionnyj-konservirovannyj-korm-dlya-vzroslyh-koshek-s-forelyu-v-kremovom-souse-upakovka-12-sht-0-085-kg","status":"publish","type":"product","link":"https:\/\/pet24.md\/ro\/produs\/optimeal-polnoraczionnyj-konservirovannyj-korm-dlya-vzroslyh-koshek-s-forelyu-v-kremovom-souse-upakovka-12-sht-0-085-kg\/","title":{"rendered":"OPTIMEAL\u2122. Conserve pentru pisici adulte, p\u0103str\u0103v \u00een sos de sm\u00e2nt\u00e2n\u0103, 12\u00d785 g + cadou"},"content":{"rendered":"<h2>OPTIMEAL\u2122 Hran\u0103 complet\u0103 conservat\u0103 pentru pisici adulte cu p\u0103str\u0103v \u00een sos cremos, 0,085 kg<\/h2>\n<p>Hrana complet\u0103 pentru pisici pentru adul\u021bi OPTIMEAL\u2122 cu p\u0103str\u0103v \u00een sos de crem\u0103 este formulat\u0103 pentru a oferi o diet\u0103 echilibrat\u0103 \u0219i s\u0103n\u0103toas\u0103, sus\u021bin\u00e2nd \u00een acela\u0219i timp pielea \u0219i blana s\u0103n\u0103toas\u0103 a pisicii dumneavoastr\u0103.<\/p>\n<h3>Avantaje:<\/h3>\n<ul>\n<li><strong>Con\u021binut ridicat de p\u0103str\u0103v<\/strong>: Ofer\u0103 proteine de \u00eenalt\u0103 calitate, u\u0219or digerabile, colagen nenaturat \u0219i acizi gra\u0219i omega-3 pentru a promova pielea s\u0103n\u0103toas\u0103 \u0219i o blan\u0103 str\u0103lucitoare.<\/li>\n<li><strong>Con\u021binut ridicat de ap\u0103 purificat\u0103<\/strong>: benefic pentru sanatatea sistemului urinar.<\/li>\n<li><strong>Mix de sprijin pentru imunitate<\/strong>: Contine ierburi benefice, fructe de padure si prebiotice pentru a sustine imunitatea.<\/li>\n<li><strong>Omega 3 \u0219i 6, zinc, biotin\u0103<\/strong>: Mentine pielea sanatoasa si blana stralucitoare.<\/li>\n<li><strong>Proteine de origine animal\u0103 \u0219i pe\u0219te<\/strong>: Con\u021bine proteine 70% de origine animal\u0103 \u0219i de pe\u0219te.<\/li>\n<li><strong>Formula SUPER PREMIUM<\/strong>: Fabricat sub supraveghere veterinar\u0103 folosind tehnologia Swiss Pet Nutrition Group.<\/li>\n<\/ul>\n<h3>Compus:<\/h3>\n<ul>\n<li><strong>Noua genera\u021bie de prebiotice Actigen<\/strong>\u2013 normalizeaz\u0103 echilibrul microflorei intestinale benefice \u0219i asigur\u0103 o digestie s\u0103n\u0103toas\u0103.<\/li>\n<li><strong>Ierburi \u0219i fructe de p\u0103dure<\/strong>: Pentru o digestie mai buna si sprijin imunitar.<\/li>\n<li><strong>Omega 3 \u0219i 6 \/ Zinc \/ Biotin\u0103<\/strong>: Sprijin\u0103 pielea s\u0103n\u0103toas\u0103 \u0219i blana frumoas\u0103<\/li>\n<\/ul>","protected":false},"excerpt":{"rendered":"<p>OPTIMEAL\u2122 \u041f\u043e\u043b\u043d\u043e\u0446\u0435\u043d\u043d\u044b\u0439 \u041a\u043e\u043d\u0441\u0435\u0440\u0432\u0438\u0440\u043e\u0432\u0430\u043d\u043d\u044b\u0439 \u041a\u043e\u0440\u043c \u0434\u043b\u044f \u0412\u0437\u0440\u043e\u0441\u043b\u044b\u0445 \u041a\u043e\u0448\u0435\u043a \u0441 \u0424\u043e\u0440\u0435\u043b\u044c\u044e \u0432 \u0421\u043b\u0438\u0432\u043e\u0447\u043d\u043e\u043c \u0421\u043e\u0443\u0441\u0435, 0,085 \u043a\u0433 \u041f\u043e\u043b\u043d\u043e\u0446\u0435\u043d\u043d\u044b\u0439 \u043a\u043e\u043d\u0441\u0435\u0440\u0432\u0438\u0440\u043e\u0432\u0430\u043d\u043d\u044b\u0439 \u043a\u043e\u0440\u043c OPTIMEAL\u2122 \u0434\u043b\u044f \u0432\u0437\u0440\u043e\u0441\u043b\u044b\u0445 \u043a\u043e\u0448\u0435\u043a \u0441&hellip;<\/p>","protected":false},"featured_media":90025,"comment_status":"closed","ping_status":"closed","template":"","meta":[],"product_brand":[],"product_cat":[310,309,193],"product_tag":[322,332,296,312,370],"class_list":{"0":"post-21047","1":"product","2":"type-product","3":"status-publish","4":"has-post-thumbnail","6":"product_cat-catwet","7":"product_cat-catfood","8":"product_cat-cat","9":"product_tag-optimeal-koshkam","10":"product_tag-vzroslaya-koshka","11":"product_tag-vlazhnyj-korm","12":"product_tag-korm-koshkam","13":"product_tag-forel","14":"pa_age-pet-vzroslyj","15":"pa_brand-optimeal","16":"pa_feed-class-super-premium","17":"pa_meat-ingredients-forel","18":"pa_packaging-pauchi","19":"pa_pet-koshka","20":"pa_pet-feature-zdorovyj-pitomecz","21":"pa_type-feed-vlazhnyj-korm","22":"pa_weight-85-gr","24":"first","25":"instock","26":"product-type-simple"},"yoast_head":"<!-- This site is optimized with the Yoast SEO Premium plugin v23.7 (Yoast SEO v27.5) - https:\/\/yoast.com\/product\/yoast-seo-premium-wordpress\/ -->\n<title>OPTIMEAL\u2122. \u041a\u043e\u043d\u0441\u0435\u0440\u0432\u044b \u0434\u043b\u044f \u0432\u0437\u0440\u043e\u0441\u043b\u044b\u0445 \u043a\u043e\u0448\u0435\u043a, \u0444\u043e\u0440\u0435\u043b\u044c \u0432 \u0441\u043c\u0435\u0442\u0430\u043d\u043d\u043e\u043c \u0441\u043e\u0443\u0441\u0435, 12x85 \u0433 + \u043f\u043e\u0434\u0430\u0440\u043e\u043a<\/title>\n<meta name=\"description\" content=\"\u041a\u0443\u043f\u0438\u0442\u044c OPTIMEAL\u2122. \u041a\u043e\u043d\u0441\u0435\u0440\u0432\u044b \u0434\u043b\u044f \u0432\u0437\u0440\u043e\u0441\u043b\u044b\u0445 \u043a\u043e\u0448\u0435\u043a, \u0444\u043e\u0440\u0435\u043b\u044c \u0432 \u0441\u043c\u0435\u0442\u0430\u043d\u043d\u043e\u043c \u0441\u043e\u0443\u0441\u0435, 12x85 \u0433 + \u043f\u043e\u0434\u0430\u0440\u043e\u043a \u0441 \u0434\u043e\u0441\u0442\u0430\u0432\u043a\u043e\u0439 \u043f\u043e \u041a\u0438\u0448\u0438\u043d\u0435\u0432\u0443 \u0438 \u0432\u0441\u0435\u0439 \u041c\u043e\u043b\u0434\u043e\u0432\u0435 \u043d\u0430 Pet24\" \/>\n<meta name=\"robots\" content=\"index, follow, max-snippet:-1, max-image-preview:large, max-video-preview:-1\" \/>\n<link rel=\"canonical\" href=\"https:\/\/pet24.md\/ro\/produs\/optimeal-polnoraczionnyj-konservirovannyj-korm-dlya-vzroslyh-koshek-s-forelyu-v-kremovom-souse-upakovka-12-sht-0-085-kg\/\" \/>\n<meta property=\"og:locale\" content=\"ro_RO\" \/>\n<meta property=\"og:type\" content=\"article\" \/>\n<meta property=\"og:title\" content=\"OPTIMEAL\u2122. \u041a\u043e\u043d\u0441\u0435\u0440\u0432\u044b \u0434\u043b\u044f \u0432\u0437\u0440\u043e\u0441\u043b\u044b\u0445 \u043a\u043e\u0448\u0435\u043a, \u0444\u043e\u0440\u0435\u043b\u044c \u0432 \u0441\u043c\u0435\u0442\u0430\u043d\u043d\u043e\u043c \u0441\u043e\u0443\u0441\u0435, 12x85 \u0433 + \u043f\u043e\u0434\u0430\u0440\u043e\u043a\" \/>\n<meta property=\"og:description\" content=\"\u041a\u0443\u043f\u0438\u0442\u044c OPTIMEAL\u2122. \u041a\u043e\u043d\u0441\u0435\u0440\u0432\u044b \u0434\u043b\u044f \u0432\u0437\u0440\u043e\u0441\u043b\u044b\u0445 \u043a\u043e\u0448\u0435\u043a, \u0444\u043e\u0440\u0435\u043b\u044c \u0432 \u0441\u043c\u0435\u0442\u0430\u043d\u043d\u043e\u043c \u0441\u043e\u0443\u0441\u0435, 12x85 \u0433 + \u043f\u043e\u0434\u0430\u0440\u043e\u043a \u0441 \u0434\u043e\u0441\u0442\u0430\u0432\u043a\u043e\u0439 \u043f\u043e \u041a\u0438\u0448\u0438\u043d\u0435\u0432\u0443 \u0438 \u0432\u0441\u0435\u0439 \u041c\u043e\u043b\u0434\u043e\u0432\u0435 \u043d\u0430 Pet24\" \/>\n<meta property=\"og:url\" content=\"https:\/\/pet24.md\/ro\/produs\/optimeal-polnoraczionnyj-konservirovannyj-korm-dlya-vzroslyh-koshek-s-forelyu-v-kremovom-souse-upakovka-12-sht-0-085-kg\/\" \/>\n<meta property=\"og:site_name\" content=\"Pet24\" \/>\n<meta property=\"article:publisher\" content=\"https:\/\/www.facebook.com\/pet24.md\" \/>\n<meta property=\"article:modified_time\" content=\"2024-09-22T22:11:48+00:00\" \/>\n<meta property=\"og:image\" content=\"https:\/\/pet24.md\/wp-content\/uploads\/2024\/09\/optimeal-\u2122-polnoraczionnyj-konservirovannyj-korm-dlya-vzroslyh-koshek-s-forelyu-v-kremovom-souse-upakovka-12-sht0085-kg-podarok.webp\" \/>\n\t<meta property=\"og:image:width\" content=\"600\" \/>\n\t<meta property=\"og:image:height\" content=\"600\" \/>\n\t<meta property=\"og:image:type\" content=\"image\/webp\" \/>\n<meta name=\"twitter:card\" content=\"summary_large_image\" \/>\n<script type=\"application\/ld+json\" class=\"yoast-schema-graph\">{\"@context\":\"https:\\\/\\\/schema.org\",\"@graph\":[{\"@type\":\"WebPage\",\"@id\":\"https:\\\/\\\/pet24.md\\\/product\\\/optimeal-polnoraczionnyj-konservirovannyj-korm-dlya-vzroslyh-koshek-s-forelyu-v-kremovom-souse-upakovka-12-sht-0-085-kg\\\/\",\"url\":\"https:\\\/\\\/pet24.md\\\/product\\\/optimeal-polnoraczionnyj-konservirovannyj-korm-dlya-vzroslyh-koshek-s-forelyu-v-kremovom-souse-upakovka-12-sht-0-085-kg\\\/\",\"name\":\"OPTIMEAL\u2122. \u041a\u043e\u043d\u0441\u0435\u0440\u0432\u044b \u0434\u043b\u044f \u0432\u0437\u0440\u043e\u0441\u043b\u044b\u0445 \u043a\u043e\u0448\u0435\u043a, \u0444\u043e\u0440\u0435\u043b\u044c \u0432 \u0441\u043c\u0435\u0442\u0430\u043d\u043d\u043e\u043c \u0441\u043e\u0443\u0441\u0435, 12x85 \u0433 + \u043f\u043e\u0434\u0430\u0440\u043e\u043a\",\"isPartOf\":{\"@id\":\"https:\\\/\\\/pet24.md\\\/#website\"},\"primaryImageOfPage\":{\"@id\":\"https:\\\/\\\/pet24.md\\\/product\\\/optimeal-polnoraczionnyj-konservirovannyj-korm-dlya-vzroslyh-koshek-s-forelyu-v-kremovom-souse-upakovka-12-sht-0-085-kg\\\/#primaryimage\"},\"image\":{\"@id\":\"https:\\\/\\\/pet24.md\\\/product\\\/optimeal-polnoraczionnyj-konservirovannyj-korm-dlya-vzroslyh-koshek-s-forelyu-v-kremovom-souse-upakovka-12-sht-0-085-kg\\\/#primaryimage\"},\"thumbnailUrl\":\"https:\\\/\\\/pet24.md\\\/wp-content\\\/uploads\\\/2024\\\/09\\\/optimeal-\u2122-polnoraczionnyj-konservirovannyj-korm-dlya-vzroslyh-koshek-s-forelyu-v-kremovom-souse-upakovka-12-sht0085-kg-podarok.webp\",\"datePublished\":\"2023-03-27T10:49:11+00:00\",\"dateModified\":\"2024-09-22T22:11:48+00:00\",\"description\":\"\u041a\u0443\u043f\u0438\u0442\u044c OPTIMEAL\u2122. \u041a\u043e\u043d\u0441\u0435\u0440\u0432\u044b \u0434\u043b\u044f \u0432\u0437\u0440\u043e\u0441\u043b\u044b\u0445 \u043a\u043e\u0448\u0435\u043a, \u0444\u043e\u0440\u0435\u043b\u044c \u0432 \u0441\u043c\u0435\u0442\u0430\u043d\u043d\u043e\u043c \u0441\u043e\u0443\u0441\u0435, 12x85 \u0433 + \u043f\u043e\u0434\u0430\u0440\u043e\u043a \u0441 \u0434\u043e\u0441\u0442\u0430\u0432\u043a\u043e\u0439 \u043f\u043e \u041a\u0438\u0448\u0438\u043d\u0435\u0432\u0443 \u0438 \u0432\u0441\u0435\u0439 \u041c\u043e\u043b\u0434\u043e\u0432\u0435 \u043d\u0430 Pet24\",\"breadcrumb\":{\"@id\":\"https:\\\/\\\/pet24.md\\\/product\\\/optimeal-polnoraczionnyj-konservirovannyj-korm-dlya-vzroslyh-koshek-s-forelyu-v-kremovom-souse-upakovka-12-sht-0-085-kg\\\/#breadcrumb\"},\"inLanguage\":\"ro-RO\",\"potentialAction\":[{\"@type\":\"ReadAction\",\"target\":[\"https:\\\/\\\/pet24.md\\\/product\\\/optimeal-polnoraczionnyj-konservirovannyj-korm-dlya-vzroslyh-koshek-s-forelyu-v-kremovom-souse-upakovka-12-sht-0-085-kg\\\/\"]}]},{\"@type\":\"ImageObject\",\"inLanguage\":\"ro-RO\",\"@id\":\"https:\\\/\\\/pet24.md\\\/product\\\/optimeal-polnoraczionnyj-konservirovannyj-korm-dlya-vzroslyh-koshek-s-forelyu-v-kremovom-souse-upakovka-12-sht-0-085-kg\\\/#primaryimage\",\"url\":\"https:\\\/\\\/pet24.md\\\/wp-content\\\/uploads\\\/2024\\\/09\\\/optimeal-\u2122-polnoraczionnyj-konservirovannyj-korm-dlya-vzroslyh-koshek-s-forelyu-v-kremovom-souse-upakovka-12-sht0085-kg-podarok.webp\",\"contentUrl\":\"https:\\\/\\\/pet24.md\\\/wp-content\\\/uploads\\\/2024\\\/09\\\/optimeal-\u2122-polnoraczionnyj-konservirovannyj-korm-dlya-vzroslyh-koshek-s-forelyu-v-kremovom-souse-upakovka-12-sht0085-kg-podarok.webp\",\"width\":600,\"height\":600,\"caption\":\"optimeal \u2122 polnoraczionnyj konservirovannyj korm dlya vzroslyh koshek s forelyu v kremovom souse upakovka 12 sht0085 kg podarok\"},{\"@type\":\"BreadcrumbList\",\"@id\":\"https:\\\/\\\/pet24.md\\\/product\\\/optimeal-polnoraczionnyj-konservirovannyj-korm-dlya-vzroslyh-koshek-s-forelyu-v-kremovom-souse-upakovka-12-sht-0-085-kg\\\/#breadcrumb\",\"itemListElement\":[{\"@type\":\"ListItem\",\"position\":1,\"name\":\"\u0413\u043b\u0430\u0432\u043d\u0430\u044f \u0441\u0442\u0440\u0430\u043d\u0438\u0446\u0430\",\"item\":\"https:\\\/\\\/pet24.md\\\/\"},{\"@type\":\"ListItem\",\"position\":2,\"name\":\"\u041c\u0430\u0433\u0430\u0437\u0438\u043d\",\"item\":\"https:\\\/\\\/pet24.md\\\/shop\\\/\"},{\"@type\":\"ListItem\",\"position\":3,\"name\":\"OPTIMEAL\u2122. \u041a\u043e\u043d\u0441\u0435\u0440\u0432\u044b \u0434\u043b\u044f \u0432\u0437\u0440\u043e\u0441\u043b\u044b\u0445 \u043a\u043e\u0448\u0435\u043a, \u0444\u043e\u0440\u0435\u043b\u044c \u0432 \u0441\u043c\u0435\u0442\u0430\u043d\u043d\u043e\u043c \u0441\u043e\u0443\u0441\u0435, 12&#215;85 \u0433 + \u043f\u043e\u0434\u0430\u0440\u043e\u043a\"}]},{\"@type\":\"WebSite\",\"@id\":\"https:\\\/\\\/pet24.md\\\/#website\",\"url\":\"https:\\\/\\\/pet24.md\\\/\",\"name\":\"Pet24\",\"description\":\"\u0417\u043e\u043e\u043c\u0430\u0433\u0430\u0437\u0438\u043d \u0442\u043e\u0432\u0430\u0440\u043e\u0432 \u0434\u043b\u044f \u0434\u043e\u043c\u0430\u0448\u043d\u0438\u0445 \u043f\u0438\u0442\u043e\u043c\u0446\u0435\u0432\",\"publisher\":{\"@id\":\"https:\\\/\\\/pet24.md\\\/#organization\"},\"potentialAction\":[{\"@type\":\"SearchAction\",\"target\":{\"@type\":\"EntryPoint\",\"urlTemplate\":\"https:\\\/\\\/pet24.md\\\/?s={search_term_string}\"},\"query-input\":{\"@type\":\"PropertyValueSpecification\",\"valueRequired\":true,\"valueName\":\"search_term_string\"}}],\"inLanguage\":\"ro-RO\"},{\"@type\":\"Organization\",\"@id\":\"https:\\\/\\\/pet24.md\\\/#organization\",\"name\":\"Pet24\",\"url\":\"https:\\\/\\\/pet24.md\\\/\",\"logo\":{\"@type\":\"ImageObject\",\"inLanguage\":\"ro-RO\",\"@id\":\"https:\\\/\\\/pet24.md\\\/#\\\/schema\\\/logo\\\/image\\\/\",\"url\":\"https:\\\/\\\/pet24.md\\\/wp-content\\\/uploads\\\/2024\\\/09\\\/logo.svg\",\"contentUrl\":\"https:\\\/\\\/pet24.md\\\/wp-content\\\/uploads\\\/2024\\\/09\\\/logo.svg\",\"width\":215,\"height\":66,\"caption\":\"Pet24\"},\"image\":{\"@id\":\"https:\\\/\\\/pet24.md\\\/#\\\/schema\\\/logo\\\/image\\\/\"},\"sameAs\":[\"https:\\\/\\\/www.facebook.com\\\/pet24.md\",\"https:\\\/\\\/www.instagram.com\\\/pet24.md\\\/\"],\"telephone\":\"+37360508880\"}]}<\/script>\n<!-- \/ Yoast SEO Premium plugin. -->","yoast_head_json":{"title":"OPTIMEAL\u2122. \u041a\u043e\u043d\u0441\u0435\u0440\u0432\u044b \u0434\u043b\u044f \u0432\u0437\u0440\u043e\u0441\u043b\u044b\u0445 \u043a\u043e\u0448\u0435\u043a, \u0444\u043e\u0440\u0435\u043b\u044c \u0432 \u0441\u043c\u0435\u0442\u0430\u043d\u043d\u043e\u043c \u0441\u043e\u0443\u0441\u0435, 12x85 \u0433 + \u043f\u043e\u0434\u0430\u0440\u043e\u043a","description":"\u041a\u0443\u043f\u0438\u0442\u044c OPTIMEAL\u2122. \u041a\u043e\u043d\u0441\u0435\u0440\u0432\u044b \u0434\u043b\u044f \u0432\u0437\u0440\u043e\u0441\u043b\u044b\u0445 \u043a\u043e\u0448\u0435\u043a, \u0444\u043e\u0440\u0435\u043b\u044c \u0432 \u0441\u043c\u0435\u0442\u0430\u043d\u043d\u043e\u043c \u0441\u043e\u0443\u0441\u0435, 12x85 \u0433 + \u043f\u043e\u0434\u0430\u0440\u043e\u043a \u0441 \u0434\u043e\u0441\u0442\u0430\u0432\u043a\u043e\u0439 \u043f\u043e \u041a\u0438\u0448\u0438\u043d\u0435\u0432\u0443 \u0438 \u0432\u0441\u0435\u0439 \u041c\u043e\u043b\u0434\u043e\u0432\u0435 \u043d\u0430 Pet24","robots":{"index":"index","follow":"follow","max-snippet":"max-snippet:-1","max-image-preview":"max-image-preview:large","max-video-preview":"max-video-preview:-1"},"canonical":"https:\/\/pet24.md\/ro\/produs\/optimeal-polnoraczionnyj-konservirovannyj-korm-dlya-vzroslyh-koshek-s-forelyu-v-kremovom-souse-upakovka-12-sht-0-085-kg\/","og_locale":"ro_RO","og_type":"article","og_title":"OPTIMEAL\u2122. \u041a\u043e\u043d\u0441\u0435\u0440\u0432\u044b \u0434\u043b\u044f \u0432\u0437\u0440\u043e\u0441\u043b\u044b\u0445 \u043a\u043e\u0448\u0435\u043a, \u0444\u043e\u0440\u0435\u043b\u044c \u0432 \u0441\u043c\u0435\u0442\u0430\u043d\u043d\u043e\u043c \u0441\u043e\u0443\u0441\u0435, 12x85 \u0433 + \u043f\u043e\u0434\u0430\u0440\u043e\u043a","og_description":"\u041a\u0443\u043f\u0438\u0442\u044c OPTIMEAL\u2122. \u041a\u043e\u043d\u0441\u0435\u0440\u0432\u044b \u0434\u043b\u044f \u0432\u0437\u0440\u043e\u0441\u043b\u044b\u0445 \u043a\u043e\u0448\u0435\u043a, \u0444\u043e\u0440\u0435\u043b\u044c \u0432 \u0441\u043c\u0435\u0442\u0430\u043d\u043d\u043e\u043c \u0441\u043e\u0443\u0441\u0435, 12x85 \u0433 + \u043f\u043e\u0434\u0430\u0440\u043e\u043a \u0441 \u0434\u043e\u0441\u0442\u0430\u0432\u043a\u043e\u0439 \u043f\u043e \u041a\u0438\u0448\u0438\u043d\u0435\u0432\u0443 \u0438 \u0432\u0441\u0435\u0439 \u041c\u043e\u043b\u0434\u043e\u0432\u0435 \u043d\u0430 Pet24","og_url":"https:\/\/pet24.md\/ro\/produs\/optimeal-polnoraczionnyj-konservirovannyj-korm-dlya-vzroslyh-koshek-s-forelyu-v-kremovom-souse-upakovka-12-sht-0-085-kg\/","og_site_name":"Pet24","article_publisher":"https:\/\/www.facebook.com\/pet24.md","article_modified_time":"2024-09-22T22:11:48+00:00","og_image":[{"width":600,"height":600,"url":"https:\/\/pet24.md\/wp-content\/uploads\/2024\/09\/optimeal-\u2122-polnoraczionnyj-konservirovannyj-korm-dlya-vzroslyh-koshek-s-forelyu-v-kremovom-souse-upakovka-12-sht0085-kg-podarok.webp","type":"image\/webp"}],"twitter_card":"summary_large_image","schema":{"@context":"https:\/\/schema.org","@graph":[{"@type":"WebPage","@id":"https:\/\/pet24.md\/product\/optimeal-polnoraczionnyj-konservirovannyj-korm-dlya-vzroslyh-koshek-s-forelyu-v-kremovom-souse-upakovka-12-sht-0-085-kg\/","url":"https:\/\/pet24.md\/product\/optimeal-polnoraczionnyj-konservirovannyj-korm-dlya-vzroslyh-koshek-s-forelyu-v-kremovom-souse-upakovka-12-sht-0-085-kg\/","name":"OPTIMEAL\u2122. \u041a\u043e\u043d\u0441\u0435\u0440\u0432\u044b \u0434\u043b\u044f \u0432\u0437\u0440\u043e\u0441\u043b\u044b\u0445 \u043a\u043e\u0448\u0435\u043a, \u0444\u043e\u0440\u0435\u043b\u044c \u0432 \u0441\u043c\u0435\u0442\u0430\u043d\u043d\u043e\u043c \u0441\u043e\u0443\u0441\u0435, 12x85 \u0433 + \u043f\u043e\u0434\u0430\u0440\u043e\u043a","isPartOf":{"@id":"https:\/\/pet24.md\/#website"},"primaryImageOfPage":{"@id":"https:\/\/pet24.md\/product\/optimeal-polnoraczionnyj-konservirovannyj-korm-dlya-vzroslyh-koshek-s-forelyu-v-kremovom-souse-upakovka-12-sht-0-085-kg\/#primaryimage"},"image":{"@id":"https:\/\/pet24.md\/product\/optimeal-polnoraczionnyj-konservirovannyj-korm-dlya-vzroslyh-koshek-s-forelyu-v-kremovom-souse-upakovka-12-sht-0-085-kg\/#primaryimage"},"thumbnailUrl":"https:\/\/pet24.md\/wp-content\/uploads\/2024\/09\/optimeal-\u2122-polnoraczionnyj-konservirovannyj-korm-dlya-vzroslyh-koshek-s-forelyu-v-kremovom-souse-upakovka-12-sht0085-kg-podarok.webp","datePublished":"2023-03-27T10:49:11+00:00","dateModified":"2024-09-22T22:11:48+00:00","description":"\u041a\u0443\u043f\u0438\u0442\u044c OPTIMEAL\u2122. \u041a\u043e\u043d\u0441\u0435\u0440\u0432\u044b \u0434\u043b\u044f \u0432\u0437\u0440\u043e\u0441\u043b\u044b\u0445 \u043a\u043e\u0448\u0435\u043a, \u0444\u043e\u0440\u0435\u043b\u044c \u0432 \u0441\u043c\u0435\u0442\u0430\u043d\u043d\u043e\u043c \u0441\u043e\u0443\u0441\u0435, 12x85 \u0433 + \u043f\u043e\u0434\u0430\u0440\u043e\u043a \u0441 \u0434\u043e\u0441\u0442\u0430\u0432\u043a\u043e\u0439 \u043f\u043e \u041a\u0438\u0448\u0438\u043d\u0435\u0432\u0443 \u0438 \u0432\u0441\u0435\u0439 \u041c\u043e\u043b\u0434\u043e\u0432\u0435 \u043d\u0430 Pet24","breadcrumb":{"@id":"https:\/\/pet24.md\/product\/optimeal-polnoraczionnyj-konservirovannyj-korm-dlya-vzroslyh-koshek-s-forelyu-v-kremovom-souse-upakovka-12-sht-0-085-kg\/#breadcrumb"},"inLanguage":"ro-RO","potentialAction":[{"@type":"ReadAction","target":["https:\/\/pet24.md\/product\/optimeal-polnoraczionnyj-konservirovannyj-korm-dlya-vzroslyh-koshek-s-forelyu-v-kremovom-souse-upakovka-12-sht-0-085-kg\/"]}]},{"@type":"ImageObject","inLanguage":"ro-RO","@id":"https:\/\/pet24.md\/product\/optimeal-polnoraczionnyj-konservirovannyj-korm-dlya-vzroslyh-koshek-s-forelyu-v-kremovom-souse-upakovka-12-sht-0-085-kg\/#primaryimage","url":"https:\/\/pet24.md\/wp-content\/uploads\/2024\/09\/optimeal-\u2122-polnoraczionnyj-konservirovannyj-korm-dlya-vzroslyh-koshek-s-forelyu-v-kremovom-souse-upakovka-12-sht0085-kg-podarok.webp","contentUrl":"https:\/\/pet24.md\/wp-content\/uploads\/2024\/09\/optimeal-\u2122-polnoraczionnyj-konservirovannyj-korm-dlya-vzroslyh-koshek-s-forelyu-v-kremovom-souse-upakovka-12-sht0085-kg-podarok.webp","width":600,"height":600,"caption":"optimeal \u2122 polnoraczionnyj konservirovannyj korm dlya vzroslyh koshek s forelyu v kremovom souse upakovka 12 sht0085 kg podarok"},{"@type":"BreadcrumbList","@id":"https:\/\/pet24.md\/product\/optimeal-polnoraczionnyj-konservirovannyj-korm-dlya-vzroslyh-koshek-s-forelyu-v-kremovom-souse-upakovka-12-sht-0-085-kg\/#breadcrumb","itemListElement":[{"@type":"ListItem","position":1,"name":"\u0413\u043b\u0430\u0432\u043d\u0430\u044f \u0441\u0442\u0440\u0430\u043d\u0438\u0446\u0430","item":"https:\/\/pet24.md\/"},{"@type":"ListItem","position":2,"name":"\u041c\u0430\u0433\u0430\u0437\u0438\u043d","item":"https:\/\/pet24.md\/shop\/"},{"@type":"ListItem","position":3,"name":"OPTIMEAL\u2122. \u041a\u043e\u043d\u0441\u0435\u0440\u0432\u044b \u0434\u043b\u044f \u0432\u0437\u0440\u043e\u0441\u043b\u044b\u0445 \u043a\u043e\u0448\u0435\u043a, \u0444\u043e\u0440\u0435\u043b\u044c \u0432 \u0441\u043c\u0435\u0442\u0430\u043d\u043d\u043e\u043c \u0441\u043e\u0443\u0441\u0435, 12&#215;85 \u0433 + \u043f\u043e\u0434\u0430\u0440\u043e\u043a"}]},{"@type":"WebSite","@id":"https:\/\/pet24.md\/#website","url":"https:\/\/pet24.md\/","name":"Pet24","description":"Magazin de animale de companie","publisher":{"@id":"https:\/\/pet24.md\/#organization"},"potentialAction":[{"@type":"SearchAction","target":{"@type":"EntryPoint","urlTemplate":"https:\/\/pet24.md\/?s={search_term_string}"},"query-input":{"@type":"PropertyValueSpecification","valueRequired":true,"valueName":"search_term_string"}}],"inLanguage":"ro-RO"},{"@type":"Organization","@id":"https:\/\/pet24.md\/#organization","name":"Pet24","url":"https:\/\/pet24.md\/","logo":{"@type":"ImageObject","inLanguage":"ro-RO","@id":"https:\/\/pet24.md\/#\/schema\/logo\/image\/","url":"https:\/\/pet24.md\/wp-content\/uploads\/2024\/09\/logo.svg","contentUrl":"https:\/\/pet24.md\/wp-content\/uploads\/2024\/09\/logo.svg","width":215,"height":66,"caption":"Pet24"},"image":{"@id":"https:\/\/pet24.md\/#\/schema\/logo\/image\/"},"sameAs":["https:\/\/www.facebook.com\/pet24.md","https:\/\/www.instagram.com\/pet24.md\/"],"telephone":"+37360508880"}]}},"_links":{"self":[{"href":"https:\/\/pet24.md\/ro\/wp-json\/wp\/v2\/product\/21047","targetHints":{"allow":["GET"]}}],"collection":[{"href":"https:\/\/pet24.md\/ro\/wp-json\/wp\/v2\/product"}],"about":[{"href":"https:\/\/pet24.md\/ro\/wp-json\/wp\/v2\/types\/product"}],"replies":[{"embeddable":true,"href":"https:\/\/pet24.md\/ro\/wp-json\/wp\/v2\/comments?post=21047"}],"wp:featuredmedia":[{"embeddable":true,"href":"https:\/\/pet24.md\/ro\/wp-json\/wp\/v2\/media\/90025"}],"wp:attachment":[{"href":"https:\/\/pet24.md\/ro\/wp-json\/wp\/v2\/media?parent=21047"}],"wp:term":[{"taxonomy":"product_brand","embeddable":true,"href":"https:\/\/pet24.md\/ro\/wp-json\/wp\/v2\/product_brand?post=21047"},{"taxonomy":"product_cat","embeddable":true,"href":"https:\/\/pet24.md\/ro\/wp-json\/wp\/v2\/product_cat?post=21047"},{"taxonomy":"product_tag","embeddable":true,"href":"https:\/\/pet24.md\/ro\/wp-json\/wp\/v2\/product_tag?post=21047"}],"curies":[{"name":"wp","href":"https:\/\/api.w.org\/{rel}","templated":true}]}}