{"id":21290,"date":"2023-03-28T15:50:14","date_gmt":"2023-03-28T15:50:14","guid":{"rendered":"https:\/\/pet24.md\/?post_type=product&#038;p=21290"},"modified":"2024-09-22T22:11:53","modified_gmt":"2024-09-22T22:11:53","slug":"optimeal-polnoraczionnyj-suhoj-korm-dlya-sterilizovannyh-koshek-i-kastrirovannyh-kotov-indejka-i-oves-1-5-kg","status":"publish","type":"product","link":"https:\/\/pet24.md\/ro\/produs\/optimeal-polnoraczionnyj-suhoj-korm-dlya-sterilizovannyh-koshek-i-kastrirovannyh-kotov-indejka-i-oves-1-5-kg\/","title":{"rendered":"OPTIMEAL\u2122. Hrana uscata completa pentru pisici si pisoi \u2013 curcan si ovaz 1,5 kg"},"content":{"rendered":"<p><strong>OPTIMEAL\u2122. Hrana USCATA COMPLETA PENTRU PISICI STERILIZATE SI CASTRATA \u2013 CURCAN SI OVAZ<\/strong><\/p>\n<p><strong>Avantaje:<\/strong><\/p>\n<ul>\n<li><strong>Men\u021bine s\u0103n\u0103tatea sistemului urinar datorit\u0103 con\u021binutului s\u0103u echilibrat de minerale.<\/strong><\/li>\n<li><strong>Mentine greutatea optima datorita L-carnitinei.<\/strong><\/li>\n<li><strong>\u00cent\u0103re\u0219te sistemul imunitar.<\/strong><\/li>\n<\/ul>\n<p><strong>Descriere: <\/strong>Con\u021binutul echilibrat de minerale men\u021bine tractul urinar s\u0103n\u0103tos prin producerea de urin\u0103 cu o concentra\u021bie sc\u0103zut\u0103 de cristale \u0219i men\u021binerea unui pH optim. Aminoacidul special L-carnitina ajut\u0103 la transformarea excesului de gr\u0103sime \u00een energie \u0219i men\u021bine silueta ideal\u0103 a pisicii. Curcanul proasp\u0103t m\u0103cinat ofer\u0103 pisicii tale proteine animale de \u00eenalt\u0103 calitate, u\u0219or digerabile, care promoveaz\u0103 o digestie s\u0103n\u0103toas\u0103. Con\u021bine un complex pentru \u00eent\u0103rirea sistemului imunitar Immunity Support Mix, ierburi benefice, fructe de p\u0103dure, antioxidan\u021bi naturali \u0219i prebiotice. Omega-3 \u0219i 6, zinc, biotina ajut\u0103 la men\u021binerea s\u0103n\u0103toas\u0103 a pielii pisicii \u0219i a blanii str\u0103lucitoare. Con\u021bine 56,88 proteine % de origine animal\u0103. Formula SUPER PREMIUM.<\/p>\n<p><strong>Un complex unic pentru sus\u021binerea \u0219i \u00eent\u0103rirea sistemului imunitar, Immunity Support Mix, este format din:<\/strong><\/p>\n<ul>\n<li>Beta-glucani purifica\u021bi special - \u00eembun\u0103t\u0103\u021besc func\u021bionarea sistemului imunitar pentru o via\u021b\u0103 lung\u0103 a animalului.<\/li>\n<li>Actigen prebiotic de noua generatie - normalizeaza echilibrul microflorei intestinale benefice si asigura o digestie sanatoasa.<\/li>\n<li>Antioxidant natural SubStar ULTRA pe baz\u0103 de rozmarin, datorit\u0103 propriet\u0103\u021bilor sale antimicrobiene \u0219i antiinflamatorii, previne distrugerea celulelor corpului \u0219i a bolilor animalelor.<\/li>\n<li>OMEGA 3 \u0219i 6 \/ Zinc \/ Biotin\u0103 \u2013 men\u021bine pielea s\u0103n\u0103toas\u0103 \u0219i blana frumoas\u0103.<\/li>\n<\/ul>\n<p><strong>Compus:<\/strong> protein\u0103 din carne de curcan deshidratat\u0103, nu mai pu\u021bin de 25 %, protein\u0103 din porumb, orez, porumb, ov\u0103z 5,46 %, gr\u0103sime de pui, carne de curcan dezosat\u0103 5 %, fibre vegetale, protein\u0103 animal\u0103 hidrolizat\u0103 3,5 %, pulp\u0103 de sfecl\u0103 de pui uscat\u0103, hidrolizat\u0103 de pui semin\u021be 1,82 %, drojdie de bere, ou\u0103 pudr\u0103, minerale, ulei de somon, meri\u0219or 0,2 %, ulei de borage, beta-1,3\/1,6-glucani 0,05 %, Actigen\u00ae (surs\u0103 prebiotic\u0103 \u2013 mananoligozaharide, surs\u0103 de g\u0103lbenele ) de lutein\u0103) 0,04 %, r\u0103d\u0103cin\u0103 de brusture, r\u0103d\u0103cin\u0103 de marshmallow, flori de mu\u0219e\u021bel 0,03 %, urzic\u0103 0,03 %, cimbru 0,015 %.<\/p>\n<p><strong>Aditivi:<\/strong> Suplimente nutritive la 1 kg de furaj, mg\/kg: vitamina A (3a672a): 15.000 UI, vitamina D3 (3a671): 750 UI, vitamina E (3a700): 600, vitamina C (3a300): 200, vitamina B6 (3a831) ): 6, biotin\u0103 (3a880): 0,08, L-carnitin\u0103 (3a910): 100, taurin\u0103 (3a370): 2.100; oligoelemente: fier (3b103): 35, iod (3b201): 2,5, cupru (3b405): 8,2, mangan (3b503): 38, zinc (3b604): 148, seleniu (3b801): 0,09; aminoacid: DL-metionin\u0103 (3c301): 2.700.<\/p>\n<p><strong>Aditivi tehnologici per 1 kg de furaj, mg\/kg:<\/strong> antioxidant de origine natural\u0103: 300, extract de tocoferol de origine natural\u0103: 500.<\/p>\n<p><strong>Valoarea nutri\u021bional\u0103 (analiza) a furajelor:<\/strong> protein\u0103 brut\u0103 \u2013 37 %, gr\u0103sime brut\u0103 \u2013 12 %, cenu\u0219\u0103 brut\u0103 \u2013 6,1 %, fibre brute \u2013 4,8 %, calciu \u2013 0,95 %, fosfor \u2013 0,86 %, potasiu \u2013 0,6 TP30T, magneziu \u2013 0,63 TP3T, La 1 kg: acizi gra\u0219i omega-3 \u2013 5,1 g, acizi gra\u0219i omega-6 \u2013 22,1 g 56,88 proteine furajere % \u2013 origine animal\u0103.<\/p>\n<p><strong>Valoarea energetic\u0103 (con\u021binutul caloric) la 100 g de furaj:<\/strong> 1.559,34 kJ (372,7 kcal).<\/p>\n<p><strong>Aportul zilnic de hr\u0103nire recomandat:<\/strong> <strong>\u00a0| <\/strong>\u00a02 | 19-30<\/p>\n<table>\n<tbody>\n<tr>\n<td><strong>Greutatea unei pisici adulte, kg<\/strong><\/td>\n<td><strong>Cantitatea de furaj, g\/zi<\/strong><\/td>\n<\/tr>\n<tr>\n<td><span style=\"font-weight: 400\">2<\/span><\/td>\n<td><span style=\"font-weight: 400\">19-30<\/span><\/td>\n<\/tr>\n<tr>\n<td><span style=\"font-weight: 400\">3<\/span><\/td>\n<td><span style=\"font-weight: 400\">28-44<\/span><\/td>\n<\/tr>\n<tr>\n<td><span style=\"font-weight: 400\">4<\/span><\/td>\n<td><span style=\"font-weight: 400\">38-59<\/span><\/td>\n<\/tr>\n<tr>\n<td><span style=\"font-weight: 400\">5<\/span><\/td>\n<td><span style=\"font-weight: 400\">47-74<\/span><\/td>\n<\/tr>\n<tr>\n<td><span style=\"font-weight: 400\">6<\/span><\/td>\n<td><span style=\"font-weight: 400\">56-89<\/span><\/td>\n<\/tr>\n<\/tbody>\n<\/table>\n<p>Alimentele trebuie introduse \u00een alimenta\u021bie treptat (cel pu\u021bin \u00een primele 5 zile). Oferi\u021bi animalului dvs. acces constant la ap\u0103 de b\u0103ut curat\u0103 \u0219i proasp\u0103t\u0103. Standardele individuale de hr\u0103nire pot varia \u00een func\u021bie de v\u00e2rsta, rasa, nivelul de activitate \u0219i condi\u021biile animalului. A se p\u0103stra \u00eentr-un recipient \u00eenchis, \u00eentr-un loc \u00eentunecat, la o temperatur\u0103 de la +5 \u00ba\u0421 p\u00e2n\u0103 la + 25 \u00ba\u0421 \u0219i o umiditate relativ\u0103 de cel mult 75 %. .<\/p>","protected":false},"excerpt":{"rendered":"<p>OPTIMEAL\u2122. Hrana USCAT\u0102 COMPLET\u0102 PENTRU PISICI STERILIZATE \u0218I CASTILIZAT\u0102 - CURCAN \u0218I OV\u0102Z Beneficii: Men\u021bine sistemul urinar s\u0103n\u0103tos datorit\u0103 unui con\u021binut echilibrat...<\/p>","protected":false},"featured_media":90036,"comment_status":"closed","ping_status":"closed","template":"","meta":[],"product_brand":[],"product_cat":[309,193,320],"product_tag":[322,354,359,360,361,325],"class_list":{"0":"post-21290","1":"product","2":"type-product","3":"status-publish","4":"has-post-thumbnail","6":"product_cat-catfood","7":"product_cat-cat","8":"product_cat-catdry","9":"product_tag-optimeal-koshkam","10":"product_tag-indejka","11":"product_tag-kastrirovannyj-kot","12":"product_tag-oves","13":"product_tag-sterilizovannaya-koshka","14":"product_tag-suhoj-korm","15":"pa_age-pet-vzroslyj","16":"pa_brand-optimeal","17":"pa_feed-class-super-premium","18":"pa_meat-ingredients-indejka","19":"pa_packaging-meshok","20":"pa_pet-koshka","21":"pa_pet-feature-zdorovyj-pitomecz","22":"pa_type-feed-suhoj-korm","23":"pa_weight-1-5-kg","25":"first","26":"outofstock","27":"product-type-simple"},"yoast_head":"<!-- This site is optimized with the Yoast SEO Premium plugin v23.7 (Yoast SEO v27.5) - https:\/\/yoast.com\/product\/yoast-seo-premium-wordpress\/ -->\n<title>OPTIMEAL\u2122. \u041f\u043e\u043b\u043d\u043e\u0440\u0430\u0446\u0438\u043e\u043d\u043d\u044b\u0439 \u0441\u0443\u0445\u043e\u0439 \u043a\u043e\u0440\u043c \u0434\u043b\u044f \u043a\u043e\u0448\u0435\u043a \u0438 \u043a\u043e\u0442\u043e\u0432 \u2013 \u0438\u043d\u0434\u0435\u0439\u043a\u0430 \u0438 \u043e\u0432\u0435\u0441 1.5 \u043a\u0433<\/title>\n<meta name=\"description\" content=\"\u041a\u0443\u043f\u0438\u0442\u044c OPTIMEAL\u2122. \u041f\u043e\u043b\u043d\u043e\u0440\u0430\u0446\u0438\u043e\u043d\u043d\u044b\u0439 \u0441\u0443\u0445\u043e\u0439 \u043a\u043e\u0440\u043c \u0434\u043b\u044f \u043a\u043e\u0448\u0435\u043a \u0438 \u043a\u043e\u0442\u043e\u0432 \u2013 \u0438\u043d\u0434\u0435\u0439\u043a\u0430 \u0438 \u043e\u0432\u0435\u0441 1.5 \u043a\u0433 \u0441 \u0434\u043e\u0441\u0442\u0430\u0432\u043a\u043e\u0439 \u043f\u043e \u041a\u0438\u0448\u0438\u043d\u0435\u0432\u0443 \u0438 \u0432\u0441\u0435\u0439 \u041c\u043e\u043b\u0434\u043e\u0432\u0435 \u043d\u0430 Pet24\" \/>\n<meta name=\"robots\" content=\"index, follow, max-snippet:-1, max-image-preview:large, max-video-preview:-1\" \/>\n<link rel=\"canonical\" href=\"https:\/\/pet24.md\/ro\/produs\/optimeal-polnoraczionnyj-suhoj-korm-dlya-sterilizovannyh-koshek-i-kastrirovannyh-kotov-indejka-i-oves-1-5-kg\/\" \/>\n<meta property=\"og:locale\" content=\"ro_RO\" \/>\n<meta property=\"og:type\" content=\"article\" \/>\n<meta property=\"og:title\" content=\"OPTIMEAL\u2122. \u041f\u043e\u043b\u043d\u043e\u0440\u0430\u0446\u0438\u043e\u043d\u043d\u044b\u0439 \u0441\u0443\u0445\u043e\u0439 \u043a\u043e\u0440\u043c \u0434\u043b\u044f \u043a\u043e\u0448\u0435\u043a \u0438 \u043a\u043e\u0442\u043e\u0432 \u2013 \u0438\u043d\u0434\u0435\u0439\u043a\u0430 \u0438 \u043e\u0432\u0435\u0441 1.5 \u043a\u0433\" \/>\n<meta property=\"og:description\" content=\"\u041a\u0443\u043f\u0438\u0442\u044c OPTIMEAL\u2122. \u041f\u043e\u043b\u043d\u043e\u0440\u0430\u0446\u0438\u043e\u043d\u043d\u044b\u0439 \u0441\u0443\u0445\u043e\u0439 \u043a\u043e\u0440\u043c \u0434\u043b\u044f \u043a\u043e\u0448\u0435\u043a \u0438 \u043a\u043e\u0442\u043e\u0432 \u2013 \u0438\u043d\u0434\u0435\u0439\u043a\u0430 \u0438 \u043e\u0432\u0435\u0441 1.5 \u043a\u0433 \u0441 \u0434\u043e\u0441\u0442\u0430\u0432\u043a\u043e\u0439 \u043f\u043e \u041a\u0438\u0448\u0438\u043d\u0435\u0432\u0443 \u0438 \u0432\u0441\u0435\u0439 \u041c\u043e\u043b\u0434\u043e\u0432\u0435 \u043d\u0430 Pet24\" \/>\n<meta property=\"og:url\" content=\"https:\/\/pet24.md\/ro\/produs\/optimeal-polnoraczionnyj-suhoj-korm-dlya-sterilizovannyh-koshek-i-kastrirovannyh-kotov-indejka-i-oves-1-5-kg\/\" \/>\n<meta property=\"og:site_name\" content=\"Pet24\" \/>\n<meta property=\"article:publisher\" content=\"https:\/\/www.facebook.com\/pet24.md\" \/>\n<meta property=\"article:modified_time\" content=\"2024-09-22T22:11:53+00:00\" \/>\n<meta property=\"og:image\" content=\"https:\/\/pet24.md\/wp-content\/uploads\/2024\/09\/optimeal\u2122-polnoraczionnyj-suhoj-korm-dlya-sterilizovannyh-koshek-i-kastrirovannyh-kotov-indejka-i-oves-15-kg.webp\" \/>\n\t<meta property=\"og:image:width\" content=\"600\" \/>\n\t<meta property=\"og:image:height\" content=\"600\" \/>\n\t<meta property=\"og:image:type\" content=\"image\/webp\" \/>\n<meta name=\"twitter:card\" content=\"summary_large_image\" \/>\n<script type=\"application\/ld+json\" class=\"yoast-schema-graph\">{\"@context\":\"https:\\\/\\\/schema.org\",\"@graph\":[{\"@type\":\"WebPage\",\"@id\":\"https:\\\/\\\/pet24.md\\\/product\\\/optimeal-polnoraczionnyj-suhoj-korm-dlya-sterilizovannyh-koshek-i-kastrirovannyh-kotov-indejka-i-oves-1-5-kg\\\/\",\"url\":\"https:\\\/\\\/pet24.md\\\/product\\\/optimeal-polnoraczionnyj-suhoj-korm-dlya-sterilizovannyh-koshek-i-kastrirovannyh-kotov-indejka-i-oves-1-5-kg\\\/\",\"name\":\"OPTIMEAL\u2122. \u041f\u043e\u043b\u043d\u043e\u0440\u0430\u0446\u0438\u043e\u043d\u043d\u044b\u0439 \u0441\u0443\u0445\u043e\u0439 \u043a\u043e\u0440\u043c \u0434\u043b\u044f \u043a\u043e\u0448\u0435\u043a \u0438 \u043a\u043e\u0442\u043e\u0432 \u2013 \u0438\u043d\u0434\u0435\u0439\u043a\u0430 \u0438 \u043e\u0432\u0435\u0441 1.5 \u043a\u0433\",\"isPartOf\":{\"@id\":\"https:\\\/\\\/pet24.md\\\/#website\"},\"primaryImageOfPage\":{\"@id\":\"https:\\\/\\\/pet24.md\\\/product\\\/optimeal-polnoraczionnyj-suhoj-korm-dlya-sterilizovannyh-koshek-i-kastrirovannyh-kotov-indejka-i-oves-1-5-kg\\\/#primaryimage\"},\"image\":{\"@id\":\"https:\\\/\\\/pet24.md\\\/product\\\/optimeal-polnoraczionnyj-suhoj-korm-dlya-sterilizovannyh-koshek-i-kastrirovannyh-kotov-indejka-i-oves-1-5-kg\\\/#primaryimage\"},\"thumbnailUrl\":\"https:\\\/\\\/pet24.md\\\/wp-content\\\/uploads\\\/2024\\\/09\\\/optimeal\u2122-polnoraczionnyj-suhoj-korm-dlya-sterilizovannyh-koshek-i-kastrirovannyh-kotov-indejka-i-oves-15-kg.webp\",\"datePublished\":\"2023-03-28T15:50:14+00:00\",\"dateModified\":\"2024-09-22T22:11:53+00:00\",\"description\":\"\u041a\u0443\u043f\u0438\u0442\u044c OPTIMEAL\u2122. \u041f\u043e\u043b\u043d\u043e\u0440\u0430\u0446\u0438\u043e\u043d\u043d\u044b\u0439 \u0441\u0443\u0445\u043e\u0439 \u043a\u043e\u0440\u043c \u0434\u043b\u044f \u043a\u043e\u0448\u0435\u043a \u0438 \u043a\u043e\u0442\u043e\u0432 \u2013 \u0438\u043d\u0434\u0435\u0439\u043a\u0430 \u0438 \u043e\u0432\u0435\u0441 1.5 \u043a\u0433 \u0441 \u0434\u043e\u0441\u0442\u0430\u0432\u043a\u043e\u0439 \u043f\u043e \u041a\u0438\u0448\u0438\u043d\u0435\u0432\u0443 \u0438 \u0432\u0441\u0435\u0439 \u041c\u043e\u043b\u0434\u043e\u0432\u0435 \u043d\u0430 Pet24\",\"breadcrumb\":{\"@id\":\"https:\\\/\\\/pet24.md\\\/product\\\/optimeal-polnoraczionnyj-suhoj-korm-dlya-sterilizovannyh-koshek-i-kastrirovannyh-kotov-indejka-i-oves-1-5-kg\\\/#breadcrumb\"},\"inLanguage\":\"ro-RO\",\"potentialAction\":[{\"@type\":\"ReadAction\",\"target\":[\"https:\\\/\\\/pet24.md\\\/product\\\/optimeal-polnoraczionnyj-suhoj-korm-dlya-sterilizovannyh-koshek-i-kastrirovannyh-kotov-indejka-i-oves-1-5-kg\\\/\"]}]},{\"@type\":\"ImageObject\",\"inLanguage\":\"ro-RO\",\"@id\":\"https:\\\/\\\/pet24.md\\\/product\\\/optimeal-polnoraczionnyj-suhoj-korm-dlya-sterilizovannyh-koshek-i-kastrirovannyh-kotov-indejka-i-oves-1-5-kg\\\/#primaryimage\",\"url\":\"https:\\\/\\\/pet24.md\\\/wp-content\\\/uploads\\\/2024\\\/09\\\/optimeal\u2122-polnoraczionnyj-suhoj-korm-dlya-sterilizovannyh-koshek-i-kastrirovannyh-kotov-indejka-i-oves-15-kg.webp\",\"contentUrl\":\"https:\\\/\\\/pet24.md\\\/wp-content\\\/uploads\\\/2024\\\/09\\\/optimeal\u2122-polnoraczionnyj-suhoj-korm-dlya-sterilizovannyh-koshek-i-kastrirovannyh-kotov-indejka-i-oves-15-kg.webp\",\"width\":600,\"height\":600,\"caption\":\"optimeal\u2122 polnoraczionnyj suhoj korm dlya sterilizovannyh koshek i kastrirovannyh kotov indejka i oves 15 kg\"},{\"@type\":\"BreadcrumbList\",\"@id\":\"https:\\\/\\\/pet24.md\\\/product\\\/optimeal-polnoraczionnyj-suhoj-korm-dlya-sterilizovannyh-koshek-i-kastrirovannyh-kotov-indejka-i-oves-1-5-kg\\\/#breadcrumb\",\"itemListElement\":[{\"@type\":\"ListItem\",\"position\":1,\"name\":\"\u0413\u043b\u0430\u0432\u043d\u0430\u044f \u0441\u0442\u0440\u0430\u043d\u0438\u0446\u0430\",\"item\":\"https:\\\/\\\/pet24.md\\\/\"},{\"@type\":\"ListItem\",\"position\":2,\"name\":\"\u041c\u0430\u0433\u0430\u0437\u0438\u043d\",\"item\":\"https:\\\/\\\/pet24.md\\\/shop\\\/\"},{\"@type\":\"ListItem\",\"position\":3,\"name\":\"OPTIMEAL\u2122. \u041f\u043e\u043b\u043d\u043e\u0440\u0430\u0446\u0438\u043e\u043d\u043d\u044b\u0439 \u0441\u0443\u0445\u043e\u0439 \u043a\u043e\u0440\u043c \u0434\u043b\u044f \u043a\u043e\u0448\u0435\u043a \u0438 \u043a\u043e\u0442\u043e\u0432 \u2013 \u0438\u043d\u0434\u0435\u0439\u043a\u0430 \u0438 \u043e\u0432\u0435\u0441 1.5 \u043a\u0433\"}]},{\"@type\":\"WebSite\",\"@id\":\"https:\\\/\\\/pet24.md\\\/#website\",\"url\":\"https:\\\/\\\/pet24.md\\\/\",\"name\":\"Pet24\",\"description\":\"\u0417\u043e\u043e\u043c\u0430\u0433\u0430\u0437\u0438\u043d \u0442\u043e\u0432\u0430\u0440\u043e\u0432 \u0434\u043b\u044f \u0434\u043e\u043c\u0430\u0448\u043d\u0438\u0445 \u043f\u0438\u0442\u043e\u043c\u0446\u0435\u0432\",\"publisher\":{\"@id\":\"https:\\\/\\\/pet24.md\\\/#organization\"},\"potentialAction\":[{\"@type\":\"SearchAction\",\"target\":{\"@type\":\"EntryPoint\",\"urlTemplate\":\"https:\\\/\\\/pet24.md\\\/?s={search_term_string}\"},\"query-input\":{\"@type\":\"PropertyValueSpecification\",\"valueRequired\":true,\"valueName\":\"search_term_string\"}}],\"inLanguage\":\"ro-RO\"},{\"@type\":\"Organization\",\"@id\":\"https:\\\/\\\/pet24.md\\\/#organization\",\"name\":\"Pet24\",\"url\":\"https:\\\/\\\/pet24.md\\\/\",\"logo\":{\"@type\":\"ImageObject\",\"inLanguage\":\"ro-RO\",\"@id\":\"https:\\\/\\\/pet24.md\\\/#\\\/schema\\\/logo\\\/image\\\/\",\"url\":\"https:\\\/\\\/pet24.md\\\/wp-content\\\/uploads\\\/2024\\\/09\\\/logo.svg\",\"contentUrl\":\"https:\\\/\\\/pet24.md\\\/wp-content\\\/uploads\\\/2024\\\/09\\\/logo.svg\",\"width\":215,\"height\":66,\"caption\":\"Pet24\"},\"image\":{\"@id\":\"https:\\\/\\\/pet24.md\\\/#\\\/schema\\\/logo\\\/image\\\/\"},\"sameAs\":[\"https:\\\/\\\/www.facebook.com\\\/pet24.md\",\"https:\\\/\\\/www.instagram.com\\\/pet24.md\\\/\"],\"telephone\":\"+37360508880\"}]}<\/script>\n<!-- \/ Yoast SEO Premium plugin. -->","yoast_head_json":{"title":"OPTIMEAL\u2122. Hrana uscata completa pentru pisici si pisoi \u2013 curcan si ovaz 1,5 kg","description":"\u041a\u0443\u043f\u0438\u0442\u044c OPTIMEAL\u2122. \u041f\u043e\u043b\u043d\u043e\u0440\u0430\u0446\u0438\u043e\u043d\u043d\u044b\u0439 \u0441\u0443\u0445\u043e\u0439 \u043a\u043e\u0440\u043c \u0434\u043b\u044f \u043a\u043e\u0448\u0435\u043a \u0438 \u043a\u043e\u0442\u043e\u0432 \u2013 \u0438\u043d\u0434\u0435\u0439\u043a\u0430 \u0438 \u043e\u0432\u0435\u0441 1.5 \u043a\u0433 \u0441 \u0434\u043e\u0441\u0442\u0430\u0432\u043a\u043e\u0439 \u043f\u043e \u041a\u0438\u0448\u0438\u043d\u0435\u0432\u0443 \u0438 \u0432\u0441\u0435\u0439 \u041c\u043e\u043b\u0434\u043e\u0432\u0435 \u043d\u0430 Pet24","robots":{"index":"index","follow":"follow","max-snippet":"max-snippet:-1","max-image-preview":"max-image-preview:large","max-video-preview":"max-video-preview:-1"},"canonical":"https:\/\/pet24.md\/ro\/produs\/optimeal-polnoraczionnyj-suhoj-korm-dlya-sterilizovannyh-koshek-i-kastrirovannyh-kotov-indejka-i-oves-1-5-kg\/","og_locale":"ro_RO","og_type":"article","og_title":"OPTIMEAL\u2122. \u041f\u043e\u043b\u043d\u043e\u0440\u0430\u0446\u0438\u043e\u043d\u043d\u044b\u0439 \u0441\u0443\u0445\u043e\u0439 \u043a\u043e\u0440\u043c \u0434\u043b\u044f \u043a\u043e\u0448\u0435\u043a \u0438 \u043a\u043e\u0442\u043e\u0432 \u2013 \u0438\u043d\u0434\u0435\u0439\u043a\u0430 \u0438 \u043e\u0432\u0435\u0441 1.5 \u043a\u0433","og_description":"\u041a\u0443\u043f\u0438\u0442\u044c OPTIMEAL\u2122. \u041f\u043e\u043b\u043d\u043e\u0440\u0430\u0446\u0438\u043e\u043d\u043d\u044b\u0439 \u0441\u0443\u0445\u043e\u0439 \u043a\u043e\u0440\u043c \u0434\u043b\u044f \u043a\u043e\u0448\u0435\u043a \u0438 \u043a\u043e\u0442\u043e\u0432 \u2013 \u0438\u043d\u0434\u0435\u0439\u043a\u0430 \u0438 \u043e\u0432\u0435\u0441 1.5 \u043a\u0433 \u0441 \u0434\u043e\u0441\u0442\u0430\u0432\u043a\u043e\u0439 \u043f\u043e \u041a\u0438\u0448\u0438\u043d\u0435\u0432\u0443 \u0438 \u0432\u0441\u0435\u0439 \u041c\u043e\u043b\u0434\u043e\u0432\u0435 \u043d\u0430 Pet24","og_url":"https:\/\/pet24.md\/ro\/produs\/optimeal-polnoraczionnyj-suhoj-korm-dlya-sterilizovannyh-koshek-i-kastrirovannyh-kotov-indejka-i-oves-1-5-kg\/","og_site_name":"Pet24","article_publisher":"https:\/\/www.facebook.com\/pet24.md","article_modified_time":"2024-09-22T22:11:53+00:00","og_image":[{"width":600,"height":600,"url":"https:\/\/pet24.md\/wp-content\/uploads\/2024\/09\/optimeal\u2122-polnoraczionnyj-suhoj-korm-dlya-sterilizovannyh-koshek-i-kastrirovannyh-kotov-indejka-i-oves-15-kg.webp","type":"image\/webp"}],"twitter_card":"summary_large_image","schema":{"@context":"https:\/\/schema.org","@graph":[{"@type":"WebPage","@id":"https:\/\/pet24.md\/product\/optimeal-polnoraczionnyj-suhoj-korm-dlya-sterilizovannyh-koshek-i-kastrirovannyh-kotov-indejka-i-oves-1-5-kg\/","url":"https:\/\/pet24.md\/product\/optimeal-polnoraczionnyj-suhoj-korm-dlya-sterilizovannyh-koshek-i-kastrirovannyh-kotov-indejka-i-oves-1-5-kg\/","name":"OPTIMEAL\u2122. Hrana uscata completa pentru pisici si pisoi \u2013 curcan si ovaz 1,5 kg","isPartOf":{"@id":"https:\/\/pet24.md\/#website"},"primaryImageOfPage":{"@id":"https:\/\/pet24.md\/product\/optimeal-polnoraczionnyj-suhoj-korm-dlya-sterilizovannyh-koshek-i-kastrirovannyh-kotov-indejka-i-oves-1-5-kg\/#primaryimage"},"image":{"@id":"https:\/\/pet24.md\/product\/optimeal-polnoraczionnyj-suhoj-korm-dlya-sterilizovannyh-koshek-i-kastrirovannyh-kotov-indejka-i-oves-1-5-kg\/#primaryimage"},"thumbnailUrl":"https:\/\/pet24.md\/wp-content\/uploads\/2024\/09\/optimeal\u2122-polnoraczionnyj-suhoj-korm-dlya-sterilizovannyh-koshek-i-kastrirovannyh-kotov-indejka-i-oves-15-kg.webp","datePublished":"2023-03-28T15:50:14+00:00","dateModified":"2024-09-22T22:11:53+00:00","description":"\u041a\u0443\u043f\u0438\u0442\u044c OPTIMEAL\u2122. \u041f\u043e\u043b\u043d\u043e\u0440\u0430\u0446\u0438\u043e\u043d\u043d\u044b\u0439 \u0441\u0443\u0445\u043e\u0439 \u043a\u043e\u0440\u043c \u0434\u043b\u044f \u043a\u043e\u0448\u0435\u043a \u0438 \u043a\u043e\u0442\u043e\u0432 \u2013 \u0438\u043d\u0434\u0435\u0439\u043a\u0430 \u0438 \u043e\u0432\u0435\u0441 1.5 \u043a\u0433 \u0441 \u0434\u043e\u0441\u0442\u0430\u0432\u043a\u043e\u0439 \u043f\u043e \u041a\u0438\u0448\u0438\u043d\u0435\u0432\u0443 \u0438 \u0432\u0441\u0435\u0439 \u041c\u043e\u043b\u0434\u043e\u0432\u0435 \u043d\u0430 Pet24","breadcrumb":{"@id":"https:\/\/pet24.md\/product\/optimeal-polnoraczionnyj-suhoj-korm-dlya-sterilizovannyh-koshek-i-kastrirovannyh-kotov-indejka-i-oves-1-5-kg\/#breadcrumb"},"inLanguage":"ro-RO","potentialAction":[{"@type":"ReadAction","target":["https:\/\/pet24.md\/product\/optimeal-polnoraczionnyj-suhoj-korm-dlya-sterilizovannyh-koshek-i-kastrirovannyh-kotov-indejka-i-oves-1-5-kg\/"]}]},{"@type":"ImageObject","inLanguage":"ro-RO","@id":"https:\/\/pet24.md\/product\/optimeal-polnoraczionnyj-suhoj-korm-dlya-sterilizovannyh-koshek-i-kastrirovannyh-kotov-indejka-i-oves-1-5-kg\/#primaryimage","url":"https:\/\/pet24.md\/wp-content\/uploads\/2024\/09\/optimeal\u2122-polnoraczionnyj-suhoj-korm-dlya-sterilizovannyh-koshek-i-kastrirovannyh-kotov-indejka-i-oves-15-kg.webp","contentUrl":"https:\/\/pet24.md\/wp-content\/uploads\/2024\/09\/optimeal\u2122-polnoraczionnyj-suhoj-korm-dlya-sterilizovannyh-koshek-i-kastrirovannyh-kotov-indejka-i-oves-15-kg.webp","width":600,"height":600,"caption":"optimeal\u2122 polnoraczionnyj suhoj korm dlya sterilizovannyh koshek i kastrirovannyh kotov indejka i oves 15 kg"},{"@type":"BreadcrumbList","@id":"https:\/\/pet24.md\/product\/optimeal-polnoraczionnyj-suhoj-korm-dlya-sterilizovannyh-koshek-i-kastrirovannyh-kotov-indejka-i-oves-1-5-kg\/#breadcrumb","itemListElement":[{"@type":"ListItem","position":1,"name":"\u0413\u043b\u0430\u0432\u043d\u0430\u044f \u0441\u0442\u0440\u0430\u043d\u0438\u0446\u0430","item":"https:\/\/pet24.md\/"},{"@type":"ListItem","position":2,"name":"\u041c\u0430\u0433\u0430\u0437\u0438\u043d","item":"https:\/\/pet24.md\/shop\/"},{"@type":"ListItem","position":3,"name":"OPTIMEAL\u2122. \u041f\u043e\u043b\u043d\u043e\u0440\u0430\u0446\u0438\u043e\u043d\u043d\u044b\u0439 \u0441\u0443\u0445\u043e\u0439 \u043a\u043e\u0440\u043c \u0434\u043b\u044f \u043a\u043e\u0448\u0435\u043a \u0438 \u043a\u043e\u0442\u043e\u0432 \u2013 \u0438\u043d\u0434\u0435\u0439\u043a\u0430 \u0438 \u043e\u0432\u0435\u0441 1.5 \u043a\u0433"}]},{"@type":"WebSite","@id":"https:\/\/pet24.md\/#website","url":"https:\/\/pet24.md\/","name":"Pet24","description":"Magazin de animale de companie","publisher":{"@id":"https:\/\/pet24.md\/#organization"},"potentialAction":[{"@type":"SearchAction","target":{"@type":"EntryPoint","urlTemplate":"https:\/\/pet24.md\/?s={search_term_string}"},"query-input":{"@type":"PropertyValueSpecification","valueRequired":true,"valueName":"search_term_string"}}],"inLanguage":"ro-RO"},{"@type":"Organization","@id":"https:\/\/pet24.md\/#organization","name":"Pet24","url":"https:\/\/pet24.md\/","logo":{"@type":"ImageObject","inLanguage":"ro-RO","@id":"https:\/\/pet24.md\/#\/schema\/logo\/image\/","url":"https:\/\/pet24.md\/wp-content\/uploads\/2024\/09\/logo.svg","contentUrl":"https:\/\/pet24.md\/wp-content\/uploads\/2024\/09\/logo.svg","width":215,"height":66,"caption":"Pet24"},"image":{"@id":"https:\/\/pet24.md\/#\/schema\/logo\/image\/"},"sameAs":["https:\/\/www.facebook.com\/pet24.md","https:\/\/www.instagram.com\/pet24.md\/"],"telephone":"+37360508880"}]}},"_links":{"self":[{"href":"https:\/\/pet24.md\/ro\/wp-json\/wp\/v2\/product\/21290","targetHints":{"allow":["GET"]}}],"collection":[{"href":"https:\/\/pet24.md\/ro\/wp-json\/wp\/v2\/product"}],"about":[{"href":"https:\/\/pet24.md\/ro\/wp-json\/wp\/v2\/types\/product"}],"replies":[{"embeddable":true,"href":"https:\/\/pet24.md\/ro\/wp-json\/wp\/v2\/comments?post=21290"}],"wp:featuredmedia":[{"embeddable":true,"href":"https:\/\/pet24.md\/ro\/wp-json\/wp\/v2\/media\/90036"}],"wp:attachment":[{"href":"https:\/\/pet24.md\/ro\/wp-json\/wp\/v2\/media?parent=21290"}],"wp:term":[{"taxonomy":"product_brand","embeddable":true,"href":"https:\/\/pet24.md\/ro\/wp-json\/wp\/v2\/product_brand?post=21290"},{"taxonomy":"product_cat","embeddable":true,"href":"https:\/\/pet24.md\/ro\/wp-json\/wp\/v2\/product_cat?post=21290"},{"taxonomy":"product_tag","embeddable":true,"href":"https:\/\/pet24.md\/ro\/wp-json\/wp\/v2\/product_tag?post=21290"}],"curies":[{"name":"wp","href":"https:\/\/api.w.org\/{rel}","templated":true}]}}