{"id":21344,"date":"2023-03-28T16:06:36","date_gmt":"2023-03-28T16:06:36","guid":{"rendered":"https:\/\/pet24.md\/?post_type=product&#038;p=21344"},"modified":"2024-09-22T22:11:56","modified_gmt":"2024-09-22T22:11:56","slug":"club-4-paws-premium-vlazhnyj-korm-dlya-vzroslyh-koshek-s-krolikom-v-zhele-upakovka-24-sht-01-kg","status":"publish","type":"product","link":"https:\/\/pet24.md\/ro\/produs\/club-4-paws-premium-vlazhnyj-korm-dlya-vzroslyh-koshek-s-krolikom-v-zhele-upakovka-24-sht-01-kg\/","title":{"rendered":"CLUB 4 PAWS Premium Hrana umeda pentru pisici cu Iepure in jeleu. 24 buc. * 0,1 kg"},"content":{"rendered":"<p><strong>CLUB 4 LABE PREMIUM \u201eCU IEPURE \u00ceN JELEU\u201d. CONSERVE COMPLETE PENTRU PISICI ADULTE.<\/strong><\/p>\n<p><strong>Iepure \u00een jeleu pentru pisici adulte Dieta umed\u0103 premium con\u021bine 77% de ingrediente din carne \u00een buc\u0103\u021bi (inclusiv 9% de iepure). Este \u00eembog\u0103\u021bit cu complexul Omega 3 + Omega 6 pentru o piele s\u0103n\u0103toas\u0103 \u0219i o blan\u0103 str\u0103lucitoare, precum \u0219i cu formula INTEGRAMIX pentru sprijinul general al s\u0103n\u0103t\u0103\u021bii animalului dvs. de companie.<\/strong><\/p>\n<p><strong>Avantaje:<\/strong><\/p>\n<ul>\n<li><strong>8,5\/5 \u2013 formul\u0103 echilibrat\u0103 pentru hr\u0103nirea zilnic\u0103<\/strong><\/li>\n<li><strong>Pentru pisici adulte de la 1 an<\/strong><\/li>\n<li><strong>\u2013 Ingredientele din carne sunt pe primul loc \u00een compozi\u021bie<\/strong><\/li>\n<li><strong>\u2013 Amestec de tocoferoli ca antioxidant natural<\/strong><\/li>\n<li><strong>Vitaminele D3, E, B1, B5, oligoelemente \u0219i aminoacizi<\/strong><\/li>\n<li><strong>Omega 3 + Omega 6 pentru piele s\u0103n\u0103toas\u0103 \u0219i blan\u0103 str\u0103lucitoare<\/strong><\/li>\n<li><strong>\u2013 Formula Integramix: ro\u0219ii uscate, ghimbir, p\u0103ducel \u0219i banane \u2013 pentru s\u0103n\u0103tatea general\u0103 a animalului de companie<\/strong><\/li>\n<li><strong>\u2022 Fara arome sau coloranti artificiali<\/strong><\/li>\n<\/ul>\n<p><strong>Compus:<\/strong> 77 % carne \u0219i produse de origine animal\u0103 \u00een buc\u0103\u021bi, inclusiv 9 % iepure, cereale, extracte de proteine vegetale, minerale, uleiuri \u0219i gr\u0103simi (ulei de somon 0,22 %), fructe (banana 0,1 %, p\u0103ducel 0,03 % )<em>, legume (rosii 0,11 %)<\/em>, ghimbir* 0,005 %. Aditivi (la 1 kg de furaj): vitamine: D3 (3a671): 200 MO, E (3a700): 16 mg, B1 (3a821): 1 mg, pantotenat de calciu D (3a841): 1 mg, acid folic (3a316) : 0,226 mg, clorur\u0103 de colin\u0103 (3a890): 3,1 g; oligoelemente: zinc (3b604) 4,2 mg, mangan (3b503) 3,12 mg, iod (3b201) 0,64 mg, seleniu (3b801) 0,2 \u03bcg; aminoacizi: taurin\u0103 (3a370): 467 mg, glicin\u0103 (2b17034): 2,8 g; coloranti alimentari. *Ingrediente naturale, uscate.<\/p>\n<p><strong>Valoarea nutritiv\u0103 (componente analitice) a furajului:<\/strong> protein\u0103 brut\u0103 8,5 %, gr\u0103sime brut\u0103 5 %, cenu\u0219\u0103 brut\u0103 2,5 %, fibr\u0103 brut\u0103 0,3 %, umiditate 82 %, calciu 0,35 %, fosfor 0,3 %, acizi gra\u0219i omega-103T1, acizi gra\u0219i omega-10ga. 0,34 %. Valoarea energetic\u0103 (con\u021binut caloric) a 100 g furaj: 347,43 kJ (83,04 kcal).<\/p>\n<p><strong>Compus:<\/strong> 77 % carne \u0219i produse de origine animal\u0103 \u00een buc\u0103\u021bi, inclusiv 9 % iepure, cereale, extracte de proteine vegetale, minerale, uleiuri \u0219i gr\u0103simi (ulei de somon 0,22 %), fructe (banana 0,1 %, p\u0103ducel 0,03 % )<em>, legume (rosii 0,11 %)<\/em>, ghimbir* 0,005 %. Aditivi (la 1 kg de furaj): vitamine: D3 (3a671): 200 MO, E (3a700): 16 mg, B1 (3a821): 1 mg, pantotenat de calciu D (3a841): 1 mg, acid folic (3a316) : 0,226 mg, clorur\u0103 de colin\u0103 (3a890): 3,1 g; oligoelemente: zinc (3b604) 4,2 mg, mangan (3b503) 3,12 mg, iod (3b201) 0,64 mg, seleniu (3b801) 0,2 \u03bcg; aminoacizi: taurin\u0103 (3a370): 467 mg, glicin\u0103 (2b17034): 2,8 g; coloranti alimentari. *Ingrediente naturale, uscate.<\/p>\n<p><strong>Valoarea nutritiv\u0103 (componente analitice) a furajului:<\/strong> protein\u0103 brut\u0103 8,5 %, gr\u0103sime brut\u0103 5 %, cenu\u0219\u0103 brut\u0103 2,5 %, fibr\u0103 brut\u0103 0,3 %, umiditate 82 %, calciu 0,35 %, fosfor 0,3 %, acizi gra\u0219i omega-103T1, acizi gra\u0219i omega-10ga. 0,34 %. Valoarea energetic\u0103 (con\u021binut caloric) a 100 g furaj: 347,43 kJ (83,04 kcal).<\/p>\n<p><strong>Data maxim\u0103 \u00eenainte:<\/strong> 24 de luni de la data produc\u021biei. A se p\u0103stra \u00eentr-un loc uscat, la temperaturi de la +6 \u00ba\u0421 p\u00e2n\u0103 la +30 \u00ba\u0421. P\u0103stra\u021bi alimentele \u00een ambalaj deschis la frigider pentru cel mult 48 de ore. Por\u021biunea de alimentare trebuie s\u0103 fie la temperatura camerei. Alimentele trebuie introduse \u00een alimenta\u021bie treptat (cel pu\u021bin \u00een primele 5 zile). Oferi\u021bi animalului acces constant la ap\u0103 de b\u0103ut curat\u0103 \u0219i proasp\u0103t\u0103. Ratele individuale de hr\u0103nire pot varia \u00een func\u021bie de v\u00e2rsta animalului, rasa, nivelul de activitate \u0219i habitatul. Combina\u021bi hr\u0103nirea cu dietele uscate CLUB 4 PAWS pentru pisici adulte.<\/p>","protected":false},"excerpt":{"rendered":"<p>CLUB 4 PAWS \u041f\u0420\u0415\u041c\u0418\u0423\u041c &#171;\u0421 \u041a\u0420\u041e\u041b\u0418\u041a\u041e\u041c \u0412 \u0416\u0415\u041b\u0415&#187;. \u041f\u041e\u041b\u041d\u041e\u0420\u0410\u0426\u0418\u041e\u041d\u041d\u042b\u0419 \u041a\u041e\u041d\u0421\u0415\u0420\u0412\u0418\u0420\u041e\u0412\u0410\u041d\u041d\u042b\u0419 \u041a\u041e\u0420\u041c \u0414\u041b\u042f \u0412\u0417\u0420\u041e\u0421\u041b\u042b\u0425 \u041a\u041e\u0422\u041e\u0412. \u041a\u0440\u043e\u043b\u0438\u043a \u0432 \u0436\u0435\u043b\u0435 \u0434\u043b\u044f \u0432\u0437\u0440\u043e\u0441\u043b\u044b\u0445 \u043a\u043e\u0442\u043e\u0432 \u0412\u043b\u0430\u0436\u043d\u044b\u0439 \u043f\u0440\u0435\u043c\u0438\u0443\u043c-\u0440\u0430\u0446\u0438\u043e\u043d&hellip;<\/p>","protected":false},"featured_media":90048,"comment_status":"closed","ping_status":"closed","template":"","meta":[],"product_brand":[],"product_cat":[310,309,193],"product_tag":[412,296],"class_list":{"0":"post-21344","1":"product","2":"type-product","3":"status-publish","4":"has-post-thumbnail","6":"product_cat-catwet","7":"product_cat-catfood","8":"product_cat-cat","9":"product_tag-club-4-paws","10":"product_tag-vlazhnyj-korm","11":"pa_age-pet-vzroslyj","12":"pa_brand-club-4-paws","13":"pa_feed-class-premium","14":"pa_meat-ingredients-krolik","15":"pa_packaging-pauchi","16":"pa_pet-koshka","17":"pa_pet-feature-zdorovyj-pitomecz","18":"pa_type-feed-vlazhnyj-korm","19":"pa_weight-100-gr","21":"first","22":"instock","23":"product-type-simple"},"yoast_head":"<!-- This site is optimized with the Yoast SEO Premium plugin v23.7 (Yoast SEO v27.5) - https:\/\/yoast.com\/product\/yoast-seo-premium-wordpress\/ -->\n<title>CLUB 4 PAWS \u041f\u0440\u0435\u043c\u0438\u0443\u043c \u0412\u043b\u0430\u0436\u043d\u044b\u0439 \u043a\u043e\u0440\u043c \u0434\u043b\u044f \u043a\u043e\u0448\u0435\u043a \u0441 \u041a\u0440\u043e\u043b\u0438\u043a\u043e\u043c \u0432 \u0436\u0435\u043b\u0435. 24 \u0448\u0442. * 0,1 \u043a\u0433<\/title>\n<meta name=\"description\" content=\"\u041a\u0443\u043f\u0438\u0442\u044c CLUB 4 PAWS \u041f\u0440\u0435\u043c\u0438\u0443\u043c \u0412\u043b\u0430\u0436\u043d\u044b\u0439 \u043a\u043e\u0440\u043c \u0434\u043b\u044f \u043a\u043e\u0448\u0435\u043a \u0441 \u041a\u0440\u043e\u043b\u0438\u043a\u043e\u043c \u0432 \u0436\u0435\u043b\u0435. 24 \u0448\u0442. * 0,1 \u043a\u0433 \u0441 \u0434\u043e\u0441\u0442\u0430\u0432\u043a\u043e\u0439 \u043f\u043e \u041a\u0438\u0448\u0438\u043d\u0435\u0432\u0443 \u0438 \u0432\u0441\u0435\u0439 \u041c\u043e\u043b\u0434\u043e\u0432\u0435 \u043d\u0430 Pet24\" \/>\n<meta name=\"robots\" content=\"index, follow, max-snippet:-1, max-image-preview:large, max-video-preview:-1\" \/>\n<link rel=\"canonical\" href=\"https:\/\/pet24.md\/ro\/produs\/club-4-paws-premium-vlazhnyj-korm-dlya-vzroslyh-koshek-s-krolikom-v-zhele-upakovka-24-sht-01-kg\/\" \/>\n<meta property=\"og:locale\" content=\"ro_RO\" \/>\n<meta property=\"og:type\" content=\"article\" \/>\n<meta property=\"og:title\" content=\"CLUB 4 PAWS \u041f\u0440\u0435\u043c\u0438\u0443\u043c \u0412\u043b\u0430\u0436\u043d\u044b\u0439 \u043a\u043e\u0440\u043c \u0434\u043b\u044f \u043a\u043e\u0448\u0435\u043a \u0441 \u041a\u0440\u043e\u043b\u0438\u043a\u043e\u043c \u0432 \u0436\u0435\u043b\u0435. 24 \u0448\u0442. * 0,1 \u043a\u0433\" \/>\n<meta property=\"og:description\" content=\"\u041a\u0443\u043f\u0438\u0442\u044c CLUB 4 PAWS \u041f\u0440\u0435\u043c\u0438\u0443\u043c \u0412\u043b\u0430\u0436\u043d\u044b\u0439 \u043a\u043e\u0440\u043c \u0434\u043b\u044f \u043a\u043e\u0448\u0435\u043a \u0441 \u041a\u0440\u043e\u043b\u0438\u043a\u043e\u043c \u0432 \u0436\u0435\u043b\u0435. 24 \u0448\u0442. * 0,1 \u043a\u0433 \u0441 \u0434\u043e\u0441\u0442\u0430\u0432\u043a\u043e\u0439 \u043f\u043e \u041a\u0438\u0448\u0438\u043d\u0435\u0432\u0443 \u0438 \u0432\u0441\u0435\u0439 \u041c\u043e\u043b\u0434\u043e\u0432\u0435 \u043d\u0430 Pet24\" \/>\n<meta property=\"og:url\" content=\"https:\/\/pet24.md\/ro\/produs\/club-4-paws-premium-vlazhnyj-korm-dlya-vzroslyh-koshek-s-krolikom-v-zhele-upakovka-24-sht-01-kg\/\" \/>\n<meta property=\"og:site_name\" content=\"Pet24\" \/>\n<meta property=\"article:publisher\" content=\"https:\/\/www.facebook.com\/pet24.md\" \/>\n<meta property=\"article:modified_time\" content=\"2024-09-22T22:11:56+00:00\" \/>\n<meta property=\"og:image\" content=\"https:\/\/pet24.md\/wp-content\/uploads\/2024\/09\/korm-dlya-vzroslyh-koshek-s-krolikom-v-zhele.webp\" \/>\n\t<meta property=\"og:image:width\" content=\"600\" \/>\n\t<meta property=\"og:image:height\" content=\"600\" \/>\n\t<meta property=\"og:image:type\" content=\"image\/webp\" \/>\n<meta name=\"twitter:card\" content=\"summary_large_image\" \/>\n<script type=\"application\/ld+json\" class=\"yoast-schema-graph\">{\"@context\":\"https:\\\/\\\/schema.org\",\"@graph\":[{\"@type\":\"WebPage\",\"@id\":\"https:\\\/\\\/pet24.md\\\/product\\\/club-4-paws-premium-vlazhnyj-korm-dlya-vzroslyh-koshek-s-krolikom-v-zhele-upakovka-24-sht-01-kg\\\/\",\"url\":\"https:\\\/\\\/pet24.md\\\/product\\\/club-4-paws-premium-vlazhnyj-korm-dlya-vzroslyh-koshek-s-krolikom-v-zhele-upakovka-24-sht-01-kg\\\/\",\"name\":\"CLUB 4 PAWS \u041f\u0440\u0435\u043c\u0438\u0443\u043c \u0412\u043b\u0430\u0436\u043d\u044b\u0439 \u043a\u043e\u0440\u043c \u0434\u043b\u044f \u043a\u043e\u0448\u0435\u043a \u0441 \u041a\u0440\u043e\u043b\u0438\u043a\u043e\u043c \u0432 \u0436\u0435\u043b\u0435. 24 \u0448\u0442. * 0,1 \u043a\u0433\",\"isPartOf\":{\"@id\":\"https:\\\/\\\/pet24.md\\\/#website\"},\"primaryImageOfPage\":{\"@id\":\"https:\\\/\\\/pet24.md\\\/product\\\/club-4-paws-premium-vlazhnyj-korm-dlya-vzroslyh-koshek-s-krolikom-v-zhele-upakovka-24-sht-01-kg\\\/#primaryimage\"},\"image\":{\"@id\":\"https:\\\/\\\/pet24.md\\\/product\\\/club-4-paws-premium-vlazhnyj-korm-dlya-vzroslyh-koshek-s-krolikom-v-zhele-upakovka-24-sht-01-kg\\\/#primaryimage\"},\"thumbnailUrl\":\"https:\\\/\\\/pet24.md\\\/wp-content\\\/uploads\\\/2024\\\/09\\\/korm-dlya-vzroslyh-koshek-s-krolikom-v-zhele.webp\",\"datePublished\":\"2023-03-28T16:06:36+00:00\",\"dateModified\":\"2024-09-22T22:11:56+00:00\",\"description\":\"\u041a\u0443\u043f\u0438\u0442\u044c CLUB 4 PAWS \u041f\u0440\u0435\u043c\u0438\u0443\u043c \u0412\u043b\u0430\u0436\u043d\u044b\u0439 \u043a\u043e\u0440\u043c \u0434\u043b\u044f \u043a\u043e\u0448\u0435\u043a \u0441 \u041a\u0440\u043e\u043b\u0438\u043a\u043e\u043c \u0432 \u0436\u0435\u043b\u0435. 24 \u0448\u0442. * 0,1 \u043a\u0433 \u0441 \u0434\u043e\u0441\u0442\u0430\u0432\u043a\u043e\u0439 \u043f\u043e \u041a\u0438\u0448\u0438\u043d\u0435\u0432\u0443 \u0438 \u0432\u0441\u0435\u0439 \u041c\u043e\u043b\u0434\u043e\u0432\u0435 \u043d\u0430 Pet24\",\"breadcrumb\":{\"@id\":\"https:\\\/\\\/pet24.md\\\/product\\\/club-4-paws-premium-vlazhnyj-korm-dlya-vzroslyh-koshek-s-krolikom-v-zhele-upakovka-24-sht-01-kg\\\/#breadcrumb\"},\"inLanguage\":\"ro-RO\",\"potentialAction\":[{\"@type\":\"ReadAction\",\"target\":[\"https:\\\/\\\/pet24.md\\\/product\\\/club-4-paws-premium-vlazhnyj-korm-dlya-vzroslyh-koshek-s-krolikom-v-zhele-upakovka-24-sht-01-kg\\\/\"]}]},{\"@type\":\"ImageObject\",\"inLanguage\":\"ro-RO\",\"@id\":\"https:\\\/\\\/pet24.md\\\/product\\\/club-4-paws-premium-vlazhnyj-korm-dlya-vzroslyh-koshek-s-krolikom-v-zhele-upakovka-24-sht-01-kg\\\/#primaryimage\",\"url\":\"https:\\\/\\\/pet24.md\\\/wp-content\\\/uploads\\\/2024\\\/09\\\/korm-dlya-vzroslyh-koshek-s-krolikom-v-zhele.webp\",\"contentUrl\":\"https:\\\/\\\/pet24.md\\\/wp-content\\\/uploads\\\/2024\\\/09\\\/korm-dlya-vzroslyh-koshek-s-krolikom-v-zhele.webp\",\"width\":600,\"height\":600,\"caption\":\"korm dlya vzroslyh koshek s krolikom v zhele\"},{\"@type\":\"BreadcrumbList\",\"@id\":\"https:\\\/\\\/pet24.md\\\/product\\\/club-4-paws-premium-vlazhnyj-korm-dlya-vzroslyh-koshek-s-krolikom-v-zhele-upakovka-24-sht-01-kg\\\/#breadcrumb\",\"itemListElement\":[{\"@type\":\"ListItem\",\"position\":1,\"name\":\"\u0413\u043b\u0430\u0432\u043d\u0430\u044f \u0441\u0442\u0440\u0430\u043d\u0438\u0446\u0430\",\"item\":\"https:\\\/\\\/pet24.md\\\/\"},{\"@type\":\"ListItem\",\"position\":2,\"name\":\"\u041c\u0430\u0433\u0430\u0437\u0438\u043d\",\"item\":\"https:\\\/\\\/pet24.md\\\/shop\\\/\"},{\"@type\":\"ListItem\",\"position\":3,\"name\":\"CLUB 4 PAWS \u041f\u0440\u0435\u043c\u0438\u0443\u043c \u0412\u043b\u0430\u0436\u043d\u044b\u0439 \u043a\u043e\u0440\u043c \u0434\u043b\u044f \u043a\u043e\u0448\u0435\u043a \u0441 \u041a\u0440\u043e\u043b\u0438\u043a\u043e\u043c \u0432 \u0436\u0435\u043b\u0435. 24 \u0448\u0442. * 0,1 \u043a\u0433\"}]},{\"@type\":\"WebSite\",\"@id\":\"https:\\\/\\\/pet24.md\\\/#website\",\"url\":\"https:\\\/\\\/pet24.md\\\/\",\"name\":\"Pet24\",\"description\":\"\u0417\u043e\u043e\u043c\u0430\u0433\u0430\u0437\u0438\u043d \u0442\u043e\u0432\u0430\u0440\u043e\u0432 \u0434\u043b\u044f \u0434\u043e\u043c\u0430\u0448\u043d\u0438\u0445 \u043f\u0438\u0442\u043e\u043c\u0446\u0435\u0432\",\"publisher\":{\"@id\":\"https:\\\/\\\/pet24.md\\\/#organization\"},\"potentialAction\":[{\"@type\":\"SearchAction\",\"target\":{\"@type\":\"EntryPoint\",\"urlTemplate\":\"https:\\\/\\\/pet24.md\\\/?s={search_term_string}\"},\"query-input\":{\"@type\":\"PropertyValueSpecification\",\"valueRequired\":true,\"valueName\":\"search_term_string\"}}],\"inLanguage\":\"ro-RO\"},{\"@type\":\"Organization\",\"@id\":\"https:\\\/\\\/pet24.md\\\/#organization\",\"name\":\"Pet24\",\"url\":\"https:\\\/\\\/pet24.md\\\/\",\"logo\":{\"@type\":\"ImageObject\",\"inLanguage\":\"ro-RO\",\"@id\":\"https:\\\/\\\/pet24.md\\\/#\\\/schema\\\/logo\\\/image\\\/\",\"url\":\"https:\\\/\\\/pet24.md\\\/wp-content\\\/uploads\\\/2024\\\/09\\\/logo.svg\",\"contentUrl\":\"https:\\\/\\\/pet24.md\\\/wp-content\\\/uploads\\\/2024\\\/09\\\/logo.svg\",\"width\":215,\"height\":66,\"caption\":\"Pet24\"},\"image\":{\"@id\":\"https:\\\/\\\/pet24.md\\\/#\\\/schema\\\/logo\\\/image\\\/\"},\"sameAs\":[\"https:\\\/\\\/www.facebook.com\\\/pet24.md\",\"https:\\\/\\\/www.instagram.com\\\/pet24.md\\\/\"],\"telephone\":\"+37360508880\"}]}<\/script>\n<!-- \/ Yoast SEO Premium plugin. -->","yoast_head_json":{"title":"CLUB 4 PAWS Premium Hrana umeda pentru pisici cu Iepure in jeleu. 24 buc. * 0,1 kg","description":"\u041a\u0443\u043f\u0438\u0442\u044c CLUB 4 PAWS \u041f\u0440\u0435\u043c\u0438\u0443\u043c \u0412\u043b\u0430\u0436\u043d\u044b\u0439 \u043a\u043e\u0440\u043c \u0434\u043b\u044f \u043a\u043e\u0448\u0435\u043a \u0441 \u041a\u0440\u043e\u043b\u0438\u043a\u043e\u043c \u0432 \u0436\u0435\u043b\u0435. 24 \u0448\u0442. * 0,1 \u043a\u0433 \u0441 \u0434\u043e\u0441\u0442\u0430\u0432\u043a\u043e\u0439 \u043f\u043e \u041a\u0438\u0448\u0438\u043d\u0435\u0432\u0443 \u0438 \u0432\u0441\u0435\u0439 \u041c\u043e\u043b\u0434\u043e\u0432\u0435 \u043d\u0430 Pet24","robots":{"index":"index","follow":"follow","max-snippet":"max-snippet:-1","max-image-preview":"max-image-preview:large","max-video-preview":"max-video-preview:-1"},"canonical":"https:\/\/pet24.md\/ro\/produs\/club-4-paws-premium-vlazhnyj-korm-dlya-vzroslyh-koshek-s-krolikom-v-zhele-upakovka-24-sht-01-kg\/","og_locale":"ro_RO","og_type":"article","og_title":"CLUB 4 PAWS \u041f\u0440\u0435\u043c\u0438\u0443\u043c \u0412\u043b\u0430\u0436\u043d\u044b\u0439 \u043a\u043e\u0440\u043c \u0434\u043b\u044f \u043a\u043e\u0448\u0435\u043a \u0441 \u041a\u0440\u043e\u043b\u0438\u043a\u043e\u043c \u0432 \u0436\u0435\u043b\u0435. 24 \u0448\u0442. * 0,1 \u043a\u0433","og_description":"\u041a\u0443\u043f\u0438\u0442\u044c CLUB 4 PAWS \u041f\u0440\u0435\u043c\u0438\u0443\u043c \u0412\u043b\u0430\u0436\u043d\u044b\u0439 \u043a\u043e\u0440\u043c \u0434\u043b\u044f \u043a\u043e\u0448\u0435\u043a \u0441 \u041a\u0440\u043e\u043b\u0438\u043a\u043e\u043c \u0432 \u0436\u0435\u043b\u0435. 24 \u0448\u0442. * 0,1 \u043a\u0433 \u0441 \u0434\u043e\u0441\u0442\u0430\u0432\u043a\u043e\u0439 \u043f\u043e \u041a\u0438\u0448\u0438\u043d\u0435\u0432\u0443 \u0438 \u0432\u0441\u0435\u0439 \u041c\u043e\u043b\u0434\u043e\u0432\u0435 \u043d\u0430 Pet24","og_url":"https:\/\/pet24.md\/ro\/produs\/club-4-paws-premium-vlazhnyj-korm-dlya-vzroslyh-koshek-s-krolikom-v-zhele-upakovka-24-sht-01-kg\/","og_site_name":"Pet24","article_publisher":"https:\/\/www.facebook.com\/pet24.md","article_modified_time":"2024-09-22T22:11:56+00:00","og_image":[{"width":600,"height":600,"url":"https:\/\/pet24.md\/wp-content\/uploads\/2024\/09\/korm-dlya-vzroslyh-koshek-s-krolikom-v-zhele.webp","type":"image\/webp"}],"twitter_card":"summary_large_image","schema":{"@context":"https:\/\/schema.org","@graph":[{"@type":"WebPage","@id":"https:\/\/pet24.md\/product\/club-4-paws-premium-vlazhnyj-korm-dlya-vzroslyh-koshek-s-krolikom-v-zhele-upakovka-24-sht-01-kg\/","url":"https:\/\/pet24.md\/product\/club-4-paws-premium-vlazhnyj-korm-dlya-vzroslyh-koshek-s-krolikom-v-zhele-upakovka-24-sht-01-kg\/","name":"CLUB 4 PAWS Premium Hrana umeda pentru pisici cu Iepure in jeleu. 24 buc. * 0,1 kg","isPartOf":{"@id":"https:\/\/pet24.md\/#website"},"primaryImageOfPage":{"@id":"https:\/\/pet24.md\/product\/club-4-paws-premium-vlazhnyj-korm-dlya-vzroslyh-koshek-s-krolikom-v-zhele-upakovka-24-sht-01-kg\/#primaryimage"},"image":{"@id":"https:\/\/pet24.md\/product\/club-4-paws-premium-vlazhnyj-korm-dlya-vzroslyh-koshek-s-krolikom-v-zhele-upakovka-24-sht-01-kg\/#primaryimage"},"thumbnailUrl":"https:\/\/pet24.md\/wp-content\/uploads\/2024\/09\/korm-dlya-vzroslyh-koshek-s-krolikom-v-zhele.webp","datePublished":"2023-03-28T16:06:36+00:00","dateModified":"2024-09-22T22:11:56+00:00","description":"\u041a\u0443\u043f\u0438\u0442\u044c CLUB 4 PAWS \u041f\u0440\u0435\u043c\u0438\u0443\u043c \u0412\u043b\u0430\u0436\u043d\u044b\u0439 \u043a\u043e\u0440\u043c \u0434\u043b\u044f \u043a\u043e\u0448\u0435\u043a \u0441 \u041a\u0440\u043e\u043b\u0438\u043a\u043e\u043c \u0432 \u0436\u0435\u043b\u0435. 24 \u0448\u0442. * 0,1 \u043a\u0433 \u0441 \u0434\u043e\u0441\u0442\u0430\u0432\u043a\u043e\u0439 \u043f\u043e \u041a\u0438\u0448\u0438\u043d\u0435\u0432\u0443 \u0438 \u0432\u0441\u0435\u0439 \u041c\u043e\u043b\u0434\u043e\u0432\u0435 \u043d\u0430 Pet24","breadcrumb":{"@id":"https:\/\/pet24.md\/product\/club-4-paws-premium-vlazhnyj-korm-dlya-vzroslyh-koshek-s-krolikom-v-zhele-upakovka-24-sht-01-kg\/#breadcrumb"},"inLanguage":"ro-RO","potentialAction":[{"@type":"ReadAction","target":["https:\/\/pet24.md\/product\/club-4-paws-premium-vlazhnyj-korm-dlya-vzroslyh-koshek-s-krolikom-v-zhele-upakovka-24-sht-01-kg\/"]}]},{"@type":"ImageObject","inLanguage":"ro-RO","@id":"https:\/\/pet24.md\/product\/club-4-paws-premium-vlazhnyj-korm-dlya-vzroslyh-koshek-s-krolikom-v-zhele-upakovka-24-sht-01-kg\/#primaryimage","url":"https:\/\/pet24.md\/wp-content\/uploads\/2024\/09\/korm-dlya-vzroslyh-koshek-s-krolikom-v-zhele.webp","contentUrl":"https:\/\/pet24.md\/wp-content\/uploads\/2024\/09\/korm-dlya-vzroslyh-koshek-s-krolikom-v-zhele.webp","width":600,"height":600,"caption":"korm dlya vzroslyh koshek s krolikom v zhele"},{"@type":"BreadcrumbList","@id":"https:\/\/pet24.md\/product\/club-4-paws-premium-vlazhnyj-korm-dlya-vzroslyh-koshek-s-krolikom-v-zhele-upakovka-24-sht-01-kg\/#breadcrumb","itemListElement":[{"@type":"ListItem","position":1,"name":"\u0413\u043b\u0430\u0432\u043d\u0430\u044f \u0441\u0442\u0440\u0430\u043d\u0438\u0446\u0430","item":"https:\/\/pet24.md\/"},{"@type":"ListItem","position":2,"name":"\u041c\u0430\u0433\u0430\u0437\u0438\u043d","item":"https:\/\/pet24.md\/shop\/"},{"@type":"ListItem","position":3,"name":"CLUB 4 PAWS \u041f\u0440\u0435\u043c\u0438\u0443\u043c \u0412\u043b\u0430\u0436\u043d\u044b\u0439 \u043a\u043e\u0440\u043c \u0434\u043b\u044f \u043a\u043e\u0448\u0435\u043a \u0441 \u041a\u0440\u043e\u043b\u0438\u043a\u043e\u043c \u0432 \u0436\u0435\u043b\u0435. 24 \u0448\u0442. * 0,1 \u043a\u0433"}]},{"@type":"WebSite","@id":"https:\/\/pet24.md\/#website","url":"https:\/\/pet24.md\/","name":"Pet24","description":"Magazin de animale de companie","publisher":{"@id":"https:\/\/pet24.md\/#organization"},"potentialAction":[{"@type":"SearchAction","target":{"@type":"EntryPoint","urlTemplate":"https:\/\/pet24.md\/?s={search_term_string}"},"query-input":{"@type":"PropertyValueSpecification","valueRequired":true,"valueName":"search_term_string"}}],"inLanguage":"ro-RO"},{"@type":"Organization","@id":"https:\/\/pet24.md\/#organization","name":"Pet24","url":"https:\/\/pet24.md\/","logo":{"@type":"ImageObject","inLanguage":"ro-RO","@id":"https:\/\/pet24.md\/#\/schema\/logo\/image\/","url":"https:\/\/pet24.md\/wp-content\/uploads\/2024\/09\/logo.svg","contentUrl":"https:\/\/pet24.md\/wp-content\/uploads\/2024\/09\/logo.svg","width":215,"height":66,"caption":"Pet24"},"image":{"@id":"https:\/\/pet24.md\/#\/schema\/logo\/image\/"},"sameAs":["https:\/\/www.facebook.com\/pet24.md","https:\/\/www.instagram.com\/pet24.md\/"],"telephone":"+37360508880"}]}},"_links":{"self":[{"href":"https:\/\/pet24.md\/ro\/wp-json\/wp\/v2\/product\/21344","targetHints":{"allow":["GET"]}}],"collection":[{"href":"https:\/\/pet24.md\/ro\/wp-json\/wp\/v2\/product"}],"about":[{"href":"https:\/\/pet24.md\/ro\/wp-json\/wp\/v2\/types\/product"}],"replies":[{"embeddable":true,"href":"https:\/\/pet24.md\/ro\/wp-json\/wp\/v2\/comments?post=21344"}],"wp:featuredmedia":[{"embeddable":true,"href":"https:\/\/pet24.md\/ro\/wp-json\/wp\/v2\/media\/90048"}],"wp:attachment":[{"href":"https:\/\/pet24.md\/ro\/wp-json\/wp\/v2\/media?parent=21344"}],"wp:term":[{"taxonomy":"product_brand","embeddable":true,"href":"https:\/\/pet24.md\/ro\/wp-json\/wp\/v2\/product_brand?post=21344"},{"taxonomy":"product_cat","embeddable":true,"href":"https:\/\/pet24.md\/ro\/wp-json\/wp\/v2\/product_cat?post=21344"},{"taxonomy":"product_tag","embeddable":true,"href":"https:\/\/pet24.md\/ro\/wp-json\/wp\/v2\/product_tag?post=21344"}],"curies":[{"name":"wp","href":"https:\/\/api.w.org\/{rel}","templated":true}]}}