{"id":21393,"date":"2023-03-28T17:01:53","date_gmt":"2023-03-28T17:01:53","guid":{"rendered":"https:\/\/pet24.md\/?post_type=product&#038;p=21393"},"modified":"2024-09-22T22:12:00","modified_gmt":"2024-09-22T22:12:00","slug":"club-4-paws-premium-suhoj-korm-dlya-vzroslyh-koshek-s-krolikom-2-kg","status":"publish","type":"product","link":"https:\/\/pet24.md\/ro\/produs\/club-4-paws-premium-suhoj-korm-dlya-vzroslyh-koshek-s-krolikom-2-kg\/","title":{"rendered":"CLUB 4 PAWS Premium Hrana uscata pentru pisici adulte cu iepure. 2 kg"},"content":{"rendered":"<p><strong>CLUB 4 LABE PREMIUM \u201eCU IEPURE\u201d. Hrana uscata completa pentru pisici adulte<\/strong><\/p>\n<p><strong>Dieta uscat\u0103 premium con\u021bine 26% de ingrediente din carne, inclusiv 22% de pui \u0219i 4% de iepure. Este \u00eembog\u0103\u021bit cu complex Omega 3 + Omega 6 pentru o piele s\u0103n\u0103toas\u0103 \u0219i o blan\u0103 str\u0103lucitoare, precum \u0219i cu formula INTEGRAMIX pentru s\u0103n\u0103tatea general\u0103 a animalului t\u0103u de companie.<\/strong><\/p>\n<p><strong>AVANTAJE:<\/strong><br \/>\n<strong>\u2014 32\/15 \u2013 formul\u0103 echilibrat\u0103 pentru hr\u0103nirea zilnic\u0103<\/strong><br \/>\n<strong>\u2014 Pentru pisici adulte de la 1 an<\/strong><br \/>\n<strong>\u2014 Ingredientele din carne sunt pe primul loc \u00een compozi\u021bie<\/strong><br \/>\n<strong>\u2014 Un amestec de tocoferoli ca antioxidant natural<\/strong><br \/>\n<strong>\u2014 Vitaminele D3, E, B1, B5, oligoelemente \u0219i aminoacizi<\/strong><br \/>\n<strong>\u2014 Omega 3 + Omega 6 pentru piele s\u0103n\u0103toas\u0103 \u0219i blan\u0103 str\u0103lucitoare<\/strong><br \/>\n<strong>\u2014 Formula INTEGRAMIX: ro\u0219ii uscate, ghimbir, p\u0103ducel \u0219i banane \u2013 pentru s\u0103n\u0103tatea general\u0103 a animalului de companie<\/strong><br \/>\n<strong>\u2014 F\u0103r\u0103 arome sau culori artificiale<\/strong><\/p>\n<p><strong>COMPUS<\/strong>: f\u0103in\u0103 de pui 22%, porumb, gluten de porumb, orz, orez, gr\u0103sime de pas\u0103re (cu adaos de tocoferoli), f\u0103in\u0103 de iepure 4%, protein\u0103 animal\u0103 hidrolizat\u0103, fibre de sfecl\u0103, minerale, ulei de somon 0,5%, semin\u021be de in 0,44%, drojdie de bere*, banane. TP3T, ro\u0219ii* 0,2%, p\u0103ducel* 0,065%, ghimbir* 0,01%.<\/p>\n<p><strong>ADITIVI (la 1 kg de furaj):<\/strong> Vitamina A (3a672a): 12.000 UI, Vitamina D3 (3a671): 1.200 UI, Vitamina E (3a700): 600 mg, Vitamina C (3a300): 300 mg, Vitamina K3 (3a710): 1,2 mg, Vitamina B1 (3a820) : 5,94 mg, Vitamina B2 (riboflavin\u0103): 4,5 mg, D-pantotenat de calciu (3a841): 4,8 mg, Niacin\u0103 (3a314): 42,7 mg, Vitamina B6 (3a831): 3,56 mg, acid folic (3a316): 1,1 mg , Vitamina B12 (cianocobalamina): 0,16 mg, biotin\u0103 (3a880): 0,08 mg, clorur\u0103 de colin\u0103 (3a890) 60 %: 3,7 g , zinc (3b604): 163,5 mg, cupru (3b405): (8,3 mg, ta370) 2.400 mg, DL-metionin\u0103 (3c301): 4.600 mg, antioxidan\u021bi, conservant permis \u00een UE. *Ingrediente naturale, uscate.<\/p>\n<p><strong>VALOAREA NUTRI\u021aIONAL\u0102 (componente analitice) a furajelor<\/strong>: protein\u0103 brut\u0103 32%, gr\u0103sime brut\u0103 15%, cenu\u0219\u0103 brut\u0103 7%, fibre brute 2%, calciu 1%, fosfor 0,8%, acizi gra\u0219i omega-3 0,36%, acizi gra\u0219i omega-6TP3T.11<\/p>\n<p><strong>Valoarea energetic\u0103 (con\u021binutul caloric) la 100 g de furaj:<\/strong> 1.605,74 kJ (383,78 kcal).<\/p>\n<p>A se p\u0103stra \u00eentr-un loc \u00eentunecat, \u00eentr-un ambalaj \u00eenchis, la o temperatur\u0103 de la +5 \u00ba\u0421 p\u00e2n\u0103 la +25 \u00ba\u0421 \u0219i o umiditate relativ\u0103 de cel mult 75 %.<\/p>\n<p><strong>Recomand\u0103ri de hr\u0103nire:<\/strong>Alimentele trebuie introduse \u00een alimenta\u021bie treptat (cel pu\u021bin \u00een primele 5 zile). Ofer\u0103 animalului t\u0103u acces constant la ap\u0103 de b\u0103ut curat\u0103 \u0219i proasp\u0103t\u0103. Ratele individuale de hr\u0103nire pot varia \u00een func\u021bie de v\u00e2rsta animalului, rasa, nivelul de activitate \u0219i habitatul. Combina\u021bi hr\u0103nirea cu hrana umed\u0103 CLUB 4 PAWS pentru pisici adulte. Pe ambalaj sunt indicate data fabrica\u021biei, data p\u00e2n\u0103 la \u201eutilizare\u201d, num\u0103rul lotului, num\u0103rul certificatului de \u00eenregistrare.<\/p>","protected":false},"excerpt":{"rendered":"<p>CLUB 4 PAWS \u041f\u0420\u0415\u041c\u0418\u0423\u041c &#171;\u0421 \u041a\u0420\u041e\u041b\u0418\u041a\u041e\u041c&#187;. \u041f\u041e\u041b\u041d\u041e\u0420\u0410\u0426\u0418\u041e\u041d\u041d\u042b\u0419 \u0421\u0423\u0425\u041e\u0419 \u041a\u041e\u0420\u041c \u0414\u041b\u042f \u0412\u0417\u0420\u041e\u0421\u041b\u042b\u0425 \u041a\u041e\u0428\u0415\u041a \u0421\u0443\u0445\u043e\u0439 \u043f\u0440\u0435\u043c\u0438\u0443\u043c-\u0440\u0430\u0446\u0438\u043e\u043d \u0441\u043e\u0434\u0435\u0440\u0436\u0438\u0442 26% \u043c\u044f\u0441\u043d\u044b\u0445 \u0438\u043d\u0433\u0440\u0435\u0434\u0438\u0435\u043d\u0442\u043e\u0432, \u0432\u043a\u043b\u044e\u0447\u0430\u044f 22% \u043a\u0443\u0440\u0438\u0446\u044b \u0438&hellip;<\/p>","protected":false},"featured_media":91723,"comment_status":"closed","ping_status":"closed","template":"","meta":[],"product_brand":[],"product_cat":[309,193,320],"product_tag":[412,325],"class_list":{"0":"post-21393","1":"product","2":"type-product","3":"status-publish","4":"has-post-thumbnail","6":"product_cat-catfood","7":"product_cat-cat","8":"product_cat-catdry","9":"product_tag-club-4-paws","10":"product_tag-suhoj-korm","11":"pa_age-pet-vzroslyj","12":"pa_brand-club-4-paws","13":"pa_feed-class-premium","14":"pa_meat-ingredients-krolik","15":"pa_packaging-meshok","16":"pa_pet-koshka","17":"pa_pet-feature-zdorovyj-pitomecz","18":"pa_type-feed-suhoj-korm","19":"pa_weight-2-kg","21":"first","22":"instock","23":"product-type-simple"},"yoast_head":"<!-- This site is optimized with the Yoast SEO Premium plugin v23.7 (Yoast SEO v27.5) - https:\/\/yoast.com\/product\/yoast-seo-premium-wordpress\/ -->\n<title>CLUB 4 PAWS \u041f\u0440\u0435\u043c\u0438\u0443\u043c \u0421\u0443\u0445\u043e\u0439 \u043a\u043e\u0440\u043c \u0434\u043b\u044f \u0432\u0437\u0440\u043e\u0441\u043b\u044b\u0445 \u043a\u043e\u0448\u0435\u043a \u0441 \u043a\u0440\u043e\u043b\u0438\u043a\u043e\u043c. 2 \u043a\u0433<\/title>\n<meta name=\"description\" content=\"\u041a\u0443\u043f\u0438\u0442\u044c CLUB 4 PAWS \u041f\u0440\u0435\u043c\u0438\u0443\u043c \u0421\u0443\u0445\u043e\u0439 \u043a\u043e\u0440\u043c \u0434\u043b\u044f \u0432\u0437\u0440\u043e\u0441\u043b\u044b\u0445 \u043a\u043e\u0448\u0435\u043a \u0441 \u043a\u0440\u043e\u043b\u0438\u043a\u043e\u043c. 2 \u043a\u0433 \u0441 \u0434\u043e\u0441\u0442\u0430\u0432\u043a\u043e\u0439 \u043f\u043e \u041a\u0438\u0448\u0438\u043d\u0435\u0432\u0443 \u0438 \u0432\u0441\u0435\u0439 \u041c\u043e\u043b\u0434\u043e\u0432\u0435 \u043d\u0430 Pet24\" \/>\n<meta name=\"robots\" content=\"index, follow, max-snippet:-1, max-image-preview:large, max-video-preview:-1\" \/>\n<link rel=\"canonical\" href=\"https:\/\/pet24.md\/ro\/produs\/club-4-paws-premium-suhoj-korm-dlya-vzroslyh-koshek-s-krolikom-2-kg\/\" \/>\n<meta property=\"og:locale\" content=\"ro_RO\" \/>\n<meta property=\"og:type\" content=\"article\" \/>\n<meta property=\"og:title\" content=\"CLUB 4 PAWS \u041f\u0440\u0435\u043c\u0438\u0443\u043c \u0421\u0443\u0445\u043e\u0439 \u043a\u043e\u0440\u043c \u0434\u043b\u044f \u0432\u0437\u0440\u043e\u0441\u043b\u044b\u0445 \u043a\u043e\u0448\u0435\u043a \u0441 \u043a\u0440\u043e\u043b\u0438\u043a\u043e\u043c. 2 \u043a\u0433\" \/>\n<meta property=\"og:description\" content=\"\u041a\u0443\u043f\u0438\u0442\u044c CLUB 4 PAWS \u041f\u0440\u0435\u043c\u0438\u0443\u043c \u0421\u0443\u0445\u043e\u0439 \u043a\u043e\u0440\u043c \u0434\u043b\u044f \u0432\u0437\u0440\u043e\u0441\u043b\u044b\u0445 \u043a\u043e\u0448\u0435\u043a \u0441 \u043a\u0440\u043e\u043b\u0438\u043a\u043e\u043c. 2 \u043a\u0433 \u0441 \u0434\u043e\u0441\u0442\u0430\u0432\u043a\u043e\u0439 \u043f\u043e \u041a\u0438\u0448\u0438\u043d\u0435\u0432\u0443 \u0438 \u0432\u0441\u0435\u0439 \u041c\u043e\u043b\u0434\u043e\u0432\u0435 \u043d\u0430 Pet24\" \/>\n<meta property=\"og:url\" content=\"https:\/\/pet24.md\/ro\/produs\/club-4-paws-premium-suhoj-korm-dlya-vzroslyh-koshek-s-krolikom-2-kg\/\" \/>\n<meta property=\"og:site_name\" content=\"Pet24\" \/>\n<meta property=\"article:publisher\" content=\"https:\/\/www.facebook.com\/pet24.md\" \/>\n<meta property=\"article:modified_time\" content=\"2024-09-22T22:12:00+00:00\" \/>\n<meta property=\"og:image\" content=\"https:\/\/pet24.md\/wp-content\/uploads\/2023\/10\/club-4-paws-premium-suhoj-korm-dlya-vzroslyh-koshek-s-krolikom-2-kg.png\" \/>\n\t<meta property=\"og:image:width\" content=\"600\" \/>\n\t<meta property=\"og:image:height\" content=\"600\" \/>\n\t<meta property=\"og:image:type\" content=\"image\/png\" \/>\n<meta name=\"twitter:card\" content=\"summary_large_image\" \/>\n<script type=\"application\/ld+json\" class=\"yoast-schema-graph\">{\"@context\":\"https:\\\/\\\/schema.org\",\"@graph\":[{\"@type\":\"WebPage\",\"@id\":\"https:\\\/\\\/pet24.md\\\/product\\\/club-4-paws-premium-suhoj-korm-dlya-vzroslyh-koshek-s-krolikom-2-kg\\\/\",\"url\":\"https:\\\/\\\/pet24.md\\\/product\\\/club-4-paws-premium-suhoj-korm-dlya-vzroslyh-koshek-s-krolikom-2-kg\\\/\",\"name\":\"CLUB 4 PAWS \u041f\u0440\u0435\u043c\u0438\u0443\u043c \u0421\u0443\u0445\u043e\u0439 \u043a\u043e\u0440\u043c \u0434\u043b\u044f \u0432\u0437\u0440\u043e\u0441\u043b\u044b\u0445 \u043a\u043e\u0448\u0435\u043a \u0441 \u043a\u0440\u043e\u043b\u0438\u043a\u043e\u043c. 2 \u043a\u0433\",\"isPartOf\":{\"@id\":\"https:\\\/\\\/pet24.md\\\/#website\"},\"primaryImageOfPage\":{\"@id\":\"https:\\\/\\\/pet24.md\\\/product\\\/club-4-paws-premium-suhoj-korm-dlya-vzroslyh-koshek-s-krolikom-2-kg\\\/#primaryimage\"},\"image\":{\"@id\":\"https:\\\/\\\/pet24.md\\\/product\\\/club-4-paws-premium-suhoj-korm-dlya-vzroslyh-koshek-s-krolikom-2-kg\\\/#primaryimage\"},\"thumbnailUrl\":\"https:\\\/\\\/pet24.md\\\/wp-content\\\/uploads\\\/2023\\\/10\\\/club-4-paws-premium-suhoj-korm-dlya-vzroslyh-koshek-s-krolikom-2-kg.png\",\"datePublished\":\"2023-03-28T17:01:53+00:00\",\"dateModified\":\"2024-09-22T22:12:00+00:00\",\"description\":\"\u041a\u0443\u043f\u0438\u0442\u044c CLUB 4 PAWS \u041f\u0440\u0435\u043c\u0438\u0443\u043c \u0421\u0443\u0445\u043e\u0439 \u043a\u043e\u0440\u043c \u0434\u043b\u044f \u0432\u0437\u0440\u043e\u0441\u043b\u044b\u0445 \u043a\u043e\u0448\u0435\u043a \u0441 \u043a\u0440\u043e\u043b\u0438\u043a\u043e\u043c. 2 \u043a\u0433 \u0441 \u0434\u043e\u0441\u0442\u0430\u0432\u043a\u043e\u0439 \u043f\u043e \u041a\u0438\u0448\u0438\u043d\u0435\u0432\u0443 \u0438 \u0432\u0441\u0435\u0439 \u041c\u043e\u043b\u0434\u043e\u0432\u0435 \u043d\u0430 Pet24\",\"breadcrumb\":{\"@id\":\"https:\\\/\\\/pet24.md\\\/product\\\/club-4-paws-premium-suhoj-korm-dlya-vzroslyh-koshek-s-krolikom-2-kg\\\/#breadcrumb\"},\"inLanguage\":\"ro-RO\",\"potentialAction\":[{\"@type\":\"ReadAction\",\"target\":[\"https:\\\/\\\/pet24.md\\\/product\\\/club-4-paws-premium-suhoj-korm-dlya-vzroslyh-koshek-s-krolikom-2-kg\\\/\"]}]},{\"@type\":\"ImageObject\",\"inLanguage\":\"ro-RO\",\"@id\":\"https:\\\/\\\/pet24.md\\\/product\\\/club-4-paws-premium-suhoj-korm-dlya-vzroslyh-koshek-s-krolikom-2-kg\\\/#primaryimage\",\"url\":\"https:\\\/\\\/pet24.md\\\/wp-content\\\/uploads\\\/2023\\\/10\\\/club-4-paws-premium-suhoj-korm-dlya-vzroslyh-koshek-s-krolikom-2-kg.png\",\"contentUrl\":\"https:\\\/\\\/pet24.md\\\/wp-content\\\/uploads\\\/2023\\\/10\\\/club-4-paws-premium-suhoj-korm-dlya-vzroslyh-koshek-s-krolikom-2-kg.png\",\"width\":600,\"height\":600},{\"@type\":\"BreadcrumbList\",\"@id\":\"https:\\\/\\\/pet24.md\\\/product\\\/club-4-paws-premium-suhoj-korm-dlya-vzroslyh-koshek-s-krolikom-2-kg\\\/#breadcrumb\",\"itemListElement\":[{\"@type\":\"ListItem\",\"position\":1,\"name\":\"\u0413\u043b\u0430\u0432\u043d\u0430\u044f \u0441\u0442\u0440\u0430\u043d\u0438\u0446\u0430\",\"item\":\"https:\\\/\\\/pet24.md\\\/\"},{\"@type\":\"ListItem\",\"position\":2,\"name\":\"\u041c\u0430\u0433\u0430\u0437\u0438\u043d\",\"item\":\"https:\\\/\\\/pet24.md\\\/shop\\\/\"},{\"@type\":\"ListItem\",\"position\":3,\"name\":\"CLUB 4 PAWS \u041f\u0440\u0435\u043c\u0438\u0443\u043c \u0421\u0443\u0445\u043e\u0439 \u043a\u043e\u0440\u043c \u0434\u043b\u044f \u0432\u0437\u0440\u043e\u0441\u043b\u044b\u0445 \u043a\u043e\u0448\u0435\u043a \u0441 \u043a\u0440\u043e\u043b\u0438\u043a\u043e\u043c. 2 \u043a\u0433\"}]},{\"@type\":\"WebSite\",\"@id\":\"https:\\\/\\\/pet24.md\\\/#website\",\"url\":\"https:\\\/\\\/pet24.md\\\/\",\"name\":\"Pet24\",\"description\":\"\u0417\u043e\u043e\u043c\u0430\u0433\u0430\u0437\u0438\u043d \u0442\u043e\u0432\u0430\u0440\u043e\u0432 \u0434\u043b\u044f \u0434\u043e\u043c\u0430\u0448\u043d\u0438\u0445 \u043f\u0438\u0442\u043e\u043c\u0446\u0435\u0432\",\"publisher\":{\"@id\":\"https:\\\/\\\/pet24.md\\\/#organization\"},\"potentialAction\":[{\"@type\":\"SearchAction\",\"target\":{\"@type\":\"EntryPoint\",\"urlTemplate\":\"https:\\\/\\\/pet24.md\\\/?s={search_term_string}\"},\"query-input\":{\"@type\":\"PropertyValueSpecification\",\"valueRequired\":true,\"valueName\":\"search_term_string\"}}],\"inLanguage\":\"ro-RO\"},{\"@type\":\"Organization\",\"@id\":\"https:\\\/\\\/pet24.md\\\/#organization\",\"name\":\"Pet24\",\"url\":\"https:\\\/\\\/pet24.md\\\/\",\"logo\":{\"@type\":\"ImageObject\",\"inLanguage\":\"ro-RO\",\"@id\":\"https:\\\/\\\/pet24.md\\\/#\\\/schema\\\/logo\\\/image\\\/\",\"url\":\"https:\\\/\\\/pet24.md\\\/wp-content\\\/uploads\\\/2024\\\/09\\\/logo.svg\",\"contentUrl\":\"https:\\\/\\\/pet24.md\\\/wp-content\\\/uploads\\\/2024\\\/09\\\/logo.svg\",\"width\":215,\"height\":66,\"caption\":\"Pet24\"},\"image\":{\"@id\":\"https:\\\/\\\/pet24.md\\\/#\\\/schema\\\/logo\\\/image\\\/\"},\"sameAs\":[\"https:\\\/\\\/www.facebook.com\\\/pet24.md\",\"https:\\\/\\\/www.instagram.com\\\/pet24.md\\\/\"],\"telephone\":\"+37360508880\"}]}<\/script>\n<!-- \/ Yoast SEO Premium plugin. -->","yoast_head_json":{"title":"CLUB 4 PAWS Premium Hrana uscata pentru pisici adulte cu iepure. 2 kg","description":"\u041a\u0443\u043f\u0438\u0442\u044c CLUB 4 PAWS \u041f\u0440\u0435\u043c\u0438\u0443\u043c \u0421\u0443\u0445\u043e\u0439 \u043a\u043e\u0440\u043c \u0434\u043b\u044f \u0432\u0437\u0440\u043e\u0441\u043b\u044b\u0445 \u043a\u043e\u0448\u0435\u043a \u0441 \u043a\u0440\u043e\u043b\u0438\u043a\u043e\u043c. 2 \u043a\u0433 \u0441 \u0434\u043e\u0441\u0442\u0430\u0432\u043a\u043e\u0439 \u043f\u043e \u041a\u0438\u0448\u0438\u043d\u0435\u0432\u0443 \u0438 \u0432\u0441\u0435\u0439 \u041c\u043e\u043b\u0434\u043e\u0432\u0435 \u043d\u0430 Pet24","robots":{"index":"index","follow":"follow","max-snippet":"max-snippet:-1","max-image-preview":"max-image-preview:large","max-video-preview":"max-video-preview:-1"},"canonical":"https:\/\/pet24.md\/ro\/produs\/club-4-paws-premium-suhoj-korm-dlya-vzroslyh-koshek-s-krolikom-2-kg\/","og_locale":"ro_RO","og_type":"article","og_title":"CLUB 4 PAWS \u041f\u0440\u0435\u043c\u0438\u0443\u043c \u0421\u0443\u0445\u043e\u0439 \u043a\u043e\u0440\u043c \u0434\u043b\u044f \u0432\u0437\u0440\u043e\u0441\u043b\u044b\u0445 \u043a\u043e\u0448\u0435\u043a \u0441 \u043a\u0440\u043e\u043b\u0438\u043a\u043e\u043c. 2 \u043a\u0433","og_description":"\u041a\u0443\u043f\u0438\u0442\u044c CLUB 4 PAWS \u041f\u0440\u0435\u043c\u0438\u0443\u043c \u0421\u0443\u0445\u043e\u0439 \u043a\u043e\u0440\u043c \u0434\u043b\u044f \u0432\u0437\u0440\u043e\u0441\u043b\u044b\u0445 \u043a\u043e\u0448\u0435\u043a \u0441 \u043a\u0440\u043e\u043b\u0438\u043a\u043e\u043c. 2 \u043a\u0433 \u0441 \u0434\u043e\u0441\u0442\u0430\u0432\u043a\u043e\u0439 \u043f\u043e \u041a\u0438\u0448\u0438\u043d\u0435\u0432\u0443 \u0438 \u0432\u0441\u0435\u0439 \u041c\u043e\u043b\u0434\u043e\u0432\u0435 \u043d\u0430 Pet24","og_url":"https:\/\/pet24.md\/ro\/produs\/club-4-paws-premium-suhoj-korm-dlya-vzroslyh-koshek-s-krolikom-2-kg\/","og_site_name":"Pet24","article_publisher":"https:\/\/www.facebook.com\/pet24.md","article_modified_time":"2024-09-22T22:12:00+00:00","og_image":[{"width":600,"height":600,"url":"https:\/\/pet24.md\/wp-content\/uploads\/2023\/10\/club-4-paws-premium-suhoj-korm-dlya-vzroslyh-koshek-s-krolikom-2-kg.png","type":"image\/png"}],"twitter_card":"summary_large_image","schema":{"@context":"https:\/\/schema.org","@graph":[{"@type":"WebPage","@id":"https:\/\/pet24.md\/product\/club-4-paws-premium-suhoj-korm-dlya-vzroslyh-koshek-s-krolikom-2-kg\/","url":"https:\/\/pet24.md\/product\/club-4-paws-premium-suhoj-korm-dlya-vzroslyh-koshek-s-krolikom-2-kg\/","name":"CLUB 4 PAWS Premium Hrana uscata pentru pisici adulte cu iepure. 2 kg","isPartOf":{"@id":"https:\/\/pet24.md\/#website"},"primaryImageOfPage":{"@id":"https:\/\/pet24.md\/product\/club-4-paws-premium-suhoj-korm-dlya-vzroslyh-koshek-s-krolikom-2-kg\/#primaryimage"},"image":{"@id":"https:\/\/pet24.md\/product\/club-4-paws-premium-suhoj-korm-dlya-vzroslyh-koshek-s-krolikom-2-kg\/#primaryimage"},"thumbnailUrl":"https:\/\/pet24.md\/wp-content\/uploads\/2023\/10\/club-4-paws-premium-suhoj-korm-dlya-vzroslyh-koshek-s-krolikom-2-kg.png","datePublished":"2023-03-28T17:01:53+00:00","dateModified":"2024-09-22T22:12:00+00:00","description":"\u041a\u0443\u043f\u0438\u0442\u044c CLUB 4 PAWS \u041f\u0440\u0435\u043c\u0438\u0443\u043c \u0421\u0443\u0445\u043e\u0439 \u043a\u043e\u0440\u043c \u0434\u043b\u044f \u0432\u0437\u0440\u043e\u0441\u043b\u044b\u0445 \u043a\u043e\u0448\u0435\u043a \u0441 \u043a\u0440\u043e\u043b\u0438\u043a\u043e\u043c. 2 \u043a\u0433 \u0441 \u0434\u043e\u0441\u0442\u0430\u0432\u043a\u043e\u0439 \u043f\u043e \u041a\u0438\u0448\u0438\u043d\u0435\u0432\u0443 \u0438 \u0432\u0441\u0435\u0439 \u041c\u043e\u043b\u0434\u043e\u0432\u0435 \u043d\u0430 Pet24","breadcrumb":{"@id":"https:\/\/pet24.md\/product\/club-4-paws-premium-suhoj-korm-dlya-vzroslyh-koshek-s-krolikom-2-kg\/#breadcrumb"},"inLanguage":"ro-RO","potentialAction":[{"@type":"ReadAction","target":["https:\/\/pet24.md\/product\/club-4-paws-premium-suhoj-korm-dlya-vzroslyh-koshek-s-krolikom-2-kg\/"]}]},{"@type":"ImageObject","inLanguage":"ro-RO","@id":"https:\/\/pet24.md\/product\/club-4-paws-premium-suhoj-korm-dlya-vzroslyh-koshek-s-krolikom-2-kg\/#primaryimage","url":"https:\/\/pet24.md\/wp-content\/uploads\/2023\/10\/club-4-paws-premium-suhoj-korm-dlya-vzroslyh-koshek-s-krolikom-2-kg.png","contentUrl":"https:\/\/pet24.md\/wp-content\/uploads\/2023\/10\/club-4-paws-premium-suhoj-korm-dlya-vzroslyh-koshek-s-krolikom-2-kg.png","width":600,"height":600},{"@type":"BreadcrumbList","@id":"https:\/\/pet24.md\/product\/club-4-paws-premium-suhoj-korm-dlya-vzroslyh-koshek-s-krolikom-2-kg\/#breadcrumb","itemListElement":[{"@type":"ListItem","position":1,"name":"\u0413\u043b\u0430\u0432\u043d\u0430\u044f \u0441\u0442\u0440\u0430\u043d\u0438\u0446\u0430","item":"https:\/\/pet24.md\/"},{"@type":"ListItem","position":2,"name":"\u041c\u0430\u0433\u0430\u0437\u0438\u043d","item":"https:\/\/pet24.md\/shop\/"},{"@type":"ListItem","position":3,"name":"CLUB 4 PAWS \u041f\u0440\u0435\u043c\u0438\u0443\u043c \u0421\u0443\u0445\u043e\u0439 \u043a\u043e\u0440\u043c \u0434\u043b\u044f \u0432\u0437\u0440\u043e\u0441\u043b\u044b\u0445 \u043a\u043e\u0448\u0435\u043a \u0441 \u043a\u0440\u043e\u043b\u0438\u043a\u043e\u043c. 2 \u043a\u0433"}]},{"@type":"WebSite","@id":"https:\/\/pet24.md\/#website","url":"https:\/\/pet24.md\/","name":"Pet24","description":"Magazin de animale de companie","publisher":{"@id":"https:\/\/pet24.md\/#organization"},"potentialAction":[{"@type":"SearchAction","target":{"@type":"EntryPoint","urlTemplate":"https:\/\/pet24.md\/?s={search_term_string}"},"query-input":{"@type":"PropertyValueSpecification","valueRequired":true,"valueName":"search_term_string"}}],"inLanguage":"ro-RO"},{"@type":"Organization","@id":"https:\/\/pet24.md\/#organization","name":"Pet24","url":"https:\/\/pet24.md\/","logo":{"@type":"ImageObject","inLanguage":"ro-RO","@id":"https:\/\/pet24.md\/#\/schema\/logo\/image\/","url":"https:\/\/pet24.md\/wp-content\/uploads\/2024\/09\/logo.svg","contentUrl":"https:\/\/pet24.md\/wp-content\/uploads\/2024\/09\/logo.svg","width":215,"height":66,"caption":"Pet24"},"image":{"@id":"https:\/\/pet24.md\/#\/schema\/logo\/image\/"},"sameAs":["https:\/\/www.facebook.com\/pet24.md","https:\/\/www.instagram.com\/pet24.md\/"],"telephone":"+37360508880"}]}},"_links":{"self":[{"href":"https:\/\/pet24.md\/ro\/wp-json\/wp\/v2\/product\/21393","targetHints":{"allow":["GET"]}}],"collection":[{"href":"https:\/\/pet24.md\/ro\/wp-json\/wp\/v2\/product"}],"about":[{"href":"https:\/\/pet24.md\/ro\/wp-json\/wp\/v2\/types\/product"}],"replies":[{"embeddable":true,"href":"https:\/\/pet24.md\/ro\/wp-json\/wp\/v2\/comments?post=21393"}],"wp:featuredmedia":[{"embeddable":true,"href":"https:\/\/pet24.md\/ro\/wp-json\/wp\/v2\/media\/91723"}],"wp:attachment":[{"href":"https:\/\/pet24.md\/ro\/wp-json\/wp\/v2\/media?parent=21393"}],"wp:term":[{"taxonomy":"product_brand","embeddable":true,"href":"https:\/\/pet24.md\/ro\/wp-json\/wp\/v2\/product_brand?post=21393"},{"taxonomy":"product_cat","embeddable":true,"href":"https:\/\/pet24.md\/ro\/wp-json\/wp\/v2\/product_cat?post=21393"},{"taxonomy":"product_tag","embeddable":true,"href":"https:\/\/pet24.md\/ro\/wp-json\/wp\/v2\/product_tag?post=21393"}],"curies":[{"name":"wp","href":"https:\/\/api.w.org\/{rel}","templated":true}]}}