{"id":25219,"date":"2023-09-20T16:39:06","date_gmt":"2023-09-20T16:39:06","guid":{"rendered":"https:\/\/pet24.md\/?post_type=product&#038;p=25219"},"modified":"2024-09-22T22:12:23","modified_gmt":"2024-09-22T22:12:23","slug":"collar-liker-lumi-myachik-igrushka-so-svetonakopitelnym-shnurom-dlya-sobak-9cm","status":"publish","type":"product","link":"https:\/\/pet24.md\/ro\/produs\/collar-liker-lumi-myachik-igrushka-so-svetonakopitelnym-shnurom-dlya-sobak-9cm\/","title":{"rendered":"Guler. Liker Lumi. Juc\u0103rie cu minge cu snur acumulator de lumin\u0103 pentru c\u00e2ini, 7cm"},"content":{"rendered":"<div class=\"\" data-bazooka=\"ToggleContent\" data-tc-max-height=\"150\" data-tc-more-text=\"\u041f\u043e\u043a\u0430\u0437\u0430\u0442\u044c \u0432\u0441\u0435\" data-tc-more-class=\"x-pseudo-link\" data-tc-toggle-class=\"x-product-page__description\" data-bazid=\"30\">\n<div class=\"toggleContent__container--17OFu\">\n<div class=\"x-user-content\">\n<div id=\"ZF1E1E342-EBD7-4335-80EA-C615736E755B\" data-extend=\"FlexibleTable\" data-qaid=\"product_description\">\n<h2>Zgarda Liker Lumi \u2013 Juc\u0103rie cu bile cu \u0219nur absorbant de lumin\u0103 pentru c\u00e2ini<\/h2>\n<h3>Caracteristici principale:<\/h3>\n<ul>\n<li><strong>Motiva\u021bia pentru joc<\/strong>: Liker Lumi este o juc\u0103rie ideal\u0103 pentru recompensarea \u0219i cre\u0219terea motiva\u021biei de a juca la c\u00e2ini.<\/li>\n<li><strong>Str\u0103luce\u0219te \u00een \u00eentuneric<\/strong>: Juc\u0103ria ta preferat\u0103 este acum pe un cablu care acumuleaz\u0103 lumin\u0103 \u0219i str\u0103luce\u0219te \u00een \u00eentuneric, permi\u021b\u00e2ndu-\u021bi s\u0103 te joci cu animalul t\u0103u de companie chiar \u0219i pe timp de noapte.<\/li>\n<li><strong>Snur \u00eempletit<\/strong>: Principala caracteristic\u0103 distinctiv\u0103 a Liker Lumi este cordonul s\u0103u \u00eempletit, care este \u00eenc\u0103rcat de lumin\u0103 natural\u0103 \u0219i artificial\u0103. Timpul de \u00eenc\u0103rcare de doar 30 de minute ofer\u0103 p\u00e2n\u0103 la 60 de minute de str\u0103lucire.<\/li>\n<\/ul>\n<h3>Avantaje:<\/h3>\n<ul>\n<li><strong>Intensitatea antrenamentului<\/strong>: M\u0103re\u0219te intensitatea antrenamentului \u0219i ajut\u0103 la trucurile c\u00e2inilor.<\/li>\n<li><strong>Siguran\u021ba m\u00e2inilor<\/strong>: Un cordon special de cauciuc nu taie palma \u0219i creeaz\u0103 o distan\u021b\u0103 sigur\u0103 \u00eentre m\u00e2n\u0103 \u0219i din\u021bii c\u00e2inelui.<\/li>\n<li><strong>Jocuri de remorcher<\/strong>: Ideal pentru a juca jocuri de remorcher.<\/li>\n<li><strong>Aruncare lung\u0103<\/strong>: Arunc\u0103 u\u0219or pe distan\u021be lungi.<\/li>\n<li><strong>Cordon luminos<\/strong>: Str\u0103luce\u0219te \u00een \u00eentuneric, potrivit pentru a juca \u00een \u00eentuneric.<\/li>\n<\/ul>\n<h3>Material:<\/h3>\n<ul>\n<li><strong>Material unic<\/strong>: Liker Lumi combin\u0103 cele mai bune propriet\u0103\u021bi ale juc\u0103riilor pentru c\u00e2ini realizate din diverse materiale (cauciuc, plastic, nailon \u0219i bumbac).<\/li>\n<\/ul>\n<h3>Beneficii suplimentare:<\/h3>\n<ul>\n<li><strong>Lejeritate si manevrabilitate<\/strong>: Forma unic\u0103 a mingii poate schimba cu u\u0219urin\u021b\u0103 traiectoria atunci c\u00e2nd este aruncat\u0103, ad\u0103ug\u00e2nd emo\u021bie jocului. Nu se poate sparge sticla sau r\u0103sturna obiecte.<\/li>\n<li><strong>Flotabilitate<\/strong>: Mingea nu se scufund\u0103 \u0219i este vizibil\u0103 la 2\/3 deasupra suprafe\u021bei apei, ad\u0103ug\u00e2nd interes pentru jocurile de ap\u0103.<\/li>\n<li><strong>Siguran\u021b\u0103 \u0219i Igien\u0103<\/strong>: Materialul netoxic nu va afecta din\u021bii \u0219i gingiile c\u00e2inelui. Din\u021bii c\u00e2inelui sunt cur\u0103\u021ba\u021bi \u00een timp ce se joac\u0103, iar mingea murdar\u0103 este u\u0219or de cur\u0103\u021bat. Murd\u0103ria nu se lipe\u0219te de material, prevenind acumularea bacteriilor.<\/li>\n<li><strong>Rezisten\u0163\u0103<\/strong>: Materialul este rezistent la mu\u0219c\u0103turi, iar forma mingii \u00eel face dificil de mestecat. C\u00e2inele se bucur\u0103 \u0219i este ocupat mult timp.<\/li>\n<\/ul>\n<h3>Recomand\u0103ri:<\/h3>\n<ul>\n<li><strong>Joc controlat<\/strong>: Se recomand\u0103 jocul supravegheat pentru a \u00eempiedica animalul dvs. s\u0103 \u00eenghit\u0103 mingea sau p\u0103r\u021bi ale acesteia.<\/li>\n<li><strong>Cre\u0219te\u021bi dob\u00e2nda<\/strong>: Ascunde\u021bi Liker-ul dup\u0103 joac\u0103 pentru a v\u0103 men\u021bine c\u00e2inele interesat de fiecare sesiune de joac\u0103.<\/li>\n<\/ul>\n<\/div>\n<\/div>\n<\/div>\n<\/div>","protected":false},"excerpt":{"rendered":"<p>Exersa\u021bi-v\u0103 \u00een timp ce juca\u021bi chiar \u0219i \u00een \u00eentuneric.<\/p>","protected":false},"featured_media":89082,"comment_status":"closed","ping_status":"closed","template":"","meta":[],"product_brand":[],"product_cat":[136,163,164],"product_tag":[165,166],"class_list":{"0":"post-25219","1":"product","2":"type-product","3":"status-publish","4":"has-post-thumbnail","6":"product_cat-dog","7":"product_cat-dog-toys","8":"product_cat-dog-balls","9":"product_tag-collar","10":"product_tag-igrushki","11":"pa_age-pet-lyuboj-vozrast","12":"pa_brand-collar","13":"pa_breed-size-dlya-vseh-porod","14":"pa_diameter-sm-9-sm","15":"pa_pet-sobaka","17":"first","18":"outofstock","19":"product-type-simple"},"yoast_head":"<!-- This site is optimized with the Yoast SEO Premium plugin v23.7 (Yoast SEO v27.6) - https:\/\/yoast.com\/product\/yoast-seo-premium-wordpress\/ -->\n<title>Collar. Liker Lumi. \u041c\u044f\u0447\u0438\u043a-\u0438\u0433\u0440\u0443\u0448\u043a\u0430 \u0441\u043e \u0441\u0432\u0435\u0442\u043e\u043d\u0430\u043a\u043e\u043f\u0438\u0442\u0435\u043b\u044c\u043d\u044b\u043c \u0448\u043d\u0443\u0440\u043e\u043c \u0434\u043b\u044f \u0441\u043e\u0431\u0430\u043a 9cm<\/title>\n<meta name=\"description\" content=\"\u041a\u0443\u043f\u0438\u0442\u044c Collar. Liker Lumi. \u041c\u044f\u0447\u0438\u043a-\u0438\u0433\u0440\u0443\u0448\u043a\u0430 \u0441\u043e \u0441\u0432\u0435\u0442\u043e\u043d\u0430\u043a\u043e\u043f\u0438\u0442\u0435\u043b\u044c\u043d\u044b\u043c \u0448\u043d\u0443\u0440\u043e\u043c \u0434\u043b\u044f \u0441\u043e\u0431\u0430\u043a 9cm \u0441 \u0434\u043e\u0441\u0442\u0430\u0432\u043a\u043e\u0439 \u043f\u043e \u041a\u0438\u0448\u0438\u043d\u0435\u0432\u0443 \u0438 \u0432\u0441\u0435\u0439 \u041c\u043e\u043b\u0434\u043e\u0432\u0435 \u043d\u0430 Pet24\" \/>\n<meta name=\"robots\" content=\"index, follow, max-snippet:-1, max-image-preview:large, max-video-preview:-1\" \/>\n<link rel=\"canonical\" href=\"https:\/\/pet24.md\/ro\/produs\/collar-liker-lumi-myachik-igrushka-so-svetonakopitelnym-shnurom-dlya-sobak-9cm\/\" \/>\n<meta property=\"og:locale\" content=\"ro_RO\" \/>\n<meta property=\"og:type\" content=\"article\" \/>\n<meta property=\"og:title\" content=\"Collar. Liker Lumi. \u041c\u044f\u0447\u0438\u043a-\u0438\u0433\u0440\u0443\u0448\u043a\u0430 \u0441\u043e \u0441\u0432\u0435\u0442\u043e\u043d\u0430\u043a\u043e\u043f\u0438\u0442\u0435\u043b\u044c\u043d\u044b\u043c \u0448\u043d\u0443\u0440\u043e\u043c \u0434\u043b\u044f \u0441\u043e\u0431\u0430\u043a 9cm\" \/>\n<meta property=\"og:description\" content=\"\u041a\u0443\u043f\u0438\u0442\u044c Collar. Liker Lumi. \u041c\u044f\u0447\u0438\u043a-\u0438\u0433\u0440\u0443\u0448\u043a\u0430 \u0441\u043e \u0441\u0432\u0435\u0442\u043e\u043d\u0430\u043a\u043e\u043f\u0438\u0442\u0435\u043b\u044c\u043d\u044b\u043c \u0448\u043d\u0443\u0440\u043e\u043c \u0434\u043b\u044f \u0441\u043e\u0431\u0430\u043a 9cm \u0441 \u0434\u043e\u0441\u0442\u0430\u0432\u043a\u043e\u0439 \u043f\u043e \u041a\u0438\u0448\u0438\u043d\u0435\u0432\u0443 \u0438 \u0432\u0441\u0435\u0439 \u041c\u043e\u043b\u0434\u043e\u0432\u0435 \u043d\u0430 Pet24\" \/>\n<meta property=\"og:url\" content=\"https:\/\/pet24.md\/ro\/produs\/collar-liker-lumi-myachik-igrushka-so-svetonakopitelnym-shnurom-dlya-sobak-9cm\/\" \/>\n<meta property=\"og:site_name\" content=\"Pet24\" \/>\n<meta property=\"article:publisher\" content=\"https:\/\/www.facebook.com\/pet24.md\" \/>\n<meta property=\"article:modified_time\" content=\"2024-09-22T22:12:23+00:00\" \/>\n<meta property=\"og:image\" content=\"https:\/\/pet24.md\/wp-content\/uploads\/2024\/09\/collar-liker-lumi-myachik-igrushka-so-svetonakopitelnym-shnurom-dlya-sobak-5cm.webp\" \/>\n\t<meta property=\"og:image:width\" content=\"583\" \/>\n\t<meta property=\"og:image:height\" content=\"600\" \/>\n\t<meta property=\"og:image:type\" content=\"image\/webp\" \/>\n<meta name=\"twitter:card\" content=\"summary_large_image\" \/>\n<script type=\"application\/ld+json\" class=\"yoast-schema-graph\">{\"@context\":\"https:\\\/\\\/schema.org\",\"@graph\":[{\"@type\":\"WebPage\",\"@id\":\"https:\\\/\\\/pet24.md\\\/product\\\/collar-liker-lumi-myachik-igrushka-so-svetonakopitelnym-shnurom-dlya-sobak-9cm\\\/\",\"url\":\"https:\\\/\\\/pet24.md\\\/product\\\/collar-liker-lumi-myachik-igrushka-so-svetonakopitelnym-shnurom-dlya-sobak-9cm\\\/\",\"name\":\"Collar. Liker Lumi. \u041c\u044f\u0447\u0438\u043a-\u0438\u0433\u0440\u0443\u0448\u043a\u0430 \u0441\u043e \u0441\u0432\u0435\u0442\u043e\u043d\u0430\u043a\u043e\u043f\u0438\u0442\u0435\u043b\u044c\u043d\u044b\u043c \u0448\u043d\u0443\u0440\u043e\u043c \u0434\u043b\u044f \u0441\u043e\u0431\u0430\u043a 9cm\",\"isPartOf\":{\"@id\":\"https:\\\/\\\/pet24.md\\\/#website\"},\"primaryImageOfPage\":{\"@id\":\"https:\\\/\\\/pet24.md\\\/product\\\/collar-liker-lumi-myachik-igrushka-so-svetonakopitelnym-shnurom-dlya-sobak-9cm\\\/#primaryimage\"},\"image\":{\"@id\":\"https:\\\/\\\/pet24.md\\\/product\\\/collar-liker-lumi-myachik-igrushka-so-svetonakopitelnym-shnurom-dlya-sobak-9cm\\\/#primaryimage\"},\"thumbnailUrl\":\"https:\\\/\\\/pet24.md\\\/wp-content\\\/uploads\\\/2024\\\/09\\\/collar-liker-lumi-myachik-igrushka-so-svetonakopitelnym-shnurom-dlya-sobak-5cm.webp\",\"datePublished\":\"2023-09-20T16:39:06+00:00\",\"dateModified\":\"2024-09-22T22:12:23+00:00\",\"description\":\"\u041a\u0443\u043f\u0438\u0442\u044c Collar. Liker Lumi. \u041c\u044f\u0447\u0438\u043a-\u0438\u0433\u0440\u0443\u0448\u043a\u0430 \u0441\u043e \u0441\u0432\u0435\u0442\u043e\u043d\u0430\u043a\u043e\u043f\u0438\u0442\u0435\u043b\u044c\u043d\u044b\u043c \u0448\u043d\u0443\u0440\u043e\u043c \u0434\u043b\u044f \u0441\u043e\u0431\u0430\u043a 9cm \u0441 \u0434\u043e\u0441\u0442\u0430\u0432\u043a\u043e\u0439 \u043f\u043e \u041a\u0438\u0448\u0438\u043d\u0435\u0432\u0443 \u0438 \u0432\u0441\u0435\u0439 \u041c\u043e\u043b\u0434\u043e\u0432\u0435 \u043d\u0430 Pet24\",\"breadcrumb\":{\"@id\":\"https:\\\/\\\/pet24.md\\\/product\\\/collar-liker-lumi-myachik-igrushka-so-svetonakopitelnym-shnurom-dlya-sobak-9cm\\\/#breadcrumb\"},\"inLanguage\":\"ro-RO\",\"potentialAction\":[{\"@type\":\"ReadAction\",\"target\":[\"https:\\\/\\\/pet24.md\\\/product\\\/collar-liker-lumi-myachik-igrushka-so-svetonakopitelnym-shnurom-dlya-sobak-9cm\\\/\"]}]},{\"@type\":\"ImageObject\",\"inLanguage\":\"ro-RO\",\"@id\":\"https:\\\/\\\/pet24.md\\\/product\\\/collar-liker-lumi-myachik-igrushka-so-svetonakopitelnym-shnurom-dlya-sobak-9cm\\\/#primaryimage\",\"url\":\"https:\\\/\\\/pet24.md\\\/wp-content\\\/uploads\\\/2024\\\/09\\\/collar-liker-lumi-myachik-igrushka-so-svetonakopitelnym-shnurom-dlya-sobak-5cm.webp\",\"contentUrl\":\"https:\\\/\\\/pet24.md\\\/wp-content\\\/uploads\\\/2024\\\/09\\\/collar-liker-lumi-myachik-igrushka-so-svetonakopitelnym-shnurom-dlya-sobak-5cm.webp\",\"width\":583,\"height\":600,\"caption\":\"collar liker lumi myachik igrushka so svetonakopitelnym shnurom dlya sobak 5cm\"},{\"@type\":\"BreadcrumbList\",\"@id\":\"https:\\\/\\\/pet24.md\\\/product\\\/collar-liker-lumi-myachik-igrushka-so-svetonakopitelnym-shnurom-dlya-sobak-9cm\\\/#breadcrumb\",\"itemListElement\":[{\"@type\":\"ListItem\",\"position\":1,\"name\":\"\u0413\u043b\u0430\u0432\u043d\u0430\u044f \u0441\u0442\u0440\u0430\u043d\u0438\u0446\u0430\",\"item\":\"https:\\\/\\\/pet24.md\\\/\"},{\"@type\":\"ListItem\",\"position\":2,\"name\":\"\u041c\u0430\u0433\u0430\u0437\u0438\u043d\",\"item\":\"https:\\\/\\\/pet24.md\\\/shop\\\/\"},{\"@type\":\"ListItem\",\"position\":3,\"name\":\"Collar. Liker Lumi. \u041c\u044f\u0447\u0438\u043a-\u0438\u0433\u0440\u0443\u0448\u043a\u0430 \u0441\u043e \u0441\u0432\u0435\u0442\u043e\u043d\u0430\u043a\u043e\u043f\u0438\u0442\u0435\u043b\u044c\u043d\u044b\u043c \u0448\u043d\u0443\u0440\u043e\u043c \u0434\u043b\u044f \u0441\u043e\u0431\u0430\u043a 9cm\"}]},{\"@type\":\"WebSite\",\"@id\":\"https:\\\/\\\/pet24.md\\\/#website\",\"url\":\"https:\\\/\\\/pet24.md\\\/\",\"name\":\"Pet24\",\"description\":\"\u0417\u043e\u043e\u043c\u0430\u0433\u0430\u0437\u0438\u043d \u0442\u043e\u0432\u0430\u0440\u043e\u0432 \u0434\u043b\u044f \u0434\u043e\u043c\u0430\u0448\u043d\u0438\u0445 \u043f\u0438\u0442\u043e\u043c\u0446\u0435\u0432\",\"publisher\":{\"@id\":\"https:\\\/\\\/pet24.md\\\/#organization\"},\"potentialAction\":[{\"@type\":\"SearchAction\",\"target\":{\"@type\":\"EntryPoint\",\"urlTemplate\":\"https:\\\/\\\/pet24.md\\\/?s={search_term_string}\"},\"query-input\":{\"@type\":\"PropertyValueSpecification\",\"valueRequired\":true,\"valueName\":\"search_term_string\"}}],\"inLanguage\":\"ro-RO\"},{\"@type\":\"Organization\",\"@id\":\"https:\\\/\\\/pet24.md\\\/#organization\",\"name\":\"Pet24\",\"url\":\"https:\\\/\\\/pet24.md\\\/\",\"logo\":{\"@type\":\"ImageObject\",\"inLanguage\":\"ro-RO\",\"@id\":\"https:\\\/\\\/pet24.md\\\/#\\\/schema\\\/logo\\\/image\\\/\",\"url\":\"https:\\\/\\\/pet24.md\\\/wp-content\\\/uploads\\\/2024\\\/09\\\/logo.svg\",\"contentUrl\":\"https:\\\/\\\/pet24.md\\\/wp-content\\\/uploads\\\/2024\\\/09\\\/logo.svg\",\"width\":215,\"height\":66,\"caption\":\"Pet24\"},\"image\":{\"@id\":\"https:\\\/\\\/pet24.md\\\/#\\\/schema\\\/logo\\\/image\\\/\"},\"sameAs\":[\"https:\\\/\\\/www.facebook.com\\\/pet24.md\",\"https:\\\/\\\/www.instagram.com\\\/pet24.md\\\/\"],\"telephone\":\"+37360508880\"}]}<\/script>\n<!-- \/ Yoast SEO Premium plugin. -->","yoast_head_json":{"title":"Guler. Liker Lumi. Juc\u0103rie cu minge cu snur acumulator de lumin\u0103 pentru c\u00e2ini, 7cm","description":"\u041a\u0443\u043f\u0438\u0442\u044c Collar. Liker Lumi. \u041c\u044f\u0447\u0438\u043a-\u0438\u0433\u0440\u0443\u0448\u043a\u0430 \u0441\u043e \u0441\u0432\u0435\u0442\u043e\u043d\u0430\u043a\u043e\u043f\u0438\u0442\u0435\u043b\u044c\u043d\u044b\u043c \u0448\u043d\u0443\u0440\u043e\u043c \u0434\u043b\u044f \u0441\u043e\u0431\u0430\u043a 9cm \u0441 \u0434\u043e\u0441\u0442\u0430\u0432\u043a\u043e\u0439 \u043f\u043e \u041a\u0438\u0448\u0438\u043d\u0435\u0432\u0443 \u0438 \u0432\u0441\u0435\u0439 \u041c\u043e\u043b\u0434\u043e\u0432\u0435 \u043d\u0430 Pet24","robots":{"index":"index","follow":"follow","max-snippet":"max-snippet:-1","max-image-preview":"max-image-preview:large","max-video-preview":"max-video-preview:-1"},"canonical":"https:\/\/pet24.md\/ro\/produs\/collar-liker-lumi-myachik-igrushka-so-svetonakopitelnym-shnurom-dlya-sobak-9cm\/","og_locale":"ro_RO","og_type":"article","og_title":"Collar. Liker Lumi. \u041c\u044f\u0447\u0438\u043a-\u0438\u0433\u0440\u0443\u0448\u043a\u0430 \u0441\u043e \u0441\u0432\u0435\u0442\u043e\u043d\u0430\u043a\u043e\u043f\u0438\u0442\u0435\u043b\u044c\u043d\u044b\u043c \u0448\u043d\u0443\u0440\u043e\u043c \u0434\u043b\u044f \u0441\u043e\u0431\u0430\u043a 9cm","og_description":"\u041a\u0443\u043f\u0438\u0442\u044c Collar. Liker Lumi. \u041c\u044f\u0447\u0438\u043a-\u0438\u0433\u0440\u0443\u0448\u043a\u0430 \u0441\u043e \u0441\u0432\u0435\u0442\u043e\u043d\u0430\u043a\u043e\u043f\u0438\u0442\u0435\u043b\u044c\u043d\u044b\u043c \u0448\u043d\u0443\u0440\u043e\u043c \u0434\u043b\u044f \u0441\u043e\u0431\u0430\u043a 9cm \u0441 \u0434\u043e\u0441\u0442\u0430\u0432\u043a\u043e\u0439 \u043f\u043e \u041a\u0438\u0448\u0438\u043d\u0435\u0432\u0443 \u0438 \u0432\u0441\u0435\u0439 \u041c\u043e\u043b\u0434\u043e\u0432\u0435 \u043d\u0430 Pet24","og_url":"https:\/\/pet24.md\/ro\/produs\/collar-liker-lumi-myachik-igrushka-so-svetonakopitelnym-shnurom-dlya-sobak-9cm\/","og_site_name":"Pet24","article_publisher":"https:\/\/www.facebook.com\/pet24.md","article_modified_time":"2024-09-22T22:12:23+00:00","og_image":[{"width":583,"height":600,"url":"https:\/\/pet24.md\/wp-content\/uploads\/2024\/09\/collar-liker-lumi-myachik-igrushka-so-svetonakopitelnym-shnurom-dlya-sobak-5cm.webp","type":"image\/webp"}],"twitter_card":"summary_large_image","schema":{"@context":"https:\/\/schema.org","@graph":[{"@type":"WebPage","@id":"https:\/\/pet24.md\/product\/collar-liker-lumi-myachik-igrushka-so-svetonakopitelnym-shnurom-dlya-sobak-9cm\/","url":"https:\/\/pet24.md\/product\/collar-liker-lumi-myachik-igrushka-so-svetonakopitelnym-shnurom-dlya-sobak-9cm\/","name":"Guler. Liker Lumi. Juc\u0103rie cu minge cu snur acumulator de lumin\u0103 pentru c\u00e2ini, 7cm","isPartOf":{"@id":"https:\/\/pet24.md\/#website"},"primaryImageOfPage":{"@id":"https:\/\/pet24.md\/product\/collar-liker-lumi-myachik-igrushka-so-svetonakopitelnym-shnurom-dlya-sobak-9cm\/#primaryimage"},"image":{"@id":"https:\/\/pet24.md\/product\/collar-liker-lumi-myachik-igrushka-so-svetonakopitelnym-shnurom-dlya-sobak-9cm\/#primaryimage"},"thumbnailUrl":"https:\/\/pet24.md\/wp-content\/uploads\/2024\/09\/collar-liker-lumi-myachik-igrushka-so-svetonakopitelnym-shnurom-dlya-sobak-5cm.webp","datePublished":"2023-09-20T16:39:06+00:00","dateModified":"2024-09-22T22:12:23+00:00","description":"\u041a\u0443\u043f\u0438\u0442\u044c Collar. Liker Lumi. \u041c\u044f\u0447\u0438\u043a-\u0438\u0433\u0440\u0443\u0448\u043a\u0430 \u0441\u043e \u0441\u0432\u0435\u0442\u043e\u043d\u0430\u043a\u043e\u043f\u0438\u0442\u0435\u043b\u044c\u043d\u044b\u043c \u0448\u043d\u0443\u0440\u043e\u043c \u0434\u043b\u044f \u0441\u043e\u0431\u0430\u043a 9cm \u0441 \u0434\u043e\u0441\u0442\u0430\u0432\u043a\u043e\u0439 \u043f\u043e \u041a\u0438\u0448\u0438\u043d\u0435\u0432\u0443 \u0438 \u0432\u0441\u0435\u0439 \u041c\u043e\u043b\u0434\u043e\u0432\u0435 \u043d\u0430 Pet24","breadcrumb":{"@id":"https:\/\/pet24.md\/product\/collar-liker-lumi-myachik-igrushka-so-svetonakopitelnym-shnurom-dlya-sobak-9cm\/#breadcrumb"},"inLanguage":"ro-RO","potentialAction":[{"@type":"ReadAction","target":["https:\/\/pet24.md\/product\/collar-liker-lumi-myachik-igrushka-so-svetonakopitelnym-shnurom-dlya-sobak-9cm\/"]}]},{"@type":"ImageObject","inLanguage":"ro-RO","@id":"https:\/\/pet24.md\/product\/collar-liker-lumi-myachik-igrushka-so-svetonakopitelnym-shnurom-dlya-sobak-9cm\/#primaryimage","url":"https:\/\/pet24.md\/wp-content\/uploads\/2024\/09\/collar-liker-lumi-myachik-igrushka-so-svetonakopitelnym-shnurom-dlya-sobak-5cm.webp","contentUrl":"https:\/\/pet24.md\/wp-content\/uploads\/2024\/09\/collar-liker-lumi-myachik-igrushka-so-svetonakopitelnym-shnurom-dlya-sobak-5cm.webp","width":583,"height":600,"caption":"collar liker lumi myachik igrushka so svetonakopitelnym shnurom dlya sobak 5cm"},{"@type":"BreadcrumbList","@id":"https:\/\/pet24.md\/product\/collar-liker-lumi-myachik-igrushka-so-svetonakopitelnym-shnurom-dlya-sobak-9cm\/#breadcrumb","itemListElement":[{"@type":"ListItem","position":1,"name":"\u0413\u043b\u0430\u0432\u043d\u0430\u044f \u0441\u0442\u0440\u0430\u043d\u0438\u0446\u0430","item":"https:\/\/pet24.md\/"},{"@type":"ListItem","position":2,"name":"\u041c\u0430\u0433\u0430\u0437\u0438\u043d","item":"https:\/\/pet24.md\/shop\/"},{"@type":"ListItem","position":3,"name":"Collar. Liker Lumi. \u041c\u044f\u0447\u0438\u043a-\u0438\u0433\u0440\u0443\u0448\u043a\u0430 \u0441\u043e \u0441\u0432\u0435\u0442\u043e\u043d\u0430\u043a\u043e\u043f\u0438\u0442\u0435\u043b\u044c\u043d\u044b\u043c \u0448\u043d\u0443\u0440\u043e\u043c \u0434\u043b\u044f \u0441\u043e\u0431\u0430\u043a 9cm"}]},{"@type":"WebSite","@id":"https:\/\/pet24.md\/#website","url":"https:\/\/pet24.md\/","name":"Pet24","description":"Magazin de animale de companie","publisher":{"@id":"https:\/\/pet24.md\/#organization"},"potentialAction":[{"@type":"SearchAction","target":{"@type":"EntryPoint","urlTemplate":"https:\/\/pet24.md\/?s={search_term_string}"},"query-input":{"@type":"PropertyValueSpecification","valueRequired":true,"valueName":"search_term_string"}}],"inLanguage":"ro-RO"},{"@type":"Organization","@id":"https:\/\/pet24.md\/#organization","name":"Pet24","url":"https:\/\/pet24.md\/","logo":{"@type":"ImageObject","inLanguage":"ro-RO","@id":"https:\/\/pet24.md\/#\/schema\/logo\/image\/","url":"https:\/\/pet24.md\/wp-content\/uploads\/2024\/09\/logo.svg","contentUrl":"https:\/\/pet24.md\/wp-content\/uploads\/2024\/09\/logo.svg","width":215,"height":66,"caption":"Pet24"},"image":{"@id":"https:\/\/pet24.md\/#\/schema\/logo\/image\/"},"sameAs":["https:\/\/www.facebook.com\/pet24.md","https:\/\/www.instagram.com\/pet24.md\/"],"telephone":"+37360508880"}]}},"_links":{"self":[{"href":"https:\/\/pet24.md\/ro\/wp-json\/wp\/v2\/product\/25219","targetHints":{"allow":["GET"]}}],"collection":[{"href":"https:\/\/pet24.md\/ro\/wp-json\/wp\/v2\/product"}],"about":[{"href":"https:\/\/pet24.md\/ro\/wp-json\/wp\/v2\/types\/product"}],"replies":[{"embeddable":true,"href":"https:\/\/pet24.md\/ro\/wp-json\/wp\/v2\/comments?post=25219"}],"wp:featuredmedia":[{"embeddable":true,"href":"https:\/\/pet24.md\/ro\/wp-json\/wp\/v2\/media\/89082"}],"wp:attachment":[{"href":"https:\/\/pet24.md\/ro\/wp-json\/wp\/v2\/media?parent=25219"}],"wp:term":[{"taxonomy":"product_brand","embeddable":true,"href":"https:\/\/pet24.md\/ro\/wp-json\/wp\/v2\/product_brand?post=25219"},{"taxonomy":"product_cat","embeddable":true,"href":"https:\/\/pet24.md\/ro\/wp-json\/wp\/v2\/product_cat?post=25219"},{"taxonomy":"product_tag","embeddable":true,"href":"https:\/\/pet24.md\/ro\/wp-json\/wp\/v2\/product_tag?post=25219"}],"curies":[{"name":"wp","href":"https:\/\/api.w.org\/{rel}","templated":true}]}}