{"id":31465,"date":"2023-10-06T14:17:32","date_gmt":"2023-10-06T14:17:32","guid":{"rendered":"https:\/\/pet24.md\/?post_type=product&#038;p=31465"},"modified":"2024-09-22T22:12:26","modified_gmt":"2024-09-22T22:12:26","slug":"povodok-dlya-sobak-collar-h-b-tesma-so-svetootrazhayushhej-nityu-shirina-20-mm-dlina-1000-mm-brezent","status":"publish","type":"product","link":"https:\/\/pet24.md\/ro\/produs\/povodok-dlya-sobak-collar-h-b-tesma-so-svetootrazhayushhej-nityu-shirina-20-mm-dlina-1000-mm-brezent\/","title":{"rendered":"Lesa de caine tesuta din bumbac CoLLaR cu fir reflectorizant"},"content":{"rendered":"<h2>GULAR Les\u0103 pentru c\u00e2ini, bumbac \u00eempletit cu fir reflectorizant<\/h2>\n<h3>Caracteristici<\/h3>\n<ul>\n<li><strong>Material<\/strong>: Bumbac \u021besut cu fir reflectorizant<\/li>\n<li><strong>L\u0103\u0163ime<\/strong>: 20 mm<\/li>\n<li><strong>Lungime<\/strong>: 1000 mm<\/li>\n<li><strong>Material rezistent<\/strong>: Lesa este realizata din material rezistent<\/li>\n<li><strong>Carabinier cromat<\/strong>: Carabinier de \u00eenalt\u0103 calitate \u0219i fiabil din metal cromat<\/li>\n<li><strong>Inser\u021bii din piele<\/strong>: Inser\u021biile din piele sunt asigurate cu nituri pentru durabilitate<\/li>\n<li><strong>Elemente reflectorizante<\/strong>: \u00cembun\u0103t\u0103\u021be\u0219te vizibilitatea \u00een les\u0103 pentru siguran\u021ba c\u00e2inilor<\/li>\n<\/ul>","protected":false},"excerpt":{"rendered":"<p>\u041f\u043e\u0432\u043e\u0434\u043e\u043a \u0434\u043b\u044f \u0421\u043e\u0431\u0430\u043a CoLLaR, \u041f\u043b\u0435\u0442\u0435\u043d\u044b\u0439 \u0438\u0437 \u0425\u043b\u043e\u043f\u043a\u0430 \u0441 \u041e\u0442\u0440\u0430\u0436\u0430\u044e\u0449\u0435\u0439 \u041d\u0438\u0442\u044c\u044e \u0425\u0430\u0440\u0430\u043a\u0442\u0435\u0440\u0438\u0441\u0442\u0438\u043a\u0438 \u041c\u0430\u0442\u0435\u0440\u0438\u0430\u043b: \u041f\u043b\u0435\u0442\u0435\u043d\u044b\u0439 \u0438\u0437 \u0445\u043b\u043e\u043f\u043a\u0430 \u0441 \u043e\u0442\u0440\u0430\u0436\u0430\u044e\u0449\u0435\u0439 \u043d\u0438\u0442\u044c\u044e \u0428\u0438\u0440\u0438\u043d\u0430: 20 \u043c\u043c \u0414\u043b\u0438\u043d\u0430:&hellip;<\/p>","protected":false},"featured_media":90141,"comment_status":"closed","ping_status":"closed","template":"","meta":[],"product_brand":[],"product_cat":[136,137,138],"product_tag":[165,240,232,260],"class_list":{"0":"post-31465","1":"product","2":"type-product","3":"status-publish","4":"has-post-thumbnail","6":"product_cat-dog","7":"product_cat-dogs-ammunition","8":"product_cat-dog-leashes","9":"product_tag-collar","10":"product_tag-vzroslaya-sobaka","11":"product_tag-oshejniki","12":"product_tag-povodok","13":"pa_age-pet-lyuboj-vozrast","14":"pa_brand-collar","15":"pa_breed-size-dlya-vseh-porod","16":"pa_dlina-sm-100-sm","17":"pa_pet-sobaka","18":"pa_shirina-20-mm","20":"first","21":"outofstock","22":"product-type-simple"},"yoast_head":"<!-- This site is optimized with the Yoast SEO Premium plugin v23.7 (Yoast SEO v27.5) - https:\/\/yoast.com\/product\/yoast-seo-premium-wordpress\/ -->\n<title>\u041f\u043e\u0432\u043e\u0434\u043e\u043a \u0434\u043b\u044f \u0441\u043e\u0431\u0430\u043a, \u043f\u043b\u0435\u0442\u0435\u043d\u044b\u0439 \u0438\u0437 \u0445\u043b\u043e\u043f\u043a\u0430 CoLLaR \u0441\u043e \u0441\u0432\u0435\u0442\u043e\u043e\u0442\u0440\u0430\u0436\u0430\u044e\u0449\u0435\u0439 \u043d\u0438\u0442\u044c\u044e<\/title>\n<meta name=\"description\" content=\"\u041a\u0443\u043f\u0438\u0442\u044c \u041f\u043e\u0432\u043e\u0434\u043e\u043a \u0434\u043b\u044f \u0441\u043e\u0431\u0430\u043a, \u043f\u043b\u0435\u0442\u0435\u043d\u044b\u0439 \u0438\u0437 \u0445\u043b\u043e\u043f\u043a\u0430 CoLLaR \u0441\u043e \u0441\u0432\u0435\u0442\u043e\u043e\u0442\u0440\u0430\u0436\u0430\u044e\u0449\u0435\u0439 \u043d\u0438\u0442\u044c\u044e \u0441 \u0434\u043e\u0441\u0442\u0430\u0432\u043a\u043e\u0439 \u043f\u043e \u041a\u0438\u0448\u0438\u043d\u0435\u0432\u0443 \u0438 \u0432\u0441\u0435\u0439 \u041c\u043e\u043b\u0434\u043e\u0432\u0435 \u043d\u0430 Pet24\" \/>\n<meta name=\"robots\" content=\"index, follow, max-snippet:-1, max-image-preview:large, max-video-preview:-1\" \/>\n<link rel=\"canonical\" href=\"https:\/\/pet24.md\/ro\/produs\/povodok-dlya-sobak-collar-h-b-tesma-so-svetootrazhayushhej-nityu-shirina-20-mm-dlina-1000-mm-brezent\/\" \/>\n<meta property=\"og:locale\" content=\"ro_RO\" \/>\n<meta property=\"og:type\" content=\"article\" \/>\n<meta property=\"og:title\" content=\"\u041f\u043e\u0432\u043e\u0434\u043e\u043a \u0434\u043b\u044f \u0441\u043e\u0431\u0430\u043a, \u043f\u043b\u0435\u0442\u0435\u043d\u044b\u0439 \u0438\u0437 \u0445\u043b\u043e\u043f\u043a\u0430 CoLLaR \u0441\u043e \u0441\u0432\u0435\u0442\u043e\u043e\u0442\u0440\u0430\u0436\u0430\u044e\u0449\u0435\u0439 \u043d\u0438\u0442\u044c\u044e\" \/>\n<meta property=\"og:description\" content=\"\u041a\u0443\u043f\u0438\u0442\u044c \u041f\u043e\u0432\u043e\u0434\u043e\u043a \u0434\u043b\u044f \u0441\u043e\u0431\u0430\u043a, \u043f\u043b\u0435\u0442\u0435\u043d\u044b\u0439 \u0438\u0437 \u0445\u043b\u043e\u043f\u043a\u0430 CoLLaR \u0441\u043e \u0441\u0432\u0435\u0442\u043e\u043e\u0442\u0440\u0430\u0436\u0430\u044e\u0449\u0435\u0439 \u043d\u0438\u0442\u044c\u044e \u0441 \u0434\u043e\u0441\u0442\u0430\u0432\u043a\u043e\u0439 \u043f\u043e \u041a\u0438\u0448\u0438\u043d\u0435\u0432\u0443 \u0438 \u0432\u0441\u0435\u0439 \u041c\u043e\u043b\u0434\u043e\u0432\u0435 \u043d\u0430 Pet24\" \/>\n<meta property=\"og:url\" content=\"https:\/\/pet24.md\/ro\/produs\/povodok-dlya-sobak-collar-h-b-tesma-so-svetootrazhayushhej-nityu-shirina-20-mm-dlina-1000-mm-brezent\/\" \/>\n<meta property=\"og:site_name\" content=\"Pet24\" \/>\n<meta property=\"article:publisher\" content=\"https:\/\/www.facebook.com\/pet24.md\" \/>\n<meta property=\"article:modified_time\" content=\"2024-09-22T22:12:26+00:00\" \/>\n<meta property=\"og:image\" content=\"https:\/\/pet24.md\/wp-content\/uploads\/2024\/09\/povodok-dlya-sobak-collar-h-b-tesma-so-svetootrazhayushhej-nityu-shirina-20-mm-dlina-1000-mm-brezent.webp\" \/>\n\t<meta property=\"og:image:width\" content=\"600\" \/>\n\t<meta property=\"og:image:height\" content=\"600\" \/>\n\t<meta property=\"og:image:type\" content=\"image\/webp\" \/>\n<meta name=\"twitter:card\" content=\"summary_large_image\" \/>\n<script type=\"application\/ld+json\" class=\"yoast-schema-graph\">{\"@context\":\"https:\\\/\\\/schema.org\",\"@graph\":[{\"@type\":\"WebPage\",\"@id\":\"https:\\\/\\\/pet24.md\\\/product\\\/povodok-dlya-sobak-collar-h-b-tesma-so-svetootrazhayushhej-nityu-shirina-20-mm-dlina-1000-mm-brezent\\\/\",\"url\":\"https:\\\/\\\/pet24.md\\\/product\\\/povodok-dlya-sobak-collar-h-b-tesma-so-svetootrazhayushhej-nityu-shirina-20-mm-dlina-1000-mm-brezent\\\/\",\"name\":\"\u041f\u043e\u0432\u043e\u0434\u043e\u043a \u0434\u043b\u044f \u0441\u043e\u0431\u0430\u043a, \u043f\u043b\u0435\u0442\u0435\u043d\u044b\u0439 \u0438\u0437 \u0445\u043b\u043e\u043f\u043a\u0430 CoLLaR \u0441\u043e \u0441\u0432\u0435\u0442\u043e\u043e\u0442\u0440\u0430\u0436\u0430\u044e\u0449\u0435\u0439 \u043d\u0438\u0442\u044c\u044e\",\"isPartOf\":{\"@id\":\"https:\\\/\\\/pet24.md\\\/#website\"},\"primaryImageOfPage\":{\"@id\":\"https:\\\/\\\/pet24.md\\\/product\\\/povodok-dlya-sobak-collar-h-b-tesma-so-svetootrazhayushhej-nityu-shirina-20-mm-dlina-1000-mm-brezent\\\/#primaryimage\"},\"image\":{\"@id\":\"https:\\\/\\\/pet24.md\\\/product\\\/povodok-dlya-sobak-collar-h-b-tesma-so-svetootrazhayushhej-nityu-shirina-20-mm-dlina-1000-mm-brezent\\\/#primaryimage\"},\"thumbnailUrl\":\"https:\\\/\\\/pet24.md\\\/wp-content\\\/uploads\\\/2024\\\/09\\\/povodok-dlya-sobak-collar-h-b-tesma-so-svetootrazhayushhej-nityu-shirina-20-mm-dlina-1000-mm-brezent.webp\",\"datePublished\":\"2023-10-06T14:17:32+00:00\",\"dateModified\":\"2024-09-22T22:12:26+00:00\",\"description\":\"\u041a\u0443\u043f\u0438\u0442\u044c \u041f\u043e\u0432\u043e\u0434\u043e\u043a \u0434\u043b\u044f \u0441\u043e\u0431\u0430\u043a, \u043f\u043b\u0435\u0442\u0435\u043d\u044b\u0439 \u0438\u0437 \u0445\u043b\u043e\u043f\u043a\u0430 CoLLaR \u0441\u043e \u0441\u0432\u0435\u0442\u043e\u043e\u0442\u0440\u0430\u0436\u0430\u044e\u0449\u0435\u0439 \u043d\u0438\u0442\u044c\u044e \u0441 \u0434\u043e\u0441\u0442\u0430\u0432\u043a\u043e\u0439 \u043f\u043e \u041a\u0438\u0448\u0438\u043d\u0435\u0432\u0443 \u0438 \u0432\u0441\u0435\u0439 \u041c\u043e\u043b\u0434\u043e\u0432\u0435 \u043d\u0430 Pet24\",\"breadcrumb\":{\"@id\":\"https:\\\/\\\/pet24.md\\\/product\\\/povodok-dlya-sobak-collar-h-b-tesma-so-svetootrazhayushhej-nityu-shirina-20-mm-dlina-1000-mm-brezent\\\/#breadcrumb\"},\"inLanguage\":\"ro-RO\",\"potentialAction\":[{\"@type\":\"ReadAction\",\"target\":[\"https:\\\/\\\/pet24.md\\\/product\\\/povodok-dlya-sobak-collar-h-b-tesma-so-svetootrazhayushhej-nityu-shirina-20-mm-dlina-1000-mm-brezent\\\/\"]}]},{\"@type\":\"ImageObject\",\"inLanguage\":\"ro-RO\",\"@id\":\"https:\\\/\\\/pet24.md\\\/product\\\/povodok-dlya-sobak-collar-h-b-tesma-so-svetootrazhayushhej-nityu-shirina-20-mm-dlina-1000-mm-brezent\\\/#primaryimage\",\"url\":\"https:\\\/\\\/pet24.md\\\/wp-content\\\/uploads\\\/2024\\\/09\\\/povodok-dlya-sobak-collar-h-b-tesma-so-svetootrazhayushhej-nityu-shirina-20-mm-dlina-1000-mm-brezent.webp\",\"contentUrl\":\"https:\\\/\\\/pet24.md\\\/wp-content\\\/uploads\\\/2024\\\/09\\\/povodok-dlya-sobak-collar-h-b-tesma-so-svetootrazhayushhej-nityu-shirina-20-mm-dlina-1000-mm-brezent.webp\",\"width\":600,\"height\":600,\"caption\":\"povodok dlya sobak collar h b tesma so svetootrazhayushhej nityu shirina 20 mm dlina 1000 mm brezent\"},{\"@type\":\"BreadcrumbList\",\"@id\":\"https:\\\/\\\/pet24.md\\\/product\\\/povodok-dlya-sobak-collar-h-b-tesma-so-svetootrazhayushhej-nityu-shirina-20-mm-dlina-1000-mm-brezent\\\/#breadcrumb\",\"itemListElement\":[{\"@type\":\"ListItem\",\"position\":1,\"name\":\"\u0413\u043b\u0430\u0432\u043d\u0430\u044f \u0441\u0442\u0440\u0430\u043d\u0438\u0446\u0430\",\"item\":\"https:\\\/\\\/pet24.md\\\/\"},{\"@type\":\"ListItem\",\"position\":2,\"name\":\"\u041c\u0430\u0433\u0430\u0437\u0438\u043d\",\"item\":\"https:\\\/\\\/pet24.md\\\/shop\\\/\"},{\"@type\":\"ListItem\",\"position\":3,\"name\":\"\u041f\u043e\u0432\u043e\u0434\u043e\u043a \u0434\u043b\u044f \u0441\u043e\u0431\u0430\u043a, \u043f\u043b\u0435\u0442\u0435\u043d\u044b\u0439 \u0438\u0437 \u0445\u043b\u043e\u043f\u043a\u0430 CoLLaR \u0441\u043e \u0441\u0432\u0435\u0442\u043e\u043e\u0442\u0440\u0430\u0436\u0430\u044e\u0449\u0435\u0439 \u043d\u0438\u0442\u044c\u044e\"}]},{\"@type\":\"WebSite\",\"@id\":\"https:\\\/\\\/pet24.md\\\/#website\",\"url\":\"https:\\\/\\\/pet24.md\\\/\",\"name\":\"Pet24\",\"description\":\"\u0417\u043e\u043e\u043c\u0430\u0433\u0430\u0437\u0438\u043d \u0442\u043e\u0432\u0430\u0440\u043e\u0432 \u0434\u043b\u044f \u0434\u043e\u043c\u0430\u0448\u043d\u0438\u0445 \u043f\u0438\u0442\u043e\u043c\u0446\u0435\u0432\",\"publisher\":{\"@id\":\"https:\\\/\\\/pet24.md\\\/#organization\"},\"potentialAction\":[{\"@type\":\"SearchAction\",\"target\":{\"@type\":\"EntryPoint\",\"urlTemplate\":\"https:\\\/\\\/pet24.md\\\/?s={search_term_string}\"},\"query-input\":{\"@type\":\"PropertyValueSpecification\",\"valueRequired\":true,\"valueName\":\"search_term_string\"}}],\"inLanguage\":\"ro-RO\"},{\"@type\":\"Organization\",\"@id\":\"https:\\\/\\\/pet24.md\\\/#organization\",\"name\":\"Pet24\",\"url\":\"https:\\\/\\\/pet24.md\\\/\",\"logo\":{\"@type\":\"ImageObject\",\"inLanguage\":\"ro-RO\",\"@id\":\"https:\\\/\\\/pet24.md\\\/#\\\/schema\\\/logo\\\/image\\\/\",\"url\":\"https:\\\/\\\/pet24.md\\\/wp-content\\\/uploads\\\/2024\\\/09\\\/logo.svg\",\"contentUrl\":\"https:\\\/\\\/pet24.md\\\/wp-content\\\/uploads\\\/2024\\\/09\\\/logo.svg\",\"width\":215,\"height\":66,\"caption\":\"Pet24\"},\"image\":{\"@id\":\"https:\\\/\\\/pet24.md\\\/#\\\/schema\\\/logo\\\/image\\\/\"},\"sameAs\":[\"https:\\\/\\\/www.facebook.com\\\/pet24.md\",\"https:\\\/\\\/www.instagram.com\\\/pet24.md\\\/\"],\"telephone\":\"+37360508880\"}]}<\/script>\n<!-- \/ Yoast SEO Premium plugin. -->","yoast_head_json":{"title":"Lesa de caine tesuta din bumbac CoLLaR cu fir reflectorizant","description":"\u041a\u0443\u043f\u0438\u0442\u044c \u041f\u043e\u0432\u043e\u0434\u043e\u043a \u0434\u043b\u044f \u0441\u043e\u0431\u0430\u043a, \u043f\u043b\u0435\u0442\u0435\u043d\u044b\u0439 \u0438\u0437 \u0445\u043b\u043e\u043f\u043a\u0430 CoLLaR \u0441\u043e \u0441\u0432\u0435\u0442\u043e\u043e\u0442\u0440\u0430\u0436\u0430\u044e\u0449\u0435\u0439 \u043d\u0438\u0442\u044c\u044e \u0441 \u0434\u043e\u0441\u0442\u0430\u0432\u043a\u043e\u0439 \u043f\u043e \u041a\u0438\u0448\u0438\u043d\u0435\u0432\u0443 \u0438 \u0432\u0441\u0435\u0439 \u041c\u043e\u043b\u0434\u043e\u0432\u0435 \u043d\u0430 Pet24","robots":{"index":"index","follow":"follow","max-snippet":"max-snippet:-1","max-image-preview":"max-image-preview:large","max-video-preview":"max-video-preview:-1"},"canonical":"https:\/\/pet24.md\/ro\/produs\/povodok-dlya-sobak-collar-h-b-tesma-so-svetootrazhayushhej-nityu-shirina-20-mm-dlina-1000-mm-brezent\/","og_locale":"ro_RO","og_type":"article","og_title":"\u041f\u043e\u0432\u043e\u0434\u043e\u043a \u0434\u043b\u044f \u0441\u043e\u0431\u0430\u043a, \u043f\u043b\u0435\u0442\u0435\u043d\u044b\u0439 \u0438\u0437 \u0445\u043b\u043e\u043f\u043a\u0430 CoLLaR \u0441\u043e \u0441\u0432\u0435\u0442\u043e\u043e\u0442\u0440\u0430\u0436\u0430\u044e\u0449\u0435\u0439 \u043d\u0438\u0442\u044c\u044e","og_description":"\u041a\u0443\u043f\u0438\u0442\u044c \u041f\u043e\u0432\u043e\u0434\u043e\u043a \u0434\u043b\u044f \u0441\u043e\u0431\u0430\u043a, \u043f\u043b\u0435\u0442\u0435\u043d\u044b\u0439 \u0438\u0437 \u0445\u043b\u043e\u043f\u043a\u0430 CoLLaR \u0441\u043e \u0441\u0432\u0435\u0442\u043e\u043e\u0442\u0440\u0430\u0436\u0430\u044e\u0449\u0435\u0439 \u043d\u0438\u0442\u044c\u044e \u0441 \u0434\u043e\u0441\u0442\u0430\u0432\u043a\u043e\u0439 \u043f\u043e \u041a\u0438\u0448\u0438\u043d\u0435\u0432\u0443 \u0438 \u0432\u0441\u0435\u0439 \u041c\u043e\u043b\u0434\u043e\u0432\u0435 \u043d\u0430 Pet24","og_url":"https:\/\/pet24.md\/ro\/produs\/povodok-dlya-sobak-collar-h-b-tesma-so-svetootrazhayushhej-nityu-shirina-20-mm-dlina-1000-mm-brezent\/","og_site_name":"Pet24","article_publisher":"https:\/\/www.facebook.com\/pet24.md","article_modified_time":"2024-09-22T22:12:26+00:00","og_image":[{"width":600,"height":600,"url":"https:\/\/pet24.md\/wp-content\/uploads\/2024\/09\/povodok-dlya-sobak-collar-h-b-tesma-so-svetootrazhayushhej-nityu-shirina-20-mm-dlina-1000-mm-brezent.webp","type":"image\/webp"}],"twitter_card":"summary_large_image","schema":{"@context":"https:\/\/schema.org","@graph":[{"@type":"WebPage","@id":"https:\/\/pet24.md\/product\/povodok-dlya-sobak-collar-h-b-tesma-so-svetootrazhayushhej-nityu-shirina-20-mm-dlina-1000-mm-brezent\/","url":"https:\/\/pet24.md\/product\/povodok-dlya-sobak-collar-h-b-tesma-so-svetootrazhayushhej-nityu-shirina-20-mm-dlina-1000-mm-brezent\/","name":"Lesa de caine tesuta din bumbac CoLLaR cu fir reflectorizant","isPartOf":{"@id":"https:\/\/pet24.md\/#website"},"primaryImageOfPage":{"@id":"https:\/\/pet24.md\/product\/povodok-dlya-sobak-collar-h-b-tesma-so-svetootrazhayushhej-nityu-shirina-20-mm-dlina-1000-mm-brezent\/#primaryimage"},"image":{"@id":"https:\/\/pet24.md\/product\/povodok-dlya-sobak-collar-h-b-tesma-so-svetootrazhayushhej-nityu-shirina-20-mm-dlina-1000-mm-brezent\/#primaryimage"},"thumbnailUrl":"https:\/\/pet24.md\/wp-content\/uploads\/2024\/09\/povodok-dlya-sobak-collar-h-b-tesma-so-svetootrazhayushhej-nityu-shirina-20-mm-dlina-1000-mm-brezent.webp","datePublished":"2023-10-06T14:17:32+00:00","dateModified":"2024-09-22T22:12:26+00:00","description":"\u041a\u0443\u043f\u0438\u0442\u044c \u041f\u043e\u0432\u043e\u0434\u043e\u043a \u0434\u043b\u044f \u0441\u043e\u0431\u0430\u043a, \u043f\u043b\u0435\u0442\u0435\u043d\u044b\u0439 \u0438\u0437 \u0445\u043b\u043e\u043f\u043a\u0430 CoLLaR \u0441\u043e \u0441\u0432\u0435\u0442\u043e\u043e\u0442\u0440\u0430\u0436\u0430\u044e\u0449\u0435\u0439 \u043d\u0438\u0442\u044c\u044e \u0441 \u0434\u043e\u0441\u0442\u0430\u0432\u043a\u043e\u0439 \u043f\u043e \u041a\u0438\u0448\u0438\u043d\u0435\u0432\u0443 \u0438 \u0432\u0441\u0435\u0439 \u041c\u043e\u043b\u0434\u043e\u0432\u0435 \u043d\u0430 Pet24","breadcrumb":{"@id":"https:\/\/pet24.md\/product\/povodok-dlya-sobak-collar-h-b-tesma-so-svetootrazhayushhej-nityu-shirina-20-mm-dlina-1000-mm-brezent\/#breadcrumb"},"inLanguage":"ro-RO","potentialAction":[{"@type":"ReadAction","target":["https:\/\/pet24.md\/product\/povodok-dlya-sobak-collar-h-b-tesma-so-svetootrazhayushhej-nityu-shirina-20-mm-dlina-1000-mm-brezent\/"]}]},{"@type":"ImageObject","inLanguage":"ro-RO","@id":"https:\/\/pet24.md\/product\/povodok-dlya-sobak-collar-h-b-tesma-so-svetootrazhayushhej-nityu-shirina-20-mm-dlina-1000-mm-brezent\/#primaryimage","url":"https:\/\/pet24.md\/wp-content\/uploads\/2024\/09\/povodok-dlya-sobak-collar-h-b-tesma-so-svetootrazhayushhej-nityu-shirina-20-mm-dlina-1000-mm-brezent.webp","contentUrl":"https:\/\/pet24.md\/wp-content\/uploads\/2024\/09\/povodok-dlya-sobak-collar-h-b-tesma-so-svetootrazhayushhej-nityu-shirina-20-mm-dlina-1000-mm-brezent.webp","width":600,"height":600,"caption":"povodok dlya sobak collar h b tesma so svetootrazhayushhej nityu shirina 20 mm dlina 1000 mm brezent"},{"@type":"BreadcrumbList","@id":"https:\/\/pet24.md\/product\/povodok-dlya-sobak-collar-h-b-tesma-so-svetootrazhayushhej-nityu-shirina-20-mm-dlina-1000-mm-brezent\/#breadcrumb","itemListElement":[{"@type":"ListItem","position":1,"name":"\u0413\u043b\u0430\u0432\u043d\u0430\u044f \u0441\u0442\u0440\u0430\u043d\u0438\u0446\u0430","item":"https:\/\/pet24.md\/"},{"@type":"ListItem","position":2,"name":"\u041c\u0430\u0433\u0430\u0437\u0438\u043d","item":"https:\/\/pet24.md\/shop\/"},{"@type":"ListItem","position":3,"name":"\u041f\u043e\u0432\u043e\u0434\u043e\u043a \u0434\u043b\u044f \u0441\u043e\u0431\u0430\u043a, \u043f\u043b\u0435\u0442\u0435\u043d\u044b\u0439 \u0438\u0437 \u0445\u043b\u043e\u043f\u043a\u0430 CoLLaR \u0441\u043e \u0441\u0432\u0435\u0442\u043e\u043e\u0442\u0440\u0430\u0436\u0430\u044e\u0449\u0435\u0439 \u043d\u0438\u0442\u044c\u044e"}]},{"@type":"WebSite","@id":"https:\/\/pet24.md\/#website","url":"https:\/\/pet24.md\/","name":"Pet24","description":"Magazin de animale de companie","publisher":{"@id":"https:\/\/pet24.md\/#organization"},"potentialAction":[{"@type":"SearchAction","target":{"@type":"EntryPoint","urlTemplate":"https:\/\/pet24.md\/?s={search_term_string}"},"query-input":{"@type":"PropertyValueSpecification","valueRequired":true,"valueName":"search_term_string"}}],"inLanguage":"ro-RO"},{"@type":"Organization","@id":"https:\/\/pet24.md\/#organization","name":"Pet24","url":"https:\/\/pet24.md\/","logo":{"@type":"ImageObject","inLanguage":"ro-RO","@id":"https:\/\/pet24.md\/#\/schema\/logo\/image\/","url":"https:\/\/pet24.md\/wp-content\/uploads\/2024\/09\/logo.svg","contentUrl":"https:\/\/pet24.md\/wp-content\/uploads\/2024\/09\/logo.svg","width":215,"height":66,"caption":"Pet24"},"image":{"@id":"https:\/\/pet24.md\/#\/schema\/logo\/image\/"},"sameAs":["https:\/\/www.facebook.com\/pet24.md","https:\/\/www.instagram.com\/pet24.md\/"],"telephone":"+37360508880"}]}},"_links":{"self":[{"href":"https:\/\/pet24.md\/ro\/wp-json\/wp\/v2\/product\/31465","targetHints":{"allow":["GET"]}}],"collection":[{"href":"https:\/\/pet24.md\/ro\/wp-json\/wp\/v2\/product"}],"about":[{"href":"https:\/\/pet24.md\/ro\/wp-json\/wp\/v2\/types\/product"}],"replies":[{"embeddable":true,"href":"https:\/\/pet24.md\/ro\/wp-json\/wp\/v2\/comments?post=31465"}],"wp:featuredmedia":[{"embeddable":true,"href":"https:\/\/pet24.md\/ro\/wp-json\/wp\/v2\/media\/90141"}],"wp:attachment":[{"href":"https:\/\/pet24.md\/ro\/wp-json\/wp\/v2\/media?parent=31465"}],"wp:term":[{"taxonomy":"product_brand","embeddable":true,"href":"https:\/\/pet24.md\/ro\/wp-json\/wp\/v2\/product_brand?post=31465"},{"taxonomy":"product_cat","embeddable":true,"href":"https:\/\/pet24.md\/ro\/wp-json\/wp\/v2\/product_cat?post=31465"},{"taxonomy":"product_tag","embeddable":true,"href":"https:\/\/pet24.md\/ro\/wp-json\/wp\/v2\/product_tag?post=31465"}],"curies":[{"name":"wp","href":"https:\/\/api.w.org\/{rel}","templated":true}]}}