{"id":31501,"date":"2023-10-06T16:15:41","date_gmt":"2023-10-06T16:15:41","guid":{"rendered":"https:\/\/pet24.md\/?post_type=product&#038;p=31501"},"modified":"2024-09-22T22:12:26","modified_gmt":"2024-09-22T22:12:26","slug":"collar-liker-myachik-igrushka-dlya-sobak-5-sm","status":"publish","type":"product","link":"https:\/\/pet24.md\/ro\/produs\/collar-liker-myachik-igrushka-dlya-sobak-5-sm\/","title":{"rendered":"Guler. Liker. Minge de jucarie pentru caini 9cm"},"content":{"rendered":"<h2>COLLAR LIKER \u2013 Minge de juc\u0103rie pentru c\u00e2ini<\/h2>\n<h3>Caracteristici<\/h3>\n<ul>\n<li><strong>U\u0219oare \u0219i manevrabile<\/strong>: LIKER este o minge usoara si confortabila. Forma sa unic\u0103 v\u0103 permite s\u0103 schimba\u021bi traiectoria arunc\u0103rilor lungi, ad\u0103ug\u00e2nd emo\u021bie jocului.<\/li>\n<li><strong>Siguran\u0163\u0103<\/strong>: Materialul este non-toxic \u0219i nu va deteriora din\u021bii \u0219i gingiile c\u00e2inelui. Mingea este moale \u0219i elastic\u0103, a\u0219a c\u0103 este imposibil s\u0103 r\u0103ni\u021bi c\u00e2inele.<\/li>\n<li><strong>Flotabilitate<\/strong>: Mingea plute\u0219te pe ap\u0103 \u0219i este vizibil\u0103 la 2\/3 deasupra suprafe\u021bei, f\u0103c\u00e2nd jocul pe ap\u0103 mai interesant.<\/li>\n<li><strong>Usor de curatat<\/strong>: Murdaria nu se lipeste de material si mingea poate fi curatata usor cu apa calduta, prevenind acumularea bacteriilor.<\/li>\n<li><strong>Rezisten\u0163\u0103<\/strong>: Materialul este rezistent la mu\u0219c\u0103turi, iar forma mingii face dificil\u0103 mestecarea complet\u0103, oferind ore \u00eentregi de distrac\u021bie c\u00e2inelui t\u0103u.<\/li>\n<li><strong>Vizibilitate ridicat\u0103<\/strong>: Mingea este greu de pierdut; este vizibil \u00een z\u0103pad\u0103, iarb\u0103 \u0219i ap\u0103, iar culoarea str\u0103lucitoare se observ\u0103 chiar \u0219i \u00een zilele \u00eennorate.<\/li>\n<\/ul>\n<h3>Avantaje<\/h3>\n<ul>\n<li><strong>Interactivitate \u0219i divertisment<\/strong>: Forma \u0219i materialul mingii fac jocul interesant at\u00e2t pentru c\u00e2ine, c\u00e2t \u0219i pentru proprietar.<\/li>\n<li><strong>Cur\u0103\u021barea din\u021bilor<\/strong>: \u00cen timp ce mestec\u0103 mingea, din\u021bii c\u00e2inelui sunt cur\u0103\u021ba\u021bi datorit\u0103 unui material special.<\/li>\n<li><strong>U\u0219or de g\u0103sit<\/strong>: Datorita culorii si flotabilitatii sale, mingea LIKER este greu de pierdut.<\/li>\n<\/ul>\n<h3>Utilizare<\/h3>\n<p>LIKER nu este doar o minge, este o juc\u0103rie pe care tu \u0219i c\u00e2inele t\u0103u o vei iubi! Ideal pentru a te juca afar\u0103, pe ap\u0103 \u0219i pentru a-\u021bi men\u021bine c\u00e2inele activ \u0219i fericit.<\/p>\n<p><iframe title=\"Juc\u0103rie cu minge pentru c\u00e2ini Liker\/Liker\" width=\"1160\" height=\"653\" src=\"https:\/\/www.youtube.com\/embed\/_0NIN4XK780?feature=oembed\" frameborder=\"0\" allow=\"accelerometer; autoplay; clipboard-write; encrypted-media; gyroscope; picture-in-picture; web-share\" referrerpolicy=\"strict-origin-when-cross-origin\" allowfullscreen><\/iframe><\/p>","protected":false},"excerpt":{"rendered":"<p>Jocurile cu ap\u0103 vor deveni acum mai interesante<\/p>","protected":false},"featured_media":90142,"comment_status":"closed","ping_status":"closed","template":"","meta":[],"product_brand":[],"product_cat":[136,163,164],"product_tag":[165,166],"class_list":{"0":"post-31501","1":"product","2":"type-product","3":"status-publish","4":"has-post-thumbnail","6":"product_cat-dog","7":"product_cat-dog-toys","8":"product_cat-dog-balls","9":"product_tag-collar","10":"product_tag-igrushki","11":"pa_age-pet-lyuboj-vozrast","12":"pa_brand-collar","13":"pa_breed-size-dlya-vseh-porod","14":"pa_diameter-sm-5-sm","15":"pa_pet-sobaka","17":"first","18":"outofstock","19":"product-type-simple"},"yoast_head":"<!-- This site is optimized with the Yoast SEO Premium plugin v23.7 (Yoast SEO v27.6) - https:\/\/yoast.com\/product\/yoast-seo-premium-wordpress\/ -->\n<title>Collar. Liker. \u041c\u044f\u0447\u0438\u043a-\u0438\u0433\u0440\u0443\u0448\u043a\u0430 \u0434\u043b\u044f \u0441\u043e\u0431\u0430\u043a 5\u0441\u043c<\/title>\n<meta name=\"description\" content=\"\u041a\u0443\u043f\u0438\u0442\u044c Collar. Liker. \u041c\u044f\u0447\u0438\u043a-\u0438\u0433\u0440\u0443\u0448\u043a\u0430 \u0434\u043b\u044f \u0441\u043e\u0431\u0430\u043a 5\u0441\u043c \u0441 \u0434\u043e\u0441\u0442\u0430\u0432\u043a\u043e\u0439 \u043f\u043e \u041a\u0438\u0448\u0438\u043d\u0435\u0432\u0443 \u0438 \u0432\u0441\u0435\u0439 \u041c\u043e\u043b\u0434\u043e\u0432\u0435 \u043d\u0430 Pet24\" \/>\n<meta name=\"robots\" content=\"index, follow, max-snippet:-1, max-image-preview:large, max-video-preview:-1\" \/>\n<link rel=\"canonical\" href=\"https:\/\/pet24.md\/ro\/product\/collar-liker-myachik-igrushka-dlya-sobak-5-sm\/\" \/>\n<meta property=\"og:locale\" content=\"ro_RO\" \/>\n<meta property=\"og:type\" content=\"article\" \/>\n<meta property=\"og:title\" content=\"Collar. Liker. \u041c\u044f\u0447\u0438\u043a-\u0438\u0433\u0440\u0443\u0448\u043a\u0430 \u0434\u043b\u044f \u0441\u043e\u0431\u0430\u043a 5\u0441\u043c\" \/>\n<meta property=\"og:description\" content=\"\u041a\u0443\u043f\u0438\u0442\u044c Collar. Liker. \u041c\u044f\u0447\u0438\u043a-\u0438\u0433\u0440\u0443\u0448\u043a\u0430 \u0434\u043b\u044f \u0441\u043e\u0431\u0430\u043a 5\u0441\u043c \u0441 \u0434\u043e\u0441\u0442\u0430\u0432\u043a\u043e\u0439 \u043f\u043e \u041a\u0438\u0448\u0438\u043d\u0435\u0432\u0443 \u0438 \u0432\u0441\u0435\u0439 \u041c\u043e\u043b\u0434\u043e\u0432\u0435 \u043d\u0430 Pet24\" \/>\n<meta property=\"og:url\" content=\"https:\/\/pet24.md\/ro\/product\/collar-liker-myachik-igrushka-dlya-sobak-5-sm\/\" \/>\n<meta property=\"og:site_name\" content=\"Pet24\" \/>\n<meta property=\"article:publisher\" content=\"https:\/\/www.facebook.com\/pet24.md\" \/>\n<meta property=\"article:modified_time\" content=\"2024-09-22T22:12:26+00:00\" \/>\n<meta property=\"og:image\" content=\"https:\/\/pet24.md\/wp-content\/uploads\/2024\/09\/collar-liker-myachik-igrushka-dlya-sobak-5sm.webp\" \/>\n\t<meta property=\"og:image:width\" content=\"600\" \/>\n\t<meta property=\"og:image:height\" content=\"600\" \/>\n\t<meta property=\"og:image:type\" content=\"image\/webp\" \/>\n<meta name=\"twitter:card\" content=\"summary_large_image\" \/>\n<script type=\"application\/ld+json\" class=\"yoast-schema-graph\">{\"@context\":\"https:\\\/\\\/schema.org\",\"@graph\":[{\"@type\":\"WebPage\",\"@id\":\"https:\\\/\\\/pet24.md\\\/ro\\\/product\\\/collar-liker-myachik-igrushka-dlya-sobak-5-sm\\\/\",\"url\":\"https:\\\/\\\/pet24.md\\\/ro\\\/product\\\/collar-liker-myachik-igrushka-dlya-sobak-5-sm\\\/\",\"name\":\"Collar. Liker. \u041c\u044f\u0447\u0438\u043a-\u0438\u0433\u0440\u0443\u0448\u043a\u0430 \u0434\u043b\u044f \u0441\u043e\u0431\u0430\u043a 5\u0441\u043c\",\"isPartOf\":{\"@id\":\"https:\\\/\\\/pet24.md\\\/#website\"},\"primaryImageOfPage\":{\"@id\":\"https:\\\/\\\/pet24.md\\\/ro\\\/product\\\/collar-liker-myachik-igrushka-dlya-sobak-5-sm\\\/#primaryimage\"},\"image\":{\"@id\":\"https:\\\/\\\/pet24.md\\\/ro\\\/product\\\/collar-liker-myachik-igrushka-dlya-sobak-5-sm\\\/#primaryimage\"},\"thumbnailUrl\":\"https:\\\/\\\/pet24.md\\\/wp-content\\\/uploads\\\/2024\\\/09\\\/collar-liker-myachik-igrushka-dlya-sobak-5sm.webp\",\"datePublished\":\"2023-10-06T16:15:41+00:00\",\"dateModified\":\"2024-09-22T22:12:26+00:00\",\"description\":\"\u041a\u0443\u043f\u0438\u0442\u044c Collar. Liker. \u041c\u044f\u0447\u0438\u043a-\u0438\u0433\u0440\u0443\u0448\u043a\u0430 \u0434\u043b\u044f \u0441\u043e\u0431\u0430\u043a 5\u0441\u043c \u0441 \u0434\u043e\u0441\u0442\u0430\u0432\u043a\u043e\u0439 \u043f\u043e \u041a\u0438\u0448\u0438\u043d\u0435\u0432\u0443 \u0438 \u0432\u0441\u0435\u0439 \u041c\u043e\u043b\u0434\u043e\u0432\u0435 \u043d\u0430 Pet24\",\"breadcrumb\":{\"@id\":\"https:\\\/\\\/pet24.md\\\/ro\\\/product\\\/collar-liker-myachik-igrushka-dlya-sobak-5-sm\\\/#breadcrumb\"},\"inLanguage\":\"ro-RO\",\"potentialAction\":[{\"@type\":\"ReadAction\",\"target\":[\"https:\\\/\\\/pet24.md\\\/ro\\\/product\\\/collar-liker-myachik-igrushka-dlya-sobak-5-sm\\\/\"]}]},{\"@type\":\"ImageObject\",\"inLanguage\":\"ro-RO\",\"@id\":\"https:\\\/\\\/pet24.md\\\/ro\\\/product\\\/collar-liker-myachik-igrushka-dlya-sobak-5-sm\\\/#primaryimage\",\"url\":\"https:\\\/\\\/pet24.md\\\/wp-content\\\/uploads\\\/2024\\\/09\\\/collar-liker-myachik-igrushka-dlya-sobak-5sm.webp\",\"contentUrl\":\"https:\\\/\\\/pet24.md\\\/wp-content\\\/uploads\\\/2024\\\/09\\\/collar-liker-myachik-igrushka-dlya-sobak-5sm.webp\",\"width\":600,\"height\":600,\"caption\":\"collar liker myachik igrushka dlya sobak 5sm\"},{\"@type\":\"BreadcrumbList\",\"@id\":\"https:\\\/\\\/pet24.md\\\/ro\\\/product\\\/collar-liker-myachik-igrushka-dlya-sobak-5-sm\\\/#breadcrumb\",\"itemListElement\":[{\"@type\":\"ListItem\",\"position\":1,\"name\":\"\u0413\u043b\u0430\u0432\u043d\u0430\u044f \u0441\u0442\u0440\u0430\u043d\u0438\u0446\u0430\",\"item\":\"https:\\\/\\\/pet24.md\\\/\"},{\"@type\":\"ListItem\",\"position\":2,\"name\":\"\u041c\u0430\u0433\u0430\u0437\u0438\u043d\",\"item\":\"https:\\\/\\\/pet24.md\\\/shop\\\/\"},{\"@type\":\"ListItem\",\"position\":3,\"name\":\"Collar. Liker. \u041c\u044f\u0447\u0438\u043a-\u0438\u0433\u0440\u0443\u0448\u043a\u0430 \u0434\u043b\u044f \u0441\u043e\u0431\u0430\u043a 5\u0441\u043c\"}]},{\"@type\":\"WebSite\",\"@id\":\"https:\\\/\\\/pet24.md\\\/#website\",\"url\":\"https:\\\/\\\/pet24.md\\\/\",\"name\":\"Pet24\",\"description\":\"\u0417\u043e\u043e\u043c\u0430\u0433\u0430\u0437\u0438\u043d \u0442\u043e\u0432\u0430\u0440\u043e\u0432 \u0434\u043b\u044f \u0434\u043e\u043c\u0430\u0448\u043d\u0438\u0445 \u043f\u0438\u0442\u043e\u043c\u0446\u0435\u0432\",\"publisher\":{\"@id\":\"https:\\\/\\\/pet24.md\\\/#organization\"},\"potentialAction\":[{\"@type\":\"SearchAction\",\"target\":{\"@type\":\"EntryPoint\",\"urlTemplate\":\"https:\\\/\\\/pet24.md\\\/?s={search_term_string}\"},\"query-input\":{\"@type\":\"PropertyValueSpecification\",\"valueRequired\":true,\"valueName\":\"search_term_string\"}}],\"inLanguage\":\"ro-RO\"},{\"@type\":\"Organization\",\"@id\":\"https:\\\/\\\/pet24.md\\\/#organization\",\"name\":\"Pet24\",\"url\":\"https:\\\/\\\/pet24.md\\\/\",\"logo\":{\"@type\":\"ImageObject\",\"inLanguage\":\"ro-RO\",\"@id\":\"https:\\\/\\\/pet24.md\\\/#\\\/schema\\\/logo\\\/image\\\/\",\"url\":\"https:\\\/\\\/pet24.md\\\/wp-content\\\/uploads\\\/2024\\\/09\\\/logo.svg\",\"contentUrl\":\"https:\\\/\\\/pet24.md\\\/wp-content\\\/uploads\\\/2024\\\/09\\\/logo.svg\",\"width\":215,\"height\":66,\"caption\":\"Pet24\"},\"image\":{\"@id\":\"https:\\\/\\\/pet24.md\\\/#\\\/schema\\\/logo\\\/image\\\/\"},\"sameAs\":[\"https:\\\/\\\/www.facebook.com\\\/pet24.md\",\"https:\\\/\\\/www.instagram.com\\\/pet24.md\\\/\"],\"telephone\":\"+37360508880\"}]}<\/script>\n<!-- \/ Yoast SEO Premium plugin. -->","yoast_head_json":{"title":"Guler. Liker. Minge de jucarie pentru caini 9cm","description":"\u041a\u0443\u043f\u0438\u0442\u044c Collar. Liker. \u041c\u044f\u0447\u0438\u043a-\u0438\u0433\u0440\u0443\u0448\u043a\u0430 \u0434\u043b\u044f \u0441\u043e\u0431\u0430\u043a 5\u0441\u043c \u0441 \u0434\u043e\u0441\u0442\u0430\u0432\u043a\u043e\u0439 \u043f\u043e \u041a\u0438\u0448\u0438\u043d\u0435\u0432\u0443 \u0438 \u0432\u0441\u0435\u0439 \u041c\u043e\u043b\u0434\u043e\u0432\u0435 \u043d\u0430 Pet24","robots":{"index":"index","follow":"follow","max-snippet":"max-snippet:-1","max-image-preview":"max-image-preview:large","max-video-preview":"max-video-preview:-1"},"canonical":"https:\/\/pet24.md\/ro\/product\/collar-liker-myachik-igrushka-dlya-sobak-5-sm\/","og_locale":"ro_RO","og_type":"article","og_title":"Collar. Liker. \u041c\u044f\u0447\u0438\u043a-\u0438\u0433\u0440\u0443\u0448\u043a\u0430 \u0434\u043b\u044f \u0441\u043e\u0431\u0430\u043a 5\u0441\u043c","og_description":"\u041a\u0443\u043f\u0438\u0442\u044c Collar. Liker. \u041c\u044f\u0447\u0438\u043a-\u0438\u0433\u0440\u0443\u0448\u043a\u0430 \u0434\u043b\u044f \u0441\u043e\u0431\u0430\u043a 5\u0441\u043c \u0441 \u0434\u043e\u0441\u0442\u0430\u0432\u043a\u043e\u0439 \u043f\u043e \u041a\u0438\u0448\u0438\u043d\u0435\u0432\u0443 \u0438 \u0432\u0441\u0435\u0439 \u041c\u043e\u043b\u0434\u043e\u0432\u0435 \u043d\u0430 Pet24","og_url":"https:\/\/pet24.md\/ro\/product\/collar-liker-myachik-igrushka-dlya-sobak-5-sm\/","og_site_name":"Pet24","article_publisher":"https:\/\/www.facebook.com\/pet24.md","article_modified_time":"2024-09-22T22:12:26+00:00","og_image":[{"width":600,"height":600,"url":"https:\/\/pet24.md\/wp-content\/uploads\/2024\/09\/collar-liker-myachik-igrushka-dlya-sobak-5sm.webp","type":"image\/webp"}],"twitter_card":"summary_large_image","schema":{"@context":"https:\/\/schema.org","@graph":[{"@type":"WebPage","@id":"https:\/\/pet24.md\/ro\/product\/collar-liker-myachik-igrushka-dlya-sobak-5-sm\/","url":"https:\/\/pet24.md\/ro\/product\/collar-liker-myachik-igrushka-dlya-sobak-5-sm\/","name":"Guler. Liker. Minge de jucarie pentru caini 9cm","isPartOf":{"@id":"https:\/\/pet24.md\/#website"},"primaryImageOfPage":{"@id":"https:\/\/pet24.md\/ro\/product\/collar-liker-myachik-igrushka-dlya-sobak-5-sm\/#primaryimage"},"image":{"@id":"https:\/\/pet24.md\/ro\/product\/collar-liker-myachik-igrushka-dlya-sobak-5-sm\/#primaryimage"},"thumbnailUrl":"https:\/\/pet24.md\/wp-content\/uploads\/2024\/09\/collar-liker-myachik-igrushka-dlya-sobak-5sm.webp","datePublished":"2023-10-06T16:15:41+00:00","dateModified":"2024-09-22T22:12:26+00:00","description":"\u041a\u0443\u043f\u0438\u0442\u044c Collar. Liker. \u041c\u044f\u0447\u0438\u043a-\u0438\u0433\u0440\u0443\u0448\u043a\u0430 \u0434\u043b\u044f \u0441\u043e\u0431\u0430\u043a 5\u0441\u043c \u0441 \u0434\u043e\u0441\u0442\u0430\u0432\u043a\u043e\u0439 \u043f\u043e \u041a\u0438\u0448\u0438\u043d\u0435\u0432\u0443 \u0438 \u0432\u0441\u0435\u0439 \u041c\u043e\u043b\u0434\u043e\u0432\u0435 \u043d\u0430 Pet24","breadcrumb":{"@id":"https:\/\/pet24.md\/ro\/product\/collar-liker-myachik-igrushka-dlya-sobak-5-sm\/#breadcrumb"},"inLanguage":"ro-RO","potentialAction":[{"@type":"ReadAction","target":["https:\/\/pet24.md\/ro\/product\/collar-liker-myachik-igrushka-dlya-sobak-5-sm\/"]}]},{"@type":"ImageObject","inLanguage":"ro-RO","@id":"https:\/\/pet24.md\/ro\/product\/collar-liker-myachik-igrushka-dlya-sobak-5-sm\/#primaryimage","url":"https:\/\/pet24.md\/wp-content\/uploads\/2024\/09\/collar-liker-myachik-igrushka-dlya-sobak-5sm.webp","contentUrl":"https:\/\/pet24.md\/wp-content\/uploads\/2024\/09\/collar-liker-myachik-igrushka-dlya-sobak-5sm.webp","width":600,"height":600,"caption":"collar liker myachik igrushka dlya sobak 5sm"},{"@type":"BreadcrumbList","@id":"https:\/\/pet24.md\/ro\/product\/collar-liker-myachik-igrushka-dlya-sobak-5-sm\/#breadcrumb","itemListElement":[{"@type":"ListItem","position":1,"name":"\u0413\u043b\u0430\u0432\u043d\u0430\u044f \u0441\u0442\u0440\u0430\u043d\u0438\u0446\u0430","item":"https:\/\/pet24.md\/"},{"@type":"ListItem","position":2,"name":"\u041c\u0430\u0433\u0430\u0437\u0438\u043d","item":"https:\/\/pet24.md\/shop\/"},{"@type":"ListItem","position":3,"name":"Collar. Liker. \u041c\u044f\u0447\u0438\u043a-\u0438\u0433\u0440\u0443\u0448\u043a\u0430 \u0434\u043b\u044f \u0441\u043e\u0431\u0430\u043a 5\u0441\u043c"}]},{"@type":"WebSite","@id":"https:\/\/pet24.md\/#website","url":"https:\/\/pet24.md\/","name":"Pet24","description":"Magazin de animale de companie","publisher":{"@id":"https:\/\/pet24.md\/#organization"},"potentialAction":[{"@type":"SearchAction","target":{"@type":"EntryPoint","urlTemplate":"https:\/\/pet24.md\/?s={search_term_string}"},"query-input":{"@type":"PropertyValueSpecification","valueRequired":true,"valueName":"search_term_string"}}],"inLanguage":"ro-RO"},{"@type":"Organization","@id":"https:\/\/pet24.md\/#organization","name":"Pet24","url":"https:\/\/pet24.md\/","logo":{"@type":"ImageObject","inLanguage":"ro-RO","@id":"https:\/\/pet24.md\/#\/schema\/logo\/image\/","url":"https:\/\/pet24.md\/wp-content\/uploads\/2024\/09\/logo.svg","contentUrl":"https:\/\/pet24.md\/wp-content\/uploads\/2024\/09\/logo.svg","width":215,"height":66,"caption":"Pet24"},"image":{"@id":"https:\/\/pet24.md\/#\/schema\/logo\/image\/"},"sameAs":["https:\/\/www.facebook.com\/pet24.md","https:\/\/www.instagram.com\/pet24.md\/"],"telephone":"+37360508880"}]}},"_links":{"self":[{"href":"https:\/\/pet24.md\/ro\/wp-json\/wp\/v2\/product\/31501","targetHints":{"allow":["GET"]}}],"collection":[{"href":"https:\/\/pet24.md\/ro\/wp-json\/wp\/v2\/product"}],"about":[{"href":"https:\/\/pet24.md\/ro\/wp-json\/wp\/v2\/types\/product"}],"replies":[{"embeddable":true,"href":"https:\/\/pet24.md\/ro\/wp-json\/wp\/v2\/comments?post=31501"}],"wp:featuredmedia":[{"embeddable":true,"href":"https:\/\/pet24.md\/ro\/wp-json\/wp\/v2\/media\/90142"}],"wp:attachment":[{"href":"https:\/\/pet24.md\/ro\/wp-json\/wp\/v2\/media?parent=31501"}],"wp:term":[{"taxonomy":"product_brand","embeddable":true,"href":"https:\/\/pet24.md\/ro\/wp-json\/wp\/v2\/product_brand?post=31501"},{"taxonomy":"product_cat","embeddable":true,"href":"https:\/\/pet24.md\/ro\/wp-json\/wp\/v2\/product_cat?post=31501"},{"taxonomy":"product_tag","embeddable":true,"href":"https:\/\/pet24.md\/ro\/wp-json\/wp\/v2\/product_tag?post=31501"}],"curies":[{"name":"wp","href":"https:\/\/api.w.org\/{rel}","templated":true}]}}