{"id":33116,"date":"2023-10-17T17:29:10","date_gmt":"2023-10-17T17:29:10","guid":{"rendered":"https:\/\/pet24.md\/?post_type=product&#038;p=33116"},"modified":"2024-09-22T22:12:29","modified_gmt":"2024-09-22T22:12:29","slug":"biocat-vlazhnyj-korm-dlya-koshek-pechen-v-souse-upakovka-24sht-0-100kg","status":"publish","type":"product","link":"https:\/\/pet24.md\/ro\/produs\/biocat-vlazhnyj-korm-dlya-koshek-pechen-v-souse-upakovka-24sht-0-100kg\/","title":{"rendered":"BIOCAT. Hrana umeda pentru pisici. Ficat \u00een sos. Ambalare 24buc* 0.100kg"},"content":{"rendered":"<h4>BIOCAT PLIC FICAT IN SOS \u2013 100 GR<\/h4>\n<p>Rog pisica ta cu hrana umeda BIOCAT delicioasa si completa cu ficat in sos!<\/p>\n<p>Hrana umeda BIOCAT este special conceputa pentru pisicile adulte de toate rasele, oferindu-le o alimentatie echilibrata si sanatoasa.<\/p>\n<h4>Caracteristici cheie:<\/h4>\n<ul>\n<li><strong>Compus<\/strong>: Carne si produse de origine animala (ficat minim 4%), uleiuri si grasimi, cereale, extracte de proteine vegetale, minerale.<\/li>\n<li><strong>Aditivi\/kg<\/strong>:\n<ul>\n<li><strong>Suplimente alimentare<\/strong>: Vitamina D3 203 UI, Vitamina E 13,5 mg, Zinc 19 mg, Mangan 10,7 mg, Iod 1,17 mg, Vitamina B1 0,90 mg, Glicina 2,90 g.<\/li>\n<li><strong>Aditivi tehnologici<\/strong>: Gum\u0103 tara 1,10 g.<\/li>\n<li><strong>Aditivi organoleptici<\/strong>: Coloran\u021bi, arom\u0103 de pui.<\/li>\n<\/ul>\n<\/li>\n<li><strong>Compozi\u021bia analitic\u0103<\/strong>: Protein\u0103 brut\u0103 8%, umiditate 81%, uleiuri \u0219i gr\u0103simi brute 4,50%, fibre brute 0,30%, cenu\u0219\u0103 brut\u0103 3%, taurin\u0103 200 mg\/kg.<\/li>\n<\/ul>\n<h4>Instructiuni de utilizare:<\/h4>\n<ul>\n<li><strong>Depozitare<\/strong>: A se pastra la loc racoros si uscat la temperaturi intre 6 si 30\u00b0C. Nu expune\u021bi c\u0103ldurii solare.<\/li>\n<li><strong>Hr\u0103nire<\/strong>: Utilizare in functie de perioada anului, starea si activitatea pisicii. Pisica ta ar trebui s\u0103 aib\u0103 \u00eentotdeauna acces la ap\u0103 proasp\u0103t\u0103. Produsul este gata de consumat \u0219i nu necesit\u0103 \u00eenc\u0103lzire. Hr\u0103ni\u021bi la temperatura camerei. Dup\u0103 deschiderea ambalajului, produsul poate fi p\u0103strat la frigider timp de 2 zile.<\/li>\n<li><strong>Recomand\u0103ri de hr\u0103nire<\/strong>:\n<ul>\n<li>Pisici cu greutatea de 2 kg: 1,5 saci\/zi<\/li>\n<li>Pisici cu greutatea de 4 kg: 3 pachete\/zi<\/li>\n<li>Pisici cu greutatea de 6 kg: 4,5 saci\/zi<\/li>\n<\/ul>\n<\/li>\n<\/ul>\n<p>Greutate neta: 100 g.<\/p>","protected":false},"excerpt":{"rendered":"<p>BIOCAT PLIC \u041f\u0415\u0427\u0415\u041d\u042c \u0412 \u0421\u041e\u0423\u0421\u0415 &#8212; 100 \u0413\u0420 \u041f\u043e\u0440\u0430\u0434\u0443\u0439\u0442\u0435 \u0441\u0432\u043e\u044e \u043a\u043e\u0448\u043a\u0443 \u0432\u043a\u0443\u0441\u043d\u044b\u043c \u0438 \u043f\u043e\u043b\u043d\u043e\u0446\u0435\u043d\u043d\u044b\u043c \u0432\u043b\u0430\u0436\u043d\u044b\u043c \u043a\u043e\u0440\u043c\u043e\u043c BIOCAT \u0441 \u043f\u0435\u0447\u0435\u043d\u044c\u044e \u0432 \u0441\u043e\u0443\u0441\u0435! \u0412\u043b\u0430\u0436\u043d\u044b\u0439&hellip;<\/p>","protected":false},"featured_media":90147,"comment_status":"closed","ping_status":"closed","template":"","meta":[],"product_brand":[],"product_cat":[310,309,193],"product_tag":[475,296,476,400],"class_list":{"0":"post-33116","1":"product","2":"type-product","3":"status-publish","4":"has-post-thumbnail","6":"product_cat-catwet","7":"product_cat-catfood","8":"product_cat-cat","9":"product_tag-biocat","10":"product_tag-vlazhnyj-korm","11":"product_tag-dlya-koshek","12":"product_tag-pechen","13":"pa_age-pet-vzroslyj","14":"pa_brand-biocat","15":"pa_feed-class-econom","16":"pa_meat-ingredients-pechen","17":"pa_packaging-upakovka","18":"pa_pet-koshka","19":"pa_pet-feature-zdorovyj-pitomecz","20":"pa_type-feed-vlazhnyj-korm","22":"first","23":"instock","24":"product-type-simple"},"yoast_head":"<!-- This site is optimized with the Yoast SEO Premium plugin v23.7 (Yoast SEO v27.5) - https:\/\/yoast.com\/product\/yoast-seo-premium-wordpress\/ -->\n<title>BIOCAT. \u0412\u043b\u0430\u0436\u043d\u044b\u0439 \u043a\u043e\u0440\u043c \u0434\u043b\u044f \u043a\u043e\u0448\u0435\u043a. \u041f\u0435\u0447\u0435\u043d\u044c \u0432 \u0441\u043e\u0443\u0441\u0435. \u0423\u043f\u0430\u043a\u043e\u0432\u043a\u0430 24\u0448\u0442.* 0.100\u043a\u0433<\/title>\n<meta name=\"description\" content=\"\u041a\u0443\u043f\u0438\u0442\u044c BIOCAT. \u0412\u043b\u0430\u0436\u043d\u044b\u0439 \u043a\u043e\u0440\u043c \u0434\u043b\u044f \u043a\u043e\u0448\u0435\u043a. \u041f\u0435\u0447\u0435\u043d\u044c \u0432 \u0441\u043e\u0443\u0441\u0435. \u0423\u043f\u0430\u043a\u043e\u0432\u043a\u0430 24\u0448\u0442.* 0.100\u043a\u0433 \u0441 \u0434\u043e\u0441\u0442\u0430\u0432\u043a\u043e\u0439 \u043f\u043e \u041a\u0438\u0448\u0438\u043d\u0435\u0432\u0443 \u0438 \u0432\u0441\u0435\u0439 \u041c\u043e\u043b\u0434\u043e\u0432\u0435 \u043d\u0430 Pet24\" \/>\n<meta name=\"robots\" content=\"index, follow, max-snippet:-1, max-image-preview:large, max-video-preview:-1\" \/>\n<link rel=\"canonical\" href=\"https:\/\/pet24.md\/ro\/produs\/biocat-vlazhnyj-korm-dlya-koshek-pechen-v-souse-upakovka-24sht-0-100kg\/\" \/>\n<meta property=\"og:locale\" content=\"ro_RO\" \/>\n<meta property=\"og:type\" content=\"article\" \/>\n<meta property=\"og:title\" content=\"BIOCAT. \u0412\u043b\u0430\u0436\u043d\u044b\u0439 \u043a\u043e\u0440\u043c \u0434\u043b\u044f \u043a\u043e\u0448\u0435\u043a. \u041f\u0435\u0447\u0435\u043d\u044c \u0432 \u0441\u043e\u0443\u0441\u0435. \u0423\u043f\u0430\u043a\u043e\u0432\u043a\u0430 24\u0448\u0442.* 0.100\u043a\u0433\" \/>\n<meta property=\"og:description\" content=\"\u041a\u0443\u043f\u0438\u0442\u044c BIOCAT. \u0412\u043b\u0430\u0436\u043d\u044b\u0439 \u043a\u043e\u0440\u043c \u0434\u043b\u044f \u043a\u043e\u0448\u0435\u043a. \u041f\u0435\u0447\u0435\u043d\u044c \u0432 \u0441\u043e\u0443\u0441\u0435. \u0423\u043f\u0430\u043a\u043e\u0432\u043a\u0430 24\u0448\u0442.* 0.100\u043a\u0433 \u0441 \u0434\u043e\u0441\u0442\u0430\u0432\u043a\u043e\u0439 \u043f\u043e \u041a\u0438\u0448\u0438\u043d\u0435\u0432\u0443 \u0438 \u0432\u0441\u0435\u0439 \u041c\u043e\u043b\u0434\u043e\u0432\u0435 \u043d\u0430 Pet24\" \/>\n<meta property=\"og:url\" content=\"https:\/\/pet24.md\/ro\/produs\/biocat-vlazhnyj-korm-dlya-koshek-pechen-v-souse-upakovka-24sht-0-100kg\/\" \/>\n<meta property=\"og:site_name\" content=\"Pet24\" \/>\n<meta property=\"article:publisher\" content=\"https:\/\/www.facebook.com\/pet24.md\" \/>\n<meta property=\"article:modified_time\" content=\"2024-09-22T22:12:29+00:00\" \/>\n<meta property=\"og:image\" content=\"https:\/\/pet24.md\/wp-content\/uploads\/2024\/09\/biocat-vlazhnyj-korm-dlya-koshek-pechen-v-souse-upakovka-24sht-0100kg.webp\" \/>\n\t<meta property=\"og:image:width\" content=\"600\" \/>\n\t<meta property=\"og:image:height\" content=\"600\" \/>\n\t<meta property=\"og:image:type\" content=\"image\/webp\" \/>\n<meta name=\"twitter:card\" content=\"summary_large_image\" \/>\n<script type=\"application\/ld+json\" class=\"yoast-schema-graph\">{\"@context\":\"https:\\\/\\\/schema.org\",\"@graph\":[{\"@type\":\"WebPage\",\"@id\":\"https:\\\/\\\/pet24.md\\\/product\\\/biocat-vlazhnyj-korm-dlya-koshek-pechen-v-souse-upakovka-24sht-0-100kg\\\/\",\"url\":\"https:\\\/\\\/pet24.md\\\/product\\\/biocat-vlazhnyj-korm-dlya-koshek-pechen-v-souse-upakovka-24sht-0-100kg\\\/\",\"name\":\"BIOCAT. \u0412\u043b\u0430\u0436\u043d\u044b\u0439 \u043a\u043e\u0440\u043c \u0434\u043b\u044f \u043a\u043e\u0448\u0435\u043a. \u041f\u0435\u0447\u0435\u043d\u044c \u0432 \u0441\u043e\u0443\u0441\u0435. \u0423\u043f\u0430\u043a\u043e\u0432\u043a\u0430 24\u0448\u0442.* 0.100\u043a\u0433\",\"isPartOf\":{\"@id\":\"https:\\\/\\\/pet24.md\\\/#website\"},\"primaryImageOfPage\":{\"@id\":\"https:\\\/\\\/pet24.md\\\/product\\\/biocat-vlazhnyj-korm-dlya-koshek-pechen-v-souse-upakovka-24sht-0-100kg\\\/#primaryimage\"},\"image\":{\"@id\":\"https:\\\/\\\/pet24.md\\\/product\\\/biocat-vlazhnyj-korm-dlya-koshek-pechen-v-souse-upakovka-24sht-0-100kg\\\/#primaryimage\"},\"thumbnailUrl\":\"https:\\\/\\\/pet24.md\\\/wp-content\\\/uploads\\\/2024\\\/09\\\/biocat-vlazhnyj-korm-dlya-koshek-pechen-v-souse-upakovka-24sht-0100kg.webp\",\"datePublished\":\"2023-10-17T17:29:10+00:00\",\"dateModified\":\"2024-09-22T22:12:29+00:00\",\"description\":\"\u041a\u0443\u043f\u0438\u0442\u044c BIOCAT. \u0412\u043b\u0430\u0436\u043d\u044b\u0439 \u043a\u043e\u0440\u043c \u0434\u043b\u044f \u043a\u043e\u0448\u0435\u043a. \u041f\u0435\u0447\u0435\u043d\u044c \u0432 \u0441\u043e\u0443\u0441\u0435. \u0423\u043f\u0430\u043a\u043e\u0432\u043a\u0430 24\u0448\u0442.* 0.100\u043a\u0433 \u0441 \u0434\u043e\u0441\u0442\u0430\u0432\u043a\u043e\u0439 \u043f\u043e \u041a\u0438\u0448\u0438\u043d\u0435\u0432\u0443 \u0438 \u0432\u0441\u0435\u0439 \u041c\u043e\u043b\u0434\u043e\u0432\u0435 \u043d\u0430 Pet24\",\"breadcrumb\":{\"@id\":\"https:\\\/\\\/pet24.md\\\/product\\\/biocat-vlazhnyj-korm-dlya-koshek-pechen-v-souse-upakovka-24sht-0-100kg\\\/#breadcrumb\"},\"inLanguage\":\"ro-RO\",\"potentialAction\":[{\"@type\":\"ReadAction\",\"target\":[\"https:\\\/\\\/pet24.md\\\/product\\\/biocat-vlazhnyj-korm-dlya-koshek-pechen-v-souse-upakovka-24sht-0-100kg\\\/\"]}]},{\"@type\":\"ImageObject\",\"inLanguage\":\"ro-RO\",\"@id\":\"https:\\\/\\\/pet24.md\\\/product\\\/biocat-vlazhnyj-korm-dlya-koshek-pechen-v-souse-upakovka-24sht-0-100kg\\\/#primaryimage\",\"url\":\"https:\\\/\\\/pet24.md\\\/wp-content\\\/uploads\\\/2024\\\/09\\\/biocat-vlazhnyj-korm-dlya-koshek-pechen-v-souse-upakovka-24sht-0100kg.webp\",\"contentUrl\":\"https:\\\/\\\/pet24.md\\\/wp-content\\\/uploads\\\/2024\\\/09\\\/biocat-vlazhnyj-korm-dlya-koshek-pechen-v-souse-upakovka-24sht-0100kg.webp\",\"width\":600,\"height\":600,\"caption\":\"biocat vlazhnyj korm dlya koshek pechen v souse upakovka 24sht 0100kg\"},{\"@type\":\"BreadcrumbList\",\"@id\":\"https:\\\/\\\/pet24.md\\\/product\\\/biocat-vlazhnyj-korm-dlya-koshek-pechen-v-souse-upakovka-24sht-0-100kg\\\/#breadcrumb\",\"itemListElement\":[{\"@type\":\"ListItem\",\"position\":1,\"name\":\"\u0413\u043b\u0430\u0432\u043d\u0430\u044f \u0441\u0442\u0440\u0430\u043d\u0438\u0446\u0430\",\"item\":\"https:\\\/\\\/pet24.md\\\/\"},{\"@type\":\"ListItem\",\"position\":2,\"name\":\"\u041c\u0430\u0433\u0430\u0437\u0438\u043d\",\"item\":\"https:\\\/\\\/pet24.md\\\/shop\\\/\"},{\"@type\":\"ListItem\",\"position\":3,\"name\":\"BIOCAT. \u0412\u043b\u0430\u0436\u043d\u044b\u0439 \u043a\u043e\u0440\u043c \u0434\u043b\u044f \u043a\u043e\u0448\u0435\u043a. \u041f\u0435\u0447\u0435\u043d\u044c \u0432 \u0441\u043e\u0443\u0441\u0435. \u0423\u043f\u0430\u043a\u043e\u0432\u043a\u0430 24\u0448\u0442.* 0.100\u043a\u0433\"}]},{\"@type\":\"WebSite\",\"@id\":\"https:\\\/\\\/pet24.md\\\/#website\",\"url\":\"https:\\\/\\\/pet24.md\\\/\",\"name\":\"Pet24\",\"description\":\"\u0417\u043e\u043e\u043c\u0430\u0433\u0430\u0437\u0438\u043d \u0442\u043e\u0432\u0430\u0440\u043e\u0432 \u0434\u043b\u044f \u0434\u043e\u043c\u0430\u0448\u043d\u0438\u0445 \u043f\u0438\u0442\u043e\u043c\u0446\u0435\u0432\",\"publisher\":{\"@id\":\"https:\\\/\\\/pet24.md\\\/#organization\"},\"potentialAction\":[{\"@type\":\"SearchAction\",\"target\":{\"@type\":\"EntryPoint\",\"urlTemplate\":\"https:\\\/\\\/pet24.md\\\/?s={search_term_string}\"},\"query-input\":{\"@type\":\"PropertyValueSpecification\",\"valueRequired\":true,\"valueName\":\"search_term_string\"}}],\"inLanguage\":\"ro-RO\"},{\"@type\":\"Organization\",\"@id\":\"https:\\\/\\\/pet24.md\\\/#organization\",\"name\":\"Pet24\",\"url\":\"https:\\\/\\\/pet24.md\\\/\",\"logo\":{\"@type\":\"ImageObject\",\"inLanguage\":\"ro-RO\",\"@id\":\"https:\\\/\\\/pet24.md\\\/#\\\/schema\\\/logo\\\/image\\\/\",\"url\":\"https:\\\/\\\/pet24.md\\\/wp-content\\\/uploads\\\/2024\\\/09\\\/logo.svg\",\"contentUrl\":\"https:\\\/\\\/pet24.md\\\/wp-content\\\/uploads\\\/2024\\\/09\\\/logo.svg\",\"width\":215,\"height\":66,\"caption\":\"Pet24\"},\"image\":{\"@id\":\"https:\\\/\\\/pet24.md\\\/#\\\/schema\\\/logo\\\/image\\\/\"},\"sameAs\":[\"https:\\\/\\\/www.facebook.com\\\/pet24.md\",\"https:\\\/\\\/www.instagram.com\\\/pet24.md\\\/\"],\"telephone\":\"+37360508880\"}]}<\/script>\n<!-- \/ Yoast SEO Premium plugin. -->","yoast_head_json":{"title":"BIOCAT. Hrana umeda pentru pisici. Ficat \u00een sos. Ambalare 24buc* 0.100kg","description":"\u041a\u0443\u043f\u0438\u0442\u044c BIOCAT. \u0412\u043b\u0430\u0436\u043d\u044b\u0439 \u043a\u043e\u0440\u043c \u0434\u043b\u044f \u043a\u043e\u0448\u0435\u043a. \u041f\u0435\u0447\u0435\u043d\u044c \u0432 \u0441\u043e\u0443\u0441\u0435. \u0423\u043f\u0430\u043a\u043e\u0432\u043a\u0430 24\u0448\u0442.* 0.100\u043a\u0433 \u0441 \u0434\u043e\u0441\u0442\u0430\u0432\u043a\u043e\u0439 \u043f\u043e \u041a\u0438\u0448\u0438\u043d\u0435\u0432\u0443 \u0438 \u0432\u0441\u0435\u0439 \u041c\u043e\u043b\u0434\u043e\u0432\u0435 \u043d\u0430 Pet24","robots":{"index":"index","follow":"follow","max-snippet":"max-snippet:-1","max-image-preview":"max-image-preview:large","max-video-preview":"max-video-preview:-1"},"canonical":"https:\/\/pet24.md\/ro\/produs\/biocat-vlazhnyj-korm-dlya-koshek-pechen-v-souse-upakovka-24sht-0-100kg\/","og_locale":"ro_RO","og_type":"article","og_title":"BIOCAT. \u0412\u043b\u0430\u0436\u043d\u044b\u0439 \u043a\u043e\u0440\u043c \u0434\u043b\u044f \u043a\u043e\u0448\u0435\u043a. \u041f\u0435\u0447\u0435\u043d\u044c \u0432 \u0441\u043e\u0443\u0441\u0435. \u0423\u043f\u0430\u043a\u043e\u0432\u043a\u0430 24\u0448\u0442.* 0.100\u043a\u0433","og_description":"\u041a\u0443\u043f\u0438\u0442\u044c BIOCAT. \u0412\u043b\u0430\u0436\u043d\u044b\u0439 \u043a\u043e\u0440\u043c \u0434\u043b\u044f \u043a\u043e\u0448\u0435\u043a. \u041f\u0435\u0447\u0435\u043d\u044c \u0432 \u0441\u043e\u0443\u0441\u0435. \u0423\u043f\u0430\u043a\u043e\u0432\u043a\u0430 24\u0448\u0442.* 0.100\u043a\u0433 \u0441 \u0434\u043e\u0441\u0442\u0430\u0432\u043a\u043e\u0439 \u043f\u043e \u041a\u0438\u0448\u0438\u043d\u0435\u0432\u0443 \u0438 \u0432\u0441\u0435\u0439 \u041c\u043e\u043b\u0434\u043e\u0432\u0435 \u043d\u0430 Pet24","og_url":"https:\/\/pet24.md\/ro\/produs\/biocat-vlazhnyj-korm-dlya-koshek-pechen-v-souse-upakovka-24sht-0-100kg\/","og_site_name":"Pet24","article_publisher":"https:\/\/www.facebook.com\/pet24.md","article_modified_time":"2024-09-22T22:12:29+00:00","og_image":[{"width":600,"height":600,"url":"https:\/\/pet24.md\/wp-content\/uploads\/2024\/09\/biocat-vlazhnyj-korm-dlya-koshek-pechen-v-souse-upakovka-24sht-0100kg.webp","type":"image\/webp"}],"twitter_card":"summary_large_image","schema":{"@context":"https:\/\/schema.org","@graph":[{"@type":"WebPage","@id":"https:\/\/pet24.md\/product\/biocat-vlazhnyj-korm-dlya-koshek-pechen-v-souse-upakovka-24sht-0-100kg\/","url":"https:\/\/pet24.md\/product\/biocat-vlazhnyj-korm-dlya-koshek-pechen-v-souse-upakovka-24sht-0-100kg\/","name":"BIOCAT. Hrana umeda pentru pisici. Ficat \u00een sos. Ambalare 24buc* 0.100kg","isPartOf":{"@id":"https:\/\/pet24.md\/#website"},"primaryImageOfPage":{"@id":"https:\/\/pet24.md\/product\/biocat-vlazhnyj-korm-dlya-koshek-pechen-v-souse-upakovka-24sht-0-100kg\/#primaryimage"},"image":{"@id":"https:\/\/pet24.md\/product\/biocat-vlazhnyj-korm-dlya-koshek-pechen-v-souse-upakovka-24sht-0-100kg\/#primaryimage"},"thumbnailUrl":"https:\/\/pet24.md\/wp-content\/uploads\/2024\/09\/biocat-vlazhnyj-korm-dlya-koshek-pechen-v-souse-upakovka-24sht-0100kg.webp","datePublished":"2023-10-17T17:29:10+00:00","dateModified":"2024-09-22T22:12:29+00:00","description":"\u041a\u0443\u043f\u0438\u0442\u044c BIOCAT. \u0412\u043b\u0430\u0436\u043d\u044b\u0439 \u043a\u043e\u0440\u043c \u0434\u043b\u044f \u043a\u043e\u0448\u0435\u043a. \u041f\u0435\u0447\u0435\u043d\u044c \u0432 \u0441\u043e\u0443\u0441\u0435. \u0423\u043f\u0430\u043a\u043e\u0432\u043a\u0430 24\u0448\u0442.* 0.100\u043a\u0433 \u0441 \u0434\u043e\u0441\u0442\u0430\u0432\u043a\u043e\u0439 \u043f\u043e \u041a\u0438\u0448\u0438\u043d\u0435\u0432\u0443 \u0438 \u0432\u0441\u0435\u0439 \u041c\u043e\u043b\u0434\u043e\u0432\u0435 \u043d\u0430 Pet24","breadcrumb":{"@id":"https:\/\/pet24.md\/product\/biocat-vlazhnyj-korm-dlya-koshek-pechen-v-souse-upakovka-24sht-0-100kg\/#breadcrumb"},"inLanguage":"ro-RO","potentialAction":[{"@type":"ReadAction","target":["https:\/\/pet24.md\/product\/biocat-vlazhnyj-korm-dlya-koshek-pechen-v-souse-upakovka-24sht-0-100kg\/"]}]},{"@type":"ImageObject","inLanguage":"ro-RO","@id":"https:\/\/pet24.md\/product\/biocat-vlazhnyj-korm-dlya-koshek-pechen-v-souse-upakovka-24sht-0-100kg\/#primaryimage","url":"https:\/\/pet24.md\/wp-content\/uploads\/2024\/09\/biocat-vlazhnyj-korm-dlya-koshek-pechen-v-souse-upakovka-24sht-0100kg.webp","contentUrl":"https:\/\/pet24.md\/wp-content\/uploads\/2024\/09\/biocat-vlazhnyj-korm-dlya-koshek-pechen-v-souse-upakovka-24sht-0100kg.webp","width":600,"height":600,"caption":"biocat vlazhnyj korm dlya koshek pechen v souse upakovka 24sht 0100kg"},{"@type":"BreadcrumbList","@id":"https:\/\/pet24.md\/product\/biocat-vlazhnyj-korm-dlya-koshek-pechen-v-souse-upakovka-24sht-0-100kg\/#breadcrumb","itemListElement":[{"@type":"ListItem","position":1,"name":"\u0413\u043b\u0430\u0432\u043d\u0430\u044f \u0441\u0442\u0440\u0430\u043d\u0438\u0446\u0430","item":"https:\/\/pet24.md\/"},{"@type":"ListItem","position":2,"name":"\u041c\u0430\u0433\u0430\u0437\u0438\u043d","item":"https:\/\/pet24.md\/shop\/"},{"@type":"ListItem","position":3,"name":"BIOCAT. \u0412\u043b\u0430\u0436\u043d\u044b\u0439 \u043a\u043e\u0440\u043c \u0434\u043b\u044f \u043a\u043e\u0448\u0435\u043a. \u041f\u0435\u0447\u0435\u043d\u044c \u0432 \u0441\u043e\u0443\u0441\u0435. \u0423\u043f\u0430\u043a\u043e\u0432\u043a\u0430 24\u0448\u0442.* 0.100\u043a\u0433"}]},{"@type":"WebSite","@id":"https:\/\/pet24.md\/#website","url":"https:\/\/pet24.md\/","name":"Pet24","description":"Magazin de animale de companie","publisher":{"@id":"https:\/\/pet24.md\/#organization"},"potentialAction":[{"@type":"SearchAction","target":{"@type":"EntryPoint","urlTemplate":"https:\/\/pet24.md\/?s={search_term_string}"},"query-input":{"@type":"PropertyValueSpecification","valueRequired":true,"valueName":"search_term_string"}}],"inLanguage":"ro-RO"},{"@type":"Organization","@id":"https:\/\/pet24.md\/#organization","name":"Pet24","url":"https:\/\/pet24.md\/","logo":{"@type":"ImageObject","inLanguage":"ro-RO","@id":"https:\/\/pet24.md\/#\/schema\/logo\/image\/","url":"https:\/\/pet24.md\/wp-content\/uploads\/2024\/09\/logo.svg","contentUrl":"https:\/\/pet24.md\/wp-content\/uploads\/2024\/09\/logo.svg","width":215,"height":66,"caption":"Pet24"},"image":{"@id":"https:\/\/pet24.md\/#\/schema\/logo\/image\/"},"sameAs":["https:\/\/www.facebook.com\/pet24.md","https:\/\/www.instagram.com\/pet24.md\/"],"telephone":"+37360508880"}]}},"_links":{"self":[{"href":"https:\/\/pet24.md\/ro\/wp-json\/wp\/v2\/product\/33116","targetHints":{"allow":["GET"]}}],"collection":[{"href":"https:\/\/pet24.md\/ro\/wp-json\/wp\/v2\/product"}],"about":[{"href":"https:\/\/pet24.md\/ro\/wp-json\/wp\/v2\/types\/product"}],"replies":[{"embeddable":true,"href":"https:\/\/pet24.md\/ro\/wp-json\/wp\/v2\/comments?post=33116"}],"wp:featuredmedia":[{"embeddable":true,"href":"https:\/\/pet24.md\/ro\/wp-json\/wp\/v2\/media\/90147"}],"wp:attachment":[{"href":"https:\/\/pet24.md\/ro\/wp-json\/wp\/v2\/media?parent=33116"}],"wp:term":[{"taxonomy":"product_brand","embeddable":true,"href":"https:\/\/pet24.md\/ro\/wp-json\/wp\/v2\/product_brand?post=33116"},{"taxonomy":"product_cat","embeddable":true,"href":"https:\/\/pet24.md\/ro\/wp-json\/wp\/v2\/product_cat?post=33116"},{"taxonomy":"product_tag","embeddable":true,"href":"https:\/\/pet24.md\/ro\/wp-json\/wp\/v2\/product_tag?post=33116"}],"curies":[{"name":"wp","href":"https:\/\/api.w.org\/{rel}","templated":true}]}}