{"id":33223,"date":"2023-10-26T14:55:00","date_gmt":"2023-10-26T14:55:00","guid":{"rendered":"https:\/\/pet24.md\/?post_type=product&#038;p=33223"},"modified":"2024-09-22T22:12:40","modified_gmt":"2024-09-22T22:12:40","slug":"optimeal-bezzernovoj-suhoj-korm-dlya-vzroslyh-sobak-vseh-porod-indejka-ovoshhi-0650kg","status":"publish","type":"product","link":"https:\/\/pet24.md\/ro\/produs\/optimeal-bezzernovoj-suhoj-korm-dlya-vzroslyh-sobak-vseh-porod-indejka-ovoshhi-0650kg\/","title":{"rendered":"OPTIMEAL. Hrana uscata fara cereale pentru caini adulti de toate rasele \u2013 curcan\/legume 0,650 kg"},"content":{"rendered":"<div class=\"product-about__description-content text\">\n<h1 data-sourcepos=\"58:1-58:139\"><strong>Optimeal f\u0103r\u0103 cereale pentru c\u00e2ini adul\u021bi cu curcan \u0219i legume: hran\u0103 optim\u0103 pentru s\u0103n\u0103tatea \u0219i vitalitatea prietenului t\u0103u cu patru picioare!<\/strong><\/h1>\n<p data-sourcepos=\"60:1-60:61\"><strong>Optimeal Grain Free Adult Dog Turkey &amp; Vegetable este o hran\u0103 super premium special formulat\u0103 pentru a oferi o nutri\u021bie complet\u0103 \u0219i echilibrat\u0103 c\u00e2inelui t\u0103u adult. Aceast\u0103 formul\u0103 f\u0103r\u0103 cereale combin\u0103 ingrediente de \u00eenalt\u0103 calitate, cum ar fi curcanul, legumele, fructele de p\u0103dure \u0219i prebioticele pentru a sus\u021bine s\u0103n\u0103tatea \u0219i bun\u0103starea general\u0103 a animalului dvs. de companie.<\/strong><\/p>\n<p data-sourcepos=\"62:1-62:26\"><strong>Beneficii cheie:<\/strong><\/p>\n<ul data-sourcepos=\"64:1-65:38\">\n<li data-sourcepos=\"64:1-64:149\"><strong>Sistem imunitar puternic:<\/strong> Un amestec unic de ierburi, fructe de p\u0103dure \u0219i prebiotice \u00eent\u0103re\u0219te sistemul imunitar al c\u00e2inelui t\u0103u, protej\u00e2ndu-l de boli \u0219i infec\u021bii.<\/li>\n<li data-sourcepos=\"65:1-65:38\"><strong>Digestie sanatoasa:<\/strong> Absen\u021ba cerealelor \u0219i a glutenului, combinat\u0103 cu prezen\u021ba legumelor \u0219i a prebioticelor, faciliteaz\u0103 digestia \u0219i promoveaz\u0103 flora intestinal\u0103 s\u0103n\u0103toas\u0103.<\/li>\n<li data-sourcepos=\"66:1-66:187\"><strong>Controlul greut\u0103\u021bii:<\/strong> Con\u021binutul ridicat de proteine \u0219i fibre, precum \u0219i carbohidra\u021bii cu indice glicemic sc\u0103zut din legume, ajut\u0103 la men\u021binerea greut\u0103\u021bii corporale optime \u0219i la prevenirea obezit\u0103\u021bii.<\/li>\n<li data-sourcepos=\"67:1-67:166\"><strong>Piele \u0219i blan\u0103 s\u0103n\u0103toase:<\/strong> Acizii gra\u0219i Omega-3 \u0219i Omega-6, zincul \u0219i biotina ajut\u0103 la men\u021binerea s\u0103n\u0103t\u0103\u021bii pielii \u0219i a blanii, oferindu-i un aspect str\u0103lucitor \u0219i m\u0103t\u0103sos.<\/li>\n<li data-sourcepos=\"68:1-69:0\"><strong>Antioxidan\u021bi naturali:<\/strong> SubStar ULTRA, un antioxidant natural pe baza de rozmarin, protejeaza celulele de stresul oxidativ si previne imbatranirea prematura.<\/li>\n<\/ul>\n<p data-sourcepos=\"70:1-70:16\"><strong>Ingrediente:<\/strong><\/p>\n<ul data-sourcepos=\"72:1-79:21\">\n<li data-sourcepos=\"72:1-72:45\">Carne deshidratat\u0103 de curcan (nu mai pu\u021bin de 39%)<\/li>\n<li data-sourcepos=\"73:1-73:22\">Amidon de cartofi<\/li>\n<li data-sourcepos=\"74:1-74:27\">Carne proasp\u0103t\u0103 de curcan (12%)<\/li>\n<li data-sourcepos=\"75:1-75:12\">Gr\u0103sime de pas\u0103re<\/li>\n<li data-sourcepos=\"76:1-76:27\">Cartofi deshidratati<\/li>\n<li data-sourcepos=\"77:1-77:9\">Tapioca<\/li>\n<li data-sourcepos=\"78:1-78:32\">Proteine animale hidrolizate<\/li>\n<li data-sourcepos=\"79:1-79:21\">Maz\u0103re verde (4.11%)<\/li>\n<li data-sourcepos=\"80:1-80:14\">Ulei de somon<\/li>\n<li data-sourcepos=\"81:1-81:24\">Pulpa de sfecl\u0103 de zah\u0103r<\/li>\n<li data-sourcepos=\"82:1-82:24\">Fibre vegetale<\/li>\n<li data-sourcepos=\"83:1-83:10\">Minerale<\/li>\n<li data-sourcepos=\"84:1-84:12\">Dovleac (1%)<\/li>\n<li data-sourcepos=\"85:1-85:17\">Morcov (0,79%)<\/li>\n<li data-sourcepos=\"86:1-86:22\">Seminte de in (0,79%)<\/li>\n<li data-sourcepos=\"87:1-87:15\">Drojdie de bere<\/li>\n<li data-sourcepos=\"88:1-88:15\">Merisor (0,2%)<\/li>\n<li data-sourcepos=\"89:1-89:16\">Ulei de c\u0103tin\u0103<\/li>\n<li data-sourcepos=\"90:1-90:34\">MacroGard\u00ae (surs\u0103 de \u03b2-glucani)<\/li>\n<li data-sourcepos=\"91:1-91:55\">Actigen\u2122 (surs\u0103 prebiotic\u0103 de manan oligozaharide) (0,04%)<\/li>\n<li data-sourcepos=\"92:1-92:17\">Extract de galbenele (sursa de luteina)<\/li>\n<li data-sourcepos=\"93:1-93:15\">R\u0103d\u0103cin\u0103 de brusture<\/li>\n<li data-sourcepos=\"94:1-94:14\">R\u0103d\u0103cin\u0103 de marshmallow<\/li>\n<li data-sourcepos=\"95:1-95:15\">Flori de mu\u0219e\u021bel<\/li>\n<li data-sourcepos=\"96:1-96:9\">Urzica<\/li>\n<li data-sourcepos=\"97:1-97:15\">Extract de Yucca<\/li>\n<li data-sourcepos=\"98:1-99:0\">Cimbru (0,015%)<\/li>\n<\/ul>\n<p data-sourcepos=\"100:1-100:21\"><strong>Valoare nutritiva:<\/strong><\/p>\n<ul data-sourcepos=\"102:1-106:51\">\n<li data-sourcepos=\"102:1-102:20\">Protein\u0103 brut\u0103: 32%<\/li>\n<li data-sourcepos=\"103:1-103:25\">Uleiuri \u0219i gr\u0103simi brute: 16%<\/li>\n<li data-sourcepos=\"104:1-104:18\">Cenu\u0219\u0103 brut\u0103: 5,9%<\/li>\n<li data-sourcepos=\"105:1-105:23\">Fibr\u0103 brut\u0103: 2,6%<\/li>\n<li data-sourcepos=\"106:1-106:51\">Acizi gra\u0219i Omega-3: 6,4 g\/kg (inclusiv EPA\/DHA: 3,8 g\/kg)<\/li>\n<li data-sourcepos=\"107:1-108:0\">Acizi gra\u0219i Omega-6: 27,6 g\/kg<\/li>\n<\/ul>\n<p data-sourcepos=\"109:1-109:133\"><strong>Optimeal f\u0103r\u0103 cereale pentru c\u00e2ini adul\u021bi cu curcan \u0219i legume:<\/strong> O alegere excelent\u0103 pentru o via\u021b\u0103 lung\u0103, s\u0103n\u0103toas\u0103 \u0219i energic\u0103 pentru c\u00e2inele t\u0103u!<\/p>\n<\/div>","protected":false},"excerpt":{"rendered":"<p>Optimeal Grain Free \u0434\u043b\u044f \u0432\u0437\u0440\u043e\u0441\u043b\u044b\u0445 \u0441\u043e\u0431\u0430\u043a \u0441 \u0438\u043d\u0434\u0435\u0439\u043a\u043e\u0439 \u0438 \u043e\u0432\u043e\u0449\u0430\u043c\u0438: \u041e\u043f\u0442\u0438\u043c\u0430\u043b\u044c\u043d\u044b\u0439 \u043a\u043e\u0440\u043c \u0434\u043b\u044f \u0437\u0434\u043e\u0440\u043e\u0432\u044c\u044f \u0438 \u0436\u0438\u0437\u043d\u0435\u043d\u043d\u043e\u0439 \u0441\u0438\u043b\u044b \u0432\u0430\u0448\u0435\u0433\u043e \u0447\u0435\u0442\u0432\u0435\u0440\u043e\u043d\u043e\u0433\u043e\u0433\u043e \u0434\u0440\u0443\u0433\u0430! Optimeal Grain&hellip;<\/p>","protected":false},"featured_media":90180,"comment_status":"closed","ping_status":"closed","template":"","meta":[],"product_brand":[],"product_cat":[136,293,337],"product_tag":[321,493,480,325],"class_list":{"0":"post-33223","1":"product","2":"type-product","3":"status-publish","4":"has-post-thumbnail","6":"product_cat-dog","7":"product_cat-dogfood","8":"product_cat-dogdry","9":"product_tag-optimeal","10":"product_tag-korm-dlya-sobak","11":"product_tag-sobaka","12":"product_tag-suhoj-korm","13":"pa_age-pet-vzroslyj","14":"pa_brand-optimeal","15":"pa_breed-size-dlya-vseh-porod","16":"pa_feed-class-super-premium","17":"pa_meat-ingredients-indejka","18":"pa_packaging-plastikovaya-banka","19":"pa_pet-sobaka","20":"pa_pet-feature-zdorovyj-pitomecz","21":"pa_type-feed-suhoj-korm","22":"pa_weight-650-gr","24":"first","25":"outofstock","26":"product-type-simple"},"yoast_head":"<!-- This site is optimized with the Yoast SEO Premium plugin v23.7 (Yoast SEO v27.5) - https:\/\/yoast.com\/product\/yoast-seo-premium-wordpress\/ -->\n<title>OPTIMEAL. \u0411\u0435\u0437\u0437\u0435\u0440\u043d\u043e\u0432\u043e\u0439 \u0441\u0443\u0445\u043e\u0439 \u043a\u043e\u0440\u043c \u0434\u043b\u044f \u0432\u0437\u0440\u043e\u0441\u043b\u044b\u0445 \u0441\u043e\u0431\u0430\u043a \u0432\u0441\u0435\u0445 \u043f\u043e\u0440\u043e\u0434 \u2013 \u0438\u043d\u0434\u0435\u0439\u043a\u0430\/\u043e\u0432\u043e\u0449\u0438 0,650\u043a\u0433<\/title>\n<meta name=\"description\" content=\"\u041a\u0443\u043f\u0438\u0442\u044c OPTIMEAL. \u0411\u0435\u0437\u0437\u0435\u0440\u043d\u043e\u0432\u043e\u0439 \u0441\u0443\u0445\u043e\u0439 \u043a\u043e\u0440\u043c \u0434\u043b\u044f \u0432\u0437\u0440\u043e\u0441\u043b\u044b\u0445 \u0441\u043e\u0431\u0430\u043a \u0432\u0441\u0435\u0445 \u043f\u043e\u0440\u043e\u0434 \u2013 \u0438\u043d\u0434\u0435\u0439\u043a\u0430\/\u043e\u0432\u043e\u0449\u0438 0,650\u043a\u0433 \u0441 \u0434\u043e\u0441\u0442\u0430\u0432\u043a\u043e\u0439 \u043f\u043e \u041a\u0438\u0448\u0438\u043d\u0435\u0432\u0443 \u0438 \u0432\u0441\u0435\u0439 \u041c\u043e\u043b\u0434\u043e\u0432\u0435 \u043d\u0430 Pet24\" \/>\n<meta name=\"robots\" content=\"index, follow, max-snippet:-1, max-image-preview:large, max-video-preview:-1\" \/>\n<link rel=\"canonical\" href=\"https:\/\/pet24.md\/ro\/produs\/optimeal-bezzernovoj-suhoj-korm-dlya-vzroslyh-sobak-vseh-porod-indejka-ovoshhi-0650kg\/\" \/>\n<meta property=\"og:locale\" content=\"ro_RO\" \/>\n<meta property=\"og:type\" content=\"article\" \/>\n<meta property=\"og:title\" content=\"OPTIMEAL. \u0411\u0435\u0437\u0437\u0435\u0440\u043d\u043e\u0432\u043e\u0439 \u0441\u0443\u0445\u043e\u0439 \u043a\u043e\u0440\u043c \u0434\u043b\u044f \u0432\u0437\u0440\u043e\u0441\u043b\u044b\u0445 \u0441\u043e\u0431\u0430\u043a \u0432\u0441\u0435\u0445 \u043f\u043e\u0440\u043e\u0434 \u2013 \u0438\u043d\u0434\u0435\u0439\u043a\u0430\/\u043e\u0432\u043e\u0449\u0438 0,650\u043a\u0433\" \/>\n<meta property=\"og:description\" content=\"\u041a\u0443\u043f\u0438\u0442\u044c OPTIMEAL. \u0411\u0435\u0437\u0437\u0435\u0440\u043d\u043e\u0432\u043e\u0439 \u0441\u0443\u0445\u043e\u0439 \u043a\u043e\u0440\u043c \u0434\u043b\u044f \u0432\u0437\u0440\u043e\u0441\u043b\u044b\u0445 \u0441\u043e\u0431\u0430\u043a \u0432\u0441\u0435\u0445 \u043f\u043e\u0440\u043e\u0434 \u2013 \u0438\u043d\u0434\u0435\u0439\u043a\u0430\/\u043e\u0432\u043e\u0449\u0438 0,650\u043a\u0433 \u0441 \u0434\u043e\u0441\u0442\u0430\u0432\u043a\u043e\u0439 \u043f\u043e \u041a\u0438\u0448\u0438\u043d\u0435\u0432\u0443 \u0438 \u0432\u0441\u0435\u0439 \u041c\u043e\u043b\u0434\u043e\u0432\u0435 \u043d\u0430 Pet24\" \/>\n<meta property=\"og:url\" content=\"https:\/\/pet24.md\/ro\/produs\/optimeal-bezzernovoj-suhoj-korm-dlya-vzroslyh-sobak-vseh-porod-indejka-ovoshhi-0650kg\/\" \/>\n<meta property=\"og:site_name\" content=\"Pet24\" \/>\n<meta property=\"article:publisher\" content=\"https:\/\/www.facebook.com\/pet24.md\" \/>\n<meta property=\"article:modified_time\" content=\"2024-09-22T22:12:40+00:00\" \/>\n<meta property=\"og:image\" content=\"https:\/\/pet24.md\/wp-content\/uploads\/2024\/09\/optimeal-bezzernovoj-suhoj-korm-dlya-vzroslyh-sobak-vseh-porod-indejka-ovoshhi-0650kg.webp\" \/>\n\t<meta property=\"og:image:width\" content=\"600\" \/>\n\t<meta property=\"og:image:height\" content=\"600\" \/>\n\t<meta property=\"og:image:type\" content=\"image\/webp\" \/>\n<meta name=\"twitter:card\" content=\"summary_large_image\" \/>\n<script type=\"application\/ld+json\" class=\"yoast-schema-graph\">{\"@context\":\"https:\\\/\\\/schema.org\",\"@graph\":[{\"@type\":\"WebPage\",\"@id\":\"https:\\\/\\\/pet24.md\\\/product\\\/optimeal-bezzernovoj-suhoj-korm-dlya-vzroslyh-sobak-vseh-porod-indejka-ovoshhi-0650kg\\\/\",\"url\":\"https:\\\/\\\/pet24.md\\\/product\\\/optimeal-bezzernovoj-suhoj-korm-dlya-vzroslyh-sobak-vseh-porod-indejka-ovoshhi-0650kg\\\/\",\"name\":\"OPTIMEAL. \u0411\u0435\u0437\u0437\u0435\u0440\u043d\u043e\u0432\u043e\u0439 \u0441\u0443\u0445\u043e\u0439 \u043a\u043e\u0440\u043c \u0434\u043b\u044f \u0432\u0437\u0440\u043e\u0441\u043b\u044b\u0445 \u0441\u043e\u0431\u0430\u043a \u0432\u0441\u0435\u0445 \u043f\u043e\u0440\u043e\u0434 \u2013 \u0438\u043d\u0434\u0435\u0439\u043a\u0430\\\/\u043e\u0432\u043e\u0449\u0438 0,650\u043a\u0433\",\"isPartOf\":{\"@id\":\"https:\\\/\\\/pet24.md\\\/#website\"},\"primaryImageOfPage\":{\"@id\":\"https:\\\/\\\/pet24.md\\\/product\\\/optimeal-bezzernovoj-suhoj-korm-dlya-vzroslyh-sobak-vseh-porod-indejka-ovoshhi-0650kg\\\/#primaryimage\"},\"image\":{\"@id\":\"https:\\\/\\\/pet24.md\\\/product\\\/optimeal-bezzernovoj-suhoj-korm-dlya-vzroslyh-sobak-vseh-porod-indejka-ovoshhi-0650kg\\\/#primaryimage\"},\"thumbnailUrl\":\"https:\\\/\\\/pet24.md\\\/wp-content\\\/uploads\\\/2024\\\/09\\\/optimeal-bezzernovoj-suhoj-korm-dlya-vzroslyh-sobak-vseh-porod-indejka-ovoshhi-0650kg.webp\",\"datePublished\":\"2023-10-26T14:55:00+00:00\",\"dateModified\":\"2024-09-22T22:12:40+00:00\",\"description\":\"\u041a\u0443\u043f\u0438\u0442\u044c OPTIMEAL. \u0411\u0435\u0437\u0437\u0435\u0440\u043d\u043e\u0432\u043e\u0439 \u0441\u0443\u0445\u043e\u0439 \u043a\u043e\u0440\u043c \u0434\u043b\u044f \u0432\u0437\u0440\u043e\u0441\u043b\u044b\u0445 \u0441\u043e\u0431\u0430\u043a \u0432\u0441\u0435\u0445 \u043f\u043e\u0440\u043e\u0434 \u2013 \u0438\u043d\u0434\u0435\u0439\u043a\u0430\\\/\u043e\u0432\u043e\u0449\u0438 0,650\u043a\u0433 \u0441 \u0434\u043e\u0441\u0442\u0430\u0432\u043a\u043e\u0439 \u043f\u043e \u041a\u0438\u0448\u0438\u043d\u0435\u0432\u0443 \u0438 \u0432\u0441\u0435\u0439 \u041c\u043e\u043b\u0434\u043e\u0432\u0435 \u043d\u0430 Pet24\",\"breadcrumb\":{\"@id\":\"https:\\\/\\\/pet24.md\\\/product\\\/optimeal-bezzernovoj-suhoj-korm-dlya-vzroslyh-sobak-vseh-porod-indejka-ovoshhi-0650kg\\\/#breadcrumb\"},\"inLanguage\":\"ro-RO\",\"potentialAction\":[{\"@type\":\"ReadAction\",\"target\":[\"https:\\\/\\\/pet24.md\\\/product\\\/optimeal-bezzernovoj-suhoj-korm-dlya-vzroslyh-sobak-vseh-porod-indejka-ovoshhi-0650kg\\\/\"]}]},{\"@type\":\"ImageObject\",\"inLanguage\":\"ro-RO\",\"@id\":\"https:\\\/\\\/pet24.md\\\/product\\\/optimeal-bezzernovoj-suhoj-korm-dlya-vzroslyh-sobak-vseh-porod-indejka-ovoshhi-0650kg\\\/#primaryimage\",\"url\":\"https:\\\/\\\/pet24.md\\\/wp-content\\\/uploads\\\/2024\\\/09\\\/optimeal-bezzernovoj-suhoj-korm-dlya-vzroslyh-sobak-vseh-porod-indejka-ovoshhi-0650kg.webp\",\"contentUrl\":\"https:\\\/\\\/pet24.md\\\/wp-content\\\/uploads\\\/2024\\\/09\\\/optimeal-bezzernovoj-suhoj-korm-dlya-vzroslyh-sobak-vseh-porod-indejka-ovoshhi-0650kg.webp\",\"width\":600,\"height\":600,\"caption\":\"optimeal bezzernovoj suhoj korm dlya vzroslyh sobak vseh porod indejka ovoshhi 0650kg\"},{\"@type\":\"BreadcrumbList\",\"@id\":\"https:\\\/\\\/pet24.md\\\/product\\\/optimeal-bezzernovoj-suhoj-korm-dlya-vzroslyh-sobak-vseh-porod-indejka-ovoshhi-0650kg\\\/#breadcrumb\",\"itemListElement\":[{\"@type\":\"ListItem\",\"position\":1,\"name\":\"\u0413\u043b\u0430\u0432\u043d\u0430\u044f \u0441\u0442\u0440\u0430\u043d\u0438\u0446\u0430\",\"item\":\"https:\\\/\\\/pet24.md\\\/\"},{\"@type\":\"ListItem\",\"position\":2,\"name\":\"\u041c\u0430\u0433\u0430\u0437\u0438\u043d\",\"item\":\"https:\\\/\\\/pet24.md\\\/shop\\\/\"},{\"@type\":\"ListItem\",\"position\":3,\"name\":\"OPTIMEAL. \u0411\u0435\u0437\u0437\u0435\u0440\u043d\u043e\u0432\u043e\u0439 \u0441\u0443\u0445\u043e\u0439 \u043a\u043e\u0440\u043c \u0434\u043b\u044f \u0432\u0437\u0440\u043e\u0441\u043b\u044b\u0445 \u0441\u043e\u0431\u0430\u043a \u0432\u0441\u0435\u0445 \u043f\u043e\u0440\u043e\u0434 \u2013 \u0438\u043d\u0434\u0435\u0439\u043a\u0430\\\/\u043e\u0432\u043e\u0449\u0438 0,650\u043a\u0433\"}]},{\"@type\":\"WebSite\",\"@id\":\"https:\\\/\\\/pet24.md\\\/#website\",\"url\":\"https:\\\/\\\/pet24.md\\\/\",\"name\":\"Pet24\",\"description\":\"\u0417\u043e\u043e\u043c\u0430\u0433\u0430\u0437\u0438\u043d \u0442\u043e\u0432\u0430\u0440\u043e\u0432 \u0434\u043b\u044f \u0434\u043e\u043c\u0430\u0448\u043d\u0438\u0445 \u043f\u0438\u0442\u043e\u043c\u0446\u0435\u0432\",\"publisher\":{\"@id\":\"https:\\\/\\\/pet24.md\\\/#organization\"},\"potentialAction\":[{\"@type\":\"SearchAction\",\"target\":{\"@type\":\"EntryPoint\",\"urlTemplate\":\"https:\\\/\\\/pet24.md\\\/?s={search_term_string}\"},\"query-input\":{\"@type\":\"PropertyValueSpecification\",\"valueRequired\":true,\"valueName\":\"search_term_string\"}}],\"inLanguage\":\"ro-RO\"},{\"@type\":\"Organization\",\"@id\":\"https:\\\/\\\/pet24.md\\\/#organization\",\"name\":\"Pet24\",\"url\":\"https:\\\/\\\/pet24.md\\\/\",\"logo\":{\"@type\":\"ImageObject\",\"inLanguage\":\"ro-RO\",\"@id\":\"https:\\\/\\\/pet24.md\\\/#\\\/schema\\\/logo\\\/image\\\/\",\"url\":\"https:\\\/\\\/pet24.md\\\/wp-content\\\/uploads\\\/2024\\\/09\\\/logo.svg\",\"contentUrl\":\"https:\\\/\\\/pet24.md\\\/wp-content\\\/uploads\\\/2024\\\/09\\\/logo.svg\",\"width\":215,\"height\":66,\"caption\":\"Pet24\"},\"image\":{\"@id\":\"https:\\\/\\\/pet24.md\\\/#\\\/schema\\\/logo\\\/image\\\/\"},\"sameAs\":[\"https:\\\/\\\/www.facebook.com\\\/pet24.md\",\"https:\\\/\\\/www.instagram.com\\\/pet24.md\\\/\"],\"telephone\":\"+37360508880\"}]}<\/script>\n<!-- \/ Yoast SEO Premium plugin. -->","yoast_head_json":{"title":"OPTIMEAL. Hrana uscata fara cereale pentru caini adulti de toate rasele \u2013 curcan\/legume 0,650 kg","description":"\u041a\u0443\u043f\u0438\u0442\u044c OPTIMEAL. \u0411\u0435\u0437\u0437\u0435\u0440\u043d\u043e\u0432\u043e\u0439 \u0441\u0443\u0445\u043e\u0439 \u043a\u043e\u0440\u043c \u0434\u043b\u044f \u0432\u0437\u0440\u043e\u0441\u043b\u044b\u0445 \u0441\u043e\u0431\u0430\u043a \u0432\u0441\u0435\u0445 \u043f\u043e\u0440\u043e\u0434 \u2013 \u0438\u043d\u0434\u0435\u0439\u043a\u0430\/\u043e\u0432\u043e\u0449\u0438 0,650\u043a\u0433 \u0441 \u0434\u043e\u0441\u0442\u0430\u0432\u043a\u043e\u0439 \u043f\u043e \u041a\u0438\u0448\u0438\u043d\u0435\u0432\u0443 \u0438 \u0432\u0441\u0435\u0439 \u041c\u043e\u043b\u0434\u043e\u0432\u0435 \u043d\u0430 Pet24","robots":{"index":"index","follow":"follow","max-snippet":"max-snippet:-1","max-image-preview":"max-image-preview:large","max-video-preview":"max-video-preview:-1"},"canonical":"https:\/\/pet24.md\/ro\/produs\/optimeal-bezzernovoj-suhoj-korm-dlya-vzroslyh-sobak-vseh-porod-indejka-ovoshhi-0650kg\/","og_locale":"ro_RO","og_type":"article","og_title":"OPTIMEAL. \u0411\u0435\u0437\u0437\u0435\u0440\u043d\u043e\u0432\u043e\u0439 \u0441\u0443\u0445\u043e\u0439 \u043a\u043e\u0440\u043c \u0434\u043b\u044f \u0432\u0437\u0440\u043e\u0441\u043b\u044b\u0445 \u0441\u043e\u0431\u0430\u043a \u0432\u0441\u0435\u0445 \u043f\u043e\u0440\u043e\u0434 \u2013 \u0438\u043d\u0434\u0435\u0439\u043a\u0430\/\u043e\u0432\u043e\u0449\u0438 0,650\u043a\u0433","og_description":"\u041a\u0443\u043f\u0438\u0442\u044c OPTIMEAL. \u0411\u0435\u0437\u0437\u0435\u0440\u043d\u043e\u0432\u043e\u0439 \u0441\u0443\u0445\u043e\u0439 \u043a\u043e\u0440\u043c \u0434\u043b\u044f \u0432\u0437\u0440\u043e\u0441\u043b\u044b\u0445 \u0441\u043e\u0431\u0430\u043a \u0432\u0441\u0435\u0445 \u043f\u043e\u0440\u043e\u0434 \u2013 \u0438\u043d\u0434\u0435\u0439\u043a\u0430\/\u043e\u0432\u043e\u0449\u0438 0,650\u043a\u0433 \u0441 \u0434\u043e\u0441\u0442\u0430\u0432\u043a\u043e\u0439 \u043f\u043e \u041a\u0438\u0448\u0438\u043d\u0435\u0432\u0443 \u0438 \u0432\u0441\u0435\u0439 \u041c\u043e\u043b\u0434\u043e\u0432\u0435 \u043d\u0430 Pet24","og_url":"https:\/\/pet24.md\/ro\/produs\/optimeal-bezzernovoj-suhoj-korm-dlya-vzroslyh-sobak-vseh-porod-indejka-ovoshhi-0650kg\/","og_site_name":"Pet24","article_publisher":"https:\/\/www.facebook.com\/pet24.md","article_modified_time":"2024-09-22T22:12:40+00:00","og_image":[{"width":600,"height":600,"url":"https:\/\/pet24.md\/wp-content\/uploads\/2024\/09\/optimeal-bezzernovoj-suhoj-korm-dlya-vzroslyh-sobak-vseh-porod-indejka-ovoshhi-0650kg.webp","type":"image\/webp"}],"twitter_card":"summary_large_image","schema":{"@context":"https:\/\/schema.org","@graph":[{"@type":"WebPage","@id":"https:\/\/pet24.md\/product\/optimeal-bezzernovoj-suhoj-korm-dlya-vzroslyh-sobak-vseh-porod-indejka-ovoshhi-0650kg\/","url":"https:\/\/pet24.md\/product\/optimeal-bezzernovoj-suhoj-korm-dlya-vzroslyh-sobak-vseh-porod-indejka-ovoshhi-0650kg\/","name":"OPTIMEAL. Hrana uscata fara cereale pentru caini adulti de toate rasele \u2013 curcan\/legume 0,650 kg","isPartOf":{"@id":"https:\/\/pet24.md\/#website"},"primaryImageOfPage":{"@id":"https:\/\/pet24.md\/product\/optimeal-bezzernovoj-suhoj-korm-dlya-vzroslyh-sobak-vseh-porod-indejka-ovoshhi-0650kg\/#primaryimage"},"image":{"@id":"https:\/\/pet24.md\/product\/optimeal-bezzernovoj-suhoj-korm-dlya-vzroslyh-sobak-vseh-porod-indejka-ovoshhi-0650kg\/#primaryimage"},"thumbnailUrl":"https:\/\/pet24.md\/wp-content\/uploads\/2024\/09\/optimeal-bezzernovoj-suhoj-korm-dlya-vzroslyh-sobak-vseh-porod-indejka-ovoshhi-0650kg.webp","datePublished":"2023-10-26T14:55:00+00:00","dateModified":"2024-09-22T22:12:40+00:00","description":"\u041a\u0443\u043f\u0438\u0442\u044c OPTIMEAL. \u0411\u0435\u0437\u0437\u0435\u0440\u043d\u043e\u0432\u043e\u0439 \u0441\u0443\u0445\u043e\u0439 \u043a\u043e\u0440\u043c \u0434\u043b\u044f \u0432\u0437\u0440\u043e\u0441\u043b\u044b\u0445 \u0441\u043e\u0431\u0430\u043a \u0432\u0441\u0435\u0445 \u043f\u043e\u0440\u043e\u0434 \u2013 \u0438\u043d\u0434\u0435\u0439\u043a\u0430\/\u043e\u0432\u043e\u0449\u0438 0,650\u043a\u0433 \u0441 \u0434\u043e\u0441\u0442\u0430\u0432\u043a\u043e\u0439 \u043f\u043e \u041a\u0438\u0448\u0438\u043d\u0435\u0432\u0443 \u0438 \u0432\u0441\u0435\u0439 \u041c\u043e\u043b\u0434\u043e\u0432\u0435 \u043d\u0430 Pet24","breadcrumb":{"@id":"https:\/\/pet24.md\/product\/optimeal-bezzernovoj-suhoj-korm-dlya-vzroslyh-sobak-vseh-porod-indejka-ovoshhi-0650kg\/#breadcrumb"},"inLanguage":"ro-RO","potentialAction":[{"@type":"ReadAction","target":["https:\/\/pet24.md\/product\/optimeal-bezzernovoj-suhoj-korm-dlya-vzroslyh-sobak-vseh-porod-indejka-ovoshhi-0650kg\/"]}]},{"@type":"ImageObject","inLanguage":"ro-RO","@id":"https:\/\/pet24.md\/product\/optimeal-bezzernovoj-suhoj-korm-dlya-vzroslyh-sobak-vseh-porod-indejka-ovoshhi-0650kg\/#primaryimage","url":"https:\/\/pet24.md\/wp-content\/uploads\/2024\/09\/optimeal-bezzernovoj-suhoj-korm-dlya-vzroslyh-sobak-vseh-porod-indejka-ovoshhi-0650kg.webp","contentUrl":"https:\/\/pet24.md\/wp-content\/uploads\/2024\/09\/optimeal-bezzernovoj-suhoj-korm-dlya-vzroslyh-sobak-vseh-porod-indejka-ovoshhi-0650kg.webp","width":600,"height":600,"caption":"optimeal bezzernovoj suhoj korm dlya vzroslyh sobak vseh porod indejka ovoshhi 0650kg"},{"@type":"BreadcrumbList","@id":"https:\/\/pet24.md\/product\/optimeal-bezzernovoj-suhoj-korm-dlya-vzroslyh-sobak-vseh-porod-indejka-ovoshhi-0650kg\/#breadcrumb","itemListElement":[{"@type":"ListItem","position":1,"name":"\u0413\u043b\u0430\u0432\u043d\u0430\u044f \u0441\u0442\u0440\u0430\u043d\u0438\u0446\u0430","item":"https:\/\/pet24.md\/"},{"@type":"ListItem","position":2,"name":"\u041c\u0430\u0433\u0430\u0437\u0438\u043d","item":"https:\/\/pet24.md\/shop\/"},{"@type":"ListItem","position":3,"name":"OPTIMEAL. \u0411\u0435\u0437\u0437\u0435\u0440\u043d\u043e\u0432\u043e\u0439 \u0441\u0443\u0445\u043e\u0439 \u043a\u043e\u0440\u043c \u0434\u043b\u044f \u0432\u0437\u0440\u043e\u0441\u043b\u044b\u0445 \u0441\u043e\u0431\u0430\u043a \u0432\u0441\u0435\u0445 \u043f\u043e\u0440\u043e\u0434 \u2013 \u0438\u043d\u0434\u0435\u0439\u043a\u0430\/\u043e\u0432\u043e\u0449\u0438 0,650\u043a\u0433"}]},{"@type":"WebSite","@id":"https:\/\/pet24.md\/#website","url":"https:\/\/pet24.md\/","name":"Pet24","description":"Magazin de animale de companie","publisher":{"@id":"https:\/\/pet24.md\/#organization"},"potentialAction":[{"@type":"SearchAction","target":{"@type":"EntryPoint","urlTemplate":"https:\/\/pet24.md\/?s={search_term_string}"},"query-input":{"@type":"PropertyValueSpecification","valueRequired":true,"valueName":"search_term_string"}}],"inLanguage":"ro-RO"},{"@type":"Organization","@id":"https:\/\/pet24.md\/#organization","name":"Pet24","url":"https:\/\/pet24.md\/","logo":{"@type":"ImageObject","inLanguage":"ro-RO","@id":"https:\/\/pet24.md\/#\/schema\/logo\/image\/","url":"https:\/\/pet24.md\/wp-content\/uploads\/2024\/09\/logo.svg","contentUrl":"https:\/\/pet24.md\/wp-content\/uploads\/2024\/09\/logo.svg","width":215,"height":66,"caption":"Pet24"},"image":{"@id":"https:\/\/pet24.md\/#\/schema\/logo\/image\/"},"sameAs":["https:\/\/www.facebook.com\/pet24.md","https:\/\/www.instagram.com\/pet24.md\/"],"telephone":"+37360508880"}]}},"_links":{"self":[{"href":"https:\/\/pet24.md\/ro\/wp-json\/wp\/v2\/product\/33223","targetHints":{"allow":["GET"]}}],"collection":[{"href":"https:\/\/pet24.md\/ro\/wp-json\/wp\/v2\/product"}],"about":[{"href":"https:\/\/pet24.md\/ro\/wp-json\/wp\/v2\/types\/product"}],"replies":[{"embeddable":true,"href":"https:\/\/pet24.md\/ro\/wp-json\/wp\/v2\/comments?post=33223"}],"wp:featuredmedia":[{"embeddable":true,"href":"https:\/\/pet24.md\/ro\/wp-json\/wp\/v2\/media\/90180"}],"wp:attachment":[{"href":"https:\/\/pet24.md\/ro\/wp-json\/wp\/v2\/media?parent=33223"}],"wp:term":[{"taxonomy":"product_brand","embeddable":true,"href":"https:\/\/pet24.md\/ro\/wp-json\/wp\/v2\/product_brand?post=33223"},{"taxonomy":"product_cat","embeddable":true,"href":"https:\/\/pet24.md\/ro\/wp-json\/wp\/v2\/product_cat?post=33223"},{"taxonomy":"product_tag","embeddable":true,"href":"https:\/\/pet24.md\/ro\/wp-json\/wp\/v2\/product_tag?post=33223"}],"curies":[{"name":"wp","href":"https:\/\/api.w.org\/{rel}","templated":true}]}}