{"id":33252,"date":"2023-10-18T14:22:41","date_gmt":"2023-10-18T14:22:41","guid":{"rendered":"https:\/\/pet24.md\/?post_type=product&#038;p=33252"},"modified":"2024-09-22T22:12:43","modified_gmt":"2024-09-22T22:12:43","slug":"flexi-boks-dlya-lakomstv-multibox-chernyj","status":"publish","type":"product","link":"https:\/\/pet24.md\/ro\/produs\/flexi-boks-dlya-lakomstv-multibox-chernyj\/","title":{"rendered":"Flexi. CUTIE pentru dulceata MULTIBOX neagra"},"content":{"rendered":"<h3>Accesoriu special pentru benzi de m\u0103surat SML<\/h3>\n<p>Acest accesoriu versatil este ideal pentru utilizarea cu benzi de m\u0103surat de m\u0103rimile S, M \u0219i L, oferind un plus de func\u021bionalitate \u0219i confort.<\/p>\n<h4>Caracteristici cheie:<\/h4>\n<ul>\n<li><strong>Versatilitate:<\/strong> Poate fi folosit ca o cutie de tratare sau ca spatiu de depozitare pentru pungi de caca.<\/li>\n<li><strong>Compatibilitate:<\/strong> Se ata\u0219eaz\u0103 cu u\u0219urin\u021b\u0103 pe corpul benzii de m\u0103surare pentru o potrivire perfect\u0103.<\/li>\n<li><strong>Seria compatibil\u0103:<\/strong> Potrivit pentru lesele New Comfort, New Classic \u0219i Design \u00een m\u0103rimile S, M \u0219i L.<\/li>\n<\/ul>\n<h4>Avantaje:<\/h4>\n<ul>\n<li><strong>Confort:<\/strong> Ofer\u0103 un loc convenabil pentru a depozita dulciuri sau pungi de caca, f\u0103c\u00e2nd plimb\u0103rile cu c\u00e2inele mai pl\u0103cute \u0219i f\u0103r\u0103 stres.<\/li>\n<li><strong>Functionalitate:<\/strong> Designul practic v\u0103 permite s\u0103 accesa\u021bi rapid \u0219i u\u0219or con\u021binutul accesoriului f\u0103r\u0103 a v\u0103 \u00eentrerupe mersul.<\/li>\n<li><strong>Durabilitate:<\/strong> Fabricat din materiale de \u00eenalt\u0103 calitate, asigur\u00e2nd o durat\u0103 lung\u0103 de via\u021b\u0103 \u0219i fiabilitate.<\/li>\n<\/ul>","protected":false},"excerpt":{"rendered":"<p>\u0421\u043f\u0435\u0446\u0438\u0430\u043b\u044c\u043d\u044b\u0439 \u0430\u043a\u0441\u0435\u0441\u0441\u0443\u0430\u0440 \u0434\u043b\u044f \u043c\u0435\u0440\u043d\u044b\u0445 \u043b\u0435\u043d\u0442 S-M-L \u042d\u0442\u043e\u0442 \u0443\u043d\u0438\u0432\u0435\u0440\u0441\u0430\u043b\u044c\u043d\u044b\u0439 \u0430\u043a\u0441\u0435\u0441\u0441\u0443\u0430\u0440 \u0438\u0434\u0435\u0430\u043b\u044c\u043d\u043e \u043f\u043e\u0434\u0445\u043e\u0434\u0438\u0442 \u0434\u043b\u044f \u0438\u0441\u043f\u043e\u043b\u044c\u0437\u043e\u0432\u0430\u043d\u0438\u044f \u0441 \u043c\u0435\u0440\u043d\u044b\u043c\u0438 \u043b\u0435\u043d\u0442\u0430\u043c\u0438 \u0440\u0430\u0437\u043c\u0435\u0440\u043e\u0432 S, M \u0438 L, \u043f\u0440\u0435\u0434\u043e\u0441\u0442\u0430\u0432\u043b\u044f\u044f&hellip;<\/p>","protected":false},"featured_media":90189,"comment_status":"closed","ping_status":"closed","template":"","meta":[],"product_brand":[],"product_cat":[136,193],"product_tag":[140,507,180,480],"class_list":{"0":"post-33252","1":"product","2":"type-product","3":"status-publish","4":"has-post-thumbnail","6":"product_cat-dog","7":"product_cat-cat","8":"product_tag-flexi","9":"product_tag-boks-dlya-lakomstv","10":"product_tag-lakomstvo","11":"product_tag-sobaka","12":"pa_age-pet-lyuboj-vozrast","13":"pa_brand-flexi","14":"pa_color-chyornyj","15":"pa_pet-koshka","16":"pa_pet-sobaka","18":"first","19":"instock","20":"product-type-simple"},"yoast_head":"<!-- This site is optimized with the Yoast SEO Premium plugin v23.7 (Yoast SEO v27.5) - https:\/\/yoast.com\/product\/yoast-seo-premium-wordpress\/ -->\n<title>Flexi. \u0411\u041e\u041a\u0421 \u0434\u043b\u044f \u043b\u0430\u043a\u043e\u043c\u0441\u0442\u0432 MULTIBOX \u0447\u0435\u0440\u043d\u044b\u0439<\/title>\n<meta name=\"description\" content=\"\u041a\u0443\u043f\u0438\u0442\u044c Flexi. \u0411\u041e\u041a\u0421 \u0434\u043b\u044f \u043b\u0430\u043a\u043e\u043c\u0441\u0442\u0432 MULTIBOX \u0447\u0435\u0440\u043d\u044b\u0439 \u0441 \u0434\u043e\u0441\u0442\u0430\u0432\u043a\u043e\u0439 \u043f\u043e \u041a\u0438\u0448\u0438\u043d\u0435\u0432\u0443 \u0438 \u0432\u0441\u0435\u0439 \u041c\u043e\u043b\u0434\u043e\u0432\u0435 \u043d\u0430 Pet24\" \/>\n<meta name=\"robots\" content=\"index, follow, max-snippet:-1, max-image-preview:large, max-video-preview:-1\" \/>\n<link rel=\"canonical\" href=\"https:\/\/pet24.md\/ro\/produs\/flexi-boks-dlya-lakomstv-multibox-chernyj\/\" \/>\n<meta property=\"og:locale\" content=\"ro_RO\" \/>\n<meta property=\"og:type\" content=\"article\" \/>\n<meta property=\"og:title\" content=\"Flexi. \u0411\u041e\u041a\u0421 \u0434\u043b\u044f \u043b\u0430\u043a\u043e\u043c\u0441\u0442\u0432 MULTIBOX \u0447\u0435\u0440\u043d\u044b\u0439\" \/>\n<meta property=\"og:description\" content=\"\u041a\u0443\u043f\u0438\u0442\u044c Flexi. \u0411\u041e\u041a\u0421 \u0434\u043b\u044f \u043b\u0430\u043a\u043e\u043c\u0441\u0442\u0432 MULTIBOX \u0447\u0435\u0440\u043d\u044b\u0439 \u0441 \u0434\u043e\u0441\u0442\u0430\u0432\u043a\u043e\u0439 \u043f\u043e \u041a\u0438\u0448\u0438\u043d\u0435\u0432\u0443 \u0438 \u0432\u0441\u0435\u0439 \u041c\u043e\u043b\u0434\u043e\u0432\u0435 \u043d\u0430 Pet24\" \/>\n<meta property=\"og:url\" content=\"https:\/\/pet24.md\/ro\/produs\/flexi-boks-dlya-lakomstv-multibox-chernyj\/\" \/>\n<meta property=\"og:site_name\" content=\"Pet24\" \/>\n<meta property=\"article:publisher\" content=\"https:\/\/www.facebook.com\/pet24.md\" \/>\n<meta property=\"article:modified_time\" content=\"2024-09-22T22:12:43+00:00\" \/>\n<meta property=\"og:image\" content=\"https:\/\/pet24.md\/wp-content\/uploads\/2024\/09\/flexi-boks-dlya-lakomstv-multibox-chernyj-1.webp\" \/>\n\t<meta property=\"og:image:width\" content=\"600\" \/>\n\t<meta property=\"og:image:height\" content=\"600\" \/>\n\t<meta property=\"og:image:type\" content=\"image\/webp\" \/>\n<meta name=\"twitter:card\" content=\"summary_large_image\" \/>\n<script type=\"application\/ld+json\" class=\"yoast-schema-graph\">{\"@context\":\"https:\\\/\\\/schema.org\",\"@graph\":[{\"@type\":\"WebPage\",\"@id\":\"https:\\\/\\\/pet24.md\\\/product\\\/flexi-boks-dlya-lakomstv-multibox-chernyj\\\/\",\"url\":\"https:\\\/\\\/pet24.md\\\/product\\\/flexi-boks-dlya-lakomstv-multibox-chernyj\\\/\",\"name\":\"Flexi. \u0411\u041e\u041a\u0421 \u0434\u043b\u044f \u043b\u0430\u043a\u043e\u043c\u0441\u0442\u0432 MULTIBOX \u0447\u0435\u0440\u043d\u044b\u0439\",\"isPartOf\":{\"@id\":\"https:\\\/\\\/pet24.md\\\/#website\"},\"primaryImageOfPage\":{\"@id\":\"https:\\\/\\\/pet24.md\\\/product\\\/flexi-boks-dlya-lakomstv-multibox-chernyj\\\/#primaryimage\"},\"image\":{\"@id\":\"https:\\\/\\\/pet24.md\\\/product\\\/flexi-boks-dlya-lakomstv-multibox-chernyj\\\/#primaryimage\"},\"thumbnailUrl\":\"https:\\\/\\\/pet24.md\\\/wp-content\\\/uploads\\\/2024\\\/09\\\/flexi-boks-dlya-lakomstv-multibox-chernyj-1.webp\",\"datePublished\":\"2023-10-18T14:22:41+00:00\",\"dateModified\":\"2024-09-22T22:12:43+00:00\",\"description\":\"\u041a\u0443\u043f\u0438\u0442\u044c Flexi. \u0411\u041e\u041a\u0421 \u0434\u043b\u044f \u043b\u0430\u043a\u043e\u043c\u0441\u0442\u0432 MULTIBOX \u0447\u0435\u0440\u043d\u044b\u0439 \u0441 \u0434\u043e\u0441\u0442\u0430\u0432\u043a\u043e\u0439 \u043f\u043e \u041a\u0438\u0448\u0438\u043d\u0435\u0432\u0443 \u0438 \u0432\u0441\u0435\u0439 \u041c\u043e\u043b\u0434\u043e\u0432\u0435 \u043d\u0430 Pet24\",\"breadcrumb\":{\"@id\":\"https:\\\/\\\/pet24.md\\\/product\\\/flexi-boks-dlya-lakomstv-multibox-chernyj\\\/#breadcrumb\"},\"inLanguage\":\"ro-RO\",\"potentialAction\":[{\"@type\":\"ReadAction\",\"target\":[\"https:\\\/\\\/pet24.md\\\/product\\\/flexi-boks-dlya-lakomstv-multibox-chernyj\\\/\"]}]},{\"@type\":\"ImageObject\",\"inLanguage\":\"ro-RO\",\"@id\":\"https:\\\/\\\/pet24.md\\\/product\\\/flexi-boks-dlya-lakomstv-multibox-chernyj\\\/#primaryimage\",\"url\":\"https:\\\/\\\/pet24.md\\\/wp-content\\\/uploads\\\/2024\\\/09\\\/flexi-boks-dlya-lakomstv-multibox-chernyj-1.webp\",\"contentUrl\":\"https:\\\/\\\/pet24.md\\\/wp-content\\\/uploads\\\/2024\\\/09\\\/flexi-boks-dlya-lakomstv-multibox-chernyj-1.webp\",\"width\":600,\"height\":600,\"caption\":\"flexi boks dlya lakomstv multibox chernyj 1\"},{\"@type\":\"BreadcrumbList\",\"@id\":\"https:\\\/\\\/pet24.md\\\/product\\\/flexi-boks-dlya-lakomstv-multibox-chernyj\\\/#breadcrumb\",\"itemListElement\":[{\"@type\":\"ListItem\",\"position\":1,\"name\":\"\u0413\u043b\u0430\u0432\u043d\u0430\u044f \u0441\u0442\u0440\u0430\u043d\u0438\u0446\u0430\",\"item\":\"https:\\\/\\\/pet24.md\\\/\"},{\"@type\":\"ListItem\",\"position\":2,\"name\":\"\u041c\u0430\u0433\u0430\u0437\u0438\u043d\",\"item\":\"https:\\\/\\\/pet24.md\\\/shop\\\/\"},{\"@type\":\"ListItem\",\"position\":3,\"name\":\"Flexi. \u0411\u041e\u041a\u0421 \u0434\u043b\u044f \u043b\u0430\u043a\u043e\u043c\u0441\u0442\u0432 MULTIBOX \u0447\u0435\u0440\u043d\u044b\u0439\"}]},{\"@type\":\"WebSite\",\"@id\":\"https:\\\/\\\/pet24.md\\\/#website\",\"url\":\"https:\\\/\\\/pet24.md\\\/\",\"name\":\"Pet24\",\"description\":\"\u0417\u043e\u043e\u043c\u0430\u0433\u0430\u0437\u0438\u043d \u0442\u043e\u0432\u0430\u0440\u043e\u0432 \u0434\u043b\u044f \u0434\u043e\u043c\u0430\u0448\u043d\u0438\u0445 \u043f\u0438\u0442\u043e\u043c\u0446\u0435\u0432\",\"publisher\":{\"@id\":\"https:\\\/\\\/pet24.md\\\/#organization\"},\"potentialAction\":[{\"@type\":\"SearchAction\",\"target\":{\"@type\":\"EntryPoint\",\"urlTemplate\":\"https:\\\/\\\/pet24.md\\\/?s={search_term_string}\"},\"query-input\":{\"@type\":\"PropertyValueSpecification\",\"valueRequired\":true,\"valueName\":\"search_term_string\"}}],\"inLanguage\":\"ro-RO\"},{\"@type\":\"Organization\",\"@id\":\"https:\\\/\\\/pet24.md\\\/#organization\",\"name\":\"Pet24\",\"url\":\"https:\\\/\\\/pet24.md\\\/\",\"logo\":{\"@type\":\"ImageObject\",\"inLanguage\":\"ro-RO\",\"@id\":\"https:\\\/\\\/pet24.md\\\/#\\\/schema\\\/logo\\\/image\\\/\",\"url\":\"https:\\\/\\\/pet24.md\\\/wp-content\\\/uploads\\\/2024\\\/09\\\/logo.svg\",\"contentUrl\":\"https:\\\/\\\/pet24.md\\\/wp-content\\\/uploads\\\/2024\\\/09\\\/logo.svg\",\"width\":215,\"height\":66,\"caption\":\"Pet24\"},\"image\":{\"@id\":\"https:\\\/\\\/pet24.md\\\/#\\\/schema\\\/logo\\\/image\\\/\"},\"sameAs\":[\"https:\\\/\\\/www.facebook.com\\\/pet24.md\",\"https:\\\/\\\/www.instagram.com\\\/pet24.md\\\/\"],\"telephone\":\"+37360508880\"}]}<\/script>\n<!-- \/ Yoast SEO Premium plugin. -->","yoast_head_json":{"title":"Flexi. CUTIE pentru dulceata MULTIBOX neagra","description":"\u041a\u0443\u043f\u0438\u0442\u044c Flexi. \u0411\u041e\u041a\u0421 \u0434\u043b\u044f \u043b\u0430\u043a\u043e\u043c\u0441\u0442\u0432 MULTIBOX \u0447\u0435\u0440\u043d\u044b\u0439 \u0441 \u0434\u043e\u0441\u0442\u0430\u0432\u043a\u043e\u0439 \u043f\u043e \u041a\u0438\u0448\u0438\u043d\u0435\u0432\u0443 \u0438 \u0432\u0441\u0435\u0439 \u041c\u043e\u043b\u0434\u043e\u0432\u0435 \u043d\u0430 Pet24","robots":{"index":"index","follow":"follow","max-snippet":"max-snippet:-1","max-image-preview":"max-image-preview:large","max-video-preview":"max-video-preview:-1"},"canonical":"https:\/\/pet24.md\/ro\/produs\/flexi-boks-dlya-lakomstv-multibox-chernyj\/","og_locale":"ro_RO","og_type":"article","og_title":"Flexi. \u0411\u041e\u041a\u0421 \u0434\u043b\u044f \u043b\u0430\u043a\u043e\u043c\u0441\u0442\u0432 MULTIBOX \u0447\u0435\u0440\u043d\u044b\u0439","og_description":"\u041a\u0443\u043f\u0438\u0442\u044c Flexi. \u0411\u041e\u041a\u0421 \u0434\u043b\u044f \u043b\u0430\u043a\u043e\u043c\u0441\u0442\u0432 MULTIBOX \u0447\u0435\u0440\u043d\u044b\u0439 \u0441 \u0434\u043e\u0441\u0442\u0430\u0432\u043a\u043e\u0439 \u043f\u043e \u041a\u0438\u0448\u0438\u043d\u0435\u0432\u0443 \u0438 \u0432\u0441\u0435\u0439 \u041c\u043e\u043b\u0434\u043e\u0432\u0435 \u043d\u0430 Pet24","og_url":"https:\/\/pet24.md\/ro\/produs\/flexi-boks-dlya-lakomstv-multibox-chernyj\/","og_site_name":"Pet24","article_publisher":"https:\/\/www.facebook.com\/pet24.md","article_modified_time":"2024-09-22T22:12:43+00:00","og_image":[{"width":600,"height":600,"url":"https:\/\/pet24.md\/wp-content\/uploads\/2024\/09\/flexi-boks-dlya-lakomstv-multibox-chernyj-1.webp","type":"image\/webp"}],"twitter_card":"summary_large_image","schema":{"@context":"https:\/\/schema.org","@graph":[{"@type":"WebPage","@id":"https:\/\/pet24.md\/product\/flexi-boks-dlya-lakomstv-multibox-chernyj\/","url":"https:\/\/pet24.md\/product\/flexi-boks-dlya-lakomstv-multibox-chernyj\/","name":"Flexi. CUTIE pentru dulceata MULTIBOX neagra","isPartOf":{"@id":"https:\/\/pet24.md\/#website"},"primaryImageOfPage":{"@id":"https:\/\/pet24.md\/product\/flexi-boks-dlya-lakomstv-multibox-chernyj\/#primaryimage"},"image":{"@id":"https:\/\/pet24.md\/product\/flexi-boks-dlya-lakomstv-multibox-chernyj\/#primaryimage"},"thumbnailUrl":"https:\/\/pet24.md\/wp-content\/uploads\/2024\/09\/flexi-boks-dlya-lakomstv-multibox-chernyj-1.webp","datePublished":"2023-10-18T14:22:41+00:00","dateModified":"2024-09-22T22:12:43+00:00","description":"\u041a\u0443\u043f\u0438\u0442\u044c Flexi. \u0411\u041e\u041a\u0421 \u0434\u043b\u044f \u043b\u0430\u043a\u043e\u043c\u0441\u0442\u0432 MULTIBOX \u0447\u0435\u0440\u043d\u044b\u0439 \u0441 \u0434\u043e\u0441\u0442\u0430\u0432\u043a\u043e\u0439 \u043f\u043e \u041a\u0438\u0448\u0438\u043d\u0435\u0432\u0443 \u0438 \u0432\u0441\u0435\u0439 \u041c\u043e\u043b\u0434\u043e\u0432\u0435 \u043d\u0430 Pet24","breadcrumb":{"@id":"https:\/\/pet24.md\/product\/flexi-boks-dlya-lakomstv-multibox-chernyj\/#breadcrumb"},"inLanguage":"ro-RO","potentialAction":[{"@type":"ReadAction","target":["https:\/\/pet24.md\/product\/flexi-boks-dlya-lakomstv-multibox-chernyj\/"]}]},{"@type":"ImageObject","inLanguage":"ro-RO","@id":"https:\/\/pet24.md\/product\/flexi-boks-dlya-lakomstv-multibox-chernyj\/#primaryimage","url":"https:\/\/pet24.md\/wp-content\/uploads\/2024\/09\/flexi-boks-dlya-lakomstv-multibox-chernyj-1.webp","contentUrl":"https:\/\/pet24.md\/wp-content\/uploads\/2024\/09\/flexi-boks-dlya-lakomstv-multibox-chernyj-1.webp","width":600,"height":600,"caption":"flexi boks dlya lakomstv multibox chernyj 1"},{"@type":"BreadcrumbList","@id":"https:\/\/pet24.md\/product\/flexi-boks-dlya-lakomstv-multibox-chernyj\/#breadcrumb","itemListElement":[{"@type":"ListItem","position":1,"name":"\u0413\u043b\u0430\u0432\u043d\u0430\u044f \u0441\u0442\u0440\u0430\u043d\u0438\u0446\u0430","item":"https:\/\/pet24.md\/"},{"@type":"ListItem","position":2,"name":"\u041c\u0430\u0433\u0430\u0437\u0438\u043d","item":"https:\/\/pet24.md\/shop\/"},{"@type":"ListItem","position":3,"name":"Flexi. \u0411\u041e\u041a\u0421 \u0434\u043b\u044f \u043b\u0430\u043a\u043e\u043c\u0441\u0442\u0432 MULTIBOX \u0447\u0435\u0440\u043d\u044b\u0439"}]},{"@type":"WebSite","@id":"https:\/\/pet24.md\/#website","url":"https:\/\/pet24.md\/","name":"Pet24","description":"Magazin de animale de companie","publisher":{"@id":"https:\/\/pet24.md\/#organization"},"potentialAction":[{"@type":"SearchAction","target":{"@type":"EntryPoint","urlTemplate":"https:\/\/pet24.md\/?s={search_term_string}"},"query-input":{"@type":"PropertyValueSpecification","valueRequired":true,"valueName":"search_term_string"}}],"inLanguage":"ro-RO"},{"@type":"Organization","@id":"https:\/\/pet24.md\/#organization","name":"Pet24","url":"https:\/\/pet24.md\/","logo":{"@type":"ImageObject","inLanguage":"ro-RO","@id":"https:\/\/pet24.md\/#\/schema\/logo\/image\/","url":"https:\/\/pet24.md\/wp-content\/uploads\/2024\/09\/logo.svg","contentUrl":"https:\/\/pet24.md\/wp-content\/uploads\/2024\/09\/logo.svg","width":215,"height":66,"caption":"Pet24"},"image":{"@id":"https:\/\/pet24.md\/#\/schema\/logo\/image\/"},"sameAs":["https:\/\/www.facebook.com\/pet24.md","https:\/\/www.instagram.com\/pet24.md\/"],"telephone":"+37360508880"}]}},"_links":{"self":[{"href":"https:\/\/pet24.md\/ro\/wp-json\/wp\/v2\/product\/33252","targetHints":{"allow":["GET"]}}],"collection":[{"href":"https:\/\/pet24.md\/ro\/wp-json\/wp\/v2\/product"}],"about":[{"href":"https:\/\/pet24.md\/ro\/wp-json\/wp\/v2\/types\/product"}],"replies":[{"embeddable":true,"href":"https:\/\/pet24.md\/ro\/wp-json\/wp\/v2\/comments?post=33252"}],"wp:featuredmedia":[{"embeddable":true,"href":"https:\/\/pet24.md\/ro\/wp-json\/wp\/v2\/media\/90189"}],"wp:attachment":[{"href":"https:\/\/pet24.md\/ro\/wp-json\/wp\/v2\/media?parent=33252"}],"wp:term":[{"taxonomy":"product_brand","embeddable":true,"href":"https:\/\/pet24.md\/ro\/wp-json\/wp\/v2\/product_brand?post=33252"},{"taxonomy":"product_cat","embeddable":true,"href":"https:\/\/pet24.md\/ro\/wp-json\/wp\/v2\/product_cat?post=33252"},{"taxonomy":"product_tag","embeddable":true,"href":"https:\/\/pet24.md\/ro\/wp-json\/wp\/v2\/product_tag?post=33252"}],"curies":[{"name":"wp","href":"https:\/\/api.w.org\/{rel}","templated":true}]}}