{"id":33291,"date":"2023-10-23T13:11:15","date_gmt":"2023-10-23T13:11:15","guid":{"rendered":"https:\/\/pet24.md\/?post_type=product&#038;p=33291"},"modified":"2024-09-22T22:12:48","modified_gmt":"2024-09-22T22:12:48","slug":"vitapol-korm-expert-dlya-shinshill-v-meshkah-15kg","status":"publish","type":"product","link":"https:\/\/pet24.md\/ro\/produs\/vitapol-korm-expert-dlya-shinshill-v-meshkah-15kg\/","title":{"rendered":"Vitapol. Hrana EXPERT pentru chinchilla in saci de 15 kg"},"content":{"rendered":"<div class=\"product__column product__column--left\">\n<div class=\"product__column-item\" data-view-block=\"group_1\">\n<div class=\"product__group product__group--tabs\">\n<div data-content-id=\"opisanie-1\">\n<div class=\"product__section\">\n<div class=\"product-description j-product-description\">\n<div class=\"text\">\n<h1><strong>Vitapol Expert Chinchilla<\/strong> - un aliment complet, echilibrat pentru chinchilla, care const\u0103 \u00een principal din componente extrudate, precum \u0219i o cantitate mare de legume, fructe \u0219i ierburi uscate.<\/h1>\n<p>Alimentele nu con\u021bin cereale integrale, care sunt alc\u0103tuite din ingrediente extrudate care sunt selectate \u00een func\u021bie de nevoile nutri\u021bionale ale chinchillelor. Extrudarea este o prelucrare unic\u0103 \u00een care valoarea nutritiv\u0103 a produsului este aproape dublat\u0103. Furajul nu trece printr-un proces de uscare \u0219i sortare, ci este produs prin extrudare, ceea ce \u00eel ajut\u0103 s\u0103 dob\u00e2ndeasc\u0103 calit\u0103\u021bi valoroase pentru animale. La extrudarea cerealelor \u0219i a deriva\u021bilor acestora, energia \u0219i toate substan\u021bele benefice ale furajului sunt complet absorbite de corpul animalului. Hrana cu ingrediente extrudate ofer\u0103 o cantitate mare de nutrien\u021bi \u0219i este mai bine digerabil\u0103.<\/p>\n<p>Compozi\u021bia con\u021bine fructe, legume \u0219i ierburi care sunt s\u0103n\u0103toase pentru chinchilla, supuse unor procese naturale de uscare pentru a asigura organismului animalului cantitatea maxim\u0103 de vitamine naturale. De asemenea, \u00eembun\u0103t\u0103\u021besc gustul produsului \u0219i dau pofta de m\u00e2ncare animalului. Ad\u0103ugarea de lucern\u0103 ofer\u0103 furajului proteine vegetale valoroase, iar ierburile uscate sunt bune pentru digestie.<\/p>\n<p><strong>Caracteristici ale Vitapol Expert Chinchilla:<\/strong><\/p>\n<ul>\n<li>Nu contine cereale integrale<\/li>\n<li>Ingrediente extrudate selectate \u00een func\u021bie de nevoile nutri\u021bionale ale chinchilla<\/li>\n<li>Con\u021binut ridicat de fibre pentru func\u021bionarea normal\u0103 a sistemului digestiv<\/li>\n<li>M\u00e2ncarea este \u00eembog\u0103\u021bit\u0103 cu o cantitate mare de vitamine, \u00eent\u0103re\u0219te sistemul imunitar<\/li>\n<li>Complexul de ierburi din re\u021bet\u0103 \u00eei confer\u0103 un gust deosebit \u0219i \u00eel face u\u0219or de digerat.<\/li>\n<li>Legumele \u0219i fructele diversific\u0103 dieta \u0219i con\u021bin componente utile<\/li>\n<li>Extractul de Yucca Schidigera stimuleaz\u0103 metabolismul<\/li>\n<li>Ofer\u0103 blana s\u0103n\u0103toas\u0103 \u0219i str\u0103lucitoare<\/li>\n<li>Promoveaz\u0103 \u0219lefuirea corect\u0103 a din\u021bilor de chinchilla<\/li>\n<\/ul>\n<p><strong>Compus: <\/strong>timote, lucern\u0103, fulgi de soia, f\u0103in\u0103 de soia, semin\u021be de floarea soarelui, orz, porumb, gr\u00e2u, t\u0103r\u00e2\u021be de gr\u00e2u, fulgi de porumb, fulgi de maz\u0103re, morcovi usca\u021bi, anghinare uscat\u0103, m\u0103ce\u0219e uscate, m\u0103r uscat, banane uscate, p\u0103st\u00e2rnac uscat, , ardei uscat, f\u0103in\u0103 de orez, amidon de porumb, pulp\u0103 de sfecl\u0103, amidon de cartofi, pulp\u0103 de m\u0103r, ierburi (busuioc, rozmarin, ment\u0103, cimbru), carbonat de calciu, clorur\u0103 de sodiu, yucca schidigera.<\/p>\n<p><strong>Suplimente alimentare (la 1 kg):<\/strong> vitamine: vitamina A \u2013 10.470 UI, vitamina D3 \u2013 912 UI, vitamina E \u2013 53 mg, vitamina C \u2013 10 mg. Microelemente: fier \u2013 26,25 mg, cupru \u2013 5,25 mg, zinc \u2013 65,13 mg, mangan \u2013 10,5 mg, iod \u2013 1,39 mg, seleniu \u2013 0,1 mg, cobalt \u2013 0,12 mg. Aditivi tehnologici: sepiolit \u2013 0,5 g\/kg, conservanti si antioxidanti.<\/p>\n<\/div>\n<\/div>\n<\/div>\n<\/div>\n<\/div>\n<\/div>\n<\/div>","protected":false},"excerpt":{"rendered":"<p>Vitapol Expert Chinchilla \u2014 \u043f\u043e\u043b\u043d\u043e\u0446\u0435\u043d\u043d\u044b\u0439 \u0441\u0431\u0430\u043b\u0430\u043d\u0441\u0438\u0440\u043e\u0432\u0430\u043d\u043d\u044b\u0439 \u043a\u043e\u0440\u043c \u0434\u043b\u044f \u0448\u0438\u043d\u0448\u0438\u043b\u043b, \u0432 \u0441\u043e\u0441\u0442\u0430\u0432 \u043a\u043e\u0442\u043e\u0440\u043e\u0433\u043e \u0432\u0445\u043e\u0434\u044f\u0442 \u0432 \u043e\u0441\u043d\u043e\u0432\u043d\u043e\u043c \u044d\u043a\u0441\u0442\u0440\u0443\u0434\u0438\u0440\u043e\u0432\u0430\u043d\u043d\u044b\u0435 \u043a\u043e\u043c\u043f\u043e\u043d\u0435\u043d\u0442\u044b, \u0430 \u0442\u0430\u043a\u0436\u0435 \u0431\u043e\u043b\u044c\u0448\u043e\u0435 \u043a\u043e\u043b\u0438\u0447\u0435\u0441\u0442\u0432\u043e \u0441\u0443\u0448\u0435\u043d\u044b\u0445&hellip;<\/p>","protected":false},"featured_media":90204,"comment_status":"closed","ping_status":"closed","template":"","meta":[],"product_brand":[],"product_cat":[156,169,170],"product_tag":[497,517,484,171,518],"class_list":{"0":"post-33291","1":"product","2":"type-product","3":"status-publish","4":"has-post-thumbnail","6":"product_cat-rodent","7":"product_cat-rodent-food","8":"product_cat-chinchillas-food","9":"product_tag-vitalol","10":"product_tag-gryzuny","11":"product_tag-korm","12":"product_tag-korm-dlya-shinshill","13":"product_tag-shinshila","14":"pa_brand-vitapol","15":"pa_pet-gryzun","16":"pa_weight-15-kg","18":"first","19":"instock","20":"product-type-simple"},"yoast_head":"<!-- This site is optimized with the Yoast SEO Premium plugin v23.7 (Yoast SEO v27.5) - https:\/\/yoast.com\/product\/yoast-seo-premium-wordpress\/ -->\n<title>Vitapol. \u041a\u043e\u0440\u043c EXPERT \u0434\u043b\u044f \u0448\u0438\u043d\u0448\u0438\u043b\u043b \u0432 \u043c\u0435\u0448\u043a\u0430\u0445 15\u043a\u0433<\/title>\n<meta name=\"description\" content=\"\u041a\u0443\u043f\u0438\u0442\u044c Vitapol. \u041a\u043e\u0440\u043c EXPERT \u0434\u043b\u044f \u0448\u0438\u043d\u0448\u0438\u043b\u043b \u0432 \u043c\u0435\u0448\u043a\u0430\u0445 15\u043a\u0433 \u0441 \u0434\u043e\u0441\u0442\u0430\u0432\u043a\u043e\u0439 \u043f\u043e \u041a\u0438\u0448\u0438\u043d\u0435\u0432\u0443 \u0438 \u0432\u0441\u0435\u0439 \u041c\u043e\u043b\u0434\u043e\u0432\u0435 \u043d\u0430 Pet24\" \/>\n<meta name=\"robots\" content=\"index, follow, max-snippet:-1, max-image-preview:large, max-video-preview:-1\" \/>\n<link rel=\"canonical\" href=\"https:\/\/pet24.md\/ro\/produs\/vitapol-korm-expert-dlya-shinshill-v-meshkah-15kg\/\" \/>\n<meta property=\"og:locale\" content=\"ro_RO\" \/>\n<meta property=\"og:type\" content=\"article\" \/>\n<meta property=\"og:title\" content=\"Vitapol. \u041a\u043e\u0440\u043c EXPERT \u0434\u043b\u044f \u0448\u0438\u043d\u0448\u0438\u043b\u043b \u0432 \u043c\u0435\u0448\u043a\u0430\u0445 15\u043a\u0433\" \/>\n<meta property=\"og:description\" content=\"\u041a\u0443\u043f\u0438\u0442\u044c Vitapol. \u041a\u043e\u0440\u043c EXPERT \u0434\u043b\u044f \u0448\u0438\u043d\u0448\u0438\u043b\u043b \u0432 \u043c\u0435\u0448\u043a\u0430\u0445 15\u043a\u0433 \u0441 \u0434\u043e\u0441\u0442\u0430\u0432\u043a\u043e\u0439 \u043f\u043e \u041a\u0438\u0448\u0438\u043d\u0435\u0432\u0443 \u0438 \u0432\u0441\u0435\u0439 \u041c\u043e\u043b\u0434\u043e\u0432\u0435 \u043d\u0430 Pet24\" \/>\n<meta property=\"og:url\" content=\"https:\/\/pet24.md\/ro\/produs\/vitapol-korm-expert-dlya-shinshill-v-meshkah-15kg\/\" \/>\n<meta property=\"og:site_name\" content=\"Pet24\" \/>\n<meta property=\"article:publisher\" content=\"https:\/\/www.facebook.com\/pet24.md\" \/>\n<meta property=\"article:modified_time\" content=\"2024-09-22T22:12:48+00:00\" \/>\n<meta property=\"og:image\" content=\"https:\/\/pet24.md\/wp-content\/uploads\/2024\/09\/vitapol-korm-expert-dlya-shinshill-v-meshkah-15kg.webp\" \/>\n\t<meta property=\"og:image:width\" content=\"600\" \/>\n\t<meta property=\"og:image:height\" content=\"600\" \/>\n\t<meta property=\"og:image:type\" content=\"image\/webp\" \/>\n<meta name=\"twitter:card\" content=\"summary_large_image\" \/>\n<script type=\"application\/ld+json\" class=\"yoast-schema-graph\">{\"@context\":\"https:\\\/\\\/schema.org\",\"@graph\":[{\"@type\":\"WebPage\",\"@id\":\"https:\\\/\\\/pet24.md\\\/product\\\/vitapol-korm-expert-dlya-shinshill-v-meshkah-15kg\\\/\",\"url\":\"https:\\\/\\\/pet24.md\\\/product\\\/vitapol-korm-expert-dlya-shinshill-v-meshkah-15kg\\\/\",\"name\":\"Vitapol. \u041a\u043e\u0440\u043c EXPERT \u0434\u043b\u044f \u0448\u0438\u043d\u0448\u0438\u043b\u043b \u0432 \u043c\u0435\u0448\u043a\u0430\u0445 15\u043a\u0433\",\"isPartOf\":{\"@id\":\"https:\\\/\\\/pet24.md\\\/#website\"},\"primaryImageOfPage\":{\"@id\":\"https:\\\/\\\/pet24.md\\\/product\\\/vitapol-korm-expert-dlya-shinshill-v-meshkah-15kg\\\/#primaryimage\"},\"image\":{\"@id\":\"https:\\\/\\\/pet24.md\\\/product\\\/vitapol-korm-expert-dlya-shinshill-v-meshkah-15kg\\\/#primaryimage\"},\"thumbnailUrl\":\"https:\\\/\\\/pet24.md\\\/wp-content\\\/uploads\\\/2024\\\/09\\\/vitapol-korm-expert-dlya-shinshill-v-meshkah-15kg.webp\",\"datePublished\":\"2023-10-23T13:11:15+00:00\",\"dateModified\":\"2024-09-22T22:12:48+00:00\",\"description\":\"\u041a\u0443\u043f\u0438\u0442\u044c Vitapol. \u041a\u043e\u0440\u043c EXPERT \u0434\u043b\u044f \u0448\u0438\u043d\u0448\u0438\u043b\u043b \u0432 \u043c\u0435\u0448\u043a\u0430\u0445 15\u043a\u0433 \u0441 \u0434\u043e\u0441\u0442\u0430\u0432\u043a\u043e\u0439 \u043f\u043e \u041a\u0438\u0448\u0438\u043d\u0435\u0432\u0443 \u0438 \u0432\u0441\u0435\u0439 \u041c\u043e\u043b\u0434\u043e\u0432\u0435 \u043d\u0430 Pet24\",\"breadcrumb\":{\"@id\":\"https:\\\/\\\/pet24.md\\\/product\\\/vitapol-korm-expert-dlya-shinshill-v-meshkah-15kg\\\/#breadcrumb\"},\"inLanguage\":\"ro-RO\",\"potentialAction\":[{\"@type\":\"ReadAction\",\"target\":[\"https:\\\/\\\/pet24.md\\\/product\\\/vitapol-korm-expert-dlya-shinshill-v-meshkah-15kg\\\/\"]}]},{\"@type\":\"ImageObject\",\"inLanguage\":\"ro-RO\",\"@id\":\"https:\\\/\\\/pet24.md\\\/product\\\/vitapol-korm-expert-dlya-shinshill-v-meshkah-15kg\\\/#primaryimage\",\"url\":\"https:\\\/\\\/pet24.md\\\/wp-content\\\/uploads\\\/2024\\\/09\\\/vitapol-korm-expert-dlya-shinshill-v-meshkah-15kg.webp\",\"contentUrl\":\"https:\\\/\\\/pet24.md\\\/wp-content\\\/uploads\\\/2024\\\/09\\\/vitapol-korm-expert-dlya-shinshill-v-meshkah-15kg.webp\",\"width\":600,\"height\":600,\"caption\":\"vitapol korm expert dlya shinshill v meshkah 15kg\"},{\"@type\":\"BreadcrumbList\",\"@id\":\"https:\\\/\\\/pet24.md\\\/product\\\/vitapol-korm-expert-dlya-shinshill-v-meshkah-15kg\\\/#breadcrumb\",\"itemListElement\":[{\"@type\":\"ListItem\",\"position\":1,\"name\":\"\u0413\u043b\u0430\u0432\u043d\u0430\u044f \u0441\u0442\u0440\u0430\u043d\u0438\u0446\u0430\",\"item\":\"https:\\\/\\\/pet24.md\\\/\"},{\"@type\":\"ListItem\",\"position\":2,\"name\":\"\u041c\u0430\u0433\u0430\u0437\u0438\u043d\",\"item\":\"https:\\\/\\\/pet24.md\\\/shop\\\/\"},{\"@type\":\"ListItem\",\"position\":3,\"name\":\"Vitapol. \u041a\u043e\u0440\u043c EXPERT \u0434\u043b\u044f \u0448\u0438\u043d\u0448\u0438\u043b\u043b \u0432 \u043c\u0435\u0448\u043a\u0430\u0445 15\u043a\u0433\"}]},{\"@type\":\"WebSite\",\"@id\":\"https:\\\/\\\/pet24.md\\\/#website\",\"url\":\"https:\\\/\\\/pet24.md\\\/\",\"name\":\"Pet24\",\"description\":\"\u0417\u043e\u043e\u043c\u0430\u0433\u0430\u0437\u0438\u043d \u0442\u043e\u0432\u0430\u0440\u043e\u0432 \u0434\u043b\u044f \u0434\u043e\u043c\u0430\u0448\u043d\u0438\u0445 \u043f\u0438\u0442\u043e\u043c\u0446\u0435\u0432\",\"publisher\":{\"@id\":\"https:\\\/\\\/pet24.md\\\/#organization\"},\"potentialAction\":[{\"@type\":\"SearchAction\",\"target\":{\"@type\":\"EntryPoint\",\"urlTemplate\":\"https:\\\/\\\/pet24.md\\\/?s={search_term_string}\"},\"query-input\":{\"@type\":\"PropertyValueSpecification\",\"valueRequired\":true,\"valueName\":\"search_term_string\"}}],\"inLanguage\":\"ro-RO\"},{\"@type\":\"Organization\",\"@id\":\"https:\\\/\\\/pet24.md\\\/#organization\",\"name\":\"Pet24\",\"url\":\"https:\\\/\\\/pet24.md\\\/\",\"logo\":{\"@type\":\"ImageObject\",\"inLanguage\":\"ro-RO\",\"@id\":\"https:\\\/\\\/pet24.md\\\/#\\\/schema\\\/logo\\\/image\\\/\",\"url\":\"https:\\\/\\\/pet24.md\\\/wp-content\\\/uploads\\\/2024\\\/09\\\/logo.svg\",\"contentUrl\":\"https:\\\/\\\/pet24.md\\\/wp-content\\\/uploads\\\/2024\\\/09\\\/logo.svg\",\"width\":215,\"height\":66,\"caption\":\"Pet24\"},\"image\":{\"@id\":\"https:\\\/\\\/pet24.md\\\/#\\\/schema\\\/logo\\\/image\\\/\"},\"sameAs\":[\"https:\\\/\\\/www.facebook.com\\\/pet24.md\",\"https:\\\/\\\/www.instagram.com\\\/pet24.md\\\/\"],\"telephone\":\"+37360508880\"}]}<\/script>\n<!-- \/ Yoast SEO Premium plugin. -->","yoast_head_json":{"title":"Vitapol. Hrana EXPERT pentru chinchilla in saci de 15 kg","description":"\u041a\u0443\u043f\u0438\u0442\u044c Vitapol. \u041a\u043e\u0440\u043c EXPERT \u0434\u043b\u044f \u0448\u0438\u043d\u0448\u0438\u043b\u043b \u0432 \u043c\u0435\u0448\u043a\u0430\u0445 15\u043a\u0433 \u0441 \u0434\u043e\u0441\u0442\u0430\u0432\u043a\u043e\u0439 \u043f\u043e \u041a\u0438\u0448\u0438\u043d\u0435\u0432\u0443 \u0438 \u0432\u0441\u0435\u0439 \u041c\u043e\u043b\u0434\u043e\u0432\u0435 \u043d\u0430 Pet24","robots":{"index":"index","follow":"follow","max-snippet":"max-snippet:-1","max-image-preview":"max-image-preview:large","max-video-preview":"max-video-preview:-1"},"canonical":"https:\/\/pet24.md\/ro\/produs\/vitapol-korm-expert-dlya-shinshill-v-meshkah-15kg\/","og_locale":"ro_RO","og_type":"article","og_title":"Vitapol. \u041a\u043e\u0440\u043c EXPERT \u0434\u043b\u044f \u0448\u0438\u043d\u0448\u0438\u043b\u043b \u0432 \u043c\u0435\u0448\u043a\u0430\u0445 15\u043a\u0433","og_description":"\u041a\u0443\u043f\u0438\u0442\u044c Vitapol. \u041a\u043e\u0440\u043c EXPERT \u0434\u043b\u044f \u0448\u0438\u043d\u0448\u0438\u043b\u043b \u0432 \u043c\u0435\u0448\u043a\u0430\u0445 15\u043a\u0433 \u0441 \u0434\u043e\u0441\u0442\u0430\u0432\u043a\u043e\u0439 \u043f\u043e \u041a\u0438\u0448\u0438\u043d\u0435\u0432\u0443 \u0438 \u0432\u0441\u0435\u0439 \u041c\u043e\u043b\u0434\u043e\u0432\u0435 \u043d\u0430 Pet24","og_url":"https:\/\/pet24.md\/ro\/produs\/vitapol-korm-expert-dlya-shinshill-v-meshkah-15kg\/","og_site_name":"Pet24","article_publisher":"https:\/\/www.facebook.com\/pet24.md","article_modified_time":"2024-09-22T22:12:48+00:00","og_image":[{"width":600,"height":600,"url":"https:\/\/pet24.md\/wp-content\/uploads\/2024\/09\/vitapol-korm-expert-dlya-shinshill-v-meshkah-15kg.webp","type":"image\/webp"}],"twitter_card":"summary_large_image","schema":{"@context":"https:\/\/schema.org","@graph":[{"@type":"WebPage","@id":"https:\/\/pet24.md\/product\/vitapol-korm-expert-dlya-shinshill-v-meshkah-15kg\/","url":"https:\/\/pet24.md\/product\/vitapol-korm-expert-dlya-shinshill-v-meshkah-15kg\/","name":"Vitapol. Hrana EXPERT pentru chinchilla in saci de 15 kg","isPartOf":{"@id":"https:\/\/pet24.md\/#website"},"primaryImageOfPage":{"@id":"https:\/\/pet24.md\/product\/vitapol-korm-expert-dlya-shinshill-v-meshkah-15kg\/#primaryimage"},"image":{"@id":"https:\/\/pet24.md\/product\/vitapol-korm-expert-dlya-shinshill-v-meshkah-15kg\/#primaryimage"},"thumbnailUrl":"https:\/\/pet24.md\/wp-content\/uploads\/2024\/09\/vitapol-korm-expert-dlya-shinshill-v-meshkah-15kg.webp","datePublished":"2023-10-23T13:11:15+00:00","dateModified":"2024-09-22T22:12:48+00:00","description":"\u041a\u0443\u043f\u0438\u0442\u044c Vitapol. \u041a\u043e\u0440\u043c EXPERT \u0434\u043b\u044f \u0448\u0438\u043d\u0448\u0438\u043b\u043b \u0432 \u043c\u0435\u0448\u043a\u0430\u0445 15\u043a\u0433 \u0441 \u0434\u043e\u0441\u0442\u0430\u0432\u043a\u043e\u0439 \u043f\u043e \u041a\u0438\u0448\u0438\u043d\u0435\u0432\u0443 \u0438 \u0432\u0441\u0435\u0439 \u041c\u043e\u043b\u0434\u043e\u0432\u0435 \u043d\u0430 Pet24","breadcrumb":{"@id":"https:\/\/pet24.md\/product\/vitapol-korm-expert-dlya-shinshill-v-meshkah-15kg\/#breadcrumb"},"inLanguage":"ro-RO","potentialAction":[{"@type":"ReadAction","target":["https:\/\/pet24.md\/product\/vitapol-korm-expert-dlya-shinshill-v-meshkah-15kg\/"]}]},{"@type":"ImageObject","inLanguage":"ro-RO","@id":"https:\/\/pet24.md\/product\/vitapol-korm-expert-dlya-shinshill-v-meshkah-15kg\/#primaryimage","url":"https:\/\/pet24.md\/wp-content\/uploads\/2024\/09\/vitapol-korm-expert-dlya-shinshill-v-meshkah-15kg.webp","contentUrl":"https:\/\/pet24.md\/wp-content\/uploads\/2024\/09\/vitapol-korm-expert-dlya-shinshill-v-meshkah-15kg.webp","width":600,"height":600,"caption":"vitapol korm expert dlya shinshill v meshkah 15kg"},{"@type":"BreadcrumbList","@id":"https:\/\/pet24.md\/product\/vitapol-korm-expert-dlya-shinshill-v-meshkah-15kg\/#breadcrumb","itemListElement":[{"@type":"ListItem","position":1,"name":"\u0413\u043b\u0430\u0432\u043d\u0430\u044f \u0441\u0442\u0440\u0430\u043d\u0438\u0446\u0430","item":"https:\/\/pet24.md\/"},{"@type":"ListItem","position":2,"name":"\u041c\u0430\u0433\u0430\u0437\u0438\u043d","item":"https:\/\/pet24.md\/shop\/"},{"@type":"ListItem","position":3,"name":"Vitapol. \u041a\u043e\u0440\u043c EXPERT \u0434\u043b\u044f \u0448\u0438\u043d\u0448\u0438\u043b\u043b \u0432 \u043c\u0435\u0448\u043a\u0430\u0445 15\u043a\u0433"}]},{"@type":"WebSite","@id":"https:\/\/pet24.md\/#website","url":"https:\/\/pet24.md\/","name":"Pet24","description":"Magazin de animale de companie","publisher":{"@id":"https:\/\/pet24.md\/#organization"},"potentialAction":[{"@type":"SearchAction","target":{"@type":"EntryPoint","urlTemplate":"https:\/\/pet24.md\/?s={search_term_string}"},"query-input":{"@type":"PropertyValueSpecification","valueRequired":true,"valueName":"search_term_string"}}],"inLanguage":"ro-RO"},{"@type":"Organization","@id":"https:\/\/pet24.md\/#organization","name":"Pet24","url":"https:\/\/pet24.md\/","logo":{"@type":"ImageObject","inLanguage":"ro-RO","@id":"https:\/\/pet24.md\/#\/schema\/logo\/image\/","url":"https:\/\/pet24.md\/wp-content\/uploads\/2024\/09\/logo.svg","contentUrl":"https:\/\/pet24.md\/wp-content\/uploads\/2024\/09\/logo.svg","width":215,"height":66,"caption":"Pet24"},"image":{"@id":"https:\/\/pet24.md\/#\/schema\/logo\/image\/"},"sameAs":["https:\/\/www.facebook.com\/pet24.md","https:\/\/www.instagram.com\/pet24.md\/"],"telephone":"+37360508880"}]}},"_links":{"self":[{"href":"https:\/\/pet24.md\/ro\/wp-json\/wp\/v2\/product\/33291","targetHints":{"allow":["GET"]}}],"collection":[{"href":"https:\/\/pet24.md\/ro\/wp-json\/wp\/v2\/product"}],"about":[{"href":"https:\/\/pet24.md\/ro\/wp-json\/wp\/v2\/types\/product"}],"replies":[{"embeddable":true,"href":"https:\/\/pet24.md\/ro\/wp-json\/wp\/v2\/comments?post=33291"}],"wp:featuredmedia":[{"embeddable":true,"href":"https:\/\/pet24.md\/ro\/wp-json\/wp\/v2\/media\/90204"}],"wp:attachment":[{"href":"https:\/\/pet24.md\/ro\/wp-json\/wp\/v2\/media?parent=33291"}],"wp:term":[{"taxonomy":"product_brand","embeddable":true,"href":"https:\/\/pet24.md\/ro\/wp-json\/wp\/v2\/product_brand?post=33291"},{"taxonomy":"product_cat","embeddable":true,"href":"https:\/\/pet24.md\/ro\/wp-json\/wp\/v2\/product_cat?post=33291"},{"taxonomy":"product_tag","embeddable":true,"href":"https:\/\/pet24.md\/ro\/wp-json\/wp\/v2\/product_tag?post=33291"}],"curies":[{"name":"wp","href":"https:\/\/api.w.org\/{rel}","templated":true}]}}