{"id":33309,"date":"2023-10-26T12:51:07","date_gmt":"2023-10-26T12:51:07","guid":{"rendered":"https:\/\/pet24.md\/?post_type=product&#038;p=33309"},"modified":"2024-09-22T22:12:49","modified_gmt":"2024-09-22T22:12:49","slug":"vitapol-karmeo-premium-polnoraczionnyj-korm-dlya-morskih-svinok-1-kg","status":"publish","type":"product","link":"https:\/\/pet24.md\/ro\/produs\/vitapol-karmeo-premium-polnoraczionnyj-korm-dlya-morskih-svinok-1-kg\/","title":{"rendered":"Vitapol. Hrana completa Karmeo Premium pentru cobai 1 kg"},"content":{"rendered":"<h1 data-sourcepos=\"36:1-36:112\"><strong>Formula de baz\u0103 pentru cobai: nutri\u021bie complet\u0103 \u0219i echilibrat\u0103 pentru un prieten s\u0103n\u0103tos \u0219i fericit!<\/strong><\/h1>\n<p data-sourcepos=\"38:1-38:196\"><strong>Ofer\u0103-\u021bi porcu\u0219orul de Guineea cu mese delicioase, hr\u0103nitoare, inspirate din dieta lor natural\u0103! Aceast\u0103 formul\u0103 de baz\u0103 este combina\u021bia perfect\u0103 de cereale, cro\u0219ete fortificate, legume \u0219i fructe uscate, special formulat\u0103 pentru a satisface nevoile nutri\u021bionale ale micu\u021bului t\u0103u prieten.<\/strong><\/p>\n<p data-sourcepos=\"40:1-40:44\"><strong>De ce s\u0103 alege\u021bi acest amestec principal?<\/strong><\/p>\n<ul data-sourcepos=\"42:1-43:17\">\n<li data-sourcepos=\"42:1-42:243\"><strong>reteta echilibrata:<\/strong> Con\u021bine toate elementele esen\u021biale pentru o diet\u0103 s\u0103n\u0103toas\u0103 de cobai, inclusiv proteine, gr\u0103simi, fibre, vitamine \u0219i minerale, cu cereale reduse \u0219i o varietate de pelete \u0219i ingrediente extrudate.<\/li>\n<li data-sourcepos=\"43:1-43:17\"><strong>S\u0103n\u0103tatea digestiv\u0103:<\/strong> Pele\u021bii de f\u00e2n \u0219i fibrele vegetale asigur\u0103 o digestie optim\u0103 \u0219i sus\u021bin s\u0103n\u0103tatea tractului intestinal al cobaiului t\u0103u.<\/li>\n<li data-sourcepos=\"44:1-44:144\"><strong>Imunitate puternic\u0103:<\/strong> Sfecla rosie, bogata in vitaminele B, PP, A, C, intareste sistemul imunitar si creste numarul de globule rosii din sange.<\/li>\n<li data-sourcepos=\"45:1-45:122\"><strong>Oasele \u0219i din\u021bii s\u0103n\u0103to\u0219i:<\/strong> Boga\u021bi \u00een beta-caroten \u0219i minerale, morcovii sus\u021bin oasele \u0219i din\u021bii s\u0103n\u0103to\u0219i.<\/li>\n<li data-sourcepos=\"46:1-46:57\"><strong>Piele \u0219i blan\u0103 frumoase:<\/strong> Semin\u021bele de in, bogate \u00een acizi gra\u0219i nesatura\u021bi, \u00eembun\u0103t\u0103\u021besc aspectul blanii \u0219i sus\u021bin pielea s\u0103n\u0103toas\u0103.<\/li>\n<li data-sourcepos=\"47:1-47:184\"><strong>Detoxifiere \u0219i s\u0103n\u0103tatea inimii:<\/strong> \u021aelina, bogat\u0103 \u00een antioxidan\u021bi \u0219i vitamina C, detoxific\u0103 organismul, are efecte antiinflamatoare \u0219i \u00eembun\u0103t\u0103\u021be\u0219te func\u021bia inimii.<\/li>\n<li data-sourcepos=\"48:1-49:0\"><strong>Gust delicios:<\/strong> O combina\u021bie variat\u0103 de ingrediente face m\u00e2ncarea atractiv\u0103 \u0219i gustoas\u0103 pentru cobaiul t\u0103u.<\/li>\n<\/ul>\n<p data-sourcepos=\"50:1-50:16\"><strong>Ingrediente:<\/strong><\/p>\n<p data-sourcepos=\"52:1-52:73\">T\u0103r\u00e2\u021be de gr\u00e2u, f\u0103in\u0103 de gr\u00e2u, f\u0103in\u0103 de lucern\u0103, f\u0103in\u0103 de porumb, f\u0103in\u0103 de canola, f\u00e2n pelet, t\u0103r\u00e2\u021be de ov\u0103z, coji de soia, orz, gr\u00e2u, semin\u021be de in, fulgi de maz\u0103re (2.5%), morcovi usca\u021bi (2%), p\u0103st\u00e2rnac uscat (2%) , sfecl\u0103 uscat\u0103, semin\u021be de dovleac (1%), fulgi de gr\u00e2u, coac\u0103ze negre uscate (1%), cimbru (1%), \u021belin\u0103 uscat\u0103 (0,5%), tulpini uscate de p\u0103trunjel (0,5%), scoar\u021b\u0103 de salcie uscat\u0103, fibre de lucern\u0103 uscate, sfecl\u0103 uscat\u0103 pulp\u0103, f\u0103in\u0103 de morcov, carbonat de calciu, fosfat monocalcic.<\/p>\n<p data-sourcepos=\"54:1-54:31\"><strong>Componente analitice:<\/strong><\/p>\n<ul data-sourcepos=\"56:1-61:0\">\n<li data-sourcepos=\"56:1-56:29\">Protein\u0103 brut\u0103 (min): 10,81 TP3T<\/li>\n<li data-sourcepos=\"57:1-57:25\">Gr\u0103sime brut\u0103 (min): 1,67%<\/li>\n<li data-sourcepos=\"58:1-58:33\">Fibr\u0103 brut\u0103 (Max): 12.34%<\/li>\n<li data-sourcepos=\"59:1-59:27\">Cenu\u0219\u0103 brut\u0103 (Max): 5,68%<\/li>\n<li data-sourcepos=\"60:1-61:0\">Umiditate (max): 12%<\/li>\n<\/ul>\n<p data-sourcepos=\"62:1-62:16\"><strong>Doza zilnic\u0103 recomandat\u0103:<\/strong><\/p>\n<p data-sourcepos=\"64:1-64:159\">35-50 g, \u00een func\u021bie de greutatea \u0219i v\u00e2rsta animalului. Nivelul de vitamina C scade \u00een timp. Asigura\u021bi acces constant la f\u00e2n \u0219i ap\u0103 proasp\u0103t\u0103 de b\u0103ut.<\/p>","protected":false},"excerpt":{"rendered":"<p>\u041e\u0441\u043d\u043e\u0432\u043d\u0430\u044f \u0441\u043c\u0435\u0441\u044c \u0434\u043b\u044f \u043c\u043e\u0440\u0441\u043a\u0438\u0445 \u0441\u0432\u0438\u043d\u043e\u043a: \u041f\u043e\u043b\u043d\u043e\u0446\u0435\u043d\u043d\u043e\u0435 \u0438 \u0441\u0431\u0430\u043b\u0430\u043d\u0441\u0438\u0440\u043e\u0432\u0430\u043d\u043d\u043e\u0435 \u043f\u0438\u0442\u0430\u043d\u0438\u0435 \u0434\u043b\u044f \u0437\u0434\u043e\u0440\u043e\u0432\u043e\u0433\u043e \u0438 \u0441\u0447\u0430\u0441\u0442\u043b\u0438\u0432\u043e\u0433\u043e \u0434\u0440\u0443\u0433\u0430! \u041f\u043e\u0434\u0430\u0440\u0438\u0442\u0435 \u0441\u0432\u043e\u0435\u0439 \u043c\u043e\u0440\u0441\u043a\u043e\u0439 \u0441\u0432\u0438\u043d\u043a\u0435 \u0432\u043a\u0443\u0441\u043d\u043e\u0435 \u0438 \u043f\u0438\u0442\u0430\u0442\u0435\u043b\u044c\u043d\u043e\u0435 \u043f\u0438\u0442\u0430\u043d\u0438\u0435,&hellip;<\/p>","protected":false},"featured_media":90210,"comment_status":"closed","ping_status":"closed","template":"","meta":[],"product_brand":[],"product_cat":[156,169,527],"product_tag":[528,523],"class_list":{"0":"post-33309","1":"product","2":"type-product","3":"status-publish","4":"has-post-thumbnail","6":"product_cat-rodent","7":"product_cat-rodent-food","8":"product_cat-guinea-pig-food","9":"product_tag-dlya-morskih-svinok","10":"product_tag-korm-karmeo-premium","11":"pa_brand-vitapol","12":"pa_pet-gryzun","13":"pa_weight-1-kg","15":"first","16":"instock","17":"product-type-simple"},"yoast_head":"<!-- This site is optimized with the Yoast SEO Premium plugin v23.7 (Yoast SEO v27.5) - https:\/\/yoast.com\/product\/yoast-seo-premium-wordpress\/ -->\n<title>Vitapol. Karmeo Premium \u043f\u043e\u043b\u043d\u043e\u0440\u0430\u0446\u0438\u043e\u043d\u043d\u044b\u0439 \u043a\u043e\u0440\u043c \u0434\u043b\u044f \u043c\u043e\u0440\u0441\u043a\u0438\u0445 \u0441\u0432\u0438\u043d\u043e\u043a 1 \u043a\u0433<\/title>\n<meta name=\"description\" content=\"\u041a\u0443\u043f\u0438\u0442\u044c Vitapol. Karmeo Premium \u043f\u043e\u043b\u043d\u043e\u0440\u0430\u0446\u0438\u043e\u043d\u043d\u044b\u0439 \u043a\u043e\u0440\u043c \u0434\u043b\u044f \u043c\u043e\u0440\u0441\u043a\u0438\u0445 \u0441\u0432\u0438\u043d\u043e\u043a 1 \u043a\u0433 \u0441 \u0434\u043e\u0441\u0442\u0430\u0432\u043a\u043e\u0439 \u043f\u043e \u041a\u0438\u0448\u0438\u043d\u0435\u0432\u0443 \u0438 \u0432\u0441\u0435\u0439 \u041c\u043e\u043b\u0434\u043e\u0432\u0435 \u043d\u0430 Pet24\" \/>\n<meta name=\"robots\" content=\"index, follow, max-snippet:-1, max-image-preview:large, max-video-preview:-1\" \/>\n<link rel=\"canonical\" href=\"https:\/\/pet24.md\/ro\/produs\/vitapol-karmeo-premium-polnoraczionnyj-korm-dlya-morskih-svinok-1-kg\/\" \/>\n<meta property=\"og:locale\" content=\"ro_RO\" \/>\n<meta property=\"og:type\" content=\"article\" \/>\n<meta property=\"og:title\" content=\"Vitapol. Karmeo Premium \u043f\u043e\u043b\u043d\u043e\u0440\u0430\u0446\u0438\u043e\u043d\u043d\u044b\u0439 \u043a\u043e\u0440\u043c \u0434\u043b\u044f \u043c\u043e\u0440\u0441\u043a\u0438\u0445 \u0441\u0432\u0438\u043d\u043e\u043a 1 \u043a\u0433\" \/>\n<meta property=\"og:description\" content=\"\u041a\u0443\u043f\u0438\u0442\u044c Vitapol. Karmeo Premium \u043f\u043e\u043b\u043d\u043e\u0440\u0430\u0446\u0438\u043e\u043d\u043d\u044b\u0439 \u043a\u043e\u0440\u043c \u0434\u043b\u044f \u043c\u043e\u0440\u0441\u043a\u0438\u0445 \u0441\u0432\u0438\u043d\u043e\u043a 1 \u043a\u0433 \u0441 \u0434\u043e\u0441\u0442\u0430\u0432\u043a\u043e\u0439 \u043f\u043e \u041a\u0438\u0448\u0438\u043d\u0435\u0432\u0443 \u0438 \u0432\u0441\u0435\u0439 \u041c\u043e\u043b\u0434\u043e\u0432\u0435 \u043d\u0430 Pet24\" \/>\n<meta property=\"og:url\" content=\"https:\/\/pet24.md\/ro\/produs\/vitapol-karmeo-premium-polnoraczionnyj-korm-dlya-morskih-svinok-1-kg\/\" \/>\n<meta property=\"og:site_name\" content=\"Pet24\" \/>\n<meta property=\"article:publisher\" content=\"https:\/\/www.facebook.com\/pet24.md\" \/>\n<meta property=\"article:modified_time\" content=\"2024-09-22T22:12:49+00:00\" \/>\n<meta property=\"og:image\" content=\"https:\/\/pet24.md\/wp-content\/uploads\/2024\/09\/vitapol-karmeo-premium-polnoraczionnyj-korm-dlya-morskih-svinok-1-kg.webp\" \/>\n\t<meta property=\"og:image:width\" content=\"600\" \/>\n\t<meta property=\"og:image:height\" content=\"600\" \/>\n\t<meta property=\"og:image:type\" content=\"image\/webp\" \/>\n<meta name=\"twitter:card\" content=\"summary_large_image\" \/>\n<script type=\"application\/ld+json\" class=\"yoast-schema-graph\">{\"@context\":\"https:\\\/\\\/schema.org\",\"@graph\":[{\"@type\":\"WebPage\",\"@id\":\"https:\\\/\\\/pet24.md\\\/product\\\/vitapol-karmeo-premium-polnoraczionnyj-korm-dlya-morskih-svinok-1-kg\\\/\",\"url\":\"https:\\\/\\\/pet24.md\\\/product\\\/vitapol-karmeo-premium-polnoraczionnyj-korm-dlya-morskih-svinok-1-kg\\\/\",\"name\":\"Vitapol. Karmeo Premium \u043f\u043e\u043b\u043d\u043e\u0440\u0430\u0446\u0438\u043e\u043d\u043d\u044b\u0439 \u043a\u043e\u0440\u043c \u0434\u043b\u044f \u043c\u043e\u0440\u0441\u043a\u0438\u0445 \u0441\u0432\u0438\u043d\u043e\u043a 1 \u043a\u0433\",\"isPartOf\":{\"@id\":\"https:\\\/\\\/pet24.md\\\/#website\"},\"primaryImageOfPage\":{\"@id\":\"https:\\\/\\\/pet24.md\\\/product\\\/vitapol-karmeo-premium-polnoraczionnyj-korm-dlya-morskih-svinok-1-kg\\\/#primaryimage\"},\"image\":{\"@id\":\"https:\\\/\\\/pet24.md\\\/product\\\/vitapol-karmeo-premium-polnoraczionnyj-korm-dlya-morskih-svinok-1-kg\\\/#primaryimage\"},\"thumbnailUrl\":\"https:\\\/\\\/pet24.md\\\/wp-content\\\/uploads\\\/2024\\\/09\\\/vitapol-karmeo-premium-polnoraczionnyj-korm-dlya-morskih-svinok-1-kg.webp\",\"datePublished\":\"2023-10-26T12:51:07+00:00\",\"dateModified\":\"2024-09-22T22:12:49+00:00\",\"description\":\"\u041a\u0443\u043f\u0438\u0442\u044c Vitapol. Karmeo Premium \u043f\u043e\u043b\u043d\u043e\u0440\u0430\u0446\u0438\u043e\u043d\u043d\u044b\u0439 \u043a\u043e\u0440\u043c \u0434\u043b\u044f \u043c\u043e\u0440\u0441\u043a\u0438\u0445 \u0441\u0432\u0438\u043d\u043e\u043a 1 \u043a\u0433 \u0441 \u0434\u043e\u0441\u0442\u0430\u0432\u043a\u043e\u0439 \u043f\u043e \u041a\u0438\u0448\u0438\u043d\u0435\u0432\u0443 \u0438 \u0432\u0441\u0435\u0439 \u041c\u043e\u043b\u0434\u043e\u0432\u0435 \u043d\u0430 Pet24\",\"breadcrumb\":{\"@id\":\"https:\\\/\\\/pet24.md\\\/product\\\/vitapol-karmeo-premium-polnoraczionnyj-korm-dlya-morskih-svinok-1-kg\\\/#breadcrumb\"},\"inLanguage\":\"ro-RO\",\"potentialAction\":[{\"@type\":\"ReadAction\",\"target\":[\"https:\\\/\\\/pet24.md\\\/product\\\/vitapol-karmeo-premium-polnoraczionnyj-korm-dlya-morskih-svinok-1-kg\\\/\"]}]},{\"@type\":\"ImageObject\",\"inLanguage\":\"ro-RO\",\"@id\":\"https:\\\/\\\/pet24.md\\\/product\\\/vitapol-karmeo-premium-polnoraczionnyj-korm-dlya-morskih-svinok-1-kg\\\/#primaryimage\",\"url\":\"https:\\\/\\\/pet24.md\\\/wp-content\\\/uploads\\\/2024\\\/09\\\/vitapol-karmeo-premium-polnoraczionnyj-korm-dlya-morskih-svinok-1-kg.webp\",\"contentUrl\":\"https:\\\/\\\/pet24.md\\\/wp-content\\\/uploads\\\/2024\\\/09\\\/vitapol-karmeo-premium-polnoraczionnyj-korm-dlya-morskih-svinok-1-kg.webp\",\"width\":600,\"height\":600,\"caption\":\"vitapol karmeo premium polnoraczionnyj korm dlya morskih svinok 1 kg\"},{\"@type\":\"BreadcrumbList\",\"@id\":\"https:\\\/\\\/pet24.md\\\/product\\\/vitapol-karmeo-premium-polnoraczionnyj-korm-dlya-morskih-svinok-1-kg\\\/#breadcrumb\",\"itemListElement\":[{\"@type\":\"ListItem\",\"position\":1,\"name\":\"\u0413\u043b\u0430\u0432\u043d\u0430\u044f \u0441\u0442\u0440\u0430\u043d\u0438\u0446\u0430\",\"item\":\"https:\\\/\\\/pet24.md\\\/\"},{\"@type\":\"ListItem\",\"position\":2,\"name\":\"\u041c\u0430\u0433\u0430\u0437\u0438\u043d\",\"item\":\"https:\\\/\\\/pet24.md\\\/shop\\\/\"},{\"@type\":\"ListItem\",\"position\":3,\"name\":\"Vitapol. Karmeo Premium \u043f\u043e\u043b\u043d\u043e\u0440\u0430\u0446\u0438\u043e\u043d\u043d\u044b\u0439 \u043a\u043e\u0440\u043c \u0434\u043b\u044f \u043c\u043e\u0440\u0441\u043a\u0438\u0445 \u0441\u0432\u0438\u043d\u043e\u043a 1 \u043a\u0433\"}]},{\"@type\":\"WebSite\",\"@id\":\"https:\\\/\\\/pet24.md\\\/#website\",\"url\":\"https:\\\/\\\/pet24.md\\\/\",\"name\":\"Pet24\",\"description\":\"\u0417\u043e\u043e\u043c\u0430\u0433\u0430\u0437\u0438\u043d \u0442\u043e\u0432\u0430\u0440\u043e\u0432 \u0434\u043b\u044f \u0434\u043e\u043c\u0430\u0448\u043d\u0438\u0445 \u043f\u0438\u0442\u043e\u043c\u0446\u0435\u0432\",\"publisher\":{\"@id\":\"https:\\\/\\\/pet24.md\\\/#organization\"},\"potentialAction\":[{\"@type\":\"SearchAction\",\"target\":{\"@type\":\"EntryPoint\",\"urlTemplate\":\"https:\\\/\\\/pet24.md\\\/?s={search_term_string}\"},\"query-input\":{\"@type\":\"PropertyValueSpecification\",\"valueRequired\":true,\"valueName\":\"search_term_string\"}}],\"inLanguage\":\"ro-RO\"},{\"@type\":\"Organization\",\"@id\":\"https:\\\/\\\/pet24.md\\\/#organization\",\"name\":\"Pet24\",\"url\":\"https:\\\/\\\/pet24.md\\\/\",\"logo\":{\"@type\":\"ImageObject\",\"inLanguage\":\"ro-RO\",\"@id\":\"https:\\\/\\\/pet24.md\\\/#\\\/schema\\\/logo\\\/image\\\/\",\"url\":\"https:\\\/\\\/pet24.md\\\/wp-content\\\/uploads\\\/2024\\\/09\\\/logo.svg\",\"contentUrl\":\"https:\\\/\\\/pet24.md\\\/wp-content\\\/uploads\\\/2024\\\/09\\\/logo.svg\",\"width\":215,\"height\":66,\"caption\":\"Pet24\"},\"image\":{\"@id\":\"https:\\\/\\\/pet24.md\\\/#\\\/schema\\\/logo\\\/image\\\/\"},\"sameAs\":[\"https:\\\/\\\/www.facebook.com\\\/pet24.md\",\"https:\\\/\\\/www.instagram.com\\\/pet24.md\\\/\"],\"telephone\":\"+37360508880\"}]}<\/script>\n<!-- \/ Yoast SEO Premium plugin. -->","yoast_head_json":{"title":"Vitapol. Hrana completa Karmeo Premium pentru cobai 1 kg","description":"\u041a\u0443\u043f\u0438\u0442\u044c Vitapol. Karmeo Premium \u043f\u043e\u043b\u043d\u043e\u0440\u0430\u0446\u0438\u043e\u043d\u043d\u044b\u0439 \u043a\u043e\u0440\u043c \u0434\u043b\u044f \u043c\u043e\u0440\u0441\u043a\u0438\u0445 \u0441\u0432\u0438\u043d\u043e\u043a 1 \u043a\u0433 \u0441 \u0434\u043e\u0441\u0442\u0430\u0432\u043a\u043e\u0439 \u043f\u043e \u041a\u0438\u0448\u0438\u043d\u0435\u0432\u0443 \u0438 \u0432\u0441\u0435\u0439 \u041c\u043e\u043b\u0434\u043e\u0432\u0435 \u043d\u0430 Pet24","robots":{"index":"index","follow":"follow","max-snippet":"max-snippet:-1","max-image-preview":"max-image-preview:large","max-video-preview":"max-video-preview:-1"},"canonical":"https:\/\/pet24.md\/ro\/produs\/vitapol-karmeo-premium-polnoraczionnyj-korm-dlya-morskih-svinok-1-kg\/","og_locale":"ro_RO","og_type":"article","og_title":"Vitapol. Karmeo Premium \u043f\u043e\u043b\u043d\u043e\u0440\u0430\u0446\u0438\u043e\u043d\u043d\u044b\u0439 \u043a\u043e\u0440\u043c \u0434\u043b\u044f \u043c\u043e\u0440\u0441\u043a\u0438\u0445 \u0441\u0432\u0438\u043d\u043e\u043a 1 \u043a\u0433","og_description":"\u041a\u0443\u043f\u0438\u0442\u044c Vitapol. Karmeo Premium \u043f\u043e\u043b\u043d\u043e\u0440\u0430\u0446\u0438\u043e\u043d\u043d\u044b\u0439 \u043a\u043e\u0440\u043c \u0434\u043b\u044f \u043c\u043e\u0440\u0441\u043a\u0438\u0445 \u0441\u0432\u0438\u043d\u043e\u043a 1 \u043a\u0433 \u0441 \u0434\u043e\u0441\u0442\u0430\u0432\u043a\u043e\u0439 \u043f\u043e \u041a\u0438\u0448\u0438\u043d\u0435\u0432\u0443 \u0438 \u0432\u0441\u0435\u0439 \u041c\u043e\u043b\u0434\u043e\u0432\u0435 \u043d\u0430 Pet24","og_url":"https:\/\/pet24.md\/ro\/produs\/vitapol-karmeo-premium-polnoraczionnyj-korm-dlya-morskih-svinok-1-kg\/","og_site_name":"Pet24","article_publisher":"https:\/\/www.facebook.com\/pet24.md","article_modified_time":"2024-09-22T22:12:49+00:00","og_image":[{"width":600,"height":600,"url":"https:\/\/pet24.md\/wp-content\/uploads\/2024\/09\/vitapol-karmeo-premium-polnoraczionnyj-korm-dlya-morskih-svinok-1-kg.webp","type":"image\/webp"}],"twitter_card":"summary_large_image","schema":{"@context":"https:\/\/schema.org","@graph":[{"@type":"WebPage","@id":"https:\/\/pet24.md\/product\/vitapol-karmeo-premium-polnoraczionnyj-korm-dlya-morskih-svinok-1-kg\/","url":"https:\/\/pet24.md\/product\/vitapol-karmeo-premium-polnoraczionnyj-korm-dlya-morskih-svinok-1-kg\/","name":"Vitapol. Hrana completa Karmeo Premium pentru cobai 1 kg","isPartOf":{"@id":"https:\/\/pet24.md\/#website"},"primaryImageOfPage":{"@id":"https:\/\/pet24.md\/product\/vitapol-karmeo-premium-polnoraczionnyj-korm-dlya-morskih-svinok-1-kg\/#primaryimage"},"image":{"@id":"https:\/\/pet24.md\/product\/vitapol-karmeo-premium-polnoraczionnyj-korm-dlya-morskih-svinok-1-kg\/#primaryimage"},"thumbnailUrl":"https:\/\/pet24.md\/wp-content\/uploads\/2024\/09\/vitapol-karmeo-premium-polnoraczionnyj-korm-dlya-morskih-svinok-1-kg.webp","datePublished":"2023-10-26T12:51:07+00:00","dateModified":"2024-09-22T22:12:49+00:00","description":"\u041a\u0443\u043f\u0438\u0442\u044c Vitapol. Karmeo Premium \u043f\u043e\u043b\u043d\u043e\u0440\u0430\u0446\u0438\u043e\u043d\u043d\u044b\u0439 \u043a\u043e\u0440\u043c \u0434\u043b\u044f \u043c\u043e\u0440\u0441\u043a\u0438\u0445 \u0441\u0432\u0438\u043d\u043e\u043a 1 \u043a\u0433 \u0441 \u0434\u043e\u0441\u0442\u0430\u0432\u043a\u043e\u0439 \u043f\u043e \u041a\u0438\u0448\u0438\u043d\u0435\u0432\u0443 \u0438 \u0432\u0441\u0435\u0439 \u041c\u043e\u043b\u0434\u043e\u0432\u0435 \u043d\u0430 Pet24","breadcrumb":{"@id":"https:\/\/pet24.md\/product\/vitapol-karmeo-premium-polnoraczionnyj-korm-dlya-morskih-svinok-1-kg\/#breadcrumb"},"inLanguage":"ro-RO","potentialAction":[{"@type":"ReadAction","target":["https:\/\/pet24.md\/product\/vitapol-karmeo-premium-polnoraczionnyj-korm-dlya-morskih-svinok-1-kg\/"]}]},{"@type":"ImageObject","inLanguage":"ro-RO","@id":"https:\/\/pet24.md\/product\/vitapol-karmeo-premium-polnoraczionnyj-korm-dlya-morskih-svinok-1-kg\/#primaryimage","url":"https:\/\/pet24.md\/wp-content\/uploads\/2024\/09\/vitapol-karmeo-premium-polnoraczionnyj-korm-dlya-morskih-svinok-1-kg.webp","contentUrl":"https:\/\/pet24.md\/wp-content\/uploads\/2024\/09\/vitapol-karmeo-premium-polnoraczionnyj-korm-dlya-morskih-svinok-1-kg.webp","width":600,"height":600,"caption":"vitapol karmeo premium polnoraczionnyj korm dlya morskih svinok 1 kg"},{"@type":"BreadcrumbList","@id":"https:\/\/pet24.md\/product\/vitapol-karmeo-premium-polnoraczionnyj-korm-dlya-morskih-svinok-1-kg\/#breadcrumb","itemListElement":[{"@type":"ListItem","position":1,"name":"\u0413\u043b\u0430\u0432\u043d\u0430\u044f \u0441\u0442\u0440\u0430\u043d\u0438\u0446\u0430","item":"https:\/\/pet24.md\/"},{"@type":"ListItem","position":2,"name":"\u041c\u0430\u0433\u0430\u0437\u0438\u043d","item":"https:\/\/pet24.md\/shop\/"},{"@type":"ListItem","position":3,"name":"Vitapol. Karmeo Premium \u043f\u043e\u043b\u043d\u043e\u0440\u0430\u0446\u0438\u043e\u043d\u043d\u044b\u0439 \u043a\u043e\u0440\u043c \u0434\u043b\u044f \u043c\u043e\u0440\u0441\u043a\u0438\u0445 \u0441\u0432\u0438\u043d\u043e\u043a 1 \u043a\u0433"}]},{"@type":"WebSite","@id":"https:\/\/pet24.md\/#website","url":"https:\/\/pet24.md\/","name":"Pet24","description":"Magazin de animale de companie","publisher":{"@id":"https:\/\/pet24.md\/#organization"},"potentialAction":[{"@type":"SearchAction","target":{"@type":"EntryPoint","urlTemplate":"https:\/\/pet24.md\/?s={search_term_string}"},"query-input":{"@type":"PropertyValueSpecification","valueRequired":true,"valueName":"search_term_string"}}],"inLanguage":"ro-RO"},{"@type":"Organization","@id":"https:\/\/pet24.md\/#organization","name":"Pet24","url":"https:\/\/pet24.md\/","logo":{"@type":"ImageObject","inLanguage":"ro-RO","@id":"https:\/\/pet24.md\/#\/schema\/logo\/image\/","url":"https:\/\/pet24.md\/wp-content\/uploads\/2024\/09\/logo.svg","contentUrl":"https:\/\/pet24.md\/wp-content\/uploads\/2024\/09\/logo.svg","width":215,"height":66,"caption":"Pet24"},"image":{"@id":"https:\/\/pet24.md\/#\/schema\/logo\/image\/"},"sameAs":["https:\/\/www.facebook.com\/pet24.md","https:\/\/www.instagram.com\/pet24.md\/"],"telephone":"+37360508880"}]}},"_links":{"self":[{"href":"https:\/\/pet24.md\/ro\/wp-json\/wp\/v2\/product\/33309","targetHints":{"allow":["GET"]}}],"collection":[{"href":"https:\/\/pet24.md\/ro\/wp-json\/wp\/v2\/product"}],"about":[{"href":"https:\/\/pet24.md\/ro\/wp-json\/wp\/v2\/types\/product"}],"replies":[{"embeddable":true,"href":"https:\/\/pet24.md\/ro\/wp-json\/wp\/v2\/comments?post=33309"}],"wp:featuredmedia":[{"embeddable":true,"href":"https:\/\/pet24.md\/ro\/wp-json\/wp\/v2\/media\/90210"}],"wp:attachment":[{"href":"https:\/\/pet24.md\/ro\/wp-json\/wp\/v2\/media?parent=33309"}],"wp:term":[{"taxonomy":"product_brand","embeddable":true,"href":"https:\/\/pet24.md\/ro\/wp-json\/wp\/v2\/product_brand?post=33309"},{"taxonomy":"product_cat","embeddable":true,"href":"https:\/\/pet24.md\/ro\/wp-json\/wp\/v2\/product_cat?post=33309"},{"taxonomy":"product_tag","embeddable":true,"href":"https:\/\/pet24.md\/ro\/wp-json\/wp\/v2\/product_tag?post=33309"}],"curies":[{"name":"wp","href":"https:\/\/api.w.org\/{rel}","templated":true}]}}