{"id":33312,"date":"2023-10-26T13:40:41","date_gmt":"2023-10-26T13:40:41","guid":{"rendered":"https:\/\/pet24.md\/?post_type=product&#038;p=33312"},"modified":"2024-09-22T22:12:49","modified_gmt":"2024-09-22T22:12:49","slug":"vitapol-karmeo-premium-polnoraczionnyj-korm-dlya-morskoj-svinki-500-g","status":"publish","type":"product","link":"https:\/\/pet24.md\/ro\/produs\/vitapol-karmeo-premium-polnoraczionnyj-korm-dlya-morskoj-svinki-500-g\/","title":{"rendered":"Vitapol. Hrana completa Karmeo Premium pentru cobai 500 g"},"content":{"rendered":"<h1 data-sourcepos=\"35:1-35:97\"><strong>Formula de baza pentru cobai: nutritie completa si echilibrata pentru o viata sanatoasa!<\/strong><\/h1>\n<p data-sourcepos=\"37:1-37:2\"><strong>Ofer\u0103-\u021bi porcu\u0219orul de Guineea cu mese delicioase, hr\u0103nitoare, inspirate din dieta lor natural\u0103! Aceast\u0103 formul\u0103 de baz\u0103 este combina\u021bia perfect\u0103 de cereale, cro\u0219ete fortificate, legume \u0219i fructe uscate, special formulat\u0103 pentru a satisface nevoile nutri\u021bionale ale micu\u021bului t\u0103u prieten.<\/strong><\/p>\n<p data-sourcepos=\"39:1-39:44\"><strong>De ce s\u0103 alege\u021bi acest amestec principal?<\/strong><\/p>\n<ul data-sourcepos=\"41:1-42:61\">\n<li data-sourcepos=\"41:1-41:155\"><strong>reteta echilibrata:<\/strong> Con\u021bine toate elementele esen\u021biale pentru o diet\u0103 s\u0103n\u0103toas\u0103 de cobai, inclusiv proteine, gr\u0103simi, fibre, vitamine \u0219i minerale.<\/li>\n<li data-sourcepos=\"42:1-42:61\"><strong>Ingrediente naturale:<\/strong> F\u0103r\u0103 conservan\u021bi sau coloran\u021bi artificiali, doar ingrediente naturale atent selectate.<\/li>\n<li data-sourcepos=\"43:1-43:142\"><strong>Digestie sanatoasa:<\/strong> Pele\u021bii de f\u00e2n \u0219i fibrele vegetale asigur\u0103 o digestie optim\u0103 \u0219i sus\u021bin un tract intestinal s\u0103n\u0103tos.<\/li>\n<li data-sourcepos=\"44:1-44:149\"><strong>Sursa de vitamine si minerale:<\/strong> Morcovul, sfecla, pastarnacul, telina si mararul ofera organismului vitaminele esentiale (A, B2, B3, D, E) si minerale precum calciu, fosfor, potasiu, magneziu si fier.<\/li>\n<li data-sourcepos=\"45:1-45:166\"><strong>Vitamina C:<\/strong> Coac\u0103zele negre uscate sunt o surs\u0103 natural\u0103 de vitamina C, care este esen\u021bial\u0103 pentru cobai, care nu o pot produce singuri.<\/li>\n<li data-sourcepos=\"46:1-47:0\"><strong>Antioxidan\u021bi \u0219i detoxifiere:<\/strong> Telina si coacazele negre, bogate in antioxidanti, protejeaza organismul de radicalii liberi si favorizeaza detoxifierea.<\/li>\n<\/ul>\n<p data-sourcepos=\"48:1-48:16\"><strong>Ingrediente:<\/strong><\/p>\n<p data-sourcepos=\"50:1-50:47\">T\u0103r\u00e2\u021be de gr\u00e2u, f\u0103in\u0103 de gr\u00e2u, f\u0103in\u0103 de lucern\u0103, f\u0103in\u0103 de porumb, f\u0103in\u0103 de canola, f\u00e2n pelet, t\u0103r\u00e2\u021be de ov\u0103z, coji de soia, orz, gr\u00e2u, semin\u021be de in, fulgi de maz\u0103re (2.5%), morcovi usca\u021bi (2%), p\u0103st\u00e2rnac uscat (2%) , sfecl\u0103 uscat\u0103, semin\u021be de dovleac (1%), fulgi de gr\u00e2u, coac\u0103ze negre uscate (1%), cimbru (1%), \u021belin\u0103 uscat\u0103 (0,5%), tulpini uscate de p\u0103trunjel (0,5%), scoar\u021b\u0103 de salcie uscat\u0103, fibre de lucern\u0103 uscate, sfecl\u0103 uscat\u0103 pulp\u0103, f\u0103in\u0103 de morcov, carbonat de calciu, fosfat monocalcic.<\/p>\n<p data-sourcepos=\"52:1-52:31\"><strong>Componente analitice:<\/strong><\/p>\n<ul data-sourcepos=\"54:1-59:0\">\n<li data-sourcepos=\"54:1-54:29\">Protein\u0103 brut\u0103 (min): 10,81 TP3T<\/li>\n<li data-sourcepos=\"55:1-55:25\">Gr\u0103sime brut\u0103 (min): 1,67%<\/li>\n<li data-sourcepos=\"56:1-56:33\">Fibr\u0103 brut\u0103 (Max): 12.34%<\/li>\n<li data-sourcepos=\"57:1-57:27\">Cenu\u0219\u0103 brut\u0103 (Max): 5,68%<\/li>\n<li data-sourcepos=\"58:1-59:0\">Umiditate (max): 12%<\/li>\n<\/ul>\n<p data-sourcepos=\"60:1-60:32\"><strong>Doza zilnic\u0103 recomandat\u0103:<\/strong><\/p>\n<p data-sourcepos=\"62:1-62:112\">35-50 g, \u00een func\u021bie de greutatea \u0219i v\u00e2rsta animalului. Asigura\u021bi acces constant la f\u00e2n \u0219i ap\u0103 proasp\u0103t\u0103 de b\u0103ut.<\/p>","protected":false},"excerpt":{"rendered":"<p>\u041e\u0441\u043d\u043e\u0432\u043d\u0430\u044f \u0441\u043c\u0435\u0441\u044c \u0434\u043b\u044f \u043c\u043e\u0440\u0441\u043a\u0438\u0445 \u0441\u0432\u0438\u043d\u043e\u043a: \u043f\u043e\u043b\u043d\u043e\u0446\u0435\u043d\u043d\u043e\u0435 \u0438 \u0441\u0431\u0430\u043b\u0430\u043d\u0441\u0438\u0440\u043e\u0432\u0430\u043d\u043d\u043e\u0435 \u043f\u0438\u0442\u0430\u043d\u0438\u0435 \u0434\u043b\u044f \u0437\u0434\u043e\u0440\u043e\u0432\u043e\u0439 \u0436\u0438\u0437\u043d\u0438! \u041f\u043e\u0434\u0430\u0440\u0438\u0442\u0435 \u0441\u0432\u043e\u0435\u0439 \u043c\u043e\u0440\u0441\u043a\u043e\u0439 \u0441\u0432\u0438\u043d\u043a\u0435 \u0432\u043a\u0443\u0441\u043d\u043e\u0435 \u0438 \u043f\u0438\u0442\u0430\u0442\u0435\u043b\u044c\u043d\u043e\u0435 \u043f\u0438\u0442\u0430\u043d\u0438\u0435, \u0432\u0434\u043e\u0445\u043d\u043e\u0432\u043b\u0435\u043d\u043d\u043e\u0435 \u0435\u0435&hellip;<\/p>","protected":false},"featured_media":90211,"comment_status":"closed","ping_status":"closed","template":"","meta":[],"product_brand":[],"product_cat":[156,169,527],"product_tag":[521,530],"class_list":{"0":"post-33312","1":"product","2":"type-product","3":"status-publish","4":"has-post-thumbnail","6":"product_cat-rodent","7":"product_cat-rodent-food","8":"product_cat-guinea-pig-food","9":"product_tag-karmeo-premium","10":"product_tag-dlya-morskoj-svinki","11":"pa_brand-vitapol","12":"pa_packaging-upakovka","13":"pa_pet-gryzun","14":"pa_weight-500-gr","16":"first","17":"instock","18":"product-type-simple"},"yoast_head":"<!-- This site is optimized with the Yoast SEO Premium plugin v23.7 (Yoast SEO v27.5) - https:\/\/yoast.com\/product\/yoast-seo-premium-wordpress\/ -->\n<title>Vitapol. Karmeo Premium \u043f\u043e\u043b\u043d\u043e\u0440\u0430\u0446\u0438\u043e\u043d\u043d\u044b\u0439 \u043a\u043e\u0440\u043c \u0434\u043b\u044f \u043c\u043e\u0440\u0441\u043a\u043e\u0439 \u0441\u0432\u0438\u043d\u043a\u0438 500 \u0433<\/title>\n<meta name=\"description\" content=\"\u041a\u0443\u043f\u0438\u0442\u044c Vitapol. Karmeo Premium \u043f\u043e\u043b\u043d\u043e\u0440\u0430\u0446\u0438\u043e\u043d\u043d\u044b\u0439 \u043a\u043e\u0440\u043c \u0434\u043b\u044f \u043c\u043e\u0440\u0441\u043a\u043e\u0439 \u0441\u0432\u0438\u043d\u043a\u0438 500 \u0433 \u0441 \u0434\u043e\u0441\u0442\u0430\u0432\u043a\u043e\u0439 \u043f\u043e \u041a\u0438\u0448\u0438\u043d\u0435\u0432\u0443 \u0438 \u0432\u0441\u0435\u0439 \u041c\u043e\u043b\u0434\u043e\u0432\u0435 \u043d\u0430 Pet24\" \/>\n<meta name=\"robots\" content=\"index, follow, max-snippet:-1, max-image-preview:large, max-video-preview:-1\" \/>\n<link rel=\"canonical\" href=\"https:\/\/pet24.md\/ro\/product\/vitapol-karmeo-premium-polnoraczionnyj-korm-dlya-morskoj-svinki-500-g\/\" \/>\n<meta property=\"og:locale\" content=\"ro_RO\" \/>\n<meta property=\"og:type\" content=\"article\" \/>\n<meta property=\"og:title\" content=\"Vitapol. Karmeo Premium \u043f\u043e\u043b\u043d\u043e\u0440\u0430\u0446\u0438\u043e\u043d\u043d\u044b\u0439 \u043a\u043e\u0440\u043c \u0434\u043b\u044f \u043c\u043e\u0440\u0441\u043a\u043e\u0439 \u0441\u0432\u0438\u043d\u043a\u0438 500 \u0433\" \/>\n<meta property=\"og:description\" content=\"\u041a\u0443\u043f\u0438\u0442\u044c Vitapol. Karmeo Premium \u043f\u043e\u043b\u043d\u043e\u0440\u0430\u0446\u0438\u043e\u043d\u043d\u044b\u0439 \u043a\u043e\u0440\u043c \u0434\u043b\u044f \u043c\u043e\u0440\u0441\u043a\u043e\u0439 \u0441\u0432\u0438\u043d\u043a\u0438 500 \u0433 \u0441 \u0434\u043e\u0441\u0442\u0430\u0432\u043a\u043e\u0439 \u043f\u043e \u041a\u0438\u0448\u0438\u043d\u0435\u0432\u0443 \u0438 \u0432\u0441\u0435\u0439 \u041c\u043e\u043b\u0434\u043e\u0432\u0435 \u043d\u0430 Pet24\" \/>\n<meta property=\"og:url\" content=\"https:\/\/pet24.md\/ro\/product\/vitapol-karmeo-premium-polnoraczionnyj-korm-dlya-morskoj-svinki-500-g\/\" \/>\n<meta property=\"og:site_name\" content=\"Pet24\" \/>\n<meta property=\"article:publisher\" content=\"https:\/\/www.facebook.com\/pet24.md\" \/>\n<meta property=\"article:modified_time\" content=\"2024-09-22T22:12:49+00:00\" \/>\n<meta property=\"og:image\" content=\"https:\/\/pet24.md\/wp-content\/uploads\/2024\/09\/vitapol-karmeo-premium-polnoraczionnyj-korm-dlya-morskoj-svinki-500-g.webp\" \/>\n\t<meta property=\"og:image:width\" content=\"600\" \/>\n\t<meta property=\"og:image:height\" content=\"600\" \/>\n\t<meta property=\"og:image:type\" content=\"image\/webp\" \/>\n<meta name=\"twitter:card\" content=\"summary_large_image\" \/>\n<script type=\"application\/ld+json\" class=\"yoast-schema-graph\">{\"@context\":\"https:\\\/\\\/schema.org\",\"@graph\":[{\"@type\":\"WebPage\",\"@id\":\"https:\\\/\\\/pet24.md\\\/ro\\\/product\\\/vitapol-karmeo-premium-polnoraczionnyj-korm-dlya-morskoj-svinki-500-g\\\/\",\"url\":\"https:\\\/\\\/pet24.md\\\/ro\\\/product\\\/vitapol-karmeo-premium-polnoraczionnyj-korm-dlya-morskoj-svinki-500-g\\\/\",\"name\":\"Vitapol. Karmeo Premium \u043f\u043e\u043b\u043d\u043e\u0440\u0430\u0446\u0438\u043e\u043d\u043d\u044b\u0439 \u043a\u043e\u0440\u043c \u0434\u043b\u044f \u043c\u043e\u0440\u0441\u043a\u043e\u0439 \u0441\u0432\u0438\u043d\u043a\u0438 500 \u0433\",\"isPartOf\":{\"@id\":\"https:\\\/\\\/pet24.md\\\/#website\"},\"primaryImageOfPage\":{\"@id\":\"https:\\\/\\\/pet24.md\\\/ro\\\/product\\\/vitapol-karmeo-premium-polnoraczionnyj-korm-dlya-morskoj-svinki-500-g\\\/#primaryimage\"},\"image\":{\"@id\":\"https:\\\/\\\/pet24.md\\\/ro\\\/product\\\/vitapol-karmeo-premium-polnoraczionnyj-korm-dlya-morskoj-svinki-500-g\\\/#primaryimage\"},\"thumbnailUrl\":\"https:\\\/\\\/pet24.md\\\/wp-content\\\/uploads\\\/2024\\\/09\\\/vitapol-karmeo-premium-polnoraczionnyj-korm-dlya-morskoj-svinki-500-g.webp\",\"datePublished\":\"2023-10-26T13:40:41+00:00\",\"dateModified\":\"2024-09-22T22:12:49+00:00\",\"description\":\"\u041a\u0443\u043f\u0438\u0442\u044c Vitapol. Karmeo Premium \u043f\u043e\u043b\u043d\u043e\u0440\u0430\u0446\u0438\u043e\u043d\u043d\u044b\u0439 \u043a\u043e\u0440\u043c \u0434\u043b\u044f \u043c\u043e\u0440\u0441\u043a\u043e\u0439 \u0441\u0432\u0438\u043d\u043a\u0438 500 \u0433 \u0441 \u0434\u043e\u0441\u0442\u0430\u0432\u043a\u043e\u0439 \u043f\u043e \u041a\u0438\u0448\u0438\u043d\u0435\u0432\u0443 \u0438 \u0432\u0441\u0435\u0439 \u041c\u043e\u043b\u0434\u043e\u0432\u0435 \u043d\u0430 Pet24\",\"breadcrumb\":{\"@id\":\"https:\\\/\\\/pet24.md\\\/ro\\\/product\\\/vitapol-karmeo-premium-polnoraczionnyj-korm-dlya-morskoj-svinki-500-g\\\/#breadcrumb\"},\"inLanguage\":\"ro-RO\",\"potentialAction\":[{\"@type\":\"ReadAction\",\"target\":[\"https:\\\/\\\/pet24.md\\\/ro\\\/product\\\/vitapol-karmeo-premium-polnoraczionnyj-korm-dlya-morskoj-svinki-500-g\\\/\"]}]},{\"@type\":\"ImageObject\",\"inLanguage\":\"ro-RO\",\"@id\":\"https:\\\/\\\/pet24.md\\\/ro\\\/product\\\/vitapol-karmeo-premium-polnoraczionnyj-korm-dlya-morskoj-svinki-500-g\\\/#primaryimage\",\"url\":\"https:\\\/\\\/pet24.md\\\/wp-content\\\/uploads\\\/2024\\\/09\\\/vitapol-karmeo-premium-polnoraczionnyj-korm-dlya-morskoj-svinki-500-g.webp\",\"contentUrl\":\"https:\\\/\\\/pet24.md\\\/wp-content\\\/uploads\\\/2024\\\/09\\\/vitapol-karmeo-premium-polnoraczionnyj-korm-dlya-morskoj-svinki-500-g.webp\",\"width\":600,\"height\":600,\"caption\":\"vitapol karmeo premium polnoraczionnyj korm dlya morskoj svinki 500 g\"},{\"@type\":\"BreadcrumbList\",\"@id\":\"https:\\\/\\\/pet24.md\\\/ro\\\/product\\\/vitapol-karmeo-premium-polnoraczionnyj-korm-dlya-morskoj-svinki-500-g\\\/#breadcrumb\",\"itemListElement\":[{\"@type\":\"ListItem\",\"position\":1,\"name\":\"\u0413\u043b\u0430\u0432\u043d\u0430\u044f \u0441\u0442\u0440\u0430\u043d\u0438\u0446\u0430\",\"item\":\"https:\\\/\\\/pet24.md\\\/\"},{\"@type\":\"ListItem\",\"position\":2,\"name\":\"\u041c\u0430\u0433\u0430\u0437\u0438\u043d\",\"item\":\"https:\\\/\\\/pet24.md\\\/shop\\\/\"},{\"@type\":\"ListItem\",\"position\":3,\"name\":\"Vitapol. Karmeo Premium \u043f\u043e\u043b\u043d\u043e\u0440\u0430\u0446\u0438\u043e\u043d\u043d\u044b\u0439 \u043a\u043e\u0440\u043c \u0434\u043b\u044f \u043c\u043e\u0440\u0441\u043a\u043e\u0439 \u0441\u0432\u0438\u043d\u043a\u0438 500 \u0433\"}]},{\"@type\":\"WebSite\",\"@id\":\"https:\\\/\\\/pet24.md\\\/#website\",\"url\":\"https:\\\/\\\/pet24.md\\\/\",\"name\":\"Pet24\",\"description\":\"\u0417\u043e\u043e\u043c\u0430\u0433\u0430\u0437\u0438\u043d \u0442\u043e\u0432\u0430\u0440\u043e\u0432 \u0434\u043b\u044f \u0434\u043e\u043c\u0430\u0448\u043d\u0438\u0445 \u043f\u0438\u0442\u043e\u043c\u0446\u0435\u0432\",\"publisher\":{\"@id\":\"https:\\\/\\\/pet24.md\\\/#organization\"},\"potentialAction\":[{\"@type\":\"SearchAction\",\"target\":{\"@type\":\"EntryPoint\",\"urlTemplate\":\"https:\\\/\\\/pet24.md\\\/?s={search_term_string}\"},\"query-input\":{\"@type\":\"PropertyValueSpecification\",\"valueRequired\":true,\"valueName\":\"search_term_string\"}}],\"inLanguage\":\"ro-RO\"},{\"@type\":\"Organization\",\"@id\":\"https:\\\/\\\/pet24.md\\\/#organization\",\"name\":\"Pet24\",\"url\":\"https:\\\/\\\/pet24.md\\\/\",\"logo\":{\"@type\":\"ImageObject\",\"inLanguage\":\"ro-RO\",\"@id\":\"https:\\\/\\\/pet24.md\\\/#\\\/schema\\\/logo\\\/image\\\/\",\"url\":\"https:\\\/\\\/pet24.md\\\/wp-content\\\/uploads\\\/2024\\\/09\\\/logo.svg\",\"contentUrl\":\"https:\\\/\\\/pet24.md\\\/wp-content\\\/uploads\\\/2024\\\/09\\\/logo.svg\",\"width\":215,\"height\":66,\"caption\":\"Pet24\"},\"image\":{\"@id\":\"https:\\\/\\\/pet24.md\\\/#\\\/schema\\\/logo\\\/image\\\/\"},\"sameAs\":[\"https:\\\/\\\/www.facebook.com\\\/pet24.md\",\"https:\\\/\\\/www.instagram.com\\\/pet24.md\\\/\"],\"telephone\":\"+37360508880\"}]}<\/script>\n<!-- \/ Yoast SEO Premium plugin. -->","yoast_head_json":{"title":"Vitapol. Hrana completa Karmeo Premium pentru cobai 500 g","description":"\u041a\u0443\u043f\u0438\u0442\u044c Vitapol. Karmeo Premium \u043f\u043e\u043b\u043d\u043e\u0440\u0430\u0446\u0438\u043e\u043d\u043d\u044b\u0439 \u043a\u043e\u0440\u043c \u0434\u043b\u044f \u043c\u043e\u0440\u0441\u043a\u043e\u0439 \u0441\u0432\u0438\u043d\u043a\u0438 500 \u0433 \u0441 \u0434\u043e\u0441\u0442\u0430\u0432\u043a\u043e\u0439 \u043f\u043e \u041a\u0438\u0448\u0438\u043d\u0435\u0432\u0443 \u0438 \u0432\u0441\u0435\u0439 \u041c\u043e\u043b\u0434\u043e\u0432\u0435 \u043d\u0430 Pet24","robots":{"index":"index","follow":"follow","max-snippet":"max-snippet:-1","max-image-preview":"max-image-preview:large","max-video-preview":"max-video-preview:-1"},"canonical":"https:\/\/pet24.md\/ro\/product\/vitapol-karmeo-premium-polnoraczionnyj-korm-dlya-morskoj-svinki-500-g\/","og_locale":"ro_RO","og_type":"article","og_title":"Vitapol. Karmeo Premium \u043f\u043e\u043b\u043d\u043e\u0440\u0430\u0446\u0438\u043e\u043d\u043d\u044b\u0439 \u043a\u043e\u0440\u043c \u0434\u043b\u044f \u043c\u043e\u0440\u0441\u043a\u043e\u0439 \u0441\u0432\u0438\u043d\u043a\u0438 500 \u0433","og_description":"\u041a\u0443\u043f\u0438\u0442\u044c Vitapol. Karmeo Premium \u043f\u043e\u043b\u043d\u043e\u0440\u0430\u0446\u0438\u043e\u043d\u043d\u044b\u0439 \u043a\u043e\u0440\u043c \u0434\u043b\u044f \u043c\u043e\u0440\u0441\u043a\u043e\u0439 \u0441\u0432\u0438\u043d\u043a\u0438 500 \u0433 \u0441 \u0434\u043e\u0441\u0442\u0430\u0432\u043a\u043e\u0439 \u043f\u043e \u041a\u0438\u0448\u0438\u043d\u0435\u0432\u0443 \u0438 \u0432\u0441\u0435\u0439 \u041c\u043e\u043b\u0434\u043e\u0432\u0435 \u043d\u0430 Pet24","og_url":"https:\/\/pet24.md\/ro\/product\/vitapol-karmeo-premium-polnoraczionnyj-korm-dlya-morskoj-svinki-500-g\/","og_site_name":"Pet24","article_publisher":"https:\/\/www.facebook.com\/pet24.md","article_modified_time":"2024-09-22T22:12:49+00:00","og_image":[{"width":600,"height":600,"url":"https:\/\/pet24.md\/wp-content\/uploads\/2024\/09\/vitapol-karmeo-premium-polnoraczionnyj-korm-dlya-morskoj-svinki-500-g.webp","type":"image\/webp"}],"twitter_card":"summary_large_image","schema":{"@context":"https:\/\/schema.org","@graph":[{"@type":"WebPage","@id":"https:\/\/pet24.md\/ro\/product\/vitapol-karmeo-premium-polnoraczionnyj-korm-dlya-morskoj-svinki-500-g\/","url":"https:\/\/pet24.md\/ro\/product\/vitapol-karmeo-premium-polnoraczionnyj-korm-dlya-morskoj-svinki-500-g\/","name":"Vitapol. Hrana completa Karmeo Premium pentru cobai 500 g","isPartOf":{"@id":"https:\/\/pet24.md\/#website"},"primaryImageOfPage":{"@id":"https:\/\/pet24.md\/ro\/product\/vitapol-karmeo-premium-polnoraczionnyj-korm-dlya-morskoj-svinki-500-g\/#primaryimage"},"image":{"@id":"https:\/\/pet24.md\/ro\/product\/vitapol-karmeo-premium-polnoraczionnyj-korm-dlya-morskoj-svinki-500-g\/#primaryimage"},"thumbnailUrl":"https:\/\/pet24.md\/wp-content\/uploads\/2024\/09\/vitapol-karmeo-premium-polnoraczionnyj-korm-dlya-morskoj-svinki-500-g.webp","datePublished":"2023-10-26T13:40:41+00:00","dateModified":"2024-09-22T22:12:49+00:00","description":"\u041a\u0443\u043f\u0438\u0442\u044c Vitapol. Karmeo Premium \u043f\u043e\u043b\u043d\u043e\u0440\u0430\u0446\u0438\u043e\u043d\u043d\u044b\u0439 \u043a\u043e\u0440\u043c \u0434\u043b\u044f \u043c\u043e\u0440\u0441\u043a\u043e\u0439 \u0441\u0432\u0438\u043d\u043a\u0438 500 \u0433 \u0441 \u0434\u043e\u0441\u0442\u0430\u0432\u043a\u043e\u0439 \u043f\u043e \u041a\u0438\u0448\u0438\u043d\u0435\u0432\u0443 \u0438 \u0432\u0441\u0435\u0439 \u041c\u043e\u043b\u0434\u043e\u0432\u0435 \u043d\u0430 Pet24","breadcrumb":{"@id":"https:\/\/pet24.md\/ro\/product\/vitapol-karmeo-premium-polnoraczionnyj-korm-dlya-morskoj-svinki-500-g\/#breadcrumb"},"inLanguage":"ro-RO","potentialAction":[{"@type":"ReadAction","target":["https:\/\/pet24.md\/ro\/product\/vitapol-karmeo-premium-polnoraczionnyj-korm-dlya-morskoj-svinki-500-g\/"]}]},{"@type":"ImageObject","inLanguage":"ro-RO","@id":"https:\/\/pet24.md\/ro\/product\/vitapol-karmeo-premium-polnoraczionnyj-korm-dlya-morskoj-svinki-500-g\/#primaryimage","url":"https:\/\/pet24.md\/wp-content\/uploads\/2024\/09\/vitapol-karmeo-premium-polnoraczionnyj-korm-dlya-morskoj-svinki-500-g.webp","contentUrl":"https:\/\/pet24.md\/wp-content\/uploads\/2024\/09\/vitapol-karmeo-premium-polnoraczionnyj-korm-dlya-morskoj-svinki-500-g.webp","width":600,"height":600,"caption":"vitapol karmeo premium polnoraczionnyj korm dlya morskoj svinki 500 g"},{"@type":"BreadcrumbList","@id":"https:\/\/pet24.md\/ro\/product\/vitapol-karmeo-premium-polnoraczionnyj-korm-dlya-morskoj-svinki-500-g\/#breadcrumb","itemListElement":[{"@type":"ListItem","position":1,"name":"\u0413\u043b\u0430\u0432\u043d\u0430\u044f \u0441\u0442\u0440\u0430\u043d\u0438\u0446\u0430","item":"https:\/\/pet24.md\/"},{"@type":"ListItem","position":2,"name":"\u041c\u0430\u0433\u0430\u0437\u0438\u043d","item":"https:\/\/pet24.md\/shop\/"},{"@type":"ListItem","position":3,"name":"Vitapol. Karmeo Premium \u043f\u043e\u043b\u043d\u043e\u0440\u0430\u0446\u0438\u043e\u043d\u043d\u044b\u0439 \u043a\u043e\u0440\u043c \u0434\u043b\u044f \u043c\u043e\u0440\u0441\u043a\u043e\u0439 \u0441\u0432\u0438\u043d\u043a\u0438 500 \u0433"}]},{"@type":"WebSite","@id":"https:\/\/pet24.md\/#website","url":"https:\/\/pet24.md\/","name":"Pet24","description":"Magazin de animale de companie","publisher":{"@id":"https:\/\/pet24.md\/#organization"},"potentialAction":[{"@type":"SearchAction","target":{"@type":"EntryPoint","urlTemplate":"https:\/\/pet24.md\/?s={search_term_string}"},"query-input":{"@type":"PropertyValueSpecification","valueRequired":true,"valueName":"search_term_string"}}],"inLanguage":"ro-RO"},{"@type":"Organization","@id":"https:\/\/pet24.md\/#organization","name":"Pet24","url":"https:\/\/pet24.md\/","logo":{"@type":"ImageObject","inLanguage":"ro-RO","@id":"https:\/\/pet24.md\/#\/schema\/logo\/image\/","url":"https:\/\/pet24.md\/wp-content\/uploads\/2024\/09\/logo.svg","contentUrl":"https:\/\/pet24.md\/wp-content\/uploads\/2024\/09\/logo.svg","width":215,"height":66,"caption":"Pet24"},"image":{"@id":"https:\/\/pet24.md\/#\/schema\/logo\/image\/"},"sameAs":["https:\/\/www.facebook.com\/pet24.md","https:\/\/www.instagram.com\/pet24.md\/"],"telephone":"+37360508880"}]}},"_links":{"self":[{"href":"https:\/\/pet24.md\/ro\/wp-json\/wp\/v2\/product\/33312","targetHints":{"allow":["GET"]}}],"collection":[{"href":"https:\/\/pet24.md\/ro\/wp-json\/wp\/v2\/product"}],"about":[{"href":"https:\/\/pet24.md\/ro\/wp-json\/wp\/v2\/types\/product"}],"replies":[{"embeddable":true,"href":"https:\/\/pet24.md\/ro\/wp-json\/wp\/v2\/comments?post=33312"}],"wp:featuredmedia":[{"embeddable":true,"href":"https:\/\/pet24.md\/ro\/wp-json\/wp\/v2\/media\/90211"}],"wp:attachment":[{"href":"https:\/\/pet24.md\/ro\/wp-json\/wp\/v2\/media?parent=33312"}],"wp:term":[{"taxonomy":"product_brand","embeddable":true,"href":"https:\/\/pet24.md\/ro\/wp-json\/wp\/v2\/product_brand?post=33312"},{"taxonomy":"product_cat","embeddable":true,"href":"https:\/\/pet24.md\/ro\/wp-json\/wp\/v2\/product_cat?post=33312"},{"taxonomy":"product_tag","embeddable":true,"href":"https:\/\/pet24.md\/ro\/wp-json\/wp\/v2\/product_tag?post=33312"}],"curies":[{"name":"wp","href":"https:\/\/api.w.org\/{rel}","templated":true}]}}