{"id":33315,"date":"2023-10-23T17:14:10","date_gmt":"2023-10-23T17:14:10","guid":{"rendered":"https:\/\/pet24.md\/?post_type=product&#038;p=33315"},"modified":"2024-09-22T22:12:49","modified_gmt":"2024-09-22T22:12:49","slug":"vitapol-korm-dlya-morskoj-svinki-20kg","status":"publish","type":"product","link":"https:\/\/pet24.md\/ro\/produs\/vitapol-korm-dlya-morskoj-svinki-20kg\/","title":{"rendered":"Vitapol. Hrana pentru cobai 20 kg"},"content":{"rendered":"<h1>Amestecul de baz\u0103 pentru cobai<\/h1>\n<p><strong>O formul\u0103 de baz\u0103 echilibrat\u0103 corespunz\u0103tor pentru cobai, care reduce cantitatea de cereale \u00een favoarea diferitelor tipuri de granule \u0219i extrudate de vitamine. Aceast\u0103 diversitate ofer\u0103 acces la o gam\u0103 larg\u0103 de nutrien\u021bi esen\u021biali. Pele\u021bii de f\u00e2n men\u021bin nivelurile de fibre brute necesare pentru buna func\u021bionare a sistemului digestiv al cobaiului. Amestecul este \u00eembog\u0103\u021bit cu legume (morcovi, sfecl\u0103 ro\u0219ie, p\u0103st\u00e2rnac, \u021belin\u0103, m\u0103rar) \u0219i fructe bogate \u00een vitamina C pentru a oferi cantitatea corect\u0103 \u00een alimenta\u021bia zilnic\u0103.<\/strong><\/p>\n<h2>Compus:<\/h2>\n<ul>\n<li>t\u0103r\u00e2\u021be de gr\u00e2u<\/li>\n<li>f\u0103in\u0103 de gr\u00e2u<\/li>\n<li>F\u0103in\u0103 de lucern\u0103<\/li>\n<li>F\u0103in\u0103 de porumb<\/li>\n<li>Faina de rapita dupa extragere<\/li>\n<li>F\u00e2n granulat<\/li>\n<li>Tarate de ovaz<\/li>\n<li>Coji de soia<\/li>\n<li>Orz<\/li>\n<li>Gr\u00e2u<\/li>\n<li>Seminte de in<\/li>\n<li>Fulgi de maz\u0103re (2.5%)<\/li>\n<li>Morcovi usca\u021bi (2%)<\/li>\n<li>P\u0103st\u00e2rnac uscat (2%)<\/li>\n<li>Sfecla rosie uscata<\/li>\n<li>Seminte de dovleac uscate (1%)<\/li>\n<li>Fulgi de gr\u00e2u<\/li>\n<li>Coac\u0103ze negre uscate (1%)<\/li>\n<li>Cimbru (1%)<\/li>\n<li>\u021aelin\u0103 uscat\u0103 (0,5%)<\/li>\n<li>Tulpini de p\u0103trunjel uscate (0,5%)<\/li>\n<li>Scoar\u021b\u0103 de salcie uscat\u0103<\/li>\n<li>Lucerna uscat\u0103<\/li>\n<li>Fibre de maz\u0103re<\/li>\n<li>Pulpa de sfecl\u0103<\/li>\n<li>F\u0103in\u0103 de morcovi<\/li>\n<li>Carbonat de calciu<\/li>\n<li>Monofosfat de calciu<\/li>\n<\/ul>\n<h2>Compozi\u021bia analitic\u0103:<\/h2>\n<ul>\n<li>Proteine brute (metoda Kjeldahl) min. 10.8%<\/li>\n<li>Con\u021binut de uleiuri \u0219i gr\u0103simi brute min. 1.67%<\/li>\n<li>Fibr\u0103 brut\u0103 max. 12.34%<\/li>\n<li>Cenu\u0219\u0103 brut\u0103 max. 5.68%<\/li>\n<li>Umiditate max. 12%<\/li>\n<\/ul>\n<h2>Por\u021bie zilnic\u0103 recomandat\u0103:<\/h2>\n<ul>\n<li>35-50 g in functie de greutatea si varsta animalului.<\/li>\n<\/ul>\n<p>Asigura\u021bi acces constant la f\u00e2n \u0219i ap\u0103 proasp\u0103t\u0103 de b\u0103ut. Nivelul de vitamina C scade \u00een timp.<\/p>","protected":false},"excerpt":{"rendered":"<p>\u041e\u0441\u043d\u043e\u0432\u043d\u0430\u044f \u0441\u043c\u0435\u0441\u044c \u0434\u043b\u044f \u043c\u043e\u0440\u0441\u043a\u0438\u0445 \u0441\u0432\u0438\u043d\u043e\u043a \u041f\u0440\u0430\u0432\u0438\u043b\u044c\u043d\u043e \u0441\u0431\u0430\u043b\u0430\u043d\u0441\u0438\u0440\u043e\u0432\u0430\u043d\u043d\u0430\u044f \u043e\u0441\u043d\u043e\u0432\u043d\u0430\u044f \u0441\u043c\u0435\u0441\u044c \u0434\u043b\u044f \u043c\u043e\u0440\u0441\u043a\u0438\u0445 \u0441\u0432\u0438\u043d\u043e\u043a, \u0432 \u043a\u043e\u0442\u043e\u0440\u043e\u0439 \u043a\u043e\u043b\u0438\u0447\u0435\u0441\u0442\u0432\u043e \u0437\u0435\u0440\u0435\u043d \u0443\u043c\u0435\u043d\u044c\u0448\u0435\u043d\u043e \u0432 \u043f\u043e\u043b\u044c\u0437\u0443 \u0440\u0430\u0437\u043b\u0438\u0447\u043d\u044b\u0445 \u0442\u0438\u043f\u043e\u0432 \u0432\u0438\u0442\u0430\u043c\u0438\u043d\u043d\u044b\u0445&hellip;<\/p>","protected":false},"featured_media":90212,"comment_status":"closed","ping_status":"closed","template":"","meta":[],"product_brand":[],"product_cat":[156,169,527],"product_tag":[497,531,532],"class_list":{"0":"post-33315","1":"product","2":"type-product","3":"status-publish","4":"has-post-thumbnail","6":"product_cat-rodent","7":"product_cat-rodent-food","8":"product_cat-guinea-pig-food","9":"product_tag-vitalol","10":"product_tag-korm-dlya-morskoj-svinki","11":"product_tag-morskaya-svinka","12":"pa_brand-vitapol","13":"pa_pet-gryzun","14":"pa_weight-20-kg","16":"first","17":"outofstock","18":"product-type-simple"},"yoast_head":"<!-- This site is optimized with the Yoast SEO Premium plugin v23.7 (Yoast SEO v27.5) - https:\/\/yoast.com\/product\/yoast-seo-premium-wordpress\/ -->\n<title>Vitapol. \u041a\u043e\u0440\u043c \u0434\u043b\u044f \u043c\u043e\u0440\u0441\u043a\u043e\u0439 \u0441\u0432\u0438\u043d\u043a\u0438 20\u043a\u0433<\/title>\n<meta name=\"description\" content=\"\u041a\u0443\u043f\u0438\u0442\u044c Vitapol. \u041a\u043e\u0440\u043c \u0434\u043b\u044f \u043c\u043e\u0440\u0441\u043a\u043e\u0439 \u0441\u0432\u0438\u043d\u043a\u0438 20\u043a\u0433 \u0441 \u0434\u043e\u0441\u0442\u0430\u0432\u043a\u043e\u0439 \u043f\u043e \u041a\u0438\u0448\u0438\u043d\u0435\u0432\u0443 \u0438 \u0432\u0441\u0435\u0439 \u041c\u043e\u043b\u0434\u043e\u0432\u0435 \u043d\u0430 Pet24\" \/>\n<meta name=\"robots\" content=\"index, follow, max-snippet:-1, max-image-preview:large, max-video-preview:-1\" \/>\n<link rel=\"canonical\" href=\"https:\/\/pet24.md\/ro\/produs\/vitapol-korm-dlya-morskoj-svinki-20kg\/\" \/>\n<meta property=\"og:locale\" content=\"ro_RO\" \/>\n<meta property=\"og:type\" content=\"article\" \/>\n<meta property=\"og:title\" content=\"Vitapol. \u041a\u043e\u0440\u043c \u0434\u043b\u044f \u043c\u043e\u0440\u0441\u043a\u043e\u0439 \u0441\u0432\u0438\u043d\u043a\u0438 20\u043a\u0433\" \/>\n<meta property=\"og:description\" content=\"\u041a\u0443\u043f\u0438\u0442\u044c Vitapol. \u041a\u043e\u0440\u043c \u0434\u043b\u044f \u043c\u043e\u0440\u0441\u043a\u043e\u0439 \u0441\u0432\u0438\u043d\u043a\u0438 20\u043a\u0433 \u0441 \u0434\u043e\u0441\u0442\u0430\u0432\u043a\u043e\u0439 \u043f\u043e \u041a\u0438\u0448\u0438\u043d\u0435\u0432\u0443 \u0438 \u0432\u0441\u0435\u0439 \u041c\u043e\u043b\u0434\u043e\u0432\u0435 \u043d\u0430 Pet24\" \/>\n<meta property=\"og:url\" content=\"https:\/\/pet24.md\/ro\/produs\/vitapol-korm-dlya-morskoj-svinki-20kg\/\" \/>\n<meta property=\"og:site_name\" content=\"Pet24\" \/>\n<meta property=\"article:publisher\" content=\"https:\/\/www.facebook.com\/pet24.md\" \/>\n<meta property=\"article:modified_time\" content=\"2024-09-22T22:12:49+00:00\" \/>\n<meta property=\"og:image\" content=\"https:\/\/pet24.md\/wp-content\/uploads\/2024\/09\/vitapol.-korm-dlya-morskoj-svinki-20kg-.webp\" \/>\n\t<meta property=\"og:image:width\" content=\"600\" \/>\n\t<meta property=\"og:image:height\" content=\"600\" \/>\n\t<meta property=\"og:image:type\" content=\"image\/webp\" \/>\n<meta name=\"twitter:card\" content=\"summary_large_image\" \/>\n<script type=\"application\/ld+json\" class=\"yoast-schema-graph\">{\"@context\":\"https:\\\/\\\/schema.org\",\"@graph\":[{\"@type\":\"WebPage\",\"@id\":\"https:\\\/\\\/pet24.md\\\/product\\\/vitapol-korm-dlya-morskoj-svinki-20kg\\\/\",\"url\":\"https:\\\/\\\/pet24.md\\\/product\\\/vitapol-korm-dlya-morskoj-svinki-20kg\\\/\",\"name\":\"Vitapol. \u041a\u043e\u0440\u043c \u0434\u043b\u044f \u043c\u043e\u0440\u0441\u043a\u043e\u0439 \u0441\u0432\u0438\u043d\u043a\u0438 20\u043a\u0433\",\"isPartOf\":{\"@id\":\"https:\\\/\\\/pet24.md\\\/#website\"},\"primaryImageOfPage\":{\"@id\":\"https:\\\/\\\/pet24.md\\\/product\\\/vitapol-korm-dlya-morskoj-svinki-20kg\\\/#primaryimage\"},\"image\":{\"@id\":\"https:\\\/\\\/pet24.md\\\/product\\\/vitapol-korm-dlya-morskoj-svinki-20kg\\\/#primaryimage\"},\"thumbnailUrl\":\"https:\\\/\\\/pet24.md\\\/wp-content\\\/uploads\\\/2024\\\/09\\\/vitapol.-korm-dlya-morskoj-svinki-20kg-.webp\",\"datePublished\":\"2023-10-23T17:14:10+00:00\",\"dateModified\":\"2024-09-22T22:12:49+00:00\",\"description\":\"\u041a\u0443\u043f\u0438\u0442\u044c Vitapol. \u041a\u043e\u0440\u043c \u0434\u043b\u044f \u043c\u043e\u0440\u0441\u043a\u043e\u0439 \u0441\u0432\u0438\u043d\u043a\u0438 20\u043a\u0433 \u0441 \u0434\u043e\u0441\u0442\u0430\u0432\u043a\u043e\u0439 \u043f\u043e \u041a\u0438\u0448\u0438\u043d\u0435\u0432\u0443 \u0438 \u0432\u0441\u0435\u0439 \u041c\u043e\u043b\u0434\u043e\u0432\u0435 \u043d\u0430 Pet24\",\"breadcrumb\":{\"@id\":\"https:\\\/\\\/pet24.md\\\/product\\\/vitapol-korm-dlya-morskoj-svinki-20kg\\\/#breadcrumb\"},\"inLanguage\":\"ro-RO\",\"potentialAction\":[{\"@type\":\"ReadAction\",\"target\":[\"https:\\\/\\\/pet24.md\\\/product\\\/vitapol-korm-dlya-morskoj-svinki-20kg\\\/\"]}]},{\"@type\":\"ImageObject\",\"inLanguage\":\"ro-RO\",\"@id\":\"https:\\\/\\\/pet24.md\\\/product\\\/vitapol-korm-dlya-morskoj-svinki-20kg\\\/#primaryimage\",\"url\":\"https:\\\/\\\/pet24.md\\\/wp-content\\\/uploads\\\/2024\\\/09\\\/vitapol.-korm-dlya-morskoj-svinki-20kg-.webp\",\"contentUrl\":\"https:\\\/\\\/pet24.md\\\/wp-content\\\/uploads\\\/2024\\\/09\\\/vitapol.-korm-dlya-morskoj-svinki-20kg-.webp\",\"width\":600,\"height\":600,\"caption\":\"vitapol. korm dlya morskoj svinki 20kg\"},{\"@type\":\"BreadcrumbList\",\"@id\":\"https:\\\/\\\/pet24.md\\\/product\\\/vitapol-korm-dlya-morskoj-svinki-20kg\\\/#breadcrumb\",\"itemListElement\":[{\"@type\":\"ListItem\",\"position\":1,\"name\":\"\u0413\u043b\u0430\u0432\u043d\u0430\u044f \u0441\u0442\u0440\u0430\u043d\u0438\u0446\u0430\",\"item\":\"https:\\\/\\\/pet24.md\\\/\"},{\"@type\":\"ListItem\",\"position\":2,\"name\":\"\u041c\u0430\u0433\u0430\u0437\u0438\u043d\",\"item\":\"https:\\\/\\\/pet24.md\\\/shop\\\/\"},{\"@type\":\"ListItem\",\"position\":3,\"name\":\"Vitapol. \u041a\u043e\u0440\u043c \u0434\u043b\u044f \u043c\u043e\u0440\u0441\u043a\u043e\u0439 \u0441\u0432\u0438\u043d\u043a\u0438 20\u043a\u0433\"}]},{\"@type\":\"WebSite\",\"@id\":\"https:\\\/\\\/pet24.md\\\/#website\",\"url\":\"https:\\\/\\\/pet24.md\\\/\",\"name\":\"Pet24\",\"description\":\"\u0417\u043e\u043e\u043c\u0430\u0433\u0430\u0437\u0438\u043d \u0442\u043e\u0432\u0430\u0440\u043e\u0432 \u0434\u043b\u044f \u0434\u043e\u043c\u0430\u0448\u043d\u0438\u0445 \u043f\u0438\u0442\u043e\u043c\u0446\u0435\u0432\",\"publisher\":{\"@id\":\"https:\\\/\\\/pet24.md\\\/#organization\"},\"potentialAction\":[{\"@type\":\"SearchAction\",\"target\":{\"@type\":\"EntryPoint\",\"urlTemplate\":\"https:\\\/\\\/pet24.md\\\/?s={search_term_string}\"},\"query-input\":{\"@type\":\"PropertyValueSpecification\",\"valueRequired\":true,\"valueName\":\"search_term_string\"}}],\"inLanguage\":\"ro-RO\"},{\"@type\":\"Organization\",\"@id\":\"https:\\\/\\\/pet24.md\\\/#organization\",\"name\":\"Pet24\",\"url\":\"https:\\\/\\\/pet24.md\\\/\",\"logo\":{\"@type\":\"ImageObject\",\"inLanguage\":\"ro-RO\",\"@id\":\"https:\\\/\\\/pet24.md\\\/#\\\/schema\\\/logo\\\/image\\\/\",\"url\":\"https:\\\/\\\/pet24.md\\\/wp-content\\\/uploads\\\/2024\\\/09\\\/logo.svg\",\"contentUrl\":\"https:\\\/\\\/pet24.md\\\/wp-content\\\/uploads\\\/2024\\\/09\\\/logo.svg\",\"width\":215,\"height\":66,\"caption\":\"Pet24\"},\"image\":{\"@id\":\"https:\\\/\\\/pet24.md\\\/#\\\/schema\\\/logo\\\/image\\\/\"},\"sameAs\":[\"https:\\\/\\\/www.facebook.com\\\/pet24.md\",\"https:\\\/\\\/www.instagram.com\\\/pet24.md\\\/\"],\"telephone\":\"+37360508880\"}]}<\/script>\n<!-- \/ Yoast SEO Premium plugin. -->","yoast_head_json":{"title":"Vitapol. Hrana pentru cobai 20 kg","description":"\u041a\u0443\u043f\u0438\u0442\u044c Vitapol. \u041a\u043e\u0440\u043c \u0434\u043b\u044f \u043c\u043e\u0440\u0441\u043a\u043e\u0439 \u0441\u0432\u0438\u043d\u043a\u0438 20\u043a\u0433 \u0441 \u0434\u043e\u0441\u0442\u0430\u0432\u043a\u043e\u0439 \u043f\u043e \u041a\u0438\u0448\u0438\u043d\u0435\u0432\u0443 \u0438 \u0432\u0441\u0435\u0439 \u041c\u043e\u043b\u0434\u043e\u0432\u0435 \u043d\u0430 Pet24","robots":{"index":"index","follow":"follow","max-snippet":"max-snippet:-1","max-image-preview":"max-image-preview:large","max-video-preview":"max-video-preview:-1"},"canonical":"https:\/\/pet24.md\/ro\/produs\/vitapol-korm-dlya-morskoj-svinki-20kg\/","og_locale":"ro_RO","og_type":"article","og_title":"Vitapol. \u041a\u043e\u0440\u043c \u0434\u043b\u044f \u043c\u043e\u0440\u0441\u043a\u043e\u0439 \u0441\u0432\u0438\u043d\u043a\u0438 20\u043a\u0433","og_description":"\u041a\u0443\u043f\u0438\u0442\u044c Vitapol. \u041a\u043e\u0440\u043c \u0434\u043b\u044f \u043c\u043e\u0440\u0441\u043a\u043e\u0439 \u0441\u0432\u0438\u043d\u043a\u0438 20\u043a\u0433 \u0441 \u0434\u043e\u0441\u0442\u0430\u0432\u043a\u043e\u0439 \u043f\u043e \u041a\u0438\u0448\u0438\u043d\u0435\u0432\u0443 \u0438 \u0432\u0441\u0435\u0439 \u041c\u043e\u043b\u0434\u043e\u0432\u0435 \u043d\u0430 Pet24","og_url":"https:\/\/pet24.md\/ro\/produs\/vitapol-korm-dlya-morskoj-svinki-20kg\/","og_site_name":"Pet24","article_publisher":"https:\/\/www.facebook.com\/pet24.md","article_modified_time":"2024-09-22T22:12:49+00:00","og_image":[{"width":600,"height":600,"url":"https:\/\/pet24.md\/wp-content\/uploads\/2024\/09\/vitapol.-korm-dlya-morskoj-svinki-20kg-.webp","type":"image\/webp"}],"twitter_card":"summary_large_image","schema":{"@context":"https:\/\/schema.org","@graph":[{"@type":"WebPage","@id":"https:\/\/pet24.md\/product\/vitapol-korm-dlya-morskoj-svinki-20kg\/","url":"https:\/\/pet24.md\/product\/vitapol-korm-dlya-morskoj-svinki-20kg\/","name":"Vitapol. Hrana pentru cobai 20 kg","isPartOf":{"@id":"https:\/\/pet24.md\/#website"},"primaryImageOfPage":{"@id":"https:\/\/pet24.md\/product\/vitapol-korm-dlya-morskoj-svinki-20kg\/#primaryimage"},"image":{"@id":"https:\/\/pet24.md\/product\/vitapol-korm-dlya-morskoj-svinki-20kg\/#primaryimage"},"thumbnailUrl":"https:\/\/pet24.md\/wp-content\/uploads\/2024\/09\/vitapol.-korm-dlya-morskoj-svinki-20kg-.webp","datePublished":"2023-10-23T17:14:10+00:00","dateModified":"2024-09-22T22:12:49+00:00","description":"\u041a\u0443\u043f\u0438\u0442\u044c Vitapol. \u041a\u043e\u0440\u043c \u0434\u043b\u044f \u043c\u043e\u0440\u0441\u043a\u043e\u0439 \u0441\u0432\u0438\u043d\u043a\u0438 20\u043a\u0433 \u0441 \u0434\u043e\u0441\u0442\u0430\u0432\u043a\u043e\u0439 \u043f\u043e \u041a\u0438\u0448\u0438\u043d\u0435\u0432\u0443 \u0438 \u0432\u0441\u0435\u0439 \u041c\u043e\u043b\u0434\u043e\u0432\u0435 \u043d\u0430 Pet24","breadcrumb":{"@id":"https:\/\/pet24.md\/product\/vitapol-korm-dlya-morskoj-svinki-20kg\/#breadcrumb"},"inLanguage":"ro-RO","potentialAction":[{"@type":"ReadAction","target":["https:\/\/pet24.md\/product\/vitapol-korm-dlya-morskoj-svinki-20kg\/"]}]},{"@type":"ImageObject","inLanguage":"ro-RO","@id":"https:\/\/pet24.md\/product\/vitapol-korm-dlya-morskoj-svinki-20kg\/#primaryimage","url":"https:\/\/pet24.md\/wp-content\/uploads\/2024\/09\/vitapol.-korm-dlya-morskoj-svinki-20kg-.webp","contentUrl":"https:\/\/pet24.md\/wp-content\/uploads\/2024\/09\/vitapol.-korm-dlya-morskoj-svinki-20kg-.webp","width":600,"height":600,"caption":"vitapol. korm dlya morskoj svinki 20kg"},{"@type":"BreadcrumbList","@id":"https:\/\/pet24.md\/product\/vitapol-korm-dlya-morskoj-svinki-20kg\/#breadcrumb","itemListElement":[{"@type":"ListItem","position":1,"name":"\u0413\u043b\u0430\u0432\u043d\u0430\u044f \u0441\u0442\u0440\u0430\u043d\u0438\u0446\u0430","item":"https:\/\/pet24.md\/"},{"@type":"ListItem","position":2,"name":"\u041c\u0430\u0433\u0430\u0437\u0438\u043d","item":"https:\/\/pet24.md\/shop\/"},{"@type":"ListItem","position":3,"name":"Vitapol. \u041a\u043e\u0440\u043c \u0434\u043b\u044f \u043c\u043e\u0440\u0441\u043a\u043e\u0439 \u0441\u0432\u0438\u043d\u043a\u0438 20\u043a\u0433"}]},{"@type":"WebSite","@id":"https:\/\/pet24.md\/#website","url":"https:\/\/pet24.md\/","name":"Pet24","description":"Magazin de animale de companie","publisher":{"@id":"https:\/\/pet24.md\/#organization"},"potentialAction":[{"@type":"SearchAction","target":{"@type":"EntryPoint","urlTemplate":"https:\/\/pet24.md\/?s={search_term_string}"},"query-input":{"@type":"PropertyValueSpecification","valueRequired":true,"valueName":"search_term_string"}}],"inLanguage":"ro-RO"},{"@type":"Organization","@id":"https:\/\/pet24.md\/#organization","name":"Pet24","url":"https:\/\/pet24.md\/","logo":{"@type":"ImageObject","inLanguage":"ro-RO","@id":"https:\/\/pet24.md\/#\/schema\/logo\/image\/","url":"https:\/\/pet24.md\/wp-content\/uploads\/2024\/09\/logo.svg","contentUrl":"https:\/\/pet24.md\/wp-content\/uploads\/2024\/09\/logo.svg","width":215,"height":66,"caption":"Pet24"},"image":{"@id":"https:\/\/pet24.md\/#\/schema\/logo\/image\/"},"sameAs":["https:\/\/www.facebook.com\/pet24.md","https:\/\/www.instagram.com\/pet24.md\/"],"telephone":"+37360508880"}]}},"_links":{"self":[{"href":"https:\/\/pet24.md\/ro\/wp-json\/wp\/v2\/product\/33315","targetHints":{"allow":["GET"]}}],"collection":[{"href":"https:\/\/pet24.md\/ro\/wp-json\/wp\/v2\/product"}],"about":[{"href":"https:\/\/pet24.md\/ro\/wp-json\/wp\/v2\/types\/product"}],"replies":[{"embeddable":true,"href":"https:\/\/pet24.md\/ro\/wp-json\/wp\/v2\/comments?post=33315"}],"wp:featuredmedia":[{"embeddable":true,"href":"https:\/\/pet24.md\/ro\/wp-json\/wp\/v2\/media\/90212"}],"wp:attachment":[{"href":"https:\/\/pet24.md\/ro\/wp-json\/wp\/v2\/media?parent=33315"}],"wp:term":[{"taxonomy":"product_brand","embeddable":true,"href":"https:\/\/pet24.md\/ro\/wp-json\/wp\/v2\/product_brand?post=33315"},{"taxonomy":"product_cat","embeddable":true,"href":"https:\/\/pet24.md\/ro\/wp-json\/wp\/v2\/product_cat?post=33315"},{"taxonomy":"product_tag","embeddable":true,"href":"https:\/\/pet24.md\/ro\/wp-json\/wp\/v2\/product_tag?post=33315"}],"curies":[{"name":"wp","href":"https:\/\/api.w.org\/{rel}","templated":true}]}}