{"id":33535,"date":"2023-10-24T15:59:09","date_gmt":"2023-10-24T15:59:09","guid":{"rendered":"https:\/\/pet24.md\/?post_type=product&#038;p=33535"},"modified":"2024-09-22T22:13:13","modified_gmt":"2024-09-22T22:13:13","slug":"flexi-povodok-ruletka-comfort-m-cord-5m-krasnyj","status":"publish","type":"product","link":"https:\/\/pet24.md\/ro\/produs\/flexi-povodok-ruletka-comfort-m-cord-5m-krasnyj\/","title":{"rendered":"Flexi. Banda de lesa COMFORT M Cord 5m rosu"},"content":{"rendered":"<h1>Band\u0103 de m\u0103surare pentru c\u00e2ini cu greutatea de p\u00e2n\u0103 la 20 kg, lungime 5 m, ro\u0219ie<\/h1>\n<p><strong>FLEXI este un ham de c\u00e2ini de calitate fabricat \u00een Germania care a c\u00e2\u0219tigat dragostea \u0219i \u00eencrederea iubitorilor de c\u00e2ini din \u00eentreaga lume. Lesele cu bucl\u0103 \u021bin c\u00e2inele sub control, permi\u021b\u00e2ndu-i s\u0103 se mi\u0219te liber \u0219i s\u0103-\u0219i exploreze mediul. FLEXI este conexiunea perfect\u0103 \u00eentre tine \u0219i cel mai bun prieten al t\u0103u. Cu hamul pentru c\u00e2ini FLEXI vei merge mereu cu c\u00e2inele t\u0103u confortabil \u0219i \u00een siguran\u021b\u0103, iar cu ajutorul accesoriilor po\u021bi face hamul \u0219i mai ergonomic la utilizare.<\/strong><\/p>\n<h2>Specificatii:<\/h2>\n<ul>\n<li><strong>Componente din cauciuc:<\/strong> Ofer\u0103 o prindere sigur\u0103 \u0219i confortabil\u0103.<\/li>\n<li><strong>Sistem de fr\u00e2nare confortabil cu lungime redus\u0103 a cursei:<\/strong> V\u0103 permite s\u0103 opri\u021bi rapid \u0219i \u00een siguran\u021b\u0103 c\u00e2inele.<\/li>\n<li><strong>\u00cenchiz\u0103toare cromat\u0103:<\/strong> Ofer\u0103 durabilitate \u0219i siguran\u021b\u0103.<\/li>\n<li><strong>Centura de siguranta cu elemente reflectorizante:<\/strong> Creste vizibilitatea si siguranta pe timp de noapte (de la marimea S).<\/li>\n<li><strong>Sistem de iluminare LED \u0219i op\u021biuni Multi Box disponibile:<\/strong> V\u0103 permite s\u0103 ata\u0219a\u021bi accesorii pentru o utilizare mai convenabil\u0103 (de la m\u0103rimea S).<\/li>\n<li><strong>Reglarea m\u00e2nerului:<\/strong> Ofera confort suplimentar (de la marimea M).<\/li>\n<\/ul>","protected":false},"excerpt":{"rendered":"<p>\u0420\u0443\u043b\u0435\u0442\u043a\u0430 \u0434\u043b\u044f \u0441\u043e\u0431\u0430\u043a \u0432\u0435\u0441\u043e\u043c \u0434\u043e 20 \u043a\u0433, \u0434\u043b\u0438\u043d\u0430 5 \u043c, \u043a\u0440\u0430\u0441\u043d\u0430\u044f FLEXI &#8212; \u044d\u0442\u043e \u0432\u044b\u0441\u043e\u043a\u043e\u043a\u0430\u0447\u0435\u0441\u0442\u0432\u0435\u043d\u043d\u0430\u044f \u0448\u043b\u0435\u0439\u043a\u0430 \u0434\u043b\u044f \u0441\u043e\u0431\u0430\u043a, \u0438\u0437\u0433\u043e\u0442\u043e\u0432\u043b\u0435\u043d\u043d\u0430\u044f \u0432 \u0413\u0435\u0440\u043c\u0430\u043d\u0438\u0438, \u043a\u043e\u0442\u043e\u0440\u0430\u044f&hellip;<\/p>","protected":false},"featured_media":90286,"comment_status":"closed","ping_status":"closed","template":"","meta":[],"product_brand":[],"product_cat":[136,137,138],"product_tag":[140,260,480],"class_list":{"0":"post-33535","1":"product","2":"type-product","3":"status-publish","4":"has-post-thumbnail","6":"product_cat-dog","7":"product_cat-dogs-ammunition","8":"product_cat-dog-leashes","9":"product_tag-flexi","10":"product_tag-povodok","11":"product_tag-sobaka","12":"pa_age-pet-lyuboj-vozrast","13":"pa_brand-flexi","14":"pa_color-krasnyj","15":"pa_length-5m","16":"pa_pet-sobaka","17":"pa_size-m","19":"first","20":"instock","21":"product-type-simple"},"yoast_head":"<!-- This site is optimized with the Yoast SEO Premium plugin v23.7 (Yoast SEO v27.5) - https:\/\/yoast.com\/product\/yoast-seo-premium-wordpress\/ -->\n<title>Flexi. \u041f\u043e\u0432\u043e\u0434\u043e\u043a-\u0440\u0443\u043b\u0435\u0442\u043a\u0430 COMFORT M Cord 5m \u043a\u0440\u0430\u0441\u043d\u044b\u0439<\/title>\n<meta name=\"description\" content=\"\u041a\u0443\u043f\u0438\u0442\u044c Flexi. \u041f\u043e\u0432\u043e\u0434\u043e\u043a-\u0440\u0443\u043b\u0435\u0442\u043a\u0430 COMFORT M Cord 5m \u043a\u0440\u0430\u0441\u043d\u044b\u0439 \u0441 \u0434\u043e\u0441\u0442\u0430\u0432\u043a\u043e\u0439 \u043f\u043e \u041a\u0438\u0448\u0438\u043d\u0435\u0432\u0443 \u0438 \u0432\u0441\u0435\u0439 \u041c\u043e\u043b\u0434\u043e\u0432\u0435 \u043d\u0430 Pet24\" \/>\n<meta name=\"robots\" content=\"index, follow, max-snippet:-1, max-image-preview:large, max-video-preview:-1\" \/>\n<link rel=\"canonical\" href=\"https:\/\/pet24.md\/ro\/produs\/flexi-povodok-ruletka-comfort-m-cord-5m-krasnyj\/\" \/>\n<meta property=\"og:locale\" content=\"ro_RO\" \/>\n<meta property=\"og:type\" content=\"article\" \/>\n<meta property=\"og:title\" content=\"Flexi. \u041f\u043e\u0432\u043e\u0434\u043e\u043a-\u0440\u0443\u043b\u0435\u0442\u043a\u0430 COMFORT M Cord 5m \u043a\u0440\u0430\u0441\u043d\u044b\u0439\" \/>\n<meta property=\"og:description\" content=\"\u041a\u0443\u043f\u0438\u0442\u044c Flexi. \u041f\u043e\u0432\u043e\u0434\u043e\u043a-\u0440\u0443\u043b\u0435\u0442\u043a\u0430 COMFORT M Cord 5m \u043a\u0440\u0430\u0441\u043d\u044b\u0439 \u0441 \u0434\u043e\u0441\u0442\u0430\u0432\u043a\u043e\u0439 \u043f\u043e \u041a\u0438\u0448\u0438\u043d\u0435\u0432\u0443 \u0438 \u0432\u0441\u0435\u0439 \u041c\u043e\u043b\u0434\u043e\u0432\u0435 \u043d\u0430 Pet24\" \/>\n<meta property=\"og:url\" content=\"https:\/\/pet24.md\/ro\/produs\/flexi-povodok-ruletka-comfort-m-cord-5m-krasnyj\/\" \/>\n<meta property=\"og:site_name\" content=\"Pet24\" \/>\n<meta property=\"article:publisher\" content=\"https:\/\/www.facebook.com\/pet24.md\" \/>\n<meta property=\"article:modified_time\" content=\"2024-09-22T22:13:13+00:00\" \/>\n<meta property=\"og:image\" content=\"https:\/\/pet24.md\/wp-content\/uploads\/2024\/09\/flexi-povodok-ruletka-comfort-m-cord-5m-krasnyj.webp\" \/>\n\t<meta property=\"og:image:width\" content=\"600\" \/>\n\t<meta property=\"og:image:height\" content=\"600\" \/>\n\t<meta property=\"og:image:type\" content=\"image\/webp\" \/>\n<meta name=\"twitter:card\" content=\"summary_large_image\" \/>\n<script type=\"application\/ld+json\" class=\"yoast-schema-graph\">{\"@context\":\"https:\\\/\\\/schema.org\",\"@graph\":[{\"@type\":\"WebPage\",\"@id\":\"https:\\\/\\\/pet24.md\\\/product\\\/flexi-povodok-ruletka-comfort-m-cord-5m-krasnyj\\\/\",\"url\":\"https:\\\/\\\/pet24.md\\\/product\\\/flexi-povodok-ruletka-comfort-m-cord-5m-krasnyj\\\/\",\"name\":\"Flexi. \u041f\u043e\u0432\u043e\u0434\u043e\u043a-\u0440\u0443\u043b\u0435\u0442\u043a\u0430 COMFORT M Cord 5m \u043a\u0440\u0430\u0441\u043d\u044b\u0439\",\"isPartOf\":{\"@id\":\"https:\\\/\\\/pet24.md\\\/#website\"},\"primaryImageOfPage\":{\"@id\":\"https:\\\/\\\/pet24.md\\\/product\\\/flexi-povodok-ruletka-comfort-m-cord-5m-krasnyj\\\/#primaryimage\"},\"image\":{\"@id\":\"https:\\\/\\\/pet24.md\\\/product\\\/flexi-povodok-ruletka-comfort-m-cord-5m-krasnyj\\\/#primaryimage\"},\"thumbnailUrl\":\"https:\\\/\\\/pet24.md\\\/wp-content\\\/uploads\\\/2024\\\/09\\\/flexi-povodok-ruletka-comfort-m-cord-5m-krasnyj.webp\",\"datePublished\":\"2023-10-24T15:59:09+00:00\",\"dateModified\":\"2024-09-22T22:13:13+00:00\",\"description\":\"\u041a\u0443\u043f\u0438\u0442\u044c Flexi. \u041f\u043e\u0432\u043e\u0434\u043e\u043a-\u0440\u0443\u043b\u0435\u0442\u043a\u0430 COMFORT M Cord 5m \u043a\u0440\u0430\u0441\u043d\u044b\u0439 \u0441 \u0434\u043e\u0441\u0442\u0430\u0432\u043a\u043e\u0439 \u043f\u043e \u041a\u0438\u0448\u0438\u043d\u0435\u0432\u0443 \u0438 \u0432\u0441\u0435\u0439 \u041c\u043e\u043b\u0434\u043e\u0432\u0435 \u043d\u0430 Pet24\",\"breadcrumb\":{\"@id\":\"https:\\\/\\\/pet24.md\\\/product\\\/flexi-povodok-ruletka-comfort-m-cord-5m-krasnyj\\\/#breadcrumb\"},\"inLanguage\":\"ro-RO\",\"potentialAction\":[{\"@type\":\"ReadAction\",\"target\":[\"https:\\\/\\\/pet24.md\\\/product\\\/flexi-povodok-ruletka-comfort-m-cord-5m-krasnyj\\\/\"]}]},{\"@type\":\"ImageObject\",\"inLanguage\":\"ro-RO\",\"@id\":\"https:\\\/\\\/pet24.md\\\/product\\\/flexi-povodok-ruletka-comfort-m-cord-5m-krasnyj\\\/#primaryimage\",\"url\":\"https:\\\/\\\/pet24.md\\\/wp-content\\\/uploads\\\/2024\\\/09\\\/flexi-povodok-ruletka-comfort-m-cord-5m-krasnyj.webp\",\"contentUrl\":\"https:\\\/\\\/pet24.md\\\/wp-content\\\/uploads\\\/2024\\\/09\\\/flexi-povodok-ruletka-comfort-m-cord-5m-krasnyj.webp\",\"width\":600,\"height\":600,\"caption\":\"flexi povodok ruletka comfort m cord 5m krasnyj\"},{\"@type\":\"BreadcrumbList\",\"@id\":\"https:\\\/\\\/pet24.md\\\/product\\\/flexi-povodok-ruletka-comfort-m-cord-5m-krasnyj\\\/#breadcrumb\",\"itemListElement\":[{\"@type\":\"ListItem\",\"position\":1,\"name\":\"\u0413\u043b\u0430\u0432\u043d\u0430\u044f \u0441\u0442\u0440\u0430\u043d\u0438\u0446\u0430\",\"item\":\"https:\\\/\\\/pet24.md\\\/\"},{\"@type\":\"ListItem\",\"position\":2,\"name\":\"\u041c\u0430\u0433\u0430\u0437\u0438\u043d\",\"item\":\"https:\\\/\\\/pet24.md\\\/shop\\\/\"},{\"@type\":\"ListItem\",\"position\":3,\"name\":\"Flexi. \u041f\u043e\u0432\u043e\u0434\u043e\u043a-\u0440\u0443\u043b\u0435\u0442\u043a\u0430 COMFORT M Cord 5m \u043a\u0440\u0430\u0441\u043d\u044b\u0439\"}]},{\"@type\":\"WebSite\",\"@id\":\"https:\\\/\\\/pet24.md\\\/#website\",\"url\":\"https:\\\/\\\/pet24.md\\\/\",\"name\":\"Pet24\",\"description\":\"\u0417\u043e\u043e\u043c\u0430\u0433\u0430\u0437\u0438\u043d \u0442\u043e\u0432\u0430\u0440\u043e\u0432 \u0434\u043b\u044f \u0434\u043e\u043c\u0430\u0448\u043d\u0438\u0445 \u043f\u0438\u0442\u043e\u043c\u0446\u0435\u0432\",\"publisher\":{\"@id\":\"https:\\\/\\\/pet24.md\\\/#organization\"},\"potentialAction\":[{\"@type\":\"SearchAction\",\"target\":{\"@type\":\"EntryPoint\",\"urlTemplate\":\"https:\\\/\\\/pet24.md\\\/?s={search_term_string}\"},\"query-input\":{\"@type\":\"PropertyValueSpecification\",\"valueRequired\":true,\"valueName\":\"search_term_string\"}}],\"inLanguage\":\"ro-RO\"},{\"@type\":\"Organization\",\"@id\":\"https:\\\/\\\/pet24.md\\\/#organization\",\"name\":\"Pet24\",\"url\":\"https:\\\/\\\/pet24.md\\\/\",\"logo\":{\"@type\":\"ImageObject\",\"inLanguage\":\"ro-RO\",\"@id\":\"https:\\\/\\\/pet24.md\\\/#\\\/schema\\\/logo\\\/image\\\/\",\"url\":\"https:\\\/\\\/pet24.md\\\/wp-content\\\/uploads\\\/2024\\\/09\\\/logo.svg\",\"contentUrl\":\"https:\\\/\\\/pet24.md\\\/wp-content\\\/uploads\\\/2024\\\/09\\\/logo.svg\",\"width\":215,\"height\":66,\"caption\":\"Pet24\"},\"image\":{\"@id\":\"https:\\\/\\\/pet24.md\\\/#\\\/schema\\\/logo\\\/image\\\/\"},\"sameAs\":[\"https:\\\/\\\/www.facebook.com\\\/pet24.md\",\"https:\\\/\\\/www.instagram.com\\\/pet24.md\\\/\"],\"telephone\":\"+37360508880\"}]}<\/script>\n<!-- \/ Yoast SEO Premium plugin. -->","yoast_head_json":{"title":"Flexi. Banda de lesa COMFORT M Cord 5m rosu","description":"\u041a\u0443\u043f\u0438\u0442\u044c Flexi. \u041f\u043e\u0432\u043e\u0434\u043e\u043a-\u0440\u0443\u043b\u0435\u0442\u043a\u0430 COMFORT M Cord 5m \u043a\u0440\u0430\u0441\u043d\u044b\u0439 \u0441 \u0434\u043e\u0441\u0442\u0430\u0432\u043a\u043e\u0439 \u043f\u043e \u041a\u0438\u0448\u0438\u043d\u0435\u0432\u0443 \u0438 \u0432\u0441\u0435\u0439 \u041c\u043e\u043b\u0434\u043e\u0432\u0435 \u043d\u0430 Pet24","robots":{"index":"index","follow":"follow","max-snippet":"max-snippet:-1","max-image-preview":"max-image-preview:large","max-video-preview":"max-video-preview:-1"},"canonical":"https:\/\/pet24.md\/ro\/produs\/flexi-povodok-ruletka-comfort-m-cord-5m-krasnyj\/","og_locale":"ro_RO","og_type":"article","og_title":"Flexi. \u041f\u043e\u0432\u043e\u0434\u043e\u043a-\u0440\u0443\u043b\u0435\u0442\u043a\u0430 COMFORT M Cord 5m \u043a\u0440\u0430\u0441\u043d\u044b\u0439","og_description":"\u041a\u0443\u043f\u0438\u0442\u044c Flexi. \u041f\u043e\u0432\u043e\u0434\u043e\u043a-\u0440\u0443\u043b\u0435\u0442\u043a\u0430 COMFORT M Cord 5m \u043a\u0440\u0430\u0441\u043d\u044b\u0439 \u0441 \u0434\u043e\u0441\u0442\u0430\u0432\u043a\u043e\u0439 \u043f\u043e \u041a\u0438\u0448\u0438\u043d\u0435\u0432\u0443 \u0438 \u0432\u0441\u0435\u0439 \u041c\u043e\u043b\u0434\u043e\u0432\u0435 \u043d\u0430 Pet24","og_url":"https:\/\/pet24.md\/ro\/produs\/flexi-povodok-ruletka-comfort-m-cord-5m-krasnyj\/","og_site_name":"Pet24","article_publisher":"https:\/\/www.facebook.com\/pet24.md","article_modified_time":"2024-09-22T22:13:13+00:00","og_image":[{"width":600,"height":600,"url":"https:\/\/pet24.md\/wp-content\/uploads\/2024\/09\/flexi-povodok-ruletka-comfort-m-cord-5m-krasnyj.webp","type":"image\/webp"}],"twitter_card":"summary_large_image","schema":{"@context":"https:\/\/schema.org","@graph":[{"@type":"WebPage","@id":"https:\/\/pet24.md\/product\/flexi-povodok-ruletka-comfort-m-cord-5m-krasnyj\/","url":"https:\/\/pet24.md\/product\/flexi-povodok-ruletka-comfort-m-cord-5m-krasnyj\/","name":"Flexi. Banda de lesa COMFORT M Cord 5m rosu","isPartOf":{"@id":"https:\/\/pet24.md\/#website"},"primaryImageOfPage":{"@id":"https:\/\/pet24.md\/product\/flexi-povodok-ruletka-comfort-m-cord-5m-krasnyj\/#primaryimage"},"image":{"@id":"https:\/\/pet24.md\/product\/flexi-povodok-ruletka-comfort-m-cord-5m-krasnyj\/#primaryimage"},"thumbnailUrl":"https:\/\/pet24.md\/wp-content\/uploads\/2024\/09\/flexi-povodok-ruletka-comfort-m-cord-5m-krasnyj.webp","datePublished":"2023-10-24T15:59:09+00:00","dateModified":"2024-09-22T22:13:13+00:00","description":"\u041a\u0443\u043f\u0438\u0442\u044c Flexi. \u041f\u043e\u0432\u043e\u0434\u043e\u043a-\u0440\u0443\u043b\u0435\u0442\u043a\u0430 COMFORT M Cord 5m \u043a\u0440\u0430\u0441\u043d\u044b\u0439 \u0441 \u0434\u043e\u0441\u0442\u0430\u0432\u043a\u043e\u0439 \u043f\u043e \u041a\u0438\u0448\u0438\u043d\u0435\u0432\u0443 \u0438 \u0432\u0441\u0435\u0439 \u041c\u043e\u043b\u0434\u043e\u0432\u0435 \u043d\u0430 Pet24","breadcrumb":{"@id":"https:\/\/pet24.md\/product\/flexi-povodok-ruletka-comfort-m-cord-5m-krasnyj\/#breadcrumb"},"inLanguage":"ro-RO","potentialAction":[{"@type":"ReadAction","target":["https:\/\/pet24.md\/product\/flexi-povodok-ruletka-comfort-m-cord-5m-krasnyj\/"]}]},{"@type":"ImageObject","inLanguage":"ro-RO","@id":"https:\/\/pet24.md\/product\/flexi-povodok-ruletka-comfort-m-cord-5m-krasnyj\/#primaryimage","url":"https:\/\/pet24.md\/wp-content\/uploads\/2024\/09\/flexi-povodok-ruletka-comfort-m-cord-5m-krasnyj.webp","contentUrl":"https:\/\/pet24.md\/wp-content\/uploads\/2024\/09\/flexi-povodok-ruletka-comfort-m-cord-5m-krasnyj.webp","width":600,"height":600,"caption":"flexi povodok ruletka comfort m cord 5m krasnyj"},{"@type":"BreadcrumbList","@id":"https:\/\/pet24.md\/product\/flexi-povodok-ruletka-comfort-m-cord-5m-krasnyj\/#breadcrumb","itemListElement":[{"@type":"ListItem","position":1,"name":"\u0413\u043b\u0430\u0432\u043d\u0430\u044f \u0441\u0442\u0440\u0430\u043d\u0438\u0446\u0430","item":"https:\/\/pet24.md\/"},{"@type":"ListItem","position":2,"name":"\u041c\u0430\u0433\u0430\u0437\u0438\u043d","item":"https:\/\/pet24.md\/shop\/"},{"@type":"ListItem","position":3,"name":"Flexi. \u041f\u043e\u0432\u043e\u0434\u043e\u043a-\u0440\u0443\u043b\u0435\u0442\u043a\u0430 COMFORT M Cord 5m \u043a\u0440\u0430\u0441\u043d\u044b\u0439"}]},{"@type":"WebSite","@id":"https:\/\/pet24.md\/#website","url":"https:\/\/pet24.md\/","name":"Pet24","description":"Magazin de animale de companie","publisher":{"@id":"https:\/\/pet24.md\/#organization"},"potentialAction":[{"@type":"SearchAction","target":{"@type":"EntryPoint","urlTemplate":"https:\/\/pet24.md\/?s={search_term_string}"},"query-input":{"@type":"PropertyValueSpecification","valueRequired":true,"valueName":"search_term_string"}}],"inLanguage":"ro-RO"},{"@type":"Organization","@id":"https:\/\/pet24.md\/#organization","name":"Pet24","url":"https:\/\/pet24.md\/","logo":{"@type":"ImageObject","inLanguage":"ro-RO","@id":"https:\/\/pet24.md\/#\/schema\/logo\/image\/","url":"https:\/\/pet24.md\/wp-content\/uploads\/2024\/09\/logo.svg","contentUrl":"https:\/\/pet24.md\/wp-content\/uploads\/2024\/09\/logo.svg","width":215,"height":66,"caption":"Pet24"},"image":{"@id":"https:\/\/pet24.md\/#\/schema\/logo\/image\/"},"sameAs":["https:\/\/www.facebook.com\/pet24.md","https:\/\/www.instagram.com\/pet24.md\/"],"telephone":"+37360508880"}]}},"_links":{"self":[{"href":"https:\/\/pet24.md\/ro\/wp-json\/wp\/v2\/product\/33535","targetHints":{"allow":["GET"]}}],"collection":[{"href":"https:\/\/pet24.md\/ro\/wp-json\/wp\/v2\/product"}],"about":[{"href":"https:\/\/pet24.md\/ro\/wp-json\/wp\/v2\/types\/product"}],"replies":[{"embeddable":true,"href":"https:\/\/pet24.md\/ro\/wp-json\/wp\/v2\/comments?post=33535"}],"wp:featuredmedia":[{"embeddable":true,"href":"https:\/\/pet24.md\/ro\/wp-json\/wp\/v2\/media\/90286"}],"wp:attachment":[{"href":"https:\/\/pet24.md\/ro\/wp-json\/wp\/v2\/media?parent=33535"}],"wp:term":[{"taxonomy":"product_brand","embeddable":true,"href":"https:\/\/pet24.md\/ro\/wp-json\/wp\/v2\/product_brand?post=33535"},{"taxonomy":"product_cat","embeddable":true,"href":"https:\/\/pet24.md\/ro\/wp-json\/wp\/v2\/product_cat?post=33535"},{"taxonomy":"product_tag","embeddable":true,"href":"https:\/\/pet24.md\/ro\/wp-json\/wp\/v2\/product_tag?post=33535"}],"curies":[{"name":"wp","href":"https:\/\/api.w.org\/{rel}","templated":true}]}}