{"id":33628,"date":"2023-10-18T13:42:18","date_gmt":"2023-10-18T13:42:18","guid":{"rendered":"https:\/\/pet24.md\/?post_type=product&#038;p=33628"},"modified":"2024-09-22T22:13:23","modified_gmt":"2024-09-22T22:13:23","slug":"flexi-povodok-ruletka-new-classic-l-tape-8m-chernyj","status":"publish","type":"product","link":"https:\/\/pet24.md\/ro\/produs\/flexi-povodok-ruletka-new-classic-l-tape-8m-chernyj\/","title":{"rendered":"Flexi. Band\u0103 de les\u0103 New Classic L TAPE 8m negru"},"content":{"rendered":"<h3>Flexi. New Classic L TAPE 8m black - les\u0103 band\u0103 pentru c\u00e2ini<\/h3>\n<p><strong>Flexi New Classic L TAPE 8m negru<\/strong> Alegerea ideal\u0103 pentru a-\u021bi plimba c\u00e2inele, permi\u021b\u00e2ndu-i libertatea de mi\u0219care \u0219i posibilitatea de a explora lumea din jurul lui. Flexi, inventatorul lesei de rulet\u0103, crede c\u0103 afec\u021biunea \u0219i dragostea pentru un c\u00e2ine cresc cu fiecare moment petrecut \u00eempreun\u0103. Hranirea, socializarea si plimbarile sunt deosebit de importante in construirea unei relatii prietenoase si sanatoase cu animalul tau de companie.<\/p>\n<h4>Caracteristici principale<\/h4>\n<ul>\n<li><strong>Libertate \u0219i control<\/strong>: Lesa Flexi \u021bine c\u00e2inele sub control, oferindu-i \u00een acela\u0219i timp libertatea de care are nevoie pentru a explora.<\/li>\n<li><strong>Calitate superioar\u0103<\/strong>: Fiecare model este asamblat manual \u0219i este supus a peste 100 de verific\u0103ri de calitate, asigur\u00e2nd un produs fiabil \u0219i durabil.<\/li>\n<li><strong>Tehnologie patentat\u0103<\/strong>: Lesa Flexi este o capodopera, plina de idei inovatoare si tehnologii patentate, rezultand un produs de o calitate exceptionala.<\/li>\n<li><strong>Confort pentru proprietar \u0219i c\u00e2ine<\/strong>: Designul ergonomic \u0219i func\u021bionalitatea avansat\u0103 ofer\u0103 confort at\u00e2t pentru tine, c\u00e2t \u0219i pentru c\u00e2inele t\u0103u.<\/li>\n<\/ul>\n<h4>Avantaje<\/h4>\n<ul>\n<li><strong>Cercetare sigur\u0103<\/strong>: Las\u0103-\u021bi c\u00e2inele s\u0103 se bucure de libertatea de mi\u0219care, men\u021bin\u00e2ndu-l \u00een siguran\u021b\u0103 sub controlul t\u0103u.<\/li>\n<li><strong>Conexiune puternic\u0103<\/strong>: Mersul cu lesa Flexi intareste legatura dintre tine si cainele tau, promovand o relatie armonioasa.<\/li>\n<li><strong>Durabilitate \u0219i fiabilitate<\/strong>: Materialele de \u00eenalt\u0103 calitate \u0219i testarea strict\u0103 asigur\u0103 o durat\u0103 lung\u0103 de via\u021b\u0103 f\u0103r\u0103 probleme.<\/li>\n<\/ul>\n<h4>Specifica\u021bii<\/h4>\n<ul>\n<li><strong>Lungime<\/strong>: 8 metri<\/li>\n<li><strong>Culoare<\/strong>: Negru<\/li>\n<li><strong>Tip<\/strong>: les\u0103 de rulet\u0103<\/li>\n<li><strong>Dimensiune<\/strong>: L<\/li>\n<\/ul>\n<p><strong>Cump\u0103r\u0103 acum Flexi New Classic L TAPE 8m negru \u0219i ofer\u0103 c\u00e2inelui t\u0103u libertatea de mi\u0219care \u0219i siguran\u021ba pe care o merit\u0103!<\/strong><\/p>","protected":false},"excerpt":{"rendered":"<p>Flexi. New Classic L TAPE 8m \u0447\u0435\u0440\u043d\u044b\u0439 &#8212; \u043f\u043e\u0432\u043e\u0434\u043e\u043a-\u0440\u0443\u043b\u0435\u0442\u043a\u0430 \u0434\u043b\u044f \u0441\u043e\u0431\u0430\u043a Flexi New Classic L TAPE 8m \u0447\u0435\u0440\u043d\u044b\u0439 &#8212; \u0438\u0434\u0435\u0430\u043b\u044c\u043d\u044b\u0439 \u0432\u044b\u0431\u043e\u0440 \u0434\u043b\u044f&hellip;<\/p>","protected":false},"featured_media":90317,"comment_status":"closed","ping_status":"closed","template":"","meta":[],"product_brand":[],"product_cat":[136,137,138],"product_tag":[140,260,480],"class_list":{"0":"post-33628","1":"product","2":"type-product","3":"status-publish","4":"has-post-thumbnail","6":"product_cat-dog","7":"product_cat-dogs-ammunition","8":"product_cat-dog-leashes","9":"product_tag-flexi","10":"product_tag-povodok","11":"product_tag-sobaka","12":"pa_age-pet-lyuboj-vozrast","13":"pa_brand-flexi","14":"pa_color-chyornyj","15":"pa_length-8m","16":"pa_pet-sobaka","17":"pa_size-l","19":"first","20":"instock","21":"product-type-simple"},"yoast_head":"<!-- This site is optimized with the Yoast SEO Premium plugin v23.7 (Yoast SEO v27.5) - https:\/\/yoast.com\/product\/yoast-seo-premium-wordpress\/ -->\n<title>Flexi. \u041f\u043e\u0432\u043e\u0434\u043e\u043a-\u0440\u0443\u043b\u0435\u0442\u043a\u0430 New Classic L TAPE 8m \u0447\u0435\u0440\u043d\u044b\u0439<\/title>\n<meta name=\"description\" content=\"\u041a\u0443\u043f\u0438\u0442\u044c Flexi. \u041f\u043e\u0432\u043e\u0434\u043e\u043a-\u0440\u0443\u043b\u0435\u0442\u043a\u0430 New Classic L TAPE 8m \u0447\u0435\u0440\u043d\u044b\u0439 \u0441 \u0434\u043e\u0441\u0442\u0430\u0432\u043a\u043e\u0439 \u043f\u043e \u041a\u0438\u0448\u0438\u043d\u0435\u0432\u0443 \u0438 \u0432\u0441\u0435\u0439 \u041c\u043e\u043b\u0434\u043e\u0432\u0435 \u043d\u0430 Pet24\" \/>\n<meta name=\"robots\" content=\"index, follow, max-snippet:-1, max-image-preview:large, max-video-preview:-1\" \/>\n<link rel=\"canonical\" href=\"https:\/\/pet24.md\/ro\/produs\/flexi-povodok-ruletka-new-classic-l-tape-8m-chernyj\/\" \/>\n<meta property=\"og:locale\" content=\"ro_RO\" \/>\n<meta property=\"og:type\" content=\"article\" \/>\n<meta property=\"og:title\" content=\"Flexi. \u041f\u043e\u0432\u043e\u0434\u043e\u043a-\u0440\u0443\u043b\u0435\u0442\u043a\u0430 New Classic L TAPE 8m \u0447\u0435\u0440\u043d\u044b\u0439\" \/>\n<meta property=\"og:description\" content=\"\u041a\u0443\u043f\u0438\u0442\u044c Flexi. \u041f\u043e\u0432\u043e\u0434\u043e\u043a-\u0440\u0443\u043b\u0435\u0442\u043a\u0430 New Classic L TAPE 8m \u0447\u0435\u0440\u043d\u044b\u0439 \u0441 \u0434\u043e\u0441\u0442\u0430\u0432\u043a\u043e\u0439 \u043f\u043e \u041a\u0438\u0448\u0438\u043d\u0435\u0432\u0443 \u0438 \u0432\u0441\u0435\u0439 \u041c\u043e\u043b\u0434\u043e\u0432\u0435 \u043d\u0430 Pet24\" \/>\n<meta property=\"og:url\" content=\"https:\/\/pet24.md\/ro\/produs\/flexi-povodok-ruletka-new-classic-l-tape-8m-chernyj\/\" \/>\n<meta property=\"og:site_name\" content=\"Pet24\" \/>\n<meta property=\"article:publisher\" content=\"https:\/\/www.facebook.com\/pet24.md\" \/>\n<meta property=\"article:modified_time\" content=\"2024-09-22T22:13:23+00:00\" \/>\n<meta property=\"og:image\" content=\"https:\/\/pet24.md\/wp-content\/uploads\/2024\/09\/flexi-povodok-ruletka-new-classic-l-tape-8m-chernyj.webp\" \/>\n\t<meta property=\"og:image:width\" content=\"600\" \/>\n\t<meta property=\"og:image:height\" content=\"600\" \/>\n\t<meta property=\"og:image:type\" content=\"image\/webp\" \/>\n<meta name=\"twitter:card\" content=\"summary_large_image\" \/>\n<script type=\"application\/ld+json\" class=\"yoast-schema-graph\">{\"@context\":\"https:\\\/\\\/schema.org\",\"@graph\":[{\"@type\":\"WebPage\",\"@id\":\"https:\\\/\\\/pet24.md\\\/product\\\/flexi-povodok-ruletka-new-classic-l-tape-8m-chernyj\\\/\",\"url\":\"https:\\\/\\\/pet24.md\\\/product\\\/flexi-povodok-ruletka-new-classic-l-tape-8m-chernyj\\\/\",\"name\":\"Flexi. \u041f\u043e\u0432\u043e\u0434\u043e\u043a-\u0440\u0443\u043b\u0435\u0442\u043a\u0430 New Classic L TAPE 8m \u0447\u0435\u0440\u043d\u044b\u0439\",\"isPartOf\":{\"@id\":\"https:\\\/\\\/pet24.md\\\/#website\"},\"primaryImageOfPage\":{\"@id\":\"https:\\\/\\\/pet24.md\\\/product\\\/flexi-povodok-ruletka-new-classic-l-tape-8m-chernyj\\\/#primaryimage\"},\"image\":{\"@id\":\"https:\\\/\\\/pet24.md\\\/product\\\/flexi-povodok-ruletka-new-classic-l-tape-8m-chernyj\\\/#primaryimage\"},\"thumbnailUrl\":\"https:\\\/\\\/pet24.md\\\/wp-content\\\/uploads\\\/2024\\\/09\\\/flexi-povodok-ruletka-new-classic-l-tape-8m-chernyj.webp\",\"datePublished\":\"2023-10-18T13:42:18+00:00\",\"dateModified\":\"2024-09-22T22:13:23+00:00\",\"description\":\"\u041a\u0443\u043f\u0438\u0442\u044c Flexi. \u041f\u043e\u0432\u043e\u0434\u043e\u043a-\u0440\u0443\u043b\u0435\u0442\u043a\u0430 New Classic L TAPE 8m \u0447\u0435\u0440\u043d\u044b\u0439 \u0441 \u0434\u043e\u0441\u0442\u0430\u0432\u043a\u043e\u0439 \u043f\u043e \u041a\u0438\u0448\u0438\u043d\u0435\u0432\u0443 \u0438 \u0432\u0441\u0435\u0439 \u041c\u043e\u043b\u0434\u043e\u0432\u0435 \u043d\u0430 Pet24\",\"breadcrumb\":{\"@id\":\"https:\\\/\\\/pet24.md\\\/product\\\/flexi-povodok-ruletka-new-classic-l-tape-8m-chernyj\\\/#breadcrumb\"},\"inLanguage\":\"ro-RO\",\"potentialAction\":[{\"@type\":\"ReadAction\",\"target\":[\"https:\\\/\\\/pet24.md\\\/product\\\/flexi-povodok-ruletka-new-classic-l-tape-8m-chernyj\\\/\"]}]},{\"@type\":\"ImageObject\",\"inLanguage\":\"ro-RO\",\"@id\":\"https:\\\/\\\/pet24.md\\\/product\\\/flexi-povodok-ruletka-new-classic-l-tape-8m-chernyj\\\/#primaryimage\",\"url\":\"https:\\\/\\\/pet24.md\\\/wp-content\\\/uploads\\\/2024\\\/09\\\/flexi-povodok-ruletka-new-classic-l-tape-8m-chernyj.webp\",\"contentUrl\":\"https:\\\/\\\/pet24.md\\\/wp-content\\\/uploads\\\/2024\\\/09\\\/flexi-povodok-ruletka-new-classic-l-tape-8m-chernyj.webp\",\"width\":600,\"height\":600,\"caption\":\"flexi povodok ruletka new classic l tape 8m chernyj\"},{\"@type\":\"BreadcrumbList\",\"@id\":\"https:\\\/\\\/pet24.md\\\/product\\\/flexi-povodok-ruletka-new-classic-l-tape-8m-chernyj\\\/#breadcrumb\",\"itemListElement\":[{\"@type\":\"ListItem\",\"position\":1,\"name\":\"\u0413\u043b\u0430\u0432\u043d\u0430\u044f \u0441\u0442\u0440\u0430\u043d\u0438\u0446\u0430\",\"item\":\"https:\\\/\\\/pet24.md\\\/\"},{\"@type\":\"ListItem\",\"position\":2,\"name\":\"\u041c\u0430\u0433\u0430\u0437\u0438\u043d\",\"item\":\"https:\\\/\\\/pet24.md\\\/shop\\\/\"},{\"@type\":\"ListItem\",\"position\":3,\"name\":\"Flexi. \u041f\u043e\u0432\u043e\u0434\u043e\u043a-\u0440\u0443\u043b\u0435\u0442\u043a\u0430 New Classic L TAPE 8m \u0447\u0435\u0440\u043d\u044b\u0439\"}]},{\"@type\":\"WebSite\",\"@id\":\"https:\\\/\\\/pet24.md\\\/#website\",\"url\":\"https:\\\/\\\/pet24.md\\\/\",\"name\":\"Pet24\",\"description\":\"\u0417\u043e\u043e\u043c\u0430\u0433\u0430\u0437\u0438\u043d \u0442\u043e\u0432\u0430\u0440\u043e\u0432 \u0434\u043b\u044f \u0434\u043e\u043c\u0430\u0448\u043d\u0438\u0445 \u043f\u0438\u0442\u043e\u043c\u0446\u0435\u0432\",\"publisher\":{\"@id\":\"https:\\\/\\\/pet24.md\\\/#organization\"},\"potentialAction\":[{\"@type\":\"SearchAction\",\"target\":{\"@type\":\"EntryPoint\",\"urlTemplate\":\"https:\\\/\\\/pet24.md\\\/?s={search_term_string}\"},\"query-input\":{\"@type\":\"PropertyValueSpecification\",\"valueRequired\":true,\"valueName\":\"search_term_string\"}}],\"inLanguage\":\"ro-RO\"},{\"@type\":\"Organization\",\"@id\":\"https:\\\/\\\/pet24.md\\\/#organization\",\"name\":\"Pet24\",\"url\":\"https:\\\/\\\/pet24.md\\\/\",\"logo\":{\"@type\":\"ImageObject\",\"inLanguage\":\"ro-RO\",\"@id\":\"https:\\\/\\\/pet24.md\\\/#\\\/schema\\\/logo\\\/image\\\/\",\"url\":\"https:\\\/\\\/pet24.md\\\/wp-content\\\/uploads\\\/2024\\\/09\\\/logo.svg\",\"contentUrl\":\"https:\\\/\\\/pet24.md\\\/wp-content\\\/uploads\\\/2024\\\/09\\\/logo.svg\",\"width\":215,\"height\":66,\"caption\":\"Pet24\"},\"image\":{\"@id\":\"https:\\\/\\\/pet24.md\\\/#\\\/schema\\\/logo\\\/image\\\/\"},\"sameAs\":[\"https:\\\/\\\/www.facebook.com\\\/pet24.md\",\"https:\\\/\\\/www.instagram.com\\\/pet24.md\\\/\"],\"telephone\":\"+37360508880\"}]}<\/script>\n<!-- \/ Yoast SEO Premium plugin. -->","yoast_head_json":{"title":"Flexi. Band\u0103 de les\u0103 New Classic L TAPE 8m negru","description":"\u041a\u0443\u043f\u0438\u0442\u044c Flexi. \u041f\u043e\u0432\u043e\u0434\u043e\u043a-\u0440\u0443\u043b\u0435\u0442\u043a\u0430 New Classic L TAPE 8m \u0447\u0435\u0440\u043d\u044b\u0439 \u0441 \u0434\u043e\u0441\u0442\u0430\u0432\u043a\u043e\u0439 \u043f\u043e \u041a\u0438\u0448\u0438\u043d\u0435\u0432\u0443 \u0438 \u0432\u0441\u0435\u0439 \u041c\u043e\u043b\u0434\u043e\u0432\u0435 \u043d\u0430 Pet24","robots":{"index":"index","follow":"follow","max-snippet":"max-snippet:-1","max-image-preview":"max-image-preview:large","max-video-preview":"max-video-preview:-1"},"canonical":"https:\/\/pet24.md\/ro\/produs\/flexi-povodok-ruletka-new-classic-l-tape-8m-chernyj\/","og_locale":"ro_RO","og_type":"article","og_title":"Flexi. \u041f\u043e\u0432\u043e\u0434\u043e\u043a-\u0440\u0443\u043b\u0435\u0442\u043a\u0430 New Classic L TAPE 8m \u0447\u0435\u0440\u043d\u044b\u0439","og_description":"\u041a\u0443\u043f\u0438\u0442\u044c Flexi. \u041f\u043e\u0432\u043e\u0434\u043e\u043a-\u0440\u0443\u043b\u0435\u0442\u043a\u0430 New Classic L TAPE 8m \u0447\u0435\u0440\u043d\u044b\u0439 \u0441 \u0434\u043e\u0441\u0442\u0430\u0432\u043a\u043e\u0439 \u043f\u043e \u041a\u0438\u0448\u0438\u043d\u0435\u0432\u0443 \u0438 \u0432\u0441\u0435\u0439 \u041c\u043e\u043b\u0434\u043e\u0432\u0435 \u043d\u0430 Pet24","og_url":"https:\/\/pet24.md\/ro\/produs\/flexi-povodok-ruletka-new-classic-l-tape-8m-chernyj\/","og_site_name":"Pet24","article_publisher":"https:\/\/www.facebook.com\/pet24.md","article_modified_time":"2024-09-22T22:13:23+00:00","og_image":[{"width":600,"height":600,"url":"https:\/\/pet24.md\/wp-content\/uploads\/2024\/09\/flexi-povodok-ruletka-new-classic-l-tape-8m-chernyj.webp","type":"image\/webp"}],"twitter_card":"summary_large_image","schema":{"@context":"https:\/\/schema.org","@graph":[{"@type":"WebPage","@id":"https:\/\/pet24.md\/product\/flexi-povodok-ruletka-new-classic-l-tape-8m-chernyj\/","url":"https:\/\/pet24.md\/product\/flexi-povodok-ruletka-new-classic-l-tape-8m-chernyj\/","name":"Flexi. Band\u0103 de les\u0103 New Classic L TAPE 8m negru","isPartOf":{"@id":"https:\/\/pet24.md\/#website"},"primaryImageOfPage":{"@id":"https:\/\/pet24.md\/product\/flexi-povodok-ruletka-new-classic-l-tape-8m-chernyj\/#primaryimage"},"image":{"@id":"https:\/\/pet24.md\/product\/flexi-povodok-ruletka-new-classic-l-tape-8m-chernyj\/#primaryimage"},"thumbnailUrl":"https:\/\/pet24.md\/wp-content\/uploads\/2024\/09\/flexi-povodok-ruletka-new-classic-l-tape-8m-chernyj.webp","datePublished":"2023-10-18T13:42:18+00:00","dateModified":"2024-09-22T22:13:23+00:00","description":"\u041a\u0443\u043f\u0438\u0442\u044c Flexi. \u041f\u043e\u0432\u043e\u0434\u043e\u043a-\u0440\u0443\u043b\u0435\u0442\u043a\u0430 New Classic L TAPE 8m \u0447\u0435\u0440\u043d\u044b\u0439 \u0441 \u0434\u043e\u0441\u0442\u0430\u0432\u043a\u043e\u0439 \u043f\u043e \u041a\u0438\u0448\u0438\u043d\u0435\u0432\u0443 \u0438 \u0432\u0441\u0435\u0439 \u041c\u043e\u043b\u0434\u043e\u0432\u0435 \u043d\u0430 Pet24","breadcrumb":{"@id":"https:\/\/pet24.md\/product\/flexi-povodok-ruletka-new-classic-l-tape-8m-chernyj\/#breadcrumb"},"inLanguage":"ro-RO","potentialAction":[{"@type":"ReadAction","target":["https:\/\/pet24.md\/product\/flexi-povodok-ruletka-new-classic-l-tape-8m-chernyj\/"]}]},{"@type":"ImageObject","inLanguage":"ro-RO","@id":"https:\/\/pet24.md\/product\/flexi-povodok-ruletka-new-classic-l-tape-8m-chernyj\/#primaryimage","url":"https:\/\/pet24.md\/wp-content\/uploads\/2024\/09\/flexi-povodok-ruletka-new-classic-l-tape-8m-chernyj.webp","contentUrl":"https:\/\/pet24.md\/wp-content\/uploads\/2024\/09\/flexi-povodok-ruletka-new-classic-l-tape-8m-chernyj.webp","width":600,"height":600,"caption":"flexi povodok ruletka new classic l tape 8m chernyj"},{"@type":"BreadcrumbList","@id":"https:\/\/pet24.md\/product\/flexi-povodok-ruletka-new-classic-l-tape-8m-chernyj\/#breadcrumb","itemListElement":[{"@type":"ListItem","position":1,"name":"\u0413\u043b\u0430\u0432\u043d\u0430\u044f \u0441\u0442\u0440\u0430\u043d\u0438\u0446\u0430","item":"https:\/\/pet24.md\/"},{"@type":"ListItem","position":2,"name":"\u041c\u0430\u0433\u0430\u0437\u0438\u043d","item":"https:\/\/pet24.md\/shop\/"},{"@type":"ListItem","position":3,"name":"Flexi. \u041f\u043e\u0432\u043e\u0434\u043e\u043a-\u0440\u0443\u043b\u0435\u0442\u043a\u0430 New Classic L TAPE 8m \u0447\u0435\u0440\u043d\u044b\u0439"}]},{"@type":"WebSite","@id":"https:\/\/pet24.md\/#website","url":"https:\/\/pet24.md\/","name":"Pet24","description":"Magazin de animale de companie","publisher":{"@id":"https:\/\/pet24.md\/#organization"},"potentialAction":[{"@type":"SearchAction","target":{"@type":"EntryPoint","urlTemplate":"https:\/\/pet24.md\/?s={search_term_string}"},"query-input":{"@type":"PropertyValueSpecification","valueRequired":true,"valueName":"search_term_string"}}],"inLanguage":"ro-RO"},{"@type":"Organization","@id":"https:\/\/pet24.md\/#organization","name":"Pet24","url":"https:\/\/pet24.md\/","logo":{"@type":"ImageObject","inLanguage":"ro-RO","@id":"https:\/\/pet24.md\/#\/schema\/logo\/image\/","url":"https:\/\/pet24.md\/wp-content\/uploads\/2024\/09\/logo.svg","contentUrl":"https:\/\/pet24.md\/wp-content\/uploads\/2024\/09\/logo.svg","width":215,"height":66,"caption":"Pet24"},"image":{"@id":"https:\/\/pet24.md\/#\/schema\/logo\/image\/"},"sameAs":["https:\/\/www.facebook.com\/pet24.md","https:\/\/www.instagram.com\/pet24.md\/"],"telephone":"+37360508880"}]}},"_links":{"self":[{"href":"https:\/\/pet24.md\/ro\/wp-json\/wp\/v2\/product\/33628","targetHints":{"allow":["GET"]}}],"collection":[{"href":"https:\/\/pet24.md\/ro\/wp-json\/wp\/v2\/product"}],"about":[{"href":"https:\/\/pet24.md\/ro\/wp-json\/wp\/v2\/types\/product"}],"replies":[{"embeddable":true,"href":"https:\/\/pet24.md\/ro\/wp-json\/wp\/v2\/comments?post=33628"}],"wp:featuredmedia":[{"embeddable":true,"href":"https:\/\/pet24.md\/ro\/wp-json\/wp\/v2\/media\/90317"}],"wp:attachment":[{"href":"https:\/\/pet24.md\/ro\/wp-json\/wp\/v2\/media?parent=33628"}],"wp:term":[{"taxonomy":"product_brand","embeddable":true,"href":"https:\/\/pet24.md\/ro\/wp-json\/wp\/v2\/product_brand?post=33628"},{"taxonomy":"product_cat","embeddable":true,"href":"https:\/\/pet24.md\/ro\/wp-json\/wp\/v2\/product_cat?post=33628"},{"taxonomy":"product_tag","embeddable":true,"href":"https:\/\/pet24.md\/ro\/wp-json\/wp\/v2\/product_tag?post=33628"}],"curies":[{"name":"wp","href":"https:\/\/api.w.org\/{rel}","templated":true}]}}