{"id":33649,"date":"2023-10-24T18:10:05","date_gmt":"2023-10-24T18:10:05","guid":{"rendered":"https:\/\/pet24.md\/?post_type=product&#038;p=33649"},"modified":"2024-09-22T22:13:24","modified_gmt":"2024-09-22T22:13:24","slug":"flexi-povodok-ruletka-new-classic-m-tape-5m-krasnyj","status":"publish","type":"product","link":"https:\/\/pet24.md\/ro\/produs\/flexi-povodok-ruletka-new-classic-m-tape-5m-krasnyj\/","title":{"rendered":"Flexi. Band\u0103 de les\u0103 New Classic M TAPE 5m ro\u0219u"},"content":{"rendered":"<h1>Flexi New Classic M<\/h1>\n<p><strong>Les\u0103 confortabil\u0103 cu band\u0103 pentru plimbarea c\u00e2inilor cu o greutate de p\u00e2n\u0103 la 25 kg<\/strong><\/p>\n<h3>Caracteristici cheie:<\/h3>\n<ul>\n<li><strong>Lungime: 5 m<\/strong><\/li>\n<li><strong>Mecanism de derulare automat\u0103: Lesa se deruleaz\u0103 automat, nu se sl\u0103be\u0219te \u00een timpul utiliz\u0103rii, nu atinge p\u0103m\u00e2ntul \u0219i astfel nu se murd\u0103re\u0219te sau se rupe. Nu este nevoie s\u0103 ridica\u021bi lesa cu m\u00e2inile atunci c\u00e2nd animalul dvs. de companie se apropie, ceea ce v\u0103 permite s\u0103 v\u0103 p\u0103stra\u021bi \u00eentotdeauna m\u00e2inile curate.<\/strong><\/li>\n<li><strong>Fabricat \u00een Germania: benzile de m\u0103surat FLEXI sunt fabricate \u00een Germania de peste 40 de ani, cu o aten\u021bie deosebit\u0103 pentru siguran\u021b\u0103 \u0219i u\u0219urin\u021b\u0103 \u00een utilizare.<\/strong><\/li>\n<\/ul>\n<h3>Avantaje:<\/h3>\n<ul>\n<li><strong>Buton de fr\u00e2n\u0103 cu design ergonomic actualizat<\/strong><\/li>\n<li><strong>Sistem de fr\u00e2nare brevetat<\/strong><\/li>\n<li><strong>Carabinier de incredere<\/strong><\/li>\n<li><strong>Elemente reflectorizante<\/strong><\/li>\n<\/ul>\n<p>Sistemul brevetat de blocare a lungimii \u0219i de bobinare adaug\u0103 un plus de confort pentru a controla comportamentul animalului dvs. de companie. Corpul benzii de m\u0103surare este realizat din plastic rezistent la impact. Lesa este foarte comod de folosit si iti va aduce mai multa bucurie din timpul petrecut cu animalul tau de companie.<\/p>","protected":false},"excerpt":{"rendered":"<p>Flexi New Classic M Les\u0103 confortabil\u0103 cu band\u0103 pentru plimbarea c\u00e2inilor cu o greutate de p\u00e2n\u0103 la 25 kg Caracteristici principale: Lungime: 5 m Automat...<\/p>","protected":false},"featured_media":90324,"comment_status":"closed","ping_status":"closed","template":"","meta":[],"product_brand":[],"product_cat":[136,137,138],"product_tag":[140,260,480],"class_list":{"0":"post-33649","1":"product","2":"type-product","3":"status-publish","4":"has-post-thumbnail","6":"product_cat-dog","7":"product_cat-dogs-ammunition","8":"product_cat-dog-leashes","9":"product_tag-flexi","10":"product_tag-povodok","11":"product_tag-sobaka","12":"pa_age-pet-lyuboj-vozrast","13":"pa_brand-flexi","14":"pa_color-krasnyj","15":"pa_length-5m","16":"pa_pet-sobaka","17":"pa_size-m","19":"first","20":"instock","21":"product-type-simple"},"yoast_head":"<!-- This site is optimized with the Yoast SEO Premium plugin v23.7 (Yoast SEO v27.5) - https:\/\/yoast.com\/product\/yoast-seo-premium-wordpress\/ -->\n<title>Flexi. \u041f\u043e\u0432\u043e\u0434\u043e\u043a-\u0440\u0443\u043b\u0435\u0442\u043a\u0430 New Classic M TAPE 5m \u043a\u0440\u0430\u0441\u043d\u044b\u0439<\/title>\n<meta name=\"description\" content=\"\u041a\u0443\u043f\u0438\u0442\u044c Flexi. \u041f\u043e\u0432\u043e\u0434\u043e\u043a-\u0440\u0443\u043b\u0435\u0442\u043a\u0430 New Classic M TAPE 5m \u043a\u0440\u0430\u0441\u043d\u044b\u0439 \u0441 \u0434\u043e\u0441\u0442\u0430\u0432\u043a\u043e\u0439 \u043f\u043e \u041a\u0438\u0448\u0438\u043d\u0435\u0432\u0443 \u0438 \u0432\u0441\u0435\u0439 \u041c\u043e\u043b\u0434\u043e\u0432\u0435 \u043d\u0430 Pet24\" \/>\n<meta name=\"robots\" content=\"index, follow, max-snippet:-1, max-image-preview:large, max-video-preview:-1\" \/>\n<link rel=\"canonical\" href=\"https:\/\/pet24.md\/ro\/produs\/flexi-povodok-ruletka-new-classic-m-tape-5m-krasnyj\/\" \/>\n<meta property=\"og:locale\" content=\"ro_RO\" \/>\n<meta property=\"og:type\" content=\"article\" \/>\n<meta property=\"og:title\" content=\"Flexi. \u041f\u043e\u0432\u043e\u0434\u043e\u043a-\u0440\u0443\u043b\u0435\u0442\u043a\u0430 New Classic M TAPE 5m \u043a\u0440\u0430\u0441\u043d\u044b\u0439\" \/>\n<meta property=\"og:description\" content=\"\u041a\u0443\u043f\u0438\u0442\u044c Flexi. \u041f\u043e\u0432\u043e\u0434\u043e\u043a-\u0440\u0443\u043b\u0435\u0442\u043a\u0430 New Classic M TAPE 5m \u043a\u0440\u0430\u0441\u043d\u044b\u0439 \u0441 \u0434\u043e\u0441\u0442\u0430\u0432\u043a\u043e\u0439 \u043f\u043e \u041a\u0438\u0448\u0438\u043d\u0435\u0432\u0443 \u0438 \u0432\u0441\u0435\u0439 \u041c\u043e\u043b\u0434\u043e\u0432\u0435 \u043d\u0430 Pet24\" \/>\n<meta property=\"og:url\" content=\"https:\/\/pet24.md\/ro\/produs\/flexi-povodok-ruletka-new-classic-m-tape-5m-krasnyj\/\" \/>\n<meta property=\"og:site_name\" content=\"Pet24\" \/>\n<meta property=\"article:publisher\" content=\"https:\/\/www.facebook.com\/pet24.md\" \/>\n<meta property=\"article:modified_time\" content=\"2024-09-22T22:13:24+00:00\" \/>\n<meta property=\"og:image\" content=\"https:\/\/pet24.md\/wp-content\/uploads\/2024\/09\/flexi-povodok-ruletka-new-classic-m-tape-5m-krasnyj.webp\" \/>\n\t<meta property=\"og:image:width\" content=\"600\" \/>\n\t<meta property=\"og:image:height\" content=\"600\" \/>\n\t<meta property=\"og:image:type\" content=\"image\/webp\" \/>\n<meta name=\"twitter:card\" content=\"summary_large_image\" \/>\n<script type=\"application\/ld+json\" class=\"yoast-schema-graph\">{\"@context\":\"https:\\\/\\\/schema.org\",\"@graph\":[{\"@type\":\"WebPage\",\"@id\":\"https:\\\/\\\/pet24.md\\\/product\\\/flexi-povodok-ruletka-new-classic-m-tape-5m-krasnyj\\\/\",\"url\":\"https:\\\/\\\/pet24.md\\\/product\\\/flexi-povodok-ruletka-new-classic-m-tape-5m-krasnyj\\\/\",\"name\":\"Flexi. \u041f\u043e\u0432\u043e\u0434\u043e\u043a-\u0440\u0443\u043b\u0435\u0442\u043a\u0430 New Classic M TAPE 5m \u043a\u0440\u0430\u0441\u043d\u044b\u0439\",\"isPartOf\":{\"@id\":\"https:\\\/\\\/pet24.md\\\/#website\"},\"primaryImageOfPage\":{\"@id\":\"https:\\\/\\\/pet24.md\\\/product\\\/flexi-povodok-ruletka-new-classic-m-tape-5m-krasnyj\\\/#primaryimage\"},\"image\":{\"@id\":\"https:\\\/\\\/pet24.md\\\/product\\\/flexi-povodok-ruletka-new-classic-m-tape-5m-krasnyj\\\/#primaryimage\"},\"thumbnailUrl\":\"https:\\\/\\\/pet24.md\\\/wp-content\\\/uploads\\\/2024\\\/09\\\/flexi-povodok-ruletka-new-classic-m-tape-5m-krasnyj.webp\",\"datePublished\":\"2023-10-24T18:10:05+00:00\",\"dateModified\":\"2024-09-22T22:13:24+00:00\",\"description\":\"\u041a\u0443\u043f\u0438\u0442\u044c Flexi. \u041f\u043e\u0432\u043e\u0434\u043e\u043a-\u0440\u0443\u043b\u0435\u0442\u043a\u0430 New Classic M TAPE 5m \u043a\u0440\u0430\u0441\u043d\u044b\u0439 \u0441 \u0434\u043e\u0441\u0442\u0430\u0432\u043a\u043e\u0439 \u043f\u043e \u041a\u0438\u0448\u0438\u043d\u0435\u0432\u0443 \u0438 \u0432\u0441\u0435\u0439 \u041c\u043e\u043b\u0434\u043e\u0432\u0435 \u043d\u0430 Pet24\",\"breadcrumb\":{\"@id\":\"https:\\\/\\\/pet24.md\\\/product\\\/flexi-povodok-ruletka-new-classic-m-tape-5m-krasnyj\\\/#breadcrumb\"},\"inLanguage\":\"ro-RO\",\"potentialAction\":[{\"@type\":\"ReadAction\",\"target\":[\"https:\\\/\\\/pet24.md\\\/product\\\/flexi-povodok-ruletka-new-classic-m-tape-5m-krasnyj\\\/\"]}]},{\"@type\":\"ImageObject\",\"inLanguage\":\"ro-RO\",\"@id\":\"https:\\\/\\\/pet24.md\\\/product\\\/flexi-povodok-ruletka-new-classic-m-tape-5m-krasnyj\\\/#primaryimage\",\"url\":\"https:\\\/\\\/pet24.md\\\/wp-content\\\/uploads\\\/2024\\\/09\\\/flexi-povodok-ruletka-new-classic-m-tape-5m-krasnyj.webp\",\"contentUrl\":\"https:\\\/\\\/pet24.md\\\/wp-content\\\/uploads\\\/2024\\\/09\\\/flexi-povodok-ruletka-new-classic-m-tape-5m-krasnyj.webp\",\"width\":600,\"height\":600,\"caption\":\"flexi povodok ruletka new classic m tape 5m krasnyj\"},{\"@type\":\"BreadcrumbList\",\"@id\":\"https:\\\/\\\/pet24.md\\\/product\\\/flexi-povodok-ruletka-new-classic-m-tape-5m-krasnyj\\\/#breadcrumb\",\"itemListElement\":[{\"@type\":\"ListItem\",\"position\":1,\"name\":\"\u0413\u043b\u0430\u0432\u043d\u0430\u044f \u0441\u0442\u0440\u0430\u043d\u0438\u0446\u0430\",\"item\":\"https:\\\/\\\/pet24.md\\\/\"},{\"@type\":\"ListItem\",\"position\":2,\"name\":\"\u041c\u0430\u0433\u0430\u0437\u0438\u043d\",\"item\":\"https:\\\/\\\/pet24.md\\\/shop\\\/\"},{\"@type\":\"ListItem\",\"position\":3,\"name\":\"Flexi. \u041f\u043e\u0432\u043e\u0434\u043e\u043a-\u0440\u0443\u043b\u0435\u0442\u043a\u0430 New Classic M TAPE 5m \u043a\u0440\u0430\u0441\u043d\u044b\u0439\"}]},{\"@type\":\"WebSite\",\"@id\":\"https:\\\/\\\/pet24.md\\\/#website\",\"url\":\"https:\\\/\\\/pet24.md\\\/\",\"name\":\"Pet24\",\"description\":\"\u0417\u043e\u043e\u043c\u0430\u0433\u0430\u0437\u0438\u043d \u0442\u043e\u0432\u0430\u0440\u043e\u0432 \u0434\u043b\u044f \u0434\u043e\u043c\u0430\u0448\u043d\u0438\u0445 \u043f\u0438\u0442\u043e\u043c\u0446\u0435\u0432\",\"publisher\":{\"@id\":\"https:\\\/\\\/pet24.md\\\/#organization\"},\"potentialAction\":[{\"@type\":\"SearchAction\",\"target\":{\"@type\":\"EntryPoint\",\"urlTemplate\":\"https:\\\/\\\/pet24.md\\\/?s={search_term_string}\"},\"query-input\":{\"@type\":\"PropertyValueSpecification\",\"valueRequired\":true,\"valueName\":\"search_term_string\"}}],\"inLanguage\":\"ro-RO\"},{\"@type\":\"Organization\",\"@id\":\"https:\\\/\\\/pet24.md\\\/#organization\",\"name\":\"Pet24\",\"url\":\"https:\\\/\\\/pet24.md\\\/\",\"logo\":{\"@type\":\"ImageObject\",\"inLanguage\":\"ro-RO\",\"@id\":\"https:\\\/\\\/pet24.md\\\/#\\\/schema\\\/logo\\\/image\\\/\",\"url\":\"https:\\\/\\\/pet24.md\\\/wp-content\\\/uploads\\\/2024\\\/09\\\/logo.svg\",\"contentUrl\":\"https:\\\/\\\/pet24.md\\\/wp-content\\\/uploads\\\/2024\\\/09\\\/logo.svg\",\"width\":215,\"height\":66,\"caption\":\"Pet24\"},\"image\":{\"@id\":\"https:\\\/\\\/pet24.md\\\/#\\\/schema\\\/logo\\\/image\\\/\"},\"sameAs\":[\"https:\\\/\\\/www.facebook.com\\\/pet24.md\",\"https:\\\/\\\/www.instagram.com\\\/pet24.md\\\/\"],\"telephone\":\"+37360508880\"}]}<\/script>\n<!-- \/ Yoast SEO Premium plugin. -->","yoast_head_json":{"title":"Flexi. Band\u0103 de les\u0103 New Classic M TAPE 5m ro\u0219u","description":"\u041a\u0443\u043f\u0438\u0442\u044c Flexi. \u041f\u043e\u0432\u043e\u0434\u043e\u043a-\u0440\u0443\u043b\u0435\u0442\u043a\u0430 New Classic M TAPE 5m \u043a\u0440\u0430\u0441\u043d\u044b\u0439 \u0441 \u0434\u043e\u0441\u0442\u0430\u0432\u043a\u043e\u0439 \u043f\u043e \u041a\u0438\u0448\u0438\u043d\u0435\u0432\u0443 \u0438 \u0432\u0441\u0435\u0439 \u041c\u043e\u043b\u0434\u043e\u0432\u0435 \u043d\u0430 Pet24","robots":{"index":"index","follow":"follow","max-snippet":"max-snippet:-1","max-image-preview":"max-image-preview:large","max-video-preview":"max-video-preview:-1"},"canonical":"https:\/\/pet24.md\/ro\/produs\/flexi-povodok-ruletka-new-classic-m-tape-5m-krasnyj\/","og_locale":"ro_RO","og_type":"article","og_title":"Flexi. \u041f\u043e\u0432\u043e\u0434\u043e\u043a-\u0440\u0443\u043b\u0435\u0442\u043a\u0430 New Classic M TAPE 5m \u043a\u0440\u0430\u0441\u043d\u044b\u0439","og_description":"\u041a\u0443\u043f\u0438\u0442\u044c Flexi. \u041f\u043e\u0432\u043e\u0434\u043e\u043a-\u0440\u0443\u043b\u0435\u0442\u043a\u0430 New Classic M TAPE 5m \u043a\u0440\u0430\u0441\u043d\u044b\u0439 \u0441 \u0434\u043e\u0441\u0442\u0430\u0432\u043a\u043e\u0439 \u043f\u043e \u041a\u0438\u0448\u0438\u043d\u0435\u0432\u0443 \u0438 \u0432\u0441\u0435\u0439 \u041c\u043e\u043b\u0434\u043e\u0432\u0435 \u043d\u0430 Pet24","og_url":"https:\/\/pet24.md\/ro\/produs\/flexi-povodok-ruletka-new-classic-m-tape-5m-krasnyj\/","og_site_name":"Pet24","article_publisher":"https:\/\/www.facebook.com\/pet24.md","article_modified_time":"2024-09-22T22:13:24+00:00","og_image":[{"width":600,"height":600,"url":"https:\/\/pet24.md\/wp-content\/uploads\/2024\/09\/flexi-povodok-ruletka-new-classic-m-tape-5m-krasnyj.webp","type":"image\/webp"}],"twitter_card":"summary_large_image","schema":{"@context":"https:\/\/schema.org","@graph":[{"@type":"WebPage","@id":"https:\/\/pet24.md\/product\/flexi-povodok-ruletka-new-classic-m-tape-5m-krasnyj\/","url":"https:\/\/pet24.md\/product\/flexi-povodok-ruletka-new-classic-m-tape-5m-krasnyj\/","name":"Flexi. Band\u0103 de les\u0103 New Classic M TAPE 5m ro\u0219u","isPartOf":{"@id":"https:\/\/pet24.md\/#website"},"primaryImageOfPage":{"@id":"https:\/\/pet24.md\/product\/flexi-povodok-ruletka-new-classic-m-tape-5m-krasnyj\/#primaryimage"},"image":{"@id":"https:\/\/pet24.md\/product\/flexi-povodok-ruletka-new-classic-m-tape-5m-krasnyj\/#primaryimage"},"thumbnailUrl":"https:\/\/pet24.md\/wp-content\/uploads\/2024\/09\/flexi-povodok-ruletka-new-classic-m-tape-5m-krasnyj.webp","datePublished":"2023-10-24T18:10:05+00:00","dateModified":"2024-09-22T22:13:24+00:00","description":"\u041a\u0443\u043f\u0438\u0442\u044c Flexi. \u041f\u043e\u0432\u043e\u0434\u043e\u043a-\u0440\u0443\u043b\u0435\u0442\u043a\u0430 New Classic M TAPE 5m \u043a\u0440\u0430\u0441\u043d\u044b\u0439 \u0441 \u0434\u043e\u0441\u0442\u0430\u0432\u043a\u043e\u0439 \u043f\u043e \u041a\u0438\u0448\u0438\u043d\u0435\u0432\u0443 \u0438 \u0432\u0441\u0435\u0439 \u041c\u043e\u043b\u0434\u043e\u0432\u0435 \u043d\u0430 Pet24","breadcrumb":{"@id":"https:\/\/pet24.md\/product\/flexi-povodok-ruletka-new-classic-m-tape-5m-krasnyj\/#breadcrumb"},"inLanguage":"ro-RO","potentialAction":[{"@type":"ReadAction","target":["https:\/\/pet24.md\/product\/flexi-povodok-ruletka-new-classic-m-tape-5m-krasnyj\/"]}]},{"@type":"ImageObject","inLanguage":"ro-RO","@id":"https:\/\/pet24.md\/product\/flexi-povodok-ruletka-new-classic-m-tape-5m-krasnyj\/#primaryimage","url":"https:\/\/pet24.md\/wp-content\/uploads\/2024\/09\/flexi-povodok-ruletka-new-classic-m-tape-5m-krasnyj.webp","contentUrl":"https:\/\/pet24.md\/wp-content\/uploads\/2024\/09\/flexi-povodok-ruletka-new-classic-m-tape-5m-krasnyj.webp","width":600,"height":600,"caption":"flexi povodok ruletka new classic m tape 5m krasnyj"},{"@type":"BreadcrumbList","@id":"https:\/\/pet24.md\/product\/flexi-povodok-ruletka-new-classic-m-tape-5m-krasnyj\/#breadcrumb","itemListElement":[{"@type":"ListItem","position":1,"name":"\u0413\u043b\u0430\u0432\u043d\u0430\u044f \u0441\u0442\u0440\u0430\u043d\u0438\u0446\u0430","item":"https:\/\/pet24.md\/"},{"@type":"ListItem","position":2,"name":"\u041c\u0430\u0433\u0430\u0437\u0438\u043d","item":"https:\/\/pet24.md\/shop\/"},{"@type":"ListItem","position":3,"name":"Flexi. \u041f\u043e\u0432\u043e\u0434\u043e\u043a-\u0440\u0443\u043b\u0435\u0442\u043a\u0430 New Classic M TAPE 5m \u043a\u0440\u0430\u0441\u043d\u044b\u0439"}]},{"@type":"WebSite","@id":"https:\/\/pet24.md\/#website","url":"https:\/\/pet24.md\/","name":"Pet24","description":"Magazin de animale de companie","publisher":{"@id":"https:\/\/pet24.md\/#organization"},"potentialAction":[{"@type":"SearchAction","target":{"@type":"EntryPoint","urlTemplate":"https:\/\/pet24.md\/?s={search_term_string}"},"query-input":{"@type":"PropertyValueSpecification","valueRequired":true,"valueName":"search_term_string"}}],"inLanguage":"ro-RO"},{"@type":"Organization","@id":"https:\/\/pet24.md\/#organization","name":"Pet24","url":"https:\/\/pet24.md\/","logo":{"@type":"ImageObject","inLanguage":"ro-RO","@id":"https:\/\/pet24.md\/#\/schema\/logo\/image\/","url":"https:\/\/pet24.md\/wp-content\/uploads\/2024\/09\/logo.svg","contentUrl":"https:\/\/pet24.md\/wp-content\/uploads\/2024\/09\/logo.svg","width":215,"height":66,"caption":"Pet24"},"image":{"@id":"https:\/\/pet24.md\/#\/schema\/logo\/image\/"},"sameAs":["https:\/\/www.facebook.com\/pet24.md","https:\/\/www.instagram.com\/pet24.md\/"],"telephone":"+37360508880"}]}},"_links":{"self":[{"href":"https:\/\/pet24.md\/ro\/wp-json\/wp\/v2\/product\/33649","targetHints":{"allow":["GET"]}}],"collection":[{"href":"https:\/\/pet24.md\/ro\/wp-json\/wp\/v2\/product"}],"about":[{"href":"https:\/\/pet24.md\/ro\/wp-json\/wp\/v2\/types\/product"}],"replies":[{"embeddable":true,"href":"https:\/\/pet24.md\/ro\/wp-json\/wp\/v2\/comments?post=33649"}],"wp:featuredmedia":[{"embeddable":true,"href":"https:\/\/pet24.md\/ro\/wp-json\/wp\/v2\/media\/90324"}],"wp:attachment":[{"href":"https:\/\/pet24.md\/ro\/wp-json\/wp\/v2\/media?parent=33649"}],"wp:term":[{"taxonomy":"product_brand","embeddable":true,"href":"https:\/\/pet24.md\/ro\/wp-json\/wp\/v2\/product_brand?post=33649"},{"taxonomy":"product_cat","embeddable":true,"href":"https:\/\/pet24.md\/ro\/wp-json\/wp\/v2\/product_cat?post=33649"},{"taxonomy":"product_tag","embeddable":true,"href":"https:\/\/pet24.md\/ro\/wp-json\/wp\/v2\/product_tag?post=33649"}],"curies":[{"name":"wp","href":"https:\/\/api.w.org\/{rel}","templated":true}]}}