{"id":33773,"date":"2023-10-09T16:58:35","date_gmt":"2023-10-09T16:58:35","guid":{"rendered":"https:\/\/pet24.md\/?post_type=product&#038;p=33773"},"modified":"2024-09-22T22:13:36","modified_gmt":"2024-09-22T22:13:36","slug":"barry-king-igrushka-dlya-sobak-zel-disk-11-sm","status":"publish","type":"product","link":"https:\/\/pet24.md\/ro\/produs\/barry-king-igrushka-dlya-sobak-zel-disk-11-sm\/","title":{"rendered":"Juc\u0103rie pentru c\u00e2ine Barry King, disc verde 11 cm"},"content":{"rendered":"<h3>Juc\u0103rie pentru c\u00e2ini Barry King - Disc verde, 11 cm<\/h3>\n<p>Barry King ofer\u0103 o juc\u0103rie pentru c\u00e2ine \u00een form\u0103 de disc verde de 11 cm Fabricat\u0103 din cauciuc natural, aceast\u0103 juc\u0103rie sigur\u0103 \u0219i non-toxic\u0103 este ideal\u0103 pentru s\u0103n\u0103tatea \u0219i distrac\u021bia cainelui t\u0103u.<\/p>\n<p><strong>Caracteristici cheie:<\/strong><\/p>\n<ul>\n<li><strong>Material sigur \u0219i netoxic:<\/strong> Juc\u0103ria este fabricat\u0103 din cauciuc natural, complet sigur\u0103 pentru c\u00e2inele t\u0103u.<\/li>\n<li><strong>Masajul gingiilor:<\/strong> Designul special al jucariei ajuta la masarea gingiilor, imbunatatind circulatia sangelui si reducand disconfortul dentitiei.<\/li>\n<li><strong>Spalatul pe dinti:<\/strong> Juc\u0103ria ajut\u0103 la \u00eendep\u0103rtarea pl\u0103cii \u0219i a tartrului, men\u021bin\u00e2nd din\u021bii cura\u021bi \u0219i respira\u021bia proasp\u0103t\u0103.<\/li>\n<li><strong>Divertisment interactiv:<\/strong> C\u00e2inele se poate juca cu el atunci c\u00e2nd proprietarul nu este acas\u0103. Dac\u0103 pune\u021bi \u00een\u0103untru deliciile preferate ale animalului dvs. de companie, jocul se va transforma \u00eentr-o adev\u0103rat\u0103 v\u00e2n\u0103toare de delicii gustoase.<\/li>\n<li><strong>Rezisten\u0163\u0103:<\/strong> Cauciucul natural face juc\u0103ria puternic\u0103 \u0219i durabil\u0103, ideal\u0103 pentru c\u00e2inii activi.<\/li>\n<\/ul>\n<p>Alege o juc\u0103rie Barry King \u00een form\u0103 de disc pentru a oferi c\u00e2inelui t\u0103u o experien\u021b\u0103 distractiv\u0103 \u0219i plin\u0103 de satisfac\u021bii.<\/p>","protected":false},"excerpt":{"rendered":"<p>Barry King \u0418\u0433\u0440\u0443\u0448\u043a\u0430 \u0434\u043b\u044f \u0441\u043e\u0431\u0430\u043a &#8212; \u0417\u0435\u043b\u0435\u043d\u044b\u0439 \u0434\u0438\u0441\u043a, 11 \u0441\u043c Barry King \u043f\u0440\u0435\u0434\u043b\u0430\u0433\u0430\u0435\u0442 \u0438\u0433\u0440\u0443\u0448\u043a\u0443 \u0434\u043b\u044f \u0441\u043e\u0431\u0430\u043a \u0432 \u0444\u043e\u0440\u043c\u0435 \u0434\u0438\u0441\u043a\u0430 \u0437\u0435\u043b\u0435\u043d\u043e\u0433\u043e \u0446\u0432\u0435\u0442\u0430 \u0434\u0438\u0430\u043c\u0435\u0442\u0440\u043e\u043c&hellip;<\/p>","protected":false},"featured_media":90365,"comment_status":"closed","ping_status":"closed","template":"","meta":[],"product_brand":[],"product_cat":[136,265,163],"product_tag":[266,166],"class_list":{"0":"post-33773","1":"product","2":"type-product","3":"status-publish","4":"has-post-thumbnail","6":"product_cat-dog","7":"product_cat-toy-treats","8":"product_cat-dog-toys","9":"product_tag-barry-king","10":"product_tag-igrushki","11":"pa_age-pet-lyuboj-vozrast","12":"pa_brand-barry-king","13":"pa_breed-size-dlya-vseh-porod","14":"pa_color-zelenyj","15":"pa_pet-sobaka","17":"first","18":"outofstock","19":"product-type-simple"},"yoast_head":"<!-- This site is optimized with the Yoast SEO Premium plugin v23.7 (Yoast SEO v27.5) - https:\/\/yoast.com\/product\/yoast-seo-premium-wordpress\/ -->\n<title>Barry King \u0438\u0433\u0440\u0443\u0448\u043a\u0430 \u0434\u043b\u044f \u0441\u043e\u0431\u0430\u043a, \u0417\u0435\u043b\u0451\u043d\u044b\u0439 \u0434\u0438\u0441\u043a 11 \u0441\u043c<\/title>\n<meta name=\"description\" content=\"\u041a\u0443\u043f\u0438\u0442\u044c Barry King \u0438\u0433\u0440\u0443\u0448\u043a\u0430 \u0434\u043b\u044f \u0441\u043e\u0431\u0430\u043a, \u0417\u0435\u043b\u0451\u043d\u044b\u0439 \u0434\u0438\u0441\u043a 11 \u0441\u043c \u0441 \u0434\u043e\u0441\u0442\u0430\u0432\u043a\u043e\u0439 \u043f\u043e \u041a\u0438\u0448\u0438\u043d\u0435\u0432\u0443 \u0438 \u0432\u0441\u0435\u0439 \u041c\u043e\u043b\u0434\u043e\u0432\u0435 \u043d\u0430 Pet24\" \/>\n<meta name=\"robots\" content=\"index, follow, max-snippet:-1, max-image-preview:large, max-video-preview:-1\" \/>\n<link rel=\"canonical\" href=\"https:\/\/pet24.md\/ro\/produs\/barry-king-igrushka-dlya-sobak-zel-disk-11-sm\/\" \/>\n<meta property=\"og:locale\" content=\"ro_RO\" \/>\n<meta property=\"og:type\" content=\"article\" \/>\n<meta property=\"og:title\" content=\"Barry King \u0438\u0433\u0440\u0443\u0448\u043a\u0430 \u0434\u043b\u044f \u0441\u043e\u0431\u0430\u043a, \u0417\u0435\u043b\u0451\u043d\u044b\u0439 \u0434\u0438\u0441\u043a 11 \u0441\u043c\" \/>\n<meta property=\"og:description\" content=\"\u041a\u0443\u043f\u0438\u0442\u044c Barry King \u0438\u0433\u0440\u0443\u0448\u043a\u0430 \u0434\u043b\u044f \u0441\u043e\u0431\u0430\u043a, \u0417\u0435\u043b\u0451\u043d\u044b\u0439 \u0434\u0438\u0441\u043a 11 \u0441\u043c \u0441 \u0434\u043e\u0441\u0442\u0430\u0432\u043a\u043e\u0439 \u043f\u043e \u041a\u0438\u0448\u0438\u043d\u0435\u0432\u0443 \u0438 \u0432\u0441\u0435\u0439 \u041c\u043e\u043b\u0434\u043e\u0432\u0435 \u043d\u0430 Pet24\" \/>\n<meta property=\"og:url\" content=\"https:\/\/pet24.md\/ro\/produs\/barry-king-igrushka-dlya-sobak-zel-disk-11-sm\/\" \/>\n<meta property=\"og:site_name\" content=\"Pet24\" \/>\n<meta property=\"article:publisher\" content=\"https:\/\/www.facebook.com\/pet24.md\" \/>\n<meta property=\"article:modified_time\" content=\"2024-09-22T22:13:36+00:00\" \/>\n<meta property=\"og:image\" content=\"https:\/\/pet24.md\/wp-content\/uploads\/2024\/09\/barry-king-igrushka-dlya-sobak-zelyonyj-disk-11-sm.webp\" \/>\n\t<meta property=\"og:image:width\" content=\"600\" \/>\n\t<meta property=\"og:image:height\" content=\"600\" \/>\n\t<meta property=\"og:image:type\" content=\"image\/webp\" \/>\n<meta name=\"twitter:card\" content=\"summary_large_image\" \/>\n<script type=\"application\/ld+json\" class=\"yoast-schema-graph\">{\"@context\":\"https:\\\/\\\/schema.org\",\"@graph\":[{\"@type\":\"WebPage\",\"@id\":\"https:\\\/\\\/pet24.md\\\/product\\\/barry-king-igrushka-dlya-sobak-zel-disk-11-sm\\\/\",\"url\":\"https:\\\/\\\/pet24.md\\\/product\\\/barry-king-igrushka-dlya-sobak-zel-disk-11-sm\\\/\",\"name\":\"Barry King \u0438\u0433\u0440\u0443\u0448\u043a\u0430 \u0434\u043b\u044f \u0441\u043e\u0431\u0430\u043a, \u0417\u0435\u043b\u0451\u043d\u044b\u0439 \u0434\u0438\u0441\u043a 11 \u0441\u043c\",\"isPartOf\":{\"@id\":\"https:\\\/\\\/pet24.md\\\/#website\"},\"primaryImageOfPage\":{\"@id\":\"https:\\\/\\\/pet24.md\\\/product\\\/barry-king-igrushka-dlya-sobak-zel-disk-11-sm\\\/#primaryimage\"},\"image\":{\"@id\":\"https:\\\/\\\/pet24.md\\\/product\\\/barry-king-igrushka-dlya-sobak-zel-disk-11-sm\\\/#primaryimage\"},\"thumbnailUrl\":\"https:\\\/\\\/pet24.md\\\/wp-content\\\/uploads\\\/2024\\\/09\\\/barry-king-igrushka-dlya-sobak-zelyonyj-disk-11-sm.webp\",\"datePublished\":\"2023-10-09T16:58:35+00:00\",\"dateModified\":\"2024-09-22T22:13:36+00:00\",\"description\":\"\u041a\u0443\u043f\u0438\u0442\u044c Barry King \u0438\u0433\u0440\u0443\u0448\u043a\u0430 \u0434\u043b\u044f \u0441\u043e\u0431\u0430\u043a, \u0417\u0435\u043b\u0451\u043d\u044b\u0439 \u0434\u0438\u0441\u043a 11 \u0441\u043c \u0441 \u0434\u043e\u0441\u0442\u0430\u0432\u043a\u043e\u0439 \u043f\u043e \u041a\u0438\u0448\u0438\u043d\u0435\u0432\u0443 \u0438 \u0432\u0441\u0435\u0439 \u041c\u043e\u043b\u0434\u043e\u0432\u0435 \u043d\u0430 Pet24\",\"breadcrumb\":{\"@id\":\"https:\\\/\\\/pet24.md\\\/product\\\/barry-king-igrushka-dlya-sobak-zel-disk-11-sm\\\/#breadcrumb\"},\"inLanguage\":\"ro-RO\",\"potentialAction\":[{\"@type\":\"ReadAction\",\"target\":[\"https:\\\/\\\/pet24.md\\\/product\\\/barry-king-igrushka-dlya-sobak-zel-disk-11-sm\\\/\"]}]},{\"@type\":\"ImageObject\",\"inLanguage\":\"ro-RO\",\"@id\":\"https:\\\/\\\/pet24.md\\\/product\\\/barry-king-igrushka-dlya-sobak-zel-disk-11-sm\\\/#primaryimage\",\"url\":\"https:\\\/\\\/pet24.md\\\/wp-content\\\/uploads\\\/2024\\\/09\\\/barry-king-igrushka-dlya-sobak-zelyonyj-disk-11-sm.webp\",\"contentUrl\":\"https:\\\/\\\/pet24.md\\\/wp-content\\\/uploads\\\/2024\\\/09\\\/barry-king-igrushka-dlya-sobak-zelyonyj-disk-11-sm.webp\",\"width\":600,\"height\":600,\"caption\":\"barry king igrushka dlya sobak zelyonyj disk 11 sm\"},{\"@type\":\"BreadcrumbList\",\"@id\":\"https:\\\/\\\/pet24.md\\\/product\\\/barry-king-igrushka-dlya-sobak-zel-disk-11-sm\\\/#breadcrumb\",\"itemListElement\":[{\"@type\":\"ListItem\",\"position\":1,\"name\":\"\u0413\u043b\u0430\u0432\u043d\u0430\u044f \u0441\u0442\u0440\u0430\u043d\u0438\u0446\u0430\",\"item\":\"https:\\\/\\\/pet24.md\\\/\"},{\"@type\":\"ListItem\",\"position\":2,\"name\":\"\u041c\u0430\u0433\u0430\u0437\u0438\u043d\",\"item\":\"https:\\\/\\\/pet24.md\\\/shop\\\/\"},{\"@type\":\"ListItem\",\"position\":3,\"name\":\"Barry King \u0438\u0433\u0440\u0443\u0448\u043a\u0430 \u0434\u043b\u044f \u0441\u043e\u0431\u0430\u043a, \u0417\u0435\u043b\u0451\u043d\u044b\u0439 \u0434\u0438\u0441\u043a 11 \u0441\u043c\"}]},{\"@type\":\"WebSite\",\"@id\":\"https:\\\/\\\/pet24.md\\\/#website\",\"url\":\"https:\\\/\\\/pet24.md\\\/\",\"name\":\"Pet24\",\"description\":\"\u0417\u043e\u043e\u043c\u0430\u0433\u0430\u0437\u0438\u043d \u0442\u043e\u0432\u0430\u0440\u043e\u0432 \u0434\u043b\u044f \u0434\u043e\u043c\u0430\u0448\u043d\u0438\u0445 \u043f\u0438\u0442\u043e\u043c\u0446\u0435\u0432\",\"publisher\":{\"@id\":\"https:\\\/\\\/pet24.md\\\/#organization\"},\"potentialAction\":[{\"@type\":\"SearchAction\",\"target\":{\"@type\":\"EntryPoint\",\"urlTemplate\":\"https:\\\/\\\/pet24.md\\\/?s={search_term_string}\"},\"query-input\":{\"@type\":\"PropertyValueSpecification\",\"valueRequired\":true,\"valueName\":\"search_term_string\"}}],\"inLanguage\":\"ro-RO\"},{\"@type\":\"Organization\",\"@id\":\"https:\\\/\\\/pet24.md\\\/#organization\",\"name\":\"Pet24\",\"url\":\"https:\\\/\\\/pet24.md\\\/\",\"logo\":{\"@type\":\"ImageObject\",\"inLanguage\":\"ro-RO\",\"@id\":\"https:\\\/\\\/pet24.md\\\/#\\\/schema\\\/logo\\\/image\\\/\",\"url\":\"https:\\\/\\\/pet24.md\\\/wp-content\\\/uploads\\\/2024\\\/09\\\/logo.svg\",\"contentUrl\":\"https:\\\/\\\/pet24.md\\\/wp-content\\\/uploads\\\/2024\\\/09\\\/logo.svg\",\"width\":215,\"height\":66,\"caption\":\"Pet24\"},\"image\":{\"@id\":\"https:\\\/\\\/pet24.md\\\/#\\\/schema\\\/logo\\\/image\\\/\"},\"sameAs\":[\"https:\\\/\\\/www.facebook.com\\\/pet24.md\",\"https:\\\/\\\/www.instagram.com\\\/pet24.md\\\/\"],\"telephone\":\"+37360508880\"}]}<\/script>\n<!-- \/ Yoast SEO Premium plugin. -->","yoast_head_json":{"title":"Juc\u0103rie pentru c\u00e2ine Barry King, disc verde 11 cm","description":"\u041a\u0443\u043f\u0438\u0442\u044c Barry King \u0438\u0433\u0440\u0443\u0448\u043a\u0430 \u0434\u043b\u044f \u0441\u043e\u0431\u0430\u043a, \u0417\u0435\u043b\u0451\u043d\u044b\u0439 \u0434\u0438\u0441\u043a 11 \u0441\u043c \u0441 \u0434\u043e\u0441\u0442\u0430\u0432\u043a\u043e\u0439 \u043f\u043e \u041a\u0438\u0448\u0438\u043d\u0435\u0432\u0443 \u0438 \u0432\u0441\u0435\u0439 \u041c\u043e\u043b\u0434\u043e\u0432\u0435 \u043d\u0430 Pet24","robots":{"index":"index","follow":"follow","max-snippet":"max-snippet:-1","max-image-preview":"max-image-preview:large","max-video-preview":"max-video-preview:-1"},"canonical":"https:\/\/pet24.md\/ro\/produs\/barry-king-igrushka-dlya-sobak-zel-disk-11-sm\/","og_locale":"ro_RO","og_type":"article","og_title":"Barry King \u0438\u0433\u0440\u0443\u0448\u043a\u0430 \u0434\u043b\u044f \u0441\u043e\u0431\u0430\u043a, \u0417\u0435\u043b\u0451\u043d\u044b\u0439 \u0434\u0438\u0441\u043a 11 \u0441\u043c","og_description":"\u041a\u0443\u043f\u0438\u0442\u044c Barry King \u0438\u0433\u0440\u0443\u0448\u043a\u0430 \u0434\u043b\u044f \u0441\u043e\u0431\u0430\u043a, \u0417\u0435\u043b\u0451\u043d\u044b\u0439 \u0434\u0438\u0441\u043a 11 \u0441\u043c \u0441 \u0434\u043e\u0441\u0442\u0430\u0432\u043a\u043e\u0439 \u043f\u043e \u041a\u0438\u0448\u0438\u043d\u0435\u0432\u0443 \u0438 \u0432\u0441\u0435\u0439 \u041c\u043e\u043b\u0434\u043e\u0432\u0435 \u043d\u0430 Pet24","og_url":"https:\/\/pet24.md\/ro\/produs\/barry-king-igrushka-dlya-sobak-zel-disk-11-sm\/","og_site_name":"Pet24","article_publisher":"https:\/\/www.facebook.com\/pet24.md","article_modified_time":"2024-09-22T22:13:36+00:00","og_image":[{"width":600,"height":600,"url":"https:\/\/pet24.md\/wp-content\/uploads\/2024\/09\/barry-king-igrushka-dlya-sobak-zelyonyj-disk-11-sm.webp","type":"image\/webp"}],"twitter_card":"summary_large_image","schema":{"@context":"https:\/\/schema.org","@graph":[{"@type":"WebPage","@id":"https:\/\/pet24.md\/product\/barry-king-igrushka-dlya-sobak-zel-disk-11-sm\/","url":"https:\/\/pet24.md\/product\/barry-king-igrushka-dlya-sobak-zel-disk-11-sm\/","name":"Juc\u0103rie pentru c\u00e2ine Barry King, disc verde 11 cm","isPartOf":{"@id":"https:\/\/pet24.md\/#website"},"primaryImageOfPage":{"@id":"https:\/\/pet24.md\/product\/barry-king-igrushka-dlya-sobak-zel-disk-11-sm\/#primaryimage"},"image":{"@id":"https:\/\/pet24.md\/product\/barry-king-igrushka-dlya-sobak-zel-disk-11-sm\/#primaryimage"},"thumbnailUrl":"https:\/\/pet24.md\/wp-content\/uploads\/2024\/09\/barry-king-igrushka-dlya-sobak-zelyonyj-disk-11-sm.webp","datePublished":"2023-10-09T16:58:35+00:00","dateModified":"2024-09-22T22:13:36+00:00","description":"\u041a\u0443\u043f\u0438\u0442\u044c Barry King \u0438\u0433\u0440\u0443\u0448\u043a\u0430 \u0434\u043b\u044f \u0441\u043e\u0431\u0430\u043a, \u0417\u0435\u043b\u0451\u043d\u044b\u0439 \u0434\u0438\u0441\u043a 11 \u0441\u043c \u0441 \u0434\u043e\u0441\u0442\u0430\u0432\u043a\u043e\u0439 \u043f\u043e \u041a\u0438\u0448\u0438\u043d\u0435\u0432\u0443 \u0438 \u0432\u0441\u0435\u0439 \u041c\u043e\u043b\u0434\u043e\u0432\u0435 \u043d\u0430 Pet24","breadcrumb":{"@id":"https:\/\/pet24.md\/product\/barry-king-igrushka-dlya-sobak-zel-disk-11-sm\/#breadcrumb"},"inLanguage":"ro-RO","potentialAction":[{"@type":"ReadAction","target":["https:\/\/pet24.md\/product\/barry-king-igrushka-dlya-sobak-zel-disk-11-sm\/"]}]},{"@type":"ImageObject","inLanguage":"ro-RO","@id":"https:\/\/pet24.md\/product\/barry-king-igrushka-dlya-sobak-zel-disk-11-sm\/#primaryimage","url":"https:\/\/pet24.md\/wp-content\/uploads\/2024\/09\/barry-king-igrushka-dlya-sobak-zelyonyj-disk-11-sm.webp","contentUrl":"https:\/\/pet24.md\/wp-content\/uploads\/2024\/09\/barry-king-igrushka-dlya-sobak-zelyonyj-disk-11-sm.webp","width":600,"height":600,"caption":"barry king igrushka dlya sobak zelyonyj disk 11 sm"},{"@type":"BreadcrumbList","@id":"https:\/\/pet24.md\/product\/barry-king-igrushka-dlya-sobak-zel-disk-11-sm\/#breadcrumb","itemListElement":[{"@type":"ListItem","position":1,"name":"\u0413\u043b\u0430\u0432\u043d\u0430\u044f \u0441\u0442\u0440\u0430\u043d\u0438\u0446\u0430","item":"https:\/\/pet24.md\/"},{"@type":"ListItem","position":2,"name":"\u041c\u0430\u0433\u0430\u0437\u0438\u043d","item":"https:\/\/pet24.md\/shop\/"},{"@type":"ListItem","position":3,"name":"Barry King \u0438\u0433\u0440\u0443\u0448\u043a\u0430 \u0434\u043b\u044f \u0441\u043e\u0431\u0430\u043a, \u0417\u0435\u043b\u0451\u043d\u044b\u0439 \u0434\u0438\u0441\u043a 11 \u0441\u043c"}]},{"@type":"WebSite","@id":"https:\/\/pet24.md\/#website","url":"https:\/\/pet24.md\/","name":"Pet24","description":"Magazin de animale de companie","publisher":{"@id":"https:\/\/pet24.md\/#organization"},"potentialAction":[{"@type":"SearchAction","target":{"@type":"EntryPoint","urlTemplate":"https:\/\/pet24.md\/?s={search_term_string}"},"query-input":{"@type":"PropertyValueSpecification","valueRequired":true,"valueName":"search_term_string"}}],"inLanguage":"ro-RO"},{"@type":"Organization","@id":"https:\/\/pet24.md\/#organization","name":"Pet24","url":"https:\/\/pet24.md\/","logo":{"@type":"ImageObject","inLanguage":"ro-RO","@id":"https:\/\/pet24.md\/#\/schema\/logo\/image\/","url":"https:\/\/pet24.md\/wp-content\/uploads\/2024\/09\/logo.svg","contentUrl":"https:\/\/pet24.md\/wp-content\/uploads\/2024\/09\/logo.svg","width":215,"height":66,"caption":"Pet24"},"image":{"@id":"https:\/\/pet24.md\/#\/schema\/logo\/image\/"},"sameAs":["https:\/\/www.facebook.com\/pet24.md","https:\/\/www.instagram.com\/pet24.md\/"],"telephone":"+37360508880"}]}},"_links":{"self":[{"href":"https:\/\/pet24.md\/ro\/wp-json\/wp\/v2\/product\/33773","targetHints":{"allow":["GET"]}}],"collection":[{"href":"https:\/\/pet24.md\/ro\/wp-json\/wp\/v2\/product"}],"about":[{"href":"https:\/\/pet24.md\/ro\/wp-json\/wp\/v2\/types\/product"}],"replies":[{"embeddable":true,"href":"https:\/\/pet24.md\/ro\/wp-json\/wp\/v2\/comments?post=33773"}],"wp:featuredmedia":[{"embeddable":true,"href":"https:\/\/pet24.md\/ro\/wp-json\/wp\/v2\/media\/90365"}],"wp:attachment":[{"href":"https:\/\/pet24.md\/ro\/wp-json\/wp\/v2\/media?parent=33773"}],"wp:term":[{"taxonomy":"product_brand","embeddable":true,"href":"https:\/\/pet24.md\/ro\/wp-json\/wp\/v2\/product_brand?post=33773"},{"taxonomy":"product_cat","embeddable":true,"href":"https:\/\/pet24.md\/ro\/wp-json\/wp\/v2\/product_cat?post=33773"},{"taxonomy":"product_tag","embeddable":true,"href":"https:\/\/pet24.md\/ro\/wp-json\/wp\/v2\/product_tag?post=33773"}],"curies":[{"name":"wp","href":"https:\/\/api.w.org\/{rel}","templated":true}]}}