{"id":33838,"date":"2023-10-10T16:04:24","date_gmt":"2023-10-10T16:04:24","guid":{"rendered":"https:\/\/pet24.md\/?post_type=product&#038;p=33838"},"modified":"2024-09-22T22:13:42","modified_gmt":"2024-09-22T22:13:42","slug":"barry-king-tyazhelaya-miska-na-silikonovoj-osnove-matovaya-09-l","status":"publish","type":"product","link":"https:\/\/pet24.md\/ro\/produs\/barry-king-tyazhelaya-miska-na-silikonovoj-osnove-matovaya-09-l\/","title":{"rendered":"Barry King Bol rezistent pe baz\u0103 de silicon. Mate. 0,9 L"},"content":{"rendered":"<article>\n<h3>Bol din o\u021bel inoxidabil cu tampon antiderapant pentru c\u00e2ini<\/h3>\n<p>Ai nevoie de un bol durabil \u0219i practic pentru ap\u0103 \u0219i hran\u0103 pentru c\u00e2inele t\u0103u? Alege\u021bi un bol din o\u021bel inoxidabil cu un tampon antiderapant. Poate fi folosit pentru m\u00e2ncare, gust\u0103ri sau ap\u0103, astfel \u00eenc\u00e2t animalul dvs. de companie s\u0103 poat\u0103 m\u00e2nca \u0219i bea \u00een lini\u0219te.<\/p>\n<p><strong>Beneficii cheie:<\/strong><\/p>\n<ul>\n<li><strong>Durabil \u0219i practic:<\/strong> Vasul din o\u021bel inoxidabil este rezistent la deformare \u0219i versatil, poate fi folosit pentru m\u00e2ncare, gust\u0103ri sau ap\u0103.<\/li>\n<li><strong>Igienic:<\/strong> Nu absoarbe gustul sau mirosul, usor de curatat manual sau in masina de spalat vase.<\/li>\n<li><strong>Tamp\u0103 anti-alunecare:<\/strong> Captuseala din silicon previne alunecarea, oferind animalului tau o experienta de hranire relaxata.<\/li>\n<\/ul>\n<p><strong>Regla\u021bi dimensiunea pentru a se potrivi nevoilor c\u00e2inelui dvs.:<\/strong><\/p>\n<p>Vasul metalic are o utilizare universala, asa ca poate fi folosit in diferite moduri in fiecare zi, fara a uita de igiena. Pute\u021bi alege dimensiunea \u0219i volumul bolului pentru a se potrivi perfect animalului dvs. de companie. Versiunile mai mici sunt potrivite pentru rasele mici, \u00een timp ce bolurile mai mari, de peste 2 litri, sunt potrivite pentru c\u00e2inii mai mari.<\/p>\n<p><strong>C\u0103ptu\u0219eal\u0103 din cauciuc:<\/strong> Disponibil \u00een dou\u0103 culori, albastru \u0219i negru.<\/p>\n<\/article>","protected":false},"excerpt":{"rendered":"<p>\u041c\u0438\u0441\u043a\u0430 \u0438\u0437 \u043d\u0435\u0440\u0436\u0430\u0432\u0435\u044e\u0449\u0435\u0439 \u0441\u0442\u0430\u043b\u0438 \u0434\u043b\u044f \u0441\u043e\u0431\u0430\u043a \u0441 \u043d\u0435\u0441\u043a\u043e\u043b\u044c\u0437\u044f\u0449\u0435\u0439 \u043f\u043e\u0434\u0443\u0448\u0435\u0447\u043a\u043e\u0439 \u041d\u0443\u0436\u043d\u0430 \u043f\u0440\u043e\u0447\u043d\u0430\u044f \u0438 \u043f\u0440\u0430\u043a\u0442\u0438\u0447\u043d\u0430\u044f \u043c\u0438\u0441\u043a\u0430 \u0434\u043b\u044f \u0432\u043e\u0434\u044b \u0438 \u0435\u0434\u044b \u0434\u043b\u044f \u0432\u0430\u0448\u0435\u0439 \u0441\u043e\u0431\u0430\u043a\u0438? \u0412\u044b\u0431\u0435\u0440\u0438\u0442\u0435&hellip;<\/p>","protected":false},"featured_media":90144,"comment_status":"closed","ping_status":"closed","template":"","meta":[],"product_brand":[],"product_cat":[136,472,473],"product_tag":[266,474],"class_list":{"0":"post-33838","1":"product","2":"type-product","3":"status-publish","4":"has-post-thumbnail","6":"product_cat-dog","7":"product_cat-dog-accessories","8":"product_cat-dog-bowls","9":"product_tag-barry-king","10":"product_tag-miska","11":"pa_age-pet-lyuboj-vozrast","12":"pa_brand-barry-king","13":"pa_pet-sobaka","15":"first","16":"instock","17":"product-type-simple"},"yoast_head":"<!-- This site is optimized with the Yoast SEO Premium plugin v23.7 (Yoast SEO v27.5) - https:\/\/yoast.com\/product\/yoast-seo-premium-wordpress\/ -->\n<title>Barry King \u0422\u044f\u0436\u0435\u043b\u0430\u044f \u043c\u0438\u0441\u043a\u0430 \u043d\u0430 \u0441\u0438\u043b\u0438\u043a\u043e\u043d\u043e\u0432\u043e\u0439 \u043e\u0441\u043d\u043e\u0432\u0435. \u041c\u0430\u0442\u043e\u0432\u0430\u044f. 0,9 L<\/title>\n<meta name=\"description\" content=\"\u041a\u0443\u043f\u0438\u0442\u044c Barry King \u0422\u044f\u0436\u0435\u043b\u0430\u044f \u043c\u0438\u0441\u043a\u0430 \u043d\u0430 \u0441\u0438\u043b\u0438\u043a\u043e\u043d\u043e\u0432\u043e\u0439 \u043e\u0441\u043d\u043e\u0432\u0435. \u041c\u0430\u0442\u043e\u0432\u0430\u044f. 0,9 L \u0441 \u0434\u043e\u0441\u0442\u0430\u0432\u043a\u043e\u0439 \u043f\u043e \u041a\u0438\u0448\u0438\u043d\u0435\u0432\u0443 \u0438 \u0432\u0441\u0435\u0439 \u041c\u043e\u043b\u0434\u043e\u0432\u0435 \u043d\u0430 Pet24\" \/>\n<meta name=\"robots\" content=\"index, follow, max-snippet:-1, max-image-preview:large, max-video-preview:-1\" \/>\n<link rel=\"canonical\" href=\"https:\/\/pet24.md\/ro\/produs\/barry-king-tyazhelaya-miska-na-silikonovoj-osnove-matovaya-09-l\/\" \/>\n<meta property=\"og:locale\" content=\"ro_RO\" \/>\n<meta property=\"og:type\" content=\"article\" \/>\n<meta property=\"og:title\" content=\"Barry King \u0422\u044f\u0436\u0435\u043b\u0430\u044f \u043c\u0438\u0441\u043a\u0430 \u043d\u0430 \u0441\u0438\u043b\u0438\u043a\u043e\u043d\u043e\u0432\u043e\u0439 \u043e\u0441\u043d\u043e\u0432\u0435. \u041c\u0430\u0442\u043e\u0432\u0430\u044f. 0,9 L\" \/>\n<meta property=\"og:description\" content=\"\u041a\u0443\u043f\u0438\u0442\u044c Barry King \u0422\u044f\u0436\u0435\u043b\u0430\u044f \u043c\u0438\u0441\u043a\u0430 \u043d\u0430 \u0441\u0438\u043b\u0438\u043a\u043e\u043d\u043e\u0432\u043e\u0439 \u043e\u0441\u043d\u043e\u0432\u0435. \u041c\u0430\u0442\u043e\u0432\u0430\u044f. 0,9 L \u0441 \u0434\u043e\u0441\u0442\u0430\u0432\u043a\u043e\u0439 \u043f\u043e \u041a\u0438\u0448\u0438\u043d\u0435\u0432\u0443 \u0438 \u0432\u0441\u0435\u0439 \u041c\u043e\u043b\u0434\u043e\u0432\u0435 \u043d\u0430 Pet24\" \/>\n<meta property=\"og:url\" content=\"https:\/\/pet24.md\/ro\/produs\/barry-king-tyazhelaya-miska-na-silikonovoj-osnove-matovaya-09-l\/\" \/>\n<meta property=\"og:site_name\" content=\"Pet24\" \/>\n<meta property=\"article:publisher\" content=\"https:\/\/www.facebook.com\/pet24.md\" \/>\n<meta property=\"article:modified_time\" content=\"2024-09-22T22:13:42+00:00\" \/>\n<meta property=\"og:image\" content=\"https:\/\/pet24.md\/wp-content\/uploads\/2024\/09\/barry-king-tyazhelaya-miska-na-silikonovoj-osnove-matovaya-025-l-2.webp\" \/>\n\t<meta property=\"og:image:width\" content=\"600\" \/>\n\t<meta property=\"og:image:height\" content=\"600\" \/>\n\t<meta property=\"og:image:type\" content=\"image\/webp\" \/>\n<meta name=\"twitter:card\" content=\"summary_large_image\" \/>\n<script type=\"application\/ld+json\" class=\"yoast-schema-graph\">{\"@context\":\"https:\\\/\\\/schema.org\",\"@graph\":[{\"@type\":\"WebPage\",\"@id\":\"https:\\\/\\\/pet24.md\\\/product\\\/barry-king-tyazhelaya-miska-na-silikonovoj-osnove-matovaya-09-l\\\/\",\"url\":\"https:\\\/\\\/pet24.md\\\/product\\\/barry-king-tyazhelaya-miska-na-silikonovoj-osnove-matovaya-09-l\\\/\",\"name\":\"Barry King \u0422\u044f\u0436\u0435\u043b\u0430\u044f \u043c\u0438\u0441\u043a\u0430 \u043d\u0430 \u0441\u0438\u043b\u0438\u043a\u043e\u043d\u043e\u0432\u043e\u0439 \u043e\u0441\u043d\u043e\u0432\u0435. \u041c\u0430\u0442\u043e\u0432\u0430\u044f. 0,9 L\",\"isPartOf\":{\"@id\":\"https:\\\/\\\/pet24.md\\\/#website\"},\"primaryImageOfPage\":{\"@id\":\"https:\\\/\\\/pet24.md\\\/product\\\/barry-king-tyazhelaya-miska-na-silikonovoj-osnove-matovaya-09-l\\\/#primaryimage\"},\"image\":{\"@id\":\"https:\\\/\\\/pet24.md\\\/product\\\/barry-king-tyazhelaya-miska-na-silikonovoj-osnove-matovaya-09-l\\\/#primaryimage\"},\"thumbnailUrl\":\"https:\\\/\\\/pet24.md\\\/wp-content\\\/uploads\\\/2024\\\/09\\\/barry-king-tyazhelaya-miska-na-silikonovoj-osnove-matovaya-025-l-2.webp\",\"datePublished\":\"2023-10-10T16:04:24+00:00\",\"dateModified\":\"2024-09-22T22:13:42+00:00\",\"description\":\"\u041a\u0443\u043f\u0438\u0442\u044c Barry King \u0422\u044f\u0436\u0435\u043b\u0430\u044f \u043c\u0438\u0441\u043a\u0430 \u043d\u0430 \u0441\u0438\u043b\u0438\u043a\u043e\u043d\u043e\u0432\u043e\u0439 \u043e\u0441\u043d\u043e\u0432\u0435. \u041c\u0430\u0442\u043e\u0432\u0430\u044f. 0,9 L \u0441 \u0434\u043e\u0441\u0442\u0430\u0432\u043a\u043e\u0439 \u043f\u043e \u041a\u0438\u0448\u0438\u043d\u0435\u0432\u0443 \u0438 \u0432\u0441\u0435\u0439 \u041c\u043e\u043b\u0434\u043e\u0432\u0435 \u043d\u0430 Pet24\",\"breadcrumb\":{\"@id\":\"https:\\\/\\\/pet24.md\\\/product\\\/barry-king-tyazhelaya-miska-na-silikonovoj-osnove-matovaya-09-l\\\/#breadcrumb\"},\"inLanguage\":\"ro-RO\",\"potentialAction\":[{\"@type\":\"ReadAction\",\"target\":[\"https:\\\/\\\/pet24.md\\\/product\\\/barry-king-tyazhelaya-miska-na-silikonovoj-osnove-matovaya-09-l\\\/\"]}]},{\"@type\":\"ImageObject\",\"inLanguage\":\"ro-RO\",\"@id\":\"https:\\\/\\\/pet24.md\\\/product\\\/barry-king-tyazhelaya-miska-na-silikonovoj-osnove-matovaya-09-l\\\/#primaryimage\",\"url\":\"https:\\\/\\\/pet24.md\\\/wp-content\\\/uploads\\\/2024\\\/09\\\/barry-king-tyazhelaya-miska-na-silikonovoj-osnove-matovaya-025-l-2.webp\",\"contentUrl\":\"https:\\\/\\\/pet24.md\\\/wp-content\\\/uploads\\\/2024\\\/09\\\/barry-king-tyazhelaya-miska-na-silikonovoj-osnove-matovaya-025-l-2.webp\",\"width\":600,\"height\":600,\"caption\":\"barry king tyazhelaya miska na silikonovoj osnove matovaya 025 l 2\"},{\"@type\":\"BreadcrumbList\",\"@id\":\"https:\\\/\\\/pet24.md\\\/product\\\/barry-king-tyazhelaya-miska-na-silikonovoj-osnove-matovaya-09-l\\\/#breadcrumb\",\"itemListElement\":[{\"@type\":\"ListItem\",\"position\":1,\"name\":\"\u0413\u043b\u0430\u0432\u043d\u0430\u044f \u0441\u0442\u0440\u0430\u043d\u0438\u0446\u0430\",\"item\":\"https:\\\/\\\/pet24.md\\\/\"},{\"@type\":\"ListItem\",\"position\":2,\"name\":\"\u041c\u0430\u0433\u0430\u0437\u0438\u043d\",\"item\":\"https:\\\/\\\/pet24.md\\\/shop\\\/\"},{\"@type\":\"ListItem\",\"position\":3,\"name\":\"Barry King \u0422\u044f\u0436\u0435\u043b\u0430\u044f \u043c\u0438\u0441\u043a\u0430 \u043d\u0430 \u0441\u0438\u043b\u0438\u043a\u043e\u043d\u043e\u0432\u043e\u0439 \u043e\u0441\u043d\u043e\u0432\u0435. \u041c\u0430\u0442\u043e\u0432\u0430\u044f. 0,9 L\"}]},{\"@type\":\"WebSite\",\"@id\":\"https:\\\/\\\/pet24.md\\\/#website\",\"url\":\"https:\\\/\\\/pet24.md\\\/\",\"name\":\"Pet24\",\"description\":\"\u0417\u043e\u043e\u043c\u0430\u0433\u0430\u0437\u0438\u043d \u0442\u043e\u0432\u0430\u0440\u043e\u0432 \u0434\u043b\u044f \u0434\u043e\u043c\u0430\u0448\u043d\u0438\u0445 \u043f\u0438\u0442\u043e\u043c\u0446\u0435\u0432\",\"publisher\":{\"@id\":\"https:\\\/\\\/pet24.md\\\/#organization\"},\"potentialAction\":[{\"@type\":\"SearchAction\",\"target\":{\"@type\":\"EntryPoint\",\"urlTemplate\":\"https:\\\/\\\/pet24.md\\\/?s={search_term_string}\"},\"query-input\":{\"@type\":\"PropertyValueSpecification\",\"valueRequired\":true,\"valueName\":\"search_term_string\"}}],\"inLanguage\":\"ro-RO\"},{\"@type\":\"Organization\",\"@id\":\"https:\\\/\\\/pet24.md\\\/#organization\",\"name\":\"Pet24\",\"url\":\"https:\\\/\\\/pet24.md\\\/\",\"logo\":{\"@type\":\"ImageObject\",\"inLanguage\":\"ro-RO\",\"@id\":\"https:\\\/\\\/pet24.md\\\/#\\\/schema\\\/logo\\\/image\\\/\",\"url\":\"https:\\\/\\\/pet24.md\\\/wp-content\\\/uploads\\\/2024\\\/09\\\/logo.svg\",\"contentUrl\":\"https:\\\/\\\/pet24.md\\\/wp-content\\\/uploads\\\/2024\\\/09\\\/logo.svg\",\"width\":215,\"height\":66,\"caption\":\"Pet24\"},\"image\":{\"@id\":\"https:\\\/\\\/pet24.md\\\/#\\\/schema\\\/logo\\\/image\\\/\"},\"sameAs\":[\"https:\\\/\\\/www.facebook.com\\\/pet24.md\",\"https:\\\/\\\/www.instagram.com\\\/pet24.md\\\/\"],\"telephone\":\"+37360508880\"}]}<\/script>\n<!-- \/ Yoast SEO Premium plugin. -->","yoast_head_json":{"title":"Barry King Bol rezistent pe baz\u0103 de silicon. Mate. 0,9 L","description":"\u041a\u0443\u043f\u0438\u0442\u044c Barry King \u0422\u044f\u0436\u0435\u043b\u0430\u044f \u043c\u0438\u0441\u043a\u0430 \u043d\u0430 \u0441\u0438\u043b\u0438\u043a\u043e\u043d\u043e\u0432\u043e\u0439 \u043e\u0441\u043d\u043e\u0432\u0435. \u041c\u0430\u0442\u043e\u0432\u0430\u044f. 0,9 L \u0441 \u0434\u043e\u0441\u0442\u0430\u0432\u043a\u043e\u0439 \u043f\u043e \u041a\u0438\u0448\u0438\u043d\u0435\u0432\u0443 \u0438 \u0432\u0441\u0435\u0439 \u041c\u043e\u043b\u0434\u043e\u0432\u0435 \u043d\u0430 Pet24","robots":{"index":"index","follow":"follow","max-snippet":"max-snippet:-1","max-image-preview":"max-image-preview:large","max-video-preview":"max-video-preview:-1"},"canonical":"https:\/\/pet24.md\/ro\/produs\/barry-king-tyazhelaya-miska-na-silikonovoj-osnove-matovaya-09-l\/","og_locale":"ro_RO","og_type":"article","og_title":"Barry King \u0422\u044f\u0436\u0435\u043b\u0430\u044f \u043c\u0438\u0441\u043a\u0430 \u043d\u0430 \u0441\u0438\u043b\u0438\u043a\u043e\u043d\u043e\u0432\u043e\u0439 \u043e\u0441\u043d\u043e\u0432\u0435. \u041c\u0430\u0442\u043e\u0432\u0430\u044f. 0,9 L","og_description":"\u041a\u0443\u043f\u0438\u0442\u044c Barry King \u0422\u044f\u0436\u0435\u043b\u0430\u044f \u043c\u0438\u0441\u043a\u0430 \u043d\u0430 \u0441\u0438\u043b\u0438\u043a\u043e\u043d\u043e\u0432\u043e\u0439 \u043e\u0441\u043d\u043e\u0432\u0435. \u041c\u0430\u0442\u043e\u0432\u0430\u044f. 0,9 L \u0441 \u0434\u043e\u0441\u0442\u0430\u0432\u043a\u043e\u0439 \u043f\u043e \u041a\u0438\u0448\u0438\u043d\u0435\u0432\u0443 \u0438 \u0432\u0441\u0435\u0439 \u041c\u043e\u043b\u0434\u043e\u0432\u0435 \u043d\u0430 Pet24","og_url":"https:\/\/pet24.md\/ro\/produs\/barry-king-tyazhelaya-miska-na-silikonovoj-osnove-matovaya-09-l\/","og_site_name":"Pet24","article_publisher":"https:\/\/www.facebook.com\/pet24.md","article_modified_time":"2024-09-22T22:13:42+00:00","og_image":[{"width":600,"height":600,"url":"https:\/\/pet24.md\/wp-content\/uploads\/2024\/09\/barry-king-tyazhelaya-miska-na-silikonovoj-osnove-matovaya-025-l-2.webp","type":"image\/webp"}],"twitter_card":"summary_large_image","schema":{"@context":"https:\/\/schema.org","@graph":[{"@type":"WebPage","@id":"https:\/\/pet24.md\/product\/barry-king-tyazhelaya-miska-na-silikonovoj-osnove-matovaya-09-l\/","url":"https:\/\/pet24.md\/product\/barry-king-tyazhelaya-miska-na-silikonovoj-osnove-matovaya-09-l\/","name":"Barry King Bol rezistent pe baz\u0103 de silicon. Mate. 0,9 L","isPartOf":{"@id":"https:\/\/pet24.md\/#website"},"primaryImageOfPage":{"@id":"https:\/\/pet24.md\/product\/barry-king-tyazhelaya-miska-na-silikonovoj-osnove-matovaya-09-l\/#primaryimage"},"image":{"@id":"https:\/\/pet24.md\/product\/barry-king-tyazhelaya-miska-na-silikonovoj-osnove-matovaya-09-l\/#primaryimage"},"thumbnailUrl":"https:\/\/pet24.md\/wp-content\/uploads\/2024\/09\/barry-king-tyazhelaya-miska-na-silikonovoj-osnove-matovaya-025-l-2.webp","datePublished":"2023-10-10T16:04:24+00:00","dateModified":"2024-09-22T22:13:42+00:00","description":"\u041a\u0443\u043f\u0438\u0442\u044c Barry King \u0422\u044f\u0436\u0435\u043b\u0430\u044f \u043c\u0438\u0441\u043a\u0430 \u043d\u0430 \u0441\u0438\u043b\u0438\u043a\u043e\u043d\u043e\u0432\u043e\u0439 \u043e\u0441\u043d\u043e\u0432\u0435. \u041c\u0430\u0442\u043e\u0432\u0430\u044f. 0,9 L \u0441 \u0434\u043e\u0441\u0442\u0430\u0432\u043a\u043e\u0439 \u043f\u043e \u041a\u0438\u0448\u0438\u043d\u0435\u0432\u0443 \u0438 \u0432\u0441\u0435\u0439 \u041c\u043e\u043b\u0434\u043e\u0432\u0435 \u043d\u0430 Pet24","breadcrumb":{"@id":"https:\/\/pet24.md\/product\/barry-king-tyazhelaya-miska-na-silikonovoj-osnove-matovaya-09-l\/#breadcrumb"},"inLanguage":"ro-RO","potentialAction":[{"@type":"ReadAction","target":["https:\/\/pet24.md\/product\/barry-king-tyazhelaya-miska-na-silikonovoj-osnove-matovaya-09-l\/"]}]},{"@type":"ImageObject","inLanguage":"ro-RO","@id":"https:\/\/pet24.md\/product\/barry-king-tyazhelaya-miska-na-silikonovoj-osnove-matovaya-09-l\/#primaryimage","url":"https:\/\/pet24.md\/wp-content\/uploads\/2024\/09\/barry-king-tyazhelaya-miska-na-silikonovoj-osnove-matovaya-025-l-2.webp","contentUrl":"https:\/\/pet24.md\/wp-content\/uploads\/2024\/09\/barry-king-tyazhelaya-miska-na-silikonovoj-osnove-matovaya-025-l-2.webp","width":600,"height":600,"caption":"barry king tyazhelaya miska na silikonovoj osnove matovaya 025 l 2"},{"@type":"BreadcrumbList","@id":"https:\/\/pet24.md\/product\/barry-king-tyazhelaya-miska-na-silikonovoj-osnove-matovaya-09-l\/#breadcrumb","itemListElement":[{"@type":"ListItem","position":1,"name":"\u0413\u043b\u0430\u0432\u043d\u0430\u044f \u0441\u0442\u0440\u0430\u043d\u0438\u0446\u0430","item":"https:\/\/pet24.md\/"},{"@type":"ListItem","position":2,"name":"\u041c\u0430\u0433\u0430\u0437\u0438\u043d","item":"https:\/\/pet24.md\/shop\/"},{"@type":"ListItem","position":3,"name":"Barry King \u0422\u044f\u0436\u0435\u043b\u0430\u044f \u043c\u0438\u0441\u043a\u0430 \u043d\u0430 \u0441\u0438\u043b\u0438\u043a\u043e\u043d\u043e\u0432\u043e\u0439 \u043e\u0441\u043d\u043e\u0432\u0435. \u041c\u0430\u0442\u043e\u0432\u0430\u044f. 0,9 L"}]},{"@type":"WebSite","@id":"https:\/\/pet24.md\/#website","url":"https:\/\/pet24.md\/","name":"Pet24","description":"Magazin de animale de companie","publisher":{"@id":"https:\/\/pet24.md\/#organization"},"potentialAction":[{"@type":"SearchAction","target":{"@type":"EntryPoint","urlTemplate":"https:\/\/pet24.md\/?s={search_term_string}"},"query-input":{"@type":"PropertyValueSpecification","valueRequired":true,"valueName":"search_term_string"}}],"inLanguage":"ro-RO"},{"@type":"Organization","@id":"https:\/\/pet24.md\/#organization","name":"Pet24","url":"https:\/\/pet24.md\/","logo":{"@type":"ImageObject","inLanguage":"ro-RO","@id":"https:\/\/pet24.md\/#\/schema\/logo\/image\/","url":"https:\/\/pet24.md\/wp-content\/uploads\/2024\/09\/logo.svg","contentUrl":"https:\/\/pet24.md\/wp-content\/uploads\/2024\/09\/logo.svg","width":215,"height":66,"caption":"Pet24"},"image":{"@id":"https:\/\/pet24.md\/#\/schema\/logo\/image\/"},"sameAs":["https:\/\/www.facebook.com\/pet24.md","https:\/\/www.instagram.com\/pet24.md\/"],"telephone":"+37360508880"}]}},"_links":{"self":[{"href":"https:\/\/pet24.md\/ro\/wp-json\/wp\/v2\/product\/33838","targetHints":{"allow":["GET"]}}],"collection":[{"href":"https:\/\/pet24.md\/ro\/wp-json\/wp\/v2\/product"}],"about":[{"href":"https:\/\/pet24.md\/ro\/wp-json\/wp\/v2\/types\/product"}],"replies":[{"embeddable":true,"href":"https:\/\/pet24.md\/ro\/wp-json\/wp\/v2\/comments?post=33838"}],"wp:featuredmedia":[{"embeddable":true,"href":"https:\/\/pet24.md\/ro\/wp-json\/wp\/v2\/media\/90144"}],"wp:attachment":[{"href":"https:\/\/pet24.md\/ro\/wp-json\/wp\/v2\/media?parent=33838"}],"wp:term":[{"taxonomy":"product_brand","embeddable":true,"href":"https:\/\/pet24.md\/ro\/wp-json\/wp\/v2\/product_brand?post=33838"},{"taxonomy":"product_cat","embeddable":true,"href":"https:\/\/pet24.md\/ro\/wp-json\/wp\/v2\/product_cat?post=33838"},{"taxonomy":"product_tag","embeddable":true,"href":"https:\/\/pet24.md\/ro\/wp-json\/wp\/v2\/product_tag?post=33838"}],"curies":[{"name":"wp","href":"https:\/\/api.w.org\/{rel}","templated":true}]}}