{"id":33874,"date":"2023-10-12T16:48:17","date_gmt":"2023-10-12T16:48:17","guid":{"rendered":"https:\/\/pet24.md\/?post_type=product&#038;p=33874"},"modified":"2024-09-22T22:13:46","modified_gmt":"2024-09-22T22:13:46","slug":"optimeal-polnoraczionnyj-suhoj-korm-dlya-sterilizovannyh-koshek-i-kastrirovannyh-kotov-losos-0-7kg","status":"publish","type":"product","link":"https:\/\/pet24.md\/ro\/produs\/optimeal-polnoraczionnyj-suhoj-korm-dlya-sterilizovannyh-koshek-i-kastrirovannyh-kotov-losos-0-7kg\/","title":{"rendered":"OPTIMEAL\u2122. Hrana uscata completa pentru pisici si pisoi \u2013 Somon 0.7kg"},"content":{"rendered":"<p><strong>OPTIMEAL\u2122. Hrana USCATA COMPLETA PENTRU PISICI STERILIZATE SI CASTRATA - DIN SOMON<\/strong><\/p>\n<p><strong>SPRIJIN\u0102 S\u0102N\u0102TATEA SISTEMULUI URINAR DATORIT\u0102 MINERALELOR ECHILIBRATE. MENTINE GREUTATEA OPTIM\u0102 MULT\u0102 L-CARNITINEI. \u00ceNT\u0102Re\u0219te IMUNITATEA.<\/strong><\/p>\n<p><strong>Compus:<\/strong> somon deshidratat 14 %, proteine de curcan deshidratat 14 %, proteine de cartofi, orez, amidon de tapioca, ovaz, somon 6 %, proteine hidrolizate de somon 6 %, grasime de pui, celuloza, pulpa de sfecla, minerale, proteine hidrolizate. %, drojdie de bere, ficat de pui hidrolizat \u0219i uscat, ulei de somon, ou\u0103 pudr\u0103, r\u0103d\u0103cin\u0103 de cicoare, meri\u0219or 0,2 %, ulei de borage 0,1 %, beta 1,3\/1,6 glucani 0,05 % , mosanopred, % , mosanoprediocharide (sursa de lutein\u0103) 0,04 %, r\u0103d\u0103cin\u0103 de brusture, r\u0103d\u0103cin\u0103 de marshmallow, flori de mu\u0219e\u021bel 0,03 %, urzic\u0103 0,03 %, cimbru 0,015 %.<\/p>\n<p><strong>Valoarea nutri\u021bional\u0103 (analiza) a furajelor:<\/strong> protein\u0103 brut\u0103 \u2013 36 %, gr\u0103sime brut\u0103 \u2013 12 %, cenu\u0219\u0103 brut\u0103 \u2013 7 %, fibre brute \u2013 4,8 %, calciu \u2013 0,95 %, fosfor \u2013 0,85 %, magneziu \u2013 0,09 1TP36T, umiditate \u2013 %, umiditate La 1 kg de furaj: acizi gra\u0219i omega-3 \u2013 1,07 g, inclusiv EPA + DHA \u2013 0,41 g, acizi gra\u0219i omega-6 \u2013 3,27 g 34,48 proteine furajere % \u2013 origine pe\u0219te, 28,05 % \u2013 origine animal\u0103.<\/p>\n<p><strong>Aditivi:<\/strong> suplimente nutritive la 1 kg de furaj, mg\/kg: vitamina A (3a672a): 15.000 UI, vitamina D3 (3a671): 750 UI, vitamina E (3a700): 600, vitamina B1 (3a821): 5,94, vitamina B2 (3a825i) ): 4,5, vitamina B6 (3a831): 6, vitamina B12 (cianocobalamin\u0103): 0,16, vitamina K3 (3a711): 1,2, D-pantotenat de calciu (3a841): 4,8, niacin (3a314): 42,66, biotin\u0103: (3a880): 0,08, acid folic (3a316): 1,1, vitamina C (3a312): 200, L-carnitin\u0103 (3a910): 150, taurin\u0103 (3a370): 2100, colin\u0103 (3a890): 2,5 g; oligoelemente: cupru (3b405): 2,16, fier (3b103): 150, mangan (3b503): 38, iod (3b201): 3; aminoacizi: DL-metionin\u0103, tech. pur (3c301): 2.700.<\/p>\n<p><strong>Aditivi tehnologici per 1 kg de furaj, mg\/kg:<\/strong> antioxidan\u021bi de origine natural\u0103: 300, extract de tocoferol de origine natural\u0103: 500.<\/p>\n<p><strong>Valoarea energetic\u0103 (con\u021binutul caloric) la 100 g de furaj:<\/strong> 1561,1 kJ (373,11 kcal).<\/p>\n<p><strong>Hr\u0103nire zilnic\u0103 recomandat\u0103:<\/strong> <strong>Greutatea animalului, kg\u00a0<\/strong><\/p>\n<table>\n<tbody>\n<tr>\n<td><span style=\"font-weight: 400\"><strong>Greutatea animalului, kg<\/strong> <\/span><\/td>\n<td><strong>Cantitatea de furaj, g\/zi<\/strong><\/td>\n<\/tr>\n<tr>\n<td><span style=\"font-weight: 400\">2<\/span><\/td>\n<td><span style=\"font-weight: 400\">22 &#8212; 32<\/span><\/td>\n<\/tr>\n<tr>\n<td><span style=\"font-weight: 400\">3<\/span><\/td>\n<td><span style=\"font-weight: 400\">29 &#8212; 4<\/span><span style=\"font-weight: 400\">3<\/span><\/td>\n<\/tr>\n<tr>\n<td><span style=\"font-weight: 400\">4<\/span><\/td>\n<td><span style=\"font-weight: 400\">35 &#8212; <\/span><span style=\"font-weight: 400\">58<\/span><\/td>\n<\/tr>\n<tr>\n<td><span style=\"font-weight: 400\">5<\/span><\/td>\n<td><span style=\"font-weight: 400\">47-70<\/span><\/td>\n<\/tr>\n<tr>\n<td><span style=\"font-weight: 400\">6<\/span><\/td>\n<td><span style=\"font-weight: 400\">53-80<\/span><\/td>\n<\/tr>\n<\/tbody>\n<\/table>\n<p>Alimentele trebuie introduse \u00een alimenta\u021bie treptat (cel pu\u021bin \u00een primele 5 zile). Animalul trebuie s\u0103 aib\u0103 acces constant la ap\u0103 potabil\u0103. Ratele individuale de hr\u0103nire pot varia \u00een func\u021bie de v\u00e2rsta animalului, rasa, nivelul de activitate \u0219i habitatul. A se pastra la loc racoros, uscat, ferit de soare.<\/p>","protected":false},"excerpt":{"rendered":"<p>OPTIMEAL\u2122. \u041f\u041e\u041b\u041d\u041e\u0420\u0410\u0426\u0418\u041e\u041d\u041d\u042b\u0419 \u0421\u0423\u0425\u041e\u0419 \u041a\u041e\u0420\u041c \u0414\u041b\u042f \u0421\u0422\u0415\u0420\u0418\u041b\u0418\u0417\u041e\u0412\u0410\u041d\u041d\u042b\u0425 \u041a\u041e\u0428\u0415\u041a \u0418 \u041a\u0410\u0421\u0422\u0420\u0418\u0420\u041e\u0412\u0410\u041d\u041d\u042b\u0425 \u041a\u041e\u0422\u041e\u0412 &#8212; \u0418\u0417 \u041b\u041e\u0421\u041e\u0421\u042f \u041f\u041e\u0414\u0414\u0415\u0420\u0416\u0418\u0412\u0410\u0415\u0422 \u0417\u0414\u041e\u0420\u041e\u0412\u042c\u0415 \u041c\u041e\u0427\u0415\u0412\u042b\u0414\u0415\u041b\u0418\u0422\u0415\u041b\u042c\u041d\u041e\u0419 \u0421\u0418\u0421\u0422\u0415\u041c\u042b \u0411\u041b\u0410\u0413\u041e\u0414\u0410\u0420\u042f \u0421\u0411\u0410\u041b\u0410\u041d\u0421\u0418\u0420\u041e\u0412\u0410\u041d\u041d\u041e\u041c\u0423 \u0421\u041e\u0414\u0415\u0420\u0416\u0410\u041d\u0418\u042e \u041c\u0418\u041d\u0415\u0420\u0410\u041b\u041e\u0412. \u041f\u041e\u0414\u0414\u0415\u0420\u0416\u0418\u0412\u0410\u0415\u0422&hellip;<\/p>","protected":false},"featured_media":90391,"comment_status":"closed","ping_status":"closed","template":"","meta":[],"product_brand":[],"product_cat":[309,193,320],"product_tag":[322,359,345,361,325],"class_list":{"0":"post-33874","1":"product","2":"type-product","3":"status-publish","4":"has-post-thumbnail","6":"product_cat-catfood","7":"product_cat-cat","8":"product_cat-catdry","9":"product_tag-optimeal-koshkam","10":"product_tag-kastrirovannyj-kot","11":"product_tag-losos","12":"product_tag-sterilizovannaya-koshka","13":"product_tag-suhoj-korm","14":"pa_age-pet-vzroslyj","15":"pa_brand-optimeal","16":"pa_feed-class-super-premium","17":"pa_meat-ingredients-losos","18":"pa_packaging-meshok","19":"pa_pet-koshka","20":"pa_pet-feature-zdorovyj-pitomecz","21":"pa_type-feed-suhoj-korm","22":"pa_weight-700-gr","24":"first","25":"instock","26":"product-type-simple"},"yoast_head":"<!-- This site is optimized with the Yoast SEO Premium plugin v23.7 (Yoast SEO v27.5) - https:\/\/yoast.com\/product\/yoast-seo-premium-wordpress\/ -->\n<title>OPTIMEAL\u2122. \u041f\u043e\u043b\u043d\u043e\u0440\u0430\u0446\u0438\u043e\u043d\u043d\u044b\u0439 \u0441\u0443\u0445\u043e\u0439 \u043a\u043e\u0440\u043c \u0434\u043b\u044f \u043a\u043e\u0448\u0435\u043a \u0438 \u043a\u043e\u0442\u043e\u0432 \u2013 \u041b\u043e\u0441\u043e\u0441\u044c 0.7\u043a\u0433<\/title>\n<meta name=\"description\" content=\"\u041a\u0443\u043f\u0438\u0442\u044c OPTIMEAL\u2122. \u041f\u043e\u043b\u043d\u043e\u0440\u0430\u0446\u0438\u043e\u043d\u043d\u044b\u0439 \u0441\u0443\u0445\u043e\u0439 \u043a\u043e\u0440\u043c \u0434\u043b\u044f \u043a\u043e\u0448\u0435\u043a \u0438 \u043a\u043e\u0442\u043e\u0432 \u2013 \u041b\u043e\u0441\u043e\u0441\u044c 0.7\u043a\u0433 \u0441 \u0434\u043e\u0441\u0442\u0430\u0432\u043a\u043e\u0439 \u043f\u043e \u041a\u0438\u0448\u0438\u043d\u0435\u0432\u0443 \u0438 \u0432\u0441\u0435\u0439 \u041c\u043e\u043b\u0434\u043e\u0432\u0435 \u043d\u0430 Pet24\" \/>\n<meta name=\"robots\" content=\"index, follow, max-snippet:-1, max-image-preview:large, max-video-preview:-1\" \/>\n<link rel=\"canonical\" href=\"https:\/\/pet24.md\/ro\/produs\/optimeal-polnoraczionnyj-suhoj-korm-dlya-sterilizovannyh-koshek-i-kastrirovannyh-kotov-losos-0-7kg\/\" \/>\n<meta property=\"og:locale\" content=\"ro_RO\" \/>\n<meta property=\"og:type\" content=\"article\" \/>\n<meta property=\"og:title\" content=\"OPTIMEAL\u2122. \u041f\u043e\u043b\u043d\u043e\u0440\u0430\u0446\u0438\u043e\u043d\u043d\u044b\u0439 \u0441\u0443\u0445\u043e\u0439 \u043a\u043e\u0440\u043c \u0434\u043b\u044f \u043a\u043e\u0448\u0435\u043a \u0438 \u043a\u043e\u0442\u043e\u0432 \u2013 \u041b\u043e\u0441\u043e\u0441\u044c 0.7\u043a\u0433\" \/>\n<meta property=\"og:description\" content=\"\u041a\u0443\u043f\u0438\u0442\u044c OPTIMEAL\u2122. \u041f\u043e\u043b\u043d\u043e\u0440\u0430\u0446\u0438\u043e\u043d\u043d\u044b\u0439 \u0441\u0443\u0445\u043e\u0439 \u043a\u043e\u0440\u043c \u0434\u043b\u044f \u043a\u043e\u0448\u0435\u043a \u0438 \u043a\u043e\u0442\u043e\u0432 \u2013 \u041b\u043e\u0441\u043e\u0441\u044c 0.7\u043a\u0433 \u0441 \u0434\u043e\u0441\u0442\u0430\u0432\u043a\u043e\u0439 \u043f\u043e \u041a\u0438\u0448\u0438\u043d\u0435\u0432\u0443 \u0438 \u0432\u0441\u0435\u0439 \u041c\u043e\u043b\u0434\u043e\u0432\u0435 \u043d\u0430 Pet24\" \/>\n<meta property=\"og:url\" content=\"https:\/\/pet24.md\/ro\/produs\/optimeal-polnoraczionnyj-suhoj-korm-dlya-sterilizovannyh-koshek-i-kastrirovannyh-kotov-losos-0-7kg\/\" \/>\n<meta property=\"og:site_name\" content=\"Pet24\" \/>\n<meta property=\"article:publisher\" content=\"https:\/\/www.facebook.com\/pet24.md\" \/>\n<meta property=\"article:modified_time\" content=\"2024-09-22T22:13:46+00:00\" \/>\n<meta property=\"og:image\" content=\"https:\/\/pet24.md\/wp-content\/uploads\/2024\/09\/optimeal\u2122.-polnoraczionnyj-suhoj-korm-dlya-sterilizovannyh-koshek-i-kastrirovannyh-kotov-\u2013-losos-0.7kg-1.webp\" \/>\n\t<meta property=\"og:image:width\" content=\"600\" \/>\n\t<meta property=\"og:image:height\" content=\"600\" \/>\n\t<meta property=\"og:image:type\" content=\"image\/webp\" \/>\n<meta name=\"twitter:card\" content=\"summary_large_image\" \/>\n<script type=\"application\/ld+json\" class=\"yoast-schema-graph\">{\"@context\":\"https:\\\/\\\/schema.org\",\"@graph\":[{\"@type\":\"WebPage\",\"@id\":\"https:\\\/\\\/pet24.md\\\/product\\\/optimeal-polnoraczionnyj-suhoj-korm-dlya-sterilizovannyh-koshek-i-kastrirovannyh-kotov-losos-0-7kg\\\/\",\"url\":\"https:\\\/\\\/pet24.md\\\/product\\\/optimeal-polnoraczionnyj-suhoj-korm-dlya-sterilizovannyh-koshek-i-kastrirovannyh-kotov-losos-0-7kg\\\/\",\"name\":\"OPTIMEAL\u2122. \u041f\u043e\u043b\u043d\u043e\u0440\u0430\u0446\u0438\u043e\u043d\u043d\u044b\u0439 \u0441\u0443\u0445\u043e\u0439 \u043a\u043e\u0440\u043c \u0434\u043b\u044f \u043a\u043e\u0448\u0435\u043a \u0438 \u043a\u043e\u0442\u043e\u0432 \u2013 \u041b\u043e\u0441\u043e\u0441\u044c 0.7\u043a\u0433\",\"isPartOf\":{\"@id\":\"https:\\\/\\\/pet24.md\\\/#website\"},\"primaryImageOfPage\":{\"@id\":\"https:\\\/\\\/pet24.md\\\/product\\\/optimeal-polnoraczionnyj-suhoj-korm-dlya-sterilizovannyh-koshek-i-kastrirovannyh-kotov-losos-0-7kg\\\/#primaryimage\"},\"image\":{\"@id\":\"https:\\\/\\\/pet24.md\\\/product\\\/optimeal-polnoraczionnyj-suhoj-korm-dlya-sterilizovannyh-koshek-i-kastrirovannyh-kotov-losos-0-7kg\\\/#primaryimage\"},\"thumbnailUrl\":\"https:\\\/\\\/pet24.md\\\/wp-content\\\/uploads\\\/2024\\\/09\\\/optimeal\u2122.-polnoraczionnyj-suhoj-korm-dlya-sterilizovannyh-koshek-i-kastrirovannyh-kotov-\u2013-losos-0.7kg-1.webp\",\"datePublished\":\"2023-10-12T16:48:17+00:00\",\"dateModified\":\"2024-09-22T22:13:46+00:00\",\"description\":\"\u041a\u0443\u043f\u0438\u0442\u044c OPTIMEAL\u2122. \u041f\u043e\u043b\u043d\u043e\u0440\u0430\u0446\u0438\u043e\u043d\u043d\u044b\u0439 \u0441\u0443\u0445\u043e\u0439 \u043a\u043e\u0440\u043c \u0434\u043b\u044f \u043a\u043e\u0448\u0435\u043a \u0438 \u043a\u043e\u0442\u043e\u0432 \u2013 \u041b\u043e\u0441\u043e\u0441\u044c 0.7\u043a\u0433 \u0441 \u0434\u043e\u0441\u0442\u0430\u0432\u043a\u043e\u0439 \u043f\u043e \u041a\u0438\u0448\u0438\u043d\u0435\u0432\u0443 \u0438 \u0432\u0441\u0435\u0439 \u041c\u043e\u043b\u0434\u043e\u0432\u0435 \u043d\u0430 Pet24\",\"breadcrumb\":{\"@id\":\"https:\\\/\\\/pet24.md\\\/product\\\/optimeal-polnoraczionnyj-suhoj-korm-dlya-sterilizovannyh-koshek-i-kastrirovannyh-kotov-losos-0-7kg\\\/#breadcrumb\"},\"inLanguage\":\"ro-RO\",\"potentialAction\":[{\"@type\":\"ReadAction\",\"target\":[\"https:\\\/\\\/pet24.md\\\/product\\\/optimeal-polnoraczionnyj-suhoj-korm-dlya-sterilizovannyh-koshek-i-kastrirovannyh-kotov-losos-0-7kg\\\/\"]}]},{\"@type\":\"ImageObject\",\"inLanguage\":\"ro-RO\",\"@id\":\"https:\\\/\\\/pet24.md\\\/product\\\/optimeal-polnoraczionnyj-suhoj-korm-dlya-sterilizovannyh-koshek-i-kastrirovannyh-kotov-losos-0-7kg\\\/#primaryimage\",\"url\":\"https:\\\/\\\/pet24.md\\\/wp-content\\\/uploads\\\/2024\\\/09\\\/optimeal\u2122.-polnoraczionnyj-suhoj-korm-dlya-sterilizovannyh-koshek-i-kastrirovannyh-kotov-\u2013-losos-0.7kg-1.webp\",\"contentUrl\":\"https:\\\/\\\/pet24.md\\\/wp-content\\\/uploads\\\/2024\\\/09\\\/optimeal\u2122.-polnoraczionnyj-suhoj-korm-dlya-sterilizovannyh-koshek-i-kastrirovannyh-kotov-\u2013-losos-0.7kg-1.webp\",\"width\":600,\"height\":600,\"caption\":\"optimeal\u2122. polnoraczionnyj suhoj korm dlya sterilizovannyh koshek i kastrirovannyh kotov \u2013 losos 0.7kg 1\"},{\"@type\":\"BreadcrumbList\",\"@id\":\"https:\\\/\\\/pet24.md\\\/product\\\/optimeal-polnoraczionnyj-suhoj-korm-dlya-sterilizovannyh-koshek-i-kastrirovannyh-kotov-losos-0-7kg\\\/#breadcrumb\",\"itemListElement\":[{\"@type\":\"ListItem\",\"position\":1,\"name\":\"\u0413\u043b\u0430\u0432\u043d\u0430\u044f \u0441\u0442\u0440\u0430\u043d\u0438\u0446\u0430\",\"item\":\"https:\\\/\\\/pet24.md\\\/\"},{\"@type\":\"ListItem\",\"position\":2,\"name\":\"\u041c\u0430\u0433\u0430\u0437\u0438\u043d\",\"item\":\"https:\\\/\\\/pet24.md\\\/shop\\\/\"},{\"@type\":\"ListItem\",\"position\":3,\"name\":\"OPTIMEAL\u2122. \u041f\u043e\u043b\u043d\u043e\u0440\u0430\u0446\u0438\u043e\u043d\u043d\u044b\u0439 \u0441\u0443\u0445\u043e\u0439 \u043a\u043e\u0440\u043c \u0434\u043b\u044f \u043a\u043e\u0448\u0435\u043a \u0438 \u043a\u043e\u0442\u043e\u0432 \u2013 \u041b\u043e\u0441\u043e\u0441\u044c 0.7\u043a\u0433\"}]},{\"@type\":\"WebSite\",\"@id\":\"https:\\\/\\\/pet24.md\\\/#website\",\"url\":\"https:\\\/\\\/pet24.md\\\/\",\"name\":\"Pet24\",\"description\":\"\u0417\u043e\u043e\u043c\u0430\u0433\u0430\u0437\u0438\u043d \u0442\u043e\u0432\u0430\u0440\u043e\u0432 \u0434\u043b\u044f \u0434\u043e\u043c\u0430\u0448\u043d\u0438\u0445 \u043f\u0438\u0442\u043e\u043c\u0446\u0435\u0432\",\"publisher\":{\"@id\":\"https:\\\/\\\/pet24.md\\\/#organization\"},\"potentialAction\":[{\"@type\":\"SearchAction\",\"target\":{\"@type\":\"EntryPoint\",\"urlTemplate\":\"https:\\\/\\\/pet24.md\\\/?s={search_term_string}\"},\"query-input\":{\"@type\":\"PropertyValueSpecification\",\"valueRequired\":true,\"valueName\":\"search_term_string\"}}],\"inLanguage\":\"ro-RO\"},{\"@type\":\"Organization\",\"@id\":\"https:\\\/\\\/pet24.md\\\/#organization\",\"name\":\"Pet24\",\"url\":\"https:\\\/\\\/pet24.md\\\/\",\"logo\":{\"@type\":\"ImageObject\",\"inLanguage\":\"ro-RO\",\"@id\":\"https:\\\/\\\/pet24.md\\\/#\\\/schema\\\/logo\\\/image\\\/\",\"url\":\"https:\\\/\\\/pet24.md\\\/wp-content\\\/uploads\\\/2024\\\/09\\\/logo.svg\",\"contentUrl\":\"https:\\\/\\\/pet24.md\\\/wp-content\\\/uploads\\\/2024\\\/09\\\/logo.svg\",\"width\":215,\"height\":66,\"caption\":\"Pet24\"},\"image\":{\"@id\":\"https:\\\/\\\/pet24.md\\\/#\\\/schema\\\/logo\\\/image\\\/\"},\"sameAs\":[\"https:\\\/\\\/www.facebook.com\\\/pet24.md\",\"https:\\\/\\\/www.instagram.com\\\/pet24.md\\\/\"],\"telephone\":\"+37360508880\"}]}<\/script>\n<!-- \/ Yoast SEO Premium plugin. -->","yoast_head_json":{"title":"OPTIMEAL\u2122. Hrana uscata completa pentru pisici si pisoi \u2013 Somon 0.7kg","description":"\u041a\u0443\u043f\u0438\u0442\u044c OPTIMEAL\u2122. \u041f\u043e\u043b\u043d\u043e\u0440\u0430\u0446\u0438\u043e\u043d\u043d\u044b\u0439 \u0441\u0443\u0445\u043e\u0439 \u043a\u043e\u0440\u043c \u0434\u043b\u044f \u043a\u043e\u0448\u0435\u043a \u0438 \u043a\u043e\u0442\u043e\u0432 \u2013 \u041b\u043e\u0441\u043e\u0441\u044c 0.7\u043a\u0433 \u0441 \u0434\u043e\u0441\u0442\u0430\u0432\u043a\u043e\u0439 \u043f\u043e \u041a\u0438\u0448\u0438\u043d\u0435\u0432\u0443 \u0438 \u0432\u0441\u0435\u0439 \u041c\u043e\u043b\u0434\u043e\u0432\u0435 \u043d\u0430 Pet24","robots":{"index":"index","follow":"follow","max-snippet":"max-snippet:-1","max-image-preview":"max-image-preview:large","max-video-preview":"max-video-preview:-1"},"canonical":"https:\/\/pet24.md\/ro\/produs\/optimeal-polnoraczionnyj-suhoj-korm-dlya-sterilizovannyh-koshek-i-kastrirovannyh-kotov-losos-0-7kg\/","og_locale":"ro_RO","og_type":"article","og_title":"OPTIMEAL\u2122. \u041f\u043e\u043b\u043d\u043e\u0440\u0430\u0446\u0438\u043e\u043d\u043d\u044b\u0439 \u0441\u0443\u0445\u043e\u0439 \u043a\u043e\u0440\u043c \u0434\u043b\u044f \u043a\u043e\u0448\u0435\u043a \u0438 \u043a\u043e\u0442\u043e\u0432 \u2013 \u041b\u043e\u0441\u043e\u0441\u044c 0.7\u043a\u0433","og_description":"\u041a\u0443\u043f\u0438\u0442\u044c OPTIMEAL\u2122. \u041f\u043e\u043b\u043d\u043e\u0440\u0430\u0446\u0438\u043e\u043d\u043d\u044b\u0439 \u0441\u0443\u0445\u043e\u0439 \u043a\u043e\u0440\u043c \u0434\u043b\u044f \u043a\u043e\u0448\u0435\u043a \u0438 \u043a\u043e\u0442\u043e\u0432 \u2013 \u041b\u043e\u0441\u043e\u0441\u044c 0.7\u043a\u0433 \u0441 \u0434\u043e\u0441\u0442\u0430\u0432\u043a\u043e\u0439 \u043f\u043e \u041a\u0438\u0448\u0438\u043d\u0435\u0432\u0443 \u0438 \u0432\u0441\u0435\u0439 \u041c\u043e\u043b\u0434\u043e\u0432\u0435 \u043d\u0430 Pet24","og_url":"https:\/\/pet24.md\/ro\/produs\/optimeal-polnoraczionnyj-suhoj-korm-dlya-sterilizovannyh-koshek-i-kastrirovannyh-kotov-losos-0-7kg\/","og_site_name":"Pet24","article_publisher":"https:\/\/www.facebook.com\/pet24.md","article_modified_time":"2024-09-22T22:13:46+00:00","og_image":[{"width":600,"height":600,"url":"https:\/\/pet24.md\/wp-content\/uploads\/2024\/09\/optimeal\u2122.-polnoraczionnyj-suhoj-korm-dlya-sterilizovannyh-koshek-i-kastrirovannyh-kotov-\u2013-losos-0.7kg-1.webp","type":"image\/webp"}],"twitter_card":"summary_large_image","schema":{"@context":"https:\/\/schema.org","@graph":[{"@type":"WebPage","@id":"https:\/\/pet24.md\/product\/optimeal-polnoraczionnyj-suhoj-korm-dlya-sterilizovannyh-koshek-i-kastrirovannyh-kotov-losos-0-7kg\/","url":"https:\/\/pet24.md\/product\/optimeal-polnoraczionnyj-suhoj-korm-dlya-sterilizovannyh-koshek-i-kastrirovannyh-kotov-losos-0-7kg\/","name":"OPTIMEAL\u2122. Hrana uscata completa pentru pisici si pisoi \u2013 Somon 0.7kg","isPartOf":{"@id":"https:\/\/pet24.md\/#website"},"primaryImageOfPage":{"@id":"https:\/\/pet24.md\/product\/optimeal-polnoraczionnyj-suhoj-korm-dlya-sterilizovannyh-koshek-i-kastrirovannyh-kotov-losos-0-7kg\/#primaryimage"},"image":{"@id":"https:\/\/pet24.md\/product\/optimeal-polnoraczionnyj-suhoj-korm-dlya-sterilizovannyh-koshek-i-kastrirovannyh-kotov-losos-0-7kg\/#primaryimage"},"thumbnailUrl":"https:\/\/pet24.md\/wp-content\/uploads\/2024\/09\/optimeal\u2122.-polnoraczionnyj-suhoj-korm-dlya-sterilizovannyh-koshek-i-kastrirovannyh-kotov-\u2013-losos-0.7kg-1.webp","datePublished":"2023-10-12T16:48:17+00:00","dateModified":"2024-09-22T22:13:46+00:00","description":"\u041a\u0443\u043f\u0438\u0442\u044c OPTIMEAL\u2122. \u041f\u043e\u043b\u043d\u043e\u0440\u0430\u0446\u0438\u043e\u043d\u043d\u044b\u0439 \u0441\u0443\u0445\u043e\u0439 \u043a\u043e\u0440\u043c \u0434\u043b\u044f \u043a\u043e\u0448\u0435\u043a \u0438 \u043a\u043e\u0442\u043e\u0432 \u2013 \u041b\u043e\u0441\u043e\u0441\u044c 0.7\u043a\u0433 \u0441 \u0434\u043e\u0441\u0442\u0430\u0432\u043a\u043e\u0439 \u043f\u043e \u041a\u0438\u0448\u0438\u043d\u0435\u0432\u0443 \u0438 \u0432\u0441\u0435\u0439 \u041c\u043e\u043b\u0434\u043e\u0432\u0435 \u043d\u0430 Pet24","breadcrumb":{"@id":"https:\/\/pet24.md\/product\/optimeal-polnoraczionnyj-suhoj-korm-dlya-sterilizovannyh-koshek-i-kastrirovannyh-kotov-losos-0-7kg\/#breadcrumb"},"inLanguage":"ro-RO","potentialAction":[{"@type":"ReadAction","target":["https:\/\/pet24.md\/product\/optimeal-polnoraczionnyj-suhoj-korm-dlya-sterilizovannyh-koshek-i-kastrirovannyh-kotov-losos-0-7kg\/"]}]},{"@type":"ImageObject","inLanguage":"ro-RO","@id":"https:\/\/pet24.md\/product\/optimeal-polnoraczionnyj-suhoj-korm-dlya-sterilizovannyh-koshek-i-kastrirovannyh-kotov-losos-0-7kg\/#primaryimage","url":"https:\/\/pet24.md\/wp-content\/uploads\/2024\/09\/optimeal\u2122.-polnoraczionnyj-suhoj-korm-dlya-sterilizovannyh-koshek-i-kastrirovannyh-kotov-\u2013-losos-0.7kg-1.webp","contentUrl":"https:\/\/pet24.md\/wp-content\/uploads\/2024\/09\/optimeal\u2122.-polnoraczionnyj-suhoj-korm-dlya-sterilizovannyh-koshek-i-kastrirovannyh-kotov-\u2013-losos-0.7kg-1.webp","width":600,"height":600,"caption":"optimeal\u2122. polnoraczionnyj suhoj korm dlya sterilizovannyh koshek i kastrirovannyh kotov \u2013 losos 0.7kg 1"},{"@type":"BreadcrumbList","@id":"https:\/\/pet24.md\/product\/optimeal-polnoraczionnyj-suhoj-korm-dlya-sterilizovannyh-koshek-i-kastrirovannyh-kotov-losos-0-7kg\/#breadcrumb","itemListElement":[{"@type":"ListItem","position":1,"name":"\u0413\u043b\u0430\u0432\u043d\u0430\u044f \u0441\u0442\u0440\u0430\u043d\u0438\u0446\u0430","item":"https:\/\/pet24.md\/"},{"@type":"ListItem","position":2,"name":"\u041c\u0430\u0433\u0430\u0437\u0438\u043d","item":"https:\/\/pet24.md\/shop\/"},{"@type":"ListItem","position":3,"name":"OPTIMEAL\u2122. \u041f\u043e\u043b\u043d\u043e\u0440\u0430\u0446\u0438\u043e\u043d\u043d\u044b\u0439 \u0441\u0443\u0445\u043e\u0439 \u043a\u043e\u0440\u043c \u0434\u043b\u044f \u043a\u043e\u0448\u0435\u043a \u0438 \u043a\u043e\u0442\u043e\u0432 \u2013 \u041b\u043e\u0441\u043e\u0441\u044c 0.7\u043a\u0433"}]},{"@type":"WebSite","@id":"https:\/\/pet24.md\/#website","url":"https:\/\/pet24.md\/","name":"Pet24","description":"Magazin de animale de companie","publisher":{"@id":"https:\/\/pet24.md\/#organization"},"potentialAction":[{"@type":"SearchAction","target":{"@type":"EntryPoint","urlTemplate":"https:\/\/pet24.md\/?s={search_term_string}"},"query-input":{"@type":"PropertyValueSpecification","valueRequired":true,"valueName":"search_term_string"}}],"inLanguage":"ro-RO"},{"@type":"Organization","@id":"https:\/\/pet24.md\/#organization","name":"Pet24","url":"https:\/\/pet24.md\/","logo":{"@type":"ImageObject","inLanguage":"ro-RO","@id":"https:\/\/pet24.md\/#\/schema\/logo\/image\/","url":"https:\/\/pet24.md\/wp-content\/uploads\/2024\/09\/logo.svg","contentUrl":"https:\/\/pet24.md\/wp-content\/uploads\/2024\/09\/logo.svg","width":215,"height":66,"caption":"Pet24"},"image":{"@id":"https:\/\/pet24.md\/#\/schema\/logo\/image\/"},"sameAs":["https:\/\/www.facebook.com\/pet24.md","https:\/\/www.instagram.com\/pet24.md\/"],"telephone":"+37360508880"}]}},"_links":{"self":[{"href":"https:\/\/pet24.md\/ro\/wp-json\/wp\/v2\/product\/33874","targetHints":{"allow":["GET"]}}],"collection":[{"href":"https:\/\/pet24.md\/ro\/wp-json\/wp\/v2\/product"}],"about":[{"href":"https:\/\/pet24.md\/ro\/wp-json\/wp\/v2\/types\/product"}],"replies":[{"embeddable":true,"href":"https:\/\/pet24.md\/ro\/wp-json\/wp\/v2\/comments?post=33874"}],"wp:featuredmedia":[{"embeddable":true,"href":"https:\/\/pet24.md\/ro\/wp-json\/wp\/v2\/media\/90391"}],"wp:attachment":[{"href":"https:\/\/pet24.md\/ro\/wp-json\/wp\/v2\/media?parent=33874"}],"wp:term":[{"taxonomy":"product_brand","embeddable":true,"href":"https:\/\/pet24.md\/ro\/wp-json\/wp\/v2\/product_brand?post=33874"},{"taxonomy":"product_cat","embeddable":true,"href":"https:\/\/pet24.md\/ro\/wp-json\/wp\/v2\/product_cat?post=33874"},{"taxonomy":"product_tag","embeddable":true,"href":"https:\/\/pet24.md\/ro\/wp-json\/wp\/v2\/product_tag?post=33874"}],"curies":[{"name":"wp","href":"https:\/\/api.w.org\/{rel}","templated":true}]}}