{"id":33882,"date":"2023-10-13T12:06:11","date_gmt":"2023-10-13T12:06:11","guid":{"rendered":"https:\/\/pet24.md\/?post_type=product&#038;p=33882"},"modified":"2024-09-22T22:13:48","modified_gmt":"2024-09-22T22:13:48","slug":"bentysandy-s-zapahom-lavandy-10l","status":"publish","type":"product","link":"https:\/\/pet24.md\/ro\/produs\/bentysandy-s-zapahom-lavandy-10l\/","title":{"rendered":"BentySandy Filler de bentonit\u0103 cu parfum de lavand\u0103 10L"},"content":{"rendered":"<h2>A\u0219ternut mineral BentySandy\u00ae Premium: eficien\u021b\u0103 \u0219i prospe\u021bime pentru cutia de gunoi a pisicii dvs.<\/h2>\n<p>A\u0219ternut mineral de bentonit\u0103 premium cu bulg\u0103ri, ultra-absorbant, u\u0219or de cur\u0103\u021bat \u0219i ofer\u0103 multe beneficii pentru litiera pisicii tale. Timpul rapid de aglomerare (mai pu\u021bin de 30 de secunde) face caca s\u0103 fie u\u0219or de scos, \u00een timp ce absorb\u021bia instantanee mascheaz\u0103 rapid mirosul de urin\u0103 \u0219i men\u021bine cutia de gunoi uscat\u0103. Mirosurile diferite creeaz\u0103 o senza\u021bie de prospe\u021bime \u00een spa\u021biul t\u0103u. Pachetul de 10 litri este conceput pentru a rezista p\u00e2n\u0103 la 6 s\u0103pt\u0103m\u00e2ni la 7 cm \u0219i p\u00e2n\u0103 la 8 s\u0103pt\u0103m\u00e2ni la 5 cm.<\/p>\n<h3>Avantaje fata de alte tavi de pe piata<\/h3>\n<ul>\n<li><strong>Adeziune<\/strong>: Formeaz\u0103 aglomer\u0103ri dense care sunt u\u0219or de \u00eendep\u0103rtat.<\/li>\n<li><strong>Fara praf<\/strong>: P\u00e2n\u0103 la 99.5% f\u0103r\u0103 praf, ideal pentru mediul s\u0103n\u0103tos.<\/li>\n<li><strong>Superabsorbant<\/strong>: Absoarbe p\u00e2n\u0103 la 360% din propria greutate.<\/li>\n<li><strong>Neutralizarea rapid\u0103 a mirosurilor<\/strong>: Mirosurile nepl\u0103cute sunt eliminate instantaneu.<\/li>\n<li><strong>Nu se lipe\u0219te de labe<\/strong>: Ofer\u0103 confort maxim pentru pisica ta.<\/li>\n<li><strong>Economic si de calitate<\/strong>: Consum redus datorita randamentului ridicat.<\/li>\n<li><strong>Produs natural<\/strong>: Fabricat din bentonit\u0103 alb\u0103 natural\u0103 100%.<\/li>\n<\/ul>\n<h3>Folosind Tava<\/h3>\n<ol>\n<li><strong>Umplere<\/strong>: Umple\u021bi tava cu un strat de granule de 7 cm grosime.<\/li>\n<li><strong>\u00cengrijire<\/strong>: \u00cendep\u0103rta\u021bi bulg\u0103ri zilnic \u0219i men\u021bine\u021bi \u00een\u0103l\u021bimea a\u0219ternutului la 7 cm pentru o igien\u0103 optim\u0103 prin \u00eenlocuirea materialului uzat cu material nou.<\/li>\n<\/ol>","protected":false},"excerpt":{"rendered":"<p>A\u0219ternut mineral BentySandy\u00ae Premium: eficient \u0219i proasp\u0103t pentru cutia de gunoi a pisicii dvs. A\u0219ternut mineral de bentonit\u0103 premium cu bulg\u0103ri, ultra-absorbant, u\u0219or de cur\u0103\u021bat \u0219i...<\/p>","protected":false},"featured_media":90395,"comment_status":"closed","ping_status":"closed","template":"","meta":[],"product_brand":[],"product_cat":[195,193,194],"product_tag":[574,457,212],"class_list":{"0":"post-33882","1":"product","2":"type-product","3":"status-publish","4":"has-post-thumbnail","6":"product_cat-bentonite-calitter","7":"product_cat-cat","8":"product_cat-cat-litter","9":"product_tag-benty-sandy","10":"product_tag-bentonit","11":"product_tag-napolnitel-dlya-koshachego-tualeta","12":"pa_age-pet-lyuboj-vozrast","13":"pa_brand-benty-sandy","14":"pa_filler-bentonit","15":"pa_fragrance-lavanda","16":"pa_pet-koshka","18":"first","19":"outofstock","20":"product-type-simple"},"yoast_head":"<!-- This site is optimized with the Yoast SEO Premium plugin v23.7 (Yoast SEO v27.5) - https:\/\/yoast.com\/product\/yoast-seo-premium-wordpress\/ -->\n<title>BentySandy \u041d\u0430\u043f\u043e\u043b\u043d\u0438\u0442\u0435\u043b\u044c \u0411\u0435\u043d\u0442\u043e\u043d\u0438\u0442\u043e\u0432\u044b\u0439 \u0441 \u0437\u0430\u043f\u0430\u0445\u043e\u043c \u041b\u0430\u0432\u0430\u043d\u0434\u044b 10L<\/title>\n<meta name=\"description\" content=\"\u041a\u0443\u043f\u0438\u0442\u044c BentySandy \u041d\u0430\u043f\u043e\u043b\u043d\u0438\u0442\u0435\u043b\u044c \u0411\u0435\u043d\u0442\u043e\u043d\u0438\u0442\u043e\u0432\u044b\u0439 \u0441 \u0437\u0430\u043f\u0430\u0445\u043e\u043c \u041b\u0430\u0432\u0430\u043d\u0434\u044b 10L \u0441 \u0434\u043e\u0441\u0442\u0430\u0432\u043a\u043e\u0439 \u043f\u043e \u041a\u0438\u0448\u0438\u043d\u0435\u0432\u0443 \u0438 \u0432\u0441\u0435\u0439 \u041c\u043e\u043b\u0434\u043e\u0432\u0435 \u043d\u0430 Pet24\" \/>\n<meta name=\"robots\" content=\"index, follow, max-snippet:-1, max-image-preview:large, max-video-preview:-1\" \/>\n<link rel=\"canonical\" href=\"https:\/\/pet24.md\/ro\/produs\/bentysandy-s-zapahom-lavandy-10l\/\" \/>\n<meta property=\"og:locale\" content=\"ro_RO\" \/>\n<meta property=\"og:type\" content=\"article\" \/>\n<meta property=\"og:title\" content=\"BentySandy \u041d\u0430\u043f\u043e\u043b\u043d\u0438\u0442\u0435\u043b\u044c \u0411\u0435\u043d\u0442\u043e\u043d\u0438\u0442\u043e\u0432\u044b\u0439 \u0441 \u0437\u0430\u043f\u0430\u0445\u043e\u043c \u041b\u0430\u0432\u0430\u043d\u0434\u044b 10L\" \/>\n<meta property=\"og:description\" content=\"\u041a\u0443\u043f\u0438\u0442\u044c BentySandy \u041d\u0430\u043f\u043e\u043b\u043d\u0438\u0442\u0435\u043b\u044c \u0411\u0435\u043d\u0442\u043e\u043d\u0438\u0442\u043e\u0432\u044b\u0439 \u0441 \u0437\u0430\u043f\u0430\u0445\u043e\u043c \u041b\u0430\u0432\u0430\u043d\u0434\u044b 10L \u0441 \u0434\u043e\u0441\u0442\u0430\u0432\u043a\u043e\u0439 \u043f\u043e \u041a\u0438\u0448\u0438\u043d\u0435\u0432\u0443 \u0438 \u0432\u0441\u0435\u0439 \u041c\u043e\u043b\u0434\u043e\u0432\u0435 \u043d\u0430 Pet24\" \/>\n<meta property=\"og:url\" content=\"https:\/\/pet24.md\/ro\/produs\/bentysandy-s-zapahom-lavandy-10l\/\" \/>\n<meta property=\"og:site_name\" content=\"Pet24\" \/>\n<meta property=\"article:publisher\" content=\"https:\/\/www.facebook.com\/pet24.md\" \/>\n<meta property=\"article:modified_time\" content=\"2024-09-22T22:13:48+00:00\" \/>\n<meta property=\"og:image\" content=\"https:\/\/pet24.md\/wp-content\/uploads\/2024\/09\/bentysandy-napolnitel-bentonitovyj-s-zapahom-lavandy-5l-10l.webp\" \/>\n\t<meta property=\"og:image:width\" content=\"600\" \/>\n\t<meta property=\"og:image:height\" content=\"600\" \/>\n\t<meta property=\"og:image:type\" content=\"image\/webp\" \/>\n<meta name=\"twitter:card\" content=\"summary_large_image\" \/>\n<script type=\"application\/ld+json\" class=\"yoast-schema-graph\">{\"@context\":\"https:\\\/\\\/schema.org\",\"@graph\":[{\"@type\":\"WebPage\",\"@id\":\"https:\\\/\\\/pet24.md\\\/product\\\/bentysandy-s-zapahom-lavandy-10l\\\/\",\"url\":\"https:\\\/\\\/pet24.md\\\/product\\\/bentysandy-s-zapahom-lavandy-10l\\\/\",\"name\":\"BentySandy \u041d\u0430\u043f\u043e\u043b\u043d\u0438\u0442\u0435\u043b\u044c \u0411\u0435\u043d\u0442\u043e\u043d\u0438\u0442\u043e\u0432\u044b\u0439 \u0441 \u0437\u0430\u043f\u0430\u0445\u043e\u043c \u041b\u0430\u0432\u0430\u043d\u0434\u044b 10L\",\"isPartOf\":{\"@id\":\"https:\\\/\\\/pet24.md\\\/#website\"},\"primaryImageOfPage\":{\"@id\":\"https:\\\/\\\/pet24.md\\\/product\\\/bentysandy-s-zapahom-lavandy-10l\\\/#primaryimage\"},\"image\":{\"@id\":\"https:\\\/\\\/pet24.md\\\/product\\\/bentysandy-s-zapahom-lavandy-10l\\\/#primaryimage\"},\"thumbnailUrl\":\"https:\\\/\\\/pet24.md\\\/wp-content\\\/uploads\\\/2024\\\/09\\\/bentysandy-napolnitel-bentonitovyj-s-zapahom-lavandy-5l-10l.webp\",\"datePublished\":\"2023-10-13T12:06:11+00:00\",\"dateModified\":\"2024-09-22T22:13:48+00:00\",\"description\":\"\u041a\u0443\u043f\u0438\u0442\u044c BentySandy \u041d\u0430\u043f\u043e\u043b\u043d\u0438\u0442\u0435\u043b\u044c \u0411\u0435\u043d\u0442\u043e\u043d\u0438\u0442\u043e\u0432\u044b\u0439 \u0441 \u0437\u0430\u043f\u0430\u0445\u043e\u043c \u041b\u0430\u0432\u0430\u043d\u0434\u044b 10L \u0441 \u0434\u043e\u0441\u0442\u0430\u0432\u043a\u043e\u0439 \u043f\u043e \u041a\u0438\u0448\u0438\u043d\u0435\u0432\u0443 \u0438 \u0432\u0441\u0435\u0439 \u041c\u043e\u043b\u0434\u043e\u0432\u0435 \u043d\u0430 Pet24\",\"breadcrumb\":{\"@id\":\"https:\\\/\\\/pet24.md\\\/product\\\/bentysandy-s-zapahom-lavandy-10l\\\/#breadcrumb\"},\"inLanguage\":\"ro-RO\",\"potentialAction\":[{\"@type\":\"ReadAction\",\"target\":[\"https:\\\/\\\/pet24.md\\\/product\\\/bentysandy-s-zapahom-lavandy-10l\\\/\"]}]},{\"@type\":\"ImageObject\",\"inLanguage\":\"ro-RO\",\"@id\":\"https:\\\/\\\/pet24.md\\\/product\\\/bentysandy-s-zapahom-lavandy-10l\\\/#primaryimage\",\"url\":\"https:\\\/\\\/pet24.md\\\/wp-content\\\/uploads\\\/2024\\\/09\\\/bentysandy-napolnitel-bentonitovyj-s-zapahom-lavandy-5l-10l.webp\",\"contentUrl\":\"https:\\\/\\\/pet24.md\\\/wp-content\\\/uploads\\\/2024\\\/09\\\/bentysandy-napolnitel-bentonitovyj-s-zapahom-lavandy-5l-10l.webp\",\"width\":600,\"height\":600,\"caption\":\"bentysandy napolnitel bentonitovyj s zapahom lavandy 5l 10l\"},{\"@type\":\"BreadcrumbList\",\"@id\":\"https:\\\/\\\/pet24.md\\\/product\\\/bentysandy-s-zapahom-lavandy-10l\\\/#breadcrumb\",\"itemListElement\":[{\"@type\":\"ListItem\",\"position\":1,\"name\":\"\u0413\u043b\u0430\u0432\u043d\u0430\u044f \u0441\u0442\u0440\u0430\u043d\u0438\u0446\u0430\",\"item\":\"https:\\\/\\\/pet24.md\\\/\"},{\"@type\":\"ListItem\",\"position\":2,\"name\":\"\u041c\u0430\u0433\u0430\u0437\u0438\u043d\",\"item\":\"https:\\\/\\\/pet24.md\\\/shop\\\/\"},{\"@type\":\"ListItem\",\"position\":3,\"name\":\"BentySandy \u041d\u0430\u043f\u043e\u043b\u043d\u0438\u0442\u0435\u043b\u044c \u0411\u0435\u043d\u0442\u043e\u043d\u0438\u0442\u043e\u0432\u044b\u0439 \u0441 \u0437\u0430\u043f\u0430\u0445\u043e\u043c \u041b\u0430\u0432\u0430\u043d\u0434\u044b 10L\"}]},{\"@type\":\"WebSite\",\"@id\":\"https:\\\/\\\/pet24.md\\\/#website\",\"url\":\"https:\\\/\\\/pet24.md\\\/\",\"name\":\"Pet24\",\"description\":\"\u0417\u043e\u043e\u043c\u0430\u0433\u0430\u0437\u0438\u043d \u0442\u043e\u0432\u0430\u0440\u043e\u0432 \u0434\u043b\u044f \u0434\u043e\u043c\u0430\u0448\u043d\u0438\u0445 \u043f\u0438\u0442\u043e\u043c\u0446\u0435\u0432\",\"publisher\":{\"@id\":\"https:\\\/\\\/pet24.md\\\/#organization\"},\"potentialAction\":[{\"@type\":\"SearchAction\",\"target\":{\"@type\":\"EntryPoint\",\"urlTemplate\":\"https:\\\/\\\/pet24.md\\\/?s={search_term_string}\"},\"query-input\":{\"@type\":\"PropertyValueSpecification\",\"valueRequired\":true,\"valueName\":\"search_term_string\"}}],\"inLanguage\":\"ro-RO\"},{\"@type\":\"Organization\",\"@id\":\"https:\\\/\\\/pet24.md\\\/#organization\",\"name\":\"Pet24\",\"url\":\"https:\\\/\\\/pet24.md\\\/\",\"logo\":{\"@type\":\"ImageObject\",\"inLanguage\":\"ro-RO\",\"@id\":\"https:\\\/\\\/pet24.md\\\/#\\\/schema\\\/logo\\\/image\\\/\",\"url\":\"https:\\\/\\\/pet24.md\\\/wp-content\\\/uploads\\\/2024\\\/09\\\/logo.svg\",\"contentUrl\":\"https:\\\/\\\/pet24.md\\\/wp-content\\\/uploads\\\/2024\\\/09\\\/logo.svg\",\"width\":215,\"height\":66,\"caption\":\"Pet24\"},\"image\":{\"@id\":\"https:\\\/\\\/pet24.md\\\/#\\\/schema\\\/logo\\\/image\\\/\"},\"sameAs\":[\"https:\\\/\\\/www.facebook.com\\\/pet24.md\",\"https:\\\/\\\/www.instagram.com\\\/pet24.md\\\/\"],\"telephone\":\"+37360508880\"}]}<\/script>\n<!-- \/ Yoast SEO Premium plugin. -->","yoast_head_json":{"title":"BentySandy Filler de bentonit\u0103 cu parfum de lavand\u0103 10L","description":"\u041a\u0443\u043f\u0438\u0442\u044c BentySandy \u041d\u0430\u043f\u043e\u043b\u043d\u0438\u0442\u0435\u043b\u044c \u0411\u0435\u043d\u0442\u043e\u043d\u0438\u0442\u043e\u0432\u044b\u0439 \u0441 \u0437\u0430\u043f\u0430\u0445\u043e\u043c \u041b\u0430\u0432\u0430\u043d\u0434\u044b 10L \u0441 \u0434\u043e\u0441\u0442\u0430\u0432\u043a\u043e\u0439 \u043f\u043e \u041a\u0438\u0448\u0438\u043d\u0435\u0432\u0443 \u0438 \u0432\u0441\u0435\u0439 \u041c\u043e\u043b\u0434\u043e\u0432\u0435 \u043d\u0430 Pet24","robots":{"index":"index","follow":"follow","max-snippet":"max-snippet:-1","max-image-preview":"max-image-preview:large","max-video-preview":"max-video-preview:-1"},"canonical":"https:\/\/pet24.md\/ro\/produs\/bentysandy-s-zapahom-lavandy-10l\/","og_locale":"ro_RO","og_type":"article","og_title":"BentySandy \u041d\u0430\u043f\u043e\u043b\u043d\u0438\u0442\u0435\u043b\u044c \u0411\u0435\u043d\u0442\u043e\u043d\u0438\u0442\u043e\u0432\u044b\u0439 \u0441 \u0437\u0430\u043f\u0430\u0445\u043e\u043c \u041b\u0430\u0432\u0430\u043d\u0434\u044b 10L","og_description":"\u041a\u0443\u043f\u0438\u0442\u044c BentySandy \u041d\u0430\u043f\u043e\u043b\u043d\u0438\u0442\u0435\u043b\u044c \u0411\u0435\u043d\u0442\u043e\u043d\u0438\u0442\u043e\u0432\u044b\u0439 \u0441 \u0437\u0430\u043f\u0430\u0445\u043e\u043c \u041b\u0430\u0432\u0430\u043d\u0434\u044b 10L \u0441 \u0434\u043e\u0441\u0442\u0430\u0432\u043a\u043e\u0439 \u043f\u043e \u041a\u0438\u0448\u0438\u043d\u0435\u0432\u0443 \u0438 \u0432\u0441\u0435\u0439 \u041c\u043e\u043b\u0434\u043e\u0432\u0435 \u043d\u0430 Pet24","og_url":"https:\/\/pet24.md\/ro\/produs\/bentysandy-s-zapahom-lavandy-10l\/","og_site_name":"Pet24","article_publisher":"https:\/\/www.facebook.com\/pet24.md","article_modified_time":"2024-09-22T22:13:48+00:00","og_image":[{"width":600,"height":600,"url":"https:\/\/pet24.md\/wp-content\/uploads\/2024\/09\/bentysandy-napolnitel-bentonitovyj-s-zapahom-lavandy-5l-10l.webp","type":"image\/webp"}],"twitter_card":"summary_large_image","schema":{"@context":"https:\/\/schema.org","@graph":[{"@type":"WebPage","@id":"https:\/\/pet24.md\/product\/bentysandy-s-zapahom-lavandy-10l\/","url":"https:\/\/pet24.md\/product\/bentysandy-s-zapahom-lavandy-10l\/","name":"BentySandy Filler de bentonit\u0103 cu parfum de lavand\u0103 10L","isPartOf":{"@id":"https:\/\/pet24.md\/#website"},"primaryImageOfPage":{"@id":"https:\/\/pet24.md\/product\/bentysandy-s-zapahom-lavandy-10l\/#primaryimage"},"image":{"@id":"https:\/\/pet24.md\/product\/bentysandy-s-zapahom-lavandy-10l\/#primaryimage"},"thumbnailUrl":"https:\/\/pet24.md\/wp-content\/uploads\/2024\/09\/bentysandy-napolnitel-bentonitovyj-s-zapahom-lavandy-5l-10l.webp","datePublished":"2023-10-13T12:06:11+00:00","dateModified":"2024-09-22T22:13:48+00:00","description":"\u041a\u0443\u043f\u0438\u0442\u044c BentySandy \u041d\u0430\u043f\u043e\u043b\u043d\u0438\u0442\u0435\u043b\u044c \u0411\u0435\u043d\u0442\u043e\u043d\u0438\u0442\u043e\u0432\u044b\u0439 \u0441 \u0437\u0430\u043f\u0430\u0445\u043e\u043c \u041b\u0430\u0432\u0430\u043d\u0434\u044b 10L \u0441 \u0434\u043e\u0441\u0442\u0430\u0432\u043a\u043e\u0439 \u043f\u043e \u041a\u0438\u0448\u0438\u043d\u0435\u0432\u0443 \u0438 \u0432\u0441\u0435\u0439 \u041c\u043e\u043b\u0434\u043e\u0432\u0435 \u043d\u0430 Pet24","breadcrumb":{"@id":"https:\/\/pet24.md\/product\/bentysandy-s-zapahom-lavandy-10l\/#breadcrumb"},"inLanguage":"ro-RO","potentialAction":[{"@type":"ReadAction","target":["https:\/\/pet24.md\/product\/bentysandy-s-zapahom-lavandy-10l\/"]}]},{"@type":"ImageObject","inLanguage":"ro-RO","@id":"https:\/\/pet24.md\/product\/bentysandy-s-zapahom-lavandy-10l\/#primaryimage","url":"https:\/\/pet24.md\/wp-content\/uploads\/2024\/09\/bentysandy-napolnitel-bentonitovyj-s-zapahom-lavandy-5l-10l.webp","contentUrl":"https:\/\/pet24.md\/wp-content\/uploads\/2024\/09\/bentysandy-napolnitel-bentonitovyj-s-zapahom-lavandy-5l-10l.webp","width":600,"height":600,"caption":"bentysandy napolnitel bentonitovyj s zapahom lavandy 5l 10l"},{"@type":"BreadcrumbList","@id":"https:\/\/pet24.md\/product\/bentysandy-s-zapahom-lavandy-10l\/#breadcrumb","itemListElement":[{"@type":"ListItem","position":1,"name":"\u0413\u043b\u0430\u0432\u043d\u0430\u044f \u0441\u0442\u0440\u0430\u043d\u0438\u0446\u0430","item":"https:\/\/pet24.md\/"},{"@type":"ListItem","position":2,"name":"\u041c\u0430\u0433\u0430\u0437\u0438\u043d","item":"https:\/\/pet24.md\/shop\/"},{"@type":"ListItem","position":3,"name":"BentySandy \u041d\u0430\u043f\u043e\u043b\u043d\u0438\u0442\u0435\u043b\u044c \u0411\u0435\u043d\u0442\u043e\u043d\u0438\u0442\u043e\u0432\u044b\u0439 \u0441 \u0437\u0430\u043f\u0430\u0445\u043e\u043c \u041b\u0430\u0432\u0430\u043d\u0434\u044b 10L"}]},{"@type":"WebSite","@id":"https:\/\/pet24.md\/#website","url":"https:\/\/pet24.md\/","name":"Pet24","description":"Magazin de animale de companie","publisher":{"@id":"https:\/\/pet24.md\/#organization"},"potentialAction":[{"@type":"SearchAction","target":{"@type":"EntryPoint","urlTemplate":"https:\/\/pet24.md\/?s={search_term_string}"},"query-input":{"@type":"PropertyValueSpecification","valueRequired":true,"valueName":"search_term_string"}}],"inLanguage":"ro-RO"},{"@type":"Organization","@id":"https:\/\/pet24.md\/#organization","name":"Pet24","url":"https:\/\/pet24.md\/","logo":{"@type":"ImageObject","inLanguage":"ro-RO","@id":"https:\/\/pet24.md\/#\/schema\/logo\/image\/","url":"https:\/\/pet24.md\/wp-content\/uploads\/2024\/09\/logo.svg","contentUrl":"https:\/\/pet24.md\/wp-content\/uploads\/2024\/09\/logo.svg","width":215,"height":66,"caption":"Pet24"},"image":{"@id":"https:\/\/pet24.md\/#\/schema\/logo\/image\/"},"sameAs":["https:\/\/www.facebook.com\/pet24.md","https:\/\/www.instagram.com\/pet24.md\/"],"telephone":"+37360508880"}]}},"_links":{"self":[{"href":"https:\/\/pet24.md\/ro\/wp-json\/wp\/v2\/product\/33882","targetHints":{"allow":["GET"]}}],"collection":[{"href":"https:\/\/pet24.md\/ro\/wp-json\/wp\/v2\/product"}],"about":[{"href":"https:\/\/pet24.md\/ro\/wp-json\/wp\/v2\/types\/product"}],"replies":[{"embeddable":true,"href":"https:\/\/pet24.md\/ro\/wp-json\/wp\/v2\/comments?post=33882"}],"wp:featuredmedia":[{"embeddable":true,"href":"https:\/\/pet24.md\/ro\/wp-json\/wp\/v2\/media\/90395"}],"wp:attachment":[{"href":"https:\/\/pet24.md\/ro\/wp-json\/wp\/v2\/media?parent=33882"}],"wp:term":[{"taxonomy":"product_brand","embeddable":true,"href":"https:\/\/pet24.md\/ro\/wp-json\/wp\/v2\/product_brand?post=33882"},{"taxonomy":"product_cat","embeddable":true,"href":"https:\/\/pet24.md\/ro\/wp-json\/wp\/v2\/product_cat?post=33882"},{"taxonomy":"product_tag","embeddable":true,"href":"https:\/\/pet24.md\/ro\/wp-json\/wp\/v2\/product_tag?post=33882"}],"curies":[{"name":"wp","href":"https:\/\/api.w.org\/{rel}","templated":true}]}}