{"id":33912,"date":"2023-10-13T14:26:57","date_gmt":"2023-10-13T14:26:57","guid":{"rendered":"https:\/\/pet24.md\/?post_type=product&#038;p=33912"},"modified":"2024-09-22T22:13:51","modified_gmt":"2024-09-22T22:13:51","slug":"felin-napolnitel-bentonitovyj-marseille-soap-5-l","status":"publish","type":"product","link":"https:\/\/pet24.md\/ro\/produs\/felin-napolnitel-bentonitovyj-marseille-soap-5-l\/","title":{"rendered":"Felin. Filler Bentonite Sapun de Marsilia. 5L"},"content":{"rendered":"<h2>A\u0219ternut Felin Super-Premium: curat \u0219i proasp\u0103t pentru cutia de gunoi a pisicii tale<\/h2>\n<p>A\u0219ternutul Felin super-premium se remarc\u0103 prin aroma sa delicat\u0103 \u0219i capacitatea de aglomerare ultra-rapid\u0103. Aceasta este solu\u021bia ideal\u0103 pentru proprietarii de pisici care caut\u0103 un a\u0219ternut curat, eficient \u0219i de lung\u0103 durat\u0103.<\/p>\n<h3>Avantaje<\/h3>\n<ul>\n<li><strong>Arom\u0103 delicat\u0103<\/strong>: Neutralizeaza mirosurile nedorite si iti umple casa cu o aroma placuta si proaspata.<\/li>\n<li><strong>Aglomerare ultra rapid\u0103<\/strong>: Blocheaz\u0103 rapid mirosurile nepl\u0103cute pentru o cur\u0103\u021benie eficient\u0103.<\/li>\n<li><strong>Nu se lipe\u0219te de labe<\/strong>: Confort maxim pentru pisica ta, fara urme de praf.<\/li>\n<li><strong>Fara praf<\/strong>: Promoveaz\u0103 un mediu mai s\u0103n\u0103tos pentru tine \u0219i animalul t\u0103u de companie.<\/li>\n<li><strong>Utilizare economic\u0103<\/strong>: Consum redus datorit\u0103 propriet\u0103\u021bilor mari de aglomerare, ceea ce \u00eenseamn\u0103 mai pu\u021bin umplutur\u0103 utilizat\u0103 \u00een timp.<\/li>\n<\/ul>\n<h3>Compus<\/h3>\n<ul>\n<li><strong>100% Natural<\/strong>: Minerale de argil\u0103 bentonit\u0103 de calciu alb\u0103 \u0219i aditivi speciali pentru performan\u021be superioare.<\/li>\n<li><strong>Durabilitate<\/strong>: Potrivit pentru utilizare pe termen lung, datorit\u0103 materialelor de calitate \u0219i formulei inovatoare.<\/li>\n<\/ul>\n<h3>Pachete disponibile<\/h3>\n<ul>\n<li>Pachete de 5 litri<\/li>\n<li>Pachete de 10 litri<\/li>\n<\/ul>","protected":false},"excerpt":{"rendered":"<p>Felin Super-Premium Litter: curat \u0219i proasp\u0103t pentru a\u0219ternutul pisicii tale Felin Super-Premium Litter se remarc\u0103 prin aroma sa delicat\u0103 \u0219i capacitatea de aglomerare ultra-rapid\u0103. Acest\u2026<\/p>","protected":false},"featured_media":90405,"comment_status":"closed","ping_status":"closed","template":"","meta":[],"product_brand":[],"product_cat":[195,193,194],"product_tag":[455,456,457,212],"class_list":{"0":"post-33912","1":"product","2":"type-product","3":"status-publish","4":"has-post-thumbnail","6":"product_cat-bentonite-calitter","7":"product_cat-cat","8":"product_cat-cat-litter","9":"product_tag-felin","10":"product_tag-marseille-soap","11":"product_tag-bentonit","12":"product_tag-napolnitel-dlya-koshachego-tualeta","13":"pa_age-pet-lyuboj-vozrast","14":"pa_brand-felin","15":"pa_filler-bentonit","16":"pa_fragrance-marseille-soap","17":"pa_pet-koshka","18":"pa_weight-4-5-kg","20":"first","21":"instock","22":"product-type-simple"},"yoast_head":"<!-- This site is optimized with the Yoast SEO Premium plugin v23.7 (Yoast SEO v27.5) - https:\/\/yoast.com\/product\/yoast-seo-premium-wordpress\/ -->\n<title>Felin. \u041d\u0430\u043f\u043e\u043b\u043d\u0438\u0442\u0435\u043b\u044c \u0411\u0435\u043d\u0442\u043e\u043d\u0438\u0442\u043e\u0432\u044b\u0439 Marseille Soap. 5 L<\/title>\n<meta name=\"description\" content=\"\u041a\u0443\u043f\u0438\u0442\u044c Felin. \u041d\u0430\u043f\u043e\u043b\u043d\u0438\u0442\u0435\u043b\u044c \u0411\u0435\u043d\u0442\u043e\u043d\u0438\u0442\u043e\u0432\u044b\u0439 Marseille Soap. 5 L \u0441 \u0434\u043e\u0441\u0442\u0430\u0432\u043a\u043e\u0439 \u043f\u043e \u041a\u0438\u0448\u0438\u043d\u0435\u0432\u0443 \u0438 \u0432\u0441\u0435\u0439 \u041c\u043e\u043b\u0434\u043e\u0432\u0435 \u043d\u0430 Pet24\" \/>\n<meta name=\"robots\" content=\"index, follow, max-snippet:-1, max-image-preview:large, max-video-preview:-1\" \/>\n<link rel=\"canonical\" href=\"https:\/\/pet24.md\/ro\/produs\/felin-napolnitel-bentonitovyj-marseille-soap-5-l\/\" \/>\n<meta property=\"og:locale\" content=\"ro_RO\" \/>\n<meta property=\"og:type\" content=\"article\" \/>\n<meta property=\"og:title\" content=\"Felin. \u041d\u0430\u043f\u043e\u043b\u043d\u0438\u0442\u0435\u043b\u044c \u0411\u0435\u043d\u0442\u043e\u043d\u0438\u0442\u043e\u0432\u044b\u0439 Marseille Soap. 5 L\" \/>\n<meta property=\"og:description\" content=\"\u041a\u0443\u043f\u0438\u0442\u044c Felin. \u041d\u0430\u043f\u043e\u043b\u043d\u0438\u0442\u0435\u043b\u044c \u0411\u0435\u043d\u0442\u043e\u043d\u0438\u0442\u043e\u0432\u044b\u0439 Marseille Soap. 5 L \u0441 \u0434\u043e\u0441\u0442\u0430\u0432\u043a\u043e\u0439 \u043f\u043e \u041a\u0438\u0448\u0438\u043d\u0435\u0432\u0443 \u0438 \u0432\u0441\u0435\u0439 \u041c\u043e\u043b\u0434\u043e\u0432\u0435 \u043d\u0430 Pet24\" \/>\n<meta property=\"og:url\" content=\"https:\/\/pet24.md\/ro\/produs\/felin-napolnitel-bentonitovyj-marseille-soap-5-l\/\" \/>\n<meta property=\"og:site_name\" content=\"Pet24\" \/>\n<meta property=\"article:publisher\" content=\"https:\/\/www.facebook.com\/pet24.md\" \/>\n<meta property=\"article:modified_time\" content=\"2024-09-22T22:13:51+00:00\" \/>\n<meta property=\"og:image\" content=\"https:\/\/pet24.md\/wp-content\/uploads\/2024\/09\/felin-napolnitel-bentonitovyj-marseille-soap-5-l.webp\" \/>\n\t<meta property=\"og:image:width\" content=\"600\" \/>\n\t<meta property=\"og:image:height\" content=\"600\" \/>\n\t<meta property=\"og:image:type\" content=\"image\/webp\" \/>\n<meta name=\"twitter:card\" content=\"summary_large_image\" \/>\n<script type=\"application\/ld+json\" class=\"yoast-schema-graph\">{\"@context\":\"https:\\\/\\\/schema.org\",\"@graph\":[{\"@type\":\"WebPage\",\"@id\":\"https:\\\/\\\/pet24.md\\\/product\\\/felin-napolnitel-bentonitovyj-marseille-soap-5-l\\\/\",\"url\":\"https:\\\/\\\/pet24.md\\\/product\\\/felin-napolnitel-bentonitovyj-marseille-soap-5-l\\\/\",\"name\":\"Felin. \u041d\u0430\u043f\u043e\u043b\u043d\u0438\u0442\u0435\u043b\u044c \u0411\u0435\u043d\u0442\u043e\u043d\u0438\u0442\u043e\u0432\u044b\u0439 Marseille Soap. 5 L\",\"isPartOf\":{\"@id\":\"https:\\\/\\\/pet24.md\\\/#website\"},\"primaryImageOfPage\":{\"@id\":\"https:\\\/\\\/pet24.md\\\/product\\\/felin-napolnitel-bentonitovyj-marseille-soap-5-l\\\/#primaryimage\"},\"image\":{\"@id\":\"https:\\\/\\\/pet24.md\\\/product\\\/felin-napolnitel-bentonitovyj-marseille-soap-5-l\\\/#primaryimage\"},\"thumbnailUrl\":\"https:\\\/\\\/pet24.md\\\/wp-content\\\/uploads\\\/2024\\\/09\\\/felin-napolnitel-bentonitovyj-marseille-soap-5-l.webp\",\"datePublished\":\"2023-10-13T14:26:57+00:00\",\"dateModified\":\"2024-09-22T22:13:51+00:00\",\"description\":\"\u041a\u0443\u043f\u0438\u0442\u044c Felin. \u041d\u0430\u043f\u043e\u043b\u043d\u0438\u0442\u0435\u043b\u044c \u0411\u0435\u043d\u0442\u043e\u043d\u0438\u0442\u043e\u0432\u044b\u0439 Marseille Soap. 5 L \u0441 \u0434\u043e\u0441\u0442\u0430\u0432\u043a\u043e\u0439 \u043f\u043e \u041a\u0438\u0448\u0438\u043d\u0435\u0432\u0443 \u0438 \u0432\u0441\u0435\u0439 \u041c\u043e\u043b\u0434\u043e\u0432\u0435 \u043d\u0430 Pet24\",\"breadcrumb\":{\"@id\":\"https:\\\/\\\/pet24.md\\\/product\\\/felin-napolnitel-bentonitovyj-marseille-soap-5-l\\\/#breadcrumb\"},\"inLanguage\":\"ro-RO\",\"potentialAction\":[{\"@type\":\"ReadAction\",\"target\":[\"https:\\\/\\\/pet24.md\\\/product\\\/felin-napolnitel-bentonitovyj-marseille-soap-5-l\\\/\"]}]},{\"@type\":\"ImageObject\",\"inLanguage\":\"ro-RO\",\"@id\":\"https:\\\/\\\/pet24.md\\\/product\\\/felin-napolnitel-bentonitovyj-marseille-soap-5-l\\\/#primaryimage\",\"url\":\"https:\\\/\\\/pet24.md\\\/wp-content\\\/uploads\\\/2024\\\/09\\\/felin-napolnitel-bentonitovyj-marseille-soap-5-l.webp\",\"contentUrl\":\"https:\\\/\\\/pet24.md\\\/wp-content\\\/uploads\\\/2024\\\/09\\\/felin-napolnitel-bentonitovyj-marseille-soap-5-l.webp\",\"width\":600,\"height\":600,\"caption\":\"felin napolnitel bentonitovyj marseille soap 5 l\"},{\"@type\":\"BreadcrumbList\",\"@id\":\"https:\\\/\\\/pet24.md\\\/product\\\/felin-napolnitel-bentonitovyj-marseille-soap-5-l\\\/#breadcrumb\",\"itemListElement\":[{\"@type\":\"ListItem\",\"position\":1,\"name\":\"\u0413\u043b\u0430\u0432\u043d\u0430\u044f \u0441\u0442\u0440\u0430\u043d\u0438\u0446\u0430\",\"item\":\"https:\\\/\\\/pet24.md\\\/\"},{\"@type\":\"ListItem\",\"position\":2,\"name\":\"\u041c\u0430\u0433\u0430\u0437\u0438\u043d\",\"item\":\"https:\\\/\\\/pet24.md\\\/shop\\\/\"},{\"@type\":\"ListItem\",\"position\":3,\"name\":\"Felin. \u041d\u0430\u043f\u043e\u043b\u043d\u0438\u0442\u0435\u043b\u044c \u0411\u0435\u043d\u0442\u043e\u043d\u0438\u0442\u043e\u0432\u044b\u0439 Marseille Soap. 5 L\"}]},{\"@type\":\"WebSite\",\"@id\":\"https:\\\/\\\/pet24.md\\\/#website\",\"url\":\"https:\\\/\\\/pet24.md\\\/\",\"name\":\"Pet24\",\"description\":\"\u0417\u043e\u043e\u043c\u0430\u0433\u0430\u0437\u0438\u043d \u0442\u043e\u0432\u0430\u0440\u043e\u0432 \u0434\u043b\u044f \u0434\u043e\u043c\u0430\u0448\u043d\u0438\u0445 \u043f\u0438\u0442\u043e\u043c\u0446\u0435\u0432\",\"publisher\":{\"@id\":\"https:\\\/\\\/pet24.md\\\/#organization\"},\"potentialAction\":[{\"@type\":\"SearchAction\",\"target\":{\"@type\":\"EntryPoint\",\"urlTemplate\":\"https:\\\/\\\/pet24.md\\\/?s={search_term_string}\"},\"query-input\":{\"@type\":\"PropertyValueSpecification\",\"valueRequired\":true,\"valueName\":\"search_term_string\"}}],\"inLanguage\":\"ro-RO\"},{\"@type\":\"Organization\",\"@id\":\"https:\\\/\\\/pet24.md\\\/#organization\",\"name\":\"Pet24\",\"url\":\"https:\\\/\\\/pet24.md\\\/\",\"logo\":{\"@type\":\"ImageObject\",\"inLanguage\":\"ro-RO\",\"@id\":\"https:\\\/\\\/pet24.md\\\/#\\\/schema\\\/logo\\\/image\\\/\",\"url\":\"https:\\\/\\\/pet24.md\\\/wp-content\\\/uploads\\\/2024\\\/09\\\/logo.svg\",\"contentUrl\":\"https:\\\/\\\/pet24.md\\\/wp-content\\\/uploads\\\/2024\\\/09\\\/logo.svg\",\"width\":215,\"height\":66,\"caption\":\"Pet24\"},\"image\":{\"@id\":\"https:\\\/\\\/pet24.md\\\/#\\\/schema\\\/logo\\\/image\\\/\"},\"sameAs\":[\"https:\\\/\\\/www.facebook.com\\\/pet24.md\",\"https:\\\/\\\/www.instagram.com\\\/pet24.md\\\/\"],\"telephone\":\"+37360508880\"}]}<\/script>\n<!-- \/ Yoast SEO Premium plugin. -->","yoast_head_json":{"title":"Felin. Filler Bentonite Sapun de Marsilia. 5L","description":"\u041a\u0443\u043f\u0438\u0442\u044c Felin. \u041d\u0430\u043f\u043e\u043b\u043d\u0438\u0442\u0435\u043b\u044c \u0411\u0435\u043d\u0442\u043e\u043d\u0438\u0442\u043e\u0432\u044b\u0439 Marseille Soap. 5 L \u0441 \u0434\u043e\u0441\u0442\u0430\u0432\u043a\u043e\u0439 \u043f\u043e \u041a\u0438\u0448\u0438\u043d\u0435\u0432\u0443 \u0438 \u0432\u0441\u0435\u0439 \u041c\u043e\u043b\u0434\u043e\u0432\u0435 \u043d\u0430 Pet24","robots":{"index":"index","follow":"follow","max-snippet":"max-snippet:-1","max-image-preview":"max-image-preview:large","max-video-preview":"max-video-preview:-1"},"canonical":"https:\/\/pet24.md\/ro\/produs\/felin-napolnitel-bentonitovyj-marseille-soap-5-l\/","og_locale":"ro_RO","og_type":"article","og_title":"Felin. \u041d\u0430\u043f\u043e\u043b\u043d\u0438\u0442\u0435\u043b\u044c \u0411\u0435\u043d\u0442\u043e\u043d\u0438\u0442\u043e\u0432\u044b\u0439 Marseille Soap. 5 L","og_description":"\u041a\u0443\u043f\u0438\u0442\u044c Felin. \u041d\u0430\u043f\u043e\u043b\u043d\u0438\u0442\u0435\u043b\u044c \u0411\u0435\u043d\u0442\u043e\u043d\u0438\u0442\u043e\u0432\u044b\u0439 Marseille Soap. 5 L \u0441 \u0434\u043e\u0441\u0442\u0430\u0432\u043a\u043e\u0439 \u043f\u043e \u041a\u0438\u0448\u0438\u043d\u0435\u0432\u0443 \u0438 \u0432\u0441\u0435\u0439 \u041c\u043e\u043b\u0434\u043e\u0432\u0435 \u043d\u0430 Pet24","og_url":"https:\/\/pet24.md\/ro\/produs\/felin-napolnitel-bentonitovyj-marseille-soap-5-l\/","og_site_name":"Pet24","article_publisher":"https:\/\/www.facebook.com\/pet24.md","article_modified_time":"2024-09-22T22:13:51+00:00","og_image":[{"width":600,"height":600,"url":"https:\/\/pet24.md\/wp-content\/uploads\/2024\/09\/felin-napolnitel-bentonitovyj-marseille-soap-5-l.webp","type":"image\/webp"}],"twitter_card":"summary_large_image","schema":{"@context":"https:\/\/schema.org","@graph":[{"@type":"WebPage","@id":"https:\/\/pet24.md\/product\/felin-napolnitel-bentonitovyj-marseille-soap-5-l\/","url":"https:\/\/pet24.md\/product\/felin-napolnitel-bentonitovyj-marseille-soap-5-l\/","name":"Felin. Filler Bentonite Sapun de Marsilia. 5L","isPartOf":{"@id":"https:\/\/pet24.md\/#website"},"primaryImageOfPage":{"@id":"https:\/\/pet24.md\/product\/felin-napolnitel-bentonitovyj-marseille-soap-5-l\/#primaryimage"},"image":{"@id":"https:\/\/pet24.md\/product\/felin-napolnitel-bentonitovyj-marseille-soap-5-l\/#primaryimage"},"thumbnailUrl":"https:\/\/pet24.md\/wp-content\/uploads\/2024\/09\/felin-napolnitel-bentonitovyj-marseille-soap-5-l.webp","datePublished":"2023-10-13T14:26:57+00:00","dateModified":"2024-09-22T22:13:51+00:00","description":"\u041a\u0443\u043f\u0438\u0442\u044c Felin. \u041d\u0430\u043f\u043e\u043b\u043d\u0438\u0442\u0435\u043b\u044c \u0411\u0435\u043d\u0442\u043e\u043d\u0438\u0442\u043e\u0432\u044b\u0439 Marseille Soap. 5 L \u0441 \u0434\u043e\u0441\u0442\u0430\u0432\u043a\u043e\u0439 \u043f\u043e \u041a\u0438\u0448\u0438\u043d\u0435\u0432\u0443 \u0438 \u0432\u0441\u0435\u0439 \u041c\u043e\u043b\u0434\u043e\u0432\u0435 \u043d\u0430 Pet24","breadcrumb":{"@id":"https:\/\/pet24.md\/product\/felin-napolnitel-bentonitovyj-marseille-soap-5-l\/#breadcrumb"},"inLanguage":"ro-RO","potentialAction":[{"@type":"ReadAction","target":["https:\/\/pet24.md\/product\/felin-napolnitel-bentonitovyj-marseille-soap-5-l\/"]}]},{"@type":"ImageObject","inLanguage":"ro-RO","@id":"https:\/\/pet24.md\/product\/felin-napolnitel-bentonitovyj-marseille-soap-5-l\/#primaryimage","url":"https:\/\/pet24.md\/wp-content\/uploads\/2024\/09\/felin-napolnitel-bentonitovyj-marseille-soap-5-l.webp","contentUrl":"https:\/\/pet24.md\/wp-content\/uploads\/2024\/09\/felin-napolnitel-bentonitovyj-marseille-soap-5-l.webp","width":600,"height":600,"caption":"felin napolnitel bentonitovyj marseille soap 5 l"},{"@type":"BreadcrumbList","@id":"https:\/\/pet24.md\/product\/felin-napolnitel-bentonitovyj-marseille-soap-5-l\/#breadcrumb","itemListElement":[{"@type":"ListItem","position":1,"name":"\u0413\u043b\u0430\u0432\u043d\u0430\u044f \u0441\u0442\u0440\u0430\u043d\u0438\u0446\u0430","item":"https:\/\/pet24.md\/"},{"@type":"ListItem","position":2,"name":"\u041c\u0430\u0433\u0430\u0437\u0438\u043d","item":"https:\/\/pet24.md\/shop\/"},{"@type":"ListItem","position":3,"name":"Felin. \u041d\u0430\u043f\u043e\u043b\u043d\u0438\u0442\u0435\u043b\u044c \u0411\u0435\u043d\u0442\u043e\u043d\u0438\u0442\u043e\u0432\u044b\u0439 Marseille Soap. 5 L"}]},{"@type":"WebSite","@id":"https:\/\/pet24.md\/#website","url":"https:\/\/pet24.md\/","name":"Pet24","description":"Magazin de animale de companie","publisher":{"@id":"https:\/\/pet24.md\/#organization"},"potentialAction":[{"@type":"SearchAction","target":{"@type":"EntryPoint","urlTemplate":"https:\/\/pet24.md\/?s={search_term_string}"},"query-input":{"@type":"PropertyValueSpecification","valueRequired":true,"valueName":"search_term_string"}}],"inLanguage":"ro-RO"},{"@type":"Organization","@id":"https:\/\/pet24.md\/#organization","name":"Pet24","url":"https:\/\/pet24.md\/","logo":{"@type":"ImageObject","inLanguage":"ro-RO","@id":"https:\/\/pet24.md\/#\/schema\/logo\/image\/","url":"https:\/\/pet24.md\/wp-content\/uploads\/2024\/09\/logo.svg","contentUrl":"https:\/\/pet24.md\/wp-content\/uploads\/2024\/09\/logo.svg","width":215,"height":66,"caption":"Pet24"},"image":{"@id":"https:\/\/pet24.md\/#\/schema\/logo\/image\/"},"sameAs":["https:\/\/www.facebook.com\/pet24.md","https:\/\/www.instagram.com\/pet24.md\/"],"telephone":"+37360508880"}]}},"_links":{"self":[{"href":"https:\/\/pet24.md\/ro\/wp-json\/wp\/v2\/product\/33912","targetHints":{"allow":["GET"]}}],"collection":[{"href":"https:\/\/pet24.md\/ro\/wp-json\/wp\/v2\/product"}],"about":[{"href":"https:\/\/pet24.md\/ro\/wp-json\/wp\/v2\/types\/product"}],"replies":[{"embeddable":true,"href":"https:\/\/pet24.md\/ro\/wp-json\/wp\/v2\/comments?post=33912"}],"wp:featuredmedia":[{"embeddable":true,"href":"https:\/\/pet24.md\/ro\/wp-json\/wp\/v2\/media\/90405"}],"wp:attachment":[{"href":"https:\/\/pet24.md\/ro\/wp-json\/wp\/v2\/media?parent=33912"}],"wp:term":[{"taxonomy":"product_brand","embeddable":true,"href":"https:\/\/pet24.md\/ro\/wp-json\/wp\/v2\/product_brand?post=33912"},{"taxonomy":"product_cat","embeddable":true,"href":"https:\/\/pet24.md\/ro\/wp-json\/wp\/v2\/product_cat?post=33912"},{"taxonomy":"product_tag","embeddable":true,"href":"https:\/\/pet24.md\/ro\/wp-json\/wp\/v2\/product_tag?post=33912"}],"curies":[{"name":"wp","href":"https:\/\/api.w.org\/{rel}","templated":true}]}}