{"id":33941,"date":"2023-10-18T14:02:49","date_gmt":"2023-10-18T14:02:49","guid":{"rendered":"https:\/\/pet24.md\/?post_type=product&#038;p=33941"},"modified":"2024-09-22T22:13:54","modified_gmt":"2024-09-22T22:13:54","slug":"miska-panama-pet-dlya-pticz-s-zazhimnoj-ruchkoj-028l","status":"publish","type":"product","link":"https:\/\/pet24.md\/ro\/produs\/miska-panama-pet-dlya-pticz-s-zazhimnoj-ruchkoj-028l\/","title":{"rendered":"Bol pentru p\u0103s\u0103ri PANAMA PET cu m\u00e2ner clem\u0103 0,28 l"},"content":{"rendered":"<h3>Bol pentru p\u0103s\u0103ri PANAMA PET cu m\u00e2ner 0,28 l<\/h3>\n<p>Bolul pentru p\u0103s\u0103ri PANAMA PET este realizat \u00een \u00eentregime din o\u021bel inoxidabil de \u00eenalt\u0103 calitate, oferind o solu\u021bie durabil\u0103 \u0219i igien\u0103 pentru nevoile de hran\u0103 \u0219i ap\u0103 ale p\u0103s\u0103rilor tale. Acest bol este ideal pentru distribuirea apei sau a alimentelor \u0219i se ata\u0219eaz\u0103 u\u0219or de barele cu\u0219tii pentru a preveni r\u0103sturnarea accidental\u0103.<\/p>\n<h4>Caracteristici cheie:<\/h4>\n<ul>\n<li><strong>Material:<\/strong> O\u021bel inoxidabil de \u00eenalt\u0103 calitate, durabil \u0219i u\u0219or de cur\u0103\u021bat.<\/li>\n<li><strong>Capacitate:<\/strong> 0,28 litri, potrivit pentru p\u0103s\u0103ri mici.<\/li>\n<li><strong>Design practic:<\/strong> Vasul poate fi at\u00e2rnat de barele cu\u0219tii, economisind spa\u021biu \u0219i \u00eempiedic\u00e2nd r\u0103sturnarea acestuia.<\/li>\n<li><strong>Func\u021bia de suspendare:<\/strong> Ofer\u0103 stabilitate bolului \u0219i \u00eempiedic\u0103 r\u0103sturnarea acestuia, men\u021bin\u00e2nd cu\u0219ca curat\u0103 \u0219i ordonat\u0103.<\/li>\n<\/ul>\n<h4>Avantaje:<\/h4>\n<ul>\n<li><strong>Durabilitate:<\/strong> Fabricat din o\u021bel inoxidabil durabil, acest bol este construit s\u0103 reziste \u0219i s\u0103 nu rugineasc\u0103.<\/li>\n<li><strong>Igien\u0103:<\/strong> Materialul din o\u021bel inoxidabil este u\u0219or de cur\u0103\u021bat \u0219i previne acumularea bacteriilor.<\/li>\n<li><strong>U\u0219urin\u021b\u0103 de utilizare:<\/strong> Designul m\u00e2nerului face ca vasul s\u0103 fie ata\u0219at \u0219i scos rapid \u0219i u\u0219or din cu\u0219c\u0103.<\/li>\n<\/ul>","protected":false},"excerpt":{"rendered":"<p>\u041c\u0438\u0441\u043a\u0430 \u0434\u043b\u044f \u043f\u0442\u0438\u0446 PANAMA PET \u0441 \u0440\u0443\u0447\u043a\u043e\u0439 0,28 \u043b \u041c\u0438\u0441\u043a\u0430 \u0434\u043b\u044f \u043f\u0442\u0438\u0446 PANAMA PET \u0438\u0437\u0433\u043e\u0442\u043e\u0432\u043b\u0435\u043d\u0430 \u043f\u043e\u043b\u043d\u043e\u0441\u0442\u044c\u044e \u0438\u0437 \u0432\u044b\u0441\u043e\u043a\u043e\u043a\u0430\u0447\u0435\u0441\u0442\u0432\u0435\u043d\u043d\u043e\u0439 \u043d\u0435\u0440\u0436\u0430\u0432\u0435\u044e\u0449\u0435\u0439 \u0441\u0442\u0430\u043b\u0438, \u043e\u0431\u0435\u0441\u043f\u0435\u0447\u0438\u0432\u0430\u044f \u0434\u043e\u043b\u0433\u043e\u0432\u0435\u0447\u043d\u043e\u0435&hellip;<\/p>","protected":false},"featured_media":90414,"comment_status":"closed","ping_status":"closed","template":"","meta":[],"product_brand":[],"product_cat":[290,289,149],"product_tag":[274,474,525],"class_list":{"0":"post-33941","1":"product","2":"type-product","3":"status-publish","4":"has-post-thumbnail","6":"product_cat-bird-feeders","7":"product_cat-bird-drinkers","8":"product_cat-birds","9":"product_tag-panama-pet","10":"product_tag-miska","11":"product_tag-pticzy","12":"pa_brand-panama-pet","13":"pa_pet-pticza","15":"first","16":"instock","17":"product-type-simple"},"yoast_head":"<!-- This site is optimized with the Yoast SEO Premium plugin v23.7 (Yoast SEO v27.5) - https:\/\/yoast.com\/product\/yoast-seo-premium-wordpress\/ -->\n<title>\u041c\u0438\u0441\u043a\u0430 PANAMA PET \u0434\u043b\u044f \u043f\u0442\u0438\u0446 \u0441 \u0437\u0430\u0436\u0438\u043c\u043d\u043e\u0439 \u0440\u0443\u0447\u043a\u043e\u0439 0,28\u043b<\/title>\n<meta name=\"description\" content=\"\u041a\u0443\u043f\u0438\u0442\u044c \u041c\u0438\u0441\u043a\u0430 PANAMA PET \u0434\u043b\u044f \u043f\u0442\u0438\u0446 \u0441 \u0437\u0430\u0436\u0438\u043c\u043d\u043e\u0439 \u0440\u0443\u0447\u043a\u043e\u0439 0,28\u043b \u0441 \u0434\u043e\u0441\u0442\u0430\u0432\u043a\u043e\u0439 \u043f\u043e \u041a\u0438\u0448\u0438\u043d\u0435\u0432\u0443 \u0438 \u0432\u0441\u0435\u0439 \u041c\u043e\u043b\u0434\u043e\u0432\u0435 \u043d\u0430 Pet24\" \/>\n<meta name=\"robots\" content=\"index, follow, max-snippet:-1, max-image-preview:large, max-video-preview:-1\" \/>\n<link rel=\"canonical\" href=\"https:\/\/pet24.md\/ro\/produs\/miska-panama-pet-dlya-pticz-s-zazhimnoj-ruchkoj-028l\/\" \/>\n<meta property=\"og:locale\" content=\"ro_RO\" \/>\n<meta property=\"og:type\" content=\"article\" \/>\n<meta property=\"og:title\" content=\"\u041c\u0438\u0441\u043a\u0430 PANAMA PET \u0434\u043b\u044f \u043f\u0442\u0438\u0446 \u0441 \u0437\u0430\u0436\u0438\u043c\u043d\u043e\u0439 \u0440\u0443\u0447\u043a\u043e\u0439 0,28\u043b\" \/>\n<meta property=\"og:description\" content=\"\u041a\u0443\u043f\u0438\u0442\u044c \u041c\u0438\u0441\u043a\u0430 PANAMA PET \u0434\u043b\u044f \u043f\u0442\u0438\u0446 \u0441 \u0437\u0430\u0436\u0438\u043c\u043d\u043e\u0439 \u0440\u0443\u0447\u043a\u043e\u0439 0,28\u043b \u0441 \u0434\u043e\u0441\u0442\u0430\u0432\u043a\u043e\u0439 \u043f\u043e \u041a\u0438\u0448\u0438\u043d\u0435\u0432\u0443 \u0438 \u0432\u0441\u0435\u0439 \u041c\u043e\u043b\u0434\u043e\u0432\u0435 \u043d\u0430 Pet24\" \/>\n<meta property=\"og:url\" content=\"https:\/\/pet24.md\/ro\/produs\/miska-panama-pet-dlya-pticz-s-zazhimnoj-ruchkoj-028l\/\" \/>\n<meta property=\"og:site_name\" content=\"Pet24\" \/>\n<meta property=\"article:publisher\" content=\"https:\/\/www.facebook.com\/pet24.md\" \/>\n<meta property=\"article:modified_time\" content=\"2024-09-22T22:13:54+00:00\" \/>\n<meta property=\"og:image\" content=\"https:\/\/pet24.md\/wp-content\/uploads\/2024\/09\/miska-panama-pet-dlya-pticz-s-zazhimnoj-ruchkoj-028l.webp\" \/>\n\t<meta property=\"og:image:width\" content=\"600\" \/>\n\t<meta property=\"og:image:height\" content=\"600\" \/>\n\t<meta property=\"og:image:type\" content=\"image\/webp\" \/>\n<meta name=\"twitter:card\" content=\"summary_large_image\" \/>\n<script type=\"application\/ld+json\" class=\"yoast-schema-graph\">{\"@context\":\"https:\\\/\\\/schema.org\",\"@graph\":[{\"@type\":\"WebPage\",\"@id\":\"https:\\\/\\\/pet24.md\\\/product\\\/miska-panama-pet-dlya-pticz-s-zazhimnoj-ruchkoj-028l\\\/\",\"url\":\"https:\\\/\\\/pet24.md\\\/product\\\/miska-panama-pet-dlya-pticz-s-zazhimnoj-ruchkoj-028l\\\/\",\"name\":\"\u041c\u0438\u0441\u043a\u0430 PANAMA PET \u0434\u043b\u044f \u043f\u0442\u0438\u0446 \u0441 \u0437\u0430\u0436\u0438\u043c\u043d\u043e\u0439 \u0440\u0443\u0447\u043a\u043e\u0439 0,28\u043b\",\"isPartOf\":{\"@id\":\"https:\\\/\\\/pet24.md\\\/#website\"},\"primaryImageOfPage\":{\"@id\":\"https:\\\/\\\/pet24.md\\\/product\\\/miska-panama-pet-dlya-pticz-s-zazhimnoj-ruchkoj-028l\\\/#primaryimage\"},\"image\":{\"@id\":\"https:\\\/\\\/pet24.md\\\/product\\\/miska-panama-pet-dlya-pticz-s-zazhimnoj-ruchkoj-028l\\\/#primaryimage\"},\"thumbnailUrl\":\"https:\\\/\\\/pet24.md\\\/wp-content\\\/uploads\\\/2024\\\/09\\\/miska-panama-pet-dlya-pticz-s-zazhimnoj-ruchkoj-028l.webp\",\"datePublished\":\"2023-10-18T14:02:49+00:00\",\"dateModified\":\"2024-09-22T22:13:54+00:00\",\"description\":\"\u041a\u0443\u043f\u0438\u0442\u044c \u041c\u0438\u0441\u043a\u0430 PANAMA PET \u0434\u043b\u044f \u043f\u0442\u0438\u0446 \u0441 \u0437\u0430\u0436\u0438\u043c\u043d\u043e\u0439 \u0440\u0443\u0447\u043a\u043e\u0439 0,28\u043b \u0441 \u0434\u043e\u0441\u0442\u0430\u0432\u043a\u043e\u0439 \u043f\u043e \u041a\u0438\u0448\u0438\u043d\u0435\u0432\u0443 \u0438 \u0432\u0441\u0435\u0439 \u041c\u043e\u043b\u0434\u043e\u0432\u0435 \u043d\u0430 Pet24\",\"breadcrumb\":{\"@id\":\"https:\\\/\\\/pet24.md\\\/product\\\/miska-panama-pet-dlya-pticz-s-zazhimnoj-ruchkoj-028l\\\/#breadcrumb\"},\"inLanguage\":\"ro-RO\",\"potentialAction\":[{\"@type\":\"ReadAction\",\"target\":[\"https:\\\/\\\/pet24.md\\\/product\\\/miska-panama-pet-dlya-pticz-s-zazhimnoj-ruchkoj-028l\\\/\"]}]},{\"@type\":\"ImageObject\",\"inLanguage\":\"ro-RO\",\"@id\":\"https:\\\/\\\/pet24.md\\\/product\\\/miska-panama-pet-dlya-pticz-s-zazhimnoj-ruchkoj-028l\\\/#primaryimage\",\"url\":\"https:\\\/\\\/pet24.md\\\/wp-content\\\/uploads\\\/2024\\\/09\\\/miska-panama-pet-dlya-pticz-s-zazhimnoj-ruchkoj-028l.webp\",\"contentUrl\":\"https:\\\/\\\/pet24.md\\\/wp-content\\\/uploads\\\/2024\\\/09\\\/miska-panama-pet-dlya-pticz-s-zazhimnoj-ruchkoj-028l.webp\",\"width\":600,\"height\":600,\"caption\":\"miska panama pet dlya pticz s zazhimnoj ruchkoj 028l\"},{\"@type\":\"BreadcrumbList\",\"@id\":\"https:\\\/\\\/pet24.md\\\/product\\\/miska-panama-pet-dlya-pticz-s-zazhimnoj-ruchkoj-028l\\\/#breadcrumb\",\"itemListElement\":[{\"@type\":\"ListItem\",\"position\":1,\"name\":\"\u0413\u043b\u0430\u0432\u043d\u0430\u044f \u0441\u0442\u0440\u0430\u043d\u0438\u0446\u0430\",\"item\":\"https:\\\/\\\/pet24.md\\\/\"},{\"@type\":\"ListItem\",\"position\":2,\"name\":\"\u041c\u0430\u0433\u0430\u0437\u0438\u043d\",\"item\":\"https:\\\/\\\/pet24.md\\\/shop\\\/\"},{\"@type\":\"ListItem\",\"position\":3,\"name\":\"\u041c\u0438\u0441\u043a\u0430 PANAMA PET \u0434\u043b\u044f \u043f\u0442\u0438\u0446 \u0441 \u0437\u0430\u0436\u0438\u043c\u043d\u043e\u0439 \u0440\u0443\u0447\u043a\u043e\u0439 0,28\u043b\"}]},{\"@type\":\"WebSite\",\"@id\":\"https:\\\/\\\/pet24.md\\\/#website\",\"url\":\"https:\\\/\\\/pet24.md\\\/\",\"name\":\"Pet24\",\"description\":\"\u0417\u043e\u043e\u043c\u0430\u0433\u0430\u0437\u0438\u043d \u0442\u043e\u0432\u0430\u0440\u043e\u0432 \u0434\u043b\u044f \u0434\u043e\u043c\u0430\u0448\u043d\u0438\u0445 \u043f\u0438\u0442\u043e\u043c\u0446\u0435\u0432\",\"publisher\":{\"@id\":\"https:\\\/\\\/pet24.md\\\/#organization\"},\"potentialAction\":[{\"@type\":\"SearchAction\",\"target\":{\"@type\":\"EntryPoint\",\"urlTemplate\":\"https:\\\/\\\/pet24.md\\\/?s={search_term_string}\"},\"query-input\":{\"@type\":\"PropertyValueSpecification\",\"valueRequired\":true,\"valueName\":\"search_term_string\"}}],\"inLanguage\":\"ro-RO\"},{\"@type\":\"Organization\",\"@id\":\"https:\\\/\\\/pet24.md\\\/#organization\",\"name\":\"Pet24\",\"url\":\"https:\\\/\\\/pet24.md\\\/\",\"logo\":{\"@type\":\"ImageObject\",\"inLanguage\":\"ro-RO\",\"@id\":\"https:\\\/\\\/pet24.md\\\/#\\\/schema\\\/logo\\\/image\\\/\",\"url\":\"https:\\\/\\\/pet24.md\\\/wp-content\\\/uploads\\\/2024\\\/09\\\/logo.svg\",\"contentUrl\":\"https:\\\/\\\/pet24.md\\\/wp-content\\\/uploads\\\/2024\\\/09\\\/logo.svg\",\"width\":215,\"height\":66,\"caption\":\"Pet24\"},\"image\":{\"@id\":\"https:\\\/\\\/pet24.md\\\/#\\\/schema\\\/logo\\\/image\\\/\"},\"sameAs\":[\"https:\\\/\\\/www.facebook.com\\\/pet24.md\",\"https:\\\/\\\/www.instagram.com\\\/pet24.md\\\/\"],\"telephone\":\"+37360508880\"}]}<\/script>\n<!-- \/ Yoast SEO Premium plugin. -->","yoast_head_json":{"title":"Bol pentru p\u0103s\u0103ri PANAMA PET cu m\u00e2ner clem\u0103 0,28 l","description":"\u041a\u0443\u043f\u0438\u0442\u044c \u041c\u0438\u0441\u043a\u0430 PANAMA PET \u0434\u043b\u044f \u043f\u0442\u0438\u0446 \u0441 \u0437\u0430\u0436\u0438\u043c\u043d\u043e\u0439 \u0440\u0443\u0447\u043a\u043e\u0439 0,28\u043b \u0441 \u0434\u043e\u0441\u0442\u0430\u0432\u043a\u043e\u0439 \u043f\u043e \u041a\u0438\u0448\u0438\u043d\u0435\u0432\u0443 \u0438 \u0432\u0441\u0435\u0439 \u041c\u043e\u043b\u0434\u043e\u0432\u0435 \u043d\u0430 Pet24","robots":{"index":"index","follow":"follow","max-snippet":"max-snippet:-1","max-image-preview":"max-image-preview:large","max-video-preview":"max-video-preview:-1"},"canonical":"https:\/\/pet24.md\/ro\/produs\/miska-panama-pet-dlya-pticz-s-zazhimnoj-ruchkoj-028l\/","og_locale":"ro_RO","og_type":"article","og_title":"\u041c\u0438\u0441\u043a\u0430 PANAMA PET \u0434\u043b\u044f \u043f\u0442\u0438\u0446 \u0441 \u0437\u0430\u0436\u0438\u043c\u043d\u043e\u0439 \u0440\u0443\u0447\u043a\u043e\u0439 0,28\u043b","og_description":"\u041a\u0443\u043f\u0438\u0442\u044c \u041c\u0438\u0441\u043a\u0430 PANAMA PET \u0434\u043b\u044f \u043f\u0442\u0438\u0446 \u0441 \u0437\u0430\u0436\u0438\u043c\u043d\u043e\u0439 \u0440\u0443\u0447\u043a\u043e\u0439 0,28\u043b \u0441 \u0434\u043e\u0441\u0442\u0430\u0432\u043a\u043e\u0439 \u043f\u043e \u041a\u0438\u0448\u0438\u043d\u0435\u0432\u0443 \u0438 \u0432\u0441\u0435\u0439 \u041c\u043e\u043b\u0434\u043e\u0432\u0435 \u043d\u0430 Pet24","og_url":"https:\/\/pet24.md\/ro\/produs\/miska-panama-pet-dlya-pticz-s-zazhimnoj-ruchkoj-028l\/","og_site_name":"Pet24","article_publisher":"https:\/\/www.facebook.com\/pet24.md","article_modified_time":"2024-09-22T22:13:54+00:00","og_image":[{"width":600,"height":600,"url":"https:\/\/pet24.md\/wp-content\/uploads\/2024\/09\/miska-panama-pet-dlya-pticz-s-zazhimnoj-ruchkoj-028l.webp","type":"image\/webp"}],"twitter_card":"summary_large_image","schema":{"@context":"https:\/\/schema.org","@graph":[{"@type":"WebPage","@id":"https:\/\/pet24.md\/product\/miska-panama-pet-dlya-pticz-s-zazhimnoj-ruchkoj-028l\/","url":"https:\/\/pet24.md\/product\/miska-panama-pet-dlya-pticz-s-zazhimnoj-ruchkoj-028l\/","name":"Bol pentru p\u0103s\u0103ri PANAMA PET cu m\u00e2ner clem\u0103 0,28 l","isPartOf":{"@id":"https:\/\/pet24.md\/#website"},"primaryImageOfPage":{"@id":"https:\/\/pet24.md\/product\/miska-panama-pet-dlya-pticz-s-zazhimnoj-ruchkoj-028l\/#primaryimage"},"image":{"@id":"https:\/\/pet24.md\/product\/miska-panama-pet-dlya-pticz-s-zazhimnoj-ruchkoj-028l\/#primaryimage"},"thumbnailUrl":"https:\/\/pet24.md\/wp-content\/uploads\/2024\/09\/miska-panama-pet-dlya-pticz-s-zazhimnoj-ruchkoj-028l.webp","datePublished":"2023-10-18T14:02:49+00:00","dateModified":"2024-09-22T22:13:54+00:00","description":"\u041a\u0443\u043f\u0438\u0442\u044c \u041c\u0438\u0441\u043a\u0430 PANAMA PET \u0434\u043b\u044f \u043f\u0442\u0438\u0446 \u0441 \u0437\u0430\u0436\u0438\u043c\u043d\u043e\u0439 \u0440\u0443\u0447\u043a\u043e\u0439 0,28\u043b \u0441 \u0434\u043e\u0441\u0442\u0430\u0432\u043a\u043e\u0439 \u043f\u043e \u041a\u0438\u0448\u0438\u043d\u0435\u0432\u0443 \u0438 \u0432\u0441\u0435\u0439 \u041c\u043e\u043b\u0434\u043e\u0432\u0435 \u043d\u0430 Pet24","breadcrumb":{"@id":"https:\/\/pet24.md\/product\/miska-panama-pet-dlya-pticz-s-zazhimnoj-ruchkoj-028l\/#breadcrumb"},"inLanguage":"ro-RO","potentialAction":[{"@type":"ReadAction","target":["https:\/\/pet24.md\/product\/miska-panama-pet-dlya-pticz-s-zazhimnoj-ruchkoj-028l\/"]}]},{"@type":"ImageObject","inLanguage":"ro-RO","@id":"https:\/\/pet24.md\/product\/miska-panama-pet-dlya-pticz-s-zazhimnoj-ruchkoj-028l\/#primaryimage","url":"https:\/\/pet24.md\/wp-content\/uploads\/2024\/09\/miska-panama-pet-dlya-pticz-s-zazhimnoj-ruchkoj-028l.webp","contentUrl":"https:\/\/pet24.md\/wp-content\/uploads\/2024\/09\/miska-panama-pet-dlya-pticz-s-zazhimnoj-ruchkoj-028l.webp","width":600,"height":600,"caption":"miska panama pet dlya pticz s zazhimnoj ruchkoj 028l"},{"@type":"BreadcrumbList","@id":"https:\/\/pet24.md\/product\/miska-panama-pet-dlya-pticz-s-zazhimnoj-ruchkoj-028l\/#breadcrumb","itemListElement":[{"@type":"ListItem","position":1,"name":"\u0413\u043b\u0430\u0432\u043d\u0430\u044f \u0441\u0442\u0440\u0430\u043d\u0438\u0446\u0430","item":"https:\/\/pet24.md\/"},{"@type":"ListItem","position":2,"name":"\u041c\u0430\u0433\u0430\u0437\u0438\u043d","item":"https:\/\/pet24.md\/shop\/"},{"@type":"ListItem","position":3,"name":"\u041c\u0438\u0441\u043a\u0430 PANAMA PET \u0434\u043b\u044f \u043f\u0442\u0438\u0446 \u0441 \u0437\u0430\u0436\u0438\u043c\u043d\u043e\u0439 \u0440\u0443\u0447\u043a\u043e\u0439 0,28\u043b"}]},{"@type":"WebSite","@id":"https:\/\/pet24.md\/#website","url":"https:\/\/pet24.md\/","name":"Pet24","description":"Magazin de animale de companie","publisher":{"@id":"https:\/\/pet24.md\/#organization"},"potentialAction":[{"@type":"SearchAction","target":{"@type":"EntryPoint","urlTemplate":"https:\/\/pet24.md\/?s={search_term_string}"},"query-input":{"@type":"PropertyValueSpecification","valueRequired":true,"valueName":"search_term_string"}}],"inLanguage":"ro-RO"},{"@type":"Organization","@id":"https:\/\/pet24.md\/#organization","name":"Pet24","url":"https:\/\/pet24.md\/","logo":{"@type":"ImageObject","inLanguage":"ro-RO","@id":"https:\/\/pet24.md\/#\/schema\/logo\/image\/","url":"https:\/\/pet24.md\/wp-content\/uploads\/2024\/09\/logo.svg","contentUrl":"https:\/\/pet24.md\/wp-content\/uploads\/2024\/09\/logo.svg","width":215,"height":66,"caption":"Pet24"},"image":{"@id":"https:\/\/pet24.md\/#\/schema\/logo\/image\/"},"sameAs":["https:\/\/www.facebook.com\/pet24.md","https:\/\/www.instagram.com\/pet24.md\/"],"telephone":"+37360508880"}]}},"_links":{"self":[{"href":"https:\/\/pet24.md\/ro\/wp-json\/wp\/v2\/product\/33941","targetHints":{"allow":["GET"]}}],"collection":[{"href":"https:\/\/pet24.md\/ro\/wp-json\/wp\/v2\/product"}],"about":[{"href":"https:\/\/pet24.md\/ro\/wp-json\/wp\/v2\/types\/product"}],"replies":[{"embeddable":true,"href":"https:\/\/pet24.md\/ro\/wp-json\/wp\/v2\/comments?post=33941"}],"wp:featuredmedia":[{"embeddable":true,"href":"https:\/\/pet24.md\/ro\/wp-json\/wp\/v2\/media\/90414"}],"wp:attachment":[{"href":"https:\/\/pet24.md\/ro\/wp-json\/wp\/v2\/media?parent=33941"}],"wp:term":[{"taxonomy":"product_brand","embeddable":true,"href":"https:\/\/pet24.md\/ro\/wp-json\/wp\/v2\/product_brand?post=33941"},{"taxonomy":"product_cat","embeddable":true,"href":"https:\/\/pet24.md\/ro\/wp-json\/wp\/v2\/product_cat?post=33941"},{"taxonomy":"product_tag","embeddable":true,"href":"https:\/\/pet24.md\/ro\/wp-json\/wp\/v2\/product_tag?post=33941"}],"curies":[{"name":"wp","href":"https:\/\/api.w.org\/{rel}","templated":true}]}}