{"id":35177,"date":"2023-12-22T17:57:00","date_gmt":"2023-12-22T17:57:00","guid":{"rendered":"https:\/\/pet24.md\/?post_type=product&#038;p=35177"},"modified":"2024-09-22T22:14:01","modified_gmt":"2024-09-22T22:14:01","slug":"oshejnik-dlya-sobak-vodostojkij-waudog-waterproof-s-qr-pasportom-svetootrazhayushhij-metallicheskaya-pryazhka-fasteks-m-sh-20-mm-dl-28-40-sm-seryj","status":"publish","type":"product","link":"https:\/\/pet24.md\/ro\/produs\/oshejnik-dlya-sobak-vodostojkij-waudog-waterproof-s-qr-pasportom-svetootrazhayushhij-metallicheskaya-pryazhka-fasteks-m-sh-20-mm-dl-28-40-sm-seryj\/","title":{"rendered":"Guler reflectorizant impermeabil WAUDOG, QR, M, 20 mm, 28-40 cm, gri"},"content":{"rendered":"<h1>Guler reflectorizant impermeabil pentru c\u00e2ini<\/h1>\n<p>Guler reflectorizant pentru c\u00e2ini, rezistent la ap\u0103, realizat din material inovator COLLARTEX.<\/p>\n<h3>Avantaje:<\/h3>\n<ul>\n<li><strong>Vizibilitate crescut\u0103<\/strong>: M\u0103re\u0219te vizibilitatea c\u00e2inelui de peste zece ori \u00een \u00eentuneric.<\/li>\n<li><strong>Pa\u0219aport QR inteligent<\/strong>: Disponibilitatea unei etichete \u201einteligente\u201d cu un pa\u0219aport QR.<\/li>\n<li><strong>Impermeabil \u0219i rezistent la murd\u0103rie<\/strong>: Nu se teme de ap\u0103 \u0219i murd\u0103rie, u\u0219or de cur\u0103\u021bat.<\/li>\n<\/ul>","protected":false},"excerpt":{"rendered":"<p>\u0412\u043e\u0434\u043e\u043d\u0435\u043f\u0440\u043e\u043d\u0438\u0446\u0430\u0435\u043c\u044b\u0439 \u0441\u0432\u0435\u0442\u043e\u043e\u0442\u0440\u0430\u0436\u0430\u044e\u0449\u0438\u0439 \u043e\u0448\u0435\u0439\u043d\u0438\u043a \u0434\u043b\u044f \u0441\u043e\u0431\u0430\u043a \u0412\u043e\u0434\u043e\u043d\u0435\u043f\u0440\u043e\u043d\u0438\u0446\u0430\u0435\u043c\u044b\u0439 \u0441\u0432\u0435\u0442\u043e\u043e\u0442\u0440\u0430\u0436\u0430\u044e\u0449\u0438\u0439 \u043e\u0448\u0435\u0439\u043d\u0438\u043a \u0434\u043b\u044f \u0441\u043e\u0431\u0430\u043a, \u0438\u0437\u0433\u043e\u0442\u043e\u0432\u043b\u0435\u043d\u043d\u044b\u0439 \u0438\u0437 \u0438\u043d\u043d\u043e\u0432\u0430\u0446\u0438\u043e\u043d\u043d\u043e\u0433\u043e \u043c\u0430\u0442\u0435\u0440\u0438\u0430\u043b\u0430 COLLARTEX. \u041f\u0440\u0435\u0438\u043c\u0443\u0449\u0435\u0441\u0442\u0432\u0430: \u041f\u043e\u0432\u044b\u0448\u0435\u043d\u043d\u0430\u044f \u0432\u0438\u0434\u0438\u043c\u043e\u0441\u0442\u044c: \u041f\u043e\u0432\u044b\u0448\u0430\u0435\u0442 \u0432\u0438\u0434\u0438\u043c\u043e\u0441\u0442\u044c \u0441\u043e\u0431\u0430\u043a\u0438 \u0431\u043e\u043b\u0435\u0435&hellip;<\/p>","protected":false},"featured_media":90453,"comment_status":"closed","ping_status":"closed","template":"","meta":[],"product_brand":[],"product_cat":[136,137,257],"product_tag":[],"class_list":{"0":"post-35177","1":"product","2":"type-product","3":"status-publish","4":"has-post-thumbnail","6":"product_cat-dog","7":"product_cat-dogs-ammunition","8":"product_cat-dog-collar","9":"pa_age-pet-lyuboj-vozrast","10":"pa_brand-waudog-waterproof","11":"pa_dlina-sm-28-40-sm","12":"pa_material-collartex","13":"pa_pet-sobaka","14":"pa_shirina-20-mm","15":"pa_size-m","17":"first","18":"outofstock","19":"product-type-simple"},"yoast_head":"<!-- This site is optimized with the Yoast SEO Premium plugin v23.7 (Yoast SEO v27.6) - https:\/\/yoast.com\/product\/yoast-seo-premium-wordpress\/ -->\n<title>WAUDOG \u0412\u043e\u0434\u043e\u043d\u0435\u043f\u0440\u043e\u043d\u0438\u0446\u0430\u0435\u043c\u044b\u0439 \u0441\u0432\u0435\u0442\u043e\u043e\u0442\u0440\u0430\u0436\u0430\u044e\u0449\u0438\u0439 \u043e\u0448\u0435\u0439\u043d\u0438\u043a, QR, M, 20 \u043c\u043c, 28-40 \u0441\u043c, \u0441\u0435\u0440\u044b\u0439<\/title>\n<meta name=\"description\" content=\"\u041a\u0443\u043f\u0438\u0442\u044c WAUDOG \u0412\u043e\u0434\u043e\u043d\u0435\u043f\u0440\u043e\u043d\u0438\u0446\u0430\u0435\u043c\u044b\u0439 \u0441\u0432\u0435\u0442\u043e\u043e\u0442\u0440\u0430\u0436\u0430\u044e\u0449\u0438\u0439 \u043e\u0448\u0435\u0439\u043d\u0438\u043a, QR, M, 20 \u043c\u043c, 28-40 \u0441\u043c, \u0441\u0435\u0440\u044b\u0439 \u0441 \u0434\u043e\u0441\u0442\u0430\u0432\u043a\u043e\u0439 \u043f\u043e \u041a\u0438\u0448\u0438\u043d\u0435\u0432\u0443 \u0438 \u0432\u0441\u0435\u0439 \u041c\u043e\u043b\u0434\u043e\u0432\u0435 \u043d\u0430 Pet24\" \/>\n<meta name=\"robots\" content=\"index, follow, max-snippet:-1, max-image-preview:large, max-video-preview:-1\" \/>\n<link rel=\"canonical\" href=\"https:\/\/pet24.md\/ro\/produs\/oshejnik-dlya-sobak-vodostojkij-waudog-waterproof-s-qr-pasportom-svetootrazhayushhij-metallicheskaya-pryazhka-fasteks-m-sh-20-mm-dl-28-40-sm-seryj\/\" \/>\n<meta property=\"og:locale\" content=\"ro_RO\" \/>\n<meta property=\"og:type\" content=\"article\" \/>\n<meta property=\"og:title\" content=\"WAUDOG \u0412\u043e\u0434\u043e\u043d\u0435\u043f\u0440\u043e\u043d\u0438\u0446\u0430\u0435\u043c\u044b\u0439 \u0441\u0432\u0435\u0442\u043e\u043e\u0442\u0440\u0430\u0436\u0430\u044e\u0449\u0438\u0439 \u043e\u0448\u0435\u0439\u043d\u0438\u043a, QR, M, 20 \u043c\u043c, 28-40 \u0441\u043c, \u0441\u0435\u0440\u044b\u0439\" \/>\n<meta property=\"og:description\" content=\"\u041a\u0443\u043f\u0438\u0442\u044c WAUDOG \u0412\u043e\u0434\u043e\u043d\u0435\u043f\u0440\u043e\u043d\u0438\u0446\u0430\u0435\u043c\u044b\u0439 \u0441\u0432\u0435\u0442\u043e\u043e\u0442\u0440\u0430\u0436\u0430\u044e\u0449\u0438\u0439 \u043e\u0448\u0435\u0439\u043d\u0438\u043a, QR, M, 20 \u043c\u043c, 28-40 \u0441\u043c, \u0441\u0435\u0440\u044b\u0439 \u0441 \u0434\u043e\u0441\u0442\u0430\u0432\u043a\u043e\u0439 \u043f\u043e \u041a\u0438\u0448\u0438\u043d\u0435\u0432\u0443 \u0438 \u0432\u0441\u0435\u0439 \u041c\u043e\u043b\u0434\u043e\u0432\u0435 \u043d\u0430 Pet24\" \/>\n<meta property=\"og:url\" content=\"https:\/\/pet24.md\/ro\/produs\/oshejnik-dlya-sobak-vodostojkij-waudog-waterproof-s-qr-pasportom-svetootrazhayushhij-metallicheskaya-pryazhka-fasteks-m-sh-20-mm-dl-28-40-sm-seryj\/\" \/>\n<meta property=\"og:site_name\" content=\"Pet24\" \/>\n<meta property=\"article:publisher\" content=\"https:\/\/www.facebook.com\/pet24.md\" \/>\n<meta property=\"article:modified_time\" content=\"2024-09-22T22:14:01+00:00\" \/>\n<meta property=\"og:image\" content=\"https:\/\/pet24.md\/wp-content\/uploads\/2024\/09\/oshejnik-dlya-sobak-vodostojkij-waudog-waterproof-s-qr-pasportom-svetootrazhayushhij-metallicheskaya-pryazhka-fasteks-m-sh-20-mm-dl-28-40-sm-seryj.webp\" \/>\n\t<meta property=\"og:image:width\" content=\"600\" \/>\n\t<meta property=\"og:image:height\" content=\"600\" \/>\n\t<meta property=\"og:image:type\" content=\"image\/webp\" \/>\n<meta name=\"twitter:card\" content=\"summary_large_image\" \/>\n<script type=\"application\/ld+json\" class=\"yoast-schema-graph\">{\"@context\":\"https:\\\/\\\/schema.org\",\"@graph\":[{\"@type\":\"WebPage\",\"@id\":\"https:\\\/\\\/pet24.md\\\/product\\\/oshejnik-dlya-sobak-vodostojkij-waudog-waterproof-s-qr-pasportom-svetootrazhayushhij-metallicheskaya-pryazhka-fasteks-m-sh-20-mm-dl-28-40-sm-seryj\\\/\",\"url\":\"https:\\\/\\\/pet24.md\\\/product\\\/oshejnik-dlya-sobak-vodostojkij-waudog-waterproof-s-qr-pasportom-svetootrazhayushhij-metallicheskaya-pryazhka-fasteks-m-sh-20-mm-dl-28-40-sm-seryj\\\/\",\"name\":\"WAUDOG \u0412\u043e\u0434\u043e\u043d\u0435\u043f\u0440\u043e\u043d\u0438\u0446\u0430\u0435\u043c\u044b\u0439 \u0441\u0432\u0435\u0442\u043e\u043e\u0442\u0440\u0430\u0436\u0430\u044e\u0449\u0438\u0439 \u043e\u0448\u0435\u0439\u043d\u0438\u043a, QR, M, 20 \u043c\u043c, 28-40 \u0441\u043c, \u0441\u0435\u0440\u044b\u0439\",\"isPartOf\":{\"@id\":\"https:\\\/\\\/pet24.md\\\/#website\"},\"primaryImageOfPage\":{\"@id\":\"https:\\\/\\\/pet24.md\\\/product\\\/oshejnik-dlya-sobak-vodostojkij-waudog-waterproof-s-qr-pasportom-svetootrazhayushhij-metallicheskaya-pryazhka-fasteks-m-sh-20-mm-dl-28-40-sm-seryj\\\/#primaryimage\"},\"image\":{\"@id\":\"https:\\\/\\\/pet24.md\\\/product\\\/oshejnik-dlya-sobak-vodostojkij-waudog-waterproof-s-qr-pasportom-svetootrazhayushhij-metallicheskaya-pryazhka-fasteks-m-sh-20-mm-dl-28-40-sm-seryj\\\/#primaryimage\"},\"thumbnailUrl\":\"https:\\\/\\\/pet24.md\\\/wp-content\\\/uploads\\\/2024\\\/09\\\/oshejnik-dlya-sobak-vodostojkij-waudog-waterproof-s-qr-pasportom-svetootrazhayushhij-metallicheskaya-pryazhka-fasteks-m-sh-20-mm-dl-28-40-sm-seryj.webp\",\"datePublished\":\"2023-12-22T17:57:00+00:00\",\"dateModified\":\"2024-09-22T22:14:01+00:00\",\"description\":\"\u041a\u0443\u043f\u0438\u0442\u044c WAUDOG \u0412\u043e\u0434\u043e\u043d\u0435\u043f\u0440\u043e\u043d\u0438\u0446\u0430\u0435\u043c\u044b\u0439 \u0441\u0432\u0435\u0442\u043e\u043e\u0442\u0440\u0430\u0436\u0430\u044e\u0449\u0438\u0439 \u043e\u0448\u0435\u0439\u043d\u0438\u043a, QR, M, 20 \u043c\u043c, 28-40 \u0441\u043c, \u0441\u0435\u0440\u044b\u0439 \u0441 \u0434\u043e\u0441\u0442\u0430\u0432\u043a\u043e\u0439 \u043f\u043e \u041a\u0438\u0448\u0438\u043d\u0435\u0432\u0443 \u0438 \u0432\u0441\u0435\u0439 \u041c\u043e\u043b\u0434\u043e\u0432\u0435 \u043d\u0430 Pet24\",\"breadcrumb\":{\"@id\":\"https:\\\/\\\/pet24.md\\\/product\\\/oshejnik-dlya-sobak-vodostojkij-waudog-waterproof-s-qr-pasportom-svetootrazhayushhij-metallicheskaya-pryazhka-fasteks-m-sh-20-mm-dl-28-40-sm-seryj\\\/#breadcrumb\"},\"inLanguage\":\"ro-RO\",\"potentialAction\":[{\"@type\":\"ReadAction\",\"target\":[\"https:\\\/\\\/pet24.md\\\/product\\\/oshejnik-dlya-sobak-vodostojkij-waudog-waterproof-s-qr-pasportom-svetootrazhayushhij-metallicheskaya-pryazhka-fasteks-m-sh-20-mm-dl-28-40-sm-seryj\\\/\"]}]},{\"@type\":\"ImageObject\",\"inLanguage\":\"ro-RO\",\"@id\":\"https:\\\/\\\/pet24.md\\\/product\\\/oshejnik-dlya-sobak-vodostojkij-waudog-waterproof-s-qr-pasportom-svetootrazhayushhij-metallicheskaya-pryazhka-fasteks-m-sh-20-mm-dl-28-40-sm-seryj\\\/#primaryimage\",\"url\":\"https:\\\/\\\/pet24.md\\\/wp-content\\\/uploads\\\/2024\\\/09\\\/oshejnik-dlya-sobak-vodostojkij-waudog-waterproof-s-qr-pasportom-svetootrazhayushhij-metallicheskaya-pryazhka-fasteks-m-sh-20-mm-dl-28-40-sm-seryj.webp\",\"contentUrl\":\"https:\\\/\\\/pet24.md\\\/wp-content\\\/uploads\\\/2024\\\/09\\\/oshejnik-dlya-sobak-vodostojkij-waudog-waterproof-s-qr-pasportom-svetootrazhayushhij-metallicheskaya-pryazhka-fasteks-m-sh-20-mm-dl-28-40-sm-seryj.webp\",\"width\":600,\"height\":600,\"caption\":\"oshejnik dlya sobak vodostojkij waudog waterproof s qr pasportom svetootrazhayushhij metallicheskaya pryazhka fasteks m sh 20 mm dl 28 40 sm seryj.jpg\"},{\"@type\":\"BreadcrumbList\",\"@id\":\"https:\\\/\\\/pet24.md\\\/product\\\/oshejnik-dlya-sobak-vodostojkij-waudog-waterproof-s-qr-pasportom-svetootrazhayushhij-metallicheskaya-pryazhka-fasteks-m-sh-20-mm-dl-28-40-sm-seryj\\\/#breadcrumb\",\"itemListElement\":[{\"@type\":\"ListItem\",\"position\":1,\"name\":\"\u0413\u043b\u0430\u0432\u043d\u0430\u044f \u0441\u0442\u0440\u0430\u043d\u0438\u0446\u0430\",\"item\":\"https:\\\/\\\/pet24.md\\\/\"},{\"@type\":\"ListItem\",\"position\":2,\"name\":\"\u041c\u0430\u0433\u0430\u0437\u0438\u043d\",\"item\":\"https:\\\/\\\/pet24.md\\\/shop\\\/\"},{\"@type\":\"ListItem\",\"position\":3,\"name\":\"WAUDOG \u0412\u043e\u0434\u043e\u043d\u0435\u043f\u0440\u043e\u043d\u0438\u0446\u0430\u0435\u043c\u044b\u0439 \u0441\u0432\u0435\u0442\u043e\u043e\u0442\u0440\u0430\u0436\u0430\u044e\u0449\u0438\u0439 \u043e\u0448\u0435\u0439\u043d\u0438\u043a, QR, M, 20 \u043c\u043c, 28-40 \u0441\u043c, \u0441\u0435\u0440\u044b\u0439\"}]},{\"@type\":\"WebSite\",\"@id\":\"https:\\\/\\\/pet24.md\\\/#website\",\"url\":\"https:\\\/\\\/pet24.md\\\/\",\"name\":\"Pet24\",\"description\":\"\u0417\u043e\u043e\u043c\u0430\u0433\u0430\u0437\u0438\u043d \u0442\u043e\u0432\u0430\u0440\u043e\u0432 \u0434\u043b\u044f \u0434\u043e\u043c\u0430\u0448\u043d\u0438\u0445 \u043f\u0438\u0442\u043e\u043c\u0446\u0435\u0432\",\"publisher\":{\"@id\":\"https:\\\/\\\/pet24.md\\\/#organization\"},\"potentialAction\":[{\"@type\":\"SearchAction\",\"target\":{\"@type\":\"EntryPoint\",\"urlTemplate\":\"https:\\\/\\\/pet24.md\\\/?s={search_term_string}\"},\"query-input\":{\"@type\":\"PropertyValueSpecification\",\"valueRequired\":true,\"valueName\":\"search_term_string\"}}],\"inLanguage\":\"ro-RO\"},{\"@type\":\"Organization\",\"@id\":\"https:\\\/\\\/pet24.md\\\/#organization\",\"name\":\"Pet24\",\"url\":\"https:\\\/\\\/pet24.md\\\/\",\"logo\":{\"@type\":\"ImageObject\",\"inLanguage\":\"ro-RO\",\"@id\":\"https:\\\/\\\/pet24.md\\\/#\\\/schema\\\/logo\\\/image\\\/\",\"url\":\"https:\\\/\\\/pet24.md\\\/wp-content\\\/uploads\\\/2024\\\/09\\\/logo.svg\",\"contentUrl\":\"https:\\\/\\\/pet24.md\\\/wp-content\\\/uploads\\\/2024\\\/09\\\/logo.svg\",\"width\":215,\"height\":66,\"caption\":\"Pet24\"},\"image\":{\"@id\":\"https:\\\/\\\/pet24.md\\\/#\\\/schema\\\/logo\\\/image\\\/\"},\"sameAs\":[\"https:\\\/\\\/www.facebook.com\\\/pet24.md\",\"https:\\\/\\\/www.instagram.com\\\/pet24.md\\\/\"],\"telephone\":\"+37360508880\"}]}<\/script>\n<!-- \/ Yoast SEO Premium plugin. -->","yoast_head_json":{"title":"Guler reflectorizant impermeabil WAUDOG, QR, M, 20 mm, 28-40 cm, gri","description":"\u041a\u0443\u043f\u0438\u0442\u044c WAUDOG \u0412\u043e\u0434\u043e\u043d\u0435\u043f\u0440\u043e\u043d\u0438\u0446\u0430\u0435\u043c\u044b\u0439 \u0441\u0432\u0435\u0442\u043e\u043e\u0442\u0440\u0430\u0436\u0430\u044e\u0449\u0438\u0439 \u043e\u0448\u0435\u0439\u043d\u0438\u043a, QR, M, 20 \u043c\u043c, 28-40 \u0441\u043c, \u0441\u0435\u0440\u044b\u0439 \u0441 \u0434\u043e\u0441\u0442\u0430\u0432\u043a\u043e\u0439 \u043f\u043e \u041a\u0438\u0448\u0438\u043d\u0435\u0432\u0443 \u0438 \u0432\u0441\u0435\u0439 \u041c\u043e\u043b\u0434\u043e\u0432\u0435 \u043d\u0430 Pet24","robots":{"index":"index","follow":"follow","max-snippet":"max-snippet:-1","max-image-preview":"max-image-preview:large","max-video-preview":"max-video-preview:-1"},"canonical":"https:\/\/pet24.md\/ro\/produs\/oshejnik-dlya-sobak-vodostojkij-waudog-waterproof-s-qr-pasportom-svetootrazhayushhij-metallicheskaya-pryazhka-fasteks-m-sh-20-mm-dl-28-40-sm-seryj\/","og_locale":"ro_RO","og_type":"article","og_title":"WAUDOG \u0412\u043e\u0434\u043e\u043d\u0435\u043f\u0440\u043e\u043d\u0438\u0446\u0430\u0435\u043c\u044b\u0439 \u0441\u0432\u0435\u0442\u043e\u043e\u0442\u0440\u0430\u0436\u0430\u044e\u0449\u0438\u0439 \u043e\u0448\u0435\u0439\u043d\u0438\u043a, QR, M, 20 \u043c\u043c, 28-40 \u0441\u043c, \u0441\u0435\u0440\u044b\u0439","og_description":"\u041a\u0443\u043f\u0438\u0442\u044c WAUDOG \u0412\u043e\u0434\u043e\u043d\u0435\u043f\u0440\u043e\u043d\u0438\u0446\u0430\u0435\u043c\u044b\u0439 \u0441\u0432\u0435\u0442\u043e\u043e\u0442\u0440\u0430\u0436\u0430\u044e\u0449\u0438\u0439 \u043e\u0448\u0435\u0439\u043d\u0438\u043a, QR, M, 20 \u043c\u043c, 28-40 \u0441\u043c, \u0441\u0435\u0440\u044b\u0439 \u0441 \u0434\u043e\u0441\u0442\u0430\u0432\u043a\u043e\u0439 \u043f\u043e \u041a\u0438\u0448\u0438\u043d\u0435\u0432\u0443 \u0438 \u0432\u0441\u0435\u0439 \u041c\u043e\u043b\u0434\u043e\u0432\u0435 \u043d\u0430 Pet24","og_url":"https:\/\/pet24.md\/ro\/produs\/oshejnik-dlya-sobak-vodostojkij-waudog-waterproof-s-qr-pasportom-svetootrazhayushhij-metallicheskaya-pryazhka-fasteks-m-sh-20-mm-dl-28-40-sm-seryj\/","og_site_name":"Pet24","article_publisher":"https:\/\/www.facebook.com\/pet24.md","article_modified_time":"2024-09-22T22:14:01+00:00","og_image":[{"width":600,"height":600,"url":"https:\/\/pet24.md\/wp-content\/uploads\/2024\/09\/oshejnik-dlya-sobak-vodostojkij-waudog-waterproof-s-qr-pasportom-svetootrazhayushhij-metallicheskaya-pryazhka-fasteks-m-sh-20-mm-dl-28-40-sm-seryj.webp","type":"image\/webp"}],"twitter_card":"summary_large_image","schema":{"@context":"https:\/\/schema.org","@graph":[{"@type":"WebPage","@id":"https:\/\/pet24.md\/product\/oshejnik-dlya-sobak-vodostojkij-waudog-waterproof-s-qr-pasportom-svetootrazhayushhij-metallicheskaya-pryazhka-fasteks-m-sh-20-mm-dl-28-40-sm-seryj\/","url":"https:\/\/pet24.md\/product\/oshejnik-dlya-sobak-vodostojkij-waudog-waterproof-s-qr-pasportom-svetootrazhayushhij-metallicheskaya-pryazhka-fasteks-m-sh-20-mm-dl-28-40-sm-seryj\/","name":"Guler reflectorizant impermeabil WAUDOG, QR, M, 20 mm, 28-40 cm, gri","isPartOf":{"@id":"https:\/\/pet24.md\/#website"},"primaryImageOfPage":{"@id":"https:\/\/pet24.md\/product\/oshejnik-dlya-sobak-vodostojkij-waudog-waterproof-s-qr-pasportom-svetootrazhayushhij-metallicheskaya-pryazhka-fasteks-m-sh-20-mm-dl-28-40-sm-seryj\/#primaryimage"},"image":{"@id":"https:\/\/pet24.md\/product\/oshejnik-dlya-sobak-vodostojkij-waudog-waterproof-s-qr-pasportom-svetootrazhayushhij-metallicheskaya-pryazhka-fasteks-m-sh-20-mm-dl-28-40-sm-seryj\/#primaryimage"},"thumbnailUrl":"https:\/\/pet24.md\/wp-content\/uploads\/2024\/09\/oshejnik-dlya-sobak-vodostojkij-waudog-waterproof-s-qr-pasportom-svetootrazhayushhij-metallicheskaya-pryazhka-fasteks-m-sh-20-mm-dl-28-40-sm-seryj.webp","datePublished":"2023-12-22T17:57:00+00:00","dateModified":"2024-09-22T22:14:01+00:00","description":"\u041a\u0443\u043f\u0438\u0442\u044c WAUDOG \u0412\u043e\u0434\u043e\u043d\u0435\u043f\u0440\u043e\u043d\u0438\u0446\u0430\u0435\u043c\u044b\u0439 \u0441\u0432\u0435\u0442\u043e\u043e\u0442\u0440\u0430\u0436\u0430\u044e\u0449\u0438\u0439 \u043e\u0448\u0435\u0439\u043d\u0438\u043a, QR, M, 20 \u043c\u043c, 28-40 \u0441\u043c, \u0441\u0435\u0440\u044b\u0439 \u0441 \u0434\u043e\u0441\u0442\u0430\u0432\u043a\u043e\u0439 \u043f\u043e \u041a\u0438\u0448\u0438\u043d\u0435\u0432\u0443 \u0438 \u0432\u0441\u0435\u0439 \u041c\u043e\u043b\u0434\u043e\u0432\u0435 \u043d\u0430 Pet24","breadcrumb":{"@id":"https:\/\/pet24.md\/product\/oshejnik-dlya-sobak-vodostojkij-waudog-waterproof-s-qr-pasportom-svetootrazhayushhij-metallicheskaya-pryazhka-fasteks-m-sh-20-mm-dl-28-40-sm-seryj\/#breadcrumb"},"inLanguage":"ro-RO","potentialAction":[{"@type":"ReadAction","target":["https:\/\/pet24.md\/product\/oshejnik-dlya-sobak-vodostojkij-waudog-waterproof-s-qr-pasportom-svetootrazhayushhij-metallicheskaya-pryazhka-fasteks-m-sh-20-mm-dl-28-40-sm-seryj\/"]}]},{"@type":"ImageObject","inLanguage":"ro-RO","@id":"https:\/\/pet24.md\/product\/oshejnik-dlya-sobak-vodostojkij-waudog-waterproof-s-qr-pasportom-svetootrazhayushhij-metallicheskaya-pryazhka-fasteks-m-sh-20-mm-dl-28-40-sm-seryj\/#primaryimage","url":"https:\/\/pet24.md\/wp-content\/uploads\/2024\/09\/oshejnik-dlya-sobak-vodostojkij-waudog-waterproof-s-qr-pasportom-svetootrazhayushhij-metallicheskaya-pryazhka-fasteks-m-sh-20-mm-dl-28-40-sm-seryj.webp","contentUrl":"https:\/\/pet24.md\/wp-content\/uploads\/2024\/09\/oshejnik-dlya-sobak-vodostojkij-waudog-waterproof-s-qr-pasportom-svetootrazhayushhij-metallicheskaya-pryazhka-fasteks-m-sh-20-mm-dl-28-40-sm-seryj.webp","width":600,"height":600,"caption":"oshejnik dlya sobak vodostojkij waudog waterproof s qr pasportom svetootrazhayushhij metallicheskaya pryazhka fasteks m sh 20 mm dl 28 40 sm seryj.jpg"},{"@type":"BreadcrumbList","@id":"https:\/\/pet24.md\/product\/oshejnik-dlya-sobak-vodostojkij-waudog-waterproof-s-qr-pasportom-svetootrazhayushhij-metallicheskaya-pryazhka-fasteks-m-sh-20-mm-dl-28-40-sm-seryj\/#breadcrumb","itemListElement":[{"@type":"ListItem","position":1,"name":"\u0413\u043b\u0430\u0432\u043d\u0430\u044f \u0441\u0442\u0440\u0430\u043d\u0438\u0446\u0430","item":"https:\/\/pet24.md\/"},{"@type":"ListItem","position":2,"name":"\u041c\u0430\u0433\u0430\u0437\u0438\u043d","item":"https:\/\/pet24.md\/shop\/"},{"@type":"ListItem","position":3,"name":"WAUDOG \u0412\u043e\u0434\u043e\u043d\u0435\u043f\u0440\u043e\u043d\u0438\u0446\u0430\u0435\u043c\u044b\u0439 \u0441\u0432\u0435\u0442\u043e\u043e\u0442\u0440\u0430\u0436\u0430\u044e\u0449\u0438\u0439 \u043e\u0448\u0435\u0439\u043d\u0438\u043a, QR, M, 20 \u043c\u043c, 28-40 \u0441\u043c, \u0441\u0435\u0440\u044b\u0439"}]},{"@type":"WebSite","@id":"https:\/\/pet24.md\/#website","url":"https:\/\/pet24.md\/","name":"Pet24","description":"Magazin de animale de companie","publisher":{"@id":"https:\/\/pet24.md\/#organization"},"potentialAction":[{"@type":"SearchAction","target":{"@type":"EntryPoint","urlTemplate":"https:\/\/pet24.md\/?s={search_term_string}"},"query-input":{"@type":"PropertyValueSpecification","valueRequired":true,"valueName":"search_term_string"}}],"inLanguage":"ro-RO"},{"@type":"Organization","@id":"https:\/\/pet24.md\/#organization","name":"Pet24","url":"https:\/\/pet24.md\/","logo":{"@type":"ImageObject","inLanguage":"ro-RO","@id":"https:\/\/pet24.md\/#\/schema\/logo\/image\/","url":"https:\/\/pet24.md\/wp-content\/uploads\/2024\/09\/logo.svg","contentUrl":"https:\/\/pet24.md\/wp-content\/uploads\/2024\/09\/logo.svg","width":215,"height":66,"caption":"Pet24"},"image":{"@id":"https:\/\/pet24.md\/#\/schema\/logo\/image\/"},"sameAs":["https:\/\/www.facebook.com\/pet24.md","https:\/\/www.instagram.com\/pet24.md\/"],"telephone":"+37360508880"}]}},"_links":{"self":[{"href":"https:\/\/pet24.md\/ro\/wp-json\/wp\/v2\/product\/35177","targetHints":{"allow":["GET"]}}],"collection":[{"href":"https:\/\/pet24.md\/ro\/wp-json\/wp\/v2\/product"}],"about":[{"href":"https:\/\/pet24.md\/ro\/wp-json\/wp\/v2\/types\/product"}],"replies":[{"embeddable":true,"href":"https:\/\/pet24.md\/ro\/wp-json\/wp\/v2\/comments?post=35177"}],"wp:featuredmedia":[{"embeddable":true,"href":"https:\/\/pet24.md\/ro\/wp-json\/wp\/v2\/media\/90453"}],"wp:attachment":[{"href":"https:\/\/pet24.md\/ro\/wp-json\/wp\/v2\/media?parent=35177"}],"wp:term":[{"taxonomy":"product_brand","embeddable":true,"href":"https:\/\/pet24.md\/ro\/wp-json\/wp\/v2\/product_brand?post=35177"},{"taxonomy":"product_cat","embeddable":true,"href":"https:\/\/pet24.md\/ro\/wp-json\/wp\/v2\/product_cat?post=35177"},{"taxonomy":"product_tag","embeddable":true,"href":"https:\/\/pet24.md\/ro\/wp-json\/wp\/v2\/product_tag?post=35177"}],"curies":[{"name":"wp","href":"https:\/\/api.w.org\/{rel}","templated":true}]}}