{"id":35268,"date":"2023-12-22T18:02:12","date_gmt":"2023-12-22T18:02:12","guid":{"rendered":"https:\/\/pet24.md\/?post_type=product&#038;p=35268"},"modified":"2024-09-22T22:14:08","modified_gmt":"2024-09-22T22:14:08","slug":"oshejnik-collar-odinarnyj-s-ukrasheniyami-shirina-20mm-dlina-32-40sm-chernyj","status":"publish","type":"product","link":"https:\/\/pet24.md\/ro\/produs\/oshejnik-collar-odinarnyj-s-ukrasheniyami-shirina-20mm-dlina-32-40sm-chernyj\/","title":{"rendered":"Guler \u201cCoLLaR\u201d simplu cu decoratiuni (latime 20mm, lungime 32-40cm) negru"},"content":{"rendered":"<h1>Gulerele CoLLaR TM<\/h1>\n<p>Gulerele CoLLaR TM sunt o ofert\u0103 clasic\u0103 pe pia\u021b\u0103 de peste 20 de ani. Principala caracteristic\u0103 a m\u0103rcii CoLLaR este fiabilitatea. Toate produsele sunt supuse unui sistem strict de control al rezisten\u021bei \u0219i sunt realizate exclusiv din materiale naturale potrivite pentru orice animal de companie. CoLLaR TM este lider \u00een v\u00e2nz\u0103ri de mul\u021bi ani, oferind produse de \u00eenalt\u0103 calitate la un pre\u021b accesibil.<\/p>\n<h3>Specificatii:<\/h3>\n<ul>\n<li><strong>Fiabilitate<\/strong>: Toate produsele sunt supuse unor teste stricte de rezisten\u021b\u0103.<\/li>\n<li><strong>Materiale naturale<\/strong>: Fabricat exclusiv din materiale naturale care sunt sigure pentru toate animalele de companie.<\/li>\n<li><strong>Calitate si Disponibilitate<\/strong>: Produse de \u00eenalt\u0103 calitate la un pre\u021b accesibil.<\/li>\n<\/ul>\n<h3>Instructiuni de utilizare:<\/h3>\n<ul>\n<li><strong>M\u0103surarea g\u00e2tului<\/strong>: Lungimea gulerului este selectat\u0103 \u00een func\u021bie de circumferin\u021ba g\u00e2tului animalului dvs. de companie, m\u0103surat\u0103 folosind o band\u0103 de m\u0103surare.<\/li>\n<li><strong>Ad\u0103ug\u00e2nd centimetri<\/strong>: Ad\u0103uga\u021bi 2 cm (pentru rasele mijlocii \u0219i mici) p\u00e2n\u0103 la 5 cm (pentru rasele mari) la m\u0103surarea ini\u021bial\u0103 pentru a preveni frecarea sau str\u00e2ngerea g\u00e2tului animalului prin zgarda.<\/li>\n<\/ul>","protected":false},"excerpt":{"rendered":"<p>Gulerele CoLLaR TM Gulerele CoLLaR TM sunt o ofert\u0103 clasic\u0103 pe pia\u021b\u0103 de peste 20 de ani. Principala caracteristic\u0103 a m\u0103rcii CoLLaR este fiabilitatea. Toate\u2026<\/p>","protected":false},"featured_media":90512,"comment_status":"open","ping_status":"closed","template":"","meta":[],"product_brand":[],"product_cat":[136,137,257],"product_tag":[165,603],"class_list":{"0":"post-35268","1":"product","2":"type-product","3":"status-publish","4":"has-post-thumbnail","6":"product_cat-dog","7":"product_cat-dogs-ammunition","8":"product_cat-dog-collar","9":"product_tag-collar","10":"product_tag-oshejnik","11":"pa_age-pet-lyuboj-vozrast","12":"pa_brand-collar","13":"pa_dlina-sm-32-40-sm","14":"pa_material-kozha","15":"pa_pet-sobaka","16":"pa_shirina-20-mm","17":"pa_size-s","19":"first","20":"outofstock","21":"product-type-simple"},"yoast_head":"<!-- This site is optimized with the Yoast SEO Premium plugin v23.7 (Yoast SEO v27.6) - https:\/\/yoast.com\/product\/yoast-seo-premium-wordpress\/ -->\n<title>\u041e\u0448\u0435\u0439\u043d\u0438\u043a &quot;CoLLaR&quot; \u043e\u0434\u0438\u043d\u0430\u0440\u043d\u044b\u0439 \u0441 \u0443\u043a\u0440\u0430\u0448\u0435\u043d\u0438\u044f\u043c\u0438 (\u0448\u0438\u0440\u0438\u043d\u0430 20\u043c\u043c, \u0434\u043b\u0438\u043d\u0430 32-40\u0441\u043c) \u0447\u0435\u0440\u043d\u044b\u0439<\/title>\n<meta name=\"description\" content=\"\u041a\u0443\u043f\u0438\u0442\u044c \u041e\u0448\u0435\u0439\u043d\u0438\u043a &quot;CoLLaR&quot; \u043e\u0434\u0438\u043d\u0430\u0440\u043d\u044b\u0439 \u0441 \u0443\u043a\u0440\u0430\u0448\u0435\u043d\u0438\u044f\u043c\u0438 (\u0448\u0438\u0440\u0438\u043d\u0430 20\u043c\u043c, \u0434\u043b\u0438\u043d\u0430 32-40\u0441\u043c) \u0447\u0435\u0440\u043d\u044b\u0439 \u0441 \u0434\u043e\u0441\u0442\u0430\u0432\u043a\u043e\u0439 \u043f\u043e \u041a\u0438\u0448\u0438\u043d\u0435\u0432\u0443 \u0438 \u0432\u0441\u0435\u0439 \u041c\u043e\u043b\u0434\u043e\u0432\u0435 \u043d\u0430 Pet24\" \/>\n<meta name=\"robots\" content=\"index, follow, max-snippet:-1, max-image-preview:large, max-video-preview:-1\" \/>\n<link rel=\"canonical\" href=\"https:\/\/pet24.md\/ro\/produs\/oshejnik-collar-odinarnyj-s-ukrasheniyami-shirina-20mm-dlina-32-40sm-chernyj\/\" \/>\n<meta property=\"og:locale\" content=\"ro_RO\" \/>\n<meta property=\"og:type\" content=\"article\" \/>\n<meta property=\"og:title\" content=\"\u041e\u0448\u0435\u0439\u043d\u0438\u043a &quot;CoLLaR&quot; \u043e\u0434\u0438\u043d\u0430\u0440\u043d\u044b\u0439 \u0441 \u0443\u043a\u0440\u0430\u0448\u0435\u043d\u0438\u044f\u043c\u0438 (\u0448\u0438\u0440\u0438\u043d\u0430 20\u043c\u043c, \u0434\u043b\u0438\u043d\u0430 32-40\u0441\u043c) \u0447\u0435\u0440\u043d\u044b\u0439\" \/>\n<meta property=\"og:description\" content=\"\u041a\u0443\u043f\u0438\u0442\u044c \u041e\u0448\u0435\u0439\u043d\u0438\u043a &quot;CoLLaR&quot; \u043e\u0434\u0438\u043d\u0430\u0440\u043d\u044b\u0439 \u0441 \u0443\u043a\u0440\u0430\u0448\u0435\u043d\u0438\u044f\u043c\u0438 (\u0448\u0438\u0440\u0438\u043d\u0430 20\u043c\u043c, \u0434\u043b\u0438\u043d\u0430 32-40\u0441\u043c) \u0447\u0435\u0440\u043d\u044b\u0439 \u0441 \u0434\u043e\u0441\u0442\u0430\u0432\u043a\u043e\u0439 \u043f\u043e \u041a\u0438\u0448\u0438\u043d\u0435\u0432\u0443 \u0438 \u0432\u0441\u0435\u0439 \u041c\u043e\u043b\u0434\u043e\u0432\u0435 \u043d\u0430 Pet24\" \/>\n<meta property=\"og:url\" content=\"https:\/\/pet24.md\/ro\/produs\/oshejnik-collar-odinarnyj-s-ukrasheniyami-shirina-20mm-dlina-32-40sm-chernyj\/\" \/>\n<meta property=\"og:site_name\" content=\"Pet24\" \/>\n<meta property=\"article:publisher\" content=\"https:\/\/www.facebook.com\/pet24.md\" \/>\n<meta property=\"article:modified_time\" content=\"2024-09-22T22:14:08+00:00\" \/>\n<meta property=\"og:image\" content=\"https:\/\/pet24.md\/wp-content\/uploads\/2024\/09\/oshejnik-collar-odinarnyj-s-ukrasheniyami-shirina-20mm-dlina-32-40sm-chernyj.webp\" \/>\n\t<meta property=\"og:image:width\" content=\"600\" \/>\n\t<meta property=\"og:image:height\" content=\"600\" \/>\n\t<meta property=\"og:image:type\" content=\"image\/webp\" \/>\n<meta name=\"twitter:card\" content=\"summary_large_image\" \/>\n<script type=\"application\/ld+json\" class=\"yoast-schema-graph\">{\"@context\":\"https:\\\/\\\/schema.org\",\"@graph\":[{\"@type\":\"WebPage\",\"@id\":\"https:\\\/\\\/pet24.md\\\/product\\\/oshejnik-collar-odinarnyj-s-ukrasheniyami-shirina-20mm-dlina-32-40sm-chernyj\\\/\",\"url\":\"https:\\\/\\\/pet24.md\\\/product\\\/oshejnik-collar-odinarnyj-s-ukrasheniyami-shirina-20mm-dlina-32-40sm-chernyj\\\/\",\"name\":\"\u041e\u0448\u0435\u0439\u043d\u0438\u043a \\\"CoLLaR\\\" \u043e\u0434\u0438\u043d\u0430\u0440\u043d\u044b\u0439 \u0441 \u0443\u043a\u0440\u0430\u0448\u0435\u043d\u0438\u044f\u043c\u0438 (\u0448\u0438\u0440\u0438\u043d\u0430 20\u043c\u043c, \u0434\u043b\u0438\u043d\u0430 32-40\u0441\u043c) \u0447\u0435\u0440\u043d\u044b\u0439\",\"isPartOf\":{\"@id\":\"https:\\\/\\\/pet24.md\\\/#website\"},\"primaryImageOfPage\":{\"@id\":\"https:\\\/\\\/pet24.md\\\/product\\\/oshejnik-collar-odinarnyj-s-ukrasheniyami-shirina-20mm-dlina-32-40sm-chernyj\\\/#primaryimage\"},\"image\":{\"@id\":\"https:\\\/\\\/pet24.md\\\/product\\\/oshejnik-collar-odinarnyj-s-ukrasheniyami-shirina-20mm-dlina-32-40sm-chernyj\\\/#primaryimage\"},\"thumbnailUrl\":\"https:\\\/\\\/pet24.md\\\/wp-content\\\/uploads\\\/2024\\\/09\\\/oshejnik-collar-odinarnyj-s-ukrasheniyami-shirina-20mm-dlina-32-40sm-chernyj.webp\",\"datePublished\":\"2023-12-22T18:02:12+00:00\",\"dateModified\":\"2024-09-22T22:14:08+00:00\",\"description\":\"\u041a\u0443\u043f\u0438\u0442\u044c \u041e\u0448\u0435\u0439\u043d\u0438\u043a \\\"CoLLaR\\\" \u043e\u0434\u0438\u043d\u0430\u0440\u043d\u044b\u0439 \u0441 \u0443\u043a\u0440\u0430\u0448\u0435\u043d\u0438\u044f\u043c\u0438 (\u0448\u0438\u0440\u0438\u043d\u0430 20\u043c\u043c, \u0434\u043b\u0438\u043d\u0430 32-40\u0441\u043c) \u0447\u0435\u0440\u043d\u044b\u0439 \u0441 \u0434\u043e\u0441\u0442\u0430\u0432\u043a\u043e\u0439 \u043f\u043e \u041a\u0438\u0448\u0438\u043d\u0435\u0432\u0443 \u0438 \u0432\u0441\u0435\u0439 \u041c\u043e\u043b\u0434\u043e\u0432\u0435 \u043d\u0430 Pet24\",\"breadcrumb\":{\"@id\":\"https:\\\/\\\/pet24.md\\\/product\\\/oshejnik-collar-odinarnyj-s-ukrasheniyami-shirina-20mm-dlina-32-40sm-chernyj\\\/#breadcrumb\"},\"inLanguage\":\"ro-RO\",\"potentialAction\":[{\"@type\":\"ReadAction\",\"target\":[\"https:\\\/\\\/pet24.md\\\/product\\\/oshejnik-collar-odinarnyj-s-ukrasheniyami-shirina-20mm-dlina-32-40sm-chernyj\\\/\"]}]},{\"@type\":\"ImageObject\",\"inLanguage\":\"ro-RO\",\"@id\":\"https:\\\/\\\/pet24.md\\\/product\\\/oshejnik-collar-odinarnyj-s-ukrasheniyami-shirina-20mm-dlina-32-40sm-chernyj\\\/#primaryimage\",\"url\":\"https:\\\/\\\/pet24.md\\\/wp-content\\\/uploads\\\/2024\\\/09\\\/oshejnik-collar-odinarnyj-s-ukrasheniyami-shirina-20mm-dlina-32-40sm-chernyj.webp\",\"contentUrl\":\"https:\\\/\\\/pet24.md\\\/wp-content\\\/uploads\\\/2024\\\/09\\\/oshejnik-collar-odinarnyj-s-ukrasheniyami-shirina-20mm-dlina-32-40sm-chernyj.webp\",\"width\":600,\"height\":600,\"caption\":\"oshejnik collar odinarnyj s ukrasheniyami shirina 20mm dlina 32 40sm chernyj.jpg\"},{\"@type\":\"BreadcrumbList\",\"@id\":\"https:\\\/\\\/pet24.md\\\/product\\\/oshejnik-collar-odinarnyj-s-ukrasheniyami-shirina-20mm-dlina-32-40sm-chernyj\\\/#breadcrumb\",\"itemListElement\":[{\"@type\":\"ListItem\",\"position\":1,\"name\":\"\u0413\u043b\u0430\u0432\u043d\u0430\u044f \u0441\u0442\u0440\u0430\u043d\u0438\u0446\u0430\",\"item\":\"https:\\\/\\\/pet24.md\\\/\"},{\"@type\":\"ListItem\",\"position\":2,\"name\":\"\u041c\u0430\u0433\u0430\u0437\u0438\u043d\",\"item\":\"https:\\\/\\\/pet24.md\\\/shop\\\/\"},{\"@type\":\"ListItem\",\"position\":3,\"name\":\"\u041e\u0448\u0435\u0439\u043d\u0438\u043a &#8220;CoLLaR&#8221; \u043e\u0434\u0438\u043d\u0430\u0440\u043d\u044b\u0439 \u0441 \u0443\u043a\u0440\u0430\u0448\u0435\u043d\u0438\u044f\u043c\u0438 (\u0448\u0438\u0440\u0438\u043d\u0430 20\u043c\u043c, \u0434\u043b\u0438\u043d\u0430 32-40\u0441\u043c) \u0447\u0435\u0440\u043d\u044b\u0439\"}]},{\"@type\":\"WebSite\",\"@id\":\"https:\\\/\\\/pet24.md\\\/#website\",\"url\":\"https:\\\/\\\/pet24.md\\\/\",\"name\":\"Pet24\",\"description\":\"\u0417\u043e\u043e\u043c\u0430\u0433\u0430\u0437\u0438\u043d \u0442\u043e\u0432\u0430\u0440\u043e\u0432 \u0434\u043b\u044f \u0434\u043e\u043c\u0430\u0448\u043d\u0438\u0445 \u043f\u0438\u0442\u043e\u043c\u0446\u0435\u0432\",\"publisher\":{\"@id\":\"https:\\\/\\\/pet24.md\\\/#organization\"},\"potentialAction\":[{\"@type\":\"SearchAction\",\"target\":{\"@type\":\"EntryPoint\",\"urlTemplate\":\"https:\\\/\\\/pet24.md\\\/?s={search_term_string}\"},\"query-input\":{\"@type\":\"PropertyValueSpecification\",\"valueRequired\":true,\"valueName\":\"search_term_string\"}}],\"inLanguage\":\"ro-RO\"},{\"@type\":\"Organization\",\"@id\":\"https:\\\/\\\/pet24.md\\\/#organization\",\"name\":\"Pet24\",\"url\":\"https:\\\/\\\/pet24.md\\\/\",\"logo\":{\"@type\":\"ImageObject\",\"inLanguage\":\"ro-RO\",\"@id\":\"https:\\\/\\\/pet24.md\\\/#\\\/schema\\\/logo\\\/image\\\/\",\"url\":\"https:\\\/\\\/pet24.md\\\/wp-content\\\/uploads\\\/2024\\\/09\\\/logo.svg\",\"contentUrl\":\"https:\\\/\\\/pet24.md\\\/wp-content\\\/uploads\\\/2024\\\/09\\\/logo.svg\",\"width\":215,\"height\":66,\"caption\":\"Pet24\"},\"image\":{\"@id\":\"https:\\\/\\\/pet24.md\\\/#\\\/schema\\\/logo\\\/image\\\/\"},\"sameAs\":[\"https:\\\/\\\/www.facebook.com\\\/pet24.md\",\"https:\\\/\\\/www.instagram.com\\\/pet24.md\\\/\"],\"telephone\":\"+37360508880\"}]}<\/script>\n<!-- \/ Yoast SEO Premium plugin. -->","yoast_head_json":{"title":"\u041e\u0448\u0435\u0439\u043d\u0438\u043a \"CoLLaR\" \u043e\u0434\u0438\u043d\u0430\u0440\u043d\u044b\u0439 \u0441 \u0443\u043a\u0440\u0430\u0448\u0435\u043d\u0438\u044f\u043c\u0438 (\u0448\u0438\u0440\u0438\u043d\u0430 20\u043c\u043c, \u0434\u043b\u0438\u043d\u0430 32-40\u0441\u043c) \u0447\u0435\u0440\u043d\u044b\u0439","description":"\u041a\u0443\u043f\u0438\u0442\u044c \u041e\u0448\u0435\u0439\u043d\u0438\u043a \"CoLLaR\" \u043e\u0434\u0438\u043d\u0430\u0440\u043d\u044b\u0439 \u0441 \u0443\u043a\u0440\u0430\u0448\u0435\u043d\u0438\u044f\u043c\u0438 (\u0448\u0438\u0440\u0438\u043d\u0430 20\u043c\u043c, \u0434\u043b\u0438\u043d\u0430 32-40\u0441\u043c) \u0447\u0435\u0440\u043d\u044b\u0439 \u0441 \u0434\u043e\u0441\u0442\u0430\u0432\u043a\u043e\u0439 \u043f\u043e \u041a\u0438\u0448\u0438\u043d\u0435\u0432\u0443 \u0438 \u0432\u0441\u0435\u0439 \u041c\u043e\u043b\u0434\u043e\u0432\u0435 \u043d\u0430 Pet24","robots":{"index":"index","follow":"follow","max-snippet":"max-snippet:-1","max-image-preview":"max-image-preview:large","max-video-preview":"max-video-preview:-1"},"canonical":"https:\/\/pet24.md\/ro\/produs\/oshejnik-collar-odinarnyj-s-ukrasheniyami-shirina-20mm-dlina-32-40sm-chernyj\/","og_locale":"ro_RO","og_type":"article","og_title":"\u041e\u0448\u0435\u0439\u043d\u0438\u043a \"CoLLaR\" \u043e\u0434\u0438\u043d\u0430\u0440\u043d\u044b\u0439 \u0441 \u0443\u043a\u0440\u0430\u0448\u0435\u043d\u0438\u044f\u043c\u0438 (\u0448\u0438\u0440\u0438\u043d\u0430 20\u043c\u043c, \u0434\u043b\u0438\u043d\u0430 32-40\u0441\u043c) \u0447\u0435\u0440\u043d\u044b\u0439","og_description":"\u041a\u0443\u043f\u0438\u0442\u044c \u041e\u0448\u0435\u0439\u043d\u0438\u043a \"CoLLaR\" \u043e\u0434\u0438\u043d\u0430\u0440\u043d\u044b\u0439 \u0441 \u0443\u043a\u0440\u0430\u0448\u0435\u043d\u0438\u044f\u043c\u0438 (\u0448\u0438\u0440\u0438\u043d\u0430 20\u043c\u043c, \u0434\u043b\u0438\u043d\u0430 32-40\u0441\u043c) \u0447\u0435\u0440\u043d\u044b\u0439 \u0441 \u0434\u043e\u0441\u0442\u0430\u0432\u043a\u043e\u0439 \u043f\u043e \u041a\u0438\u0448\u0438\u043d\u0435\u0432\u0443 \u0438 \u0432\u0441\u0435\u0439 \u041c\u043e\u043b\u0434\u043e\u0432\u0435 \u043d\u0430 Pet24","og_url":"https:\/\/pet24.md\/ro\/produs\/oshejnik-collar-odinarnyj-s-ukrasheniyami-shirina-20mm-dlina-32-40sm-chernyj\/","og_site_name":"Pet24","article_publisher":"https:\/\/www.facebook.com\/pet24.md","article_modified_time":"2024-09-22T22:14:08+00:00","og_image":[{"width":600,"height":600,"url":"https:\/\/pet24.md\/wp-content\/uploads\/2024\/09\/oshejnik-collar-odinarnyj-s-ukrasheniyami-shirina-20mm-dlina-32-40sm-chernyj.webp","type":"image\/webp"}],"twitter_card":"summary_large_image","schema":{"@context":"https:\/\/schema.org","@graph":[{"@type":"WebPage","@id":"https:\/\/pet24.md\/product\/oshejnik-collar-odinarnyj-s-ukrasheniyami-shirina-20mm-dlina-32-40sm-chernyj\/","url":"https:\/\/pet24.md\/product\/oshejnik-collar-odinarnyj-s-ukrasheniyami-shirina-20mm-dlina-32-40sm-chernyj\/","name":"\u041e\u0448\u0435\u0439\u043d\u0438\u043a \"CoLLaR\" \u043e\u0434\u0438\u043d\u0430\u0440\u043d\u044b\u0439 \u0441 \u0443\u043a\u0440\u0430\u0448\u0435\u043d\u0438\u044f\u043c\u0438 (\u0448\u0438\u0440\u0438\u043d\u0430 20\u043c\u043c, \u0434\u043b\u0438\u043d\u0430 32-40\u0441\u043c) \u0447\u0435\u0440\u043d\u044b\u0439","isPartOf":{"@id":"https:\/\/pet24.md\/#website"},"primaryImageOfPage":{"@id":"https:\/\/pet24.md\/product\/oshejnik-collar-odinarnyj-s-ukrasheniyami-shirina-20mm-dlina-32-40sm-chernyj\/#primaryimage"},"image":{"@id":"https:\/\/pet24.md\/product\/oshejnik-collar-odinarnyj-s-ukrasheniyami-shirina-20mm-dlina-32-40sm-chernyj\/#primaryimage"},"thumbnailUrl":"https:\/\/pet24.md\/wp-content\/uploads\/2024\/09\/oshejnik-collar-odinarnyj-s-ukrasheniyami-shirina-20mm-dlina-32-40sm-chernyj.webp","datePublished":"2023-12-22T18:02:12+00:00","dateModified":"2024-09-22T22:14:08+00:00","description":"\u041a\u0443\u043f\u0438\u0442\u044c \u041e\u0448\u0435\u0439\u043d\u0438\u043a \"CoLLaR\" \u043e\u0434\u0438\u043d\u0430\u0440\u043d\u044b\u0439 \u0441 \u0443\u043a\u0440\u0430\u0448\u0435\u043d\u0438\u044f\u043c\u0438 (\u0448\u0438\u0440\u0438\u043d\u0430 20\u043c\u043c, \u0434\u043b\u0438\u043d\u0430 32-40\u0441\u043c) \u0447\u0435\u0440\u043d\u044b\u0439 \u0441 \u0434\u043e\u0441\u0442\u0430\u0432\u043a\u043e\u0439 \u043f\u043e \u041a\u0438\u0448\u0438\u043d\u0435\u0432\u0443 \u0438 \u0432\u0441\u0435\u0439 \u041c\u043e\u043b\u0434\u043e\u0432\u0435 \u043d\u0430 Pet24","breadcrumb":{"@id":"https:\/\/pet24.md\/product\/oshejnik-collar-odinarnyj-s-ukrasheniyami-shirina-20mm-dlina-32-40sm-chernyj\/#breadcrumb"},"inLanguage":"ro-RO","potentialAction":[{"@type":"ReadAction","target":["https:\/\/pet24.md\/product\/oshejnik-collar-odinarnyj-s-ukrasheniyami-shirina-20mm-dlina-32-40sm-chernyj\/"]}]},{"@type":"ImageObject","inLanguage":"ro-RO","@id":"https:\/\/pet24.md\/product\/oshejnik-collar-odinarnyj-s-ukrasheniyami-shirina-20mm-dlina-32-40sm-chernyj\/#primaryimage","url":"https:\/\/pet24.md\/wp-content\/uploads\/2024\/09\/oshejnik-collar-odinarnyj-s-ukrasheniyami-shirina-20mm-dlina-32-40sm-chernyj.webp","contentUrl":"https:\/\/pet24.md\/wp-content\/uploads\/2024\/09\/oshejnik-collar-odinarnyj-s-ukrasheniyami-shirina-20mm-dlina-32-40sm-chernyj.webp","width":600,"height":600,"caption":"oshejnik collar odinarnyj s ukrasheniyami shirina 20mm dlina 32 40sm chernyj.jpg"},{"@type":"BreadcrumbList","@id":"https:\/\/pet24.md\/product\/oshejnik-collar-odinarnyj-s-ukrasheniyami-shirina-20mm-dlina-32-40sm-chernyj\/#breadcrumb","itemListElement":[{"@type":"ListItem","position":1,"name":"\u0413\u043b\u0430\u0432\u043d\u0430\u044f \u0441\u0442\u0440\u0430\u043d\u0438\u0446\u0430","item":"https:\/\/pet24.md\/"},{"@type":"ListItem","position":2,"name":"\u041c\u0430\u0433\u0430\u0437\u0438\u043d","item":"https:\/\/pet24.md\/shop\/"},{"@type":"ListItem","position":3,"name":"\u041e\u0448\u0435\u0439\u043d\u0438\u043a &#8220;CoLLaR&#8221; \u043e\u0434\u0438\u043d\u0430\u0440\u043d\u044b\u0439 \u0441 \u0443\u043a\u0440\u0430\u0448\u0435\u043d\u0438\u044f\u043c\u0438 (\u0448\u0438\u0440\u0438\u043d\u0430 20\u043c\u043c, \u0434\u043b\u0438\u043d\u0430 32-40\u0441\u043c) \u0447\u0435\u0440\u043d\u044b\u0439"}]},{"@type":"WebSite","@id":"https:\/\/pet24.md\/#website","url":"https:\/\/pet24.md\/","name":"Pet24","description":"Magazin de animale de companie","publisher":{"@id":"https:\/\/pet24.md\/#organization"},"potentialAction":[{"@type":"SearchAction","target":{"@type":"EntryPoint","urlTemplate":"https:\/\/pet24.md\/?s={search_term_string}"},"query-input":{"@type":"PropertyValueSpecification","valueRequired":true,"valueName":"search_term_string"}}],"inLanguage":"ro-RO"},{"@type":"Organization","@id":"https:\/\/pet24.md\/#organization","name":"Pet24","url":"https:\/\/pet24.md\/","logo":{"@type":"ImageObject","inLanguage":"ro-RO","@id":"https:\/\/pet24.md\/#\/schema\/logo\/image\/","url":"https:\/\/pet24.md\/wp-content\/uploads\/2024\/09\/logo.svg","contentUrl":"https:\/\/pet24.md\/wp-content\/uploads\/2024\/09\/logo.svg","width":215,"height":66,"caption":"Pet24"},"image":{"@id":"https:\/\/pet24.md\/#\/schema\/logo\/image\/"},"sameAs":["https:\/\/www.facebook.com\/pet24.md","https:\/\/www.instagram.com\/pet24.md\/"],"telephone":"+37360508880"}]}},"_links":{"self":[{"href":"https:\/\/pet24.md\/ro\/wp-json\/wp\/v2\/product\/35268","targetHints":{"allow":["GET"]}}],"collection":[{"href":"https:\/\/pet24.md\/ro\/wp-json\/wp\/v2\/product"}],"about":[{"href":"https:\/\/pet24.md\/ro\/wp-json\/wp\/v2\/types\/product"}],"replies":[{"embeddable":true,"href":"https:\/\/pet24.md\/ro\/wp-json\/wp\/v2\/comments?post=35268"}],"wp:featuredmedia":[{"embeddable":true,"href":"https:\/\/pet24.md\/ro\/wp-json\/wp\/v2\/media\/90512"}],"wp:attachment":[{"href":"https:\/\/pet24.md\/ro\/wp-json\/wp\/v2\/media?parent=35268"}],"wp:term":[{"taxonomy":"product_brand","embeddable":true,"href":"https:\/\/pet24.md\/ro\/wp-json\/wp\/v2\/product_brand?post=35268"},{"taxonomy":"product_cat","embeddable":true,"href":"https:\/\/pet24.md\/ro\/wp-json\/wp\/v2\/product_cat?post=35268"},{"taxonomy":"product_tag","embeddable":true,"href":"https:\/\/pet24.md\/ro\/wp-json\/wp\/v2\/product_tag?post=35268"}],"curies":[{"name":"wp","href":"https:\/\/api.w.org\/{rel}","templated":true}]}}