{"id":35297,"date":"2024-01-04T15:28:18","date_gmt":"2024-01-04T15:28:18","guid":{"rendered":"https:\/\/pet24.md\/?post_type=product&#038;p=35297"},"modified":"2024-09-22T22:14:10","modified_gmt":"2024-09-22T22:14:10","slug":"kurtochka-nakidka-dlya-sobak-airyvest-lumi-svetyashhayasya-xs-a-26-sm-b-33-41-sm-s-18-26-sm","status":"publish","type":"product","link":"https:\/\/pet24.md\/ro\/produs\/kurtochka-nakidka-dlya-sobak-airyvest-lumi-svetyashhayasya-xs-a-26-sm-b-33-41-sm-s-18-26-sm\/","title":{"rendered":"Jachet\u0103-pelerin\u0103 pentru c\u00e2ini AiryVest Lumi luminoas\u0103, XS, A 26 cm, B 33-41 cm, C 18-26 cm"},"content":{"rendered":"<h2>Jachet\u0103 pentru c\u00e2ini AiryVest Lumi<\/h2>\n<p>Jacheta AiryVest Lumi Reflective Dog este o solu\u021bie inovatoare pentru animalul dvs. de companie. Ca \u0219i alte jachete pentru c\u00e2ini AiryVest, este foarte u\u0219oar\u0103, cald\u0103 \u0219i moale. Jacheta se pune usor pe caine datorita inchiderii cu velcro, de care parul nu se lipeste. Designul elegant \u0219i laconic este completat de un strat reflectorizant special, care este \u00eenc\u0103rcat de lumin\u0103 artificial\u0103 \u0219i natural\u0103, sporind vizibilitatea c\u00e2inelui \u00een \u00eentuneric.<\/p>\n<h3>Avantaje:<\/h3>\n<ul>\n<li><strong>Str\u0103luce\u0219te \u00een \u00eentuneric<\/strong>: Strat special de protec\u021bie care cre\u0219te vizibilitatea c\u00e2inelui pe timp de noapte.<\/li>\n<li><strong>U\u0219oare<\/strong>: Jacheta este foarte usoara, oferind confort animalului tau.<\/li>\n<li><strong>Gam\u0103 larg\u0103 de dimensiuni<\/strong>: Disponibil \u00eentr-o varietate de m\u0103rimi pentru a se potrivi c\u00e2inilor de toate rasele.<\/li>\n<li><strong>Amovibil<\/strong>: Jacheta este usor de pus si scos datorita sistemului de prindere cu Velcro.<\/li>\n<\/ul>","protected":false},"excerpt":{"rendered":"<p>\u0421\u0432\u0435\u0442\u043e\u043e\u0442\u0440\u0430\u0436\u0430\u044e\u0449\u0430\u044f \u043a\u0443\u0440\u0442\u043a\u0430 \u0434\u043b\u044f \u0441\u043e\u0431\u0430\u043a AiryVest Lumi \u0421\u0432\u0435\u0442\u043e\u043e\u0442\u0440\u0430\u0436\u0430\u044e\u0449\u0430\u044f \u043a\u0443\u0440\u0442\u043a\u0430 \u0434\u043b\u044f \u0441\u043e\u0431\u0430\u043a AiryVest Lumi &#8212; \u044d\u0442\u043e \u0438\u043d\u043d\u043e\u0432\u0430\u0446\u0438\u043e\u043d\u043d\u043e\u0435 \u0440\u0435\u0448\u0435\u043d\u0438\u0435 \u0434\u043b\u044f \u0432\u0430\u0448\u0435\u0433\u043e \u043f\u0438\u0442\u043e\u043c\u0446\u0430. \u041a\u0430\u043a \u0438 \u0434\u0440\u0443\u0433\u0438\u0435&hellip;<\/p>","protected":false},"featured_media":90531,"comment_status":"closed","ping_status":"closed","template":"","meta":[],"product_brand":[],"product_cat":[136,621],"product_tag":[],"class_list":{"0":"post-35297","1":"product","2":"type-product","3":"status-publish","4":"has-post-thumbnail","6":"product_cat-dog","7":"product_cat-dog-clothing","8":"pa_brand-airyvest","9":"pa_material-poliester","10":"pa_obhvat-grudi-33-41-sm","11":"pa_obhvat-shei-18-27-sm","12":"pa_size-xs","14":"first","15":"outofstock","16":"product-type-simple"},"yoast_head":"<!-- This site is optimized with the Yoast SEO Premium plugin v23.7 (Yoast SEO v27.6) - https:\/\/yoast.com\/product\/yoast-seo-premium-wordpress\/ -->\n<title>\u041a\u0443\u0440\u0442\u043e\u0447\u043a\u0430-\u043d\u0430\u043a\u0438\u0434\u043a\u0430 \u0434\u043b\u044f \u0441\u043e\u0431\u0430\u043a AiryVest Lumi \u0441\u0432\u0435\u0442\u044f\u0449\u0430\u044f\u0441\u044f, XS, \u0410 26 \u0441\u043c, B 33-41 \u0441\u043c, \u0421 18-26 \u0441\u043c<\/title>\n<meta name=\"description\" content=\"\u041a\u0443\u043f\u0438\u0442\u044c \u041a\u0443\u0440\u0442\u043e\u0447\u043a\u0430-\u043d\u0430\u043a\u0438\u0434\u043a\u0430 \u0434\u043b\u044f \u0441\u043e\u0431\u0430\u043a AiryVest Lumi \u0441\u0432\u0435\u0442\u044f\u0449\u0430\u044f\u0441\u044f, XS, \u0410 26 \u0441\u043c, B 33-41 \u0441\u043c, \u0421 18-26 \u0441\u043c \u0441 \u0434\u043e\u0441\u0442\u0430\u0432\u043a\u043e\u0439 \u043f\u043e \u041a\u0438\u0448\u0438\u043d\u0435\u0432\u0443 \u0438 \u0432\u0441\u0435\u0439 \u041c\u043e\u043b\u0434\u043e\u0432\u0435 \u043d\u0430 Pet24\" \/>\n<meta name=\"robots\" content=\"index, follow, max-snippet:-1, max-image-preview:large, max-video-preview:-1\" \/>\n<link rel=\"canonical\" href=\"https:\/\/pet24.md\/ro\/produs\/kurtochka-nakidka-dlya-sobak-airyvest-lumi-svetyashhayasya-xs-a-26-sm-b-33-41-sm-s-18-26-sm\/\" \/>\n<meta property=\"og:locale\" content=\"ro_RO\" \/>\n<meta property=\"og:type\" content=\"article\" \/>\n<meta property=\"og:title\" content=\"\u041a\u0443\u0440\u0442\u043e\u0447\u043a\u0430-\u043d\u0430\u043a\u0438\u0434\u043a\u0430 \u0434\u043b\u044f \u0441\u043e\u0431\u0430\u043a AiryVest Lumi \u0441\u0432\u0435\u0442\u044f\u0449\u0430\u044f\u0441\u044f, XS, \u0410 26 \u0441\u043c, B 33-41 \u0441\u043c, \u0421 18-26 \u0441\u043c\" \/>\n<meta property=\"og:description\" content=\"\u041a\u0443\u043f\u0438\u0442\u044c \u041a\u0443\u0440\u0442\u043e\u0447\u043a\u0430-\u043d\u0430\u043a\u0438\u0434\u043a\u0430 \u0434\u043b\u044f \u0441\u043e\u0431\u0430\u043a AiryVest Lumi \u0441\u0432\u0435\u0442\u044f\u0449\u0430\u044f\u0441\u044f, XS, \u0410 26 \u0441\u043c, B 33-41 \u0441\u043c, \u0421 18-26 \u0441\u043c \u0441 \u0434\u043e\u0441\u0442\u0430\u0432\u043a\u043e\u0439 \u043f\u043e \u041a\u0438\u0448\u0438\u043d\u0435\u0432\u0443 \u0438 \u0432\u0441\u0435\u0439 \u041c\u043e\u043b\u0434\u043e\u0432\u0435 \u043d\u0430 Pet24\" \/>\n<meta property=\"og:url\" content=\"https:\/\/pet24.md\/ro\/produs\/kurtochka-nakidka-dlya-sobak-airyvest-lumi-svetyashhayasya-xs-a-26-sm-b-33-41-sm-s-18-26-sm\/\" \/>\n<meta property=\"og:site_name\" content=\"Pet24\" \/>\n<meta property=\"article:publisher\" content=\"https:\/\/www.facebook.com\/pet24.md\" \/>\n<meta property=\"article:modified_time\" content=\"2024-09-22T22:14:10+00:00\" \/>\n<meta property=\"og:image\" content=\"https:\/\/pet24.md\/wp-content\/uploads\/2024\/09\/kurtochka-nakidka-dlya-sobak-airyvest-lumi-svetyashhayasya-xs-a-26-sm-b-33-41-sm-s-18-26-sm-4.webp\" \/>\n\t<meta property=\"og:image:width\" content=\"600\" \/>\n\t<meta property=\"og:image:height\" content=\"600\" \/>\n\t<meta property=\"og:image:type\" content=\"image\/webp\" \/>\n<meta name=\"twitter:card\" content=\"summary_large_image\" \/>\n<script type=\"application\/ld+json\" class=\"yoast-schema-graph\">{\"@context\":\"https:\\\/\\\/schema.org\",\"@graph\":[{\"@type\":\"WebPage\",\"@id\":\"https:\\\/\\\/pet24.md\\\/product\\\/kurtochka-nakidka-dlya-sobak-airyvest-lumi-svetyashhayasya-xs-a-26-sm-b-33-41-sm-s-18-26-sm\\\/\",\"url\":\"https:\\\/\\\/pet24.md\\\/product\\\/kurtochka-nakidka-dlya-sobak-airyvest-lumi-svetyashhayasya-xs-a-26-sm-b-33-41-sm-s-18-26-sm\\\/\",\"name\":\"\u041a\u0443\u0440\u0442\u043e\u0447\u043a\u0430-\u043d\u0430\u043a\u0438\u0434\u043a\u0430 \u0434\u043b\u044f \u0441\u043e\u0431\u0430\u043a AiryVest Lumi \u0441\u0432\u0435\u0442\u044f\u0449\u0430\u044f\u0441\u044f, XS, \u0410 26 \u0441\u043c, B 33-41 \u0441\u043c, \u0421 18-26 \u0441\u043c\",\"isPartOf\":{\"@id\":\"https:\\\/\\\/pet24.md\\\/#website\"},\"primaryImageOfPage\":{\"@id\":\"https:\\\/\\\/pet24.md\\\/product\\\/kurtochka-nakidka-dlya-sobak-airyvest-lumi-svetyashhayasya-xs-a-26-sm-b-33-41-sm-s-18-26-sm\\\/#primaryimage\"},\"image\":{\"@id\":\"https:\\\/\\\/pet24.md\\\/product\\\/kurtochka-nakidka-dlya-sobak-airyvest-lumi-svetyashhayasya-xs-a-26-sm-b-33-41-sm-s-18-26-sm\\\/#primaryimage\"},\"thumbnailUrl\":\"https:\\\/\\\/pet24.md\\\/wp-content\\\/uploads\\\/2024\\\/09\\\/kurtochka-nakidka-dlya-sobak-airyvest-lumi-svetyashhayasya-xs-a-26-sm-b-33-41-sm-s-18-26-sm-4.webp\",\"datePublished\":\"2024-01-04T15:28:18+00:00\",\"dateModified\":\"2024-09-22T22:14:10+00:00\",\"description\":\"\u041a\u0443\u043f\u0438\u0442\u044c \u041a\u0443\u0440\u0442\u043e\u0447\u043a\u0430-\u043d\u0430\u043a\u0438\u0434\u043a\u0430 \u0434\u043b\u044f \u0441\u043e\u0431\u0430\u043a AiryVest Lumi \u0441\u0432\u0435\u0442\u044f\u0449\u0430\u044f\u0441\u044f, XS, \u0410 26 \u0441\u043c, B 33-41 \u0441\u043c, \u0421 18-26 \u0441\u043c \u0441 \u0434\u043e\u0441\u0442\u0430\u0432\u043a\u043e\u0439 \u043f\u043e \u041a\u0438\u0448\u0438\u043d\u0435\u0432\u0443 \u0438 \u0432\u0441\u0435\u0439 \u041c\u043e\u043b\u0434\u043e\u0432\u0435 \u043d\u0430 Pet24\",\"breadcrumb\":{\"@id\":\"https:\\\/\\\/pet24.md\\\/product\\\/kurtochka-nakidka-dlya-sobak-airyvest-lumi-svetyashhayasya-xs-a-26-sm-b-33-41-sm-s-18-26-sm\\\/#breadcrumb\"},\"inLanguage\":\"ro-RO\",\"potentialAction\":[{\"@type\":\"ReadAction\",\"target\":[\"https:\\\/\\\/pet24.md\\\/product\\\/kurtochka-nakidka-dlya-sobak-airyvest-lumi-svetyashhayasya-xs-a-26-sm-b-33-41-sm-s-18-26-sm\\\/\"]}]},{\"@type\":\"ImageObject\",\"inLanguage\":\"ro-RO\",\"@id\":\"https:\\\/\\\/pet24.md\\\/product\\\/kurtochka-nakidka-dlya-sobak-airyvest-lumi-svetyashhayasya-xs-a-26-sm-b-33-41-sm-s-18-26-sm\\\/#primaryimage\",\"url\":\"https:\\\/\\\/pet24.md\\\/wp-content\\\/uploads\\\/2024\\\/09\\\/kurtochka-nakidka-dlya-sobak-airyvest-lumi-svetyashhayasya-xs-a-26-sm-b-33-41-sm-s-18-26-sm-4.webp\",\"contentUrl\":\"https:\\\/\\\/pet24.md\\\/wp-content\\\/uploads\\\/2024\\\/09\\\/kurtochka-nakidka-dlya-sobak-airyvest-lumi-svetyashhayasya-xs-a-26-sm-b-33-41-sm-s-18-26-sm-4.webp\",\"width\":600,\"height\":600,\"caption\":\"kurtochka nakidka dlya sobak airyvest lumi svetyashhayasya xs a 26 sm b 33 41 sm s 18 26 sm.jpg\"},{\"@type\":\"BreadcrumbList\",\"@id\":\"https:\\\/\\\/pet24.md\\\/product\\\/kurtochka-nakidka-dlya-sobak-airyvest-lumi-svetyashhayasya-xs-a-26-sm-b-33-41-sm-s-18-26-sm\\\/#breadcrumb\",\"itemListElement\":[{\"@type\":\"ListItem\",\"position\":1,\"name\":\"\u0413\u043b\u0430\u0432\u043d\u0430\u044f \u0441\u0442\u0440\u0430\u043d\u0438\u0446\u0430\",\"item\":\"https:\\\/\\\/pet24.md\\\/\"},{\"@type\":\"ListItem\",\"position\":2,\"name\":\"\u041c\u0430\u0433\u0430\u0437\u0438\u043d\",\"item\":\"https:\\\/\\\/pet24.md\\\/shop\\\/\"},{\"@type\":\"ListItem\",\"position\":3,\"name\":\"\u041a\u0443\u0440\u0442\u043e\u0447\u043a\u0430-\u043d\u0430\u043a\u0438\u0434\u043a\u0430 \u0434\u043b\u044f \u0441\u043e\u0431\u0430\u043a AiryVest Lumi \u0441\u0432\u0435\u0442\u044f\u0449\u0430\u044f\u0441\u044f, XS, \u0410 26 \u0441\u043c, B 33-41 \u0441\u043c, \u0421 18-26 \u0441\u043c\"}]},{\"@type\":\"WebSite\",\"@id\":\"https:\\\/\\\/pet24.md\\\/#website\",\"url\":\"https:\\\/\\\/pet24.md\\\/\",\"name\":\"Pet24\",\"description\":\"\u0417\u043e\u043e\u043c\u0430\u0433\u0430\u0437\u0438\u043d \u0442\u043e\u0432\u0430\u0440\u043e\u0432 \u0434\u043b\u044f \u0434\u043e\u043c\u0430\u0448\u043d\u0438\u0445 \u043f\u0438\u0442\u043e\u043c\u0446\u0435\u0432\",\"publisher\":{\"@id\":\"https:\\\/\\\/pet24.md\\\/#organization\"},\"potentialAction\":[{\"@type\":\"SearchAction\",\"target\":{\"@type\":\"EntryPoint\",\"urlTemplate\":\"https:\\\/\\\/pet24.md\\\/?s={search_term_string}\"},\"query-input\":{\"@type\":\"PropertyValueSpecification\",\"valueRequired\":true,\"valueName\":\"search_term_string\"}}],\"inLanguage\":\"ro-RO\"},{\"@type\":\"Organization\",\"@id\":\"https:\\\/\\\/pet24.md\\\/#organization\",\"name\":\"Pet24\",\"url\":\"https:\\\/\\\/pet24.md\\\/\",\"logo\":{\"@type\":\"ImageObject\",\"inLanguage\":\"ro-RO\",\"@id\":\"https:\\\/\\\/pet24.md\\\/#\\\/schema\\\/logo\\\/image\\\/\",\"url\":\"https:\\\/\\\/pet24.md\\\/wp-content\\\/uploads\\\/2024\\\/09\\\/logo.svg\",\"contentUrl\":\"https:\\\/\\\/pet24.md\\\/wp-content\\\/uploads\\\/2024\\\/09\\\/logo.svg\",\"width\":215,\"height\":66,\"caption\":\"Pet24\"},\"image\":{\"@id\":\"https:\\\/\\\/pet24.md\\\/#\\\/schema\\\/logo\\\/image\\\/\"},\"sameAs\":[\"https:\\\/\\\/www.facebook.com\\\/pet24.md\",\"https:\\\/\\\/www.instagram.com\\\/pet24.md\\\/\"],\"telephone\":\"+37360508880\"}]}<\/script>\n<!-- \/ Yoast SEO Premium plugin. -->","yoast_head_json":{"title":"Jachet\u0103-pelerin\u0103 pentru c\u00e2ini AiryVest Lumi luminoas\u0103, XS, A 26 cm, B 33-41 cm, C 18-26 cm","description":"\u041a\u0443\u043f\u0438\u0442\u044c \u041a\u0443\u0440\u0442\u043e\u0447\u043a\u0430-\u043d\u0430\u043a\u0438\u0434\u043a\u0430 \u0434\u043b\u044f \u0441\u043e\u0431\u0430\u043a AiryVest Lumi \u0441\u0432\u0435\u0442\u044f\u0449\u0430\u044f\u0441\u044f, XS, \u0410 26 \u0441\u043c, B 33-41 \u0441\u043c, \u0421 18-26 \u0441\u043c \u0441 \u0434\u043e\u0441\u0442\u0430\u0432\u043a\u043e\u0439 \u043f\u043e \u041a\u0438\u0448\u0438\u043d\u0435\u0432\u0443 \u0438 \u0432\u0441\u0435\u0439 \u041c\u043e\u043b\u0434\u043e\u0432\u0435 \u043d\u0430 Pet24","robots":{"index":"index","follow":"follow","max-snippet":"max-snippet:-1","max-image-preview":"max-image-preview:large","max-video-preview":"max-video-preview:-1"},"canonical":"https:\/\/pet24.md\/ro\/produs\/kurtochka-nakidka-dlya-sobak-airyvest-lumi-svetyashhayasya-xs-a-26-sm-b-33-41-sm-s-18-26-sm\/","og_locale":"ro_RO","og_type":"article","og_title":"\u041a\u0443\u0440\u0442\u043e\u0447\u043a\u0430-\u043d\u0430\u043a\u0438\u0434\u043a\u0430 \u0434\u043b\u044f \u0441\u043e\u0431\u0430\u043a AiryVest Lumi \u0441\u0432\u0435\u0442\u044f\u0449\u0430\u044f\u0441\u044f, XS, \u0410 26 \u0441\u043c, B 33-41 \u0441\u043c, \u0421 18-26 \u0441\u043c","og_description":"\u041a\u0443\u043f\u0438\u0442\u044c \u041a\u0443\u0440\u0442\u043e\u0447\u043a\u0430-\u043d\u0430\u043a\u0438\u0434\u043a\u0430 \u0434\u043b\u044f \u0441\u043e\u0431\u0430\u043a AiryVest Lumi \u0441\u0432\u0435\u0442\u044f\u0449\u0430\u044f\u0441\u044f, XS, \u0410 26 \u0441\u043c, B 33-41 \u0441\u043c, \u0421 18-26 \u0441\u043c \u0441 \u0434\u043e\u0441\u0442\u0430\u0432\u043a\u043e\u0439 \u043f\u043e \u041a\u0438\u0448\u0438\u043d\u0435\u0432\u0443 \u0438 \u0432\u0441\u0435\u0439 \u041c\u043e\u043b\u0434\u043e\u0432\u0435 \u043d\u0430 Pet24","og_url":"https:\/\/pet24.md\/ro\/produs\/kurtochka-nakidka-dlya-sobak-airyvest-lumi-svetyashhayasya-xs-a-26-sm-b-33-41-sm-s-18-26-sm\/","og_site_name":"Pet24","article_publisher":"https:\/\/www.facebook.com\/pet24.md","article_modified_time":"2024-09-22T22:14:10+00:00","og_image":[{"width":600,"height":600,"url":"https:\/\/pet24.md\/wp-content\/uploads\/2024\/09\/kurtochka-nakidka-dlya-sobak-airyvest-lumi-svetyashhayasya-xs-a-26-sm-b-33-41-sm-s-18-26-sm-4.webp","type":"image\/webp"}],"twitter_card":"summary_large_image","schema":{"@context":"https:\/\/schema.org","@graph":[{"@type":"WebPage","@id":"https:\/\/pet24.md\/product\/kurtochka-nakidka-dlya-sobak-airyvest-lumi-svetyashhayasya-xs-a-26-sm-b-33-41-sm-s-18-26-sm\/","url":"https:\/\/pet24.md\/product\/kurtochka-nakidka-dlya-sobak-airyvest-lumi-svetyashhayasya-xs-a-26-sm-b-33-41-sm-s-18-26-sm\/","name":"Jachet\u0103-pelerin\u0103 pentru c\u00e2ini AiryVest Lumi luminoas\u0103, XS, A 26 cm, B 33-41 cm, C 18-26 cm","isPartOf":{"@id":"https:\/\/pet24.md\/#website"},"primaryImageOfPage":{"@id":"https:\/\/pet24.md\/product\/kurtochka-nakidka-dlya-sobak-airyvest-lumi-svetyashhayasya-xs-a-26-sm-b-33-41-sm-s-18-26-sm\/#primaryimage"},"image":{"@id":"https:\/\/pet24.md\/product\/kurtochka-nakidka-dlya-sobak-airyvest-lumi-svetyashhayasya-xs-a-26-sm-b-33-41-sm-s-18-26-sm\/#primaryimage"},"thumbnailUrl":"https:\/\/pet24.md\/wp-content\/uploads\/2024\/09\/kurtochka-nakidka-dlya-sobak-airyvest-lumi-svetyashhayasya-xs-a-26-sm-b-33-41-sm-s-18-26-sm-4.webp","datePublished":"2024-01-04T15:28:18+00:00","dateModified":"2024-09-22T22:14:10+00:00","description":"\u041a\u0443\u043f\u0438\u0442\u044c \u041a\u0443\u0440\u0442\u043e\u0447\u043a\u0430-\u043d\u0430\u043a\u0438\u0434\u043a\u0430 \u0434\u043b\u044f \u0441\u043e\u0431\u0430\u043a AiryVest Lumi \u0441\u0432\u0435\u0442\u044f\u0449\u0430\u044f\u0441\u044f, XS, \u0410 26 \u0441\u043c, B 33-41 \u0441\u043c, \u0421 18-26 \u0441\u043c \u0441 \u0434\u043e\u0441\u0442\u0430\u0432\u043a\u043e\u0439 \u043f\u043e \u041a\u0438\u0448\u0438\u043d\u0435\u0432\u0443 \u0438 \u0432\u0441\u0435\u0439 \u041c\u043e\u043b\u0434\u043e\u0432\u0435 \u043d\u0430 Pet24","breadcrumb":{"@id":"https:\/\/pet24.md\/product\/kurtochka-nakidka-dlya-sobak-airyvest-lumi-svetyashhayasya-xs-a-26-sm-b-33-41-sm-s-18-26-sm\/#breadcrumb"},"inLanguage":"ro-RO","potentialAction":[{"@type":"ReadAction","target":["https:\/\/pet24.md\/product\/kurtochka-nakidka-dlya-sobak-airyvest-lumi-svetyashhayasya-xs-a-26-sm-b-33-41-sm-s-18-26-sm\/"]}]},{"@type":"ImageObject","inLanguage":"ro-RO","@id":"https:\/\/pet24.md\/product\/kurtochka-nakidka-dlya-sobak-airyvest-lumi-svetyashhayasya-xs-a-26-sm-b-33-41-sm-s-18-26-sm\/#primaryimage","url":"https:\/\/pet24.md\/wp-content\/uploads\/2024\/09\/kurtochka-nakidka-dlya-sobak-airyvest-lumi-svetyashhayasya-xs-a-26-sm-b-33-41-sm-s-18-26-sm-4.webp","contentUrl":"https:\/\/pet24.md\/wp-content\/uploads\/2024\/09\/kurtochka-nakidka-dlya-sobak-airyvest-lumi-svetyashhayasya-xs-a-26-sm-b-33-41-sm-s-18-26-sm-4.webp","width":600,"height":600,"caption":"kurtochka nakidka dlya sobak airyvest lumi svetyashhayasya xs a 26 sm b 33 41 sm s 18 26 sm.jpg"},{"@type":"BreadcrumbList","@id":"https:\/\/pet24.md\/product\/kurtochka-nakidka-dlya-sobak-airyvest-lumi-svetyashhayasya-xs-a-26-sm-b-33-41-sm-s-18-26-sm\/#breadcrumb","itemListElement":[{"@type":"ListItem","position":1,"name":"\u0413\u043b\u0430\u0432\u043d\u0430\u044f \u0441\u0442\u0440\u0430\u043d\u0438\u0446\u0430","item":"https:\/\/pet24.md\/"},{"@type":"ListItem","position":2,"name":"\u041c\u0430\u0433\u0430\u0437\u0438\u043d","item":"https:\/\/pet24.md\/shop\/"},{"@type":"ListItem","position":3,"name":"\u041a\u0443\u0440\u0442\u043e\u0447\u043a\u0430-\u043d\u0430\u043a\u0438\u0434\u043a\u0430 \u0434\u043b\u044f \u0441\u043e\u0431\u0430\u043a AiryVest Lumi \u0441\u0432\u0435\u0442\u044f\u0449\u0430\u044f\u0441\u044f, XS, \u0410 26 \u0441\u043c, B 33-41 \u0441\u043c, \u0421 18-26 \u0441\u043c"}]},{"@type":"WebSite","@id":"https:\/\/pet24.md\/#website","url":"https:\/\/pet24.md\/","name":"Pet24","description":"Magazin de animale de companie","publisher":{"@id":"https:\/\/pet24.md\/#organization"},"potentialAction":[{"@type":"SearchAction","target":{"@type":"EntryPoint","urlTemplate":"https:\/\/pet24.md\/?s={search_term_string}"},"query-input":{"@type":"PropertyValueSpecification","valueRequired":true,"valueName":"search_term_string"}}],"inLanguage":"ro-RO"},{"@type":"Organization","@id":"https:\/\/pet24.md\/#organization","name":"Pet24","url":"https:\/\/pet24.md\/","logo":{"@type":"ImageObject","inLanguage":"ro-RO","@id":"https:\/\/pet24.md\/#\/schema\/logo\/image\/","url":"https:\/\/pet24.md\/wp-content\/uploads\/2024\/09\/logo.svg","contentUrl":"https:\/\/pet24.md\/wp-content\/uploads\/2024\/09\/logo.svg","width":215,"height":66,"caption":"Pet24"},"image":{"@id":"https:\/\/pet24.md\/#\/schema\/logo\/image\/"},"sameAs":["https:\/\/www.facebook.com\/pet24.md","https:\/\/www.instagram.com\/pet24.md\/"],"telephone":"+37360508880"}]}},"_links":{"self":[{"href":"https:\/\/pet24.md\/ro\/wp-json\/wp\/v2\/product\/35297","targetHints":{"allow":["GET"]}}],"collection":[{"href":"https:\/\/pet24.md\/ro\/wp-json\/wp\/v2\/product"}],"about":[{"href":"https:\/\/pet24.md\/ro\/wp-json\/wp\/v2\/types\/product"}],"replies":[{"embeddable":true,"href":"https:\/\/pet24.md\/ro\/wp-json\/wp\/v2\/comments?post=35297"}],"wp:featuredmedia":[{"embeddable":true,"href":"https:\/\/pet24.md\/ro\/wp-json\/wp\/v2\/media\/90531"}],"wp:attachment":[{"href":"https:\/\/pet24.md\/ro\/wp-json\/wp\/v2\/media?parent=35297"}],"wp:term":[{"taxonomy":"product_brand","embeddable":true,"href":"https:\/\/pet24.md\/ro\/wp-json\/wp\/v2\/product_brand?post=35297"},{"taxonomy":"product_cat","embeddable":true,"href":"https:\/\/pet24.md\/ro\/wp-json\/wp\/v2\/product_cat?post=35297"},{"taxonomy":"product_tag","embeddable":true,"href":"https:\/\/pet24.md\/ro\/wp-json\/wp\/v2\/product_tag?post=35297"}],"curies":[{"name":"wp","href":"https:\/\/api.w.org\/{rel}","templated":true}]}}