{"id":70690,"date":"2024-01-04T15:28:14","date_gmt":"2024-01-04T15:28:14","guid":{"rendered":"https:\/\/pet24.md\/?post_type=product&#038;p=70690"},"modified":"2024-09-22T22:14:13","modified_gmt":"2024-09-22T22:14:13","slug":"povodok-dlya-sobak-vodostojkij-waudog-waterproof-svetyashhijsya-m-sh-20-mm-dl-305-sm","status":"publish","type":"product","link":"https:\/\/pet24.md\/ro\/produs\/povodok-dlya-sobak-vodostojkij-waudog-waterproof-svetyashhijsya-m-sh-20-mm-dl-305-sm\/","title":{"rendered":"Les\u0103 pentru c\u00e2ini impermeabil\u0103 WAUDOG Impermeabil, luminoas\u0103, M, L 20 mm, L 305 cm"},"content":{"rendered":"<h1>Lese de \u00eenalt\u0103 calitate, durabile \u0219i stilate<\/h1>\n<p>Seria de lese WAUDOG Waterproof este realizat\u0103 din materialul inovator COLLARTEX dezvoltat de COLLAR.<\/p>\n<h3>Specificatii:<\/h3>\n<ul>\n<li><strong>Elegant \u0219i luminos<\/strong>: Design durabil \u0219i de ultim\u0103 or\u0103, perfect pentru orice stil.<\/li>\n<li><strong>Str\u0103luce\u0219te \u00een \u00eentuneric<\/strong>:Lesele sunt vizibile chiar \u0219i \u00een condi\u021bii de lumin\u0103 sc\u0103zut\u0103.<\/li>\n<li><strong>material COLLARTEX<\/strong>: Rezist\u0103 sarcini mari \u0219i este extrem de durabil, oferind o durat\u0103 de via\u021b\u0103 lung\u0103.<\/li>\n<li><strong>Pl\u0103cut la atingere<\/strong>: Materialul nu taie sau freca mainile, oferind confort maxim.<\/li>\n<li><strong>Practic<\/strong>: Nu se tem de ap\u0103, sunt u\u0219or de cur\u0103\u021bat, iar culorile str\u0103lucitoare nu se estompeaz\u0103 la soare.<\/li>\n<li><strong>Anti-alunecare<\/strong>: Textura unic\u0103 a materialului previne alunecarea chiar \u0219i atunci c\u00e2nd lesa se ud\u0103.<\/li>\n<\/ul>","protected":false},"excerpt":{"rendered":"<p>\u0412\u044b\u0441\u043e\u043a\u043e\u043a\u0430\u0447\u0435\u0441\u0442\u0432\u0435\u043d\u043d\u044b\u0435, \u043f\u0440\u043e\u0447\u043d\u044b\u0435 \u0438 \u0441\u0442\u0438\u043b\u044c\u043d\u044b\u0435 \u043f\u043e\u0432\u043e\u0434\u043a\u0438 \u0421\u0435\u0440\u0438\u044f \u043f\u043e\u0432\u043e\u0434\u043a\u043e\u0432 WAUDOG Waterproof \u0438\u0437\u0433\u043e\u0442\u043e\u0432\u043b\u0435\u043d\u0430 \u0438\u0437 \u0438\u043d\u043d\u043e\u0432\u0430\u0446\u0438\u043e\u043d\u043d\u043e\u0433\u043e \u043c\u0430\u0442\u0435\u0440\u0438\u0430\u043b\u0430 COLLARTEX, \u0440\u0430\u0437\u0440\u0430\u0431\u043e\u0442\u0430\u043d\u043d\u043e\u0433\u043e \u043a\u043e\u043c\u043f\u0430\u043d\u0438\u0435\u0439 COLLAR. \u0425\u0430\u0440\u0430\u043a\u0442\u0435\u0440\u0438\u0441\u0442\u0438\u043a\u0438: \u0421\u0442\u0438\u043b\u044c\u043d\u044b\u0435 \u0438 \u044f\u0440\u043a\u0438\u0435: \u041d\u0430\u0434\u0435\u0436\u043d\u044b\u0439&hellip;<\/p>","protected":false},"featured_media":90567,"comment_status":"open","ping_status":"closed","template":"","meta":[],"product_brand":[],"product_cat":[136,137,138],"product_tag":[],"class_list":{"0":"post-70690","1":"product","2":"type-product","3":"status-publish","4":"has-post-thumbnail","6":"product_cat-dog","7":"product_cat-dogs-ammunition","8":"product_cat-dog-leashes","9":"pa_age-pet-lyuboj-vozrast","10":"pa_brand-waudog-waterproof","11":"pa_color-mentolovyj","12":"pa_dlina-sm-305-sm","13":"pa_material-collartex","14":"pa_pet-sobaka","15":"pa_shirina-20-mm","16":"pa_size-m","18":"first","19":"outofstock","20":"product-type-simple"},"yoast_head":"<!-- This site is optimized with the Yoast SEO Premium plugin v23.7 (Yoast SEO v27.6) - https:\/\/yoast.com\/product\/yoast-seo-premium-wordpress\/ -->\n<title>\u041f\u043e\u0432\u043e\u0434\u043e\u043a \u0434\u043b\u044f \u0441\u043e\u0431\u0430\u043a \u0432\u043e\u0434\u043e\u0441\u0442\u043e\u0439\u043a\u0438\u0439 WAUDOG Waterproof, \u0441\u0432\u0435\u0442\u044f\u0449\u0438\u0439\u0441\u044f, M, \u0428 20 \u043c\u043c, \u0414\u043b 305 \u0441\u043c<\/title>\n<meta name=\"description\" content=\"\u041a\u0443\u043f\u0438\u0442\u044c \u041f\u043e\u0432\u043e\u0434\u043e\u043a \u0434\u043b\u044f \u0441\u043e\u0431\u0430\u043a \u0432\u043e\u0434\u043e\u0441\u0442\u043e\u0439\u043a\u0438\u0439 WAUDOG Waterproof, \u0441\u0432\u0435\u0442\u044f\u0449\u0438\u0439\u0441\u044f, M, \u0428 20 \u043c\u043c, \u0414\u043b 305 \u0441\u043c \u0441 \u0434\u043e\u0441\u0442\u0430\u0432\u043a\u043e\u0439 \u043f\u043e \u041a\u0438\u0448\u0438\u043d\u0435\u0432\u0443 \u0438 \u0432\u0441\u0435\u0439 \u041c\u043e\u043b\u0434\u043e\u0432\u0435 \u043d\u0430 Pet24\" \/>\n<meta name=\"robots\" content=\"index, follow, max-snippet:-1, max-image-preview:large, max-video-preview:-1\" \/>\n<link rel=\"canonical\" href=\"https:\/\/pet24.md\/ro\/produs\/povodok-dlya-sobak-vodostojkij-waudog-waterproof-svetyashhijsya-m-sh-20-mm-dl-305-sm\/\" \/>\n<meta property=\"og:locale\" content=\"ro_RO\" \/>\n<meta property=\"og:type\" content=\"article\" \/>\n<meta property=\"og:title\" content=\"\u041f\u043e\u0432\u043e\u0434\u043e\u043a \u0434\u043b\u044f \u0441\u043e\u0431\u0430\u043a \u0432\u043e\u0434\u043e\u0441\u0442\u043e\u0439\u043a\u0438\u0439 WAUDOG Waterproof, \u0441\u0432\u0435\u0442\u044f\u0449\u0438\u0439\u0441\u044f, M, \u0428 20 \u043c\u043c, \u0414\u043b 305 \u0441\u043c\" \/>\n<meta property=\"og:description\" content=\"\u041a\u0443\u043f\u0438\u0442\u044c \u041f\u043e\u0432\u043e\u0434\u043e\u043a \u0434\u043b\u044f \u0441\u043e\u0431\u0430\u043a \u0432\u043e\u0434\u043e\u0441\u0442\u043e\u0439\u043a\u0438\u0439 WAUDOG Waterproof, \u0441\u0432\u0435\u0442\u044f\u0449\u0438\u0439\u0441\u044f, M, \u0428 20 \u043c\u043c, \u0414\u043b 305 \u0441\u043c \u0441 \u0434\u043e\u0441\u0442\u0430\u0432\u043a\u043e\u0439 \u043f\u043e \u041a\u0438\u0448\u0438\u043d\u0435\u0432\u0443 \u0438 \u0432\u0441\u0435\u0439 \u041c\u043e\u043b\u0434\u043e\u0432\u0435 \u043d\u0430 Pet24\" \/>\n<meta property=\"og:url\" content=\"https:\/\/pet24.md\/ro\/produs\/povodok-dlya-sobak-vodostojkij-waudog-waterproof-svetyashhijsya-m-sh-20-mm-dl-305-sm\/\" \/>\n<meta property=\"og:site_name\" content=\"Pet24\" \/>\n<meta property=\"article:publisher\" content=\"https:\/\/www.facebook.com\/pet24.md\" \/>\n<meta property=\"article:modified_time\" content=\"2024-09-22T22:14:13+00:00\" \/>\n<meta property=\"og:image\" content=\"https:\/\/pet24.md\/wp-content\/uploads\/2024\/09\/2730_00_01-1200x1200-1-2.webp\" \/>\n\t<meta property=\"og:image:width\" content=\"600\" \/>\n\t<meta property=\"og:image:height\" content=\"600\" \/>\n\t<meta property=\"og:image:type\" content=\"image\/webp\" \/>\n<meta name=\"twitter:card\" content=\"summary_large_image\" \/>\n<script type=\"application\/ld+json\" class=\"yoast-schema-graph\">{\"@context\":\"https:\\\/\\\/schema.org\",\"@graph\":[{\"@type\":\"WebPage\",\"@id\":\"https:\\\/\\\/pet24.md\\\/product\\\/povodok-dlya-sobak-vodostojkij-waudog-waterproof-svetyashhijsya-m-sh-20-mm-dl-305-sm\\\/\",\"url\":\"https:\\\/\\\/pet24.md\\\/product\\\/povodok-dlya-sobak-vodostojkij-waudog-waterproof-svetyashhijsya-m-sh-20-mm-dl-305-sm\\\/\",\"name\":\"\u041f\u043e\u0432\u043e\u0434\u043e\u043a \u0434\u043b\u044f \u0441\u043e\u0431\u0430\u043a \u0432\u043e\u0434\u043e\u0441\u0442\u043e\u0439\u043a\u0438\u0439 WAUDOG Waterproof, \u0441\u0432\u0435\u0442\u044f\u0449\u0438\u0439\u0441\u044f, M, \u0428 20 \u043c\u043c, \u0414\u043b 305 \u0441\u043c\",\"isPartOf\":{\"@id\":\"https:\\\/\\\/pet24.md\\\/#website\"},\"primaryImageOfPage\":{\"@id\":\"https:\\\/\\\/pet24.md\\\/product\\\/povodok-dlya-sobak-vodostojkij-waudog-waterproof-svetyashhijsya-m-sh-20-mm-dl-305-sm\\\/#primaryimage\"},\"image\":{\"@id\":\"https:\\\/\\\/pet24.md\\\/product\\\/povodok-dlya-sobak-vodostojkij-waudog-waterproof-svetyashhijsya-m-sh-20-mm-dl-305-sm\\\/#primaryimage\"},\"thumbnailUrl\":\"https:\\\/\\\/pet24.md\\\/wp-content\\\/uploads\\\/2024\\\/09\\\/2730_00_01-1200x1200-1-2.webp\",\"datePublished\":\"2024-01-04T15:28:14+00:00\",\"dateModified\":\"2024-09-22T22:14:13+00:00\",\"description\":\"\u041a\u0443\u043f\u0438\u0442\u044c \u041f\u043e\u0432\u043e\u0434\u043e\u043a \u0434\u043b\u044f \u0441\u043e\u0431\u0430\u043a \u0432\u043e\u0434\u043e\u0441\u0442\u043e\u0439\u043a\u0438\u0439 WAUDOG Waterproof, \u0441\u0432\u0435\u0442\u044f\u0449\u0438\u0439\u0441\u044f, M, \u0428 20 \u043c\u043c, \u0414\u043b 305 \u0441\u043c \u0441 \u0434\u043e\u0441\u0442\u0430\u0432\u043a\u043e\u0439 \u043f\u043e \u041a\u0438\u0448\u0438\u043d\u0435\u0432\u0443 \u0438 \u0432\u0441\u0435\u0439 \u041c\u043e\u043b\u0434\u043e\u0432\u0435 \u043d\u0430 Pet24\",\"breadcrumb\":{\"@id\":\"https:\\\/\\\/pet24.md\\\/product\\\/povodok-dlya-sobak-vodostojkij-waudog-waterproof-svetyashhijsya-m-sh-20-mm-dl-305-sm\\\/#breadcrumb\"},\"inLanguage\":\"ro-RO\",\"potentialAction\":[{\"@type\":\"ReadAction\",\"target\":[\"https:\\\/\\\/pet24.md\\\/product\\\/povodok-dlya-sobak-vodostojkij-waudog-waterproof-svetyashhijsya-m-sh-20-mm-dl-305-sm\\\/\"]}]},{\"@type\":\"ImageObject\",\"inLanguage\":\"ro-RO\",\"@id\":\"https:\\\/\\\/pet24.md\\\/product\\\/povodok-dlya-sobak-vodostojkij-waudog-waterproof-svetyashhijsya-m-sh-20-mm-dl-305-sm\\\/#primaryimage\",\"url\":\"https:\\\/\\\/pet24.md\\\/wp-content\\\/uploads\\\/2024\\\/09\\\/2730_00_01-1200x1200-1-2.webp\",\"contentUrl\":\"https:\\\/\\\/pet24.md\\\/wp-content\\\/uploads\\\/2024\\\/09\\\/2730_00_01-1200x1200-1-2.webp\",\"width\":600,\"height\":600,\"caption\":\"2730 00 01 1200x1200 1 2\"},{\"@type\":\"BreadcrumbList\",\"@id\":\"https:\\\/\\\/pet24.md\\\/product\\\/povodok-dlya-sobak-vodostojkij-waudog-waterproof-svetyashhijsya-m-sh-20-mm-dl-305-sm\\\/#breadcrumb\",\"itemListElement\":[{\"@type\":\"ListItem\",\"position\":1,\"name\":\"\u0413\u043b\u0430\u0432\u043d\u0430\u044f \u0441\u0442\u0440\u0430\u043d\u0438\u0446\u0430\",\"item\":\"https:\\\/\\\/pet24.md\\\/\"},{\"@type\":\"ListItem\",\"position\":2,\"name\":\"\u041c\u0430\u0433\u0430\u0437\u0438\u043d\",\"item\":\"https:\\\/\\\/pet24.md\\\/shop\\\/\"},{\"@type\":\"ListItem\",\"position\":3,\"name\":\"\u041f\u043e\u0432\u043e\u0434\u043e\u043a \u0434\u043b\u044f \u0441\u043e\u0431\u0430\u043a \u0432\u043e\u0434\u043e\u0441\u0442\u043e\u0439\u043a\u0438\u0439 WAUDOG Waterproof, \u0441\u0432\u0435\u0442\u044f\u0449\u0438\u0439\u0441\u044f, M, \u0428 20 \u043c\u043c, \u0414\u043b 305 \u0441\u043c\"}]},{\"@type\":\"WebSite\",\"@id\":\"https:\\\/\\\/pet24.md\\\/#website\",\"url\":\"https:\\\/\\\/pet24.md\\\/\",\"name\":\"Pet24\",\"description\":\"\u0417\u043e\u043e\u043c\u0430\u0433\u0430\u0437\u0438\u043d \u0442\u043e\u0432\u0430\u0440\u043e\u0432 \u0434\u043b\u044f \u0434\u043e\u043c\u0430\u0448\u043d\u0438\u0445 \u043f\u0438\u0442\u043e\u043c\u0446\u0435\u0432\",\"publisher\":{\"@id\":\"https:\\\/\\\/pet24.md\\\/#organization\"},\"potentialAction\":[{\"@type\":\"SearchAction\",\"target\":{\"@type\":\"EntryPoint\",\"urlTemplate\":\"https:\\\/\\\/pet24.md\\\/?s={search_term_string}\"},\"query-input\":{\"@type\":\"PropertyValueSpecification\",\"valueRequired\":true,\"valueName\":\"search_term_string\"}}],\"inLanguage\":\"ro-RO\"},{\"@type\":\"Organization\",\"@id\":\"https:\\\/\\\/pet24.md\\\/#organization\",\"name\":\"Pet24\",\"url\":\"https:\\\/\\\/pet24.md\\\/\",\"logo\":{\"@type\":\"ImageObject\",\"inLanguage\":\"ro-RO\",\"@id\":\"https:\\\/\\\/pet24.md\\\/#\\\/schema\\\/logo\\\/image\\\/\",\"url\":\"https:\\\/\\\/pet24.md\\\/wp-content\\\/uploads\\\/2024\\\/09\\\/logo.svg\",\"contentUrl\":\"https:\\\/\\\/pet24.md\\\/wp-content\\\/uploads\\\/2024\\\/09\\\/logo.svg\",\"width\":215,\"height\":66,\"caption\":\"Pet24\"},\"image\":{\"@id\":\"https:\\\/\\\/pet24.md\\\/#\\\/schema\\\/logo\\\/image\\\/\"},\"sameAs\":[\"https:\\\/\\\/www.facebook.com\\\/pet24.md\",\"https:\\\/\\\/www.instagram.com\\\/pet24.md\\\/\"],\"telephone\":\"+37360508880\"}]}<\/script>\n<!-- \/ Yoast SEO Premium plugin. -->","yoast_head_json":{"title":"Les\u0103 pentru c\u00e2ini impermeabil\u0103 WAUDOG Impermeabil, luminoas\u0103, M, L 20 mm, L 305 cm","description":"\u041a\u0443\u043f\u0438\u0442\u044c \u041f\u043e\u0432\u043e\u0434\u043e\u043a \u0434\u043b\u044f \u0441\u043e\u0431\u0430\u043a \u0432\u043e\u0434\u043e\u0441\u0442\u043e\u0439\u043a\u0438\u0439 WAUDOG Waterproof, \u0441\u0432\u0435\u0442\u044f\u0449\u0438\u0439\u0441\u044f, M, \u0428 20 \u043c\u043c, \u0414\u043b 305 \u0441\u043c \u0441 \u0434\u043e\u0441\u0442\u0430\u0432\u043a\u043e\u0439 \u043f\u043e \u041a\u0438\u0448\u0438\u043d\u0435\u0432\u0443 \u0438 \u0432\u0441\u0435\u0439 \u041c\u043e\u043b\u0434\u043e\u0432\u0435 \u043d\u0430 Pet24","robots":{"index":"index","follow":"follow","max-snippet":"max-snippet:-1","max-image-preview":"max-image-preview:large","max-video-preview":"max-video-preview:-1"},"canonical":"https:\/\/pet24.md\/ro\/produs\/povodok-dlya-sobak-vodostojkij-waudog-waterproof-svetyashhijsya-m-sh-20-mm-dl-305-sm\/","og_locale":"ro_RO","og_type":"article","og_title":"\u041f\u043e\u0432\u043e\u0434\u043e\u043a \u0434\u043b\u044f \u0441\u043e\u0431\u0430\u043a \u0432\u043e\u0434\u043e\u0441\u0442\u043e\u0439\u043a\u0438\u0439 WAUDOG Waterproof, \u0441\u0432\u0435\u0442\u044f\u0449\u0438\u0439\u0441\u044f, M, \u0428 20 \u043c\u043c, \u0414\u043b 305 \u0441\u043c","og_description":"\u041a\u0443\u043f\u0438\u0442\u044c \u041f\u043e\u0432\u043e\u0434\u043e\u043a \u0434\u043b\u044f \u0441\u043e\u0431\u0430\u043a \u0432\u043e\u0434\u043e\u0441\u0442\u043e\u0439\u043a\u0438\u0439 WAUDOG Waterproof, \u0441\u0432\u0435\u0442\u044f\u0449\u0438\u0439\u0441\u044f, M, \u0428 20 \u043c\u043c, \u0414\u043b 305 \u0441\u043c \u0441 \u0434\u043e\u0441\u0442\u0430\u0432\u043a\u043e\u0439 \u043f\u043e \u041a\u0438\u0448\u0438\u043d\u0435\u0432\u0443 \u0438 \u0432\u0441\u0435\u0439 \u041c\u043e\u043b\u0434\u043e\u0432\u0435 \u043d\u0430 Pet24","og_url":"https:\/\/pet24.md\/ro\/produs\/povodok-dlya-sobak-vodostojkij-waudog-waterproof-svetyashhijsya-m-sh-20-mm-dl-305-sm\/","og_site_name":"Pet24","article_publisher":"https:\/\/www.facebook.com\/pet24.md","article_modified_time":"2024-09-22T22:14:13+00:00","og_image":[{"width":600,"height":600,"url":"https:\/\/pet24.md\/wp-content\/uploads\/2024\/09\/2730_00_01-1200x1200-1-2.webp","type":"image\/webp"}],"twitter_card":"summary_large_image","schema":{"@context":"https:\/\/schema.org","@graph":[{"@type":"WebPage","@id":"https:\/\/pet24.md\/product\/povodok-dlya-sobak-vodostojkij-waudog-waterproof-svetyashhijsya-m-sh-20-mm-dl-305-sm\/","url":"https:\/\/pet24.md\/product\/povodok-dlya-sobak-vodostojkij-waudog-waterproof-svetyashhijsya-m-sh-20-mm-dl-305-sm\/","name":"Les\u0103 pentru c\u00e2ini impermeabil\u0103 WAUDOG Impermeabil, luminoas\u0103, M, L 20 mm, L 305 cm","isPartOf":{"@id":"https:\/\/pet24.md\/#website"},"primaryImageOfPage":{"@id":"https:\/\/pet24.md\/product\/povodok-dlya-sobak-vodostojkij-waudog-waterproof-svetyashhijsya-m-sh-20-mm-dl-305-sm\/#primaryimage"},"image":{"@id":"https:\/\/pet24.md\/product\/povodok-dlya-sobak-vodostojkij-waudog-waterproof-svetyashhijsya-m-sh-20-mm-dl-305-sm\/#primaryimage"},"thumbnailUrl":"https:\/\/pet24.md\/wp-content\/uploads\/2024\/09\/2730_00_01-1200x1200-1-2.webp","datePublished":"2024-01-04T15:28:14+00:00","dateModified":"2024-09-22T22:14:13+00:00","description":"\u041a\u0443\u043f\u0438\u0442\u044c \u041f\u043e\u0432\u043e\u0434\u043e\u043a \u0434\u043b\u044f \u0441\u043e\u0431\u0430\u043a \u0432\u043e\u0434\u043e\u0441\u0442\u043e\u0439\u043a\u0438\u0439 WAUDOG Waterproof, \u0441\u0432\u0435\u0442\u044f\u0449\u0438\u0439\u0441\u044f, M, \u0428 20 \u043c\u043c, \u0414\u043b 305 \u0441\u043c \u0441 \u0434\u043e\u0441\u0442\u0430\u0432\u043a\u043e\u0439 \u043f\u043e \u041a\u0438\u0448\u0438\u043d\u0435\u0432\u0443 \u0438 \u0432\u0441\u0435\u0439 \u041c\u043e\u043b\u0434\u043e\u0432\u0435 \u043d\u0430 Pet24","breadcrumb":{"@id":"https:\/\/pet24.md\/product\/povodok-dlya-sobak-vodostojkij-waudog-waterproof-svetyashhijsya-m-sh-20-mm-dl-305-sm\/#breadcrumb"},"inLanguage":"ro-RO","potentialAction":[{"@type":"ReadAction","target":["https:\/\/pet24.md\/product\/povodok-dlya-sobak-vodostojkij-waudog-waterproof-svetyashhijsya-m-sh-20-mm-dl-305-sm\/"]}]},{"@type":"ImageObject","inLanguage":"ro-RO","@id":"https:\/\/pet24.md\/product\/povodok-dlya-sobak-vodostojkij-waudog-waterproof-svetyashhijsya-m-sh-20-mm-dl-305-sm\/#primaryimage","url":"https:\/\/pet24.md\/wp-content\/uploads\/2024\/09\/2730_00_01-1200x1200-1-2.webp","contentUrl":"https:\/\/pet24.md\/wp-content\/uploads\/2024\/09\/2730_00_01-1200x1200-1-2.webp","width":600,"height":600,"caption":"2730 00 01 1200x1200 1 2"},{"@type":"BreadcrumbList","@id":"https:\/\/pet24.md\/product\/povodok-dlya-sobak-vodostojkij-waudog-waterproof-svetyashhijsya-m-sh-20-mm-dl-305-sm\/#breadcrumb","itemListElement":[{"@type":"ListItem","position":1,"name":"\u0413\u043b\u0430\u0432\u043d\u0430\u044f \u0441\u0442\u0440\u0430\u043d\u0438\u0446\u0430","item":"https:\/\/pet24.md\/"},{"@type":"ListItem","position":2,"name":"\u041c\u0430\u0433\u0430\u0437\u0438\u043d","item":"https:\/\/pet24.md\/shop\/"},{"@type":"ListItem","position":3,"name":"\u041f\u043e\u0432\u043e\u0434\u043e\u043a \u0434\u043b\u044f \u0441\u043e\u0431\u0430\u043a \u0432\u043e\u0434\u043e\u0441\u0442\u043e\u0439\u043a\u0438\u0439 WAUDOG Waterproof, \u0441\u0432\u0435\u0442\u044f\u0449\u0438\u0439\u0441\u044f, M, \u0428 20 \u043c\u043c, \u0414\u043b 305 \u0441\u043c"}]},{"@type":"WebSite","@id":"https:\/\/pet24.md\/#website","url":"https:\/\/pet24.md\/","name":"Pet24","description":"Magazin de animale de companie","publisher":{"@id":"https:\/\/pet24.md\/#organization"},"potentialAction":[{"@type":"SearchAction","target":{"@type":"EntryPoint","urlTemplate":"https:\/\/pet24.md\/?s={search_term_string}"},"query-input":{"@type":"PropertyValueSpecification","valueRequired":true,"valueName":"search_term_string"}}],"inLanguage":"ro-RO"},{"@type":"Organization","@id":"https:\/\/pet24.md\/#organization","name":"Pet24","url":"https:\/\/pet24.md\/","logo":{"@type":"ImageObject","inLanguage":"ro-RO","@id":"https:\/\/pet24.md\/#\/schema\/logo\/image\/","url":"https:\/\/pet24.md\/wp-content\/uploads\/2024\/09\/logo.svg","contentUrl":"https:\/\/pet24.md\/wp-content\/uploads\/2024\/09\/logo.svg","width":215,"height":66,"caption":"Pet24"},"image":{"@id":"https:\/\/pet24.md\/#\/schema\/logo\/image\/"},"sameAs":["https:\/\/www.facebook.com\/pet24.md","https:\/\/www.instagram.com\/pet24.md\/"],"telephone":"+37360508880"}]}},"_links":{"self":[{"href":"https:\/\/pet24.md\/ro\/wp-json\/wp\/v2\/product\/70690","targetHints":{"allow":["GET"]}}],"collection":[{"href":"https:\/\/pet24.md\/ro\/wp-json\/wp\/v2\/product"}],"about":[{"href":"https:\/\/pet24.md\/ro\/wp-json\/wp\/v2\/types\/product"}],"replies":[{"embeddable":true,"href":"https:\/\/pet24.md\/ro\/wp-json\/wp\/v2\/comments?post=70690"}],"wp:featuredmedia":[{"embeddable":true,"href":"https:\/\/pet24.md\/ro\/wp-json\/wp\/v2\/media\/90567"}],"wp:attachment":[{"href":"https:\/\/pet24.md\/ro\/wp-json\/wp\/v2\/media?parent=70690"}],"wp:term":[{"taxonomy":"product_brand","embeddable":true,"href":"https:\/\/pet24.md\/ro\/wp-json\/wp\/v2\/product_brand?post=70690"},{"taxonomy":"product_cat","embeddable":true,"href":"https:\/\/pet24.md\/ro\/wp-json\/wp\/v2\/product_cat?post=70690"},{"taxonomy":"product_tag","embeddable":true,"href":"https:\/\/pet24.md\/ro\/wp-json\/wp\/v2\/product_tag?post=70690"}],"curies":[{"name":"wp","href":"https:\/\/api.w.org\/{rel}","templated":true}]}}