{"id":71608,"date":"2024-02-12T12:59:22","date_gmt":"2024-02-12T12:59:22","guid":{"rendered":"https:\/\/pet24.md\/?post_type=product&#038;p=71608"},"modified":"2024-09-22T22:14:13","modified_gmt":"2024-09-22T22:14:13","slug":"oshejnik-komfort-protiv-bloh-i-kleshhej-dlya-kotov-325sm","status":"publish","type":"product","link":"https:\/\/pet24.md\/ro\/produs\/oshejnik-komfort-protiv-bloh-i-kleshhej-dlya-kotov-325sm\/","title":{"rendered":"Guler \u201eCOMFORT\u201d \u00eempotriva puricilor \u0219i c\u0103pu\u0219elor pentru pisici 32*5 mp"},"content":{"rendered":"<h1>Guler confortabil pentru pisici \u00eempotriva puricilor \u0219i c\u0103pu\u0219elor<\/h1>\n<h2>Descriere<\/h2>\n<p>Band\u0103 polimeric\u0103 cu un dispozitiv de re\u021binere cu un miros specific al componentelor constitutive.<\/p>\n<h2>Compus<\/h2>\n<p>1 g de guler con\u021bine substan\u021ba activ\u0103:<\/p>\n<ul>\n<li>diazinon - 60 mg.<\/li>\n<\/ul>\n<p>Excipien\u021bi: clorur\u0103 de polivinil, colorant.<\/p>\n<h2>Propriet\u0103\u021bi farmacologice:<\/h2>\n<p><strong>ATCvet QP53 ectoparaziticide, insecticide \u0219i repellente (QP53AF15, diazinon).<\/strong><\/p>\n<p>Ingredientul activ diazinon este un insecticid-acaricid cu ac\u021biune de contact, apar\u021bine grupului de compu\u0219i organofosforici, esteri ai acidului tiofosforic; are un spectru larg de ac\u021biune insecticid \u0219i acaricid \u00eempotriva ectoparazi\u021bilor - purici (Ctenocephalides felis), m\u00e2nc\u0103tori de p\u0103duchi (Felicola subrostratus), p\u0103duchi (Linognathus setosus), c\u0103pu\u0219e (Ixodes ricinus, Dermacentor spp., Rhipicephalus spp.).<\/p>\n<p>Diazinonul inhib\u0103 enzima acetilcolinesteraza, care este necesar\u0103 pentru func\u021bionarea sistemului nervos al insectelor \u0219i c\u0103pu\u0219elor, blocheaz\u0103 nervii ganglioni periferici ai ectoparazi\u021bilor, provoc\u00e2nd neurotoxicitate, \u00een urma c\u0103reia coordonarea mi\u0219c\u0103rilor este afectat\u0103, apare paralizia \u0219i moartea ectoparazi\u021bilor. Diazinonul, eliberat treptat de pe suprafa\u021ba benzii polimerice, este transferat pe blana animalului \u0219i are efect insecticid \u0219i acaricid \u00eempotriva puricilor, p\u0103duchilor, p\u0103duchilor \u0219i c\u0103pu\u0219elor.<\/p>\n<h2>Aplica\u021bie<\/h2>\n<p>Prevenirea \u0219i tratamentul pisicilor cu boli cauzate de ectoparazi\u021bi: sifonapteroz\u0103, felocoloz\u0103, linognatoz\u0103, ixodoz\u0103.<\/p>\n<h2>Dozare<\/h2>\n<p>Gulerul este destinat uzului extern. Imediat \u00eenainte de utilizare, scoate\u021bi gulerul din ambalajul de protec\u021bie \u0219i pune\u021bi-l pe g\u00e2tul animalului, astfel \u00eenc\u00e2t s\u0103 existe un spa\u021biu mic (1 - 1,5 cm) \u00eentre g\u00e2t \u0219i guler. Excesul de band\u0103 trebuie t\u0103iat \u021bin\u00e2nd cont de posibila cre\u0219tere a animalului. Un guler bine montat trebuie s\u0103 se mi\u0219te liber \u00een jurul g\u00e2tului \u0219i s\u0103 nu \u00eempiedice cre\u0219terea animalului.<\/p>\n<p>Utilizarea continu\u0103 a gulerului v\u0103 protejeaz\u0103 animalul de companie de ectoparazi\u021bi timp de 6 luni.<\/p>\n<h2>Contraindicatii<\/h2>\n<p>Hipersensibilitatea individual\u0103 a animalului la substan\u021ba activ\u0103 a medicamentului (diazinon).<\/p>\n<p>A nu se utiliza la pisoii sub 8 saptamani.<\/p>\n<p>A nu se utiliza la animale bolnave, sl\u0103bite \u0219i b\u0103tr\u00e2ne, precum \u0219i la femelele gestante \u0219i care al\u0103pteaz\u0103.<\/p>\n<h2>Aten\u021bion\u0103ri<\/h2>\n<p>Ambalajul gulerului trebuie deschis imediat \u00eenainte de utilizare.<\/p>\n<p>\u00cen unele cazuri, animalele pot prezenta hipersensibilitate individual\u0103 la fipronil, iar purtarea unui guler poate provoca reac\u021bii locale (c\u0103derea p\u0103rului, m\u00e2nc\u0103rime, iritarea pielii). \u00cen astfel de cazuri, ar trebui s\u0103 \u00eenceta\u021bi s\u0103 utiliza\u021bi gulerul.<\/p>\n<p>Sp\u0103la\u021bi-v\u0103 bine m\u00e2inile cu ap\u0103 \u0219i s\u0103pun dup\u0103 manipularea gulerului.<\/p>\n<h2>Formular de eliberare<\/h2>\n<p>Gulerul are 32,5\u00b12,5 cm lungime, ambalat \u00eentr-o pung\u0103 de plastic \u0219i plasat \u00eentr-o cutie de carton.<\/p>\n<h2>Condi\u021bii de depozitare<\/h2>\n<p>A se pastra la loc uscat, ferit de lumina, la indemana copiilor si animalelor, la o temperatura de 0 pana la 25 \u00b0C, separat de furaje, apa si alimente.<\/p>\n<h2>Cel mai bun \u00eenainte de data<\/h2>\n<p>2 ani, dup\u0103 prima deschidere a ambalajului - 4 luni.<\/p>","protected":false},"excerpt":{"rendered":"<p>\u041e\u0448\u0435\u0439\u043d\u0438\u043a \u041a\u043e\u043c\u0444\u043e\u0440\u0442 \u0434\u043b\u044f \u043a\u043e\u0448\u0435\u043a \u043e\u0442 \u0431\u043b\u043e\u0445 \u0438 \u043a\u043b\u0435\u0449\u0435\u0439 \u041e\u043f\u0438\u0441\u0430\u043d\u0438\u0435 \u041f\u043e\u043b\u0438\u043c\u0435\u0440\u043d\u0430\u044f \u043b\u0435\u043d\u0442\u0430 \u0441 \u0444\u0438\u043a\u0441\u0430\u0442\u043e\u0440\u043e\u043c \u0441\u043e \u0441\u043f\u0435\u0446\u0438\u0444\u0438\u0447\u0435\u0441\u043a\u0438\u043c \u0437\u0430\u043f\u0430\u0445\u043e\u043c \u0441\u043e\u0441\u0442\u0430\u0432\u043b\u044f\u044e\u0449\u0438\u0445 \u043a\u043e\u043c\u043f\u043e\u043d\u0435\u043d\u0442\u043e\u0432. \u0421\u043e\u0441\u0442\u0430\u0432 1 \u0433 \u043e\u0448\u0435\u0439\u043d\u0438\u043a\u0430&hellip;<\/p>","protected":false},"featured_media":90574,"comment_status":"closed","ping_status":"closed","template":"","meta":[],"product_brand":[],"product_cat":[193,231,218],"product_tag":[632,633,634],"class_list":{"0":"post-71608","1":"product","2":"type-product","3":"status-publish","4":"has-post-thumbnail","6":"product_cat-cat","7":"product_cat-collar-cats","8":"product_cat-cats-antiparasitic","9":"product_tag-dlya-kotov","10":"product_tag-oshejnik-komfort","11":"product_tag-protiv-bloh-i-kleshhej","12":"pa_age-pet-vzroslyj","13":"pa_dlina-sm-32-sm","14":"pa_pet-koshka","16":"first","17":"instock","18":"product-type-simple"},"yoast_head":"<!-- This site is optimized with the Yoast SEO Premium plugin v23.7 (Yoast SEO v27.5) - https:\/\/yoast.com\/product\/yoast-seo-premium-wordpress\/ -->\n<title>\u041e\u0448\u0435\u0439\u043d\u0438\u043a &quot;\u041a\u041e\u041c\u0424\u041e\u0420\u0422&quot; \u043f\u0440\u043e\u0442\u0438\u0432 \u0431\u043b\u043e\u0445 \u0438 \u043a\u043b\u0435\u0449\u0435\u0439 \u0434\u043b\u044f \u043a\u043e\u0442\u043e\u0432 32*5sm<\/title>\n<meta name=\"description\" content=\"\u041a\u0443\u043f\u0438\u0442\u044c \u041e\u0448\u0435\u0439\u043d\u0438\u043a &quot;\u041a\u041e\u041c\u0424\u041e\u0420\u0422&quot; \u043f\u0440\u043e\u0442\u0438\u0432 \u0431\u043b\u043e\u0445 \u0438 \u043a\u043b\u0435\u0449\u0435\u0439 \u0434\u043b\u044f \u043a\u043e\u0442\u043e\u0432 32*5sm \u0441 \u0434\u043e\u0441\u0442\u0430\u0432\u043a\u043e\u0439 \u043f\u043e \u041a\u0438\u0448\u0438\u043d\u0435\u0432\u0443 \u0438 \u0432\u0441\u0435\u0439 \u041c\u043e\u043b\u0434\u043e\u0432\u0435 \u043d\u0430 Pet24\" \/>\n<meta name=\"robots\" content=\"index, follow, max-snippet:-1, max-image-preview:large, max-video-preview:-1\" \/>\n<link rel=\"canonical\" href=\"https:\/\/pet24.md\/ro\/produs\/oshejnik-komfort-protiv-bloh-i-kleshhej-dlya-kotov-325sm\/\" \/>\n<meta property=\"og:locale\" content=\"ro_RO\" \/>\n<meta property=\"og:type\" content=\"article\" \/>\n<meta property=\"og:title\" content=\"\u041e\u0448\u0435\u0439\u043d\u0438\u043a &quot;\u041a\u041e\u041c\u0424\u041e\u0420\u0422&quot; \u043f\u0440\u043e\u0442\u0438\u0432 \u0431\u043b\u043e\u0445 \u0438 \u043a\u043b\u0435\u0449\u0435\u0439 \u0434\u043b\u044f \u043a\u043e\u0442\u043e\u0432 32*5sm\" \/>\n<meta property=\"og:description\" content=\"\u041a\u0443\u043f\u0438\u0442\u044c \u041e\u0448\u0435\u0439\u043d\u0438\u043a &quot;\u041a\u041e\u041c\u0424\u041e\u0420\u0422&quot; \u043f\u0440\u043e\u0442\u0438\u0432 \u0431\u043b\u043e\u0445 \u0438 \u043a\u043b\u0435\u0449\u0435\u0439 \u0434\u043b\u044f \u043a\u043e\u0442\u043e\u0432 32*5sm \u0441 \u0434\u043e\u0441\u0442\u0430\u0432\u043a\u043e\u0439 \u043f\u043e \u041a\u0438\u0448\u0438\u043d\u0435\u0432\u0443 \u0438 \u0432\u0441\u0435\u0439 \u041c\u043e\u043b\u0434\u043e\u0432\u0435 \u043d\u0430 Pet24\" \/>\n<meta property=\"og:url\" content=\"https:\/\/pet24.md\/ro\/produs\/oshejnik-komfort-protiv-bloh-i-kleshhej-dlya-kotov-325sm\/\" \/>\n<meta property=\"og:site_name\" content=\"Pet24\" \/>\n<meta property=\"article:publisher\" content=\"https:\/\/www.facebook.com\/pet24.md\" \/>\n<meta property=\"article:modified_time\" content=\"2024-09-22T22:14:13+00:00\" \/>\n<meta property=\"og:image\" content=\"https:\/\/pet24.md\/wp-content\/uploads\/2024\/09\/1060516.webp\" \/>\n\t<meta property=\"og:image:width\" content=\"600\" \/>\n\t<meta property=\"og:image:height\" content=\"600\" \/>\n\t<meta property=\"og:image:type\" content=\"image\/webp\" \/>\n<meta name=\"twitter:card\" content=\"summary_large_image\" \/>\n<script type=\"application\/ld+json\" class=\"yoast-schema-graph\">{\"@context\":\"https:\\\/\\\/schema.org\",\"@graph\":[{\"@type\":\"WebPage\",\"@id\":\"https:\\\/\\\/pet24.md\\\/product\\\/oshejnik-komfort-protiv-bloh-i-kleshhej-dlya-kotov-325sm\\\/\",\"url\":\"https:\\\/\\\/pet24.md\\\/product\\\/oshejnik-komfort-protiv-bloh-i-kleshhej-dlya-kotov-325sm\\\/\",\"name\":\"\u041e\u0448\u0435\u0439\u043d\u0438\u043a \\\"\u041a\u041e\u041c\u0424\u041e\u0420\u0422\\\" \u043f\u0440\u043e\u0442\u0438\u0432 \u0431\u043b\u043e\u0445 \u0438 \u043a\u043b\u0435\u0449\u0435\u0439 \u0434\u043b\u044f \u043a\u043e\u0442\u043e\u0432 32*5sm\",\"isPartOf\":{\"@id\":\"https:\\\/\\\/pet24.md\\\/#website\"},\"primaryImageOfPage\":{\"@id\":\"https:\\\/\\\/pet24.md\\\/product\\\/oshejnik-komfort-protiv-bloh-i-kleshhej-dlya-kotov-325sm\\\/#primaryimage\"},\"image\":{\"@id\":\"https:\\\/\\\/pet24.md\\\/product\\\/oshejnik-komfort-protiv-bloh-i-kleshhej-dlya-kotov-325sm\\\/#primaryimage\"},\"thumbnailUrl\":\"https:\\\/\\\/pet24.md\\\/wp-content\\\/uploads\\\/2024\\\/09\\\/1060516.webp\",\"datePublished\":\"2024-02-12T12:59:22+00:00\",\"dateModified\":\"2024-09-22T22:14:13+00:00\",\"description\":\"\u041a\u0443\u043f\u0438\u0442\u044c \u041e\u0448\u0435\u0439\u043d\u0438\u043a \\\"\u041a\u041e\u041c\u0424\u041e\u0420\u0422\\\" \u043f\u0440\u043e\u0442\u0438\u0432 \u0431\u043b\u043e\u0445 \u0438 \u043a\u043b\u0435\u0449\u0435\u0439 \u0434\u043b\u044f \u043a\u043e\u0442\u043e\u0432 32*5sm \u0441 \u0434\u043e\u0441\u0442\u0430\u0432\u043a\u043e\u0439 \u043f\u043e \u041a\u0438\u0448\u0438\u043d\u0435\u0432\u0443 \u0438 \u0432\u0441\u0435\u0439 \u041c\u043e\u043b\u0434\u043e\u0432\u0435 \u043d\u0430 Pet24\",\"breadcrumb\":{\"@id\":\"https:\\\/\\\/pet24.md\\\/product\\\/oshejnik-komfort-protiv-bloh-i-kleshhej-dlya-kotov-325sm\\\/#breadcrumb\"},\"inLanguage\":\"ro-RO\",\"potentialAction\":[{\"@type\":\"ReadAction\",\"target\":[\"https:\\\/\\\/pet24.md\\\/product\\\/oshejnik-komfort-protiv-bloh-i-kleshhej-dlya-kotov-325sm\\\/\"]}]},{\"@type\":\"ImageObject\",\"inLanguage\":\"ro-RO\",\"@id\":\"https:\\\/\\\/pet24.md\\\/product\\\/oshejnik-komfort-protiv-bloh-i-kleshhej-dlya-kotov-325sm\\\/#primaryimage\",\"url\":\"https:\\\/\\\/pet24.md\\\/wp-content\\\/uploads\\\/2024\\\/09\\\/1060516.webp\",\"contentUrl\":\"https:\\\/\\\/pet24.md\\\/wp-content\\\/uploads\\\/2024\\\/09\\\/1060516.webp\",\"width\":600,\"height\":600,\"caption\":\"1060516\"},{\"@type\":\"BreadcrumbList\",\"@id\":\"https:\\\/\\\/pet24.md\\\/product\\\/oshejnik-komfort-protiv-bloh-i-kleshhej-dlya-kotov-325sm\\\/#breadcrumb\",\"itemListElement\":[{\"@type\":\"ListItem\",\"position\":1,\"name\":\"\u0413\u043b\u0430\u0432\u043d\u0430\u044f \u0441\u0442\u0440\u0430\u043d\u0438\u0446\u0430\",\"item\":\"https:\\\/\\\/pet24.md\\\/\"},{\"@type\":\"ListItem\",\"position\":2,\"name\":\"\u041c\u0430\u0433\u0430\u0437\u0438\u043d\",\"item\":\"https:\\\/\\\/pet24.md\\\/shop\\\/\"},{\"@type\":\"ListItem\",\"position\":3,\"name\":\"\u041e\u0448\u0435\u0439\u043d\u0438\u043a &#8220;\u041a\u041e\u041c\u0424\u041e\u0420\u0422&#8221; \u043f\u0440\u043e\u0442\u0438\u0432 \u0431\u043b\u043e\u0445 \u0438 \u043a\u043b\u0435\u0449\u0435\u0439 \u0434\u043b\u044f \u043a\u043e\u0442\u043e\u0432 32*5sm\"}]},{\"@type\":\"WebSite\",\"@id\":\"https:\\\/\\\/pet24.md\\\/#website\",\"url\":\"https:\\\/\\\/pet24.md\\\/\",\"name\":\"Pet24\",\"description\":\"\u0417\u043e\u043e\u043c\u0430\u0433\u0430\u0437\u0438\u043d \u0442\u043e\u0432\u0430\u0440\u043e\u0432 \u0434\u043b\u044f \u0434\u043e\u043c\u0430\u0448\u043d\u0438\u0445 \u043f\u0438\u0442\u043e\u043c\u0446\u0435\u0432\",\"publisher\":{\"@id\":\"https:\\\/\\\/pet24.md\\\/#organization\"},\"potentialAction\":[{\"@type\":\"SearchAction\",\"target\":{\"@type\":\"EntryPoint\",\"urlTemplate\":\"https:\\\/\\\/pet24.md\\\/?s={search_term_string}\"},\"query-input\":{\"@type\":\"PropertyValueSpecification\",\"valueRequired\":true,\"valueName\":\"search_term_string\"}}],\"inLanguage\":\"ro-RO\"},{\"@type\":\"Organization\",\"@id\":\"https:\\\/\\\/pet24.md\\\/#organization\",\"name\":\"Pet24\",\"url\":\"https:\\\/\\\/pet24.md\\\/\",\"logo\":{\"@type\":\"ImageObject\",\"inLanguage\":\"ro-RO\",\"@id\":\"https:\\\/\\\/pet24.md\\\/#\\\/schema\\\/logo\\\/image\\\/\",\"url\":\"https:\\\/\\\/pet24.md\\\/wp-content\\\/uploads\\\/2024\\\/09\\\/logo.svg\",\"contentUrl\":\"https:\\\/\\\/pet24.md\\\/wp-content\\\/uploads\\\/2024\\\/09\\\/logo.svg\",\"width\":215,\"height\":66,\"caption\":\"Pet24\"},\"image\":{\"@id\":\"https:\\\/\\\/pet24.md\\\/#\\\/schema\\\/logo\\\/image\\\/\"},\"sameAs\":[\"https:\\\/\\\/www.facebook.com\\\/pet24.md\",\"https:\\\/\\\/www.instagram.com\\\/pet24.md\\\/\"],\"telephone\":\"+37360508880\"}]}<\/script>\n<!-- \/ Yoast SEO Premium plugin. -->","yoast_head_json":{"title":"\u041e\u0448\u0435\u0439\u043d\u0438\u043a \"\u041a\u041e\u041c\u0424\u041e\u0420\u0422\" \u043f\u0440\u043e\u0442\u0438\u0432 \u0431\u043b\u043e\u0445 \u0438 \u043a\u043b\u0435\u0449\u0435\u0439 \u0434\u043b\u044f \u043a\u043e\u0442\u043e\u0432 32*5sm","description":"\u041a\u0443\u043f\u0438\u0442\u044c \u041e\u0448\u0435\u0439\u043d\u0438\u043a \"\u041a\u041e\u041c\u0424\u041e\u0420\u0422\" \u043f\u0440\u043e\u0442\u0438\u0432 \u0431\u043b\u043e\u0445 \u0438 \u043a\u043b\u0435\u0449\u0435\u0439 \u0434\u043b\u044f \u043a\u043e\u0442\u043e\u0432 32*5sm \u0441 \u0434\u043e\u0441\u0442\u0430\u0432\u043a\u043e\u0439 \u043f\u043e \u041a\u0438\u0448\u0438\u043d\u0435\u0432\u0443 \u0438 \u0432\u0441\u0435\u0439 \u041c\u043e\u043b\u0434\u043e\u0432\u0435 \u043d\u0430 Pet24","robots":{"index":"index","follow":"follow","max-snippet":"max-snippet:-1","max-image-preview":"max-image-preview:large","max-video-preview":"max-video-preview:-1"},"canonical":"https:\/\/pet24.md\/ro\/produs\/oshejnik-komfort-protiv-bloh-i-kleshhej-dlya-kotov-325sm\/","og_locale":"ro_RO","og_type":"article","og_title":"\u041e\u0448\u0435\u0439\u043d\u0438\u043a \"\u041a\u041e\u041c\u0424\u041e\u0420\u0422\" \u043f\u0440\u043e\u0442\u0438\u0432 \u0431\u043b\u043e\u0445 \u0438 \u043a\u043b\u0435\u0449\u0435\u0439 \u0434\u043b\u044f \u043a\u043e\u0442\u043e\u0432 32*5sm","og_description":"\u041a\u0443\u043f\u0438\u0442\u044c \u041e\u0448\u0435\u0439\u043d\u0438\u043a \"\u041a\u041e\u041c\u0424\u041e\u0420\u0422\" \u043f\u0440\u043e\u0442\u0438\u0432 \u0431\u043b\u043e\u0445 \u0438 \u043a\u043b\u0435\u0449\u0435\u0439 \u0434\u043b\u044f \u043a\u043e\u0442\u043e\u0432 32*5sm \u0441 \u0434\u043e\u0441\u0442\u0430\u0432\u043a\u043e\u0439 \u043f\u043e \u041a\u0438\u0448\u0438\u043d\u0435\u0432\u0443 \u0438 \u0432\u0441\u0435\u0439 \u041c\u043e\u043b\u0434\u043e\u0432\u0435 \u043d\u0430 Pet24","og_url":"https:\/\/pet24.md\/ro\/produs\/oshejnik-komfort-protiv-bloh-i-kleshhej-dlya-kotov-325sm\/","og_site_name":"Pet24","article_publisher":"https:\/\/www.facebook.com\/pet24.md","article_modified_time":"2024-09-22T22:14:13+00:00","og_image":[{"width":600,"height":600,"url":"https:\/\/pet24.md\/wp-content\/uploads\/2024\/09\/1060516.webp","type":"image\/webp"}],"twitter_card":"summary_large_image","schema":{"@context":"https:\/\/schema.org","@graph":[{"@type":"WebPage","@id":"https:\/\/pet24.md\/product\/oshejnik-komfort-protiv-bloh-i-kleshhej-dlya-kotov-325sm\/","url":"https:\/\/pet24.md\/product\/oshejnik-komfort-protiv-bloh-i-kleshhej-dlya-kotov-325sm\/","name":"\u041e\u0448\u0435\u0439\u043d\u0438\u043a \"\u041a\u041e\u041c\u0424\u041e\u0420\u0422\" \u043f\u0440\u043e\u0442\u0438\u0432 \u0431\u043b\u043e\u0445 \u0438 \u043a\u043b\u0435\u0449\u0435\u0439 \u0434\u043b\u044f \u043a\u043e\u0442\u043e\u0432 32*5sm","isPartOf":{"@id":"https:\/\/pet24.md\/#website"},"primaryImageOfPage":{"@id":"https:\/\/pet24.md\/product\/oshejnik-komfort-protiv-bloh-i-kleshhej-dlya-kotov-325sm\/#primaryimage"},"image":{"@id":"https:\/\/pet24.md\/product\/oshejnik-komfort-protiv-bloh-i-kleshhej-dlya-kotov-325sm\/#primaryimage"},"thumbnailUrl":"https:\/\/pet24.md\/wp-content\/uploads\/2024\/09\/1060516.webp","datePublished":"2024-02-12T12:59:22+00:00","dateModified":"2024-09-22T22:14:13+00:00","description":"\u041a\u0443\u043f\u0438\u0442\u044c \u041e\u0448\u0435\u0439\u043d\u0438\u043a \"\u041a\u041e\u041c\u0424\u041e\u0420\u0422\" \u043f\u0440\u043e\u0442\u0438\u0432 \u0431\u043b\u043e\u0445 \u0438 \u043a\u043b\u0435\u0449\u0435\u0439 \u0434\u043b\u044f \u043a\u043e\u0442\u043e\u0432 32*5sm \u0441 \u0434\u043e\u0441\u0442\u0430\u0432\u043a\u043e\u0439 \u043f\u043e \u041a\u0438\u0448\u0438\u043d\u0435\u0432\u0443 \u0438 \u0432\u0441\u0435\u0439 \u041c\u043e\u043b\u0434\u043e\u0432\u0435 \u043d\u0430 Pet24","breadcrumb":{"@id":"https:\/\/pet24.md\/product\/oshejnik-komfort-protiv-bloh-i-kleshhej-dlya-kotov-325sm\/#breadcrumb"},"inLanguage":"ro-RO","potentialAction":[{"@type":"ReadAction","target":["https:\/\/pet24.md\/product\/oshejnik-komfort-protiv-bloh-i-kleshhej-dlya-kotov-325sm\/"]}]},{"@type":"ImageObject","inLanguage":"ro-RO","@id":"https:\/\/pet24.md\/product\/oshejnik-komfort-protiv-bloh-i-kleshhej-dlya-kotov-325sm\/#primaryimage","url":"https:\/\/pet24.md\/wp-content\/uploads\/2024\/09\/1060516.webp","contentUrl":"https:\/\/pet24.md\/wp-content\/uploads\/2024\/09\/1060516.webp","width":600,"height":600,"caption":"1060516"},{"@type":"BreadcrumbList","@id":"https:\/\/pet24.md\/product\/oshejnik-komfort-protiv-bloh-i-kleshhej-dlya-kotov-325sm\/#breadcrumb","itemListElement":[{"@type":"ListItem","position":1,"name":"\u0413\u043b\u0430\u0432\u043d\u0430\u044f \u0441\u0442\u0440\u0430\u043d\u0438\u0446\u0430","item":"https:\/\/pet24.md\/"},{"@type":"ListItem","position":2,"name":"\u041c\u0430\u0433\u0430\u0437\u0438\u043d","item":"https:\/\/pet24.md\/shop\/"},{"@type":"ListItem","position":3,"name":"\u041e\u0448\u0435\u0439\u043d\u0438\u043a &#8220;\u041a\u041e\u041c\u0424\u041e\u0420\u0422&#8221; \u043f\u0440\u043e\u0442\u0438\u0432 \u0431\u043b\u043e\u0445 \u0438 \u043a\u043b\u0435\u0449\u0435\u0439 \u0434\u043b\u044f \u043a\u043e\u0442\u043e\u0432 32*5sm"}]},{"@type":"WebSite","@id":"https:\/\/pet24.md\/#website","url":"https:\/\/pet24.md\/","name":"Pet24","description":"Magazin de animale de companie","publisher":{"@id":"https:\/\/pet24.md\/#organization"},"potentialAction":[{"@type":"SearchAction","target":{"@type":"EntryPoint","urlTemplate":"https:\/\/pet24.md\/?s={search_term_string}"},"query-input":{"@type":"PropertyValueSpecification","valueRequired":true,"valueName":"search_term_string"}}],"inLanguage":"ro-RO"},{"@type":"Organization","@id":"https:\/\/pet24.md\/#organization","name":"Pet24","url":"https:\/\/pet24.md\/","logo":{"@type":"ImageObject","inLanguage":"ro-RO","@id":"https:\/\/pet24.md\/#\/schema\/logo\/image\/","url":"https:\/\/pet24.md\/wp-content\/uploads\/2024\/09\/logo.svg","contentUrl":"https:\/\/pet24.md\/wp-content\/uploads\/2024\/09\/logo.svg","width":215,"height":66,"caption":"Pet24"},"image":{"@id":"https:\/\/pet24.md\/#\/schema\/logo\/image\/"},"sameAs":["https:\/\/www.facebook.com\/pet24.md","https:\/\/www.instagram.com\/pet24.md\/"],"telephone":"+37360508880"}]}},"_links":{"self":[{"href":"https:\/\/pet24.md\/ro\/wp-json\/wp\/v2\/product\/71608","targetHints":{"allow":["GET"]}}],"collection":[{"href":"https:\/\/pet24.md\/ro\/wp-json\/wp\/v2\/product"}],"about":[{"href":"https:\/\/pet24.md\/ro\/wp-json\/wp\/v2\/types\/product"}],"replies":[{"embeddable":true,"href":"https:\/\/pet24.md\/ro\/wp-json\/wp\/v2\/comments?post=71608"}],"wp:featuredmedia":[{"embeddable":true,"href":"https:\/\/pet24.md\/ro\/wp-json\/wp\/v2\/media\/90574"}],"wp:attachment":[{"href":"https:\/\/pet24.md\/ro\/wp-json\/wp\/v2\/media?parent=71608"}],"wp:term":[{"taxonomy":"product_brand","embeddable":true,"href":"https:\/\/pet24.md\/ro\/wp-json\/wp\/v2\/product_brand?post=71608"},{"taxonomy":"product_cat","embeddable":true,"href":"https:\/\/pet24.md\/ro\/wp-json\/wp\/v2\/product_cat?post=71608"},{"taxonomy":"product_tag","embeddable":true,"href":"https:\/\/pet24.md\/ro\/wp-json\/wp\/v2\/product_tag?post=71608"}],"curies":[{"name":"wp","href":"https:\/\/api.w.org\/{rel}","templated":true}]}}