{"id":75234,"date":"2024-05-15T15:08:47","date_gmt":"2024-05-15T15:08:47","guid":{"rendered":"https:\/\/pet24.md\/?post_type=product&#038;p=75234"},"modified":"2025-02-07T12:02:05","modified_gmt":"2025-02-07T12:02:05","slug":"silikagelevyj-napolnitel-best-cat-15-l-podarok-2-sht-club-4-paws-premium-suhoj-korm-so-vkusom-kuriczy-300g","status":"publish","type":"product","link":"https:\/\/pet24.md\/ro\/produs\/silikagelevyj-napolnitel-best-cat-15-l-podarok-2-sht-club-4-paws-premium-suhoj-korm-so-vkusom-kuriczy-300g\/","title":{"rendered":"Best Cat Silica Gel Filler 15 l + Cadou 2 buc. CLUB 4 PAWS Mancare premium cu aroma de pui, 300 g"},"content":{"rendered":"<h1>Nu rata promo\u021bia pentru Best Cat Litier cu arom\u0103 de mere!<\/h1>\n<p>Nu rata oferta speciala! C\u00e2nd achizi\u021biona\u021bi a\u0219ternut cu parfum de flori Best Cat, ve\u021bi primi cadou dou\u0103 pungi de hran\u0103 Club 4 Paws, a c\u00e2te 300 g fiecare. Ofer\u0103 confort animalului t\u0103u de companie \u0219i \u00eengrije\u0219te-\u021bi s\u0103n\u0103tatea cu o alimenta\u021bie de calitate!<\/p>\n<h2>Umplutur\u0103 cu silicagel TM Best Cat cu arom\u0103 de mere<\/h2>\n<p>A\u0219ternut cu silicagel TM Best Cat cu arom\u0103 de flori este o nou\u0103 genera\u021bie de a\u0219ternut pentru pisici. Este fabricat din cristale de silicagel naturale patentate, ecologice \u0219i este complet sigur at\u00e2t pentru animale, c\u00e2t \u0219i pentru mediu.<\/p>\n<h2>Principalele avantaje ale umpluturii cu silicagel TM Best Cat:<\/h2>\n<ul>\n<li><strong>Absorb\u021bie ultra-rapid\u0103 \u0219i blocare eficient\u0103 a mirosurilor<\/strong>: Datorit\u0103 acestui lucru, umplutura poate fi folosit\u0103 f\u0103r\u0103 \u00eenlocuire complet\u0103 p\u00e2n\u0103 la 30 de zile.<\/li>\n<li><strong>Soiuri aromate<\/strong>: Disponibil \u00een arome precum floral, m\u0103r verde, lev\u0103n\u021bic\u0103, ment\u0103, f\u0103c\u00e2nd litiera pisicii tale pl\u0103cut\u0103 \u0219i f\u0103r\u0103 iritan\u021bi.<\/li>\n<li><strong>Capacitate mare de absorb\u021bie<\/strong>: Datorit\u0103 structurii poroase, cristalele materialului sunt capabile s\u0103 absoarb\u0103 umezeala \u0219i mirosul \u00een c\u00e2teva secunde, prevenind evaporarea.<\/li>\n<li><strong>Dimensiunea optim\u0103 a granulelor<\/strong>: Granulele de 4-8 mm previn formarea prafului \u0219i asigur\u0103 o utilizare eficient\u0103 \u0219i durabil\u0103.<\/li>\n<li><strong>Durat\u0103 lung\u0103 de via\u021b\u0103<\/strong>: Umplutura poate fi folosit\u0103 p\u00e2n\u0103 la 30 de zile cu un sac de 3,6 litri.<\/li>\n<li><strong>Propriet\u0103\u021bi antibacteriene<\/strong>: Prin eliminarea mirosurilor, cristalele de umplutur\u0103 previn dezvoltarea bacteriilor \u0219i ajut\u0103 la eliminarea agen\u021bilor patogeni.<\/li>\n<li><strong>Ecologic \u0219i non-toxic<\/strong>: Umplutura nu con\u021bine parfumuri sintetice, este non-toxic \u0219i nu provoac\u0103 alergii. \u00cen plus, este prietenos cu mediul \u0219i ajut\u0103 la \u00eembun\u0103t\u0103\u021birea solului dac\u0103 este eliberat accidental \u00een natur\u0103.<\/li>\n<li><strong>Nu se lipe\u0219te de labe \u0219i nu se sf\u0103r\u00e2m\u0103<\/strong>: Litierul nu se lipe\u0219te de labele pisicii \u0219i nu se sf\u0103r\u00e2m\u0103, asigur\u00e2nd cur\u0103\u021benia \u0219i prospe\u021bimea cutiei de lit pisicii.<\/li>\n<\/ul>\n<p>Acum litierul unui animal de companie este asociat doar cu cur\u0103\u021benia \u0219i prospe\u021bimea!<\/p>","protected":false},"excerpt":{"rendered":"<p>\u0421\u0438\u043b\u0438\u043a\u0430\u0433\u0435\u043b\u0435\u0432\u044b\u0439 \u043d\u0430\u043f\u043e\u043b\u043d\u0438\u0442\u0435\u043b\u044c Best Cat (15 \u043b) \u044d\u0444\u0444\u0435\u043a\u0442\u0438\u0432\u043d\u043e \u0443\u0441\u0442\u0440\u0430\u043d\u044f\u0435\u0442 \u0437\u0430\u043f\u0430\u0445\u0438 \u0438 \u0432\u043f\u0438\u0442\u044b\u0432\u0430\u0435\u0442 \u0432\u043b\u0430\u0433\u0443, \u043e\u0431\u0435\u0441\u043f\u0435\u0447\u0438\u0432\u0430\u044f \u0447\u0438\u0441\u0442\u043e\u0442\u0443 \u043b\u043e\u0442\u043a\u0430. \u0412 \u043a\u043e\u043c\u043f\u043b\u0435\u043a\u0442\u0435 \u2013 2 \u043f\u0430\u043a\u0435\u0442\u0430 \u043f\u0440\u0435\u043c\u0438\u0443\u043c \u043a\u043e\u0440\u043c\u0430 CLUB 4 PAWS \u0441 \u0430\u0440\u043e\u043c\u0430\u0442\u043e\u043c \u043a\u0443\u0440\u0438\u0446\u044b \u043f\u043e 300 \u0433. \u0418\u0434\u0435\u0430\u043b\u044c\u043d\u044b\u0439 \u0432\u044b\u0431\u043e\u0440 \u0434\u043b\u044f \u0443\u0445\u043e\u0434\u0430 \u0438 \u0437\u0430\u0431\u043e\u0442\u044b \u043e \u0432\u0430\u0448\u0435\u0439 \u043a\u043e\u0448\u043a\u0435!<\/p>","protected":false},"featured_media":90594,"comment_status":"closed","ping_status":"closed","template":"","meta":[],"product_brand":[],"product_cat":[309,193,194,432,320],"product_tag":[1162,1160],"class_list":{"0":"post-75234","1":"product","2":"type-product","3":"status-publish","4":"has-post-thumbnail","6":"product_cat-catfood","7":"product_cat-cat","8":"product_cat-cat-litter","9":"product_cat-silicagel-catlitter","10":"product_cat-catdry","11":"product_tag-best-club","12":"product_tag-on-sale","13":"pa_age-pet-vzroslyj","14":"pa_brand-best-cat","15":"pa_fragrance-yabloko","16":"pa_meat-ingredients-kuricza","17":"pa_pet-koshka","18":"pa_pet-feature-zdorovyj-pitomecz","19":"pa_type-feed-suhoj-korm","21":"first","22":"instock","23":"sale","24":"shipping-taxable","25":"product-type-simple"},"yoast_head":"<!-- This site is optimized with the Yoast SEO Premium plugin v23.7 (Yoast SEO v27.5) - https:\/\/yoast.com\/product\/yoast-seo-premium-wordpress\/ -->\n<title>\u041d\u0430\u043f\u043e\u043b\u043d\u0438\u0442\u0435\u043b\u044c Best Cat Silica Gel 15 \u043b + \u041f\u043e\u0434\u0430\u0440\u043e\u043a 2 \u0448\u0442. CLUB 4 PAWS \u041f\u0440\u0435\u043c\u0438\u0443\u043c \u043a\u043e\u0440\u043c \u0441 \u0430\u0440\u043e\u043c\u0430\u0442\u043e\u043c \u043a\u0443\u0440\u0438\u0446\u044b, 300 \u0433<\/title>\n<meta name=\"description\" content=\"\u041a\u0443\u043f\u0438\u0442\u044c \u041d\u0430\u043f\u043e\u043b\u043d\u0438\u0442\u0435\u043b\u044c Best Cat Silica Gel 15 \u043b + \u041f\u043e\u0434\u0430\u0440\u043e\u043a 2 \u0448\u0442. CLUB 4 PAWS \u041f\u0440\u0435\u043c\u0438\u0443\u043c \u043a\u043e\u0440\u043c \u0441 \u0430\u0440\u043e\u043c\u0430\u0442\u043e\u043c \u043a\u0443\u0440\u0438\u0446\u044b, 300 \u0433 \u0441 \u0434\u043e\u0441\u0442\u0430\u0432\u043a\u043e\u0439 \u043f\u043e \u041a\u0438\u0448\u0438\u043d\u0435\u0432\u0443 \u0438 \u0432\u0441\u0435\u0439 \u041c\u043e\u043b\u0434\u043e\u0432\u0435 \u043d\u0430 Pet24\" \/>\n<meta name=\"robots\" content=\"index, follow, max-snippet:-1, max-image-preview:large, max-video-preview:-1\" \/>\n<link rel=\"canonical\" href=\"https:\/\/pet24.md\/ro\/produs\/silikagelevyj-napolnitel-best-cat-15-l-podarok-2-sht-club-4-paws-premium-suhoj-korm-so-vkusom-kuriczy-300g\/\" \/>\n<meta property=\"og:locale\" content=\"ro_RO\" \/>\n<meta property=\"og:type\" content=\"article\" \/>\n<meta property=\"og:title\" content=\"\u041d\u0430\u043f\u043e\u043b\u043d\u0438\u0442\u0435\u043b\u044c Best Cat Silica Gel 15 \u043b + \u041f\u043e\u0434\u0430\u0440\u043e\u043a 2 \u0448\u0442. CLUB 4 PAWS \u041f\u0440\u0435\u043c\u0438\u0443\u043c \u043a\u043e\u0440\u043c \u0441 \u0430\u0440\u043e\u043c\u0430\u0442\u043e\u043c \u043a\u0443\u0440\u0438\u0446\u044b, 300 \u0433\" \/>\n<meta property=\"og:description\" content=\"\u041a\u0443\u043f\u0438\u0442\u044c \u041d\u0430\u043f\u043e\u043b\u043d\u0438\u0442\u0435\u043b\u044c Best Cat Silica Gel 15 \u043b + \u041f\u043e\u0434\u0430\u0440\u043e\u043a 2 \u0448\u0442. CLUB 4 PAWS \u041f\u0440\u0435\u043c\u0438\u0443\u043c \u043a\u043e\u0440\u043c \u0441 \u0430\u0440\u043e\u043c\u0430\u0442\u043e\u043c \u043a\u0443\u0440\u0438\u0446\u044b, 300 \u0433 \u0441 \u0434\u043e\u0441\u0442\u0430\u0432\u043a\u043e\u0439 \u043f\u043e \u041a\u0438\u0448\u0438\u043d\u0435\u0432\u0443 \u0438 \u0432\u0441\u0435\u0439 \u041c\u043e\u043b\u0434\u043e\u0432\u0435 \u043d\u0430 Pet24\" \/>\n<meta property=\"og:url\" content=\"https:\/\/pet24.md\/ro\/produs\/silikagelevyj-napolnitel-best-cat-15-l-podarok-2-sht-club-4-paws-premium-suhoj-korm-so-vkusom-kuriczy-300g\/\" \/>\n<meta property=\"og:site_name\" content=\"Pet24\" \/>\n<meta property=\"article:publisher\" content=\"https:\/\/www.facebook.com\/pet24.md\" \/>\n<meta property=\"article:modified_time\" content=\"2025-02-07T12:02:05+00:00\" \/>\n<meta property=\"og:image\" content=\"https:\/\/pet24.md\/wp-content\/uploads\/2024\/09\/cat02-5.png\" \/>\n\t<meta property=\"og:image:width\" content=\"1000\" \/>\n\t<meta property=\"og:image:height\" content=\"1000\" \/>\n\t<meta property=\"og:image:type\" content=\"image\/png\" \/>\n<meta name=\"twitter:card\" content=\"summary_large_image\" \/>\n<meta name=\"twitter:label1\" content=\"Timp estimat pentru citire\" \/>\n\t<meta name=\"twitter:data1\" content=\"2 minute\" \/>\n<script type=\"application\/ld+json\" class=\"yoast-schema-graph\">{\"@context\":\"https:\\\/\\\/schema.org\",\"@graph\":[{\"@type\":\"WebPage\",\"@id\":\"https:\\\/\\\/pet24.md\\\/product\\\/silikagelevyj-napolnitel-best-cat-15-l-podarok-2-sht-club-4-paws-premium-suhoj-korm-so-vkusom-kuriczy-300g\\\/\",\"url\":\"https:\\\/\\\/pet24.md\\\/product\\\/silikagelevyj-napolnitel-best-cat-15-l-podarok-2-sht-club-4-paws-premium-suhoj-korm-so-vkusom-kuriczy-300g\\\/\",\"name\":\"\u041d\u0430\u043f\u043e\u043b\u043d\u0438\u0442\u0435\u043b\u044c Best Cat Silica Gel 15 \u043b + \u041f\u043e\u0434\u0430\u0440\u043e\u043a 2 \u0448\u0442. CLUB 4 PAWS \u041f\u0440\u0435\u043c\u0438\u0443\u043c \u043a\u043e\u0440\u043c \u0441 \u0430\u0440\u043e\u043c\u0430\u0442\u043e\u043c \u043a\u0443\u0440\u0438\u0446\u044b, 300 \u0433\",\"isPartOf\":{\"@id\":\"https:\\\/\\\/pet24.md\\\/#website\"},\"primaryImageOfPage\":{\"@id\":\"https:\\\/\\\/pet24.md\\\/product\\\/silikagelevyj-napolnitel-best-cat-15-l-podarok-2-sht-club-4-paws-premium-suhoj-korm-so-vkusom-kuriczy-300g\\\/#primaryimage\"},\"image\":{\"@id\":\"https:\\\/\\\/pet24.md\\\/product\\\/silikagelevyj-napolnitel-best-cat-15-l-podarok-2-sht-club-4-paws-premium-suhoj-korm-so-vkusom-kuriczy-300g\\\/#primaryimage\"},\"thumbnailUrl\":\"https:\\\/\\\/pet24.md\\\/wp-content\\\/uploads\\\/2024\\\/09\\\/cat02-5.png\",\"datePublished\":\"2024-05-15T15:08:47+00:00\",\"dateModified\":\"2025-02-07T12:02:05+00:00\",\"description\":\"\u041a\u0443\u043f\u0438\u0442\u044c \u041d\u0430\u043f\u043e\u043b\u043d\u0438\u0442\u0435\u043b\u044c Best Cat Silica Gel 15 \u043b + \u041f\u043e\u0434\u0430\u0440\u043e\u043a 2 \u0448\u0442. CLUB 4 PAWS \u041f\u0440\u0435\u043c\u0438\u0443\u043c \u043a\u043e\u0440\u043c \u0441 \u0430\u0440\u043e\u043c\u0430\u0442\u043e\u043c \u043a\u0443\u0440\u0438\u0446\u044b, 300 \u0433 \u0441 \u0434\u043e\u0441\u0442\u0430\u0432\u043a\u043e\u0439 \u043f\u043e \u041a\u0438\u0448\u0438\u043d\u0435\u0432\u0443 \u0438 \u0432\u0441\u0435\u0439 \u041c\u043e\u043b\u0434\u043e\u0432\u0435 \u043d\u0430 Pet24\",\"breadcrumb\":{\"@id\":\"https:\\\/\\\/pet24.md\\\/product\\\/silikagelevyj-napolnitel-best-cat-15-l-podarok-2-sht-club-4-paws-premium-suhoj-korm-so-vkusom-kuriczy-300g\\\/#breadcrumb\"},\"inLanguage\":\"ro-RO\",\"potentialAction\":[{\"@type\":\"ReadAction\",\"target\":[\"https:\\\/\\\/pet24.md\\\/product\\\/silikagelevyj-napolnitel-best-cat-15-l-podarok-2-sht-club-4-paws-premium-suhoj-korm-so-vkusom-kuriczy-300g\\\/\"]}]},{\"@type\":\"ImageObject\",\"inLanguage\":\"ro-RO\",\"@id\":\"https:\\\/\\\/pet24.md\\\/product\\\/silikagelevyj-napolnitel-best-cat-15-l-podarok-2-sht-club-4-paws-premium-suhoj-korm-so-vkusom-kuriczy-300g\\\/#primaryimage\",\"url\":\"https:\\\/\\\/pet24.md\\\/wp-content\\\/uploads\\\/2024\\\/09\\\/cat02-5.png\",\"contentUrl\":\"https:\\\/\\\/pet24.md\\\/wp-content\\\/uploads\\\/2024\\\/09\\\/cat02-5.png\",\"width\":1000,\"height\":1000,\"caption\":\"\u041d\u0430\u043f\u043e\u043b\u043d\u0438\u0442\u0435\u043b\u044c Best Cat Silica Gel 15 \u043b + \u041f\u043e\u0434\u0430\u0440\u043e\u043a 2 \u0448\u0442. CLUB 4 PAWS \u041f\u0440\u0435\u043c\u0438\u0443\u043c \u043a\u043e\u0440\u043c \u0441 \u0430\u0440\u043e\u043c\u0430\u0442\u043e\u043c \u043a\u0443\u0440\u0438\u0446\u044b, 300 \u0433\"},{\"@type\":\"BreadcrumbList\",\"@id\":\"https:\\\/\\\/pet24.md\\\/product\\\/silikagelevyj-napolnitel-best-cat-15-l-podarok-2-sht-club-4-paws-premium-suhoj-korm-so-vkusom-kuriczy-300g\\\/#breadcrumb\",\"itemListElement\":[{\"@type\":\"ListItem\",\"position\":1,\"name\":\"\u0413\u043b\u0430\u0432\u043d\u0430\u044f \u0441\u0442\u0440\u0430\u043d\u0438\u0446\u0430\",\"item\":\"https:\\\/\\\/pet24.md\\\/\"},{\"@type\":\"ListItem\",\"position\":2,\"name\":\"\u041c\u0430\u0433\u0430\u0437\u0438\u043d\",\"item\":\"https:\\\/\\\/pet24.md\\\/shop\\\/\"},{\"@type\":\"ListItem\",\"position\":3,\"name\":\"\u041d\u0430\u043f\u043e\u043b\u043d\u0438\u0442\u0435\u043b\u044c Best Cat Silica Gel 15 \u043b + \u041f\u043e\u0434\u0430\u0440\u043e\u043a 2 \u0448\u0442. CLUB 4 PAWS \u041f\u0440\u0435\u043c\u0438\u0443\u043c \u043a\u043e\u0440\u043c \u0441 \u0430\u0440\u043e\u043c\u0430\u0442\u043e\u043c \u043a\u0443\u0440\u0438\u0446\u044b, 300 \u0433\"}]},{\"@type\":\"WebSite\",\"@id\":\"https:\\\/\\\/pet24.md\\\/#website\",\"url\":\"https:\\\/\\\/pet24.md\\\/\",\"name\":\"Pet24\",\"description\":\"\u0417\u043e\u043e\u043c\u0430\u0433\u0430\u0437\u0438\u043d \u0442\u043e\u0432\u0430\u0440\u043e\u0432 \u0434\u043b\u044f \u0434\u043e\u043c\u0430\u0448\u043d\u0438\u0445 \u043f\u0438\u0442\u043e\u043c\u0446\u0435\u0432\",\"publisher\":{\"@id\":\"https:\\\/\\\/pet24.md\\\/#organization\"},\"potentialAction\":[{\"@type\":\"SearchAction\",\"target\":{\"@type\":\"EntryPoint\",\"urlTemplate\":\"https:\\\/\\\/pet24.md\\\/?s={search_term_string}\"},\"query-input\":{\"@type\":\"PropertyValueSpecification\",\"valueRequired\":true,\"valueName\":\"search_term_string\"}}],\"inLanguage\":\"ro-RO\"},{\"@type\":\"Organization\",\"@id\":\"https:\\\/\\\/pet24.md\\\/#organization\",\"name\":\"Pet24\",\"url\":\"https:\\\/\\\/pet24.md\\\/\",\"logo\":{\"@type\":\"ImageObject\",\"inLanguage\":\"ro-RO\",\"@id\":\"https:\\\/\\\/pet24.md\\\/#\\\/schema\\\/logo\\\/image\\\/\",\"url\":\"https:\\\/\\\/pet24.md\\\/wp-content\\\/uploads\\\/2024\\\/09\\\/logo.svg\",\"contentUrl\":\"https:\\\/\\\/pet24.md\\\/wp-content\\\/uploads\\\/2024\\\/09\\\/logo.svg\",\"width\":215,\"height\":66,\"caption\":\"Pet24\"},\"image\":{\"@id\":\"https:\\\/\\\/pet24.md\\\/#\\\/schema\\\/logo\\\/image\\\/\"},\"sameAs\":[\"https:\\\/\\\/www.facebook.com\\\/pet24.md\",\"https:\\\/\\\/www.instagram.com\\\/pet24.md\\\/\"],\"telephone\":\"+37360508880\"}]}<\/script>\n<!-- \/ Yoast SEO Premium plugin. -->","yoast_head_json":{"title":"Best Cat Silica Gel Filler 15 l + Cadou 2 buc. CLUB 4 PAWS Mancare premium cu aroma de pui, 300 g","description":"\u041a\u0443\u043f\u0438\u0442\u044c \u041d\u0430\u043f\u043e\u043b\u043d\u0438\u0442\u0435\u043b\u044c Best Cat Silica Gel 15 \u043b + \u041f\u043e\u0434\u0430\u0440\u043e\u043a 2 \u0448\u0442. CLUB 4 PAWS \u041f\u0440\u0435\u043c\u0438\u0443\u043c \u043a\u043e\u0440\u043c \u0441 \u0430\u0440\u043e\u043c\u0430\u0442\u043e\u043c \u043a\u0443\u0440\u0438\u0446\u044b, 300 \u0433 \u0441 \u0434\u043e\u0441\u0442\u0430\u0432\u043a\u043e\u0439 \u043f\u043e \u041a\u0438\u0448\u0438\u043d\u0435\u0432\u0443 \u0438 \u0432\u0441\u0435\u0439 \u041c\u043e\u043b\u0434\u043e\u0432\u0435 \u043d\u0430 Pet24","robots":{"index":"index","follow":"follow","max-snippet":"max-snippet:-1","max-image-preview":"max-image-preview:large","max-video-preview":"max-video-preview:-1"},"canonical":"https:\/\/pet24.md\/ro\/produs\/silikagelevyj-napolnitel-best-cat-15-l-podarok-2-sht-club-4-paws-premium-suhoj-korm-so-vkusom-kuriczy-300g\/","og_locale":"ro_RO","og_type":"article","og_title":"\u041d\u0430\u043f\u043e\u043b\u043d\u0438\u0442\u0435\u043b\u044c Best Cat Silica Gel 15 \u043b + \u041f\u043e\u0434\u0430\u0440\u043e\u043a 2 \u0448\u0442. CLUB 4 PAWS \u041f\u0440\u0435\u043c\u0438\u0443\u043c \u043a\u043e\u0440\u043c \u0441 \u0430\u0440\u043e\u043c\u0430\u0442\u043e\u043c \u043a\u0443\u0440\u0438\u0446\u044b, 300 \u0433","og_description":"\u041a\u0443\u043f\u0438\u0442\u044c \u041d\u0430\u043f\u043e\u043b\u043d\u0438\u0442\u0435\u043b\u044c Best Cat Silica Gel 15 \u043b + \u041f\u043e\u0434\u0430\u0440\u043e\u043a 2 \u0448\u0442. CLUB 4 PAWS \u041f\u0440\u0435\u043c\u0438\u0443\u043c \u043a\u043e\u0440\u043c \u0441 \u0430\u0440\u043e\u043c\u0430\u0442\u043e\u043c \u043a\u0443\u0440\u0438\u0446\u044b, 300 \u0433 \u0441 \u0434\u043e\u0441\u0442\u0430\u0432\u043a\u043e\u0439 \u043f\u043e \u041a\u0438\u0448\u0438\u043d\u0435\u0432\u0443 \u0438 \u0432\u0441\u0435\u0439 \u041c\u043e\u043b\u0434\u043e\u0432\u0435 \u043d\u0430 Pet24","og_url":"https:\/\/pet24.md\/ro\/produs\/silikagelevyj-napolnitel-best-cat-15-l-podarok-2-sht-club-4-paws-premium-suhoj-korm-so-vkusom-kuriczy-300g\/","og_site_name":"Pet24","article_publisher":"https:\/\/www.facebook.com\/pet24.md","article_modified_time":"2025-02-07T12:02:05+00:00","og_image":[{"width":1000,"height":1000,"url":"https:\/\/pet24.md\/wp-content\/uploads\/2024\/09\/cat02-5.png","type":"image\/png"}],"twitter_card":"summary_large_image","twitter_misc":{"Timp estimat pentru citire":"2 minute"},"schema":{"@context":"https:\/\/schema.org","@graph":[{"@type":"WebPage","@id":"https:\/\/pet24.md\/product\/silikagelevyj-napolnitel-best-cat-15-l-podarok-2-sht-club-4-paws-premium-suhoj-korm-so-vkusom-kuriczy-300g\/","url":"https:\/\/pet24.md\/product\/silikagelevyj-napolnitel-best-cat-15-l-podarok-2-sht-club-4-paws-premium-suhoj-korm-so-vkusom-kuriczy-300g\/","name":"Best Cat Silica Gel Filler 15 l + Cadou 2 buc. CLUB 4 PAWS Mancare premium cu aroma de pui, 300 g","isPartOf":{"@id":"https:\/\/pet24.md\/#website"},"primaryImageOfPage":{"@id":"https:\/\/pet24.md\/product\/silikagelevyj-napolnitel-best-cat-15-l-podarok-2-sht-club-4-paws-premium-suhoj-korm-so-vkusom-kuriczy-300g\/#primaryimage"},"image":{"@id":"https:\/\/pet24.md\/product\/silikagelevyj-napolnitel-best-cat-15-l-podarok-2-sht-club-4-paws-premium-suhoj-korm-so-vkusom-kuriczy-300g\/#primaryimage"},"thumbnailUrl":"https:\/\/pet24.md\/wp-content\/uploads\/2024\/09\/cat02-5.png","datePublished":"2024-05-15T15:08:47+00:00","dateModified":"2025-02-07T12:02:05+00:00","description":"\u041a\u0443\u043f\u0438\u0442\u044c \u041d\u0430\u043f\u043e\u043b\u043d\u0438\u0442\u0435\u043b\u044c Best Cat Silica Gel 15 \u043b + \u041f\u043e\u0434\u0430\u0440\u043e\u043a 2 \u0448\u0442. CLUB 4 PAWS \u041f\u0440\u0435\u043c\u0438\u0443\u043c \u043a\u043e\u0440\u043c \u0441 \u0430\u0440\u043e\u043c\u0430\u0442\u043e\u043c \u043a\u0443\u0440\u0438\u0446\u044b, 300 \u0433 \u0441 \u0434\u043e\u0441\u0442\u0430\u0432\u043a\u043e\u0439 \u043f\u043e \u041a\u0438\u0448\u0438\u043d\u0435\u0432\u0443 \u0438 \u0432\u0441\u0435\u0439 \u041c\u043e\u043b\u0434\u043e\u0432\u0435 \u043d\u0430 Pet24","breadcrumb":{"@id":"https:\/\/pet24.md\/product\/silikagelevyj-napolnitel-best-cat-15-l-podarok-2-sht-club-4-paws-premium-suhoj-korm-so-vkusom-kuriczy-300g\/#breadcrumb"},"inLanguage":"ro-RO","potentialAction":[{"@type":"ReadAction","target":["https:\/\/pet24.md\/product\/silikagelevyj-napolnitel-best-cat-15-l-podarok-2-sht-club-4-paws-premium-suhoj-korm-so-vkusom-kuriczy-300g\/"]}]},{"@type":"ImageObject","inLanguage":"ro-RO","@id":"https:\/\/pet24.md\/product\/silikagelevyj-napolnitel-best-cat-15-l-podarok-2-sht-club-4-paws-premium-suhoj-korm-so-vkusom-kuriczy-300g\/#primaryimage","url":"https:\/\/pet24.md\/wp-content\/uploads\/2024\/09\/cat02-5.png","contentUrl":"https:\/\/pet24.md\/wp-content\/uploads\/2024\/09\/cat02-5.png","width":1000,"height":1000,"caption":"\u041d\u0430\u043f\u043e\u043b\u043d\u0438\u0442\u0435\u043b\u044c Best Cat Silica Gel 15 \u043b + \u041f\u043e\u0434\u0430\u0440\u043e\u043a 2 \u0448\u0442. CLUB 4 PAWS \u041f\u0440\u0435\u043c\u0438\u0443\u043c \u043a\u043e\u0440\u043c \u0441 \u0430\u0440\u043e\u043c\u0430\u0442\u043e\u043c \u043a\u0443\u0440\u0438\u0446\u044b, 300 \u0433"},{"@type":"BreadcrumbList","@id":"https:\/\/pet24.md\/product\/silikagelevyj-napolnitel-best-cat-15-l-podarok-2-sht-club-4-paws-premium-suhoj-korm-so-vkusom-kuriczy-300g\/#breadcrumb","itemListElement":[{"@type":"ListItem","position":1,"name":"\u0413\u043b\u0430\u0432\u043d\u0430\u044f \u0441\u0442\u0440\u0430\u043d\u0438\u0446\u0430","item":"https:\/\/pet24.md\/"},{"@type":"ListItem","position":2,"name":"\u041c\u0430\u0433\u0430\u0437\u0438\u043d","item":"https:\/\/pet24.md\/shop\/"},{"@type":"ListItem","position":3,"name":"\u041d\u0430\u043f\u043e\u043b\u043d\u0438\u0442\u0435\u043b\u044c Best Cat Silica Gel 15 \u043b + \u041f\u043e\u0434\u0430\u0440\u043e\u043a 2 \u0448\u0442. CLUB 4 PAWS \u041f\u0440\u0435\u043c\u0438\u0443\u043c \u043a\u043e\u0440\u043c \u0441 \u0430\u0440\u043e\u043c\u0430\u0442\u043e\u043c \u043a\u0443\u0440\u0438\u0446\u044b, 300 \u0433"}]},{"@type":"WebSite","@id":"https:\/\/pet24.md\/#website","url":"https:\/\/pet24.md\/","name":"Pet24","description":"Magazin de animale de companie","publisher":{"@id":"https:\/\/pet24.md\/#organization"},"potentialAction":[{"@type":"SearchAction","target":{"@type":"EntryPoint","urlTemplate":"https:\/\/pet24.md\/?s={search_term_string}"},"query-input":{"@type":"PropertyValueSpecification","valueRequired":true,"valueName":"search_term_string"}}],"inLanguage":"ro-RO"},{"@type":"Organization","@id":"https:\/\/pet24.md\/#organization","name":"Pet24","url":"https:\/\/pet24.md\/","logo":{"@type":"ImageObject","inLanguage":"ro-RO","@id":"https:\/\/pet24.md\/#\/schema\/logo\/image\/","url":"https:\/\/pet24.md\/wp-content\/uploads\/2024\/09\/logo.svg","contentUrl":"https:\/\/pet24.md\/wp-content\/uploads\/2024\/09\/logo.svg","width":215,"height":66,"caption":"Pet24"},"image":{"@id":"https:\/\/pet24.md\/#\/schema\/logo\/image\/"},"sameAs":["https:\/\/www.facebook.com\/pet24.md","https:\/\/www.instagram.com\/pet24.md\/"],"telephone":"+37360508880"}]}},"_links":{"self":[{"href":"https:\/\/pet24.md\/ro\/wp-json\/wp\/v2\/product\/75234","targetHints":{"allow":["GET"]}}],"collection":[{"href":"https:\/\/pet24.md\/ro\/wp-json\/wp\/v2\/product"}],"about":[{"href":"https:\/\/pet24.md\/ro\/wp-json\/wp\/v2\/types\/product"}],"replies":[{"embeddable":true,"href":"https:\/\/pet24.md\/ro\/wp-json\/wp\/v2\/comments?post=75234"}],"wp:featuredmedia":[{"embeddable":true,"href":"https:\/\/pet24.md\/ro\/wp-json\/wp\/v2\/media\/90594"}],"wp:attachment":[{"href":"https:\/\/pet24.md\/ro\/wp-json\/wp\/v2\/media?parent=75234"}],"wp:term":[{"taxonomy":"product_brand","embeddable":true,"href":"https:\/\/pet24.md\/ro\/wp-json\/wp\/v2\/product_brand?post=75234"},{"taxonomy":"product_cat","embeddable":true,"href":"https:\/\/pet24.md\/ro\/wp-json\/wp\/v2\/product_cat?post=75234"},{"taxonomy":"product_tag","embeddable":true,"href":"https:\/\/pet24.md\/ro\/wp-json\/wp\/v2\/product_tag?post=75234"}],"curies":[{"name":"wp","href":"https:\/\/api.w.org\/{rel}","templated":true}]}}