{"id":75301,"date":"2024-05-15T19:19:10","date_gmt":"2024-05-15T19:19:10","guid":{"rendered":"https:\/\/pet24.md\/?post_type=product&#038;p=75301"},"modified":"2025-02-05T15:30:17","modified_gmt":"2025-02-05T15:30:17","slug":"koshachij-napolnitel-best-cat-15-l-podarok-2-paketa-suhogo-korma-optimeal-dlya-dlya-kotyat-so-vkusom-kuriczy-200-g","status":"publish","type":"product","link":"https:\/\/pet24.md\/ro\/produs\/koshachij-napolnitel-best-cat-15-l-podarok-2-paketa-suhogo-korma-optimeal-dlya-dlya-kotyat-so-vkusom-kuriczy-200-g\/","title":{"rendered":"A\u0219ternut pentru pisici Best Cat 15 l + cadou 2 pungi OPTIMEAL\u2122 pisoi, pui, 200 g"},"content":{"rendered":"<h1>A\u0219ternut pentru pisici cu silicagel TM Best Cat cu arom\u0103 de m\u0103r verde<\/h1>\n<p><strong>Promo\u021bie!<\/strong> C\u00e2nd achizi\u021biona\u021bi a\u0219ternut Best Cat cu arom\u0103 de mere verde, ve\u021bi primi cadou 2 pungi de hran\u0103 OPTIMEAL\u2122, de 200 g fiecare. Ofer\u0103-i animalului t\u0103u confort \u0219i o nutri\u021bie s\u0103n\u0103toas\u0103!<\/p>\n<h2>Cel mai bun a\u0219ternut cu gel de silice pentru pisici cu parfum de mere verde<\/h2>\n<p>A\u0219ternut cu silicagel TM Best Cat cu arom\u0103 de flori este o nou\u0103 genera\u021bie de a\u0219ternut pentru pisici. Este fabricat din cristale de silicagel naturale patentate, ecologice \u0219i este complet sigur at\u00e2t pentru animale, c\u00e2t \u0219i pentru mediu.<\/p>\n<h2>Principalele avantaje ale umpluturii TM Best Cat:<\/h2>\n<ul>\n<li><strong>Absorb\u021bie ultra-rapid\u0103<\/strong>: Datorit\u0103 structurii lor poroase, cristalele absorb umezeala \u0219i mirosurile \u00een c\u00e2teva secunde, prevenind evaporarea \u0219i asigur\u00e2nd prospe\u021bime p\u00e2n\u0103 la 30 de zile f\u0103r\u0103 \u00eenlocuire complet\u0103.<\/li>\n<li><strong>Blocarea eficient\u0103 a mirosurilor<\/strong>: Cristalele blocheaz\u0103 \u00een mod fiabil mirosurile nepl\u0103cute, cre\u00e2nd condi\u021bii confortabile pentru animalul de companie \u0219i proprietarul acestuia.<\/li>\n<li><strong>Propriet\u0103\u021bi antibacteriene<\/strong>: Prin eliminarea mirosurilor, cristalele previn cre\u0219terea bacteriilor \u0219i ajut\u0103 la eliminarea agen\u021bilor patogeni.<\/li>\n<li><strong>Siguran\u021ba mediului<\/strong>: Cristalele de silicagel naturale, prietenoase cu mediul, sunt absolut sigure pentru animale \u0219i mediu. Umplutura nu provoac\u0103 alergii, este netoxic\u0103 \u0219i f\u0103r\u0103 gust.<\/li>\n<li><strong>Soiuri aromate<\/strong>: Disponibil \u00een arome florale, m\u0103r verde, lavand\u0103, ment\u0103 \u0219i alte arome, transform\u00e2nd litiera pisicii dvs. \u00eentr-o surs\u0103 de miros pl\u0103cut.<\/li>\n<li><strong>Calitate superioar\u0103<\/strong>: Cristalele sunt de culoare uniform\u0103 \u0219i au dimensiunea granulelor de 4-8 mm, ceea ce \u00eempiedic\u0103 transformarea umpluturii \u00een nisip dup\u0103 prima utilizare.<\/li>\n<li><strong>Durat\u0103 lung\u0103 de via\u021b\u0103<\/strong>: Umplutura \u00ee\u0219i p\u0103streaz\u0103 propriet\u0103\u021bile p\u00e2n\u0103 la 30 de zile atunci c\u00e2nd se utilizeaz\u0103 un sac de 3,6 litri.<\/li>\n<li><strong>Nu se lipe\u0219te de labe<\/strong>: Umplutura nu se sf\u0103r\u00e2m\u0103 \u0219i nu se lipe\u0219te de labele pisicii, p\u0103str\u00e2nd casa curat\u0103 \u0219i ordonat\u0103.<\/li>\n<\/ul>\n<p>TM Best Cat ofer\u0103 a\u0219ternut cu gel de silice de \u00eenalt\u0103 calitate, care este \u00eenaintea tuturor tipurilor de materiale alternative \u0219i ocup\u0103 primul loc \u00een r\u00e2ndul a\u0219ternutului pentru pisici.<\/p>\n<p>Acum litiera animalului tau este asociata doar cu curatenie si prospetime!<\/p>","protected":false},"excerpt":{"rendered":"<p>\u041a\u043e\u043c\u043a\u0443\u044e\u0449\u0438\u0439\u0441\u044f \u043d\u0430\u043f\u043e\u043b\u043d\u0438\u0442\u0435\u043b\u044c Best Cat (15 \u043b) \u043e\u0431\u0435\u0441\u043f\u0435\u0447\u0438\u0432\u0430\u0435\u0442 \u0447\u0438\u0441\u0442\u043e\u0442\u0443 \u0438 \u0441\u0432\u0435\u0436\u0435\u0441\u0442\u044c. \u0412 \u043f\u043e\u0434\u0430\u0440\u043e\u043a \u2013 2 \u043f\u0430\u043a\u0435\u0442\u0430 \u043a\u043e\u0440\u043c\u0430 OPTIMEAL\u2122 \u0434\u043b\u044f \u043a\u043e\u0442\u044f\u0442. \u041e\u0442\u043b\u0438\u0447\u043d\u043e\u0435 \u0440\u0435\u0448\u0435\u043d\u0438\u0435 \u0434\u043b\u044f \u0443\u0445\u043e\u0434\u0430 \u0437\u0430 \u0432\u0430\u0448\u0438\u043c \u043c\u0430\u043b\u0435\u043d\u044c\u043a\u0438\u043c \u043f\u0438\u0442\u043e\u043c\u0446\u0435\u043c!<\/p>","protected":false},"featured_media":90616,"comment_status":"closed","ping_status":"closed","template":"","meta":[],"product_brand":[],"product_cat":[309,193,194,432,320],"product_tag":[1161,1160],"class_list":{"0":"post-75301","1":"product","2":"type-product","3":"status-publish","4":"has-post-thumbnail","6":"product_cat-catfood","7":"product_cat-cat","8":"product_cat-cat-litter","9":"product_cat-silicagel-catlitter","10":"product_cat-catdry","11":"product_tag-best-optimeal","12":"product_tag-on-sale","13":"pa_age-pet-vzroslyj","14":"pa_brand-best-cat","15":"pa_brand-optimeal","16":"pa_filler-silikagel","17":"pa_fragrance-yabloko","18":"pa_meat-ingredients-kuricza","19":"pa_pet-koshka","20":"pa_pet-feature-zdorovyj-pitomecz","22":"first","23":"instock","24":"sale","25":"shipping-taxable","26":"product-type-simple"},"yoast_head":"<!-- This site is optimized with the Yoast SEO Premium plugin v23.7 (Yoast SEO v27.5) - https:\/\/yoast.com\/product\/yoast-seo-premium-wordpress\/ -->\n<title>\u041d\u0430\u043f\u043e\u043b\u043d\u0438\u0442\u0435\u043b\u044c \u0434\u043b\u044f \u043a\u043e\u0448\u0435\u043a Best Cat 15 \u043b + \u043f\u043e\u0434\u0430\u0440\u043e\u043a 2 \u043f\u0430\u043a\u0435\u0442\u0430 OPTIMEAL\u2122 \u043a\u043e\u0442\u044f\u0442\u0430, \u043a\u0443\u0440\u0438\u0446\u0430, 200 \u0433<\/title>\n<meta name=\"description\" content=\"\u041d\u0430\u043f\u043e\u043b\u043d\u0438\u0442\u0435\u043b\u044c Best Cat 15 \u043b \u2013 \u043a\u043e\u043c\u0444\u043e\u0440\u0442 \u0438 \u0447\u0438\u0441\u0442\u043e\u0442\u0430 \u0434\u043b\u044f \u0432\u0430\u0448\u0435\u0433\u043e \u043f\u0438\u0442\u043e\u043c\u0446\u0430. \u0412 \u043a\u043e\u043c\u043f\u043b\u0435\u043a\u0442\u0435 \u043f\u043e\u0434\u0430\u0440\u043e\u043a \u2013 2 \u043f\u0430\u043a\u0435\u0442\u0430 \u043a\u043e\u0440\u043c\u0430 OPTIMEAL\u2122 \u0434\u043b\u044f \u043a\u043e\u0442\u044f\u0442. \u0418\u0434\u0435\u0430\u043b\u044c\u043d\u044b\u0439 \u0432\u044b\u0431\u043e\u0440 \u0434\u043b\u044f \u0437\u0430\u0431\u043e\u0442\u043b\u0438\u0432\u044b\u0445 \u0445\u043e\u0437\u044f\u0435\u0432!\" \/>\n<meta name=\"robots\" content=\"index, follow, max-snippet:-1, max-image-preview:large, max-video-preview:-1\" \/>\n<link rel=\"canonical\" href=\"https:\/\/pet24.md\/ro\/produs\/koshachij-napolnitel-best-cat-15-l-podarok-2-paketa-suhogo-korma-optimeal-dlya-dlya-kotyat-so-vkusom-kuriczy-200-g\/\" \/>\n<meta property=\"og:locale\" content=\"ro_RO\" \/>\n<meta property=\"og:type\" content=\"article\" \/>\n<meta property=\"og:title\" content=\"\u041d\u0430\u043f\u043e\u043b\u043d\u0438\u0442\u0435\u043b\u044c \u0434\u043b\u044f \u043a\u043e\u0448\u0435\u043a Best Cat 15 \u043b + \u043f\u043e\u0434\u0430\u0440\u043e\u043a 2 \u043f\u0430\u043a\u0435\u0442\u0430 OPTIMEAL\u2122 \u043a\u043e\u0442\u044f\u0442\u0430, \u043a\u0443\u0440\u0438\u0446\u0430, 200 \u0433\" \/>\n<meta property=\"og:description\" content=\"\u041d\u0430\u043f\u043e\u043b\u043d\u0438\u0442\u0435\u043b\u044c Best Cat 15 \u043b \u2013 \u043a\u043e\u043c\u0444\u043e\u0440\u0442 \u0438 \u0447\u0438\u0441\u0442\u043e\u0442\u0430 \u0434\u043b\u044f \u0432\u0430\u0448\u0435\u0433\u043e \u043f\u0438\u0442\u043e\u043c\u0446\u0430. \u0412 \u043a\u043e\u043c\u043f\u043b\u0435\u043a\u0442\u0435 \u043f\u043e\u0434\u0430\u0440\u043e\u043a \u2013 2 \u043f\u0430\u043a\u0435\u0442\u0430 \u043a\u043e\u0440\u043c\u0430 OPTIMEAL\u2122 \u0434\u043b\u044f \u043a\u043e\u0442\u044f\u0442. \u0418\u0434\u0435\u0430\u043b\u044c\u043d\u044b\u0439 \u0432\u044b\u0431\u043e\u0440 \u0434\u043b\u044f \u0437\u0430\u0431\u043e\u0442\u043b\u0438\u0432\u044b\u0445 \u0445\u043e\u0437\u044f\u0435\u0432!\" \/>\n<meta property=\"og:url\" content=\"https:\/\/pet24.md\/ro\/produs\/koshachij-napolnitel-best-cat-15-l-podarok-2-paketa-suhogo-korma-optimeal-dlya-dlya-kotyat-so-vkusom-kuriczy-200-g\/\" \/>\n<meta property=\"og:site_name\" content=\"Pet24\" \/>\n<meta property=\"article:publisher\" content=\"https:\/\/www.facebook.com\/pet24.md\" \/>\n<meta property=\"article:modified_time\" content=\"2025-02-05T15:30:17+00:00\" \/>\n<meta property=\"og:image\" content=\"https:\/\/pet24.md\/wp-content\/uploads\/2024\/09\/003-4.png\" \/>\n\t<meta property=\"og:image:width\" content=\"1000\" \/>\n\t<meta property=\"og:image:height\" content=\"1000\" \/>\n\t<meta property=\"og:image:type\" content=\"image\/png\" \/>\n<meta name=\"twitter:card\" content=\"summary_large_image\" \/>\n<meta name=\"twitter:label1\" content=\"Timp estimat pentru citire\" \/>\n\t<meta name=\"twitter:data1\" content=\"2 minute\" \/>\n<script type=\"application\/ld+json\" class=\"yoast-schema-graph\">{\"@context\":\"https:\\\/\\\/schema.org\",\"@graph\":[{\"@type\":\"WebPage\",\"@id\":\"https:\\\/\\\/pet24.md\\\/product\\\/koshachij-napolnitel-best-cat-15-l-podarok-2-paketa-suhogo-korma-optimeal-dlya-dlya-kotyat-so-vkusom-kuriczy-200-g\\\/\",\"url\":\"https:\\\/\\\/pet24.md\\\/product\\\/koshachij-napolnitel-best-cat-15-l-podarok-2-paketa-suhogo-korma-optimeal-dlya-dlya-kotyat-so-vkusom-kuriczy-200-g\\\/\",\"name\":\"\u041d\u0430\u043f\u043e\u043b\u043d\u0438\u0442\u0435\u043b\u044c \u0434\u043b\u044f \u043a\u043e\u0448\u0435\u043a Best Cat 15 \u043b + \u043f\u043e\u0434\u0430\u0440\u043e\u043a 2 \u043f\u0430\u043a\u0435\u0442\u0430 OPTIMEAL\u2122 \u043a\u043e\u0442\u044f\u0442\u0430, \u043a\u0443\u0440\u0438\u0446\u0430, 200 \u0433\",\"isPartOf\":{\"@id\":\"https:\\\/\\\/pet24.md\\\/#website\"},\"primaryImageOfPage\":{\"@id\":\"https:\\\/\\\/pet24.md\\\/product\\\/koshachij-napolnitel-best-cat-15-l-podarok-2-paketa-suhogo-korma-optimeal-dlya-dlya-kotyat-so-vkusom-kuriczy-200-g\\\/#primaryimage\"},\"image\":{\"@id\":\"https:\\\/\\\/pet24.md\\\/product\\\/koshachij-napolnitel-best-cat-15-l-podarok-2-paketa-suhogo-korma-optimeal-dlya-dlya-kotyat-so-vkusom-kuriczy-200-g\\\/#primaryimage\"},\"thumbnailUrl\":\"https:\\\/\\\/pet24.md\\\/wp-content\\\/uploads\\\/2024\\\/09\\\/003-4.png\",\"datePublished\":\"2024-05-15T19:19:10+00:00\",\"dateModified\":\"2025-02-05T15:30:17+00:00\",\"description\":\"\u041d\u0430\u043f\u043e\u043b\u043d\u0438\u0442\u0435\u043b\u044c Best Cat 15 \u043b \u2013 \u043a\u043e\u043c\u0444\u043e\u0440\u0442 \u0438 \u0447\u0438\u0441\u0442\u043e\u0442\u0430 \u0434\u043b\u044f \u0432\u0430\u0448\u0435\u0433\u043e \u043f\u0438\u0442\u043e\u043c\u0446\u0430. \u0412 \u043a\u043e\u043c\u043f\u043b\u0435\u043a\u0442\u0435 \u043f\u043e\u0434\u0430\u0440\u043e\u043a \u2013 2 \u043f\u0430\u043a\u0435\u0442\u0430 \u043a\u043e\u0440\u043c\u0430 OPTIMEAL\u2122 \u0434\u043b\u044f \u043a\u043e\u0442\u044f\u0442. \u0418\u0434\u0435\u0430\u043b\u044c\u043d\u044b\u0439 \u0432\u044b\u0431\u043e\u0440 \u0434\u043b\u044f \u0437\u0430\u0431\u043e\u0442\u043b\u0438\u0432\u044b\u0445 \u0445\u043e\u0437\u044f\u0435\u0432!\",\"breadcrumb\":{\"@id\":\"https:\\\/\\\/pet24.md\\\/product\\\/koshachij-napolnitel-best-cat-15-l-podarok-2-paketa-suhogo-korma-optimeal-dlya-dlya-kotyat-so-vkusom-kuriczy-200-g\\\/#breadcrumb\"},\"inLanguage\":\"ro-RO\",\"potentialAction\":[{\"@type\":\"ReadAction\",\"target\":[\"https:\\\/\\\/pet24.md\\\/product\\\/koshachij-napolnitel-best-cat-15-l-podarok-2-paketa-suhogo-korma-optimeal-dlya-dlya-kotyat-so-vkusom-kuriczy-200-g\\\/\"]}]},{\"@type\":\"ImageObject\",\"inLanguage\":\"ro-RO\",\"@id\":\"https:\\\/\\\/pet24.md\\\/product\\\/koshachij-napolnitel-best-cat-15-l-podarok-2-paketa-suhogo-korma-optimeal-dlya-dlya-kotyat-so-vkusom-kuriczy-200-g\\\/#primaryimage\",\"url\":\"https:\\\/\\\/pet24.md\\\/wp-content\\\/uploads\\\/2024\\\/09\\\/003-4.png\",\"contentUrl\":\"https:\\\/\\\/pet24.md\\\/wp-content\\\/uploads\\\/2024\\\/09\\\/003-4.png\",\"width\":1000,\"height\":1000,\"caption\":\"\u041d\u0430\u043f\u043e\u043b\u043d\u0438\u0442\u0435\u043b\u044c \u0434\u043b\u044f \u043a\u043e\u0448\u0435\u043a Best Cat 15 \u043b + \u043f\u043e\u0434\u0430\u0440\u043e\u043a 2 \u043f\u0430\u043a\u0435\u0442\u0430 OPTIMEAL\u2122 \u043a\u043e\u0442\u044f\u0442\u0430\"},{\"@type\":\"BreadcrumbList\",\"@id\":\"https:\\\/\\\/pet24.md\\\/product\\\/koshachij-napolnitel-best-cat-15-l-podarok-2-paketa-suhogo-korma-optimeal-dlya-dlya-kotyat-so-vkusom-kuriczy-200-g\\\/#breadcrumb\",\"itemListElement\":[{\"@type\":\"ListItem\",\"position\":1,\"name\":\"\u0413\u043b\u0430\u0432\u043d\u0430\u044f \u0441\u0442\u0440\u0430\u043d\u0438\u0446\u0430\",\"item\":\"https:\\\/\\\/pet24.md\\\/\"},{\"@type\":\"ListItem\",\"position\":2,\"name\":\"\u041c\u0430\u0433\u0430\u0437\u0438\u043d\",\"item\":\"https:\\\/\\\/pet24.md\\\/shop\\\/\"},{\"@type\":\"ListItem\",\"position\":3,\"name\":\"\u041d\u0430\u043f\u043e\u043b\u043d\u0438\u0442\u0435\u043b\u044c \u0434\u043b\u044f \u043a\u043e\u0448\u0435\u043a Best Cat 15 \u043b + \u043f\u043e\u0434\u0430\u0440\u043e\u043a 2 \u043f\u0430\u043a\u0435\u0442\u0430 OPTIMEAL\u2122 \u043a\u043e\u0442\u044f\u0442\u0430, \u043a\u0443\u0440\u0438\u0446\u0430, 200 \u0433\"}]},{\"@type\":\"WebSite\",\"@id\":\"https:\\\/\\\/pet24.md\\\/#website\",\"url\":\"https:\\\/\\\/pet24.md\\\/\",\"name\":\"Pet24\",\"description\":\"\u0417\u043e\u043e\u043c\u0430\u0433\u0430\u0437\u0438\u043d \u0442\u043e\u0432\u0430\u0440\u043e\u0432 \u0434\u043b\u044f \u0434\u043e\u043c\u0430\u0448\u043d\u0438\u0445 \u043f\u0438\u0442\u043e\u043c\u0446\u0435\u0432\",\"publisher\":{\"@id\":\"https:\\\/\\\/pet24.md\\\/#organization\"},\"potentialAction\":[{\"@type\":\"SearchAction\",\"target\":{\"@type\":\"EntryPoint\",\"urlTemplate\":\"https:\\\/\\\/pet24.md\\\/?s={search_term_string}\"},\"query-input\":{\"@type\":\"PropertyValueSpecification\",\"valueRequired\":true,\"valueName\":\"search_term_string\"}}],\"inLanguage\":\"ro-RO\"},{\"@type\":\"Organization\",\"@id\":\"https:\\\/\\\/pet24.md\\\/#organization\",\"name\":\"Pet24\",\"url\":\"https:\\\/\\\/pet24.md\\\/\",\"logo\":{\"@type\":\"ImageObject\",\"inLanguage\":\"ro-RO\",\"@id\":\"https:\\\/\\\/pet24.md\\\/#\\\/schema\\\/logo\\\/image\\\/\",\"url\":\"https:\\\/\\\/pet24.md\\\/wp-content\\\/uploads\\\/2024\\\/09\\\/logo.svg\",\"contentUrl\":\"https:\\\/\\\/pet24.md\\\/wp-content\\\/uploads\\\/2024\\\/09\\\/logo.svg\",\"width\":215,\"height\":66,\"caption\":\"Pet24\"},\"image\":{\"@id\":\"https:\\\/\\\/pet24.md\\\/#\\\/schema\\\/logo\\\/image\\\/\"},\"sameAs\":[\"https:\\\/\\\/www.facebook.com\\\/pet24.md\",\"https:\\\/\\\/www.instagram.com\\\/pet24.md\\\/\"],\"telephone\":\"+37360508880\"}]}<\/script>\n<!-- \/ Yoast SEO Premium plugin. -->","yoast_head_json":{"title":"A\u0219ternut pentru pisici Best Cat 15 l + cadou 2 pungi OPTIMEAL\u2122 pisoi, pui, 200 g","description":"\u041d\u0430\u043f\u043e\u043b\u043d\u0438\u0442\u0435\u043b\u044c Best Cat 15 \u043b \u2013 \u043a\u043e\u043c\u0444\u043e\u0440\u0442 \u0438 \u0447\u0438\u0441\u0442\u043e\u0442\u0430 \u0434\u043b\u044f \u0432\u0430\u0448\u0435\u0433\u043e \u043f\u0438\u0442\u043e\u043c\u0446\u0430. \u0412 \u043a\u043e\u043c\u043f\u043b\u0435\u043a\u0442\u0435 \u043f\u043e\u0434\u0430\u0440\u043e\u043a \u2013 2 \u043f\u0430\u043a\u0435\u0442\u0430 \u043a\u043e\u0440\u043c\u0430 OPTIMEAL\u2122 \u0434\u043b\u044f \u043a\u043e\u0442\u044f\u0442. \u0418\u0434\u0435\u0430\u043b\u044c\u043d\u044b\u0439 \u0432\u044b\u0431\u043e\u0440 \u0434\u043b\u044f \u0437\u0430\u0431\u043e\u0442\u043b\u0438\u0432\u044b\u0445 \u0445\u043e\u0437\u044f\u0435\u0432!","robots":{"index":"index","follow":"follow","max-snippet":"max-snippet:-1","max-image-preview":"max-image-preview:large","max-video-preview":"max-video-preview:-1"},"canonical":"https:\/\/pet24.md\/ro\/produs\/koshachij-napolnitel-best-cat-15-l-podarok-2-paketa-suhogo-korma-optimeal-dlya-dlya-kotyat-so-vkusom-kuriczy-200-g\/","og_locale":"ro_RO","og_type":"article","og_title":"\u041d\u0430\u043f\u043e\u043b\u043d\u0438\u0442\u0435\u043b\u044c \u0434\u043b\u044f \u043a\u043e\u0448\u0435\u043a Best Cat 15 \u043b + \u043f\u043e\u0434\u0430\u0440\u043e\u043a 2 \u043f\u0430\u043a\u0435\u0442\u0430 OPTIMEAL\u2122 \u043a\u043e\u0442\u044f\u0442\u0430, \u043a\u0443\u0440\u0438\u0446\u0430, 200 \u0433","og_description":"\u041d\u0430\u043f\u043e\u043b\u043d\u0438\u0442\u0435\u043b\u044c Best Cat 15 \u043b \u2013 \u043a\u043e\u043c\u0444\u043e\u0440\u0442 \u0438 \u0447\u0438\u0441\u0442\u043e\u0442\u0430 \u0434\u043b\u044f \u0432\u0430\u0448\u0435\u0433\u043e \u043f\u0438\u0442\u043e\u043c\u0446\u0430. \u0412 \u043a\u043e\u043c\u043f\u043b\u0435\u043a\u0442\u0435 \u043f\u043e\u0434\u0430\u0440\u043e\u043a \u2013 2 \u043f\u0430\u043a\u0435\u0442\u0430 \u043a\u043e\u0440\u043c\u0430 OPTIMEAL\u2122 \u0434\u043b\u044f \u043a\u043e\u0442\u044f\u0442. \u0418\u0434\u0435\u0430\u043b\u044c\u043d\u044b\u0439 \u0432\u044b\u0431\u043e\u0440 \u0434\u043b\u044f \u0437\u0430\u0431\u043e\u0442\u043b\u0438\u0432\u044b\u0445 \u0445\u043e\u0437\u044f\u0435\u0432!","og_url":"https:\/\/pet24.md\/ro\/produs\/koshachij-napolnitel-best-cat-15-l-podarok-2-paketa-suhogo-korma-optimeal-dlya-dlya-kotyat-so-vkusom-kuriczy-200-g\/","og_site_name":"Pet24","article_publisher":"https:\/\/www.facebook.com\/pet24.md","article_modified_time":"2025-02-05T15:30:17+00:00","og_image":[{"width":1000,"height":1000,"url":"https:\/\/pet24.md\/wp-content\/uploads\/2024\/09\/003-4.png","type":"image\/png"}],"twitter_card":"summary_large_image","twitter_misc":{"Timp estimat pentru citire":"2 minute"},"schema":{"@context":"https:\/\/schema.org","@graph":[{"@type":"WebPage","@id":"https:\/\/pet24.md\/product\/koshachij-napolnitel-best-cat-15-l-podarok-2-paketa-suhogo-korma-optimeal-dlya-dlya-kotyat-so-vkusom-kuriczy-200-g\/","url":"https:\/\/pet24.md\/product\/koshachij-napolnitel-best-cat-15-l-podarok-2-paketa-suhogo-korma-optimeal-dlya-dlya-kotyat-so-vkusom-kuriczy-200-g\/","name":"A\u0219ternut pentru pisici Best Cat 15 l + cadou 2 pungi OPTIMEAL\u2122 pisoi, pui, 200 g","isPartOf":{"@id":"https:\/\/pet24.md\/#website"},"primaryImageOfPage":{"@id":"https:\/\/pet24.md\/product\/koshachij-napolnitel-best-cat-15-l-podarok-2-paketa-suhogo-korma-optimeal-dlya-dlya-kotyat-so-vkusom-kuriczy-200-g\/#primaryimage"},"image":{"@id":"https:\/\/pet24.md\/product\/koshachij-napolnitel-best-cat-15-l-podarok-2-paketa-suhogo-korma-optimeal-dlya-dlya-kotyat-so-vkusom-kuriczy-200-g\/#primaryimage"},"thumbnailUrl":"https:\/\/pet24.md\/wp-content\/uploads\/2024\/09\/003-4.png","datePublished":"2024-05-15T19:19:10+00:00","dateModified":"2025-02-05T15:30:17+00:00","description":"\u041d\u0430\u043f\u043e\u043b\u043d\u0438\u0442\u0435\u043b\u044c Best Cat 15 \u043b \u2013 \u043a\u043e\u043c\u0444\u043e\u0440\u0442 \u0438 \u0447\u0438\u0441\u0442\u043e\u0442\u0430 \u0434\u043b\u044f \u0432\u0430\u0448\u0435\u0433\u043e \u043f\u0438\u0442\u043e\u043c\u0446\u0430. \u0412 \u043a\u043e\u043c\u043f\u043b\u0435\u043a\u0442\u0435 \u043f\u043e\u0434\u0430\u0440\u043e\u043a \u2013 2 \u043f\u0430\u043a\u0435\u0442\u0430 \u043a\u043e\u0440\u043c\u0430 OPTIMEAL\u2122 \u0434\u043b\u044f \u043a\u043e\u0442\u044f\u0442. \u0418\u0434\u0435\u0430\u043b\u044c\u043d\u044b\u0439 \u0432\u044b\u0431\u043e\u0440 \u0434\u043b\u044f \u0437\u0430\u0431\u043e\u0442\u043b\u0438\u0432\u044b\u0445 \u0445\u043e\u0437\u044f\u0435\u0432!","breadcrumb":{"@id":"https:\/\/pet24.md\/product\/koshachij-napolnitel-best-cat-15-l-podarok-2-paketa-suhogo-korma-optimeal-dlya-dlya-kotyat-so-vkusom-kuriczy-200-g\/#breadcrumb"},"inLanguage":"ro-RO","potentialAction":[{"@type":"ReadAction","target":["https:\/\/pet24.md\/product\/koshachij-napolnitel-best-cat-15-l-podarok-2-paketa-suhogo-korma-optimeal-dlya-dlya-kotyat-so-vkusom-kuriczy-200-g\/"]}]},{"@type":"ImageObject","inLanguage":"ro-RO","@id":"https:\/\/pet24.md\/product\/koshachij-napolnitel-best-cat-15-l-podarok-2-paketa-suhogo-korma-optimeal-dlya-dlya-kotyat-so-vkusom-kuriczy-200-g\/#primaryimage","url":"https:\/\/pet24.md\/wp-content\/uploads\/2024\/09\/003-4.png","contentUrl":"https:\/\/pet24.md\/wp-content\/uploads\/2024\/09\/003-4.png","width":1000,"height":1000,"caption":"\u041d\u0430\u043f\u043e\u043b\u043d\u0438\u0442\u0435\u043b\u044c \u0434\u043b\u044f \u043a\u043e\u0448\u0435\u043a Best Cat 15 \u043b + \u043f\u043e\u0434\u0430\u0440\u043e\u043a 2 \u043f\u0430\u043a\u0435\u0442\u0430 OPTIMEAL\u2122 \u043a\u043e\u0442\u044f\u0442\u0430"},{"@type":"BreadcrumbList","@id":"https:\/\/pet24.md\/product\/koshachij-napolnitel-best-cat-15-l-podarok-2-paketa-suhogo-korma-optimeal-dlya-dlya-kotyat-so-vkusom-kuriczy-200-g\/#breadcrumb","itemListElement":[{"@type":"ListItem","position":1,"name":"\u0413\u043b\u0430\u0432\u043d\u0430\u044f \u0441\u0442\u0440\u0430\u043d\u0438\u0446\u0430","item":"https:\/\/pet24.md\/"},{"@type":"ListItem","position":2,"name":"\u041c\u0430\u0433\u0430\u0437\u0438\u043d","item":"https:\/\/pet24.md\/shop\/"},{"@type":"ListItem","position":3,"name":"\u041d\u0430\u043f\u043e\u043b\u043d\u0438\u0442\u0435\u043b\u044c \u0434\u043b\u044f \u043a\u043e\u0448\u0435\u043a Best Cat 15 \u043b + \u043f\u043e\u0434\u0430\u0440\u043e\u043a 2 \u043f\u0430\u043a\u0435\u0442\u0430 OPTIMEAL\u2122 \u043a\u043e\u0442\u044f\u0442\u0430, \u043a\u0443\u0440\u0438\u0446\u0430, 200 \u0433"}]},{"@type":"WebSite","@id":"https:\/\/pet24.md\/#website","url":"https:\/\/pet24.md\/","name":"Pet24","description":"Magazin de animale de companie","publisher":{"@id":"https:\/\/pet24.md\/#organization"},"potentialAction":[{"@type":"SearchAction","target":{"@type":"EntryPoint","urlTemplate":"https:\/\/pet24.md\/?s={search_term_string}"},"query-input":{"@type":"PropertyValueSpecification","valueRequired":true,"valueName":"search_term_string"}}],"inLanguage":"ro-RO"},{"@type":"Organization","@id":"https:\/\/pet24.md\/#organization","name":"Pet24","url":"https:\/\/pet24.md\/","logo":{"@type":"ImageObject","inLanguage":"ro-RO","@id":"https:\/\/pet24.md\/#\/schema\/logo\/image\/","url":"https:\/\/pet24.md\/wp-content\/uploads\/2024\/09\/logo.svg","contentUrl":"https:\/\/pet24.md\/wp-content\/uploads\/2024\/09\/logo.svg","width":215,"height":66,"caption":"Pet24"},"image":{"@id":"https:\/\/pet24.md\/#\/schema\/logo\/image\/"},"sameAs":["https:\/\/www.facebook.com\/pet24.md","https:\/\/www.instagram.com\/pet24.md\/"],"telephone":"+37360508880"}]}},"_links":{"self":[{"href":"https:\/\/pet24.md\/ro\/wp-json\/wp\/v2\/product\/75301","targetHints":{"allow":["GET"]}}],"collection":[{"href":"https:\/\/pet24.md\/ro\/wp-json\/wp\/v2\/product"}],"about":[{"href":"https:\/\/pet24.md\/ro\/wp-json\/wp\/v2\/types\/product"}],"replies":[{"embeddable":true,"href":"https:\/\/pet24.md\/ro\/wp-json\/wp\/v2\/comments?post=75301"}],"wp:featuredmedia":[{"embeddable":true,"href":"https:\/\/pet24.md\/ro\/wp-json\/wp\/v2\/media\/90616"}],"wp:attachment":[{"href":"https:\/\/pet24.md\/ro\/wp-json\/wp\/v2\/media?parent=75301"}],"wp:term":[{"taxonomy":"product_brand","embeddable":true,"href":"https:\/\/pet24.md\/ro\/wp-json\/wp\/v2\/product_brand?post=75301"},{"taxonomy":"product_cat","embeddable":true,"href":"https:\/\/pet24.md\/ro\/wp-json\/wp\/v2\/product_cat?post=75301"},{"taxonomy":"product_tag","embeddable":true,"href":"https:\/\/pet24.md\/ro\/wp-json\/wp\/v2\/product_tag?post=75301"}],"curies":[{"name":"wp","href":"https:\/\/api.w.org\/{rel}","templated":true}]}}