{"id":83246,"date":"2024-07-18T09:14:54","date_gmt":"2024-07-18T09:14:54","guid":{"rendered":"https:\/\/pet24.md\/?post_type=product&#038;p=83246"},"modified":"2024-09-22T22:14:35","modified_gmt":"2024-09-22T22:14:35","slug":"korm-dlya-shhenkov-brit-care-dog-s-kuriczej-12-kg","status":"publish","type":"product","link":"https:\/\/pet24.md\/ro\/produs\/korm-dlya-shhenkov-brit-care-dog-s-kuriczej-12-kg\/","title":{"rendered":"Brit Care Dog hrana uscata pentru catei cu pui 3 kg"},"content":{"rendered":"<h3>Brit Care Dog hrana uscata pentru catei cu pui 3 kg<\/h3>\n<h3>Beneficiile hranei super premium pentru catei:<\/h3>\n<ul>\n<li><strong>Cre\u0219tere \u0219i dezvoltare s\u0103n\u0103toas\u0103:<\/strong> Acizii gra\u0219i Omega-3 promoveaz\u0103 cre\u0219terea corect\u0103 \u0219i s\u0103n\u0103toas\u0103 a c\u0103\u021belu\u0219ului t\u0103u.<\/li>\n<li><strong>CO2 sc\u0103zut:<\/strong> Reteta cu o amprenta de carbon mai mica, respectand mediul inconjurator.<\/li>\n<li><strong>Imunitate:<\/strong> Probioticele \u0219i antioxidan\u021bii \u00eent\u0103resc sistemul imunitar \u0219i sus\u021bin o digestie s\u0103n\u0103toas\u0103.<\/li>\n<\/ul>\n<h3>De ce s\u0103 alege\u021bi hrana noastr\u0103 super premium pentru c\u0103\u021bei:<\/h3>\n<ul>\n<li><strong>Proteine u\u0219or digerabile:<\/strong> Con\u021bine proteine valoroase cu o compozi\u021bie complet\u0103 de aminoacizi pentru s\u0103n\u0103tate \u0219i un excelent tonus muscular \u0219i tisular.<\/li>\n<li><strong>F\u0103r\u0103 gluten:<\/strong> Potrivit pentru to\u021bi c\u00e2inii f\u0103r\u0103 risc de cre\u0219tere \u00een greutate.<\/li>\n<li><strong>Ecologic:<\/strong> Utilizarea de materii prime ecologice, care 35% are un impact mai mic asupra mediului.<\/li>\n<\/ul>\n<h3>Ingrediente ale hranei pentru caini Brit Care:<\/h3>\n<ul>\n<li><strong>Pui:<\/strong> 40% (pui deshidratat, pui hidrolizat)<\/li>\n<li><strong>Ov\u0103z:<\/strong> 26%<\/li>\n<li><strong>Insecte deshidratate:<\/strong> 14%<\/li>\n<li><strong>Gr\u0103sime de pui, pulp\u0103 de m\u0103r uscat\u0103, arom\u0103 natural\u0103, drojdie de bere, ulei de somon (2%), drojdie hidrolizat\u0103 (0,5%), f\u0103in\u0103 de maz\u0103re, glucozamin\u0103 (300 mg\/kg), fructooligozaharide (230 mg\/kg), sulfat de condroitin\u0103 (230 mg). \/kg), mananoligozaharide (180 mg\/kg), Yucca Mojave (180 mg\/kg), semin\u021be de ciulin de lapte (110 mg\/kg), \u03b2-glucani (60 mg\/kg), mam\u0103 uscat\u0103 (60 mg\/kg), c\u0103tin\u0103 uscat\u0103 (60 mg\/kg), probiotic Lactobacillus helveticus HA \u2013 122 inactivat (15x10^9 celule\/kg).<\/strong><\/li>\n<\/ul>\n<h3>Componentele analitice ale hranei super premium pentru catei:<\/h3>\n<ul>\n<li>Protein\u0103 brut\u0103: 31,0%<\/li>\n<li>Gr\u0103simi brute: 19,0%<\/li>\n<li>Umiditate: 10.0%<\/li>\n<li>Cenu\u0219\u0103 brut\u0103: 5,9%<\/li>\n<li>Fibr\u0103 brut\u0103: 1,5%<\/li>\n<li>Calciu: 1,4%<\/li>\n<li>Fosfor: 1,0%<\/li>\n<li>Sodiu: 0,3%<\/li>\n<li>Acizi gra\u0219i Omega-3: 0,5%<\/li>\n<li>Acizi gra\u0219i Omega-6: 2,4%<\/li>\n<li>EPA (20:5 n-3): 0,05%<\/li>\n<li>DHA (22:6 n-3): 0,1%<\/li>\n<\/ul>\n<h3>Suplimente nutritive la 1 kg de hran\u0103 super premium pentru c\u0103\u021bei:<\/h3>\n<ul>\n<li>Vitamina A: 23000 UI<\/li>\n<li>Vitamina D3: 1700 UI<\/li>\n<li>Vitamina E: 550 mg<\/li>\n<li>Vitamina C: 350 mg<\/li>\n<li>Taurin\u0103: 1500 mg<\/li>\n<li>Clorura de colina: 1800 mg<\/li>\n<li>L-carnitin\u0103: 300 mg<\/li>\n<li>Vitamina B1: 3 mg<\/li>\n<li>Vitamina B2: 11 mg<\/li>\n<li>Biotin\u0103: 4 mg<\/li>\n<li>Acid folic: 1,4 mg<\/li>\n<li>Vitamina B6: 3 mg<\/li>\n<li>D-pantotenat de calciu: 30 mg<\/li>\n<li>Niacinamid\u0103: 38 mg<\/li>\n<li>Vitamina B12: 0,12 mg<\/li>\n<li>Iod: 0,9 mg<\/li>\n<li>Zinc organic: 100 mg<\/li>\n<li>Mangan organic: 40 mg<\/li>\n<li>Cupru organic: 20 mg<\/li>\n<li>Fier organic: 88 mg<\/li>\n<li>Seleniu organic: 0,18 mg<\/li>\n<li>L-triptofan: 4000 mg<\/li>\n<\/ul>\n<h3>Antioxidan\u021bii din hrana super premium pentru c\u0103\u021bei:<\/h3>\n<p>Con\u021bine antioxidan\u021bi aproba\u021bi de UE: extracte de ulei vegetal de tocoferol (1b306(i)), palmitat de ascorbil (1b304) \u0219i extract de rozmarin.<\/p>\n<h3>Valoarea energetic\u0103 a hranei super premium pentru c\u0103\u021bei:<\/h3>\n<p>4090 kcal\/kg<\/p>\n<h3>Ofer\u0103-i c\u0103\u021belu\u0219ului t\u0103u un viitor s\u0103n\u0103tos cu hrana noastr\u0103 super premium pentru c\u0103\u021bei!<\/h3>","protected":false},"excerpt":{"rendered":"<p>Hrana uscata organica super premium pentru catei si juniori care asigura o crestere sanatoasa, sustinere imunitara si o amprenta redusa de carbon. Ideal pentru toate rasele, con\u021bine proteine foarte digerabile \u0219i nu con\u021bine gluten.<\/p>","protected":false},"featured_media":91329,"comment_status":"closed","ping_status":"closed","template":"","meta":[],"product_brand":[],"product_cat":[136,293,337],"product_tag":[638,324,325,225],"class_list":{"0":"post-83246","1":"product","2":"type-product","3":"status-publish","4":"has-post-thumbnail","6":"product_cat-dog","7":"product_cat-dogfood","8":"product_cat-dogdry","9":"product_tag-brit","10":"product_tag-kuricza","11":"product_tag-suhoj-korm","12":"product_tag-shhenok","13":"pa_age-pet-shhenok","14":"pa_brand-brit-care","15":"pa_breed-size-dlya-vseh-porod","16":"pa_feed-class-super-premium","17":"pa_meat-ingredients-kuricza","18":"pa_packaging-meshok","19":"pa_pet-sobaka","20":"pa_pet-feature-zdorovyj-pitomecz","21":"pa_plant-ingredient-ovsyanye-hlopya","22":"pa_type-feed-suhoj-korm","23":"pa_weight-12-kg","25":"first","26":"instock","27":"sale","28":"shipping-taxable","29":"product-type-simple"},"yoast_head":"<!-- This site is optimized with the Yoast SEO Premium plugin v23.7 (Yoast SEO v27.5) - https:\/\/yoast.com\/product\/yoast-seo-premium-wordpress\/ -->\n<title>Brit Care Dog \u0441\u0443\u0445\u043e\u0439 \u043a\u043e\u0440\u043c \u0434\u043b\u044f \u0449\u0435\u043d\u043a\u043e\u0432 \u0441 \u043a\u0443\u0440\u0438\u0446\u0435\u0439 12 \u043a\u0433<\/title>\n<meta name=\"description\" content=\"\u041a\u0443\u043f\u0438\u0442\u044c Brit Care Dog \u0441\u0443\u0445\u043e\u0439 \u043a\u043e\u0440\u043c \u0434\u043b\u044f \u0449\u0435\u043d\u043a\u043e\u0432 \u0441 \u043a\u0443\u0440\u0438\u0446\u0435\u0439 12 \u043a\u0433 \u0441 \u0434\u043e\u0441\u0442\u0430\u0432\u043a\u043e\u0439 \u043f\u043e \u041a\u0438\u0448\u0438\u043d\u0435\u0432\u0443 \u0438 \u0432\u0441\u0435\u0439 \u041c\u043e\u043b\u0434\u043e\u0432\u0435 \u043d\u0430 Pet24\" \/>\n<meta name=\"robots\" content=\"index, follow, max-snippet:-1, max-image-preview:large, max-video-preview:-1\" \/>\n<link rel=\"canonical\" href=\"https:\/\/pet24.md\/ro\/produs\/korm-dlya-shhenkov-brit-care-dog-s-kuriczej-12-kg\/\" \/>\n<meta property=\"og:locale\" content=\"ro_RO\" \/>\n<meta property=\"og:type\" content=\"article\" \/>\n<meta property=\"og:title\" content=\"Brit Care Dog \u0441\u0443\u0445\u043e\u0439 \u043a\u043e\u0440\u043c \u0434\u043b\u044f \u0449\u0435\u043d\u043a\u043e\u0432 \u0441 \u043a\u0443\u0440\u0438\u0446\u0435\u0439 12 \u043a\u0433\" \/>\n<meta property=\"og:description\" content=\"\u041a\u0443\u043f\u0438\u0442\u044c Brit Care Dog \u0441\u0443\u0445\u043e\u0439 \u043a\u043e\u0440\u043c \u0434\u043b\u044f \u0449\u0435\u043d\u043a\u043e\u0432 \u0441 \u043a\u0443\u0440\u0438\u0446\u0435\u0439 12 \u043a\u0433 \u0441 \u0434\u043e\u0441\u0442\u0430\u0432\u043a\u043e\u0439 \u043f\u043e \u041a\u0438\u0448\u0438\u043d\u0435\u0432\u0443 \u0438 \u0432\u0441\u0435\u0439 \u041c\u043e\u043b\u0434\u043e\u0432\u0435 \u043d\u0430 Pet24\" \/>\n<meta property=\"og:url\" content=\"https:\/\/pet24.md\/ro\/produs\/korm-dlya-shhenkov-brit-care-dog-s-kuriczej-12-kg\/\" \/>\n<meta property=\"og:site_name\" content=\"Pet24\" \/>\n<meta property=\"article:publisher\" content=\"https:\/\/www.facebook.com\/pet24.md\" \/>\n<meta property=\"article:modified_time\" content=\"2024-09-22T22:14:35+00:00\" \/>\n<meta property=\"og:image\" content=\"https:\/\/pet24.md\/wp-content\/uploads\/2024\/07\/korm-dlya-shhenkov-brit-care-dog-s-kuriczej-12-kg-1.png\" \/>\n\t<meta property=\"og:image:width\" content=\"500\" \/>\n\t<meta property=\"og:image:height\" content=\"500\" \/>\n\t<meta property=\"og:image:type\" content=\"image\/png\" \/>\n<meta name=\"twitter:card\" content=\"summary_large_image\" \/>\n<script type=\"application\/ld+json\" class=\"yoast-schema-graph\">{\"@context\":\"https:\\\/\\\/schema.org\",\"@graph\":[{\"@type\":\"WebPage\",\"@id\":\"https:\\\/\\\/pet24.md\\\/product\\\/korm-dlya-shhenkov-brit-care-dog-s-kuriczej-12-kg\\\/\",\"url\":\"https:\\\/\\\/pet24.md\\\/product\\\/korm-dlya-shhenkov-brit-care-dog-s-kuriczej-12-kg\\\/\",\"name\":\"Brit Care Dog \u0441\u0443\u0445\u043e\u0439 \u043a\u043e\u0440\u043c \u0434\u043b\u044f \u0449\u0435\u043d\u043a\u043e\u0432 \u0441 \u043a\u0443\u0440\u0438\u0446\u0435\u0439 12 \u043a\u0433\",\"isPartOf\":{\"@id\":\"https:\\\/\\\/pet24.md\\\/#website\"},\"primaryImageOfPage\":{\"@id\":\"https:\\\/\\\/pet24.md\\\/product\\\/korm-dlya-shhenkov-brit-care-dog-s-kuriczej-12-kg\\\/#primaryimage\"},\"image\":{\"@id\":\"https:\\\/\\\/pet24.md\\\/product\\\/korm-dlya-shhenkov-brit-care-dog-s-kuriczej-12-kg\\\/#primaryimage\"},\"thumbnailUrl\":\"https:\\\/\\\/pet24.md\\\/wp-content\\\/uploads\\\/2024\\\/07\\\/korm-dlya-shhenkov-brit-care-dog-s-kuriczej-12-kg-1.png\",\"datePublished\":\"2024-07-18T09:14:54+00:00\",\"dateModified\":\"2024-09-22T22:14:35+00:00\",\"description\":\"\u041a\u0443\u043f\u0438\u0442\u044c Brit Care Dog \u0441\u0443\u0445\u043e\u0439 \u043a\u043e\u0440\u043c \u0434\u043b\u044f \u0449\u0435\u043d\u043a\u043e\u0432 \u0441 \u043a\u0443\u0440\u0438\u0446\u0435\u0439 12 \u043a\u0433 \u0441 \u0434\u043e\u0441\u0442\u0430\u0432\u043a\u043e\u0439 \u043f\u043e \u041a\u0438\u0448\u0438\u043d\u0435\u0432\u0443 \u0438 \u0432\u0441\u0435\u0439 \u041c\u043e\u043b\u0434\u043e\u0432\u0435 \u043d\u0430 Pet24\",\"breadcrumb\":{\"@id\":\"https:\\\/\\\/pet24.md\\\/product\\\/korm-dlya-shhenkov-brit-care-dog-s-kuriczej-12-kg\\\/#breadcrumb\"},\"inLanguage\":\"ro-RO\",\"potentialAction\":[{\"@type\":\"ReadAction\",\"target\":[\"https:\\\/\\\/pet24.md\\\/product\\\/korm-dlya-shhenkov-brit-care-dog-s-kuriczej-12-kg\\\/\"]}]},{\"@type\":\"ImageObject\",\"inLanguage\":\"ro-RO\",\"@id\":\"https:\\\/\\\/pet24.md\\\/product\\\/korm-dlya-shhenkov-brit-care-dog-s-kuriczej-12-kg\\\/#primaryimage\",\"url\":\"https:\\\/\\\/pet24.md\\\/wp-content\\\/uploads\\\/2024\\\/07\\\/korm-dlya-shhenkov-brit-care-dog-s-kuriczej-12-kg-1.png\",\"contentUrl\":\"https:\\\/\\\/pet24.md\\\/wp-content\\\/uploads\\\/2024\\\/07\\\/korm-dlya-shhenkov-brit-care-dog-s-kuriczej-12-kg-1.png\",\"width\":500,\"height\":500},{\"@type\":\"BreadcrumbList\",\"@id\":\"https:\\\/\\\/pet24.md\\\/product\\\/korm-dlya-shhenkov-brit-care-dog-s-kuriczej-12-kg\\\/#breadcrumb\",\"itemListElement\":[{\"@type\":\"ListItem\",\"position\":1,\"name\":\"\u0413\u043b\u0430\u0432\u043d\u0430\u044f \u0441\u0442\u0440\u0430\u043d\u0438\u0446\u0430\",\"item\":\"https:\\\/\\\/pet24.md\\\/\"},{\"@type\":\"ListItem\",\"position\":2,\"name\":\"\u041c\u0430\u0433\u0430\u0437\u0438\u043d\",\"item\":\"https:\\\/\\\/pet24.md\\\/shop\\\/\"},{\"@type\":\"ListItem\",\"position\":3,\"name\":\"Brit Care Dog \u0441\u0443\u0445\u043e\u0439 \u043a\u043e\u0440\u043c \u0434\u043b\u044f \u0449\u0435\u043d\u043a\u043e\u0432 \u0441 \u043a\u0443\u0440\u0438\u0446\u0435\u0439 12 \u043a\u0433\"}]},{\"@type\":\"WebSite\",\"@id\":\"https:\\\/\\\/pet24.md\\\/#website\",\"url\":\"https:\\\/\\\/pet24.md\\\/\",\"name\":\"Pet24\",\"description\":\"\u0417\u043e\u043e\u043c\u0430\u0433\u0430\u0437\u0438\u043d \u0442\u043e\u0432\u0430\u0440\u043e\u0432 \u0434\u043b\u044f \u0434\u043e\u043c\u0430\u0448\u043d\u0438\u0445 \u043f\u0438\u0442\u043e\u043c\u0446\u0435\u0432\",\"publisher\":{\"@id\":\"https:\\\/\\\/pet24.md\\\/#organization\"},\"potentialAction\":[{\"@type\":\"SearchAction\",\"target\":{\"@type\":\"EntryPoint\",\"urlTemplate\":\"https:\\\/\\\/pet24.md\\\/?s={search_term_string}\"},\"query-input\":{\"@type\":\"PropertyValueSpecification\",\"valueRequired\":true,\"valueName\":\"search_term_string\"}}],\"inLanguage\":\"ro-RO\"},{\"@type\":\"Organization\",\"@id\":\"https:\\\/\\\/pet24.md\\\/#organization\",\"name\":\"Pet24\",\"url\":\"https:\\\/\\\/pet24.md\\\/\",\"logo\":{\"@type\":\"ImageObject\",\"inLanguage\":\"ro-RO\",\"@id\":\"https:\\\/\\\/pet24.md\\\/#\\\/schema\\\/logo\\\/image\\\/\",\"url\":\"https:\\\/\\\/pet24.md\\\/wp-content\\\/uploads\\\/2024\\\/09\\\/logo.svg\",\"contentUrl\":\"https:\\\/\\\/pet24.md\\\/wp-content\\\/uploads\\\/2024\\\/09\\\/logo.svg\",\"width\":215,\"height\":66,\"caption\":\"Pet24\"},\"image\":{\"@id\":\"https:\\\/\\\/pet24.md\\\/#\\\/schema\\\/logo\\\/image\\\/\"},\"sameAs\":[\"https:\\\/\\\/www.facebook.com\\\/pet24.md\",\"https:\\\/\\\/www.instagram.com\\\/pet24.md\\\/\"],\"telephone\":\"+37360508880\"}]}<\/script>\n<!-- \/ Yoast SEO Premium plugin. -->","yoast_head_json":{"title":"Brit Care Dog hrana uscata pentru catei cu pui 3 kg","description":"\u041a\u0443\u043f\u0438\u0442\u044c Brit Care Dog \u0441\u0443\u0445\u043e\u0439 \u043a\u043e\u0440\u043c \u0434\u043b\u044f \u0449\u0435\u043d\u043a\u043e\u0432 \u0441 \u043a\u0443\u0440\u0438\u0446\u0435\u0439 12 \u043a\u0433 \u0441 \u0434\u043e\u0441\u0442\u0430\u0432\u043a\u043e\u0439 \u043f\u043e \u041a\u0438\u0448\u0438\u043d\u0435\u0432\u0443 \u0438 \u0432\u0441\u0435\u0439 \u041c\u043e\u043b\u0434\u043e\u0432\u0435 \u043d\u0430 Pet24","robots":{"index":"index","follow":"follow","max-snippet":"max-snippet:-1","max-image-preview":"max-image-preview:large","max-video-preview":"max-video-preview:-1"},"canonical":"https:\/\/pet24.md\/ro\/produs\/korm-dlya-shhenkov-brit-care-dog-s-kuriczej-12-kg\/","og_locale":"ro_RO","og_type":"article","og_title":"Brit Care Dog \u0441\u0443\u0445\u043e\u0439 \u043a\u043e\u0440\u043c \u0434\u043b\u044f \u0449\u0435\u043d\u043a\u043e\u0432 \u0441 \u043a\u0443\u0440\u0438\u0446\u0435\u0439 12 \u043a\u0433","og_description":"\u041a\u0443\u043f\u0438\u0442\u044c Brit Care Dog \u0441\u0443\u0445\u043e\u0439 \u043a\u043e\u0440\u043c \u0434\u043b\u044f \u0449\u0435\u043d\u043a\u043e\u0432 \u0441 \u043a\u0443\u0440\u0438\u0446\u0435\u0439 12 \u043a\u0433 \u0441 \u0434\u043e\u0441\u0442\u0430\u0432\u043a\u043e\u0439 \u043f\u043e \u041a\u0438\u0448\u0438\u043d\u0435\u0432\u0443 \u0438 \u0432\u0441\u0435\u0439 \u041c\u043e\u043b\u0434\u043e\u0432\u0435 \u043d\u0430 Pet24","og_url":"https:\/\/pet24.md\/ro\/produs\/korm-dlya-shhenkov-brit-care-dog-s-kuriczej-12-kg\/","og_site_name":"Pet24","article_publisher":"https:\/\/www.facebook.com\/pet24.md","article_modified_time":"2024-09-22T22:14:35+00:00","og_image":[{"width":500,"height":500,"url":"https:\/\/pet24.md\/wp-content\/uploads\/2024\/07\/korm-dlya-shhenkov-brit-care-dog-s-kuriczej-12-kg-1.png","type":"image\/png"}],"twitter_card":"summary_large_image","schema":{"@context":"https:\/\/schema.org","@graph":[{"@type":"WebPage","@id":"https:\/\/pet24.md\/product\/korm-dlya-shhenkov-brit-care-dog-s-kuriczej-12-kg\/","url":"https:\/\/pet24.md\/product\/korm-dlya-shhenkov-brit-care-dog-s-kuriczej-12-kg\/","name":"Brit Care Dog hrana uscata pentru catei cu pui 3 kg","isPartOf":{"@id":"https:\/\/pet24.md\/#website"},"primaryImageOfPage":{"@id":"https:\/\/pet24.md\/product\/korm-dlya-shhenkov-brit-care-dog-s-kuriczej-12-kg\/#primaryimage"},"image":{"@id":"https:\/\/pet24.md\/product\/korm-dlya-shhenkov-brit-care-dog-s-kuriczej-12-kg\/#primaryimage"},"thumbnailUrl":"https:\/\/pet24.md\/wp-content\/uploads\/2024\/07\/korm-dlya-shhenkov-brit-care-dog-s-kuriczej-12-kg-1.png","datePublished":"2024-07-18T09:14:54+00:00","dateModified":"2024-09-22T22:14:35+00:00","description":"\u041a\u0443\u043f\u0438\u0442\u044c Brit Care Dog \u0441\u0443\u0445\u043e\u0439 \u043a\u043e\u0440\u043c \u0434\u043b\u044f \u0449\u0435\u043d\u043a\u043e\u0432 \u0441 \u043a\u0443\u0440\u0438\u0446\u0435\u0439 12 \u043a\u0433 \u0441 \u0434\u043e\u0441\u0442\u0430\u0432\u043a\u043e\u0439 \u043f\u043e \u041a\u0438\u0448\u0438\u043d\u0435\u0432\u0443 \u0438 \u0432\u0441\u0435\u0439 \u041c\u043e\u043b\u0434\u043e\u0432\u0435 \u043d\u0430 Pet24","breadcrumb":{"@id":"https:\/\/pet24.md\/product\/korm-dlya-shhenkov-brit-care-dog-s-kuriczej-12-kg\/#breadcrumb"},"inLanguage":"ro-RO","potentialAction":[{"@type":"ReadAction","target":["https:\/\/pet24.md\/product\/korm-dlya-shhenkov-brit-care-dog-s-kuriczej-12-kg\/"]}]},{"@type":"ImageObject","inLanguage":"ro-RO","@id":"https:\/\/pet24.md\/product\/korm-dlya-shhenkov-brit-care-dog-s-kuriczej-12-kg\/#primaryimage","url":"https:\/\/pet24.md\/wp-content\/uploads\/2024\/07\/korm-dlya-shhenkov-brit-care-dog-s-kuriczej-12-kg-1.png","contentUrl":"https:\/\/pet24.md\/wp-content\/uploads\/2024\/07\/korm-dlya-shhenkov-brit-care-dog-s-kuriczej-12-kg-1.png","width":500,"height":500},{"@type":"BreadcrumbList","@id":"https:\/\/pet24.md\/product\/korm-dlya-shhenkov-brit-care-dog-s-kuriczej-12-kg\/#breadcrumb","itemListElement":[{"@type":"ListItem","position":1,"name":"\u0413\u043b\u0430\u0432\u043d\u0430\u044f \u0441\u0442\u0440\u0430\u043d\u0438\u0446\u0430","item":"https:\/\/pet24.md\/"},{"@type":"ListItem","position":2,"name":"\u041c\u0430\u0433\u0430\u0437\u0438\u043d","item":"https:\/\/pet24.md\/shop\/"},{"@type":"ListItem","position":3,"name":"Brit Care Dog \u0441\u0443\u0445\u043e\u0439 \u043a\u043e\u0440\u043c \u0434\u043b\u044f \u0449\u0435\u043d\u043a\u043e\u0432 \u0441 \u043a\u0443\u0440\u0438\u0446\u0435\u0439 12 \u043a\u0433"}]},{"@type":"WebSite","@id":"https:\/\/pet24.md\/#website","url":"https:\/\/pet24.md\/","name":"Pet24","description":"Magazin de animale de companie","publisher":{"@id":"https:\/\/pet24.md\/#organization"},"potentialAction":[{"@type":"SearchAction","target":{"@type":"EntryPoint","urlTemplate":"https:\/\/pet24.md\/?s={search_term_string}"},"query-input":{"@type":"PropertyValueSpecification","valueRequired":true,"valueName":"search_term_string"}}],"inLanguage":"ro-RO"},{"@type":"Organization","@id":"https:\/\/pet24.md\/#organization","name":"Pet24","url":"https:\/\/pet24.md\/","logo":{"@type":"ImageObject","inLanguage":"ro-RO","@id":"https:\/\/pet24.md\/#\/schema\/logo\/image\/","url":"https:\/\/pet24.md\/wp-content\/uploads\/2024\/09\/logo.svg","contentUrl":"https:\/\/pet24.md\/wp-content\/uploads\/2024\/09\/logo.svg","width":215,"height":66,"caption":"Pet24"},"image":{"@id":"https:\/\/pet24.md\/#\/schema\/logo\/image\/"},"sameAs":["https:\/\/www.facebook.com\/pet24.md","https:\/\/www.instagram.com\/pet24.md\/"],"telephone":"+37360508880"}]}},"_links":{"self":[{"href":"https:\/\/pet24.md\/ro\/wp-json\/wp\/v2\/product\/83246","targetHints":{"allow":["GET"]}}],"collection":[{"href":"https:\/\/pet24.md\/ro\/wp-json\/wp\/v2\/product"}],"about":[{"href":"https:\/\/pet24.md\/ro\/wp-json\/wp\/v2\/types\/product"}],"replies":[{"embeddable":true,"href":"https:\/\/pet24.md\/ro\/wp-json\/wp\/v2\/comments?post=83246"}],"wp:featuredmedia":[{"embeddable":true,"href":"https:\/\/pet24.md\/ro\/wp-json\/wp\/v2\/media\/91329"}],"wp:attachment":[{"href":"https:\/\/pet24.md\/ro\/wp-json\/wp\/v2\/media?parent=83246"}],"wp:term":[{"taxonomy":"product_brand","embeddable":true,"href":"https:\/\/pet24.md\/ro\/wp-json\/wp\/v2\/product_brand?post=83246"},{"taxonomy":"product_cat","embeddable":true,"href":"https:\/\/pet24.md\/ro\/wp-json\/wp\/v2\/product_cat?post=83246"},{"taxonomy":"product_tag","embeddable":true,"href":"https:\/\/pet24.md\/ro\/wp-json\/wp\/v2\/product_tag?post=83246"}],"curies":[{"name":"wp","href":"https:\/\/api.w.org\/{rel}","templated":true}]}}